{"id":87,"date":"2014-10-23T09:24:42","date_gmt":"2014-10-23T09:24:42","guid":{"rendered":"http:\/\/xml-io.proteusthemes.com\/buildpress\/?page_id=87"},"modified":"2022-04-21T14:54:44","modified_gmt":"2022-04-21T11:54:44","slug":"etkinlik-muhendisligi","status":"publish","type":"page","link":"https:\/\/rm-mechatronics.com\/tr\/hizmetlerimiz\/etkinlik-muhendisligi\/","title":{"rendered":"Etkinlik M\u00fchendisli\u011fi Hizmetleri"},"content":{"rendered":"<div id=\"pl-87\" class=\"panel-layout\">\n<div id=\"pg-87-0\" class=\"panel-grid panel-no-style\" data-style=\"{&quot;background_display&quot;:&quot;tile&quot;}\">\n<div id=\"pgc-87-0-0\" class=\"panel-grid-cell\" data-weight=\"0.61803399209206\">\n<div id=\"panel-87-0-0-0\" class=\"so-panel widget widget_black-studio-tinymce widget_black_studio_tinymce panel-first-child panel-last-child\" data-index=\"0\" data-style=\"{&quot;background_display&quot;:&quot;tile&quot;}\">\n<div class=\"textwidget\">\n<p>RM Mechatronics olarak festival, konser, veya ticari fuarlar gibi t\u00fcm etkinlikler i\u00e7in teknik planlamas\u0131 ve etkinlik esnas\u0131nda a\u015fa\u011f\u0131da ki hizmeti deneyimli kadrosu ile sunmaktad\u0131r.<\/p>\n<p>Etkinlik \u00d6ncesi Dan\u0131\u015fmanl\u0131k Hizmetleri<\/p>\n<ul>\n<li>Teklif a\u015famas\u0131nda tedarik\u00e7iler taraf\u0131ndan sunulmas\u0131 gerekli t\u00fcm teknik belge,sertifika ve yap\u0131sal raporlar ile ilgili dan\u0131\u015fmanl\u0131k ve sunulan belgelerin ilgili standartlara g\u00f6re kontrol\u00fc hizmeti.<\/li>\n<li>Teklif a\u015famas\u0131nda tedarik\u00e7i sahas\u0131nda bulunan bitmi\u015f \u00fcr\u00fcn veya imalat durumunu belirten d\u00fczenli inspection ve raporlama hizmeti.<\/li>\n<li>Etkinlik alan\u0131 saha de\u011ferlemesi ve saha incelemeleri (r\u00fczgar \u00f6l\u00e7\u00fcmleri, zemin raporu de\u011ferlendirmesi, akustik de\u011ferlendirme vb. m\u00fchendislik raporlamalar\u0131)<\/li>\n<li>Saha yang\u0131n, acil durum eylem plan\u0131, iklimlendirme tesisat\u0131 vb. mekanik tesisat durum, kapasite ve d\u00f6k\u00fcmanlar\u0131n kontrol\u00fc ve raporlamas\u0131<\/li>\n<li>Ge\u00e7ici yap\u0131lar i\u00e7in (Truss, trib\u00fcn, g\u00f6rsel \u00f6\u011fe v.s) ilgili standartlara uygun yap\u0131sal hesaplamalar ve raporlama<\/li>\n<li>Ge\u00e7ici metal yap\u0131, dekor vb. g\u00f6rsel ve ta\u015f\u0131y\u0131c\u0131 sistem tasar\u0131m\u0131 ve statik kontrol\u00fc<\/li>\n<\/ul>\n<p>Etkinlik Esnas\u0131nda Sunulan Dan\u0131\u015fmanl\u0131k Hizmetleri<\/p>\n<ul>\n<li>Tedarik\u00e7i kurulum ve montaj\u0131n\u0131n ilgili uluslaras\u0131 standartlara g\u00f6re teknik kontrolleri ve d\u00fczenli inspection raporlamas\u0131<\/li>\n<li>Tedarik\u00e7i kurulum ve montaj\u0131n\u0131n i\u015f g\u00fcvenli\u011fi kurallar\u0131 ve mevzuat\u0131na g\u00f6re g\u00fcnl\u00fck kontrol\u00fc ve raporlamas\u0131<\/li>\n<li>Truss vb. ge\u00e7ici yap\u0131lar\u0131n r\u00fczgar vb. dinamik y\u00fckler alt\u0131nda anl\u0131k olarak wireless anemometre sistemi yard\u0131m\u0131 ile monit\u00f6rize edilmesi<\/li>\n<li>Anl\u0131k truss kapasite raporlar\u0131<\/li>\n<li>Olas\u0131 kaza k\u0131r\u0131m durumlar\u0131nda, olay yeri raporlamas\u0131<\/li>\n<li>Tedarik\u00e7ilerin teklif esnas\u0131nda beyan ettikleri malzeme ve hizmetin teknik olarak daha \u00f6nceden belirlenecek kriterlere g\u00f6re puantaj\u0131n\u0131n yap\u0131lmas\u0131<\/li>\n<li>Tedarik\u00e7i puantaj tablolar\u0131n\u0131n daha sonraki sat\u0131n almalarda yol g\u00f6stermesi amac\u0131yla raporlanmas\u0131<\/li>\n<li>Olas\u0131 kaza k\u0131r\u0131m durumlar\u0131nda hukuki s\u00fcre\u00e7 dahilinde yap\u0131sal m\u00fchendislik alan\u0131nda dan\u0131\u015fmanl\u0131k<\/li>\n<\/ul>\n<\/div>\n<\/div>\n<\/div>\n<div id=\"pgc-87-0-1\" class=\"panel-grid-cell\" data-weight=\"0.38196600790794\">\n<div id=\"panel-87-0-1-0\" class=\"so-panel widget widget_black-studio-tinymce widget_black_studio_tinymce panel-first-child panel-last-child\" data-index=\"1\" data-style=\"{&quot;background_display&quot;:&quot;tile&quot;}\">\n<div class=\"textwidget\">\n<p><img loading=\"lazy\" decoding=\"async\" class=\"wp-image-2750 size-medium alignleft\" src=\"http:\/\/rm-mechatronics.com\/wp-content\/uploads\/2014\/10\/Staras2-300x174.jpg\" alt=\"\" width=\"300\" height=\"174\" srcset=\"https:\/\/rm-mechatronics.com\/wp-content\/uploads\/2014\/10\/Staras2-300x174.jpg 300w, https:\/\/rm-mechatronics.com\/wp-content\/uploads\/2014\/10\/Staras2-555x321.jpg 555w, https:\/\/rm-mechatronics.com\/wp-content\/uploads\/2014\/10\/Staras2.jpg 648w\" sizes=\"(max-width: 300px) 100vw, 300px\" \/><\/p>\n<p><img loading=\"lazy\" decoding=\"async\" class=\"wp-image-2751 size-medium alignright\" src=\"http:\/\/rm-mechatronics.com\/wp-content\/uploads\/2014\/10\/Staras3-300x183.jpg\" alt=\"\" width=\"300\" height=\"183\" srcset=\"https:\/\/rm-mechatronics.com\/wp-content\/uploads\/2014\/10\/Staras3-300x183.jpg 300w, https:\/\/rm-mechatronics.com\/wp-content\/uploads\/2014\/10\/Staras3-555x338.jpg 555w, https:\/\/rm-mechatronics.com\/wp-content\/uploads\/2014\/10\/Staras3.jpg 612w\" sizes=\"(max-width: 300px) 100vw, 300px\" \/><\/p>\n<\/div>\n<\/div>\n<\/div>\n<\/div>\n<\/div>\n","protected":false},"excerpt":{"rendered":"<p>Festival, konser, veya ticari fuarlar gibi t\u00fcm etkinlikler i\u00e7in teknik planlamas\u0131 ve etkinlik esnas\u0131nda a\u015fa\u011f\u0131da ki hizmeti deneyimli kadrosu ile sunmaktad\u0131r. <\/p>\n","protected":false},"author":2,"featured_media":2750,"parent":49,"menu_order":0,"comment_status":"closed","ping_status":"open","template":"","meta":{"footnotes":""},"acf":[],"yoast_head":"<!-- This site is optimized with the Yoast SEO plugin v19.8 - https:\/\/yoast.com\/wordpress\/plugins\/seo\/ -->\n<title>Etkinlik M\u00fchendisli\u011fi Hizmetleri - RM Mechatronics<\/title>\n<meta name=\"description\" content=\"RM Mechatronics olarak festival, konser, veya ticari fuarlar gibi t\u00fcm etkinlikler i\u00e7in teknik planlamas\u0131 sunmaktad\u0131r.\" \/>\n<meta name=\"robots\" content=\"index, follow, max-snippet:-1, max-image-preview:large, max-video-preview:-1\" \/>\n<link rel=\"canonical\" href=\"https:\/\/rm-mechatronics.com\/tr\/hizmetlerimiz\/etkinlik-muhendisligi\/\" \/>\n<meta name=\"twitter:label1\" content=\"Tahmini okuma s\u00fcresi\" \/>\n\t<meta name=\"twitter:data1\" content=\"2 dakika\" \/>\n<script type=\"application\/ld+json\" class=\"yoast-schema-graph\">{\"@context\":\"https:\/\/schema.org\",\"@graph\":[{\"@type\":\"Article\",\"@id\":\"https:\/\/rm-mechatronics.com\/tr\/hizmetlerimiz\/etkinlik-muhendisligi\/#article\",\"isPartOf\":{\"@id\":\"https:\/\/rm-mechatronics.com\/tr\/hizmetlerimiz\/etkinlik-muhendisligi\/\"},\"author\":{\"name\":\"admin\",\"@id\":\"https:\/\/rm-mechatronics.com\/tr\/#\/schema\/person\/975374cd7539c0f1081340b800a63482\"},\"headline\":\"Etkinlik M\u00fchendisli\u011fi Hizmetleri\",\"datePublished\":\"2014-10-23T09:24:42+00:00\",\"dateModified\":\"2022-04-21T11:54:44+00:00\",\"mainEntityOfPage\":{\"@id\":\"https:\/\/rm-mechatronics.com\/tr\/hizmetlerimiz\/etkinlik-muhendisligi\/\"},\"wordCount\":333,\"publisher\":{\"@id\":\"https:\/\/rm-mechatronics.com\/tr\/#organization\"},\"inLanguage\":\"tr\"},{\"@type\":\"WebPage\",\"@id\":\"https:\/\/rm-mechatronics.com\/tr\/hizmetlerimiz\/etkinlik-muhendisligi\/\",\"url\":\"https:\/\/rm-mechatronics.com\/tr\/hizmetlerimiz\/etkinlik-muhendisligi\/\",\"name\":\"Etkinlik M\u00fchendisli\u011fi Hizmetleri - RM Mechatronics\",\"isPartOf\":{\"@id\":\"https:\/\/rm-mechatronics.com\/tr\/#website\"},\"datePublished\":\"2014-10-23T09:24:42+00:00\",\"dateModified\":\"2022-04-21T11:54:44+00:00\",\"description\":\"RM Mechatronics olarak festival, konser, veya ticari fuarlar gibi t\u00fcm etkinlikler i\u00e7in teknik planlamas\u0131 sunmaktad\u0131r.\",\"breadcrumb\":{\"@id\":\"https:\/\/rm-mechatronics.com\/tr\/hizmetlerimiz\/etkinlik-muhendisligi\/#breadcrumb\"},\"inLanguage\":\"tr\",\"potentialAction\":[{\"@type\":\"ReadAction\",\"target\":[\"https:\/\/rm-mechatronics.com\/tr\/hizmetlerimiz\/etkinlik-muhendisligi\/\"]}]},{\"@type\":\"BreadcrumbList\",\"@id\":\"https:\/\/rm-mechatronics.com\/tr\/hizmetlerimiz\/etkinlik-muhendisligi\/#breadcrumb\",\"itemListElement\":[{\"@type\":\"ListItem\",\"position\":1,\"name\":\"Anasayfa\",\"item\":\"https:\/\/rm-mechatronics.com\/tr\/\"},{\"@type\":\"ListItem\",\"position\":2,\"name\":\"Hizmetlerimiz\",\"item\":\"https:\/\/rm-mechatronics.com\/tr\/hizmetlerimiz\/\"},{\"@type\":\"ListItem\",\"position\":3,\"name\":\"Etkinlik M\u00fchendisli\u011fi Hizmetleri\"}]},{\"@type\":\"WebSite\",\"@id\":\"https:\/\/rm-mechatronics.com\/tr\/#website\",\"url\":\"https:\/\/rm-mechatronics.com\/tr\/\",\"name\":\"RM Mechatronics\",\"description\":\"Kalite Kontrol Denetim ve M\u00fchendislik Hizmetleri\",\"publisher\":{\"@id\":\"https:\/\/rm-mechatronics.com\/tr\/#organization\"},\"potentialAction\":[{\"@type\":\"SearchAction\",\"target\":{\"@type\":\"EntryPoint\",\"urlTemplate\":\"https:\/\/rm-mechatronics.com\/tr\/?s={search_term_string}\"},\"query-input\":\"required name=search_term_string\"}],\"inLanguage\":\"tr\"},{\"@type\":\"Organization\",\"@id\":\"https:\/\/rm-mechatronics.com\/tr\/#organization\",\"name\":\"RM-Mechatronics\",\"url\":\"https:\/\/rm-mechatronics.com\/tr\/\",\"sameAs\":[],\"logo\":{\"@type\":\"ImageObject\",\"inLanguage\":\"tr\",\"@id\":\"https:\/\/rm-mechatronics.com\/tr\/#\/schema\/logo\/image\/\",\"url\":\"https:\/\/rm-mechatronics.com\/wp-content\/uploads\/2020\/08\/small_RM_ORIGINAL-1.png\",\"contentUrl\":\"https:\/\/rm-mechatronics.com\/wp-content\/uploads\/2020\/08\/small_RM_ORIGINAL-1.png\",\"width\":302,\"height\":112,\"caption\":\"RM-Mechatronics\"},\"image\":{\"@id\":\"https:\/\/rm-mechatronics.com\/tr\/#\/schema\/logo\/image\/\"}},{\"@type\":\"Person\",\"@id\":\"https:\/\/rm-mechatronics.com\/tr\/#\/schema\/person\/975374cd7539c0f1081340b800a63482\",\"name\":\"admin\"}]}<\/script>\n<!-- \/ Yoast SEO plugin. -->","yoast_head_json":{"title":"Etkinlik M\u00fchendisli\u011fi Hizmetleri - RM Mechatronics","description":"RM Mechatronics olarak festival, konser, veya ticari fuarlar gibi t\u00fcm etkinlikler i\u00e7in teknik planlamas\u0131 sunmaktad\u0131r.","robots":{"index":"index","follow":"follow","max-snippet":"max-snippet:-1","max-image-preview":"max-image-preview:large","max-video-preview":"max-video-preview:-1"},"canonical":"https:\/\/rm-mechatronics.com\/tr\/hizmetlerimiz\/etkinlik-muhendisligi\/","twitter_misc":{"Tahmini okuma s\u00fcresi":"2 dakika"},"schema":{"@context":"https:\/\/schema.org","@graph":[{"@type":"Article","@id":"https:\/\/rm-mechatronics.com\/tr\/hizmetlerimiz\/etkinlik-muhendisligi\/#article","isPartOf":{"@id":"https:\/\/rm-mechatronics.com\/tr\/hizmetlerimiz\/etkinlik-muhendisligi\/"},"author":{"name":"admin","@id":"https:\/\/rm-mechatronics.com\/tr\/#\/schema\/person\/975374cd7539c0f1081340b800a63482"},"headline":"Etkinlik M\u00fchendisli\u011fi Hizmetleri","datePublished":"2014-10-23T09:24:42+00:00","dateModified":"2022-04-21T11:54:44+00:00","mainEntityOfPage":{"@id":"https:\/\/rm-mechatronics.com\/tr\/hizmetlerimiz\/etkinlik-muhendisligi\/"},"wordCount":333,"publisher":{"@id":"https:\/\/rm-mechatronics.com\/tr\/#organization"},"inLanguage":"tr"},{"@type":"WebPage","@id":"https:\/\/rm-mechatronics.com\/tr\/hizmetlerimiz\/etkinlik-muhendisligi\/","url":"https:\/\/rm-mechatronics.com\/tr\/hizmetlerimiz\/etkinlik-muhendisligi\/","name":"Etkinlik M\u00fchendisli\u011fi Hizmetleri - RM Mechatronics","isPartOf":{"@id":"https:\/\/rm-mechatronics.com\/tr\/#website"},"datePublished":"2014-10-23T09:24:42+00:00","dateModified":"2022-04-21T11:54:44+00:00","description":"RM Mechatronics olarak festival, konser, veya ticari fuarlar gibi t\u00fcm etkinlikler i\u00e7in teknik planlamas\u0131 sunmaktad\u0131r.","breadcrumb":{"@id":"https:\/\/rm-mechatronics.com\/tr\/hizmetlerimiz\/etkinlik-muhendisligi\/#breadcrumb"},"inLanguage":"tr","potentialAction":[{"@type":"ReadAction","target":["https:\/\/rm-mechatronics.com\/tr\/hizmetlerimiz\/etkinlik-muhendisligi\/"]}]},{"@type":"BreadcrumbList","@id":"https:\/\/rm-mechatronics.com\/tr\/hizmetlerimiz\/etkinlik-muhendisligi\/#breadcrumb","itemListElement":[{"@type":"ListItem","position":1,"name":"Anasayfa","item":"https:\/\/rm-mechatronics.com\/tr\/"},{"@type":"ListItem","position":2,"name":"Hizmetlerimiz","item":"https:\/\/rm-mechatronics.com\/tr\/hizmetlerimiz\/"},{"@type":"ListItem","position":3,"name":"Etkinlik M\u00fchendisli\u011fi Hizmetleri"}]},{"@type":"WebSite","@id":"https:\/\/rm-mechatronics.com\/tr\/#website","url":"https:\/\/rm-mechatronics.com\/tr\/","name":"RM Mechatronics","description":"Kalite Kontrol Denetim ve M\u00fchendislik Hizmetleri","publisher":{"@id":"https:\/\/rm-mechatronics.com\/tr\/#organization"},"potentialAction":[{"@type":"SearchAction","target":{"@type":"EntryPoint","urlTemplate":"https:\/\/rm-mechatronics.com\/tr\/?s={search_term_string}"},"query-input":"required name=search_term_string"}],"inLanguage":"tr"},{"@type":"Organization","@id":"https:\/\/rm-mechatronics.com\/tr\/#organization","name":"RM-Mechatronics","url":"https:\/\/rm-mechatronics.com\/tr\/","sameAs":[],"logo":{"@type":"ImageObject","inLanguage":"tr","@id":"https:\/\/rm-mechatronics.com\/tr\/#\/schema\/logo\/image\/","url":"https:\/\/rm-mechatronics.com\/wp-content\/uploads\/2020\/08\/small_RM_ORIGINAL-1.png","contentUrl":"https:\/\/rm-mechatronics.com\/wp-content\/uploads\/2020\/08\/small_RM_ORIGINAL-1.png","width":302,"height":112,"caption":"RM-Mechatronics"},"image":{"@id":"https:\/\/rm-mechatronics.com\/tr\/#\/schema\/logo\/image\/"}},{"@type":"Person","@id":"https:\/\/rm-mechatronics.com\/tr\/#\/schema\/person\/975374cd7539c0f1081340b800a63482","name":"admin"}]}},"_links":{"self":[{"href":"https:\/\/rm-mechatronics.com\/tr\/wp-json\/wp\/v2\/pages\/87"}],"collection":[{"href":"https:\/\/rm-mechatronics.com\/tr\/wp-json\/wp\/v2\/pages"}],"about":[{"href":"https:\/\/rm-mechatronics.com\/tr\/wp-json\/wp\/v2\/types\/page"}],"author":[{"embeddable":true,"href":"https:\/\/rm-mechatronics.com\/tr\/wp-json\/wp\/v2\/users\/2"}],"replies":[{"embeddable":true,"href":"https:\/\/rm-mechatronics.com\/tr\/wp-json\/wp\/v2\/comments?post=87"}],"version-history":[{"count":0,"href":"https:\/\/rm-mechatronics.com\/tr\/wp-json\/wp\/v2\/pages\/87\/revisions"}],"up":[{"embeddable":true,"href":"https:\/\/rm-mechatronics.com\/tr\/wp-json\/wp\/v2\/pages\/49"}],"wp:featuredmedia":[{"embeddable":true,"href":"https:\/\/rm-mechatronics.com\/tr\/wp-json\/wp\/v2\/media\/2750"}],"wp:attachment":[{"href":"https:\/\/rm-mechatronics.com\/tr\/wp-json\/wp\/v2\/media?parent=87"}],"curies":[{"name":"wp","href":"https:\/\/api.w.org\/{rel}","templated":true}]}}