{"id":84,"date":"2014-10-23T09:22:51","date_gmt":"2014-10-23T09:22:51","guid":{"rendered":"http:\/\/xml-io.proteusthemes.com\/buildpress\/?page_id=84"},"modified":"2022-06-29T08:20:08","modified_gmt":"2022-06-29T05:20:08","slug":"olcum-raporlama-hizmetleri","status":"publish","type":"page","link":"https:\/\/rm-mechatronics.com\/tr\/hizmetlerimiz\/olcum-raporlama-hizmetleri\/","title":{"rendered":"\u00d6l\u00e7\u00fcm ve Raporlama Hizmetleri"},"content":{"rendered":"<div id=\"pl-84\" class=\"panel-layout\">\n<div id=\"pg-84-0\" class=\"panel-grid panel-no-style\" data-style=\"{&quot;background_display&quot;:&quot;tile&quot;}\">\n<div id=\"pgc-84-0-0\" class=\"panel-grid-cell\" data-weight=\"0.61803399209206\">\n<div id=\"panel-84-0-0-0\" class=\"so-panel widget widget_black-studio-tinymce widget_black_studio_tinymce panel-first-child panel-last-child\" data-index=\"0\" data-style=\"{&quot;background_display&quot;:&quot;tile&quot;}\">\n<div class=\"textwidget\">\n<p>Etkinlik ve end\u00fcstriyel \u00e7al\u0131\u015fmalarda a\u015fa\u011f\u0131da ki \u00f6l\u00e7\u00fcm ve raporlama hizmetlerini sunmaktay\u0131z.<\/p>\n<ul>\n<li>\u2022Etkinlikler i\u00e7in ger\u00e7ek zamanl\u0131 anl\u0131k r\u00fczgar \u00f6l\u00e7\u00fcm ve truss kapasite kontrol hizmetleri<\/li>\n<li>Lunapark ekipmanlar\u0131 i\u00e7in titre\u015fim \u00f6l\u00e7\u00fcmleri<\/li>\n<li>Lunapark ekipmanlar\u0131 i\u00e7in s\u00fcr\u00fc\u015f deneyimi ve akustik \u00f6l\u00e7\u00fcmlemeler<\/li>\n<li>G\u00fcr\u00fclt\u00fc ve ses seviyesi \u00f6l\u00e7\u00fcmleri<\/li>\n<li>Lunapark ekipmanlar\u0131 i\u00e7in G kuvveti \u00f6l\u00e7\u00fcm\u00fc<\/li>\n<li>Etkinlikler i\u00e7in ayr\u0131nt\u0131l\u0131 zemin et\u00fcd ve de\u011ferlendirme hizmetleri<\/li>\n<\/ul>\n<\/div>\n<\/div>\n<\/div>\n<\/div>\n<\/div>\n","protected":false},"excerpt":{"rendered":"<p>Etkinlik ve end\u00fcstriyel \u00e7al\u0131\u015fmalarda d\u0131\u015f ortamda olu\u015fan r\u00fczgar, g\u00fcr\u00fclt\u00fc \u015fiddeti, G kuvveti mertebesi gibi konularda \u00f6l\u00e7\u00fcm ve raporlama hizmetlerini sunmaktay\u0131z.  <\/p>\n","protected":false},"author":2,"featured_media":3872,"parent":49,"menu_order":0,"comment_status":"closed","ping_status":"open","template":"","meta":{"footnotes":""},"acf":[],"yoast_head":"<!-- This site is optimized with the Yoast SEO plugin v19.8 - https:\/\/yoast.com\/wordpress\/plugins\/seo\/ -->\n<title>\u00d6l\u00e7\u00fcm ve Raporlama Hizmetleri - RM Mechatronics<\/title>\n<meta name=\"description\" content=\"Etkinlik ve end\u00fcstriyel \u00e7al\u0131\u015fmalarda a\u015fa\u011f\u0131da ki \u00f6l\u00e7\u00fcm ve raporlama hizmetlerini sunmaktay\u0131z.\" \/>\n<meta name=\"robots\" content=\"index, follow, max-snippet:-1, max-image-preview:large, max-video-preview:-1\" \/>\n<link rel=\"canonical\" href=\"https:\/\/rm-mechatronics.com\/tr\/hizmetlerimiz\/olcum-raporlama-hizmetleri\/\" \/>\n<script type=\"application\/ld+json\" class=\"yoast-schema-graph\">{\"@context\":\"https:\/\/schema.org\",\"@graph\":[{\"@type\":\"Article\",\"@id\":\"https:\/\/rm-mechatronics.com\/tr\/hizmetlerimiz\/olcum-raporlama-hizmetleri\/#article\",\"isPartOf\":{\"@id\":\"https:\/\/rm-mechatronics.com\/tr\/hizmetlerimiz\/olcum-raporlama-hizmetleri\/\"},\"author\":{\"name\":\"admin\",\"@id\":\"https:\/\/rm-mechatronics.com\/tr\/#\/schema\/person\/975374cd7539c0f1081340b800a63482\"},\"headline\":\"\u00d6l\u00e7\u00fcm ve Raporlama Hizmetleri\",\"datePublished\":\"2014-10-23T09:22:51+00:00\",\"dateModified\":\"2022-06-29T05:20:08+00:00\",\"mainEntityOfPage\":{\"@id\":\"https:\/\/rm-mechatronics.com\/tr\/hizmetlerimiz\/olcum-raporlama-hizmetleri\/\"},\"wordCount\":87,\"publisher\":{\"@id\":\"https:\/\/rm-mechatronics.com\/tr\/#organization\"},\"inLanguage\":\"tr\"},{\"@type\":\"WebPage\",\"@id\":\"https:\/\/rm-mechatronics.com\/tr\/hizmetlerimiz\/olcum-raporlama-hizmetleri\/\",\"url\":\"https:\/\/rm-mechatronics.com\/tr\/hizmetlerimiz\/olcum-raporlama-hizmetleri\/\",\"name\":\"\u00d6l\u00e7\u00fcm ve Raporlama Hizmetleri - RM Mechatronics\",\"isPartOf\":{\"@id\":\"https:\/\/rm-mechatronics.com\/tr\/#website\"},\"datePublished\":\"2014-10-23T09:22:51+00:00\",\"dateModified\":\"2022-06-29T05:20:08+00:00\",\"description\":\"Etkinlik ve end\u00fcstriyel \u00e7al\u0131\u015fmalarda a\u015fa\u011f\u0131da ki \u00f6l\u00e7\u00fcm ve raporlama hizmetlerini sunmaktay\u0131z.\",\"breadcrumb\":{\"@id\":\"https:\/\/rm-mechatronics.com\/tr\/hizmetlerimiz\/olcum-raporlama-hizmetleri\/#breadcrumb\"},\"inLanguage\":\"tr\",\"potentialAction\":[{\"@type\":\"ReadAction\",\"target\":[\"https:\/\/rm-mechatronics.com\/tr\/hizmetlerimiz\/olcum-raporlama-hizmetleri\/\"]}]},{\"@type\":\"BreadcrumbList\",\"@id\":\"https:\/\/rm-mechatronics.com\/tr\/hizmetlerimiz\/olcum-raporlama-hizmetleri\/#breadcrumb\",\"itemListElement\":[{\"@type\":\"ListItem\",\"position\":1,\"name\":\"Anasayfa\",\"item\":\"https:\/\/rm-mechatronics.com\/tr\/\"},{\"@type\":\"ListItem\",\"position\":2,\"name\":\"Hizmetlerimiz\",\"item\":\"https:\/\/rm-mechatronics.com\/tr\/hizmetlerimiz\/\"},{\"@type\":\"ListItem\",\"position\":3,\"name\":\"\u00d6l\u00e7\u00fcm ve Raporlama Hizmetleri\"}]},{\"@type\":\"WebSite\",\"@id\":\"https:\/\/rm-mechatronics.com\/tr\/#website\",\"url\":\"https:\/\/rm-mechatronics.com\/tr\/\",\"name\":\"RM Mechatronics\",\"description\":\"Kalite Kontrol Denetim ve M\u00fchendislik Hizmetleri\",\"publisher\":{\"@id\":\"https:\/\/rm-mechatronics.com\/tr\/#organization\"},\"potentialAction\":[{\"@type\":\"SearchAction\",\"target\":{\"@type\":\"EntryPoint\",\"urlTemplate\":\"https:\/\/rm-mechatronics.com\/tr\/?s={search_term_string}\"},\"query-input\":\"required name=search_term_string\"}],\"inLanguage\":\"tr\"},{\"@type\":\"Organization\",\"@id\":\"https:\/\/rm-mechatronics.com\/tr\/#organization\",\"name\":\"RM-Mechatronics\",\"url\":\"https:\/\/rm-mechatronics.com\/tr\/\",\"sameAs\":[],\"logo\":{\"@type\":\"ImageObject\",\"inLanguage\":\"tr\",\"@id\":\"https:\/\/rm-mechatronics.com\/tr\/#\/schema\/logo\/image\/\",\"url\":\"https:\/\/rm-mechatronics.com\/wp-content\/uploads\/2020\/08\/small_RM_ORIGINAL-1.png\",\"contentUrl\":\"https:\/\/rm-mechatronics.com\/wp-content\/uploads\/2020\/08\/small_RM_ORIGINAL-1.png\",\"width\":302,\"height\":112,\"caption\":\"RM-Mechatronics\"},\"image\":{\"@id\":\"https:\/\/rm-mechatronics.com\/tr\/#\/schema\/logo\/image\/\"}},{\"@type\":\"Person\",\"@id\":\"https:\/\/rm-mechatronics.com\/tr\/#\/schema\/person\/975374cd7539c0f1081340b800a63482\",\"name\":\"admin\"}]}<\/script>\n<!-- \/ Yoast SEO plugin. -->","yoast_head_json":{"title":"\u00d6l\u00e7\u00fcm ve Raporlama Hizmetleri - RM Mechatronics","description":"Etkinlik ve end\u00fcstriyel \u00e7al\u0131\u015fmalarda a\u015fa\u011f\u0131da ki \u00f6l\u00e7\u00fcm ve raporlama hizmetlerini sunmaktay\u0131z.","robots":{"index":"index","follow":"follow","max-snippet":"max-snippet:-1","max-image-preview":"max-image-preview:large","max-video-preview":"max-video-preview:-1"},"canonical":"https:\/\/rm-mechatronics.com\/tr\/hizmetlerimiz\/olcum-raporlama-hizmetleri\/","schema":{"@context":"https:\/\/schema.org","@graph":[{"@type":"Article","@id":"https:\/\/rm-mechatronics.com\/tr\/hizmetlerimiz\/olcum-raporlama-hizmetleri\/#article","isPartOf":{"@id":"https:\/\/rm-mechatronics.com\/tr\/hizmetlerimiz\/olcum-raporlama-hizmetleri\/"},"author":{"name":"admin","@id":"https:\/\/rm-mechatronics.com\/tr\/#\/schema\/person\/975374cd7539c0f1081340b800a63482"},"headline":"\u00d6l\u00e7\u00fcm ve Raporlama Hizmetleri","datePublished":"2014-10-23T09:22:51+00:00","dateModified":"2022-06-29T05:20:08+00:00","mainEntityOfPage":{"@id":"https:\/\/rm-mechatronics.com\/tr\/hizmetlerimiz\/olcum-raporlama-hizmetleri\/"},"wordCount":87,"publisher":{"@id":"https:\/\/rm-mechatronics.com\/tr\/#organization"},"inLanguage":"tr"},{"@type":"WebPage","@id":"https:\/\/rm-mechatronics.com\/tr\/hizmetlerimiz\/olcum-raporlama-hizmetleri\/","url":"https:\/\/rm-mechatronics.com\/tr\/hizmetlerimiz\/olcum-raporlama-hizmetleri\/","name":"\u00d6l\u00e7\u00fcm ve Raporlama Hizmetleri - RM Mechatronics","isPartOf":{"@id":"https:\/\/rm-mechatronics.com\/tr\/#website"},"datePublished":"2014-10-23T09:22:51+00:00","dateModified":"2022-06-29T05:20:08+00:00","description":"Etkinlik ve end\u00fcstriyel \u00e7al\u0131\u015fmalarda a\u015fa\u011f\u0131da ki \u00f6l\u00e7\u00fcm ve raporlama hizmetlerini sunmaktay\u0131z.","breadcrumb":{"@id":"https:\/\/rm-mechatronics.com\/tr\/hizmetlerimiz\/olcum-raporlama-hizmetleri\/#breadcrumb"},"inLanguage":"tr","potentialAction":[{"@type":"ReadAction","target":["https:\/\/rm-mechatronics.com\/tr\/hizmetlerimiz\/olcum-raporlama-hizmetleri\/"]}]},{"@type":"BreadcrumbList","@id":"https:\/\/rm-mechatronics.com\/tr\/hizmetlerimiz\/olcum-raporlama-hizmetleri\/#breadcrumb","itemListElement":[{"@type":"ListItem","position":1,"name":"Anasayfa","item":"https:\/\/rm-mechatronics.com\/tr\/"},{"@type":"ListItem","position":2,"name":"Hizmetlerimiz","item":"https:\/\/rm-mechatronics.com\/tr\/hizmetlerimiz\/"},{"@type":"ListItem","position":3,"name":"\u00d6l\u00e7\u00fcm ve Raporlama Hizmetleri"}]},{"@type":"WebSite","@id":"https:\/\/rm-mechatronics.com\/tr\/#website","url":"https:\/\/rm-mechatronics.com\/tr\/","name":"RM Mechatronics","description":"Kalite Kontrol Denetim ve M\u00fchendislik Hizmetleri","publisher":{"@id":"https:\/\/rm-mechatronics.com\/tr\/#organization"},"potentialAction":[{"@type":"SearchAction","target":{"@type":"EntryPoint","urlTemplate":"https:\/\/rm-mechatronics.com\/tr\/?s={search_term_string}"},"query-input":"required name=search_term_string"}],"inLanguage":"tr"},{"@type":"Organization","@id":"https:\/\/rm-mechatronics.com\/tr\/#organization","name":"RM-Mechatronics","url":"https:\/\/rm-mechatronics.com\/tr\/","sameAs":[],"logo":{"@type":"ImageObject","inLanguage":"tr","@id":"https:\/\/rm-mechatronics.com\/tr\/#\/schema\/logo\/image\/","url":"https:\/\/rm-mechatronics.com\/wp-content\/uploads\/2020\/08\/small_RM_ORIGINAL-1.png","contentUrl":"https:\/\/rm-mechatronics.com\/wp-content\/uploads\/2020\/08\/small_RM_ORIGINAL-1.png","width":302,"height":112,"caption":"RM-Mechatronics"},"image":{"@id":"https:\/\/rm-mechatronics.com\/tr\/#\/schema\/logo\/image\/"}},{"@type":"Person","@id":"https:\/\/rm-mechatronics.com\/tr\/#\/schema\/person\/975374cd7539c0f1081340b800a63482","name":"admin"}]}},"_links":{"self":[{"href":"https:\/\/rm-mechatronics.com\/tr\/wp-json\/wp\/v2\/pages\/84"}],"collection":[{"href":"https:\/\/rm-mechatronics.com\/tr\/wp-json\/wp\/v2\/pages"}],"about":[{"href":"https:\/\/rm-mechatronics.com\/tr\/wp-json\/wp\/v2\/types\/page"}],"author":[{"embeddable":true,"href":"https:\/\/rm-mechatronics.com\/tr\/wp-json\/wp\/v2\/users\/2"}],"replies":[{"embeddable":true,"href":"https:\/\/rm-mechatronics.com\/tr\/wp-json\/wp\/v2\/comments?post=84"}],"version-history":[{"count":0,"href":"https:\/\/rm-mechatronics.com\/tr\/wp-json\/wp\/v2\/pages\/84\/revisions"}],"up":[{"embeddable":true,"href":"https:\/\/rm-mechatronics.com\/tr\/wp-json\/wp\/v2\/pages\/49"}],"wp:featuredmedia":[{"embeddable":true,"href":"https:\/\/rm-mechatronics.com\/tr\/wp-json\/wp\/v2\/media\/3872"}],"wp:attachment":[{"href":"https:\/\/rm-mechatronics.com\/tr\/wp-json\/wp\/v2\/media?parent=84"}],"curies":[{"name":"wp","href":"https:\/\/api.w.org\/{rel}","templated":true}]}}