{"id":73,"date":"2014-10-23T09:16:50","date_gmt":"2014-10-23T09:16:50","guid":{"rendered":"http:\/\/xml-io.proteusthemes.com\/buildpress\/?page_id=73"},"modified":"2022-06-29T08:44:25","modified_gmt":"2022-06-29T05:44:25","slug":"egitim-hizmetleri","status":"publish","type":"page","link":"https:\/\/rm-mechatronics.com\/tr\/hizmetlerimiz\/egitim-hizmetleri\/","title":{"rendered":"E\u011fitim Hizmetleri"},"content":{"rendered":"<div id=\"pl-73\" class=\"panel-layout\">\n<div id=\"pg-73-0\" class=\"panel-grid panel-no-style\" data-style=\"{&quot;background_display&quot;:&quot;tile&quot;}\">\n<div id=\"pgc-73-0-0\" class=\"panel-grid-cell\" data-weight=\"0.61803399209206\">\n<div id=\"panel-73-0-0-0\" class=\"so-panel widget widget_black-studio-tinymce widget_black_studio_tinymce panel-first-child panel-last-child\" data-index=\"0\" data-style=\"{&quot;background_display&quot;:&quot;tile&quot;}\">\n<div class=\"textwidget\">\n<p><img loading=\"lazy\" decoding=\"async\" class=\"size-medium wp-image-3890 alignleft\" src=\"https:\/\/rm-mechatronics.com\/wp-content\/uploads\/2022\/06\/Egitim-300x221.gif\" alt=\"\" width=\"300\" height=\"221\" srcset=\"https:\/\/rm-mechatronics.com\/wp-content\/uploads\/2022\/06\/Egitim-300x221.gif 300w, https:\/\/rm-mechatronics.com\/wp-content\/uploads\/2022\/06\/Egitim-555x409.gif 555w, https:\/\/rm-mechatronics.com\/wp-content\/uploads\/2022\/06\/Egitim-100x75.gif 100w\" sizes=\"(max-width: 300px) 100vw, 300px\" \/>RM Mechatronics b\u00fcnyesindeki e\u011fitim hizmetlerimiz, insan kaynaklar\u0131 ile en son teknolojiyi birbirine ba\u011flayacak \u015fekilde geli\u015ftirilmi\u015ftir. E\u011fitim program\u0131m\u0131z\u0131n teorisi ve i\u00e7erikleri kolayca anla\u015f\u0131labilir ve kat\u0131l\u0131mc\u0131lar\u0131n pratik hayatta kullanabilecekleri \u015fekilde dizayn edilmi\u015ftir. Kat\u0131ld\u0131\u011f\u0131n\u0131z e\u011fitimlerin ya da sat\u0131n ald\u0131\u011f\u0131n\u0131z e\u011fitim mod\u00fcllerinin sizin ve \u00e7al\u0131\u015fanlar\u0131n\u0131z i\u00e7in maksimum fayda sa\u011flamas\u0131 i\u00e7in ki\u015fisel tecr\u00fcbelerinizle harmanlanmas\u0131 gerekmektedir. Bu noktada uzman RM Mechatronics e\u011fitim birimi personelleri olduk\u00e7a yo\u011fun teori derslerinin yan\u0131 s\u0131ra uygulamal\u0131 pratik e\u011fitim de sa\u011flamaktad\u0131r.<\/p>\n<p>Kat\u0131l\u0131mc\u0131lar\u0131m\u0131z\u0131n t\u00fcm kariyer yolculu\u011fu boyunca rehber olarak yararlanabilecekleri, dikkatlice olu\u015fturulmu\u015f teorik ve uygulamal\u0131 ders i\u00e7erikleri olu\u015fturulmu\u015ftur. Uygulamal\u0131 dersler end\u00fcstriyel standartlara uygun tam donan\u0131ml\u0131 laboratuvarlarda yap\u0131lmaktad\u0131r. Kat\u0131l\u0131mc\u0131lar\u0131m\u0131z e\u011fitim mod\u00fcllerini ve sertifika derslerini tamamlad\u0131ktan sonra, t\u00fcm sa\u011flad\u0131\u011f\u0131m\u0131z e\u011fitim mod\u00fcllerindeki y\u00f6ntemlerde uzmanl\u0131\u011f\u0131 bulunan \u00f6zelle\u015fmi\u015f teknisyenlerden sonra sekt\u00f6rde a\u00e7\u0131k ara farkla aranan ki\u015filer olacaklard\u0131r.<\/p>\n<p>RM Mechatronics e\u011fitim birimi taraf\u0131ndan verilen baz\u0131 teknik e\u011fitimler a\u015fa\u011f\u0131da belirtilmi\u015ftir.<\/p>\n<ul>\n<li>Kaynak E\u011fitimleri<\/li>\n<li>Kaynak\u00e7\u0131 E\u011fitimi<\/li>\n<li>Tahribats\u0131z Test E\u011fitimleri<\/li>\n<li>Kalite Y\u00f6netim Sistemleri<\/li>\n<li>EN 3834 E\u011fitimleri verilmektedir.<\/li>\n<\/ul>\n<\/div>\n<\/div>\n<\/div>\n<div id=\"pgc-73-0-1\" class=\"panel-grid-cell\" data-weight=\"0.38196600790794\">\n<div id=\"panel-73-0-1-0\" class=\"so-panel widget widget_black-studio-tinymce widget_black_studio_tinymce panel-first-child panel-last-child\" data-index=\"1\" data-style=\"{&quot;background_display&quot;:&quot;tile&quot;}\">\n<div class=\"textwidget\">\n<p>&nbsp;<\/p>\n<\/div>\n<\/div>\n<\/div>\n<\/div>\n<\/div>\n","protected":false},"excerpt":{"rendered":"<p>Ba\u015fta etkinlik ve lunapark makineleri olmak \u00fczere uzmanl\u0131\u011f\u0131m\u0131z kapsam\u0131nda ki t\u00fcm end\u00fcstriyel alanlarda e\u011fitim hizmetleri sa\u011flamaktay\u0131z. <\/p>\n","protected":false},"author":2,"featured_media":3890,"parent":49,"menu_order":0,"comment_status":"closed","ping_status":"open","template":"","meta":{"footnotes":""},"acf":[],"yoast_head":"<!-- This site is optimized with the Yoast SEO plugin v19.8 - https:\/\/yoast.com\/wordpress\/plugins\/seo\/ -->\n<title>E\u011fitim Hizmetleri - RM Mechatronics<\/title>\n<meta name=\"description\" content=\"RM Mechatronics b\u00fcnyesindeki e\u011fitim hizmetlerimiz, insan kaynaklar\u0131 ile en son teknolojiyi birbirine ba\u011flayacak \u015fekilde geli\u015ftirilmi\u015ftir.\" \/>\n<meta name=\"robots\" content=\"index, follow, max-snippet:-1, max-image-preview:large, max-video-preview:-1\" \/>\n<link rel=\"canonical\" href=\"https:\/\/rm-mechatronics.com\/tr\/hizmetlerimiz\/egitim-hizmetleri\/\" \/>\n<meta name=\"twitter:label1\" content=\"Tahmini okuma s\u00fcresi\" \/>\n\t<meta name=\"twitter:data1\" content=\"2 dakika\" \/>\n<script type=\"application\/ld+json\" class=\"yoast-schema-graph\">{\"@context\":\"https:\/\/schema.org\",\"@graph\":[{\"@type\":\"Article\",\"@id\":\"https:\/\/rm-mechatronics.com\/tr\/hizmetlerimiz\/egitim-hizmetleri\/#article\",\"isPartOf\":{\"@id\":\"https:\/\/rm-mechatronics.com\/tr\/hizmetlerimiz\/egitim-hizmetleri\/\"},\"author\":{\"name\":\"admin\",\"@id\":\"https:\/\/rm-mechatronics.com\/tr\/#\/schema\/person\/975374cd7539c0f1081340b800a63482\"},\"headline\":\"E\u011fitim Hizmetleri\",\"datePublished\":\"2014-10-23T09:16:50+00:00\",\"dateModified\":\"2022-06-29T05:44:25+00:00\",\"mainEntityOfPage\":{\"@id\":\"https:\/\/rm-mechatronics.com\/tr\/hizmetlerimiz\/egitim-hizmetleri\/\"},\"wordCount\":235,\"publisher\":{\"@id\":\"https:\/\/rm-mechatronics.com\/tr\/#organization\"},\"inLanguage\":\"tr\"},{\"@type\":\"WebPage\",\"@id\":\"https:\/\/rm-mechatronics.com\/tr\/hizmetlerimiz\/egitim-hizmetleri\/\",\"url\":\"https:\/\/rm-mechatronics.com\/tr\/hizmetlerimiz\/egitim-hizmetleri\/\",\"name\":\"E\u011fitim Hizmetleri - RM Mechatronics\",\"isPartOf\":{\"@id\":\"https:\/\/rm-mechatronics.com\/tr\/#website\"},\"datePublished\":\"2014-10-23T09:16:50+00:00\",\"dateModified\":\"2022-06-29T05:44:25+00:00\",\"description\":\"RM Mechatronics b\u00fcnyesindeki e\u011fitim hizmetlerimiz, insan kaynaklar\u0131 ile en son teknolojiyi birbirine ba\u011flayacak \u015fekilde geli\u015ftirilmi\u015ftir.\",\"breadcrumb\":{\"@id\":\"https:\/\/rm-mechatronics.com\/tr\/hizmetlerimiz\/egitim-hizmetleri\/#breadcrumb\"},\"inLanguage\":\"tr\",\"potentialAction\":[{\"@type\":\"ReadAction\",\"target\":[\"https:\/\/rm-mechatronics.com\/tr\/hizmetlerimiz\/egitim-hizmetleri\/\"]}]},{\"@type\":\"BreadcrumbList\",\"@id\":\"https:\/\/rm-mechatronics.com\/tr\/hizmetlerimiz\/egitim-hizmetleri\/#breadcrumb\",\"itemListElement\":[{\"@type\":\"ListItem\",\"position\":1,\"name\":\"Anasayfa\",\"item\":\"https:\/\/rm-mechatronics.com\/tr\/\"},{\"@type\":\"ListItem\",\"position\":2,\"name\":\"Hizmetlerimiz\",\"item\":\"https:\/\/rm-mechatronics.com\/tr\/hizmetlerimiz\/\"},{\"@type\":\"ListItem\",\"position\":3,\"name\":\"E\u011fitim Hizmetleri\"}]},{\"@type\":\"WebSite\",\"@id\":\"https:\/\/rm-mechatronics.com\/tr\/#website\",\"url\":\"https:\/\/rm-mechatronics.com\/tr\/\",\"name\":\"RM Mechatronics\",\"description\":\"Kalite Kontrol Denetim ve M\u00fchendislik Hizmetleri\",\"publisher\":{\"@id\":\"https:\/\/rm-mechatronics.com\/tr\/#organization\"},\"potentialAction\":[{\"@type\":\"SearchAction\",\"target\":{\"@type\":\"EntryPoint\",\"urlTemplate\":\"https:\/\/rm-mechatronics.com\/tr\/?s={search_term_string}\"},\"query-input\":\"required name=search_term_string\"}],\"inLanguage\":\"tr\"},{\"@type\":\"Organization\",\"@id\":\"https:\/\/rm-mechatronics.com\/tr\/#organization\",\"name\":\"RM-Mechatronics\",\"url\":\"https:\/\/rm-mechatronics.com\/tr\/\",\"sameAs\":[],\"logo\":{\"@type\":\"ImageObject\",\"inLanguage\":\"tr\",\"@id\":\"https:\/\/rm-mechatronics.com\/tr\/#\/schema\/logo\/image\/\",\"url\":\"https:\/\/rm-mechatronics.com\/wp-content\/uploads\/2020\/08\/small_RM_ORIGINAL-1.png\",\"contentUrl\":\"https:\/\/rm-mechatronics.com\/wp-content\/uploads\/2020\/08\/small_RM_ORIGINAL-1.png\",\"width\":302,\"height\":112,\"caption\":\"RM-Mechatronics\"},\"image\":{\"@id\":\"https:\/\/rm-mechatronics.com\/tr\/#\/schema\/logo\/image\/\"}},{\"@type\":\"Person\",\"@id\":\"https:\/\/rm-mechatronics.com\/tr\/#\/schema\/person\/975374cd7539c0f1081340b800a63482\",\"name\":\"admin\"}]}<\/script>\n<!-- \/ Yoast SEO plugin. -->","yoast_head_json":{"title":"E\u011fitim Hizmetleri - RM Mechatronics","description":"RM Mechatronics b\u00fcnyesindeki e\u011fitim hizmetlerimiz, insan kaynaklar\u0131 ile en son teknolojiyi birbirine ba\u011flayacak \u015fekilde geli\u015ftirilmi\u015ftir.","robots":{"index":"index","follow":"follow","max-snippet":"max-snippet:-1","max-image-preview":"max-image-preview:large","max-video-preview":"max-video-preview:-1"},"canonical":"https:\/\/rm-mechatronics.com\/tr\/hizmetlerimiz\/egitim-hizmetleri\/","twitter_misc":{"Tahmini okuma s\u00fcresi":"2 dakika"},"schema":{"@context":"https:\/\/schema.org","@graph":[{"@type":"Article","@id":"https:\/\/rm-mechatronics.com\/tr\/hizmetlerimiz\/egitim-hizmetleri\/#article","isPartOf":{"@id":"https:\/\/rm-mechatronics.com\/tr\/hizmetlerimiz\/egitim-hizmetleri\/"},"author":{"name":"admin","@id":"https:\/\/rm-mechatronics.com\/tr\/#\/schema\/person\/975374cd7539c0f1081340b800a63482"},"headline":"E\u011fitim Hizmetleri","datePublished":"2014-10-23T09:16:50+00:00","dateModified":"2022-06-29T05:44:25+00:00","mainEntityOfPage":{"@id":"https:\/\/rm-mechatronics.com\/tr\/hizmetlerimiz\/egitim-hizmetleri\/"},"wordCount":235,"publisher":{"@id":"https:\/\/rm-mechatronics.com\/tr\/#organization"},"inLanguage":"tr"},{"@type":"WebPage","@id":"https:\/\/rm-mechatronics.com\/tr\/hizmetlerimiz\/egitim-hizmetleri\/","url":"https:\/\/rm-mechatronics.com\/tr\/hizmetlerimiz\/egitim-hizmetleri\/","name":"E\u011fitim Hizmetleri - RM Mechatronics","isPartOf":{"@id":"https:\/\/rm-mechatronics.com\/tr\/#website"},"datePublished":"2014-10-23T09:16:50+00:00","dateModified":"2022-06-29T05:44:25+00:00","description":"RM Mechatronics b\u00fcnyesindeki e\u011fitim hizmetlerimiz, insan kaynaklar\u0131 ile en son teknolojiyi birbirine ba\u011flayacak \u015fekilde geli\u015ftirilmi\u015ftir.","breadcrumb":{"@id":"https:\/\/rm-mechatronics.com\/tr\/hizmetlerimiz\/egitim-hizmetleri\/#breadcrumb"},"inLanguage":"tr","potentialAction":[{"@type":"ReadAction","target":["https:\/\/rm-mechatronics.com\/tr\/hizmetlerimiz\/egitim-hizmetleri\/"]}]},{"@type":"BreadcrumbList","@id":"https:\/\/rm-mechatronics.com\/tr\/hizmetlerimiz\/egitim-hizmetleri\/#breadcrumb","itemListElement":[{"@type":"ListItem","position":1,"name":"Anasayfa","item":"https:\/\/rm-mechatronics.com\/tr\/"},{"@type":"ListItem","position":2,"name":"Hizmetlerimiz","item":"https:\/\/rm-mechatronics.com\/tr\/hizmetlerimiz\/"},{"@type":"ListItem","position":3,"name":"E\u011fitim Hizmetleri"}]},{"@type":"WebSite","@id":"https:\/\/rm-mechatronics.com\/tr\/#website","url":"https:\/\/rm-mechatronics.com\/tr\/","name":"RM Mechatronics","description":"Kalite Kontrol Denetim ve M\u00fchendislik Hizmetleri","publisher":{"@id":"https:\/\/rm-mechatronics.com\/tr\/#organization"},"potentialAction":[{"@type":"SearchAction","target":{"@type":"EntryPoint","urlTemplate":"https:\/\/rm-mechatronics.com\/tr\/?s={search_term_string}"},"query-input":"required name=search_term_string"}],"inLanguage":"tr"},{"@type":"Organization","@id":"https:\/\/rm-mechatronics.com\/tr\/#organization","name":"RM-Mechatronics","url":"https:\/\/rm-mechatronics.com\/tr\/","sameAs":[],"logo":{"@type":"ImageObject","inLanguage":"tr","@id":"https:\/\/rm-mechatronics.com\/tr\/#\/schema\/logo\/image\/","url":"https:\/\/rm-mechatronics.com\/wp-content\/uploads\/2020\/08\/small_RM_ORIGINAL-1.png","contentUrl":"https:\/\/rm-mechatronics.com\/wp-content\/uploads\/2020\/08\/small_RM_ORIGINAL-1.png","width":302,"height":112,"caption":"RM-Mechatronics"},"image":{"@id":"https:\/\/rm-mechatronics.com\/tr\/#\/schema\/logo\/image\/"}},{"@type":"Person","@id":"https:\/\/rm-mechatronics.com\/tr\/#\/schema\/person\/975374cd7539c0f1081340b800a63482","name":"admin"}]}},"_links":{"self":[{"href":"https:\/\/rm-mechatronics.com\/tr\/wp-json\/wp\/v2\/pages\/73"}],"collection":[{"href":"https:\/\/rm-mechatronics.com\/tr\/wp-json\/wp\/v2\/pages"}],"about":[{"href":"https:\/\/rm-mechatronics.com\/tr\/wp-json\/wp\/v2\/types\/page"}],"author":[{"embeddable":true,"href":"https:\/\/rm-mechatronics.com\/tr\/wp-json\/wp\/v2\/users\/2"}],"replies":[{"embeddable":true,"href":"https:\/\/rm-mechatronics.com\/tr\/wp-json\/wp\/v2\/comments?post=73"}],"version-history":[{"count":0,"href":"https:\/\/rm-mechatronics.com\/tr\/wp-json\/wp\/v2\/pages\/73\/revisions"}],"up":[{"embeddable":true,"href":"https:\/\/rm-mechatronics.com\/tr\/wp-json\/wp\/v2\/pages\/49"}],"wp:featuredmedia":[{"embeddable":true,"href":"https:\/\/rm-mechatronics.com\/tr\/wp-json\/wp\/v2\/media\/3890"}],"wp:attachment":[{"href":"https:\/\/rm-mechatronics.com\/tr\/wp-json\/wp\/v2\/media?parent=73"}],"curies":[{"name":"wp","href":"https:\/\/api.w.org\/{rel}","templated":true}]}}