{"id":71,"date":"2014-10-23T09:16:12","date_gmt":"2014-10-23T09:16:12","guid":{"rendered":"http:\/\/xml-io.proteusthemes.com\/buildpress\/?page_id=71"},"modified":"2022-04-21T14:56:10","modified_gmt":"2022-04-21T11:56:10","slug":"danismanlik-hizmetleri","status":"publish","type":"page","link":"https:\/\/rm-mechatronics.com\/tr\/hizmetlerimiz\/danismanlik-hizmetleri\/","title":{"rendered":"Teknik Dan\u0131\u015fmanl\u0131k Hizmetleri"},"content":{"rendered":"<div id=\"pl-71\" class=\"panel-layout\">\n<div id=\"pg-71-0\" class=\"panel-grid panel-no-style\">\n<div id=\"pgc-71-0-0\" class=\"panel-grid-cell\" data-weight=\"0.5\">\n<div id=\"panel-71-0-0-0\" class=\"so-panel widget widget_black-studio-tinymce widget_black_studio_tinymce panel-first-child panel-last-child\" data-index=\"0\" data-style=\"{&quot;background_display&quot;:&quot;tile&quot;}\">\n<div class=\"textwidget\">\n<p>RM Mechatronics olarak a\u015fa\u011f\u0131da ki hususlarda teknik dan\u0131\u015fmanl\u0131k faaliyetleri y\u00fcr\u00fctmekteyiz.<\/p>\n<ul>\n<li>Resmi makamlara dan\u0131\u015fmanl\u0131k<\/li>\n<li>\u00dcreticiler i\u00e7in dan\u0131\u015fmanl\u0131k<\/li>\n<li>Dan\u0131\u015fmanlar i\u00e7in dan\u0131\u015fmanl\u0131k<\/li>\n<li>Risk de\u011ferlendirmesi<\/li>\n<li>Ar\u0131za ve kaza ve k\u0131r\u0131m soru\u015fturmalar\u0131<\/li>\n<li>\u0130malat ve servis \u00f6mr\u00fc boyunca kalite kontrol\u00fc<\/li>\n<li>Hukuki konularda uzman tavsiyesi<\/li>\n<li>Sat\u0131n alma m\u00fczakerelerinde teknik yard\u0131m<\/li>\n<\/ul>\n<\/div>\n<\/div>\n<\/div>\n<div id=\"pgc-71-0-1\" class=\"panel-grid-cell\" data-weight=\"0.5\">\n<div id=\"panel-71-0-1-0\" class=\"so-panel widget widget_black-studio-tinymce widget_black_studio_tinymce panel-first-child panel-last-child\" data-index=\"1\" data-style=\"{&quot;background_image_attachment&quot;:false,&quot;background_display&quot;:&quot;tile&quot;}\"><\/div>\n<\/div>\n<\/div>\n<\/div>\n","protected":false},"excerpt":{"rendered":"<p>Hukuki konularda uzman tavsiyesi, sat\u0131n alma m\u00fczakerelerinde teknik yard\u0131m gibi ihtiyac\u0131n\u0131z olacak teknik konularda dan\u0131\u015fmanl\u0131k hizmetleri sunmaktay\u0131z.<\/p>\n","protected":false},"author":2,"featured_media":200,"parent":49,"menu_order":0,"comment_status":"closed","ping_status":"open","template":"","meta":{"footnotes":""},"acf":[],"yoast_head":"<!-- This site is optimized with the Yoast SEO plugin v19.8 - https:\/\/yoast.com\/wordpress\/plugins\/seo\/ -->\n<title>Teknik Dan\u0131\u015fmanl\u0131k Hizmetleri - RM Mechatronics<\/title>\n<meta name=\"description\" content=\"RM Mechatronics olarak a\u015fa\u011f\u0131da ki hususlarda teknik dan\u0131\u015fmanl\u0131k faaliyetleri y\u00fcr\u00fctmekteyiz.\" \/>\n<meta name=\"robots\" content=\"index, follow, max-snippet:-1, max-image-preview:large, max-video-preview:-1\" \/>\n<link rel=\"canonical\" href=\"https:\/\/rm-mechatronics.com\/tr\/hizmetlerimiz\/danismanlik-hizmetleri\/\" \/>\n<script type=\"application\/ld+json\" class=\"yoast-schema-graph\">{\"@context\":\"https:\/\/schema.org\",\"@graph\":[{\"@type\":\"Article\",\"@id\":\"https:\/\/rm-mechatronics.com\/tr\/hizmetlerimiz\/danismanlik-hizmetleri\/#article\",\"isPartOf\":{\"@id\":\"https:\/\/rm-mechatronics.com\/tr\/hizmetlerimiz\/danismanlik-hizmetleri\/\"},\"author\":{\"name\":\"admin\",\"@id\":\"https:\/\/rm-mechatronics.com\/tr\/#\/schema\/person\/975374cd7539c0f1081340b800a63482\"},\"headline\":\"Teknik Dan\u0131\u015fmanl\u0131k Hizmetleri\",\"datePublished\":\"2014-10-23T09:16:12+00:00\",\"dateModified\":\"2022-04-21T11:56:10+00:00\",\"mainEntityOfPage\":{\"@id\":\"https:\/\/rm-mechatronics.com\/tr\/hizmetlerimiz\/danismanlik-hizmetleri\/\"},\"wordCount\":71,\"publisher\":{\"@id\":\"https:\/\/rm-mechatronics.com\/tr\/#organization\"},\"inLanguage\":\"tr\"},{\"@type\":\"WebPage\",\"@id\":\"https:\/\/rm-mechatronics.com\/tr\/hizmetlerimiz\/danismanlik-hizmetleri\/\",\"url\":\"https:\/\/rm-mechatronics.com\/tr\/hizmetlerimiz\/danismanlik-hizmetleri\/\",\"name\":\"Teknik Dan\u0131\u015fmanl\u0131k Hizmetleri - RM Mechatronics\",\"isPartOf\":{\"@id\":\"https:\/\/rm-mechatronics.com\/tr\/#website\"},\"datePublished\":\"2014-10-23T09:16:12+00:00\",\"dateModified\":\"2022-04-21T11:56:10+00:00\",\"description\":\"RM Mechatronics olarak a\u015fa\u011f\u0131da ki hususlarda teknik dan\u0131\u015fmanl\u0131k faaliyetleri y\u00fcr\u00fctmekteyiz.\",\"breadcrumb\":{\"@id\":\"https:\/\/rm-mechatronics.com\/tr\/hizmetlerimiz\/danismanlik-hizmetleri\/#breadcrumb\"},\"inLanguage\":\"tr\",\"potentialAction\":[{\"@type\":\"ReadAction\",\"target\":[\"https:\/\/rm-mechatronics.com\/tr\/hizmetlerimiz\/danismanlik-hizmetleri\/\"]}]},{\"@type\":\"BreadcrumbList\",\"@id\":\"https:\/\/rm-mechatronics.com\/tr\/hizmetlerimiz\/danismanlik-hizmetleri\/#breadcrumb\",\"itemListElement\":[{\"@type\":\"ListItem\",\"position\":1,\"name\":\"Anasayfa\",\"item\":\"https:\/\/rm-mechatronics.com\/tr\/\"},{\"@type\":\"ListItem\",\"position\":2,\"name\":\"Hizmetlerimiz\",\"item\":\"https:\/\/rm-mechatronics.com\/tr\/hizmetlerimiz\/\"},{\"@type\":\"ListItem\",\"position\":3,\"name\":\"Teknik Dan\u0131\u015fmanl\u0131k Hizmetleri\"}]},{\"@type\":\"WebSite\",\"@id\":\"https:\/\/rm-mechatronics.com\/tr\/#website\",\"url\":\"https:\/\/rm-mechatronics.com\/tr\/\",\"name\":\"RM Mechatronics\",\"description\":\"Kalite Kontrol Denetim ve M\u00fchendislik Hizmetleri\",\"publisher\":{\"@id\":\"https:\/\/rm-mechatronics.com\/tr\/#organization\"},\"potentialAction\":[{\"@type\":\"SearchAction\",\"target\":{\"@type\":\"EntryPoint\",\"urlTemplate\":\"https:\/\/rm-mechatronics.com\/tr\/?s={search_term_string}\"},\"query-input\":\"required name=search_term_string\"}],\"inLanguage\":\"tr\"},{\"@type\":\"Organization\",\"@id\":\"https:\/\/rm-mechatronics.com\/tr\/#organization\",\"name\":\"RM-Mechatronics\",\"url\":\"https:\/\/rm-mechatronics.com\/tr\/\",\"sameAs\":[],\"logo\":{\"@type\":\"ImageObject\",\"inLanguage\":\"tr\",\"@id\":\"https:\/\/rm-mechatronics.com\/tr\/#\/schema\/logo\/image\/\",\"url\":\"https:\/\/rm-mechatronics.com\/wp-content\/uploads\/2020\/08\/small_RM_ORIGINAL-1.png\",\"contentUrl\":\"https:\/\/rm-mechatronics.com\/wp-content\/uploads\/2020\/08\/small_RM_ORIGINAL-1.png\",\"width\":302,\"height\":112,\"caption\":\"RM-Mechatronics\"},\"image\":{\"@id\":\"https:\/\/rm-mechatronics.com\/tr\/#\/schema\/logo\/image\/\"}},{\"@type\":\"Person\",\"@id\":\"https:\/\/rm-mechatronics.com\/tr\/#\/schema\/person\/975374cd7539c0f1081340b800a63482\",\"name\":\"admin\"}]}<\/script>\n<!-- \/ Yoast SEO plugin. -->","yoast_head_json":{"title":"Teknik Dan\u0131\u015fmanl\u0131k Hizmetleri - RM Mechatronics","description":"RM Mechatronics olarak a\u015fa\u011f\u0131da ki hususlarda teknik dan\u0131\u015fmanl\u0131k faaliyetleri y\u00fcr\u00fctmekteyiz.","robots":{"index":"index","follow":"follow","max-snippet":"max-snippet:-1","max-image-preview":"max-image-preview:large","max-video-preview":"max-video-preview:-1"},"canonical":"https:\/\/rm-mechatronics.com\/tr\/hizmetlerimiz\/danismanlik-hizmetleri\/","schema":{"@context":"https:\/\/schema.org","@graph":[{"@type":"Article","@id":"https:\/\/rm-mechatronics.com\/tr\/hizmetlerimiz\/danismanlik-hizmetleri\/#article","isPartOf":{"@id":"https:\/\/rm-mechatronics.com\/tr\/hizmetlerimiz\/danismanlik-hizmetleri\/"},"author":{"name":"admin","@id":"https:\/\/rm-mechatronics.com\/tr\/#\/schema\/person\/975374cd7539c0f1081340b800a63482"},"headline":"Teknik Dan\u0131\u015fmanl\u0131k Hizmetleri","datePublished":"2014-10-23T09:16:12+00:00","dateModified":"2022-04-21T11:56:10+00:00","mainEntityOfPage":{"@id":"https:\/\/rm-mechatronics.com\/tr\/hizmetlerimiz\/danismanlik-hizmetleri\/"},"wordCount":71,"publisher":{"@id":"https:\/\/rm-mechatronics.com\/tr\/#organization"},"inLanguage":"tr"},{"@type":"WebPage","@id":"https:\/\/rm-mechatronics.com\/tr\/hizmetlerimiz\/danismanlik-hizmetleri\/","url":"https:\/\/rm-mechatronics.com\/tr\/hizmetlerimiz\/danismanlik-hizmetleri\/","name":"Teknik Dan\u0131\u015fmanl\u0131k Hizmetleri - RM Mechatronics","isPartOf":{"@id":"https:\/\/rm-mechatronics.com\/tr\/#website"},"datePublished":"2014-10-23T09:16:12+00:00","dateModified":"2022-04-21T11:56:10+00:00","description":"RM Mechatronics olarak a\u015fa\u011f\u0131da ki hususlarda teknik dan\u0131\u015fmanl\u0131k faaliyetleri y\u00fcr\u00fctmekteyiz.","breadcrumb":{"@id":"https:\/\/rm-mechatronics.com\/tr\/hizmetlerimiz\/danismanlik-hizmetleri\/#breadcrumb"},"inLanguage":"tr","potentialAction":[{"@type":"ReadAction","target":["https:\/\/rm-mechatronics.com\/tr\/hizmetlerimiz\/danismanlik-hizmetleri\/"]}]},{"@type":"BreadcrumbList","@id":"https:\/\/rm-mechatronics.com\/tr\/hizmetlerimiz\/danismanlik-hizmetleri\/#breadcrumb","itemListElement":[{"@type":"ListItem","position":1,"name":"Anasayfa","item":"https:\/\/rm-mechatronics.com\/tr\/"},{"@type":"ListItem","position":2,"name":"Hizmetlerimiz","item":"https:\/\/rm-mechatronics.com\/tr\/hizmetlerimiz\/"},{"@type":"ListItem","position":3,"name":"Teknik Dan\u0131\u015fmanl\u0131k Hizmetleri"}]},{"@type":"WebSite","@id":"https:\/\/rm-mechatronics.com\/tr\/#website","url":"https:\/\/rm-mechatronics.com\/tr\/","name":"RM Mechatronics","description":"Kalite Kontrol Denetim ve M\u00fchendislik Hizmetleri","publisher":{"@id":"https:\/\/rm-mechatronics.com\/tr\/#organization"},"potentialAction":[{"@type":"SearchAction","target":{"@type":"EntryPoint","urlTemplate":"https:\/\/rm-mechatronics.com\/tr\/?s={search_term_string}"},"query-input":"required name=search_term_string"}],"inLanguage":"tr"},{"@type":"Organization","@id":"https:\/\/rm-mechatronics.com\/tr\/#organization","name":"RM-Mechatronics","url":"https:\/\/rm-mechatronics.com\/tr\/","sameAs":[],"logo":{"@type":"ImageObject","inLanguage":"tr","@id":"https:\/\/rm-mechatronics.com\/tr\/#\/schema\/logo\/image\/","url":"https:\/\/rm-mechatronics.com\/wp-content\/uploads\/2020\/08\/small_RM_ORIGINAL-1.png","contentUrl":"https:\/\/rm-mechatronics.com\/wp-content\/uploads\/2020\/08\/small_RM_ORIGINAL-1.png","width":302,"height":112,"caption":"RM-Mechatronics"},"image":{"@id":"https:\/\/rm-mechatronics.com\/tr\/#\/schema\/logo\/image\/"}},{"@type":"Person","@id":"https:\/\/rm-mechatronics.com\/tr\/#\/schema\/person\/975374cd7539c0f1081340b800a63482","name":"admin"}]}},"_links":{"self":[{"href":"https:\/\/rm-mechatronics.com\/tr\/wp-json\/wp\/v2\/pages\/71"}],"collection":[{"href":"https:\/\/rm-mechatronics.com\/tr\/wp-json\/wp\/v2\/pages"}],"about":[{"href":"https:\/\/rm-mechatronics.com\/tr\/wp-json\/wp\/v2\/types\/page"}],"author":[{"embeddable":true,"href":"https:\/\/rm-mechatronics.com\/tr\/wp-json\/wp\/v2\/users\/2"}],"replies":[{"embeddable":true,"href":"https:\/\/rm-mechatronics.com\/tr\/wp-json\/wp\/v2\/comments?post=71"}],"version-history":[{"count":0,"href":"https:\/\/rm-mechatronics.com\/tr\/wp-json\/wp\/v2\/pages\/71\/revisions"}],"up":[{"embeddable":true,"href":"https:\/\/rm-mechatronics.com\/tr\/wp-json\/wp\/v2\/pages\/49"}],"wp:featuredmedia":[{"embeddable":true,"href":"https:\/\/rm-mechatronics.com\/tr\/wp-json\/wp\/v2\/media\/200"}],"wp:attachment":[{"href":"https:\/\/rm-mechatronics.com\/tr\/wp-json\/wp\/v2\/media?parent=71"}],"curies":[{"name":"wp","href":"https:\/\/api.w.org\/{rel}","templated":true}]}}