{"id":69,"date":"2014-10-23T09:15:25","date_gmt":"2014-10-23T09:15:25","guid":{"rendered":"http:\/\/xml-io.proteusthemes.com\/buildpress\/?page_id=69"},"modified":"2022-03-04T16:17:57","modified_gmt":"2022-03-04T13:17:57","slug":"endustriyel-kontrol-hizmetleri","status":"publish","type":"page","link":"https:\/\/rm-mechatronics.com\/tr\/hizmetlerimiz\/endustriyel-kontrol-hizmetleri\/","title":{"rendered":"End\u00fcstriyel Kontrol Hizmetleri"},"content":{"rendered":"<div id=\"pl-69\" class=\"panel-layout\">\n<div id=\"pg-69-0\" class=\"panel-grid panel-no-style\">\n<div id=\"pgc-69-0-0\" class=\"panel-grid-cell\" data-weight=\"0.50036683785767\">\n<div id=\"panel-69-0-0-0\" class=\"so-panel widget widget_black-studio-tinymce widget_black_studio_tinymce panel-first-child panel-last-child\" data-index=\"0\" data-style=\"{&quot;background_display&quot;:&quot;tile&quot;}\">\n<div class=\"textwidget\">\n<p class=\"font_7\">\u00d6nde gelen g\u00f6zetim, denetim, belgelendirme ve test tedarik\u00e7isi firmalar ile yapt\u0131\u011f\u0131m\u0131z i\u015f birliktelikleri ile kazand\u0131\u011f\u0131m\u0131z deneyim ile \u00a0t\u00fcm d\u00fcnyada kaliteyi g\u00fcvence alt\u0131na almak isteyen m\u00fc\u015fterilerimize hizmet sunmaktay\u0131z.<\/p>\n<p>&nbsp;<\/p>\n<h3>Fabrika Kabul Testi Hizmetleri<\/h3>\n<ul class=\"font_8\">\n<li>Eksiksiz \u00e7al\u0131\u015fma i\u00e7in kapsaml\u0131 kontrol<\/li>\n<\/ul>\n<ul class=\"font_8\">\n<li>Geleneksel fonksiyon testi veya sim\u00fclasyon yoluyla fonksiyonelli\u011fi belgeleme<\/li>\n<\/ul>\n<ul class=\"font_8\">\n<li>S\u00f6zle\u015fme \u015fartlar\u0131n\u0131n do\u011frulanmas\u0131<\/li>\n<\/ul>\n<ul class=\"font_8\">\n<li>Dok\u00fcmanlar\u0131n kullan\u0131labilirli\u011fi ve niteli\u011finin do\u011frulanmas\u0131<\/li>\n<\/ul>\n<ul class=\"font_8\">\n<li>Nihai g\u00f6zetim<\/li>\n<\/ul>\n<h3>Test ve Devreye Alma Hizmetleri<\/h3>\n<div>\n<ul>\n<li>Sahada test ve devreye alma,<\/li>\n<\/ul>\n<ul>\n<li><span class=\"fs10\">S\u0131cakl\u0131k, n<\/span>em miktar\u0131, d<span class=\"fs10\">ebi, b<\/span>as\u0131n\u00e7, s<span class=\"fs10\">\u0131zd\u0131rmazl\u0131k vb. testler<\/span><\/li>\n<\/ul>\n<ul>\n<li>\u0130\u015fveren ihtiya\u00e7 program\u0131,<\/li>\n<\/ul>\n<ul>\n<li>Tasar\u0131m kriterleri uygunluk kontrol\u00fc,<\/li>\n<\/ul>\n<ul>\n<li>\u00d6n-Fonksiyon kontrol listeleri haz\u0131rlanmas\u0131,<\/li>\n<\/ul>\n<ul>\n<li>Fonksiyon kontrol listeleri haz\u0131rlanmas\u0131,<\/li>\n<\/ul>\n<ul>\n<li>Test ve devreye al\u0131nma raporu haz\u0131rlanmas\u0131<\/li>\n<\/ul>\n<h3 class=\"font_7\"><span class=\"color_2\">\u00dcr\u00fcn Do\u011frulama Hizmetleri<\/span><\/h3>\n<ul class=\"font_8\">\n<li>\n<p class=\"font_7\"><span class=\"color_2\">Numune al\u0131m\u0131 ve kalite kontrol Sampling and quality control<\/span><\/p>\n<\/li>\n<li>\n<p class=\"font_7\"><span class=\"color_2\">Adet ve a\u011f\u0131rl\u0131k kontrolleri\u00a0<\/span><\/p>\n<\/li>\n<li>\n<p class=\"font_7\"><span class=\"color_2\">Boyutsal Kontroller\u00a0<\/span><\/p>\n<\/li>\n<li>\n<p class=\"font_7\"><span class=\"color_2\">Paketleme ve markalama kontrolleri\u00a0<\/span><\/p>\n<\/li>\n<li>Uluslar aras\u0131 ta\u015f\u0131mac\u0131l\u0131k \u00f6ncesi y\u00fckleme kontrolleri<\/li>\n<li>Tasdik etme<\/li>\n<li>\n<p class=\"font_7\"><span class=\"color_2\">Ambalajlama kontrolleri<\/span><\/p>\n<\/li>\n<li>\n<p class=\"font_7\"><span class=\"color_2\">Hasar kontrol\u00fc<\/span><\/p>\n<\/li>\n<li>\n<p class=\"font_7\">\u00a0S\u0131cakl\u0131k kontrol\u00fc<\/p>\n<\/li>\n<\/ul>\n<\/div>\n<\/div>\n<\/div>\n<\/div>\n<div id=\"pgc-69-0-1\" class=\"panel-grid-cell\" data-weight=\"0.49963316214233\">\n<div id=\"panel-69-0-1-0\" class=\"so-panel widget widget_black-studio-tinymce widget_black_studio_tinymce panel-first-child panel-last-child\" data-index=\"1\" data-style=\"{&quot;background_display&quot;:&quot;tile&quot;}\"><\/div>\n<\/div>\n<\/div>\n<\/div>\n","protected":false},"excerpt":{"rendered":"<p>\u00d6nde gelen g\u00f6zetim, denetim, belgelendirme ve test tedarik\u00e7isi firmalar ile yapt\u0131\u011f\u0131m\u0131z i\u015f birliktelikleri ile kazand\u0131\u011f\u0131m\u0131z deneyim ile  t\u00fcm a\u015famalarda kaliteyi g\u00fcvence alt\u0131na almak isteyen m\u00fc\u015fterilerimize hizmet sunuyoruz.<\/p>\n","protected":false},"author":2,"featured_media":82,"parent":49,"menu_order":0,"comment_status":"closed","ping_status":"closed","template":"","meta":{"footnotes":""},"acf":[],"yoast_head":"<!-- This site is optimized with the Yoast SEO plugin v19.8 - https:\/\/yoast.com\/wordpress\/plugins\/seo\/ -->\n<title>End\u00fcstriyel Kontrol Hizmetleri - RM Mechatronics<\/title>\n<meta name=\"description\" content=\"G\u00f6zetim, denetim, belgelendirme ve test tedarik\u00e7isi firmalar ile yapt\u0131\u011f\u0131m\u0131z i\u015f birliktelikleri ile m\u00fc\u015fterilerimize hizmet sunmaktay\u0131z.\" \/>\n<meta name=\"robots\" content=\"index, follow, max-snippet:-1, max-image-preview:large, max-video-preview:-1\" \/>\n<link rel=\"canonical\" href=\"https:\/\/rm-mechatronics.com\/tr\/hizmetlerimiz\/endustriyel-kontrol-hizmetleri\/\" \/>\n<meta name=\"twitter:label1\" content=\"Tahmini okuma s\u00fcresi\" \/>\n\t<meta name=\"twitter:data1\" content=\"1 dakika\" \/>\n<script type=\"application\/ld+json\" class=\"yoast-schema-graph\">{\"@context\":\"https:\/\/schema.org\",\"@graph\":[{\"@type\":\"Article\",\"@id\":\"https:\/\/rm-mechatronics.com\/tr\/hizmetlerimiz\/endustriyel-kontrol-hizmetleri\/#article\",\"isPartOf\":{\"@id\":\"https:\/\/rm-mechatronics.com\/tr\/hizmetlerimiz\/endustriyel-kontrol-hizmetleri\/\"},\"author\":{\"name\":\"admin\",\"@id\":\"https:\/\/rm-mechatronics.com\/tr\/#\/schema\/person\/975374cd7539c0f1081340b800a63482\"},\"headline\":\"End\u00fcstriyel Kontrol Hizmetleri\",\"datePublished\":\"2014-10-23T09:15:25+00:00\",\"dateModified\":\"2022-03-04T13:17:57+00:00\",\"mainEntityOfPage\":{\"@id\":\"https:\/\/rm-mechatronics.com\/tr\/hizmetlerimiz\/endustriyel-kontrol-hizmetleri\/\"},\"wordCount\":184,\"publisher\":{\"@id\":\"https:\/\/rm-mechatronics.com\/tr\/#organization\"},\"inLanguage\":\"tr\"},{\"@type\":\"WebPage\",\"@id\":\"https:\/\/rm-mechatronics.com\/tr\/hizmetlerimiz\/endustriyel-kontrol-hizmetleri\/\",\"url\":\"https:\/\/rm-mechatronics.com\/tr\/hizmetlerimiz\/endustriyel-kontrol-hizmetleri\/\",\"name\":\"End\u00fcstriyel Kontrol Hizmetleri - RM Mechatronics\",\"isPartOf\":{\"@id\":\"https:\/\/rm-mechatronics.com\/tr\/#website\"},\"datePublished\":\"2014-10-23T09:15:25+00:00\",\"dateModified\":\"2022-03-04T13:17:57+00:00\",\"description\":\"G\u00f6zetim, denetim, belgelendirme ve test tedarik\u00e7isi firmalar ile yapt\u0131\u011f\u0131m\u0131z i\u015f birliktelikleri ile m\u00fc\u015fterilerimize hizmet sunmaktay\u0131z.\",\"breadcrumb\":{\"@id\":\"https:\/\/rm-mechatronics.com\/tr\/hizmetlerimiz\/endustriyel-kontrol-hizmetleri\/#breadcrumb\"},\"inLanguage\":\"tr\",\"potentialAction\":[{\"@type\":\"ReadAction\",\"target\":[\"https:\/\/rm-mechatronics.com\/tr\/hizmetlerimiz\/endustriyel-kontrol-hizmetleri\/\"]}]},{\"@type\":\"BreadcrumbList\",\"@id\":\"https:\/\/rm-mechatronics.com\/tr\/hizmetlerimiz\/endustriyel-kontrol-hizmetleri\/#breadcrumb\",\"itemListElement\":[{\"@type\":\"ListItem\",\"position\":1,\"name\":\"Anasayfa\",\"item\":\"https:\/\/rm-mechatronics.com\/tr\/\"},{\"@type\":\"ListItem\",\"position\":2,\"name\":\"Hizmetlerimiz\",\"item\":\"https:\/\/rm-mechatronics.com\/tr\/hizmetlerimiz\/\"},{\"@type\":\"ListItem\",\"position\":3,\"name\":\"End\u00fcstriyel Kontrol Hizmetleri\"}]},{\"@type\":\"WebSite\",\"@id\":\"https:\/\/rm-mechatronics.com\/tr\/#website\",\"url\":\"https:\/\/rm-mechatronics.com\/tr\/\",\"name\":\"RM Mechatronics\",\"description\":\"Kalite Kontrol Denetim ve M\u00fchendislik Hizmetleri\",\"publisher\":{\"@id\":\"https:\/\/rm-mechatronics.com\/tr\/#organization\"},\"potentialAction\":[{\"@type\":\"SearchAction\",\"target\":{\"@type\":\"EntryPoint\",\"urlTemplate\":\"https:\/\/rm-mechatronics.com\/tr\/?s={search_term_string}\"},\"query-input\":\"required name=search_term_string\"}],\"inLanguage\":\"tr\"},{\"@type\":\"Organization\",\"@id\":\"https:\/\/rm-mechatronics.com\/tr\/#organization\",\"name\":\"RM-Mechatronics\",\"url\":\"https:\/\/rm-mechatronics.com\/tr\/\",\"sameAs\":[],\"logo\":{\"@type\":\"ImageObject\",\"inLanguage\":\"tr\",\"@id\":\"https:\/\/rm-mechatronics.com\/tr\/#\/schema\/logo\/image\/\",\"url\":\"https:\/\/rm-mechatronics.com\/wp-content\/uploads\/2020\/08\/small_RM_ORIGINAL-1.png\",\"contentUrl\":\"https:\/\/rm-mechatronics.com\/wp-content\/uploads\/2020\/08\/small_RM_ORIGINAL-1.png\",\"width\":302,\"height\":112,\"caption\":\"RM-Mechatronics\"},\"image\":{\"@id\":\"https:\/\/rm-mechatronics.com\/tr\/#\/schema\/logo\/image\/\"}},{\"@type\":\"Person\",\"@id\":\"https:\/\/rm-mechatronics.com\/tr\/#\/schema\/person\/975374cd7539c0f1081340b800a63482\",\"name\":\"admin\"}]}<\/script>\n<!-- \/ Yoast SEO plugin. -->","yoast_head_json":{"title":"End\u00fcstriyel Kontrol Hizmetleri - RM Mechatronics","description":"G\u00f6zetim, denetim, belgelendirme ve test tedarik\u00e7isi firmalar ile yapt\u0131\u011f\u0131m\u0131z i\u015f birliktelikleri ile m\u00fc\u015fterilerimize hizmet sunmaktay\u0131z.","robots":{"index":"index","follow":"follow","max-snippet":"max-snippet:-1","max-image-preview":"max-image-preview:large","max-video-preview":"max-video-preview:-1"},"canonical":"https:\/\/rm-mechatronics.com\/tr\/hizmetlerimiz\/endustriyel-kontrol-hizmetleri\/","twitter_misc":{"Tahmini okuma s\u00fcresi":"1 dakika"},"schema":{"@context":"https:\/\/schema.org","@graph":[{"@type":"Article","@id":"https:\/\/rm-mechatronics.com\/tr\/hizmetlerimiz\/endustriyel-kontrol-hizmetleri\/#article","isPartOf":{"@id":"https:\/\/rm-mechatronics.com\/tr\/hizmetlerimiz\/endustriyel-kontrol-hizmetleri\/"},"author":{"name":"admin","@id":"https:\/\/rm-mechatronics.com\/tr\/#\/schema\/person\/975374cd7539c0f1081340b800a63482"},"headline":"End\u00fcstriyel Kontrol Hizmetleri","datePublished":"2014-10-23T09:15:25+00:00","dateModified":"2022-03-04T13:17:57+00:00","mainEntityOfPage":{"@id":"https:\/\/rm-mechatronics.com\/tr\/hizmetlerimiz\/endustriyel-kontrol-hizmetleri\/"},"wordCount":184,"publisher":{"@id":"https:\/\/rm-mechatronics.com\/tr\/#organization"},"inLanguage":"tr"},{"@type":"WebPage","@id":"https:\/\/rm-mechatronics.com\/tr\/hizmetlerimiz\/endustriyel-kontrol-hizmetleri\/","url":"https:\/\/rm-mechatronics.com\/tr\/hizmetlerimiz\/endustriyel-kontrol-hizmetleri\/","name":"End\u00fcstriyel Kontrol Hizmetleri - RM Mechatronics","isPartOf":{"@id":"https:\/\/rm-mechatronics.com\/tr\/#website"},"datePublished":"2014-10-23T09:15:25+00:00","dateModified":"2022-03-04T13:17:57+00:00","description":"G\u00f6zetim, denetim, belgelendirme ve test tedarik\u00e7isi firmalar ile yapt\u0131\u011f\u0131m\u0131z i\u015f birliktelikleri ile m\u00fc\u015fterilerimize hizmet sunmaktay\u0131z.","breadcrumb":{"@id":"https:\/\/rm-mechatronics.com\/tr\/hizmetlerimiz\/endustriyel-kontrol-hizmetleri\/#breadcrumb"},"inLanguage":"tr","potentialAction":[{"@type":"ReadAction","target":["https:\/\/rm-mechatronics.com\/tr\/hizmetlerimiz\/endustriyel-kontrol-hizmetleri\/"]}]},{"@type":"BreadcrumbList","@id":"https:\/\/rm-mechatronics.com\/tr\/hizmetlerimiz\/endustriyel-kontrol-hizmetleri\/#breadcrumb","itemListElement":[{"@type":"ListItem","position":1,"name":"Anasayfa","item":"https:\/\/rm-mechatronics.com\/tr\/"},{"@type":"ListItem","position":2,"name":"Hizmetlerimiz","item":"https:\/\/rm-mechatronics.com\/tr\/hizmetlerimiz\/"},{"@type":"ListItem","position":3,"name":"End\u00fcstriyel Kontrol Hizmetleri"}]},{"@type":"WebSite","@id":"https:\/\/rm-mechatronics.com\/tr\/#website","url":"https:\/\/rm-mechatronics.com\/tr\/","name":"RM Mechatronics","description":"Kalite Kontrol Denetim ve M\u00fchendislik Hizmetleri","publisher":{"@id":"https:\/\/rm-mechatronics.com\/tr\/#organization"},"potentialAction":[{"@type":"SearchAction","target":{"@type":"EntryPoint","urlTemplate":"https:\/\/rm-mechatronics.com\/tr\/?s={search_term_string}"},"query-input":"required name=search_term_string"}],"inLanguage":"tr"},{"@type":"Organization","@id":"https:\/\/rm-mechatronics.com\/tr\/#organization","name":"RM-Mechatronics","url":"https:\/\/rm-mechatronics.com\/tr\/","sameAs":[],"logo":{"@type":"ImageObject","inLanguage":"tr","@id":"https:\/\/rm-mechatronics.com\/tr\/#\/schema\/logo\/image\/","url":"https:\/\/rm-mechatronics.com\/wp-content\/uploads\/2020\/08\/small_RM_ORIGINAL-1.png","contentUrl":"https:\/\/rm-mechatronics.com\/wp-content\/uploads\/2020\/08\/small_RM_ORIGINAL-1.png","width":302,"height":112,"caption":"RM-Mechatronics"},"image":{"@id":"https:\/\/rm-mechatronics.com\/tr\/#\/schema\/logo\/image\/"}},{"@type":"Person","@id":"https:\/\/rm-mechatronics.com\/tr\/#\/schema\/person\/975374cd7539c0f1081340b800a63482","name":"admin"}]}},"_links":{"self":[{"href":"https:\/\/rm-mechatronics.com\/tr\/wp-json\/wp\/v2\/pages\/69"}],"collection":[{"href":"https:\/\/rm-mechatronics.com\/tr\/wp-json\/wp\/v2\/pages"}],"about":[{"href":"https:\/\/rm-mechatronics.com\/tr\/wp-json\/wp\/v2\/types\/page"}],"author":[{"embeddable":true,"href":"https:\/\/rm-mechatronics.com\/tr\/wp-json\/wp\/v2\/users\/2"}],"replies":[{"embeddable":true,"href":"https:\/\/rm-mechatronics.com\/tr\/wp-json\/wp\/v2\/comments?post=69"}],"version-history":[{"count":0,"href":"https:\/\/rm-mechatronics.com\/tr\/wp-json\/wp\/v2\/pages\/69\/revisions"}],"up":[{"embeddable":true,"href":"https:\/\/rm-mechatronics.com\/tr\/wp-json\/wp\/v2\/pages\/49"}],"wp:featuredmedia":[{"embeddable":true,"href":"https:\/\/rm-mechatronics.com\/tr\/wp-json\/wp\/v2\/media\/82"}],"wp:attachment":[{"href":"https:\/\/rm-mechatronics.com\/tr\/wp-json\/wp\/v2\/media?parent=69"}],"curies":[{"name":"wp","href":"https:\/\/api.w.org\/{rel}","templated":true}]}}