{"id":52,"date":"2014-10-23T08:41:34","date_gmt":"2014-10-23T08:41:34","guid":{"rendered":"http:\/\/xml-io.proteusthemes.com\/buildpress\/?page_id=52"},"modified":"2022-04-21T14:53:59","modified_gmt":"2022-04-21T11:53:59","slug":"tasarim-analiz-hizmeleri","status":"publish","type":"page","link":"https:\/\/rm-mechatronics.com\/tr\/hizmetlerimiz\/tasarim-analiz-hizmeleri\/","title":{"rendered":"Tasar\u0131m ve Analiz Hizmetleri"},"content":{"rendered":"<div id=\"pl-52\" class=\"panel-layout\">\n<div id=\"pg-52-0\" class=\"panel-grid panel-no-style\" data-style=\"{&quot;background_display&quot;:&quot;tile&quot;}\">\n<div id=\"pgc-52-0-0\" class=\"panel-grid-cell\" data-weight=\"0.61803399209206\">\n<div id=\"panel-52-0-0-0\" class=\"so-panel widget widget_black-studio-tinymce widget_black_studio_tinymce panel-first-child\" data-index=\"0\" data-style=\"{&quot;background_display&quot;:&quot;tile&quot;}\">\n<div class=\"textwidget\">\n<p>FEA hizmet projelerine yeni ve stratejik bir bak\u0131\u015f a\u00e7\u0131s\u0131 getirerek, sadece sonu\u00e7lar\u0131 payla\u015fmak yerine bilgiyi de payla\u015fmaktay\u0131z. Hedefimiz, m\u00fc\u015fterilerimize beklenenden fazlas\u0131n\u0131 vermektir.<\/p>\n<p>RM M\u00fchendislik ekibi a\u015fa\u011f\u0131daki alanlarda m\u00fchendislik ve analiz tecr\u00fcbesine sahiptir. Farkl\u0131 talepleriniz i\u00e7in ileti\u015fim formundan bizlere ula\u015farak bilgi alabilirsiniz.<\/p>\n<ul>\n<li>EN ve ASTM standartlar\u0131 uyar\u0131nca tasar\u0131m ve \u00fcr\u00fcn geli\u015ftirme<\/li>\n<li>Statik hesaplamalar<\/li>\n<li>Yap\u0131sal g\u00fcvenlik onaylar\u0131<\/li>\n<li>T\u00fcm disiplinler i\u00e7in tasar\u0131m third party kontrol\u00fc<\/li>\n<li>T\u00fcm disiplinler i\u00e7in tasar\u0131m third party onay\u0131<\/li>\n<li>BGV C1 standartlar\u0131 uyar\u0131nca mekanik onaylar ve d\u00fczenlemeler<\/li>\n<li>Yorulma hesaplamalar\u0131<\/li>\n<li>Dayan\u0131m hesaplamalar\u0131<\/li>\n<li>Tamir ve yenileme hesaplamalar\u0131<\/li>\n<li>\u00dcretim i\u00e7in imalat resimleri \u00e7izimlesi<\/li>\n<li>Profesyonel 3d sunum g\u00f6rselleri haz\u0131rlanmas\u0131<\/li>\n<li>Render hizmetleri<\/li>\n<\/ul>\n<\/div>\n<\/div>\n<\/div>\n<div id=\"pgc-52-0-1\" class=\"panel-grid-cell\" data-weight=\"0.38196600790794\">\n<div id=\"panel-52-0-1-0\" class=\"so-panel widget widget_black-studio-tinymce widget_black_studio_tinymce panel-first-child panel-last-child\" data-index=\"2\" data-style=\"{&quot;background_display&quot;:&quot;tile&quot;}\">\n<div class=\"textwidget\">\n<p><img loading=\"lazy\" decoding=\"async\" class=\"alignnone size-medium wp-image-2753\" src=\"http:\/\/rm-mechatronics.com\/wp-content\/uploads\/2014\/10\/Kabin-300x141.jpg\" alt=\"\" width=\"300\" height=\"141\" srcset=\"https:\/\/rm-mechatronics.com\/wp-content\/uploads\/2014\/10\/Kabin-300x141.jpg 300w, https:\/\/rm-mechatronics.com\/wp-content\/uploads\/2014\/10\/Kabin-768x360.jpg 768w, https:\/\/rm-mechatronics.com\/wp-content\/uploads\/2014\/10\/Kabin-555x260.jpg 555w, https:\/\/rm-mechatronics.com\/wp-content\/uploads\/2014\/10\/Kabin.jpg 800w\" sizes=\"(max-width: 300px) 100vw, 300px\" \/><\/p>\n<p><img loading=\"lazy\" decoding=\"async\" class=\"alignnone size-medium wp-image-2754\" src=\"http:\/\/rm-mechatronics.com\/wp-content\/uploads\/2014\/10\/Kabin3-300x141.jpg\" alt=\"\" width=\"300\" height=\"141\" srcset=\"https:\/\/rm-mechatronics.com\/wp-content\/uploads\/2014\/10\/Kabin3-300x141.jpg 300w, https:\/\/rm-mechatronics.com\/wp-content\/uploads\/2014\/10\/Kabin3-768x360.jpg 768w, https:\/\/rm-mechatronics.com\/wp-content\/uploads\/2014\/10\/Kabin3-555x260.jpg 555w, https:\/\/rm-mechatronics.com\/wp-content\/uploads\/2014\/10\/Kabin3.jpg 800w\" sizes=\"(max-width: 300px) 100vw, 300px\" \/><\/p>\n<p><img loading=\"lazy\" decoding=\"async\" class=\"alignnone size-medium wp-image-2755\" src=\"http:\/\/rm-mechatronics.com\/wp-content\/uploads\/2014\/10\/Ats1-300x141.jpg\" alt=\"\" width=\"300\" height=\"141\" srcset=\"https:\/\/rm-mechatronics.com\/wp-content\/uploads\/2014\/10\/Ats1-300x141.jpg 300w, https:\/\/rm-mechatronics.com\/wp-content\/uploads\/2014\/10\/Ats1-768x360.jpg 768w, https:\/\/rm-mechatronics.com\/wp-content\/uploads\/2014\/10\/Ats1-555x260.jpg 555w, https:\/\/rm-mechatronics.com\/wp-content\/uploads\/2014\/10\/Ats1.jpg 800w\" sizes=\"(max-width: 300px) 100vw, 300px\" \/><\/p>\n<\/div>\n<\/div>\n<\/div>\n<\/div>\n<\/div>\n","protected":false},"excerpt":{"rendered":"<p>EN ve ASTM standartlar\u0131 uyar\u0131nca tasar\u0131m ve \u00fcr\u00fcn geli\u015ftirme, statik hesaplamalar, yap\u0131sal g\u00fcvenlik onaylar\u0131 gibi konularda uluslararas\u0131 standartlar uyar\u0131nca tasar\u0131m ve m\u00fchendislik hizmetleri sunuyoruz. <\/p>\n","protected":false},"author":2,"featured_media":2755,"parent":49,"menu_order":0,"comment_status":"closed","ping_status":"open","template":"","meta":{"footnotes":""},"acf":[],"yoast_head":"<!-- This site is optimized with the Yoast SEO plugin v19.8 - https:\/\/yoast.com\/wordpress\/plugins\/seo\/ -->\n<title>Tasar\u0131m ve Analiz Hizmetleri - RM Mechatronics<\/title>\n<meta name=\"description\" content=\"FEA hizmet projelerine yeni ve stratejik bir bak\u0131\u015f a\u00e7\u0131s\u0131 getirerek, sadece sonu\u00e7lar\u0131 payla\u015fmak yerine bilgiyi de payla\u015fmaktay\u0131z.\" \/>\n<meta name=\"robots\" content=\"index, follow, max-snippet:-1, max-image-preview:large, max-video-preview:-1\" \/>\n<link rel=\"canonical\" href=\"https:\/\/rm-mechatronics.com\/tr\/hizmetlerimiz\/tasarim-analiz-hizmeleri\/\" \/>\n<meta name=\"twitter:label1\" content=\"Tahmini okuma s\u00fcresi\" \/>\n\t<meta name=\"twitter:data1\" content=\"1 dakika\" \/>\n<script type=\"application\/ld+json\" class=\"yoast-schema-graph\">{\"@context\":\"https:\/\/schema.org\",\"@graph\":[{\"@type\":\"Article\",\"@id\":\"https:\/\/rm-mechatronics.com\/tr\/hizmetlerimiz\/tasarim-analiz-hizmeleri\/#article\",\"isPartOf\":{\"@id\":\"https:\/\/rm-mechatronics.com\/tr\/hizmetlerimiz\/tasarim-analiz-hizmeleri\/\"},\"author\":{\"name\":\"admin\",\"@id\":\"https:\/\/rm-mechatronics.com\/tr\/#\/schema\/person\/975374cd7539c0f1081340b800a63482\"},\"headline\":\"Tasar\u0131m ve Analiz Hizmetleri\",\"datePublished\":\"2014-10-23T08:41:34+00:00\",\"dateModified\":\"2022-04-21T11:53:59+00:00\",\"mainEntityOfPage\":{\"@id\":\"https:\/\/rm-mechatronics.com\/tr\/hizmetlerimiz\/tasarim-analiz-hizmeleri\/\"},\"wordCount\":135,\"publisher\":{\"@id\":\"https:\/\/rm-mechatronics.com\/tr\/#organization\"},\"inLanguage\":\"tr\"},{\"@type\":\"WebPage\",\"@id\":\"https:\/\/rm-mechatronics.com\/tr\/hizmetlerimiz\/tasarim-analiz-hizmeleri\/\",\"url\":\"https:\/\/rm-mechatronics.com\/tr\/hizmetlerimiz\/tasarim-analiz-hizmeleri\/\",\"name\":\"Tasar\u0131m ve Analiz Hizmetleri - RM Mechatronics\",\"isPartOf\":{\"@id\":\"https:\/\/rm-mechatronics.com\/tr\/#website\"},\"datePublished\":\"2014-10-23T08:41:34+00:00\",\"dateModified\":\"2022-04-21T11:53:59+00:00\",\"description\":\"FEA hizmet projelerine yeni ve stratejik bir bak\u0131\u015f a\u00e7\u0131s\u0131 getirerek, sadece sonu\u00e7lar\u0131 payla\u015fmak yerine bilgiyi de payla\u015fmaktay\u0131z.\",\"breadcrumb\":{\"@id\":\"https:\/\/rm-mechatronics.com\/tr\/hizmetlerimiz\/tasarim-analiz-hizmeleri\/#breadcrumb\"},\"inLanguage\":\"tr\",\"potentialAction\":[{\"@type\":\"ReadAction\",\"target\":[\"https:\/\/rm-mechatronics.com\/tr\/hizmetlerimiz\/tasarim-analiz-hizmeleri\/\"]}]},{\"@type\":\"BreadcrumbList\",\"@id\":\"https:\/\/rm-mechatronics.com\/tr\/hizmetlerimiz\/tasarim-analiz-hizmeleri\/#breadcrumb\",\"itemListElement\":[{\"@type\":\"ListItem\",\"position\":1,\"name\":\"Anasayfa\",\"item\":\"https:\/\/rm-mechatronics.com\/tr\/\"},{\"@type\":\"ListItem\",\"position\":2,\"name\":\"Hizmetlerimiz\",\"item\":\"https:\/\/rm-mechatronics.com\/tr\/hizmetlerimiz\/\"},{\"@type\":\"ListItem\",\"position\":3,\"name\":\"Tasar\u0131m ve Analiz Hizmetleri\"}]},{\"@type\":\"WebSite\",\"@id\":\"https:\/\/rm-mechatronics.com\/tr\/#website\",\"url\":\"https:\/\/rm-mechatronics.com\/tr\/\",\"name\":\"RM Mechatronics\",\"description\":\"Kalite Kontrol Denetim ve M\u00fchendislik Hizmetleri\",\"publisher\":{\"@id\":\"https:\/\/rm-mechatronics.com\/tr\/#organization\"},\"potentialAction\":[{\"@type\":\"SearchAction\",\"target\":{\"@type\":\"EntryPoint\",\"urlTemplate\":\"https:\/\/rm-mechatronics.com\/tr\/?s={search_term_string}\"},\"query-input\":\"required name=search_term_string\"}],\"inLanguage\":\"tr\"},{\"@type\":\"Organization\",\"@id\":\"https:\/\/rm-mechatronics.com\/tr\/#organization\",\"name\":\"RM-Mechatronics\",\"url\":\"https:\/\/rm-mechatronics.com\/tr\/\",\"sameAs\":[],\"logo\":{\"@type\":\"ImageObject\",\"inLanguage\":\"tr\",\"@id\":\"https:\/\/rm-mechatronics.com\/tr\/#\/schema\/logo\/image\/\",\"url\":\"https:\/\/rm-mechatronics.com\/wp-content\/uploads\/2020\/08\/small_RM_ORIGINAL-1.png\",\"contentUrl\":\"https:\/\/rm-mechatronics.com\/wp-content\/uploads\/2020\/08\/small_RM_ORIGINAL-1.png\",\"width\":302,\"height\":112,\"caption\":\"RM-Mechatronics\"},\"image\":{\"@id\":\"https:\/\/rm-mechatronics.com\/tr\/#\/schema\/logo\/image\/\"}},{\"@type\":\"Person\",\"@id\":\"https:\/\/rm-mechatronics.com\/tr\/#\/schema\/person\/975374cd7539c0f1081340b800a63482\",\"name\":\"admin\"}]}<\/script>\n<!-- \/ Yoast SEO plugin. -->","yoast_head_json":{"title":"Tasar\u0131m ve Analiz Hizmetleri - RM Mechatronics","description":"FEA hizmet projelerine yeni ve stratejik bir bak\u0131\u015f a\u00e7\u0131s\u0131 getirerek, sadece sonu\u00e7lar\u0131 payla\u015fmak yerine bilgiyi de payla\u015fmaktay\u0131z.","robots":{"index":"index","follow":"follow","max-snippet":"max-snippet:-1","max-image-preview":"max-image-preview:large","max-video-preview":"max-video-preview:-1"},"canonical":"https:\/\/rm-mechatronics.com\/tr\/hizmetlerimiz\/tasarim-analiz-hizmeleri\/","twitter_misc":{"Tahmini okuma s\u00fcresi":"1 dakika"},"schema":{"@context":"https:\/\/schema.org","@graph":[{"@type":"Article","@id":"https:\/\/rm-mechatronics.com\/tr\/hizmetlerimiz\/tasarim-analiz-hizmeleri\/#article","isPartOf":{"@id":"https:\/\/rm-mechatronics.com\/tr\/hizmetlerimiz\/tasarim-analiz-hizmeleri\/"},"author":{"name":"admin","@id":"https:\/\/rm-mechatronics.com\/tr\/#\/schema\/person\/975374cd7539c0f1081340b800a63482"},"headline":"Tasar\u0131m ve Analiz Hizmetleri","datePublished":"2014-10-23T08:41:34+00:00","dateModified":"2022-04-21T11:53:59+00:00","mainEntityOfPage":{"@id":"https:\/\/rm-mechatronics.com\/tr\/hizmetlerimiz\/tasarim-analiz-hizmeleri\/"},"wordCount":135,"publisher":{"@id":"https:\/\/rm-mechatronics.com\/tr\/#organization"},"inLanguage":"tr"},{"@type":"WebPage","@id":"https:\/\/rm-mechatronics.com\/tr\/hizmetlerimiz\/tasarim-analiz-hizmeleri\/","url":"https:\/\/rm-mechatronics.com\/tr\/hizmetlerimiz\/tasarim-analiz-hizmeleri\/","name":"Tasar\u0131m ve Analiz Hizmetleri - RM Mechatronics","isPartOf":{"@id":"https:\/\/rm-mechatronics.com\/tr\/#website"},"datePublished":"2014-10-23T08:41:34+00:00","dateModified":"2022-04-21T11:53:59+00:00","description":"FEA hizmet projelerine yeni ve stratejik bir bak\u0131\u015f a\u00e7\u0131s\u0131 getirerek, sadece sonu\u00e7lar\u0131 payla\u015fmak yerine bilgiyi de payla\u015fmaktay\u0131z.","breadcrumb":{"@id":"https:\/\/rm-mechatronics.com\/tr\/hizmetlerimiz\/tasarim-analiz-hizmeleri\/#breadcrumb"},"inLanguage":"tr","potentialAction":[{"@type":"ReadAction","target":["https:\/\/rm-mechatronics.com\/tr\/hizmetlerimiz\/tasarim-analiz-hizmeleri\/"]}]},{"@type":"BreadcrumbList","@id":"https:\/\/rm-mechatronics.com\/tr\/hizmetlerimiz\/tasarim-analiz-hizmeleri\/#breadcrumb","itemListElement":[{"@type":"ListItem","position":1,"name":"Anasayfa","item":"https:\/\/rm-mechatronics.com\/tr\/"},{"@type":"ListItem","position":2,"name":"Hizmetlerimiz","item":"https:\/\/rm-mechatronics.com\/tr\/hizmetlerimiz\/"},{"@type":"ListItem","position":3,"name":"Tasar\u0131m ve Analiz Hizmetleri"}]},{"@type":"WebSite","@id":"https:\/\/rm-mechatronics.com\/tr\/#website","url":"https:\/\/rm-mechatronics.com\/tr\/","name":"RM Mechatronics","description":"Kalite Kontrol Denetim ve M\u00fchendislik Hizmetleri","publisher":{"@id":"https:\/\/rm-mechatronics.com\/tr\/#organization"},"potentialAction":[{"@type":"SearchAction","target":{"@type":"EntryPoint","urlTemplate":"https:\/\/rm-mechatronics.com\/tr\/?s={search_term_string}"},"query-input":"required name=search_term_string"}],"inLanguage":"tr"},{"@type":"Organization","@id":"https:\/\/rm-mechatronics.com\/tr\/#organization","name":"RM-Mechatronics","url":"https:\/\/rm-mechatronics.com\/tr\/","sameAs":[],"logo":{"@type":"ImageObject","inLanguage":"tr","@id":"https:\/\/rm-mechatronics.com\/tr\/#\/schema\/logo\/image\/","url":"https:\/\/rm-mechatronics.com\/wp-content\/uploads\/2020\/08\/small_RM_ORIGINAL-1.png","contentUrl":"https:\/\/rm-mechatronics.com\/wp-content\/uploads\/2020\/08\/small_RM_ORIGINAL-1.png","width":302,"height":112,"caption":"RM-Mechatronics"},"image":{"@id":"https:\/\/rm-mechatronics.com\/tr\/#\/schema\/logo\/image\/"}},{"@type":"Person","@id":"https:\/\/rm-mechatronics.com\/tr\/#\/schema\/person\/975374cd7539c0f1081340b800a63482","name":"admin"}]}},"_links":{"self":[{"href":"https:\/\/rm-mechatronics.com\/tr\/wp-json\/wp\/v2\/pages\/52"}],"collection":[{"href":"https:\/\/rm-mechatronics.com\/tr\/wp-json\/wp\/v2\/pages"}],"about":[{"href":"https:\/\/rm-mechatronics.com\/tr\/wp-json\/wp\/v2\/types\/page"}],"author":[{"embeddable":true,"href":"https:\/\/rm-mechatronics.com\/tr\/wp-json\/wp\/v2\/users\/2"}],"replies":[{"embeddable":true,"href":"https:\/\/rm-mechatronics.com\/tr\/wp-json\/wp\/v2\/comments?post=52"}],"version-history":[{"count":0,"href":"https:\/\/rm-mechatronics.com\/tr\/wp-json\/wp\/v2\/pages\/52\/revisions"}],"up":[{"embeddable":true,"href":"https:\/\/rm-mechatronics.com\/tr\/wp-json\/wp\/v2\/pages\/49"}],"wp:featuredmedia":[{"embeddable":true,"href":"https:\/\/rm-mechatronics.com\/tr\/wp-json\/wp\/v2\/media\/2755"}],"wp:attachment":[{"href":"https:\/\/rm-mechatronics.com\/tr\/wp-json\/wp\/v2\/media?parent=52"}],"curies":[{"name":"wp","href":"https:\/\/api.w.org\/{rel}","templated":true}]}}