{"id":49,"date":"2014-10-23T08:32:31","date_gmt":"2014-10-23T08:32:31","guid":{"rendered":"http:\/\/xml-io.proteusthemes.com\/buildpress\/?page_id=49"},"modified":"2022-03-04T16:34:33","modified_gmt":"2022-03-04T13:34:33","slug":"hizmetlerimiz","status":"publish","type":"page","link":"https:\/\/rm-mechatronics.com\/tr\/hizmetlerimiz\/","title":{"rendered":"Hizmetlerimiz"},"content":{"rendered":"<div id=\"pl-49\"  class=\"panel-layout\" ><div id=\"pg-49-0\"  class=\"panel-grid panel-no-style\" ><div id=\"pgc-49-0-0\"  class=\"panel-grid-cell\" ><div id=\"panel-49-0-0-0\" class=\"so-panel widget widget_pt_featured_page widget-featured-page panel-first-child panel-last-child\" data-index=\"0\" >\t\t\t\t<div class=\"page-box page-box--block post-49 page type-page status-publish hentry\">\n\t\t\t\t\t\t\t\t\t\t\t\t\t\t\t<a class=\"page-box__picture\" href=\"https:\/\/rm-mechatronics.com\/tr\/hizmetlerimiz\/tasarim-analiz-hizmeleri\/\"><img loading=\"lazy\" decoding=\"async\" src=\"https:\/\/rm-mechatronics.com\/wp-content\/uploads\/2014\/10\/Ats1-360x202.jpg\" width=\"360\" height=\"202\" srcset=\"https:\/\/rm-mechatronics.com\/wp-content\/uploads\/2014\/10\/Ats1-360x202.jpg 360w, https:\/\/rm-mechatronics.com\/wp-content\/uploads\/2014\/10\/Ats1.jpg 800w\" sizes=\"(min-width: 992px) 360px, calc(100vw - 30px)\" class=\"wp-post-image\" alt=\"Tasar\u0131m ve Analiz Hizmetleri\"><\/a>\n\t\t\t\t\t\t\t\t\t\t\t\t\t\t<div class=\"page-box__content\">\n\t\t\t\t\t\t<h5 class=\"page-box__title  text-uppercase\"><a href=\"https:\/\/rm-mechatronics.com\/tr\/hizmetlerimiz\/tasarim-analiz-hizmeleri\/\">Tasar\u0131m ve Analiz Hizmetleri<\/a><\/h5>\n\t\t\t\t\t\t<p>EN ve ASTM standartlar\u0131 uyar\u0131nca tasar\u0131m ve \u00fcr\u00fcn geli\u015ftirme, statik hesaplamalar, yap\u0131sal g\u00fcvenlik onaylar\u0131 gibi konularda uluslararas\u0131 standartlar uyar\u0131nca tasar\u0131m ve m\u00fchendislik hizmetleri sunuyoruz. <\/p>\n\t\t\t\t\t\t\t\t\t\t\t\t\t<p><a href=\"https:\/\/rm-mechatronics.com\/tr\/hizmetlerimiz\/tasarim-analiz-hizmeleri\/\" class=\"read-more  read-more--page-box\">Devam\u0131n\u0131 Oku<\/a><\/p>\n\t\t\t\t\t\t\t\t\t\t\t<\/div>\n\t\t\t\t<\/div>\n\n\t\t\t<\/div><\/div><div id=\"pgc-49-0-1\"  class=\"panel-grid-cell\" ><div id=\"panel-49-0-1-0\" class=\"so-panel widget widget_pt_featured_page widget-featured-page panel-first-child panel-last-child\" data-index=\"1\" >\t\t\t\t<div class=\"page-box page-box--block post-49 page type-page status-publish hentry\">\n\t\t\t\t\t\t\t\t\t\t\t\t\t\t\t<a class=\"page-box__picture\" href=\"https:\/\/rm-mechatronics.com\/tr\/hizmetlerimiz\/etkinlik-muhendisligi\/\"><img loading=\"lazy\" decoding=\"async\" src=\"https:\/\/rm-mechatronics.com\/wp-content\/uploads\/2014\/10\/Staras2-360x202.jpg\" width=\"360\" height=\"202\" srcset=\"https:\/\/rm-mechatronics.com\/wp-content\/uploads\/2014\/10\/Staras2-360x202.jpg 360w, https:\/\/rm-mechatronics.com\/wp-content\/uploads\/2014\/10\/Staras2.jpg 648w\" sizes=\"(min-width: 992px) 360px, calc(100vw - 30px)\" class=\"wp-post-image\" alt=\"Etkinlik M\u00fchendisli\u011fi Hizmetleri\"><\/a>\n\t\t\t\t\t\t\t\t\t\t\t\t\t\t<div class=\"page-box__content\">\n\t\t\t\t\t\t<h5 class=\"page-box__title  text-uppercase\"><a href=\"https:\/\/rm-mechatronics.com\/tr\/hizmetlerimiz\/etkinlik-muhendisligi\/\">Etkinlik M\u00fchendisli\u011fi Hizmetleri<\/a><\/h5>\n\t\t\t\t\t\t<p>Festival, konser, veya ticari fuarlar gibi t\u00fcm etkinlikler i\u00e7in teknik planlamas\u0131 ve etkinlik esnas\u0131nda a\u015fa\u011f\u0131da ki hizmeti deneyimli kadrosu ile sunmaktad\u0131r. <\/p>\n\t\t\t\t\t\t\t\t\t\t\t\t\t<p><a href=\"https:\/\/rm-mechatronics.com\/tr\/hizmetlerimiz\/etkinlik-muhendisligi\/\" class=\"read-more  read-more--page-box\">Devam\u0131n\u0131 Oku<\/a><\/p>\n\t\t\t\t\t\t\t\t\t\t\t<\/div>\n\t\t\t\t<\/div>\n\n\t\t\t<\/div><\/div><div id=\"pgc-49-0-2\"  class=\"panel-grid-cell\" ><div id=\"panel-49-0-2-0\" class=\"so-panel widget widget_pt_featured_page widget-featured-page panel-first-child panel-last-child\" data-index=\"2\" >\t\t\t\t<div class=\"page-box page-box--block post-49 page type-page status-publish hentry\">\n\t\t\t\t\t\t\t\t\t\t\t\t\t\t\t<a class=\"page-box__picture\" href=\"https:\/\/rm-mechatronics.com\/tr\/hizmetlerimiz\/danismanlik-hizmetleri\/\"><img loading=\"lazy\" decoding=\"async\" src=\"https:\/\/rm-mechatronics.com\/wp-content\/uploads\/2014\/10\/project_14-360x202.jpg\" width=\"360\" height=\"202\" srcset=\"https:\/\/rm-mechatronics.com\/wp-content\/uploads\/2014\/10\/project_14-360x202.jpg 360w, https:\/\/rm-mechatronics.com\/wp-content\/uploads\/2014\/10\/project_14.jpg 1140w\" sizes=\"(min-width: 992px) 360px, calc(100vw - 30px)\" class=\"wp-post-image\" alt=\"Teknik Dan\u0131\u015fmanl\u0131k Hizmetleri\"><\/a>\n\t\t\t\t\t\t\t\t\t\t\t\t\t\t<div class=\"page-box__content\">\n\t\t\t\t\t\t<h5 class=\"page-box__title  text-uppercase\"><a href=\"https:\/\/rm-mechatronics.com\/tr\/hizmetlerimiz\/danismanlik-hizmetleri\/\">Teknik Dan\u0131\u015fmanl\u0131k Hizmetleri<\/a><\/h5>\n\t\t\t\t\t\t<p>Hukuki konularda uzman tavsiyesi, sat\u0131n alma m\u00fczakerelerinde teknik yard\u0131m gibi ihtiyac\u0131n\u0131z olacak teknik konularda dan\u0131\u015fmanl\u0131k hizmetleri sunmaktay\u0131z. <\/p>\n\t\t\t\t\t\t\t\t\t\t\t\t\t<p><a href=\"https:\/\/rm-mechatronics.com\/tr\/hizmetlerimiz\/danismanlik-hizmetleri\/\" class=\"read-more  read-more--page-box\">Devam\u0131n\u0131 Oku<\/a><\/p>\n\t\t\t\t\t\t\t\t\t\t\t<\/div>\n\t\t\t\t<\/div>\n\n\t\t\t<\/div><\/div><\/div><div id=\"pg-49-1\"  class=\"panel-grid panel-no-style\" ><div id=\"pgc-49-1-0\"  class=\"panel-grid-cell\" ><div id=\"panel-49-1-0-0\" class=\"so-panel widget widget_pt_featured_page widget-featured-page panel-first-child panel-last-child\" data-index=\"3\" >\t\t\t\t<div class=\"page-box page-box--block post-49 page type-page status-publish hentry\">\n\t\t\t\t\t\t\t\t\t\t\t\t\t\t\t<a class=\"page-box__picture\" href=\"https:\/\/rm-mechatronics.com\/tr\/hizmetlerimiz\/endustriyel-kontrol-hizmetleri\/\"><img loading=\"lazy\" decoding=\"async\" src=\"https:\/\/rm-mechatronics.com\/wp-content\/uploads\/2014\/10\/content_05-360x202.jpg\" width=\"360\" height=\"202\" srcset=\"https:\/\/rm-mechatronics.com\/wp-content\/uploads\/2014\/10\/content_05-360x202.jpg 360w, https:\/\/rm-mechatronics.com\/wp-content\/uploads\/2014\/10\/content_05.jpg 1140w\" sizes=\"(min-width: 992px) 360px, calc(100vw - 30px)\" class=\"wp-post-image\" alt=\"End\u00fcstriyel Kontrol Hizmetleri\"><\/a>\n\t\t\t\t\t\t\t\t\t\t\t\t\t\t<div class=\"page-box__content\">\n\t\t\t\t\t\t<h5 class=\"page-box__title  text-uppercase\"><a href=\"https:\/\/rm-mechatronics.com\/tr\/hizmetlerimiz\/endustriyel-kontrol-hizmetleri\/\">End\u00fcstriyel Kontrol Hizmetleri<\/a><\/h5>\n\t\t\t\t\t\t<p>\u00d6nde gelen g\u00f6zetim, denetim, belgelendirme ve test tedarik\u00e7isi firmalar ile yapt\u0131\u011f\u0131m\u0131z i\u015f birliktelikleri ile kazand\u0131\u011f\u0131m\u0131z deneyim ile  t\u00fcm a\u015famalarda kaliteyi g\u00fcvence alt\u0131na almak isteyen m\u00fc\u015fterilerimize hizmet sunuyoruz. &hellip;<\/p>\n\t\t\t\t\t\t\t\t\t\t\t\t\t<p><a href=\"https:\/\/rm-mechatronics.com\/tr\/hizmetlerimiz\/endustriyel-kontrol-hizmetleri\/\" class=\"read-more  read-more--page-box\">Devam\u0131n\u0131 Oku<\/a><\/p>\n\t\t\t\t\t\t\t\t\t\t\t<\/div>\n\t\t\t\t<\/div>\n\n\t\t\t<\/div><\/div><div id=\"pgc-49-1-1\"  class=\"panel-grid-cell\" ><div id=\"panel-49-1-1-0\" class=\"so-panel widget widget_pt_featured_page widget-featured-page panel-first-child panel-last-child\" data-index=\"4\" >\t\t\t\t<div class=\"page-box page-box--block post-49 page type-page status-publish hentry\">\n\t\t\t\t\t\t\t\t\t\t\t\t\t\t\t<a class=\"page-box__picture\" href=\"https:\/\/rm-mechatronics.com\/tr\/hizmetlerimiz\/olcum-raporlama-hizmetleri\/\"><img loading=\"lazy\" decoding=\"async\" src=\"https:\/\/rm-mechatronics.com\/wp-content\/uploads\/2022\/06\/measurement_services-360x202.jpg\" width=\"360\" height=\"202\" srcset=\"https:\/\/rm-mechatronics.com\/wp-content\/uploads\/2022\/06\/measurement_services-360x202.jpg 360w, https:\/\/rm-mechatronics.com\/wp-content\/uploads\/2022\/06\/measurement_services.jpg 600w\" sizes=\"(min-width: 992px) 360px, calc(100vw - 30px)\" class=\"wp-post-image\" alt=\"\u00d6l\u00e7\u00fcm ve Raporlama Hizmetleri\"><\/a>\n\t\t\t\t\t\t\t\t\t\t\t\t\t\t<div class=\"page-box__content\">\n\t\t\t\t\t\t<h5 class=\"page-box__title  text-uppercase\"><a href=\"https:\/\/rm-mechatronics.com\/tr\/hizmetlerimiz\/olcum-raporlama-hizmetleri\/\">\u00d6l\u00e7\u00fcm ve Raporlama Hizmetleri<\/a><\/h5>\n\t\t\t\t\t\t<p>Etkinlik ve end\u00fcstriyel \u00e7al\u0131\u015fmalarda d\u0131\u015f ortamda olu\u015fan r\u00fczgar, g\u00fcr\u00fclt\u00fc \u015fiddeti, G kuvveti mertebesi gibi konularda \u00f6l\u00e7\u00fcm ve raporlama hizmetlerini sunmaktay\u0131z. <\/p>\n\t\t\t\t\t\t\t\t\t\t\t\t\t<p><a href=\"https:\/\/rm-mechatronics.com\/tr\/hizmetlerimiz\/olcum-raporlama-hizmetleri\/\" class=\"read-more  read-more--page-box\">Devam\u0131n\u0131 Oku<\/a><\/p>\n\t\t\t\t\t\t\t\t\t\t\t<\/div>\n\t\t\t\t<\/div>\n\n\t\t\t<\/div><\/div><div id=\"pgc-49-1-2\"  class=\"panel-grid-cell\" ><div id=\"panel-49-1-2-0\" class=\"so-panel widget widget_pt_featured_page widget-featured-page panel-first-child panel-last-child\" data-index=\"5\" >\t\t\t\t<div class=\"page-box page-box--block post-49 page type-page status-publish hentry\">\n\t\t\t\t\t\t\t\t\t\t\t\t\t\t\t<a class=\"page-box__picture\" href=\"https:\/\/rm-mechatronics.com\/tr\/hizmetlerimiz\/egitim-hizmetleri\/\"><img loading=\"lazy\" decoding=\"async\" src=\"https:\/\/rm-mechatronics.com\/wp-content\/uploads\/2022\/06\/Egitim-360x202.gif\" width=\"360\" height=\"202\" srcset=\"https:\/\/rm-mechatronics.com\/wp-content\/uploads\/2022\/06\/Egitim-360x202.gif 360w, https:\/\/rm-mechatronics.com\/wp-content\/uploads\/2022\/06\/Egitim.gif 719w\" sizes=\"(min-width: 992px) 360px, calc(100vw - 30px)\" class=\"wp-post-image\" alt=\"E\u011fitim Hizmetleri\"><\/a>\n\t\t\t\t\t\t\t\t\t\t\t\t\t\t<div class=\"page-box__content\">\n\t\t\t\t\t\t<h5 class=\"page-box__title  text-uppercase\"><a href=\"https:\/\/rm-mechatronics.com\/tr\/hizmetlerimiz\/egitim-hizmetleri\/\">E\u011fitim Hizmetleri<\/a><\/h5>\n\t\t\t\t\t\t<p>Ba\u015fta etkinlik ve lunapark makineleri olmak \u00fczere uzmanl\u0131\u011f\u0131m\u0131z kapsam\u0131nda ki t\u00fcm end\u00fcstriyel alanlarda e\u011fitim hizmetleri sa\u011flamaktay\u0131z. <\/p>\n\t\t\t\t\t\t\t\t\t\t\t\t\t<p><a href=\"https:\/\/rm-mechatronics.com\/tr\/hizmetlerimiz\/egitim-hizmetleri\/\" class=\"read-more  read-more--page-box\">Devam\u0131n\u0131 Oku<\/a><\/p>\n\t\t\t\t\t\t\t\t\t\t\t<\/div>\n\t\t\t\t<\/div>\n\n\t\t\t<\/div><\/div><\/div><\/div>","protected":false},"excerpt":{"rendered":"<p>Tasar\u0131m ve Analiz Hizmetleri EN ve ASTM standartlar\u0131 uyar\u0131nca tasar\u0131m ve \u00fcr\u00fcn geli\u015ftirme, statik hesaplamalar, yap\u0131sal g\u00fcvenlik onaylar\u0131 gibi konularda uluslararas\u0131 standartlar uyar\u0131nca tasar\u0131m ve m\u00fchendislik hizmetleri sunuyoruz. Devam\u0131n\u0131 Oku Etkinlik M\u00fchendisli\u011fi Hizmetleri Festival, konser, veya ticari fuarlar gibi t\u00fcm etkinlikler i\u00e7in teknik planlamas\u0131 ve etkinlik esnas\u0131nda a\u015fa\u011f\u0131da ki hizmeti deneyimli kadrosu ile sunmaktad\u0131r. Devam\u0131n\u0131 &hellip;<\/p>\n","protected":false},"author":2,"featured_media":0,"parent":0,"menu_order":0,"comment_status":"closed","ping_status":"open","template":"","meta":{"footnotes":""},"acf":[],"yoast_head":"<!-- This site is optimized with the Yoast SEO plugin v19.8 - https:\/\/yoast.com\/wordpress\/plugins\/seo\/ -->\n<title>Hizmetlerimiz - RM Mechatronics<\/title>\n<meta name=\"description\" content=\"Tasar\u0131m ve Analiz, Etkinlik M\u00fchendisli\u011fi, Teknik Dan\u0131\u015fmanl\u0131k, End\u00fcstriyel Kontrol, \u00d6l\u00e7\u00fcm ve Raporlama ve E\u011fitim Hizmetleri\" \/>\n<meta name=\"robots\" content=\"index, follow, max-snippet:-1, max-image-preview:large, max-video-preview:-1\" \/>\n<link rel=\"canonical\" href=\"https:\/\/rm-mechatronics.com\/tr\/hizmetlerimiz\/\" \/>\n<script type=\"application\/ld+json\" class=\"yoast-schema-graph\">{\"@context\":\"https:\/\/schema.org\",\"@graph\":[{\"@type\":\"Article\",\"@id\":\"https:\/\/rm-mechatronics.com\/tr\/hizmetlerimiz\/#article\",\"isPartOf\":{\"@id\":\"https:\/\/rm-mechatronics.com\/tr\/hizmetlerimiz\/\"},\"author\":{\"name\":\"admin\",\"@id\":\"https:\/\/rm-mechatronics.com\/tr\/#\/schema\/person\/975374cd7539c0f1081340b800a63482\"},\"headline\":\"Hizmetlerimiz\",\"datePublished\":\"2014-10-23T08:32:31+00:00\",\"dateModified\":\"2022-03-04T13:34:33+00:00\",\"mainEntityOfPage\":{\"@id\":\"https:\/\/rm-mechatronics.com\/tr\/hizmetlerimiz\/\"},\"wordCount\":49,\"publisher\":{\"@id\":\"https:\/\/rm-mechatronics.com\/tr\/#organization\"},\"inLanguage\":\"tr\"},{\"@type\":\"WebPage\",\"@id\":\"https:\/\/rm-mechatronics.com\/tr\/hizmetlerimiz\/\",\"url\":\"https:\/\/rm-mechatronics.com\/tr\/hizmetlerimiz\/\",\"name\":\"Hizmetlerimiz - RM Mechatronics\",\"isPartOf\":{\"@id\":\"https:\/\/rm-mechatronics.com\/tr\/#website\"},\"datePublished\":\"2014-10-23T08:32:31+00:00\",\"dateModified\":\"2022-03-04T13:34:33+00:00\",\"description\":\"Tasar\u0131m ve Analiz, Etkinlik M\u00fchendisli\u011fi, Teknik Dan\u0131\u015fmanl\u0131k, End\u00fcstriyel Kontrol, \u00d6l\u00e7\u00fcm ve Raporlama ve E\u011fitim Hizmetleri\",\"breadcrumb\":{\"@id\":\"https:\/\/rm-mechatronics.com\/tr\/hizmetlerimiz\/#breadcrumb\"},\"inLanguage\":\"tr\",\"potentialAction\":[{\"@type\":\"ReadAction\",\"target\":[\"https:\/\/rm-mechatronics.com\/tr\/hizmetlerimiz\/\"]}]},{\"@type\":\"BreadcrumbList\",\"@id\":\"https:\/\/rm-mechatronics.com\/tr\/hizmetlerimiz\/#breadcrumb\",\"itemListElement\":[{\"@type\":\"ListItem\",\"position\":1,\"name\":\"Anasayfa\",\"item\":\"https:\/\/rm-mechatronics.com\/tr\/\"},{\"@type\":\"ListItem\",\"position\":2,\"name\":\"Hizmetlerimiz\"}]},{\"@type\":\"WebSite\",\"@id\":\"https:\/\/rm-mechatronics.com\/tr\/#website\",\"url\":\"https:\/\/rm-mechatronics.com\/tr\/\",\"name\":\"RM Mechatronics\",\"description\":\"Kalite Kontrol Denetim ve M\u00fchendislik Hizmetleri\",\"publisher\":{\"@id\":\"https:\/\/rm-mechatronics.com\/tr\/#organization\"},\"potentialAction\":[{\"@type\":\"SearchAction\",\"target\":{\"@type\":\"EntryPoint\",\"urlTemplate\":\"https:\/\/rm-mechatronics.com\/tr\/?s={search_term_string}\"},\"query-input\":\"required name=search_term_string\"}],\"inLanguage\":\"tr\"},{\"@type\":\"Organization\",\"@id\":\"https:\/\/rm-mechatronics.com\/tr\/#organization\",\"name\":\"RM-Mechatronics\",\"url\":\"https:\/\/rm-mechatronics.com\/tr\/\",\"sameAs\":[],\"logo\":{\"@type\":\"ImageObject\",\"inLanguage\":\"tr\",\"@id\":\"https:\/\/rm-mechatronics.com\/tr\/#\/schema\/logo\/image\/\",\"url\":\"https:\/\/rm-mechatronics.com\/wp-content\/uploads\/2020\/08\/small_RM_ORIGINAL-1.png\",\"contentUrl\":\"https:\/\/rm-mechatronics.com\/wp-content\/uploads\/2020\/08\/small_RM_ORIGINAL-1.png\",\"width\":302,\"height\":112,\"caption\":\"RM-Mechatronics\"},\"image\":{\"@id\":\"https:\/\/rm-mechatronics.com\/tr\/#\/schema\/logo\/image\/\"}},{\"@type\":\"Person\",\"@id\":\"https:\/\/rm-mechatronics.com\/tr\/#\/schema\/person\/975374cd7539c0f1081340b800a63482\",\"name\":\"admin\"}]}<\/script>\n<!-- \/ Yoast SEO plugin. -->","yoast_head_json":{"title":"Hizmetlerimiz - RM Mechatronics","description":"Tasar\u0131m ve Analiz, Etkinlik M\u00fchendisli\u011fi, Teknik Dan\u0131\u015fmanl\u0131k, End\u00fcstriyel Kontrol, \u00d6l\u00e7\u00fcm ve Raporlama ve E\u011fitim Hizmetleri","robots":{"index":"index","follow":"follow","max-snippet":"max-snippet:-1","max-image-preview":"max-image-preview:large","max-video-preview":"max-video-preview:-1"},"canonical":"https:\/\/rm-mechatronics.com\/tr\/hizmetlerimiz\/","schema":{"@context":"https:\/\/schema.org","@graph":[{"@type":"Article","@id":"https:\/\/rm-mechatronics.com\/tr\/hizmetlerimiz\/#article","isPartOf":{"@id":"https:\/\/rm-mechatronics.com\/tr\/hizmetlerimiz\/"},"author":{"name":"admin","@id":"https:\/\/rm-mechatronics.com\/tr\/#\/schema\/person\/975374cd7539c0f1081340b800a63482"},"headline":"Hizmetlerimiz","datePublished":"2014-10-23T08:32:31+00:00","dateModified":"2022-03-04T13:34:33+00:00","mainEntityOfPage":{"@id":"https:\/\/rm-mechatronics.com\/tr\/hizmetlerimiz\/"},"wordCount":49,"publisher":{"@id":"https:\/\/rm-mechatronics.com\/tr\/#organization"},"inLanguage":"tr"},{"@type":"WebPage","@id":"https:\/\/rm-mechatronics.com\/tr\/hizmetlerimiz\/","url":"https:\/\/rm-mechatronics.com\/tr\/hizmetlerimiz\/","name":"Hizmetlerimiz - RM Mechatronics","isPartOf":{"@id":"https:\/\/rm-mechatronics.com\/tr\/#website"},"datePublished":"2014-10-23T08:32:31+00:00","dateModified":"2022-03-04T13:34:33+00:00","description":"Tasar\u0131m ve Analiz, Etkinlik M\u00fchendisli\u011fi, Teknik Dan\u0131\u015fmanl\u0131k, End\u00fcstriyel Kontrol, \u00d6l\u00e7\u00fcm ve Raporlama ve E\u011fitim Hizmetleri","breadcrumb":{"@id":"https:\/\/rm-mechatronics.com\/tr\/hizmetlerimiz\/#breadcrumb"},"inLanguage":"tr","potentialAction":[{"@type":"ReadAction","target":["https:\/\/rm-mechatronics.com\/tr\/hizmetlerimiz\/"]}]},{"@type":"BreadcrumbList","@id":"https:\/\/rm-mechatronics.com\/tr\/hizmetlerimiz\/#breadcrumb","itemListElement":[{"@type":"ListItem","position":1,"name":"Anasayfa","item":"https:\/\/rm-mechatronics.com\/tr\/"},{"@type":"ListItem","position":2,"name":"Hizmetlerimiz"}]},{"@type":"WebSite","@id":"https:\/\/rm-mechatronics.com\/tr\/#website","url":"https:\/\/rm-mechatronics.com\/tr\/","name":"RM Mechatronics","description":"Kalite Kontrol Denetim ve M\u00fchendislik Hizmetleri","publisher":{"@id":"https:\/\/rm-mechatronics.com\/tr\/#organization"},"potentialAction":[{"@type":"SearchAction","target":{"@type":"EntryPoint","urlTemplate":"https:\/\/rm-mechatronics.com\/tr\/?s={search_term_string}"},"query-input":"required name=search_term_string"}],"inLanguage":"tr"},{"@type":"Organization","@id":"https:\/\/rm-mechatronics.com\/tr\/#organization","name":"RM-Mechatronics","url":"https:\/\/rm-mechatronics.com\/tr\/","sameAs":[],"logo":{"@type":"ImageObject","inLanguage":"tr","@id":"https:\/\/rm-mechatronics.com\/tr\/#\/schema\/logo\/image\/","url":"https:\/\/rm-mechatronics.com\/wp-content\/uploads\/2020\/08\/small_RM_ORIGINAL-1.png","contentUrl":"https:\/\/rm-mechatronics.com\/wp-content\/uploads\/2020\/08\/small_RM_ORIGINAL-1.png","width":302,"height":112,"caption":"RM-Mechatronics"},"image":{"@id":"https:\/\/rm-mechatronics.com\/tr\/#\/schema\/logo\/image\/"}},{"@type":"Person","@id":"https:\/\/rm-mechatronics.com\/tr\/#\/schema\/person\/975374cd7539c0f1081340b800a63482","name":"admin"}]}},"_links":{"self":[{"href":"https:\/\/rm-mechatronics.com\/tr\/wp-json\/wp\/v2\/pages\/49"}],"collection":[{"href":"https:\/\/rm-mechatronics.com\/tr\/wp-json\/wp\/v2\/pages"}],"about":[{"href":"https:\/\/rm-mechatronics.com\/tr\/wp-json\/wp\/v2\/types\/page"}],"author":[{"embeddable":true,"href":"https:\/\/rm-mechatronics.com\/tr\/wp-json\/wp\/v2\/users\/2"}],"replies":[{"embeddable":true,"href":"https:\/\/rm-mechatronics.com\/tr\/wp-json\/wp\/v2\/comments?post=49"}],"version-history":[{"count":0,"href":"https:\/\/rm-mechatronics.com\/tr\/wp-json\/wp\/v2\/pages\/49\/revisions"}],"wp:attachment":[{"href":"https:\/\/rm-mechatronics.com\/tr\/wp-json\/wp\/v2\/media?parent=49"}],"curies":[{"name":"wp","href":"https:\/\/api.w.org\/{rel}","templated":true}]}}