{"id":3849,"date":"2022-06-28T20:42:16","date_gmt":"2022-06-28T17:42:16","guid":{"rendered":"https:\/\/rm-mechatronics.com\/denetim-ve-kontrol-hizmetleri\/abc\/"},"modified":"2022-06-28T21:20:33","modified_gmt":"2022-06-28T18:20:33","slug":"kalite-kontrol-personel-tedarik","status":"publish","type":"page","link":"https:\/\/rm-mechatronics.com\/tr\/periyodik-muayene-hizmetleri\/kalite-kontrol-personel-tedarik\/","title":{"rendered":"Uzman Kalite Kontrol Personel Tedari\u011fi"},"content":{"rendered":"<p>RM Mekatronik, m\u00fc\u015fteri gereksinimlerine g\u00f6re T\u00fcrkiye ve d\u00fcnya \u00e7ap\u0131nda a\u015fa\u011f\u0131daki nitelikli inspekt\u00f6rleri tam zamanl\u0131 veya yar\u0131 zamanl\u0131 olarak tedarik etmektedir.<\/p>\n<p>API Denet\u00e7ileri\/ B\u00fct\u00fcnl\u00fck M\u00fchendisleri<br \/>\nAPI 510 \u2013 Bas\u0131n\u00e7l\u0131 Kap Denet\u00e7ileri<br \/>\nAPI 570-Boru Denet\u00e7ileri<br \/>\nAPI 653- Yer\u00fcst\u00fc Depolama Tank\u0131 Denet\u00e7ileri<br \/>\nAPI 580-Risk Tabanl\u0131 Denetim (RBI) Denet\u00e7ileri<br \/>\nAPI 571-Malzemeler ve Korozyon Denet\u00e7ileri<br \/>\nAPI 936- Refrakter Kontrol\u00f6rleri<br \/>\nKalite Kontrol M\u00fchendisleri\/QA QC \u0130nspekt\u00f6rleri (Mekanik, Elektrik, \u0130n\u015faat, Enstr\u00fcmantasyon, HSE vb\u2026)<br \/>\nKaynak Kontrol\u00f6rleri-3.1 ve 3.2.2 (AWS, CSWIP)<br \/>\nKaplama\/Boya Enspekt\u00f6rleri- (NACE Seviye-2, BGAS Grade-1)<br \/>\nGeleneksel NDT Denet\u00e7ileri ve Teknisyenleri (ASNT \/PCN) (RT, RTFI, UT, UTT, MPI, PT, VT, HT&amp;PMI)<br \/>\nGeli\u015fmi\u015f NDT Denet\u00e7ileri ve Teknisyenleri (ASNT \/PCN) (MFL, PAUT, TOFD, LR UT, IRIS, ECT, Boroscope)<br \/>\nIs\u0131l \u0130\u015flem (PWHT) Teknisyenleri<\/p>\n","protected":false},"excerpt":{"rendered":"<p>RM Mekatronik, m\u00fc\u015fteri gereksinimlerine g\u00f6re T\u00fcrkiye ve d\u00fcnya \u00e7ap\u0131nda a\u015fa\u011f\u0131daki nitelikli inspekt\u00f6rleri tam zamanl\u0131 veya yar\u0131 zamanl\u0131 olarak tedarik etmektedir. API Denet\u00e7ileri\/ B\u00fct\u00fcnl\u00fck M\u00fchendisleri API 510 \u2013 Bas\u0131n\u00e7l\u0131 Kap Denet\u00e7ileri API 570-Boru Denet\u00e7ileri API 653- Yer\u00fcst\u00fc Depolama Tank\u0131 Denet\u00e7ileri API 580-Risk Tabanl\u0131 Denetim (RBI) Denet\u00e7ileri API 571-Malzemeler ve Korozyon Denet\u00e7ileri API 936- Refrakter Kontrol\u00f6rleri Kalite &hellip;<\/p>\n","protected":false},"author":2,"featured_media":2619,"parent":3530,"menu_order":0,"comment_status":"closed","ping_status":"closed","template":"","meta":{"footnotes":""},"acf":[],"yoast_head":"<!-- This site is optimized with the Yoast SEO plugin v19.8 - https:\/\/yoast.com\/wordpress\/plugins\/seo\/ -->\n<title>Uzman Kalite Kontrol Personel Tedari\u011fi - RM Mechatronics<\/title>\n<meta name=\"description\" content=\"RM Mekatronik T\u00fcrkiye ve d\u00fcnya \u00e7ap\u0131nda a\u015fa\u011f\u0131daki nitelikli inspekt\u00f6rleri tam zamanl\u0131 veya yar\u0131 zamanl\u0131 olarak tedarik etmektedir.\u00a0\" \/>\n<meta name=\"robots\" content=\"index, follow, max-snippet:-1, max-image-preview:large, max-video-preview:-1\" \/>\n<link rel=\"canonical\" href=\"https:\/\/rm-mechatronics.com\/tr\/periyodik-muayene-hizmetleri\/kalite-kontrol-personel-tedarik\/\" \/>\n<meta name=\"twitter:label1\" content=\"Tahmini okuma s\u00fcresi\" \/>\n\t<meta name=\"twitter:data1\" content=\"1 dakika\" \/>\n<script type=\"application\/ld+json\" class=\"yoast-schema-graph\">{\"@context\":\"https:\/\/schema.org\",\"@graph\":[{\"@type\":\"Article\",\"@id\":\"https:\/\/rm-mechatronics.com\/tr\/periyodik-muayene-hizmetleri\/kalite-kontrol-personel-tedarik\/#article\",\"isPartOf\":{\"@id\":\"https:\/\/rm-mechatronics.com\/tr\/periyodik-muayene-hizmetleri\/kalite-kontrol-personel-tedarik\/\"},\"author\":{\"name\":\"admin\",\"@id\":\"https:\/\/rm-mechatronics.com\/tr\/#\/schema\/person\/975374cd7539c0f1081340b800a63482\"},\"headline\":\"Uzman Kalite Kontrol Personel Tedari\u011fi\",\"datePublished\":\"2022-06-28T17:42:16+00:00\",\"dateModified\":\"2022-06-28T18:20:33+00:00\",\"mainEntityOfPage\":{\"@id\":\"https:\/\/rm-mechatronics.com\/tr\/periyodik-muayene-hizmetleri\/kalite-kontrol-personel-tedarik\/\"},\"wordCount\":150,\"publisher\":{\"@id\":\"https:\/\/rm-mechatronics.com\/tr\/#organization\"},\"inLanguage\":\"tr\"},{\"@type\":\"WebPage\",\"@id\":\"https:\/\/rm-mechatronics.com\/tr\/periyodik-muayene-hizmetleri\/kalite-kontrol-personel-tedarik\/\",\"url\":\"https:\/\/rm-mechatronics.com\/tr\/periyodik-muayene-hizmetleri\/kalite-kontrol-personel-tedarik\/\",\"name\":\"Uzman Kalite Kontrol Personel Tedari\u011fi - RM Mechatronics\",\"isPartOf\":{\"@id\":\"https:\/\/rm-mechatronics.com\/tr\/#website\"},\"datePublished\":\"2022-06-28T17:42:16+00:00\",\"dateModified\":\"2022-06-28T18:20:33+00:00\",\"description\":\"RM Mekatronik T\u00fcrkiye ve d\u00fcnya \u00e7ap\u0131nda a\u015fa\u011f\u0131daki nitelikli inspekt\u00f6rleri tam zamanl\u0131 veya yar\u0131 zamanl\u0131 olarak tedarik etmektedir.\u00a0\",\"breadcrumb\":{\"@id\":\"https:\/\/rm-mechatronics.com\/tr\/periyodik-muayene-hizmetleri\/kalite-kontrol-personel-tedarik\/#breadcrumb\"},\"inLanguage\":\"tr\",\"potentialAction\":[{\"@type\":\"ReadAction\",\"target\":[\"https:\/\/rm-mechatronics.com\/tr\/periyodik-muayene-hizmetleri\/kalite-kontrol-personel-tedarik\/\"]}]},{\"@type\":\"BreadcrumbList\",\"@id\":\"https:\/\/rm-mechatronics.com\/tr\/periyodik-muayene-hizmetleri\/kalite-kontrol-personel-tedarik\/#breadcrumb\",\"itemListElement\":[{\"@type\":\"ListItem\",\"position\":1,\"name\":\"Anasayfa\",\"item\":\"https:\/\/rm-mechatronics.com\/tr\/\"},{\"@type\":\"ListItem\",\"position\":2,\"name\":\"Periyodik Kontrol Hizmetleri\",\"item\":\"https:\/\/rm-mechatronics.com\/tr\/periyodik-muayene-hizmetleri\/\"},{\"@type\":\"ListItem\",\"position\":3,\"name\":\"Uzman Kalite Kontrol Personel Tedari\u011fi\"}]},{\"@type\":\"WebSite\",\"@id\":\"https:\/\/rm-mechatronics.com\/tr\/#website\",\"url\":\"https:\/\/rm-mechatronics.com\/tr\/\",\"name\":\"RM Mechatronics\",\"description\":\"Kalite Kontrol Denetim ve M\u00fchendislik Hizmetleri\",\"publisher\":{\"@id\":\"https:\/\/rm-mechatronics.com\/tr\/#organization\"},\"potentialAction\":[{\"@type\":\"SearchAction\",\"target\":{\"@type\":\"EntryPoint\",\"urlTemplate\":\"https:\/\/rm-mechatronics.com\/tr\/?s={search_term_string}\"},\"query-input\":\"required name=search_term_string\"}],\"inLanguage\":\"tr\"},{\"@type\":\"Organization\",\"@id\":\"https:\/\/rm-mechatronics.com\/tr\/#organization\",\"name\":\"RM-Mechatronics\",\"url\":\"https:\/\/rm-mechatronics.com\/tr\/\",\"sameAs\":[],\"logo\":{\"@type\":\"ImageObject\",\"inLanguage\":\"tr\",\"@id\":\"https:\/\/rm-mechatronics.com\/tr\/#\/schema\/logo\/image\/\",\"url\":\"https:\/\/rm-mechatronics.com\/wp-content\/uploads\/2020\/08\/small_RM_ORIGINAL-1.png\",\"contentUrl\":\"https:\/\/rm-mechatronics.com\/wp-content\/uploads\/2020\/08\/small_RM_ORIGINAL-1.png\",\"width\":302,\"height\":112,\"caption\":\"RM-Mechatronics\"},\"image\":{\"@id\":\"https:\/\/rm-mechatronics.com\/tr\/#\/schema\/logo\/image\/\"}},{\"@type\":\"Person\",\"@id\":\"https:\/\/rm-mechatronics.com\/tr\/#\/schema\/person\/975374cd7539c0f1081340b800a63482\",\"name\":\"admin\"}]}<\/script>\n<!-- \/ Yoast SEO plugin. -->","yoast_head_json":{"title":"Uzman Kalite Kontrol Personel Tedari\u011fi - RM Mechatronics","description":"RM Mekatronik T\u00fcrkiye ve d\u00fcnya \u00e7ap\u0131nda a\u015fa\u011f\u0131daki nitelikli inspekt\u00f6rleri tam zamanl\u0131 veya yar\u0131 zamanl\u0131 olarak tedarik etmektedir.\u00a0","robots":{"index":"index","follow":"follow","max-snippet":"max-snippet:-1","max-image-preview":"max-image-preview:large","max-video-preview":"max-video-preview:-1"},"canonical":"https:\/\/rm-mechatronics.com\/tr\/periyodik-muayene-hizmetleri\/kalite-kontrol-personel-tedarik\/","twitter_misc":{"Tahmini okuma s\u00fcresi":"1 dakika"},"schema":{"@context":"https:\/\/schema.org","@graph":[{"@type":"Article","@id":"https:\/\/rm-mechatronics.com\/tr\/periyodik-muayene-hizmetleri\/kalite-kontrol-personel-tedarik\/#article","isPartOf":{"@id":"https:\/\/rm-mechatronics.com\/tr\/periyodik-muayene-hizmetleri\/kalite-kontrol-personel-tedarik\/"},"author":{"name":"admin","@id":"https:\/\/rm-mechatronics.com\/tr\/#\/schema\/person\/975374cd7539c0f1081340b800a63482"},"headline":"Uzman Kalite Kontrol Personel Tedari\u011fi","datePublished":"2022-06-28T17:42:16+00:00","dateModified":"2022-06-28T18:20:33+00:00","mainEntityOfPage":{"@id":"https:\/\/rm-mechatronics.com\/tr\/periyodik-muayene-hizmetleri\/kalite-kontrol-personel-tedarik\/"},"wordCount":150,"publisher":{"@id":"https:\/\/rm-mechatronics.com\/tr\/#organization"},"inLanguage":"tr"},{"@type":"WebPage","@id":"https:\/\/rm-mechatronics.com\/tr\/periyodik-muayene-hizmetleri\/kalite-kontrol-personel-tedarik\/","url":"https:\/\/rm-mechatronics.com\/tr\/periyodik-muayene-hizmetleri\/kalite-kontrol-personel-tedarik\/","name":"Uzman Kalite Kontrol Personel Tedari\u011fi - RM Mechatronics","isPartOf":{"@id":"https:\/\/rm-mechatronics.com\/tr\/#website"},"datePublished":"2022-06-28T17:42:16+00:00","dateModified":"2022-06-28T18:20:33+00:00","description":"RM Mekatronik T\u00fcrkiye ve d\u00fcnya \u00e7ap\u0131nda a\u015fa\u011f\u0131daki nitelikli inspekt\u00f6rleri tam zamanl\u0131 veya yar\u0131 zamanl\u0131 olarak tedarik etmektedir.\u00a0","breadcrumb":{"@id":"https:\/\/rm-mechatronics.com\/tr\/periyodik-muayene-hizmetleri\/kalite-kontrol-personel-tedarik\/#breadcrumb"},"inLanguage":"tr","potentialAction":[{"@type":"ReadAction","target":["https:\/\/rm-mechatronics.com\/tr\/periyodik-muayene-hizmetleri\/kalite-kontrol-personel-tedarik\/"]}]},{"@type":"BreadcrumbList","@id":"https:\/\/rm-mechatronics.com\/tr\/periyodik-muayene-hizmetleri\/kalite-kontrol-personel-tedarik\/#breadcrumb","itemListElement":[{"@type":"ListItem","position":1,"name":"Anasayfa","item":"https:\/\/rm-mechatronics.com\/tr\/"},{"@type":"ListItem","position":2,"name":"Periyodik Kontrol Hizmetleri","item":"https:\/\/rm-mechatronics.com\/tr\/periyodik-muayene-hizmetleri\/"},{"@type":"ListItem","position":3,"name":"Uzman Kalite Kontrol Personel Tedari\u011fi"}]},{"@type":"WebSite","@id":"https:\/\/rm-mechatronics.com\/tr\/#website","url":"https:\/\/rm-mechatronics.com\/tr\/","name":"RM Mechatronics","description":"Kalite Kontrol Denetim ve M\u00fchendislik Hizmetleri","publisher":{"@id":"https:\/\/rm-mechatronics.com\/tr\/#organization"},"potentialAction":[{"@type":"SearchAction","target":{"@type":"EntryPoint","urlTemplate":"https:\/\/rm-mechatronics.com\/tr\/?s={search_term_string}"},"query-input":"required name=search_term_string"}],"inLanguage":"tr"},{"@type":"Organization","@id":"https:\/\/rm-mechatronics.com\/tr\/#organization","name":"RM-Mechatronics","url":"https:\/\/rm-mechatronics.com\/tr\/","sameAs":[],"logo":{"@type":"ImageObject","inLanguage":"tr","@id":"https:\/\/rm-mechatronics.com\/tr\/#\/schema\/logo\/image\/","url":"https:\/\/rm-mechatronics.com\/wp-content\/uploads\/2020\/08\/small_RM_ORIGINAL-1.png","contentUrl":"https:\/\/rm-mechatronics.com\/wp-content\/uploads\/2020\/08\/small_RM_ORIGINAL-1.png","width":302,"height":112,"caption":"RM-Mechatronics"},"image":{"@id":"https:\/\/rm-mechatronics.com\/tr\/#\/schema\/logo\/image\/"}},{"@type":"Person","@id":"https:\/\/rm-mechatronics.com\/tr\/#\/schema\/person\/975374cd7539c0f1081340b800a63482","name":"admin"}]}},"_links":{"self":[{"href":"https:\/\/rm-mechatronics.com\/tr\/wp-json\/wp\/v2\/pages\/3849"}],"collection":[{"href":"https:\/\/rm-mechatronics.com\/tr\/wp-json\/wp\/v2\/pages"}],"about":[{"href":"https:\/\/rm-mechatronics.com\/tr\/wp-json\/wp\/v2\/types\/page"}],"author":[{"embeddable":true,"href":"https:\/\/rm-mechatronics.com\/tr\/wp-json\/wp\/v2\/users\/2"}],"replies":[{"embeddable":true,"href":"https:\/\/rm-mechatronics.com\/tr\/wp-json\/wp\/v2\/comments?post=3849"}],"version-history":[{"count":0,"href":"https:\/\/rm-mechatronics.com\/tr\/wp-json\/wp\/v2\/pages\/3849\/revisions"}],"up":[{"embeddable":true,"href":"https:\/\/rm-mechatronics.com\/tr\/wp-json\/wp\/v2\/pages\/3530"}],"wp:featuredmedia":[{"embeddable":true,"href":"https:\/\/rm-mechatronics.com\/tr\/wp-json\/wp\/v2\/media\/2619"}],"wp:attachment":[{"href":"https:\/\/rm-mechatronics.com\/tr\/wp-json\/wp\/v2\/media?parent=3849"}],"curies":[{"name":"wp","href":"https:\/\/api.w.org\/{rel}","templated":true}]}}