{"id":3626,"date":"2022-04-16T15:44:55","date_gmt":"2022-04-16T12:44:55","guid":{"rendered":"https:\/\/rm-mechatronics.com\/hizmetlerimiz\/endustriyel-kontrol-hizmetleri\/third-party-inspection-services\/"},"modified":"2022-05-30T13:08:35","modified_gmt":"2022-05-30T10:08:35","slug":"3-taraf-gozetim-denetim","status":"publish","type":"page","link":"https:\/\/rm-mechatronics.com\/tr\/hizmetlerimiz\/endustriyel-kontrol-hizmetleri\/3-taraf-gozetim-denetim\/","title":{"rendered":"3. Taraf G\u00f6zetim Denetim"},"content":{"rendered":"<p>Bu kapsamda projelerinizin veya ta\u015feronlar\u0131n\u0131z\u0131n s\u00fcre\u00e7 kontrolleri RM Mechatronics \u00fcst y\u00f6netimi taraf\u0131ndan belirlenen ba\u011f\u0131ms\u0131zl\u0131k, tarafs\u0131zl\u0131k ve davran\u0131\u015f taahh\u00fctleri \u00e7er\u00e7evesinde titizlikle ger\u00e7ekle\u015ftirilmektedir.<\/p>\n<p>Olu\u015fturulan tarafs\u0131z fotografik, kolay anla\u015f\u0131l\u0131r kontrol raporlar\u0131 sayesinde ger\u00e7ekle\u015ftirilen denetimlerin sonu\u00e7lar\u0131 t\u00fcm taraflara iletilir.<\/p>\n<p>3.Taraf G\u00f6zetim Denetim hizmetleri kapsam\u0131nda \u00fcretim\/montaj takibi, imalat prosed\u00fcrlerinin \u015fartname ve standartlara uygunlu\u011funun takibi, personel, ekipman ve sarf malzemelerin taraflarca el s\u0131k\u0131\u015f\u0131lan i\u015f emirlerine uygunlu\u011funun takibi, yap\u0131lan tahribatl\u0131 ve tahribats\u0131z testlere nezaret edilmesi ve i\u015f g\u00fcvenli\u011fi kontrol\u00fc deneyimli ve \u00e7evik RM Mechatronics kadrosuyla ger\u00e7ekle\u015ftirilmektedir.<\/p>\n<p><strong>M\u00fc\u015fterilerimize sundu\u011fumuz hizmet listesi i\u00e7erisinde 3. Taraf G\u00f6zetim Denetim hizmetleri a\u015fa\u011f\u0131daki s\u00fcre\u00e7leri kapsamaktad\u0131r.<\/strong><\/p>\n<ul>\n<li>Dizayn hesaplamalar\u0131 kontrollerinin sa\u011flanmas\u0131,<\/li>\n<li>Kalite Kontrol Plan\u0131n\u0131n (ITP) de\u011ferlendirilmesi sayesinde fiyat\/performans kontrol\u00fcn\u00fcn sa\u011flanmas\u0131,<\/li>\n<li>\u0130malatta kullan\u0131lacak olan sarf malzemelerin ve teknik malzeme sertifikalar\u0131n\u0131n uyumlulu\u011funun incelenmesi,<\/li>\n<li>\u00dcretim a\u015famas\u0131nda kullan\u0131lan kaynak prosed\u00fcrleri ve kaynak\u00e7\u0131 sertifikalar\u0131n\u0131n denetlenmesi,<\/li>\n<li>\u00dcretim a\u015famas\u0131nda kullan\u0131lan kaynak prosed\u00fcrleri ve kaynak\u00e7\u0131 sertifikalar\u0131n\u0131n denetlenmesi,<\/li>\n<li>Kaynak prosed\u00fcrleri ile kaynak ba\u011flant\u0131 noktalar\u0131n\u0131n g\u00f6rsel uyum kontrollerinin yap\u0131lmas\u0131,<\/li>\n<li>\u0130malat\u00e7\u0131 taraf\u0131ndan yapt\u0131r\u0131lacak olan tahribatl\u0131 ve tahribats\u0131z testlere (NDT) nezaret edilmesi,<\/li>\n<li>Tahribatl\u0131 ve Tahribats\u0131z Muayene (NDT) raporlar\u0131n\u0131n incelenmesi,<\/li>\n<li>\u0130malat a\u015famalar\u0131na nezaret edilmesi, (y\u00fczey haz\u0131rlama, y\u00fck testi, boya a\u015famalar\u0131, hidrostatik test, \u00f6l\u00e7\u00fc kontrolleri\u2026vb)<\/li>\n<li>Kalite Dosyalar\u0131n\u0131n Kontrol\u00fcn\u00fcn sa\u011flanmas\u0131,<\/li>\n<li>\u0130malat\u0131 tamamlanan \u00fcr\u00fcnlerin y\u00fckleme a\u015famalar\u0131na nezaret edilmesi,<\/li>\n<\/ul>\n<p><strong>Yukar\u0131da belirtilen proje g\u00f6zetim hizmetleri \u015fu end\u00fcstrilerde ger\u00e7ekle\u015ftirilmektedir:<\/strong><\/p>\n<ul>\n<li>\u00c7elik konstr\u00fcksiyonlar<\/li>\n<li>Havaalanlar\u0131<\/li>\n<li>Limanlar<\/li>\n<li>Vin\u00e7ler<\/li>\n<li>Demiryolu ve istasyonlar<\/li>\n<li>Kimyasal tesisler<\/li>\n<li>Ham petrol tesisleri<\/li>\n<li>Su ar\u0131tma tesisleri<\/li>\n<li>N\u00fckleer enerji santralleri<\/li>\n<li>Buhar jenerat\u00f6rleri<\/li>\n<li>Gaz trib\u00fcnleri<\/li>\n<li>R\u00fczg\u00e2r enerjisi santralleri<\/li>\n<li>Su yap\u0131lar\u0131<\/li>\n<li>Bas\u0131n\u00e7l\u0131 kaplar<\/li>\n<li>Vanalar<\/li>\n<li>Borular<\/li>\n<li>K\u00f6pr\u00fcler<\/li>\n<li>Uzay \u00e7at\u0131<\/li>\n<li>T\u00fcp ve k\u00fcre tank<\/li>\n<\/ul>\n","protected":false},"excerpt":{"rendered":"<p>Bu kapsamda projelerinizin veya ta\u015feronlar\u0131n\u0131z\u0131n s\u00fcre\u00e7 kontrolleri RM Mechatronics \u00fcst y\u00f6netimi taraf\u0131ndan belirlenen ba\u011f\u0131ms\u0131zl\u0131k, tarafs\u0131zl\u0131k ve davran\u0131\u015f taahh\u00fctleri \u00e7er\u00e7evesinde titizlikle ger\u00e7ekle\u015ftirilmektedir. Olu\u015fturulan tarafs\u0131z fotografik, kolay anla\u015f\u0131l\u0131r kontrol raporlar\u0131 sayesinde ger\u00e7ekle\u015ftirilen denetimlerin sonu\u00e7lar\u0131 t\u00fcm taraflara iletilir. 3.Taraf G\u00f6zetim Denetim hizmetleri kapsam\u0131nda \u00fcretim\/montaj takibi, imalat prosed\u00fcrlerinin \u015fartname ve standartlara uygunlu\u011funun takibi, personel, ekipman ve sarf malzemelerin taraflarca &hellip;<\/p>\n","protected":false},"author":2,"featured_media":0,"parent":69,"menu_order":0,"comment_status":"closed","ping_status":"closed","template":"","meta":{"footnotes":""},"acf":[],"yoast_head":"<!-- This site is optimized with the Yoast SEO plugin v19.8 - https:\/\/yoast.com\/wordpress\/plugins\/seo\/ -->\n<title>3. Taraf G\u00f6zetim Denetim - RM Mechatronics<\/title>\n<meta name=\"description\" content=\"Taraf G\u00f6zetim Denetim hizmetleri i\u015f g\u00fcvenli\u011fi kontrol\u00fc deneyimli ve \u00e7evik RM Mechatronics kadrosuyla ger\u00e7ekle\u015ftirilmektedir.\" \/>\n<meta name=\"robots\" content=\"index, follow, max-snippet:-1, max-image-preview:large, max-video-preview:-1\" \/>\n<link rel=\"canonical\" href=\"https:\/\/rm-mechatronics.com\/tr\/hizmetlerimiz\/endustriyel-kontrol-hizmetleri\/3-taraf-gozetim-denetim\/\" \/>\n<meta name=\"twitter:label1\" content=\"Tahmini okuma s\u00fcresi\" \/>\n\t<meta name=\"twitter:data1\" content=\"2 dakika\" \/>\n<script type=\"application\/ld+json\" class=\"yoast-schema-graph\">{\"@context\":\"https:\/\/schema.org\",\"@graph\":[{\"@type\":\"Article\",\"@id\":\"https:\/\/rm-mechatronics.com\/tr\/hizmetlerimiz\/endustriyel-kontrol-hizmetleri\/3-taraf-gozetim-denetim\/#article\",\"isPartOf\":{\"@id\":\"https:\/\/rm-mechatronics.com\/tr\/hizmetlerimiz\/endustriyel-kontrol-hizmetleri\/3-taraf-gozetim-denetim\/\"},\"author\":{\"name\":\"admin\",\"@id\":\"https:\/\/rm-mechatronics.com\/tr\/#\/schema\/person\/975374cd7539c0f1081340b800a63482\"},\"headline\":\"3. Taraf G\u00f6zetim Denetim\",\"datePublished\":\"2022-04-16T12:44:55+00:00\",\"dateModified\":\"2022-05-30T10:08:35+00:00\",\"mainEntityOfPage\":{\"@id\":\"https:\/\/rm-mechatronics.com\/tr\/hizmetlerimiz\/endustriyel-kontrol-hizmetleri\/3-taraf-gozetim-denetim\/\"},\"wordCount\":357,\"publisher\":{\"@id\":\"https:\/\/rm-mechatronics.com\/tr\/#organization\"},\"inLanguage\":\"tr\"},{\"@type\":\"WebPage\",\"@id\":\"https:\/\/rm-mechatronics.com\/tr\/hizmetlerimiz\/endustriyel-kontrol-hizmetleri\/3-taraf-gozetim-denetim\/\",\"url\":\"https:\/\/rm-mechatronics.com\/tr\/hizmetlerimiz\/endustriyel-kontrol-hizmetleri\/3-taraf-gozetim-denetim\/\",\"name\":\"3. Taraf G\u00f6zetim Denetim - RM Mechatronics\",\"isPartOf\":{\"@id\":\"https:\/\/rm-mechatronics.com\/tr\/#website\"},\"datePublished\":\"2022-04-16T12:44:55+00:00\",\"dateModified\":\"2022-05-30T10:08:35+00:00\",\"description\":\"Taraf G\u00f6zetim Denetim hizmetleri i\u015f g\u00fcvenli\u011fi kontrol\u00fc deneyimli ve \u00e7evik RM Mechatronics kadrosuyla ger\u00e7ekle\u015ftirilmektedir.\",\"breadcrumb\":{\"@id\":\"https:\/\/rm-mechatronics.com\/tr\/hizmetlerimiz\/endustriyel-kontrol-hizmetleri\/3-taraf-gozetim-denetim\/#breadcrumb\"},\"inLanguage\":\"tr\",\"potentialAction\":[{\"@type\":\"ReadAction\",\"target\":[\"https:\/\/rm-mechatronics.com\/tr\/hizmetlerimiz\/endustriyel-kontrol-hizmetleri\/3-taraf-gozetim-denetim\/\"]}]},{\"@type\":\"BreadcrumbList\",\"@id\":\"https:\/\/rm-mechatronics.com\/tr\/hizmetlerimiz\/endustriyel-kontrol-hizmetleri\/3-taraf-gozetim-denetim\/#breadcrumb\",\"itemListElement\":[{\"@type\":\"ListItem\",\"position\":1,\"name\":\"Anasayfa\",\"item\":\"https:\/\/rm-mechatronics.com\/tr\/\"},{\"@type\":\"ListItem\",\"position\":2,\"name\":\"Hizmetlerimiz\",\"item\":\"https:\/\/rm-mechatronics.com\/tr\/hizmetlerimiz\/\"},{\"@type\":\"ListItem\",\"position\":3,\"name\":\"End\u00fcstriyel Kontrol Hizmetleri\",\"item\":\"https:\/\/rm-mechatronics.com\/tr\/hizmetlerimiz\/endustriyel-kontrol-hizmetleri\/\"},{\"@type\":\"ListItem\",\"position\":4,\"name\":\"3. Taraf G\u00f6zetim Denetim\"}]},{\"@type\":\"WebSite\",\"@id\":\"https:\/\/rm-mechatronics.com\/tr\/#website\",\"url\":\"https:\/\/rm-mechatronics.com\/tr\/\",\"name\":\"RM Mechatronics\",\"description\":\"Kalite Kontrol Denetim ve M\u00fchendislik Hizmetleri\",\"publisher\":{\"@id\":\"https:\/\/rm-mechatronics.com\/tr\/#organization\"},\"potentialAction\":[{\"@type\":\"SearchAction\",\"target\":{\"@type\":\"EntryPoint\",\"urlTemplate\":\"https:\/\/rm-mechatronics.com\/tr\/?s={search_term_string}\"},\"query-input\":\"required name=search_term_string\"}],\"inLanguage\":\"tr\"},{\"@type\":\"Organization\",\"@id\":\"https:\/\/rm-mechatronics.com\/tr\/#organization\",\"name\":\"RM-Mechatronics\",\"url\":\"https:\/\/rm-mechatronics.com\/tr\/\",\"sameAs\":[],\"logo\":{\"@type\":\"ImageObject\",\"inLanguage\":\"tr\",\"@id\":\"https:\/\/rm-mechatronics.com\/tr\/#\/schema\/logo\/image\/\",\"url\":\"https:\/\/rm-mechatronics.com\/wp-content\/uploads\/2020\/08\/small_RM_ORIGINAL-1.png\",\"contentUrl\":\"https:\/\/rm-mechatronics.com\/wp-content\/uploads\/2020\/08\/small_RM_ORIGINAL-1.png\",\"width\":302,\"height\":112,\"caption\":\"RM-Mechatronics\"},\"image\":{\"@id\":\"https:\/\/rm-mechatronics.com\/tr\/#\/schema\/logo\/image\/\"}},{\"@type\":\"Person\",\"@id\":\"https:\/\/rm-mechatronics.com\/tr\/#\/schema\/person\/975374cd7539c0f1081340b800a63482\",\"name\":\"admin\"}]}<\/script>\n<!-- \/ Yoast SEO plugin. -->","yoast_head_json":{"title":"3. Taraf G\u00f6zetim Denetim - RM Mechatronics","description":"Taraf G\u00f6zetim Denetim hizmetleri i\u015f g\u00fcvenli\u011fi kontrol\u00fc deneyimli ve \u00e7evik RM Mechatronics kadrosuyla ger\u00e7ekle\u015ftirilmektedir.","robots":{"index":"index","follow":"follow","max-snippet":"max-snippet:-1","max-image-preview":"max-image-preview:large","max-video-preview":"max-video-preview:-1"},"canonical":"https:\/\/rm-mechatronics.com\/tr\/hizmetlerimiz\/endustriyel-kontrol-hizmetleri\/3-taraf-gozetim-denetim\/","twitter_misc":{"Tahmini okuma s\u00fcresi":"2 dakika"},"schema":{"@context":"https:\/\/schema.org","@graph":[{"@type":"Article","@id":"https:\/\/rm-mechatronics.com\/tr\/hizmetlerimiz\/endustriyel-kontrol-hizmetleri\/3-taraf-gozetim-denetim\/#article","isPartOf":{"@id":"https:\/\/rm-mechatronics.com\/tr\/hizmetlerimiz\/endustriyel-kontrol-hizmetleri\/3-taraf-gozetim-denetim\/"},"author":{"name":"admin","@id":"https:\/\/rm-mechatronics.com\/tr\/#\/schema\/person\/975374cd7539c0f1081340b800a63482"},"headline":"3. Taraf G\u00f6zetim Denetim","datePublished":"2022-04-16T12:44:55+00:00","dateModified":"2022-05-30T10:08:35+00:00","mainEntityOfPage":{"@id":"https:\/\/rm-mechatronics.com\/tr\/hizmetlerimiz\/endustriyel-kontrol-hizmetleri\/3-taraf-gozetim-denetim\/"},"wordCount":357,"publisher":{"@id":"https:\/\/rm-mechatronics.com\/tr\/#organization"},"inLanguage":"tr"},{"@type":"WebPage","@id":"https:\/\/rm-mechatronics.com\/tr\/hizmetlerimiz\/endustriyel-kontrol-hizmetleri\/3-taraf-gozetim-denetim\/","url":"https:\/\/rm-mechatronics.com\/tr\/hizmetlerimiz\/endustriyel-kontrol-hizmetleri\/3-taraf-gozetim-denetim\/","name":"3. Taraf G\u00f6zetim Denetim - RM Mechatronics","isPartOf":{"@id":"https:\/\/rm-mechatronics.com\/tr\/#website"},"datePublished":"2022-04-16T12:44:55+00:00","dateModified":"2022-05-30T10:08:35+00:00","description":"Taraf G\u00f6zetim Denetim hizmetleri i\u015f g\u00fcvenli\u011fi kontrol\u00fc deneyimli ve \u00e7evik RM Mechatronics kadrosuyla ger\u00e7ekle\u015ftirilmektedir.","breadcrumb":{"@id":"https:\/\/rm-mechatronics.com\/tr\/hizmetlerimiz\/endustriyel-kontrol-hizmetleri\/3-taraf-gozetim-denetim\/#breadcrumb"},"inLanguage":"tr","potentialAction":[{"@type":"ReadAction","target":["https:\/\/rm-mechatronics.com\/tr\/hizmetlerimiz\/endustriyel-kontrol-hizmetleri\/3-taraf-gozetim-denetim\/"]}]},{"@type":"BreadcrumbList","@id":"https:\/\/rm-mechatronics.com\/tr\/hizmetlerimiz\/endustriyel-kontrol-hizmetleri\/3-taraf-gozetim-denetim\/#breadcrumb","itemListElement":[{"@type":"ListItem","position":1,"name":"Anasayfa","item":"https:\/\/rm-mechatronics.com\/tr\/"},{"@type":"ListItem","position":2,"name":"Hizmetlerimiz","item":"https:\/\/rm-mechatronics.com\/tr\/hizmetlerimiz\/"},{"@type":"ListItem","position":3,"name":"End\u00fcstriyel Kontrol Hizmetleri","item":"https:\/\/rm-mechatronics.com\/tr\/hizmetlerimiz\/endustriyel-kontrol-hizmetleri\/"},{"@type":"ListItem","position":4,"name":"3. Taraf G\u00f6zetim Denetim"}]},{"@type":"WebSite","@id":"https:\/\/rm-mechatronics.com\/tr\/#website","url":"https:\/\/rm-mechatronics.com\/tr\/","name":"RM Mechatronics","description":"Kalite Kontrol Denetim ve M\u00fchendislik Hizmetleri","publisher":{"@id":"https:\/\/rm-mechatronics.com\/tr\/#organization"},"potentialAction":[{"@type":"SearchAction","target":{"@type":"EntryPoint","urlTemplate":"https:\/\/rm-mechatronics.com\/tr\/?s={search_term_string}"},"query-input":"required name=search_term_string"}],"inLanguage":"tr"},{"@type":"Organization","@id":"https:\/\/rm-mechatronics.com\/tr\/#organization","name":"RM-Mechatronics","url":"https:\/\/rm-mechatronics.com\/tr\/","sameAs":[],"logo":{"@type":"ImageObject","inLanguage":"tr","@id":"https:\/\/rm-mechatronics.com\/tr\/#\/schema\/logo\/image\/","url":"https:\/\/rm-mechatronics.com\/wp-content\/uploads\/2020\/08\/small_RM_ORIGINAL-1.png","contentUrl":"https:\/\/rm-mechatronics.com\/wp-content\/uploads\/2020\/08\/small_RM_ORIGINAL-1.png","width":302,"height":112,"caption":"RM-Mechatronics"},"image":{"@id":"https:\/\/rm-mechatronics.com\/tr\/#\/schema\/logo\/image\/"}},{"@type":"Person","@id":"https:\/\/rm-mechatronics.com\/tr\/#\/schema\/person\/975374cd7539c0f1081340b800a63482","name":"admin"}]}},"_links":{"self":[{"href":"https:\/\/rm-mechatronics.com\/tr\/wp-json\/wp\/v2\/pages\/3626"}],"collection":[{"href":"https:\/\/rm-mechatronics.com\/tr\/wp-json\/wp\/v2\/pages"}],"about":[{"href":"https:\/\/rm-mechatronics.com\/tr\/wp-json\/wp\/v2\/types\/page"}],"author":[{"embeddable":true,"href":"https:\/\/rm-mechatronics.com\/tr\/wp-json\/wp\/v2\/users\/2"}],"replies":[{"embeddable":true,"href":"https:\/\/rm-mechatronics.com\/tr\/wp-json\/wp\/v2\/comments?post=3626"}],"version-history":[{"count":0,"href":"https:\/\/rm-mechatronics.com\/tr\/wp-json\/wp\/v2\/pages\/3626\/revisions"}],"up":[{"embeddable":true,"href":"https:\/\/rm-mechatronics.com\/tr\/wp-json\/wp\/v2\/pages\/69"}],"wp:attachment":[{"href":"https:\/\/rm-mechatronics.com\/tr\/wp-json\/wp\/v2\/media?parent=3626"}],"curies":[{"name":"wp","href":"https:\/\/api.w.org\/{rel}","templated":true}]}}