{"id":3614,"date":"2022-04-17T15:24:03","date_gmt":"2022-04-17T12:24:03","guid":{"rendered":"https:\/\/rm-mechatronics.com\/hizmetlerimiz\/egitim-hizmetleri\/welding-training\/"},"modified":"2022-05-30T13:21:58","modified_gmt":"2022-05-30T10:21:58","slug":"kaynak-egitimleri","status":"publish","type":"page","link":"https:\/\/rm-mechatronics.com\/tr\/hizmetlerimiz\/egitim-hizmetleri\/kaynak-egitimleri\/","title":{"rendered":"Kaynak E\u011fitimleri"},"content":{"rendered":"<p>Kaynakl\u0131 imalat yapan i\u015fletmelerde kaynak\u00e7\u0131 olarak \u00e7al\u0131\u015fanlar\u0131n\/\u00e7al\u0131\u015ft\u0131r\u0131lacaklar\u0131n, kulland\u0131klar\u0131 kaynak metotlar\u0131na uygun olarak teorik ve uygulamal\u0131 e\u011fitim verilmesi ve belgelendirilmesi ama\u00e7lanmaktad\u0131r.<\/p>\n<p>E\u011fitimler ve belgelendirme a\u015fa\u011f\u0131da belirtilen 5 y\u00f6ntemde mod\u00fcler olarak yap\u0131lacakt\u0131r;<\/p>\n<ul>\n<li>Elektrik Ark Kayna\u011f\u0131<\/li>\n<li>Gazalt\u0131 MIG\/MAG Kayna\u011f\u0131<\/li>\n<li>TIG(Argon) Kayna\u011f\u0131<\/li>\n<li>Oksi-Asetilen Kayna\u011f\u0131<\/li>\n<li>Polietilen Kayna\u011f\u0131<\/li>\n<\/ul>\n","protected":false},"excerpt":{"rendered":"<p>Kaynakl\u0131 imalat yapan i\u015fletmelerde kaynak\u00e7\u0131 olarak \u00e7al\u0131\u015fanlar\u0131n\/\u00e7al\u0131\u015ft\u0131r\u0131lacaklar\u0131n, kulland\u0131klar\u0131 kaynak metotlar\u0131na uygun olarak teorik ve uygulamal\u0131 e\u011fitim verilmesi ve belgelendirilmesi ama\u00e7lanmaktad\u0131r. E\u011fitimler ve belgelendirme a\u015fa\u011f\u0131da belirtilen 5 y\u00f6ntemde mod\u00fcler olarak yap\u0131lacakt\u0131r; Elektrik Ark Kayna\u011f\u0131 Gazalt\u0131 MIG\/MAG Kayna\u011f\u0131 TIG(Argon) Kayna\u011f\u0131 Oksi-Asetilen Kayna\u011f\u0131 Polietilen Kayna\u011f\u0131<\/p>\n","protected":false},"author":2,"featured_media":0,"parent":73,"menu_order":0,"comment_status":"closed","ping_status":"closed","template":"","meta":{"footnotes":""},"acf":[],"yoast_head":"<!-- This site is optimized with the Yoast SEO plugin v19.8 - https:\/\/yoast.com\/wordpress\/plugins\/seo\/ -->\n<title>Kaynak E\u011fitimleri - RM Mechatronics<\/title>\n<meta name=\"description\" content=\"Kaynak\u00e7\u0131lar\u0131n kulland\u0131klar\u0131 kaynak metotlar\u0131na uygun olarak teorik ve uygulamal\u0131 e\u011fitim verilmesi ve belgelendirilmesi ama\u00e7lanmaktad\u0131r.\" \/>\n<meta name=\"robots\" content=\"index, follow, max-snippet:-1, max-image-preview:large, max-video-preview:-1\" \/>\n<link rel=\"canonical\" href=\"https:\/\/rm-mechatronics.com\/tr\/hizmetlerimiz\/egitim-hizmetleri\/kaynak-egitimleri\/\" \/>\n<meta name=\"twitter:label1\" content=\"Tahmini okuma s\u00fcresi\" \/>\n\t<meta name=\"twitter:data1\" content=\"1 dakika\" \/>\n<script type=\"application\/ld+json\" class=\"yoast-schema-graph\">{\"@context\":\"https:\/\/schema.org\",\"@graph\":[{\"@type\":\"Article\",\"@id\":\"https:\/\/rm-mechatronics.com\/tr\/hizmetlerimiz\/egitim-hizmetleri\/kaynak-egitimleri\/#article\",\"isPartOf\":{\"@id\":\"https:\/\/rm-mechatronics.com\/tr\/hizmetlerimiz\/egitim-hizmetleri\/kaynak-egitimleri\/\"},\"author\":{\"name\":\"admin\",\"@id\":\"https:\/\/rm-mechatronics.com\/tr\/#\/schema\/person\/975374cd7539c0f1081340b800a63482\"},\"headline\":\"Kaynak E\u011fitimleri\",\"datePublished\":\"2022-04-17T12:24:03+00:00\",\"dateModified\":\"2022-05-30T10:21:58+00:00\",\"mainEntityOfPage\":{\"@id\":\"https:\/\/rm-mechatronics.com\/tr\/hizmetlerimiz\/egitim-hizmetleri\/kaynak-egitimleri\/\"},\"wordCount\":66,\"publisher\":{\"@id\":\"https:\/\/rm-mechatronics.com\/tr\/#organization\"},\"inLanguage\":\"tr\"},{\"@type\":\"WebPage\",\"@id\":\"https:\/\/rm-mechatronics.com\/tr\/hizmetlerimiz\/egitim-hizmetleri\/kaynak-egitimleri\/\",\"url\":\"https:\/\/rm-mechatronics.com\/tr\/hizmetlerimiz\/egitim-hizmetleri\/kaynak-egitimleri\/\",\"name\":\"Kaynak E\u011fitimleri - RM Mechatronics\",\"isPartOf\":{\"@id\":\"https:\/\/rm-mechatronics.com\/tr\/#website\"},\"datePublished\":\"2022-04-17T12:24:03+00:00\",\"dateModified\":\"2022-05-30T10:21:58+00:00\",\"description\":\"Kaynak\u00e7\u0131lar\u0131n kulland\u0131klar\u0131 kaynak metotlar\u0131na uygun olarak teorik ve uygulamal\u0131 e\u011fitim verilmesi ve belgelendirilmesi ama\u00e7lanmaktad\u0131r.\",\"breadcrumb\":{\"@id\":\"https:\/\/rm-mechatronics.com\/tr\/hizmetlerimiz\/egitim-hizmetleri\/kaynak-egitimleri\/#breadcrumb\"},\"inLanguage\":\"tr\",\"potentialAction\":[{\"@type\":\"ReadAction\",\"target\":[\"https:\/\/rm-mechatronics.com\/tr\/hizmetlerimiz\/egitim-hizmetleri\/kaynak-egitimleri\/\"]}]},{\"@type\":\"BreadcrumbList\",\"@id\":\"https:\/\/rm-mechatronics.com\/tr\/hizmetlerimiz\/egitim-hizmetleri\/kaynak-egitimleri\/#breadcrumb\",\"itemListElement\":[{\"@type\":\"ListItem\",\"position\":1,\"name\":\"Anasayfa\",\"item\":\"https:\/\/rm-mechatronics.com\/tr\/\"},{\"@type\":\"ListItem\",\"position\":2,\"name\":\"Hizmetlerimiz\",\"item\":\"https:\/\/rm-mechatronics.com\/tr\/hizmetlerimiz\/\"},{\"@type\":\"ListItem\",\"position\":3,\"name\":\"E\u011fitim Hizmetleri\",\"item\":\"https:\/\/rm-mechatronics.com\/tr\/hizmetlerimiz\/egitim-hizmetleri\/\"},{\"@type\":\"ListItem\",\"position\":4,\"name\":\"Kaynak E\u011fitimleri\"}]},{\"@type\":\"WebSite\",\"@id\":\"https:\/\/rm-mechatronics.com\/tr\/#website\",\"url\":\"https:\/\/rm-mechatronics.com\/tr\/\",\"name\":\"RM Mechatronics\",\"description\":\"Kalite Kontrol Denetim ve M\u00fchendislik Hizmetleri\",\"publisher\":{\"@id\":\"https:\/\/rm-mechatronics.com\/tr\/#organization\"},\"potentialAction\":[{\"@type\":\"SearchAction\",\"target\":{\"@type\":\"EntryPoint\",\"urlTemplate\":\"https:\/\/rm-mechatronics.com\/tr\/?s={search_term_string}\"},\"query-input\":\"required name=search_term_string\"}],\"inLanguage\":\"tr\"},{\"@type\":\"Organization\",\"@id\":\"https:\/\/rm-mechatronics.com\/tr\/#organization\",\"name\":\"RM-Mechatronics\",\"url\":\"https:\/\/rm-mechatronics.com\/tr\/\",\"sameAs\":[],\"logo\":{\"@type\":\"ImageObject\",\"inLanguage\":\"tr\",\"@id\":\"https:\/\/rm-mechatronics.com\/tr\/#\/schema\/logo\/image\/\",\"url\":\"https:\/\/rm-mechatronics.com\/wp-content\/uploads\/2020\/08\/small_RM_ORIGINAL-1.png\",\"contentUrl\":\"https:\/\/rm-mechatronics.com\/wp-content\/uploads\/2020\/08\/small_RM_ORIGINAL-1.png\",\"width\":302,\"height\":112,\"caption\":\"RM-Mechatronics\"},\"image\":{\"@id\":\"https:\/\/rm-mechatronics.com\/tr\/#\/schema\/logo\/image\/\"}},{\"@type\":\"Person\",\"@id\":\"https:\/\/rm-mechatronics.com\/tr\/#\/schema\/person\/975374cd7539c0f1081340b800a63482\",\"name\":\"admin\"}]}<\/script>\n<!-- \/ Yoast SEO plugin. -->","yoast_head_json":{"title":"Kaynak E\u011fitimleri - RM Mechatronics","description":"Kaynak\u00e7\u0131lar\u0131n kulland\u0131klar\u0131 kaynak metotlar\u0131na uygun olarak teorik ve uygulamal\u0131 e\u011fitim verilmesi ve belgelendirilmesi ama\u00e7lanmaktad\u0131r.","robots":{"index":"index","follow":"follow","max-snippet":"max-snippet:-1","max-image-preview":"max-image-preview:large","max-video-preview":"max-video-preview:-1"},"canonical":"https:\/\/rm-mechatronics.com\/tr\/hizmetlerimiz\/egitim-hizmetleri\/kaynak-egitimleri\/","twitter_misc":{"Tahmini okuma s\u00fcresi":"1 dakika"},"schema":{"@context":"https:\/\/schema.org","@graph":[{"@type":"Article","@id":"https:\/\/rm-mechatronics.com\/tr\/hizmetlerimiz\/egitim-hizmetleri\/kaynak-egitimleri\/#article","isPartOf":{"@id":"https:\/\/rm-mechatronics.com\/tr\/hizmetlerimiz\/egitim-hizmetleri\/kaynak-egitimleri\/"},"author":{"name":"admin","@id":"https:\/\/rm-mechatronics.com\/tr\/#\/schema\/person\/975374cd7539c0f1081340b800a63482"},"headline":"Kaynak E\u011fitimleri","datePublished":"2022-04-17T12:24:03+00:00","dateModified":"2022-05-30T10:21:58+00:00","mainEntityOfPage":{"@id":"https:\/\/rm-mechatronics.com\/tr\/hizmetlerimiz\/egitim-hizmetleri\/kaynak-egitimleri\/"},"wordCount":66,"publisher":{"@id":"https:\/\/rm-mechatronics.com\/tr\/#organization"},"inLanguage":"tr"},{"@type":"WebPage","@id":"https:\/\/rm-mechatronics.com\/tr\/hizmetlerimiz\/egitim-hizmetleri\/kaynak-egitimleri\/","url":"https:\/\/rm-mechatronics.com\/tr\/hizmetlerimiz\/egitim-hizmetleri\/kaynak-egitimleri\/","name":"Kaynak E\u011fitimleri - RM Mechatronics","isPartOf":{"@id":"https:\/\/rm-mechatronics.com\/tr\/#website"},"datePublished":"2022-04-17T12:24:03+00:00","dateModified":"2022-05-30T10:21:58+00:00","description":"Kaynak\u00e7\u0131lar\u0131n kulland\u0131klar\u0131 kaynak metotlar\u0131na uygun olarak teorik ve uygulamal\u0131 e\u011fitim verilmesi ve belgelendirilmesi ama\u00e7lanmaktad\u0131r.","breadcrumb":{"@id":"https:\/\/rm-mechatronics.com\/tr\/hizmetlerimiz\/egitim-hizmetleri\/kaynak-egitimleri\/#breadcrumb"},"inLanguage":"tr","potentialAction":[{"@type":"ReadAction","target":["https:\/\/rm-mechatronics.com\/tr\/hizmetlerimiz\/egitim-hizmetleri\/kaynak-egitimleri\/"]}]},{"@type":"BreadcrumbList","@id":"https:\/\/rm-mechatronics.com\/tr\/hizmetlerimiz\/egitim-hizmetleri\/kaynak-egitimleri\/#breadcrumb","itemListElement":[{"@type":"ListItem","position":1,"name":"Anasayfa","item":"https:\/\/rm-mechatronics.com\/tr\/"},{"@type":"ListItem","position":2,"name":"Hizmetlerimiz","item":"https:\/\/rm-mechatronics.com\/tr\/hizmetlerimiz\/"},{"@type":"ListItem","position":3,"name":"E\u011fitim Hizmetleri","item":"https:\/\/rm-mechatronics.com\/tr\/hizmetlerimiz\/egitim-hizmetleri\/"},{"@type":"ListItem","position":4,"name":"Kaynak E\u011fitimleri"}]},{"@type":"WebSite","@id":"https:\/\/rm-mechatronics.com\/tr\/#website","url":"https:\/\/rm-mechatronics.com\/tr\/","name":"RM Mechatronics","description":"Kalite Kontrol Denetim ve M\u00fchendislik Hizmetleri","publisher":{"@id":"https:\/\/rm-mechatronics.com\/tr\/#organization"},"potentialAction":[{"@type":"SearchAction","target":{"@type":"EntryPoint","urlTemplate":"https:\/\/rm-mechatronics.com\/tr\/?s={search_term_string}"},"query-input":"required name=search_term_string"}],"inLanguage":"tr"},{"@type":"Organization","@id":"https:\/\/rm-mechatronics.com\/tr\/#organization","name":"RM-Mechatronics","url":"https:\/\/rm-mechatronics.com\/tr\/","sameAs":[],"logo":{"@type":"ImageObject","inLanguage":"tr","@id":"https:\/\/rm-mechatronics.com\/tr\/#\/schema\/logo\/image\/","url":"https:\/\/rm-mechatronics.com\/wp-content\/uploads\/2020\/08\/small_RM_ORIGINAL-1.png","contentUrl":"https:\/\/rm-mechatronics.com\/wp-content\/uploads\/2020\/08\/small_RM_ORIGINAL-1.png","width":302,"height":112,"caption":"RM-Mechatronics"},"image":{"@id":"https:\/\/rm-mechatronics.com\/tr\/#\/schema\/logo\/image\/"}},{"@type":"Person","@id":"https:\/\/rm-mechatronics.com\/tr\/#\/schema\/person\/975374cd7539c0f1081340b800a63482","name":"admin"}]}},"_links":{"self":[{"href":"https:\/\/rm-mechatronics.com\/tr\/wp-json\/wp\/v2\/pages\/3614"}],"collection":[{"href":"https:\/\/rm-mechatronics.com\/tr\/wp-json\/wp\/v2\/pages"}],"about":[{"href":"https:\/\/rm-mechatronics.com\/tr\/wp-json\/wp\/v2\/types\/page"}],"author":[{"embeddable":true,"href":"https:\/\/rm-mechatronics.com\/tr\/wp-json\/wp\/v2\/users\/2"}],"replies":[{"embeddable":true,"href":"https:\/\/rm-mechatronics.com\/tr\/wp-json\/wp\/v2\/comments?post=3614"}],"version-history":[{"count":0,"href":"https:\/\/rm-mechatronics.com\/tr\/wp-json\/wp\/v2\/pages\/3614\/revisions"}],"up":[{"embeddable":true,"href":"https:\/\/rm-mechatronics.com\/tr\/wp-json\/wp\/v2\/pages\/73"}],"wp:attachment":[{"href":"https:\/\/rm-mechatronics.com\/tr\/wp-json\/wp\/v2\/media?parent=3614"}],"curies":[{"name":"wp","href":"https:\/\/api.w.org\/{rel}","templated":true}]}}