{"id":3609,"date":"2022-04-17T15:21:33","date_gmt":"2022-04-17T12:21:33","guid":{"rendered":"https:\/\/rm-mechatronics.com\/hizmetlerimiz\/egitim-hizmetleri\/welder-training\/"},"modified":"2022-04-20T14:22:22","modified_gmt":"2022-04-20T11:22:22","slug":"kaynakci-egitimi","status":"publish","type":"page","link":"https:\/\/rm-mechatronics.com\/tr\/hizmetlerimiz\/egitim-hizmetleri\/kaynakci-egitimi\/","title":{"rendered":"Kaynak\u00e7\u0131 E\u011fitimi"},"content":{"rendered":"<p>Kaynak\u00e7\u0131 e\u011fitimleri bilgi ve becerileri geli\u015ftirmeye y\u00f6nelik, teorik ve pratik bilgilerin aktar\u0131ld\u0131\u011f\u0131 ve birbirlerini takip eden e\u011fitim basamaklar\u0131 olarak s\u0131n\u0131fland\u0131r\u0131lm\u0131\u015flard\u0131r. Kaynak\u00e7\u0131 sertifikalar\u0131, \u00e7elik kaynak\u00e7\u0131lar\u0131 i\u00e7in EN ISO 9606-1, al\u00fcminyum kaynak\u00e7\u0131lar\u0131 i\u00e7in EN ISO 9606-2 \u2018ye g\u00f6re haz\u0131rlan\u0131r.<\/p>\n<p>Kaynak\u00e7\u0131 sertifikas\u0131n\u0131n ge\u00e7erlik s\u00fcresi s\u0131nav tarihinden itibaren iki y\u0131ld\u0131r. Ancak, bu s\u00fcre i\u00e7erisinde, i\u015fine alt\u0131 (6) aydan fazla ara veren kaynak\u00e7\u0131n\u0131n sertifikas\u0131 iptal edilir. Sertifikan\u0131n 6 ayl\u0131k \u00e7al\u0131\u015fma b\u00f6l\u00fcm\u00fc, i\u015fveren veya kaynak\u00e7\u0131lardan sorumlu yetkili ki\u015fi taraf\u0131ndan imzalan\u0131p onaylanarak kaynak\u00e7\u0131n\u0131n \u00e7al\u0131\u015fmaya ara vermedi\u011fi ispatlanmal\u0131d\u0131r.<\/p>\n<p>Kaynak at\u00f6lyesinde \u00e7al\u0131\u015fma yapacak olan kat\u0131l\u0131mc\u0131lar\u0131n a\u015fa\u011f\u0131daki standartlarda belirtilen ekipmanlar\u0131 kullanmalar\u0131 gerekmektedir.<\/p>\n<ul>\n<li>Koruyucu \u0130\u015f Ayakkab\u0131s\u0131 ( EN ISO 20345) *kat\u0131l\u0131mc\u0131ya aittir.<\/li>\n<li>Kaynak Maskesi (EN 175, EN 379)<\/li>\n<li>Deri Eldiven (EN 12477:2001)<\/li>\n<li>Deri \u00d6nl\u00fck (EN ISO 11611:2015 Class 2) *kat\u0131l\u0131mc\u0131ya aittir.<\/li>\n<\/ul>\n","protected":false},"excerpt":{"rendered":"<p>Kaynak\u00e7\u0131 e\u011fitimleri bilgi ve becerileri geli\u015ftirmeye y\u00f6nelik, teorik ve pratik bilgilerin aktar\u0131ld\u0131\u011f\u0131 ve birbirlerini takip eden e\u011fitim basamaklar\u0131 olarak s\u0131n\u0131fland\u0131r\u0131lm\u0131\u015flard\u0131r. Kaynak\u00e7\u0131 sertifikalar\u0131, \u00e7elik kaynak\u00e7\u0131lar\u0131 i\u00e7in EN ISO 9606-1, al\u00fcminyum kaynak\u00e7\u0131lar\u0131 i\u00e7in EN ISO 9606-2 \u2018ye g\u00f6re haz\u0131rlan\u0131r. Kaynak\u00e7\u0131 sertifikas\u0131n\u0131n ge\u00e7erlik s\u00fcresi s\u0131nav tarihinden itibaren iki y\u0131ld\u0131r. Ancak, bu s\u00fcre i\u00e7erisinde, i\u015fine alt\u0131 (6) aydan fazla &hellip;<\/p>\n","protected":false},"author":2,"featured_media":0,"parent":73,"menu_order":0,"comment_status":"closed","ping_status":"closed","template":"","meta":{"footnotes":""},"acf":[],"yoast_head":"<!-- This site is optimized with the Yoast SEO plugin v19.8 - https:\/\/yoast.com\/wordpress\/plugins\/seo\/ -->\n<title>Kaynak\u00e7\u0131 E\u011fitimi - RM Mechatronics<\/title>\n<meta name=\"description\" content=\"Kaynak at\u00f6lyesinde \u00e7al\u0131\u015fma yapacak olan kat\u0131l\u0131mc\u0131lar\u0131n a\u015fa\u011f\u0131daki standartlarda belirtilen ekipmanlar\u0131 kullanmalar\u0131 gerekmektedir.\" \/>\n<meta name=\"robots\" content=\"index, follow, max-snippet:-1, max-image-preview:large, max-video-preview:-1\" \/>\n<link rel=\"canonical\" href=\"https:\/\/rm-mechatronics.com\/tr\/hizmetlerimiz\/egitim-hizmetleri\/kaynakci-egitimi\/\" \/>\n<meta name=\"twitter:label1\" content=\"Tahmini okuma s\u00fcresi\" \/>\n\t<meta name=\"twitter:data1\" content=\"2 dakika\" \/>\n<script type=\"application\/ld+json\" class=\"yoast-schema-graph\">{\"@context\":\"https:\/\/schema.org\",\"@graph\":[{\"@type\":\"Article\",\"@id\":\"https:\/\/rm-mechatronics.com\/tr\/hizmetlerimiz\/egitim-hizmetleri\/kaynakci-egitimi\/#article\",\"isPartOf\":{\"@id\":\"https:\/\/rm-mechatronics.com\/tr\/hizmetlerimiz\/egitim-hizmetleri\/kaynakci-egitimi\/\"},\"author\":{\"name\":\"admin\",\"@id\":\"https:\/\/rm-mechatronics.com\/tr\/#\/schema\/person\/975374cd7539c0f1081340b800a63482\"},\"headline\":\"Kaynak\u00e7\u0131 E\u011fitimi\",\"datePublished\":\"2022-04-17T12:21:33+00:00\",\"dateModified\":\"2022-04-20T11:22:22+00:00\",\"mainEntityOfPage\":{\"@id\":\"https:\/\/rm-mechatronics.com\/tr\/hizmetlerimiz\/egitim-hizmetleri\/kaynakci-egitimi\/\"},\"wordCount\":176,\"publisher\":{\"@id\":\"https:\/\/rm-mechatronics.com\/tr\/#organization\"},\"inLanguage\":\"tr\"},{\"@type\":\"WebPage\",\"@id\":\"https:\/\/rm-mechatronics.com\/tr\/hizmetlerimiz\/egitim-hizmetleri\/kaynakci-egitimi\/\",\"url\":\"https:\/\/rm-mechatronics.com\/tr\/hizmetlerimiz\/egitim-hizmetleri\/kaynakci-egitimi\/\",\"name\":\"Kaynak\u00e7\u0131 E\u011fitimi - RM Mechatronics\",\"isPartOf\":{\"@id\":\"https:\/\/rm-mechatronics.com\/tr\/#website\"},\"datePublished\":\"2022-04-17T12:21:33+00:00\",\"dateModified\":\"2022-04-20T11:22:22+00:00\",\"description\":\"Kaynak at\u00f6lyesinde \u00e7al\u0131\u015fma yapacak olan kat\u0131l\u0131mc\u0131lar\u0131n a\u015fa\u011f\u0131daki standartlarda belirtilen ekipmanlar\u0131 kullanmalar\u0131 gerekmektedir.\",\"breadcrumb\":{\"@id\":\"https:\/\/rm-mechatronics.com\/tr\/hizmetlerimiz\/egitim-hizmetleri\/kaynakci-egitimi\/#breadcrumb\"},\"inLanguage\":\"tr\",\"potentialAction\":[{\"@type\":\"ReadAction\",\"target\":[\"https:\/\/rm-mechatronics.com\/tr\/hizmetlerimiz\/egitim-hizmetleri\/kaynakci-egitimi\/\"]}]},{\"@type\":\"BreadcrumbList\",\"@id\":\"https:\/\/rm-mechatronics.com\/tr\/hizmetlerimiz\/egitim-hizmetleri\/kaynakci-egitimi\/#breadcrumb\",\"itemListElement\":[{\"@type\":\"ListItem\",\"position\":1,\"name\":\"Anasayfa\",\"item\":\"https:\/\/rm-mechatronics.com\/tr\/\"},{\"@type\":\"ListItem\",\"position\":2,\"name\":\"Hizmetlerimiz\",\"item\":\"https:\/\/rm-mechatronics.com\/tr\/hizmetlerimiz\/\"},{\"@type\":\"ListItem\",\"position\":3,\"name\":\"E\u011fitim Hizmetleri\",\"item\":\"https:\/\/rm-mechatronics.com\/tr\/hizmetlerimiz\/egitim-hizmetleri\/\"},{\"@type\":\"ListItem\",\"position\":4,\"name\":\"Kaynak\u00e7\u0131 E\u011fitimi\"}]},{\"@type\":\"WebSite\",\"@id\":\"https:\/\/rm-mechatronics.com\/tr\/#website\",\"url\":\"https:\/\/rm-mechatronics.com\/tr\/\",\"name\":\"RM Mechatronics\",\"description\":\"Kalite Kontrol Denetim ve M\u00fchendislik Hizmetleri\",\"publisher\":{\"@id\":\"https:\/\/rm-mechatronics.com\/tr\/#organization\"},\"potentialAction\":[{\"@type\":\"SearchAction\",\"target\":{\"@type\":\"EntryPoint\",\"urlTemplate\":\"https:\/\/rm-mechatronics.com\/tr\/?s={search_term_string}\"},\"query-input\":\"required name=search_term_string\"}],\"inLanguage\":\"tr\"},{\"@type\":\"Organization\",\"@id\":\"https:\/\/rm-mechatronics.com\/tr\/#organization\",\"name\":\"RM-Mechatronics\",\"url\":\"https:\/\/rm-mechatronics.com\/tr\/\",\"sameAs\":[],\"logo\":{\"@type\":\"ImageObject\",\"inLanguage\":\"tr\",\"@id\":\"https:\/\/rm-mechatronics.com\/tr\/#\/schema\/logo\/image\/\",\"url\":\"https:\/\/rm-mechatronics.com\/wp-content\/uploads\/2020\/08\/small_RM_ORIGINAL-1.png\",\"contentUrl\":\"https:\/\/rm-mechatronics.com\/wp-content\/uploads\/2020\/08\/small_RM_ORIGINAL-1.png\",\"width\":302,\"height\":112,\"caption\":\"RM-Mechatronics\"},\"image\":{\"@id\":\"https:\/\/rm-mechatronics.com\/tr\/#\/schema\/logo\/image\/\"}},{\"@type\":\"Person\",\"@id\":\"https:\/\/rm-mechatronics.com\/tr\/#\/schema\/person\/975374cd7539c0f1081340b800a63482\",\"name\":\"admin\"}]}<\/script>\n<!-- \/ Yoast SEO plugin. -->","yoast_head_json":{"title":"Kaynak\u00e7\u0131 E\u011fitimi - RM Mechatronics","description":"Kaynak at\u00f6lyesinde \u00e7al\u0131\u015fma yapacak olan kat\u0131l\u0131mc\u0131lar\u0131n a\u015fa\u011f\u0131daki standartlarda belirtilen ekipmanlar\u0131 kullanmalar\u0131 gerekmektedir.","robots":{"index":"index","follow":"follow","max-snippet":"max-snippet:-1","max-image-preview":"max-image-preview:large","max-video-preview":"max-video-preview:-1"},"canonical":"https:\/\/rm-mechatronics.com\/tr\/hizmetlerimiz\/egitim-hizmetleri\/kaynakci-egitimi\/","twitter_misc":{"Tahmini okuma s\u00fcresi":"2 dakika"},"schema":{"@context":"https:\/\/schema.org","@graph":[{"@type":"Article","@id":"https:\/\/rm-mechatronics.com\/tr\/hizmetlerimiz\/egitim-hizmetleri\/kaynakci-egitimi\/#article","isPartOf":{"@id":"https:\/\/rm-mechatronics.com\/tr\/hizmetlerimiz\/egitim-hizmetleri\/kaynakci-egitimi\/"},"author":{"name":"admin","@id":"https:\/\/rm-mechatronics.com\/tr\/#\/schema\/person\/975374cd7539c0f1081340b800a63482"},"headline":"Kaynak\u00e7\u0131 E\u011fitimi","datePublished":"2022-04-17T12:21:33+00:00","dateModified":"2022-04-20T11:22:22+00:00","mainEntityOfPage":{"@id":"https:\/\/rm-mechatronics.com\/tr\/hizmetlerimiz\/egitim-hizmetleri\/kaynakci-egitimi\/"},"wordCount":176,"publisher":{"@id":"https:\/\/rm-mechatronics.com\/tr\/#organization"},"inLanguage":"tr"},{"@type":"WebPage","@id":"https:\/\/rm-mechatronics.com\/tr\/hizmetlerimiz\/egitim-hizmetleri\/kaynakci-egitimi\/","url":"https:\/\/rm-mechatronics.com\/tr\/hizmetlerimiz\/egitim-hizmetleri\/kaynakci-egitimi\/","name":"Kaynak\u00e7\u0131 E\u011fitimi - RM Mechatronics","isPartOf":{"@id":"https:\/\/rm-mechatronics.com\/tr\/#website"},"datePublished":"2022-04-17T12:21:33+00:00","dateModified":"2022-04-20T11:22:22+00:00","description":"Kaynak at\u00f6lyesinde \u00e7al\u0131\u015fma yapacak olan kat\u0131l\u0131mc\u0131lar\u0131n a\u015fa\u011f\u0131daki standartlarda belirtilen ekipmanlar\u0131 kullanmalar\u0131 gerekmektedir.","breadcrumb":{"@id":"https:\/\/rm-mechatronics.com\/tr\/hizmetlerimiz\/egitim-hizmetleri\/kaynakci-egitimi\/#breadcrumb"},"inLanguage":"tr","potentialAction":[{"@type":"ReadAction","target":["https:\/\/rm-mechatronics.com\/tr\/hizmetlerimiz\/egitim-hizmetleri\/kaynakci-egitimi\/"]}]},{"@type":"BreadcrumbList","@id":"https:\/\/rm-mechatronics.com\/tr\/hizmetlerimiz\/egitim-hizmetleri\/kaynakci-egitimi\/#breadcrumb","itemListElement":[{"@type":"ListItem","position":1,"name":"Anasayfa","item":"https:\/\/rm-mechatronics.com\/tr\/"},{"@type":"ListItem","position":2,"name":"Hizmetlerimiz","item":"https:\/\/rm-mechatronics.com\/tr\/hizmetlerimiz\/"},{"@type":"ListItem","position":3,"name":"E\u011fitim Hizmetleri","item":"https:\/\/rm-mechatronics.com\/tr\/hizmetlerimiz\/egitim-hizmetleri\/"},{"@type":"ListItem","position":4,"name":"Kaynak\u00e7\u0131 E\u011fitimi"}]},{"@type":"WebSite","@id":"https:\/\/rm-mechatronics.com\/tr\/#website","url":"https:\/\/rm-mechatronics.com\/tr\/","name":"RM Mechatronics","description":"Kalite Kontrol Denetim ve M\u00fchendislik Hizmetleri","publisher":{"@id":"https:\/\/rm-mechatronics.com\/tr\/#organization"},"potentialAction":[{"@type":"SearchAction","target":{"@type":"EntryPoint","urlTemplate":"https:\/\/rm-mechatronics.com\/tr\/?s={search_term_string}"},"query-input":"required name=search_term_string"}],"inLanguage":"tr"},{"@type":"Organization","@id":"https:\/\/rm-mechatronics.com\/tr\/#organization","name":"RM-Mechatronics","url":"https:\/\/rm-mechatronics.com\/tr\/","sameAs":[],"logo":{"@type":"ImageObject","inLanguage":"tr","@id":"https:\/\/rm-mechatronics.com\/tr\/#\/schema\/logo\/image\/","url":"https:\/\/rm-mechatronics.com\/wp-content\/uploads\/2020\/08\/small_RM_ORIGINAL-1.png","contentUrl":"https:\/\/rm-mechatronics.com\/wp-content\/uploads\/2020\/08\/small_RM_ORIGINAL-1.png","width":302,"height":112,"caption":"RM-Mechatronics"},"image":{"@id":"https:\/\/rm-mechatronics.com\/tr\/#\/schema\/logo\/image\/"}},{"@type":"Person","@id":"https:\/\/rm-mechatronics.com\/tr\/#\/schema\/person\/975374cd7539c0f1081340b800a63482","name":"admin"}]}},"_links":{"self":[{"href":"https:\/\/rm-mechatronics.com\/tr\/wp-json\/wp\/v2\/pages\/3609"}],"collection":[{"href":"https:\/\/rm-mechatronics.com\/tr\/wp-json\/wp\/v2\/pages"}],"about":[{"href":"https:\/\/rm-mechatronics.com\/tr\/wp-json\/wp\/v2\/types\/page"}],"author":[{"embeddable":true,"href":"https:\/\/rm-mechatronics.com\/tr\/wp-json\/wp\/v2\/users\/2"}],"replies":[{"embeddable":true,"href":"https:\/\/rm-mechatronics.com\/tr\/wp-json\/wp\/v2\/comments?post=3609"}],"version-history":[{"count":0,"href":"https:\/\/rm-mechatronics.com\/tr\/wp-json\/wp\/v2\/pages\/3609\/revisions"}],"up":[{"embeddable":true,"href":"https:\/\/rm-mechatronics.com\/tr\/wp-json\/wp\/v2\/pages\/73"}],"wp:attachment":[{"href":"https:\/\/rm-mechatronics.com\/tr\/wp-json\/wp\/v2\/media?parent=3609"}],"curies":[{"name":"wp","href":"https:\/\/api.w.org\/{rel}","templated":true}]}}