{"id":3604,"date":"2022-04-17T15:19:10","date_gmt":"2022-04-17T12:19:10","guid":{"rendered":"https:\/\/rm-mechatronics.com\/hizmetlerimiz\/egitim-hizmetleri\/quality-management-system-trainings\/"},"modified":"2022-05-30T13:19:36","modified_gmt":"2022-05-30T10:19:36","slug":"kalite-yonetim-sistemleri","status":"publish","type":"page","link":"https:\/\/rm-mechatronics.com\/tr\/hizmetlerimiz\/egitim-hizmetleri\/kalite-yonetim-sistemleri\/","title":{"rendered":"Kalite Y\u00f6netim Sistemleri"},"content":{"rendered":"<p>\u0130\u015fletmelerin rekabet g\u00fc\u00e7lerini art\u0131ran temel fakt\u00f6rlerin ba\u015f\u0131nda kalite kavram\u0131 gelmektedir. Kalite Y\u00f6netim sistemi yakla\u015f\u0131m\u0131 olarak TS EN ISO 9001:2015 standard\u0131 \u015fartlar\u0131n\u0131n kat\u0131l\u0131mc\u0131lara aktar\u0131m\u0131 ve uygulamaya y\u00f6nelik teorik ve pratik bilgilerin payla\u015f\u0131lmas\u0131n\u0131 kapsayan RM Mechatronics deneyimli e\u011fitim birimi \u00f6nderli\u011finde \u015firket \u00e7al\u0131\u015fanlar\u0131n\u0131za \u00f6zel mod\u00fcler bir e\u011fitimdir.<\/p>\n<p>ISO standartlar\u0131n\u0131n tam olarak alg\u0131lanmas\u0131 ve uygulanmas\u0131 i\u00e7in gerekli olan teknik terimlerin anlat\u0131ld\u0131\u011f\u0131 bir e\u011fitimdir.\u00a0 Standart maddelerinin \u00f6rnekleri ile i\u015flenir. Bu alanda \u00e7al\u0131\u015fan ki\u015filerin ayn\u0131 dili konu\u015fmas\u0131na fayda sa\u011flar. \u0130\u015fletmelerde sistem kuracak ki\u015filerin nelere dikkat etmesi gerekti\u011fini g\u00f6sterir. Dinamik e\u011fitim mod\u00fcl\u00fc kat\u0131l\u0131mc\u0131lar\u0131n var olan disipliner temelleri \u00fczerine a\u015fa\u011f\u0131daki yap\u0131 ta\u015flar\u0131n\u0131 in\u015faa etmeyi \u00f6nerir. M\u00fc\u015fterilerimizin ihtiya\u00e7 \u00f6nceliklerine g\u00f6re gerekli g\u00f6r\u00fcld\u00fc\u011f\u00fc hallerde sadece se\u00e7ilen ba\u015fl\u0131klar \u00fczerine RM Mechatronics deneyimli e\u011fitim personeli ni\u015f e\u011fitim program\u0131 haz\u0131rlamakta yetkindir.<\/p>\n","protected":false},"excerpt":{"rendered":"<p>\u0130\u015fletmelerin rekabet g\u00fc\u00e7lerini art\u0131ran temel fakt\u00f6rlerin ba\u015f\u0131nda kalite kavram\u0131 gelmektedir. Kalite Y\u00f6netim sistemi yakla\u015f\u0131m\u0131 olarak TS EN ISO 9001:2015 standard\u0131 \u015fartlar\u0131n\u0131n kat\u0131l\u0131mc\u0131lara aktar\u0131m\u0131 ve uygulamaya y\u00f6nelik teorik ve pratik bilgilerin payla\u015f\u0131lmas\u0131n\u0131 kapsayan RM Mechatronics deneyimli e\u011fitim birimi \u00f6nderli\u011finde \u015firket \u00e7al\u0131\u015fanlar\u0131n\u0131za \u00f6zel mod\u00fcler bir e\u011fitimdir. ISO standartlar\u0131n\u0131n tam olarak alg\u0131lanmas\u0131 ve uygulanmas\u0131 i\u00e7in gerekli olan teknik &hellip;<\/p>\n","protected":false},"author":2,"featured_media":0,"parent":73,"menu_order":0,"comment_status":"closed","ping_status":"closed","template":"","meta":{"footnotes":""},"acf":[],"yoast_head":"<!-- This site is optimized with the Yoast SEO plugin v19.8 - https:\/\/yoast.com\/wordpress\/plugins\/seo\/ -->\n<title>Kalite Y\u00f6netim Sistemleri - RM Mechatronics<\/title>\n<meta name=\"description\" content=\"ISO standartlar\u0131n\u0131n tam olarak alg\u0131lanmas\u0131 ve uygulanmas\u0131 i\u00e7in gerekli olan teknik terimlerin anlat\u0131ld\u0131\u011f\u0131 bir e\u011fitimdir.\u00a0\" \/>\n<meta name=\"robots\" content=\"index, follow, max-snippet:-1, max-image-preview:large, max-video-preview:-1\" \/>\n<link rel=\"canonical\" href=\"https:\/\/rm-mechatronics.com\/tr\/hizmetlerimiz\/egitim-hizmetleri\/kalite-yonetim-sistemleri\/\" \/>\n<meta name=\"twitter:label1\" content=\"Tahmini okuma s\u00fcresi\" \/>\n\t<meta name=\"twitter:data1\" content=\"1 dakika\" \/>\n<script type=\"application\/ld+json\" class=\"yoast-schema-graph\">{\"@context\":\"https:\/\/schema.org\",\"@graph\":[{\"@type\":\"Article\",\"@id\":\"https:\/\/rm-mechatronics.com\/tr\/hizmetlerimiz\/egitim-hizmetleri\/kalite-yonetim-sistemleri\/#article\",\"isPartOf\":{\"@id\":\"https:\/\/rm-mechatronics.com\/tr\/hizmetlerimiz\/egitim-hizmetleri\/kalite-yonetim-sistemleri\/\"},\"author\":{\"name\":\"admin\",\"@id\":\"https:\/\/rm-mechatronics.com\/tr\/#\/schema\/person\/975374cd7539c0f1081340b800a63482\"},\"headline\":\"Kalite Y\u00f6netim Sistemleri\",\"datePublished\":\"2022-04-17T12:19:10+00:00\",\"dateModified\":\"2022-05-30T10:19:36+00:00\",\"mainEntityOfPage\":{\"@id\":\"https:\/\/rm-mechatronics.com\/tr\/hizmetlerimiz\/egitim-hizmetleri\/kalite-yonetim-sistemleri\/\"},\"wordCount\":179,\"publisher\":{\"@id\":\"https:\/\/rm-mechatronics.com\/tr\/#organization\"},\"inLanguage\":\"tr\"},{\"@type\":\"WebPage\",\"@id\":\"https:\/\/rm-mechatronics.com\/tr\/hizmetlerimiz\/egitim-hizmetleri\/kalite-yonetim-sistemleri\/\",\"url\":\"https:\/\/rm-mechatronics.com\/tr\/hizmetlerimiz\/egitim-hizmetleri\/kalite-yonetim-sistemleri\/\",\"name\":\"Kalite Y\u00f6netim Sistemleri - RM Mechatronics\",\"isPartOf\":{\"@id\":\"https:\/\/rm-mechatronics.com\/tr\/#website\"},\"datePublished\":\"2022-04-17T12:19:10+00:00\",\"dateModified\":\"2022-05-30T10:19:36+00:00\",\"description\":\"ISO standartlar\u0131n\u0131n tam olarak alg\u0131lanmas\u0131 ve uygulanmas\u0131 i\u00e7in gerekli olan teknik terimlerin anlat\u0131ld\u0131\u011f\u0131 bir e\u011fitimdir.\u00a0\",\"breadcrumb\":{\"@id\":\"https:\/\/rm-mechatronics.com\/tr\/hizmetlerimiz\/egitim-hizmetleri\/kalite-yonetim-sistemleri\/#breadcrumb\"},\"inLanguage\":\"tr\",\"potentialAction\":[{\"@type\":\"ReadAction\",\"target\":[\"https:\/\/rm-mechatronics.com\/tr\/hizmetlerimiz\/egitim-hizmetleri\/kalite-yonetim-sistemleri\/\"]}]},{\"@type\":\"BreadcrumbList\",\"@id\":\"https:\/\/rm-mechatronics.com\/tr\/hizmetlerimiz\/egitim-hizmetleri\/kalite-yonetim-sistemleri\/#breadcrumb\",\"itemListElement\":[{\"@type\":\"ListItem\",\"position\":1,\"name\":\"Anasayfa\",\"item\":\"https:\/\/rm-mechatronics.com\/tr\/\"},{\"@type\":\"ListItem\",\"position\":2,\"name\":\"Hizmetlerimiz\",\"item\":\"https:\/\/rm-mechatronics.com\/tr\/hizmetlerimiz\/\"},{\"@type\":\"ListItem\",\"position\":3,\"name\":\"E\u011fitim Hizmetleri\",\"item\":\"https:\/\/rm-mechatronics.com\/tr\/hizmetlerimiz\/egitim-hizmetleri\/\"},{\"@type\":\"ListItem\",\"position\":4,\"name\":\"Kalite Y\u00f6netim Sistemleri\"}]},{\"@type\":\"WebSite\",\"@id\":\"https:\/\/rm-mechatronics.com\/tr\/#website\",\"url\":\"https:\/\/rm-mechatronics.com\/tr\/\",\"name\":\"RM Mechatronics\",\"description\":\"Kalite Kontrol Denetim ve M\u00fchendislik Hizmetleri\",\"publisher\":{\"@id\":\"https:\/\/rm-mechatronics.com\/tr\/#organization\"},\"potentialAction\":[{\"@type\":\"SearchAction\",\"target\":{\"@type\":\"EntryPoint\",\"urlTemplate\":\"https:\/\/rm-mechatronics.com\/tr\/?s={search_term_string}\"},\"query-input\":\"required name=search_term_string\"}],\"inLanguage\":\"tr\"},{\"@type\":\"Organization\",\"@id\":\"https:\/\/rm-mechatronics.com\/tr\/#organization\",\"name\":\"RM-Mechatronics\",\"url\":\"https:\/\/rm-mechatronics.com\/tr\/\",\"sameAs\":[],\"logo\":{\"@type\":\"ImageObject\",\"inLanguage\":\"tr\",\"@id\":\"https:\/\/rm-mechatronics.com\/tr\/#\/schema\/logo\/image\/\",\"url\":\"https:\/\/rm-mechatronics.com\/wp-content\/uploads\/2020\/08\/small_RM_ORIGINAL-1.png\",\"contentUrl\":\"https:\/\/rm-mechatronics.com\/wp-content\/uploads\/2020\/08\/small_RM_ORIGINAL-1.png\",\"width\":302,\"height\":112,\"caption\":\"RM-Mechatronics\"},\"image\":{\"@id\":\"https:\/\/rm-mechatronics.com\/tr\/#\/schema\/logo\/image\/\"}},{\"@type\":\"Person\",\"@id\":\"https:\/\/rm-mechatronics.com\/tr\/#\/schema\/person\/975374cd7539c0f1081340b800a63482\",\"name\":\"admin\"}]}<\/script>\n<!-- \/ Yoast SEO plugin. -->","yoast_head_json":{"title":"Kalite Y\u00f6netim Sistemleri - RM Mechatronics","description":"ISO standartlar\u0131n\u0131n tam olarak alg\u0131lanmas\u0131 ve uygulanmas\u0131 i\u00e7in gerekli olan teknik terimlerin anlat\u0131ld\u0131\u011f\u0131 bir e\u011fitimdir.\u00a0","robots":{"index":"index","follow":"follow","max-snippet":"max-snippet:-1","max-image-preview":"max-image-preview:large","max-video-preview":"max-video-preview:-1"},"canonical":"https:\/\/rm-mechatronics.com\/tr\/hizmetlerimiz\/egitim-hizmetleri\/kalite-yonetim-sistemleri\/","twitter_misc":{"Tahmini okuma s\u00fcresi":"1 dakika"},"schema":{"@context":"https:\/\/schema.org","@graph":[{"@type":"Article","@id":"https:\/\/rm-mechatronics.com\/tr\/hizmetlerimiz\/egitim-hizmetleri\/kalite-yonetim-sistemleri\/#article","isPartOf":{"@id":"https:\/\/rm-mechatronics.com\/tr\/hizmetlerimiz\/egitim-hizmetleri\/kalite-yonetim-sistemleri\/"},"author":{"name":"admin","@id":"https:\/\/rm-mechatronics.com\/tr\/#\/schema\/person\/975374cd7539c0f1081340b800a63482"},"headline":"Kalite Y\u00f6netim Sistemleri","datePublished":"2022-04-17T12:19:10+00:00","dateModified":"2022-05-30T10:19:36+00:00","mainEntityOfPage":{"@id":"https:\/\/rm-mechatronics.com\/tr\/hizmetlerimiz\/egitim-hizmetleri\/kalite-yonetim-sistemleri\/"},"wordCount":179,"publisher":{"@id":"https:\/\/rm-mechatronics.com\/tr\/#organization"},"inLanguage":"tr"},{"@type":"WebPage","@id":"https:\/\/rm-mechatronics.com\/tr\/hizmetlerimiz\/egitim-hizmetleri\/kalite-yonetim-sistemleri\/","url":"https:\/\/rm-mechatronics.com\/tr\/hizmetlerimiz\/egitim-hizmetleri\/kalite-yonetim-sistemleri\/","name":"Kalite Y\u00f6netim Sistemleri - RM Mechatronics","isPartOf":{"@id":"https:\/\/rm-mechatronics.com\/tr\/#website"},"datePublished":"2022-04-17T12:19:10+00:00","dateModified":"2022-05-30T10:19:36+00:00","description":"ISO standartlar\u0131n\u0131n tam olarak alg\u0131lanmas\u0131 ve uygulanmas\u0131 i\u00e7in gerekli olan teknik terimlerin anlat\u0131ld\u0131\u011f\u0131 bir e\u011fitimdir.\u00a0","breadcrumb":{"@id":"https:\/\/rm-mechatronics.com\/tr\/hizmetlerimiz\/egitim-hizmetleri\/kalite-yonetim-sistemleri\/#breadcrumb"},"inLanguage":"tr","potentialAction":[{"@type":"ReadAction","target":["https:\/\/rm-mechatronics.com\/tr\/hizmetlerimiz\/egitim-hizmetleri\/kalite-yonetim-sistemleri\/"]}]},{"@type":"BreadcrumbList","@id":"https:\/\/rm-mechatronics.com\/tr\/hizmetlerimiz\/egitim-hizmetleri\/kalite-yonetim-sistemleri\/#breadcrumb","itemListElement":[{"@type":"ListItem","position":1,"name":"Anasayfa","item":"https:\/\/rm-mechatronics.com\/tr\/"},{"@type":"ListItem","position":2,"name":"Hizmetlerimiz","item":"https:\/\/rm-mechatronics.com\/tr\/hizmetlerimiz\/"},{"@type":"ListItem","position":3,"name":"E\u011fitim Hizmetleri","item":"https:\/\/rm-mechatronics.com\/tr\/hizmetlerimiz\/egitim-hizmetleri\/"},{"@type":"ListItem","position":4,"name":"Kalite Y\u00f6netim Sistemleri"}]},{"@type":"WebSite","@id":"https:\/\/rm-mechatronics.com\/tr\/#website","url":"https:\/\/rm-mechatronics.com\/tr\/","name":"RM Mechatronics","description":"Kalite Kontrol Denetim ve M\u00fchendislik Hizmetleri","publisher":{"@id":"https:\/\/rm-mechatronics.com\/tr\/#organization"},"potentialAction":[{"@type":"SearchAction","target":{"@type":"EntryPoint","urlTemplate":"https:\/\/rm-mechatronics.com\/tr\/?s={search_term_string}"},"query-input":"required name=search_term_string"}],"inLanguage":"tr"},{"@type":"Organization","@id":"https:\/\/rm-mechatronics.com\/tr\/#organization","name":"RM-Mechatronics","url":"https:\/\/rm-mechatronics.com\/tr\/","sameAs":[],"logo":{"@type":"ImageObject","inLanguage":"tr","@id":"https:\/\/rm-mechatronics.com\/tr\/#\/schema\/logo\/image\/","url":"https:\/\/rm-mechatronics.com\/wp-content\/uploads\/2020\/08\/small_RM_ORIGINAL-1.png","contentUrl":"https:\/\/rm-mechatronics.com\/wp-content\/uploads\/2020\/08\/small_RM_ORIGINAL-1.png","width":302,"height":112,"caption":"RM-Mechatronics"},"image":{"@id":"https:\/\/rm-mechatronics.com\/tr\/#\/schema\/logo\/image\/"}},{"@type":"Person","@id":"https:\/\/rm-mechatronics.com\/tr\/#\/schema\/person\/975374cd7539c0f1081340b800a63482","name":"admin"}]}},"_links":{"self":[{"href":"https:\/\/rm-mechatronics.com\/tr\/wp-json\/wp\/v2\/pages\/3604"}],"collection":[{"href":"https:\/\/rm-mechatronics.com\/tr\/wp-json\/wp\/v2\/pages"}],"about":[{"href":"https:\/\/rm-mechatronics.com\/tr\/wp-json\/wp\/v2\/types\/page"}],"author":[{"embeddable":true,"href":"https:\/\/rm-mechatronics.com\/tr\/wp-json\/wp\/v2\/users\/2"}],"replies":[{"embeddable":true,"href":"https:\/\/rm-mechatronics.com\/tr\/wp-json\/wp\/v2\/comments?post=3604"}],"version-history":[{"count":0,"href":"https:\/\/rm-mechatronics.com\/tr\/wp-json\/wp\/v2\/pages\/3604\/revisions"}],"up":[{"embeddable":true,"href":"https:\/\/rm-mechatronics.com\/tr\/wp-json\/wp\/v2\/pages\/73"}],"wp:attachment":[{"href":"https:\/\/rm-mechatronics.com\/tr\/wp-json\/wp\/v2\/media?parent=3604"}],"curies":[{"name":"wp","href":"https:\/\/api.w.org\/{rel}","templated":true}]}}