{"id":3599,"date":"2022-04-17T15:16:11","date_gmt":"2022-04-17T12:16:11","guid":{"rendered":"https:\/\/rm-mechatronics.com\/hizmetlerimiz\/egitim-hizmetleri\/ndt-trainings\/"},"modified":"2022-04-20T14:21:20","modified_gmt":"2022-04-20T11:21:20","slug":"tahribatsiz-test-egitimleri","status":"publish","type":"page","link":"https:\/\/rm-mechatronics.com\/tr\/hizmetlerimiz\/egitim-hizmetleri\/tahribatsiz-test-egitimleri\/","title":{"rendered":"Tahribats\u0131z Test E\u011fitimleri"},"content":{"rendered":"<p>Tahribats\u0131z muayene, gerek imalat kontrolleri gerekse i\u015fletme a\u015famas\u0131 kontrolleri i\u00e7in, \u00f6nemli bir yere sahiptir. Uygun \u00fcr\u00fcnlerin \u00e7\u0131kmas\u0131 veya uygun \u00fcr\u00fcnlerin kullan\u0131ma devam etmesi i\u00e7in belirlenen tahribats\u0131z muayene y\u00f6ntemlerinin uluslararas\u0131 normlara uygun olarak yap\u0131lmas\u0131 gerekmektedir. Bu kontrollerde en \u00f6nemli olan\u0131 nokta ise kontrol\u00fc yapan ve de\u011ferlendiren personellerdir.<\/p>\n<p>\u00c7o\u011fu standartta yetkinlikleri belirtilen personellerin, tecr\u00fcbeli olmalar\u0131, e\u011fitim alm\u0131\u015f olmalar\u0131, belirlenen s\u0131navlardan ba\u015far\u0131 ile ge\u00e7meleri ve vas\u0131fland\u0131r\u0131lmalar\u0131 gerekmektedir. Tahribats\u0131z muayene personelinin TS EN ISO 9712\u2019ye g\u00f6re belgelendirilmesi i\u00e7in gerekli olan e\u011fitim \u015fartlar\u0131 RM Mechatronics uzman e\u011fitim i\u015f birli\u011fi ile ger\u00e7ekle\u015ftirilmektedir.<\/p>\n<p>&nbsp;<\/p>\n","protected":false},"excerpt":{"rendered":"<p>Tahribats\u0131z muayene, gerek imalat kontrolleri gerekse i\u015fletme a\u015famas\u0131 kontrolleri i\u00e7in, \u00f6nemli bir yere sahiptir. Uygun \u00fcr\u00fcnlerin \u00e7\u0131kmas\u0131 veya uygun \u00fcr\u00fcnlerin kullan\u0131ma devam etmesi i\u00e7in belirlenen tahribats\u0131z muayene y\u00f6ntemlerinin uluslararas\u0131 normlara uygun olarak yap\u0131lmas\u0131 gerekmektedir. Bu kontrollerde en \u00f6nemli olan\u0131 nokta ise kontrol\u00fc yapan ve de\u011ferlendiren personellerdir. \u00c7o\u011fu standartta yetkinlikleri belirtilen personellerin, tecr\u00fcbeli olmalar\u0131, e\u011fitim alm\u0131\u015f &hellip;<\/p>\n","protected":false},"author":2,"featured_media":0,"parent":73,"menu_order":0,"comment_status":"closed","ping_status":"closed","template":"","meta":{"footnotes":""},"acf":[],"yoast_head":"<!-- This site is optimized with the Yoast SEO plugin v19.8 - https:\/\/yoast.com\/wordpress\/plugins\/seo\/ -->\n<title>Tahribats\u0131z Test E\u011fitimleri - RM Mechatronics<\/title>\n<meta name=\"description\" content=\"Tahribats\u0131z muayene, gerek imalat kontrolleri gerekse i\u015fletme a\u015famas\u0131 kontrolleri i\u00e7in, \u00f6nemli bir yere sahiptir.\" \/>\n<meta name=\"robots\" content=\"index, follow, max-snippet:-1, max-image-preview:large, max-video-preview:-1\" \/>\n<link rel=\"canonical\" href=\"https:\/\/rm-mechatronics.com\/tr\/hizmetlerimiz\/egitim-hizmetleri\/tahribatsiz-test-egitimleri\/\" \/>\n<meta name=\"twitter:label1\" content=\"Tahmini okuma s\u00fcresi\" \/>\n\t<meta name=\"twitter:data1\" content=\"1 dakika\" \/>\n<script type=\"application\/ld+json\" class=\"yoast-schema-graph\">{\"@context\":\"https:\/\/schema.org\",\"@graph\":[{\"@type\":\"Article\",\"@id\":\"https:\/\/rm-mechatronics.com\/tr\/hizmetlerimiz\/egitim-hizmetleri\/tahribatsiz-test-egitimleri\/#article\",\"isPartOf\":{\"@id\":\"https:\/\/rm-mechatronics.com\/tr\/hizmetlerimiz\/egitim-hizmetleri\/tahribatsiz-test-egitimleri\/\"},\"author\":{\"name\":\"admin\",\"@id\":\"https:\/\/rm-mechatronics.com\/tr\/#\/schema\/person\/975374cd7539c0f1081340b800a63482\"},\"headline\":\"Tahribats\u0131z Test E\u011fitimleri\",\"datePublished\":\"2022-04-17T12:16:11+00:00\",\"dateModified\":\"2022-04-20T11:21:20+00:00\",\"mainEntityOfPage\":{\"@id\":\"https:\/\/rm-mechatronics.com\/tr\/hizmetlerimiz\/egitim-hizmetleri\/tahribatsiz-test-egitimleri\/\"},\"wordCount\":121,\"publisher\":{\"@id\":\"https:\/\/rm-mechatronics.com\/tr\/#organization\"},\"inLanguage\":\"tr\"},{\"@type\":\"WebPage\",\"@id\":\"https:\/\/rm-mechatronics.com\/tr\/hizmetlerimiz\/egitim-hizmetleri\/tahribatsiz-test-egitimleri\/\",\"url\":\"https:\/\/rm-mechatronics.com\/tr\/hizmetlerimiz\/egitim-hizmetleri\/tahribatsiz-test-egitimleri\/\",\"name\":\"Tahribats\u0131z Test E\u011fitimleri - RM Mechatronics\",\"isPartOf\":{\"@id\":\"https:\/\/rm-mechatronics.com\/tr\/#website\"},\"datePublished\":\"2022-04-17T12:16:11+00:00\",\"dateModified\":\"2022-04-20T11:21:20+00:00\",\"description\":\"Tahribats\u0131z muayene, gerek imalat kontrolleri gerekse i\u015fletme a\u015famas\u0131 kontrolleri i\u00e7in, \u00f6nemli bir yere sahiptir.\",\"breadcrumb\":{\"@id\":\"https:\/\/rm-mechatronics.com\/tr\/hizmetlerimiz\/egitim-hizmetleri\/tahribatsiz-test-egitimleri\/#breadcrumb\"},\"inLanguage\":\"tr\",\"potentialAction\":[{\"@type\":\"ReadAction\",\"target\":[\"https:\/\/rm-mechatronics.com\/tr\/hizmetlerimiz\/egitim-hizmetleri\/tahribatsiz-test-egitimleri\/\"]}]},{\"@type\":\"BreadcrumbList\",\"@id\":\"https:\/\/rm-mechatronics.com\/tr\/hizmetlerimiz\/egitim-hizmetleri\/tahribatsiz-test-egitimleri\/#breadcrumb\",\"itemListElement\":[{\"@type\":\"ListItem\",\"position\":1,\"name\":\"Anasayfa\",\"item\":\"https:\/\/rm-mechatronics.com\/tr\/\"},{\"@type\":\"ListItem\",\"position\":2,\"name\":\"Hizmetlerimiz\",\"item\":\"https:\/\/rm-mechatronics.com\/tr\/hizmetlerimiz\/\"},{\"@type\":\"ListItem\",\"position\":3,\"name\":\"E\u011fitim Hizmetleri\",\"item\":\"https:\/\/rm-mechatronics.com\/tr\/hizmetlerimiz\/egitim-hizmetleri\/\"},{\"@type\":\"ListItem\",\"position\":4,\"name\":\"Tahribats\u0131z Test E\u011fitimleri\"}]},{\"@type\":\"WebSite\",\"@id\":\"https:\/\/rm-mechatronics.com\/tr\/#website\",\"url\":\"https:\/\/rm-mechatronics.com\/tr\/\",\"name\":\"RM Mechatronics\",\"description\":\"Kalite Kontrol Denetim ve M\u00fchendislik Hizmetleri\",\"publisher\":{\"@id\":\"https:\/\/rm-mechatronics.com\/tr\/#organization\"},\"potentialAction\":[{\"@type\":\"SearchAction\",\"target\":{\"@type\":\"EntryPoint\",\"urlTemplate\":\"https:\/\/rm-mechatronics.com\/tr\/?s={search_term_string}\"},\"query-input\":\"required name=search_term_string\"}],\"inLanguage\":\"tr\"},{\"@type\":\"Organization\",\"@id\":\"https:\/\/rm-mechatronics.com\/tr\/#organization\",\"name\":\"RM-Mechatronics\",\"url\":\"https:\/\/rm-mechatronics.com\/tr\/\",\"sameAs\":[],\"logo\":{\"@type\":\"ImageObject\",\"inLanguage\":\"tr\",\"@id\":\"https:\/\/rm-mechatronics.com\/tr\/#\/schema\/logo\/image\/\",\"url\":\"https:\/\/rm-mechatronics.com\/wp-content\/uploads\/2020\/08\/small_RM_ORIGINAL-1.png\",\"contentUrl\":\"https:\/\/rm-mechatronics.com\/wp-content\/uploads\/2020\/08\/small_RM_ORIGINAL-1.png\",\"width\":302,\"height\":112,\"caption\":\"RM-Mechatronics\"},\"image\":{\"@id\":\"https:\/\/rm-mechatronics.com\/tr\/#\/schema\/logo\/image\/\"}},{\"@type\":\"Person\",\"@id\":\"https:\/\/rm-mechatronics.com\/tr\/#\/schema\/person\/975374cd7539c0f1081340b800a63482\",\"name\":\"admin\"}]}<\/script>\n<!-- \/ Yoast SEO plugin. -->","yoast_head_json":{"title":"Tahribats\u0131z Test E\u011fitimleri - RM Mechatronics","description":"Tahribats\u0131z muayene, gerek imalat kontrolleri gerekse i\u015fletme a\u015famas\u0131 kontrolleri i\u00e7in, \u00f6nemli bir yere sahiptir.","robots":{"index":"index","follow":"follow","max-snippet":"max-snippet:-1","max-image-preview":"max-image-preview:large","max-video-preview":"max-video-preview:-1"},"canonical":"https:\/\/rm-mechatronics.com\/tr\/hizmetlerimiz\/egitim-hizmetleri\/tahribatsiz-test-egitimleri\/","twitter_misc":{"Tahmini okuma s\u00fcresi":"1 dakika"},"schema":{"@context":"https:\/\/schema.org","@graph":[{"@type":"Article","@id":"https:\/\/rm-mechatronics.com\/tr\/hizmetlerimiz\/egitim-hizmetleri\/tahribatsiz-test-egitimleri\/#article","isPartOf":{"@id":"https:\/\/rm-mechatronics.com\/tr\/hizmetlerimiz\/egitim-hizmetleri\/tahribatsiz-test-egitimleri\/"},"author":{"name":"admin","@id":"https:\/\/rm-mechatronics.com\/tr\/#\/schema\/person\/975374cd7539c0f1081340b800a63482"},"headline":"Tahribats\u0131z Test E\u011fitimleri","datePublished":"2022-04-17T12:16:11+00:00","dateModified":"2022-04-20T11:21:20+00:00","mainEntityOfPage":{"@id":"https:\/\/rm-mechatronics.com\/tr\/hizmetlerimiz\/egitim-hizmetleri\/tahribatsiz-test-egitimleri\/"},"wordCount":121,"publisher":{"@id":"https:\/\/rm-mechatronics.com\/tr\/#organization"},"inLanguage":"tr"},{"@type":"WebPage","@id":"https:\/\/rm-mechatronics.com\/tr\/hizmetlerimiz\/egitim-hizmetleri\/tahribatsiz-test-egitimleri\/","url":"https:\/\/rm-mechatronics.com\/tr\/hizmetlerimiz\/egitim-hizmetleri\/tahribatsiz-test-egitimleri\/","name":"Tahribats\u0131z Test E\u011fitimleri - RM Mechatronics","isPartOf":{"@id":"https:\/\/rm-mechatronics.com\/tr\/#website"},"datePublished":"2022-04-17T12:16:11+00:00","dateModified":"2022-04-20T11:21:20+00:00","description":"Tahribats\u0131z muayene, gerek imalat kontrolleri gerekse i\u015fletme a\u015famas\u0131 kontrolleri i\u00e7in, \u00f6nemli bir yere sahiptir.","breadcrumb":{"@id":"https:\/\/rm-mechatronics.com\/tr\/hizmetlerimiz\/egitim-hizmetleri\/tahribatsiz-test-egitimleri\/#breadcrumb"},"inLanguage":"tr","potentialAction":[{"@type":"ReadAction","target":["https:\/\/rm-mechatronics.com\/tr\/hizmetlerimiz\/egitim-hizmetleri\/tahribatsiz-test-egitimleri\/"]}]},{"@type":"BreadcrumbList","@id":"https:\/\/rm-mechatronics.com\/tr\/hizmetlerimiz\/egitim-hizmetleri\/tahribatsiz-test-egitimleri\/#breadcrumb","itemListElement":[{"@type":"ListItem","position":1,"name":"Anasayfa","item":"https:\/\/rm-mechatronics.com\/tr\/"},{"@type":"ListItem","position":2,"name":"Hizmetlerimiz","item":"https:\/\/rm-mechatronics.com\/tr\/hizmetlerimiz\/"},{"@type":"ListItem","position":3,"name":"E\u011fitim Hizmetleri","item":"https:\/\/rm-mechatronics.com\/tr\/hizmetlerimiz\/egitim-hizmetleri\/"},{"@type":"ListItem","position":4,"name":"Tahribats\u0131z Test E\u011fitimleri"}]},{"@type":"WebSite","@id":"https:\/\/rm-mechatronics.com\/tr\/#website","url":"https:\/\/rm-mechatronics.com\/tr\/","name":"RM Mechatronics","description":"Kalite Kontrol Denetim ve M\u00fchendislik Hizmetleri","publisher":{"@id":"https:\/\/rm-mechatronics.com\/tr\/#organization"},"potentialAction":[{"@type":"SearchAction","target":{"@type":"EntryPoint","urlTemplate":"https:\/\/rm-mechatronics.com\/tr\/?s={search_term_string}"},"query-input":"required name=search_term_string"}],"inLanguage":"tr"},{"@type":"Organization","@id":"https:\/\/rm-mechatronics.com\/tr\/#organization","name":"RM-Mechatronics","url":"https:\/\/rm-mechatronics.com\/tr\/","sameAs":[],"logo":{"@type":"ImageObject","inLanguage":"tr","@id":"https:\/\/rm-mechatronics.com\/tr\/#\/schema\/logo\/image\/","url":"https:\/\/rm-mechatronics.com\/wp-content\/uploads\/2020\/08\/small_RM_ORIGINAL-1.png","contentUrl":"https:\/\/rm-mechatronics.com\/wp-content\/uploads\/2020\/08\/small_RM_ORIGINAL-1.png","width":302,"height":112,"caption":"RM-Mechatronics"},"image":{"@id":"https:\/\/rm-mechatronics.com\/tr\/#\/schema\/logo\/image\/"}},{"@type":"Person","@id":"https:\/\/rm-mechatronics.com\/tr\/#\/schema\/person\/975374cd7539c0f1081340b800a63482","name":"admin"}]}},"_links":{"self":[{"href":"https:\/\/rm-mechatronics.com\/tr\/wp-json\/wp\/v2\/pages\/3599"}],"collection":[{"href":"https:\/\/rm-mechatronics.com\/tr\/wp-json\/wp\/v2\/pages"}],"about":[{"href":"https:\/\/rm-mechatronics.com\/tr\/wp-json\/wp\/v2\/types\/page"}],"author":[{"embeddable":true,"href":"https:\/\/rm-mechatronics.com\/tr\/wp-json\/wp\/v2\/users\/2"}],"replies":[{"embeddable":true,"href":"https:\/\/rm-mechatronics.com\/tr\/wp-json\/wp\/v2\/comments?post=3599"}],"version-history":[{"count":0,"href":"https:\/\/rm-mechatronics.com\/tr\/wp-json\/wp\/v2\/pages\/3599\/revisions"}],"up":[{"embeddable":true,"href":"https:\/\/rm-mechatronics.com\/tr\/wp-json\/wp\/v2\/pages\/73"}],"wp:attachment":[{"href":"https:\/\/rm-mechatronics.com\/tr\/wp-json\/wp\/v2\/media?parent=3599"}],"curies":[{"name":"wp","href":"https:\/\/api.w.org\/{rel}","templated":true}]}}