{"id":3593,"date":"2022-04-17T14:58:44","date_gmt":"2022-04-17T11:58:44","guid":{"rendered":"https:\/\/rm-mechatronics.com\/hizmetlerimiz\/egitim-hizmetleri\/welded-manufacturing-management-system-trainings\/"},"modified":"2022-04-20T14:22:58","modified_gmt":"2022-04-20T11:22:58","slug":"kaynakli-imalat-yonetim-sistemi-egitimleri","status":"publish","type":"page","link":"https:\/\/rm-mechatronics.com\/tr\/hizmetlerimiz\/egitim-hizmetleri\/kaynakli-imalat-yonetim-sistemi-egitimleri\/","title":{"rendered":"Kaynakl\u0131 \u0130malat Y\u00f6netim Sistemi E\u011fitimleri"},"content":{"rendered":"<p>Metalik malzemelerin ergitme kayna\u011f\u0131 i\u00e7in kalite \u015fartlar\u0131n\u0131 i\u00e7eren TS EN ISO 3834 standart\u0131 kaynakl\u0131 imalat y\u00f6netim sistemi olarak bilinmektedir. Kaynakl\u0131 imalat\u0131n nas\u0131l olmas\u0131 gerekti\u011fini detayl\u0131 olarak tarif etmektedir. Kaynakl\u0131 imalat bittikten sonra kontrol edilemeyen ISO 9001\u2019e g\u00f6re \u00f6zel bir i\u015flemdir (%100 \u00f6l\u00e7\u00fcm sa\u011flanamaz). \u0130malat\u00e7\u0131 i\u00e7in hem uymas\u0131 gereken kural ve y\u00f6ntemleri hem de belgelendirme i\u00e7in gerekli kurallar\u0131 i\u00e7erir. Di\u011fer standartlardan hem uygulama hem de belgelendirme fazlar\u0131n\u0131 tek bir standartta konsolide etti\u011fi i\u00e7in ayr\u0131\u015fan kompakt bir standartt\u0131r.<\/p>\n<p>ISO 3834\u2019\u00fcn kullan\u0131ld\u0131\u011f\u0131 standartlar\u0131n ba\u015fl\u0131calar\u0131; EN1090, EN13445 ve AD 2000, EN 15085, EN 12952 ve EN 12953, EN 13480-4\u2019d\u00fcr.<\/p>\n<p>Bu standard\u0131n e\u011fitim mod\u00fcl\u00fc i\u00e7in a\u015fa\u011f\u0131daki her alt ba\u015fl\u0131kta RM Mechatronics e\u011fitim personeli taraf\u0131ndan ekibinizin ihtiya\u00e7lar\u0131 do\u011frultusunda e\u011fitim hizmeti vermekte ve ayr\u0131ca da sizlerin ihtiya\u00e7lar\u0131 do\u011frultusunda 3834 Standartlar\u0131 \u00e7er\u00e7evesinde dan\u0131\u015fmanl\u0131k hizmeti sa\u011flamaktay\u0131z.<\/p>\n<p>5 Adet alt standart ve bir de 3834-6 Rehber\u2019ini i\u00e7eri\u011finde bulundurmaktad\u0131r.\u00a0 3834-6 Rehberi i\u00e7in T\u00fcrk\u00e7ele\u015ftirme \u00e7al\u0131\u015fmas\u0131 bulunmamaktad\u0131r.<\/p>\n<ul>\n<li>ISO 3834-1 Kalite \u015eartlar\u0131n\u0131n Uygun Seviye Se\u00e7imi \u0130\u00e7in Kriterler<\/li>\n<li>ISO 3834-2 Kapsaml\u0131 Kalite \u015eartlar\u0131<\/li>\n<li>ISO 3834-3 Standart Kalite \u015eartlar\u0131<\/li>\n<li>ISO 3834-4 Temel Kalite \u015eartlar\u0131<\/li>\n<li>ISO 3834-5 Kalite \u015eartlar\u0131na Uygunlu\u011fun Teyidi i\u00e7in Gerekli Dok\u00fcmanlar<\/li>\n<\/ul>\n<p>&nbsp;<\/p>\n<p>&nbsp;<\/p>\n","protected":false},"excerpt":{"rendered":"<p>Metalik malzemelerin ergitme kayna\u011f\u0131 i\u00e7in kalite \u015fartlar\u0131n\u0131 i\u00e7eren TS EN ISO 3834 standart\u0131 kaynakl\u0131 imalat y\u00f6netim sistemi olarak bilinmektedir. Kaynakl\u0131 imalat\u0131n nas\u0131l olmas\u0131 gerekti\u011fini detayl\u0131 olarak tarif etmektedir. Kaynakl\u0131 imalat bittikten sonra kontrol edilemeyen ISO 9001\u2019e g\u00f6re \u00f6zel bir i\u015flemdir (%100 \u00f6l\u00e7\u00fcm sa\u011flanamaz). \u0130malat\u00e7\u0131 i\u00e7in hem uymas\u0131 gereken kural ve y\u00f6ntemleri hem de belgelendirme i\u00e7in &hellip;<\/p>\n","protected":false},"author":2,"featured_media":0,"parent":73,"menu_order":0,"comment_status":"closed","ping_status":"closed","template":"","meta":{"footnotes":""},"acf":[],"yoast_head":"<!-- This site is optimized with the Yoast SEO plugin v19.8 - https:\/\/yoast.com\/wordpress\/plugins\/seo\/ -->\n<title>ISO 3834 Kaynakl\u0131 \u0130malat Y\u00f6netim Sistemi E\u011fitimleri<\/title>\n<meta name=\"description\" content=\"Kaynakl\u0131 imalat\u0131n nas\u0131l olmas\u0131 gerekti\u011fini detayl\u0131 olarak tarif etmektedir. Kaynakl\u0131 imalat bittikten sonra kontrol edilemeyen ISO 9001\u2019e g\u00f6re \u00f6zel bir i\u015flemdir.\" \/>\n<meta name=\"robots\" content=\"index, follow, max-snippet:-1, max-image-preview:large, max-video-preview:-1\" \/>\n<link rel=\"canonical\" href=\"https:\/\/rm-mechatronics.com\/tr\/hizmetlerimiz\/egitim-hizmetleri\/kaynakli-imalat-yonetim-sistemi-egitimleri\/\" \/>\n<meta name=\"twitter:label1\" content=\"Tahmini okuma s\u00fcresi\" \/>\n\t<meta name=\"twitter:data1\" content=\"2 dakika\" \/>\n<script type=\"application\/ld+json\" class=\"yoast-schema-graph\">{\"@context\":\"https:\/\/schema.org\",\"@graph\":[{\"@type\":\"Article\",\"@id\":\"https:\/\/rm-mechatronics.com\/tr\/hizmetlerimiz\/egitim-hizmetleri\/kaynakli-imalat-yonetim-sistemi-egitimleri\/#article\",\"isPartOf\":{\"@id\":\"https:\/\/rm-mechatronics.com\/tr\/hizmetlerimiz\/egitim-hizmetleri\/kaynakli-imalat-yonetim-sistemi-egitimleri\/\"},\"author\":{\"name\":\"admin\",\"@id\":\"https:\/\/rm-mechatronics.com\/tr\/#\/schema\/person\/975374cd7539c0f1081340b800a63482\"},\"headline\":\"Kaynakl\u0131 \u0130malat Y\u00f6netim Sistemi E\u011fitimleri\",\"datePublished\":\"2022-04-17T11:58:44+00:00\",\"dateModified\":\"2022-04-20T11:22:58+00:00\",\"mainEntityOfPage\":{\"@id\":\"https:\/\/rm-mechatronics.com\/tr\/hizmetlerimiz\/egitim-hizmetleri\/kaynakli-imalat-yonetim-sistemi-egitimleri\/\"},\"wordCount\":243,\"publisher\":{\"@id\":\"https:\/\/rm-mechatronics.com\/tr\/#organization\"},\"inLanguage\":\"tr\"},{\"@type\":\"WebPage\",\"@id\":\"https:\/\/rm-mechatronics.com\/tr\/hizmetlerimiz\/egitim-hizmetleri\/kaynakli-imalat-yonetim-sistemi-egitimleri\/\",\"url\":\"https:\/\/rm-mechatronics.com\/tr\/hizmetlerimiz\/egitim-hizmetleri\/kaynakli-imalat-yonetim-sistemi-egitimleri\/\",\"name\":\"ISO 3834 Kaynakl\u0131 \u0130malat Y\u00f6netim Sistemi E\u011fitimleri\",\"isPartOf\":{\"@id\":\"https:\/\/rm-mechatronics.com\/tr\/#website\"},\"datePublished\":\"2022-04-17T11:58:44+00:00\",\"dateModified\":\"2022-04-20T11:22:58+00:00\",\"description\":\"Kaynakl\u0131 imalat\u0131n nas\u0131l olmas\u0131 gerekti\u011fini detayl\u0131 olarak tarif etmektedir. Kaynakl\u0131 imalat bittikten sonra kontrol edilemeyen ISO 9001\u2019e g\u00f6re \u00f6zel bir i\u015flemdir.\",\"breadcrumb\":{\"@id\":\"https:\/\/rm-mechatronics.com\/tr\/hizmetlerimiz\/egitim-hizmetleri\/kaynakli-imalat-yonetim-sistemi-egitimleri\/#breadcrumb\"},\"inLanguage\":\"tr\",\"potentialAction\":[{\"@type\":\"ReadAction\",\"target\":[\"https:\/\/rm-mechatronics.com\/tr\/hizmetlerimiz\/egitim-hizmetleri\/kaynakli-imalat-yonetim-sistemi-egitimleri\/\"]}]},{\"@type\":\"BreadcrumbList\",\"@id\":\"https:\/\/rm-mechatronics.com\/tr\/hizmetlerimiz\/egitim-hizmetleri\/kaynakli-imalat-yonetim-sistemi-egitimleri\/#breadcrumb\",\"itemListElement\":[{\"@type\":\"ListItem\",\"position\":1,\"name\":\"Anasayfa\",\"item\":\"https:\/\/rm-mechatronics.com\/tr\/\"},{\"@type\":\"ListItem\",\"position\":2,\"name\":\"Hizmetlerimiz\",\"item\":\"https:\/\/rm-mechatronics.com\/tr\/hizmetlerimiz\/\"},{\"@type\":\"ListItem\",\"position\":3,\"name\":\"E\u011fitim Hizmetleri\",\"item\":\"https:\/\/rm-mechatronics.com\/tr\/hizmetlerimiz\/egitim-hizmetleri\/\"},{\"@type\":\"ListItem\",\"position\":4,\"name\":\"Kaynakl\u0131 \u0130malat Y\u00f6netim Sistemi E\u011fitimleri\"}]},{\"@type\":\"WebSite\",\"@id\":\"https:\/\/rm-mechatronics.com\/tr\/#website\",\"url\":\"https:\/\/rm-mechatronics.com\/tr\/\",\"name\":\"RM Mechatronics\",\"description\":\"Kalite Kontrol Denetim ve M\u00fchendislik Hizmetleri\",\"publisher\":{\"@id\":\"https:\/\/rm-mechatronics.com\/tr\/#organization\"},\"potentialAction\":[{\"@type\":\"SearchAction\",\"target\":{\"@type\":\"EntryPoint\",\"urlTemplate\":\"https:\/\/rm-mechatronics.com\/tr\/?s={search_term_string}\"},\"query-input\":\"required name=search_term_string\"}],\"inLanguage\":\"tr\"},{\"@type\":\"Organization\",\"@id\":\"https:\/\/rm-mechatronics.com\/tr\/#organization\",\"name\":\"RM-Mechatronics\",\"url\":\"https:\/\/rm-mechatronics.com\/tr\/\",\"sameAs\":[],\"logo\":{\"@type\":\"ImageObject\",\"inLanguage\":\"tr\",\"@id\":\"https:\/\/rm-mechatronics.com\/tr\/#\/schema\/logo\/image\/\",\"url\":\"https:\/\/rm-mechatronics.com\/wp-content\/uploads\/2020\/08\/small_RM_ORIGINAL-1.png\",\"contentUrl\":\"https:\/\/rm-mechatronics.com\/wp-content\/uploads\/2020\/08\/small_RM_ORIGINAL-1.png\",\"width\":302,\"height\":112,\"caption\":\"RM-Mechatronics\"},\"image\":{\"@id\":\"https:\/\/rm-mechatronics.com\/tr\/#\/schema\/logo\/image\/\"}},{\"@type\":\"Person\",\"@id\":\"https:\/\/rm-mechatronics.com\/tr\/#\/schema\/person\/975374cd7539c0f1081340b800a63482\",\"name\":\"admin\"}]}<\/script>\n<!-- \/ Yoast SEO plugin. -->","yoast_head_json":{"title":"ISO 3834 Kaynakl\u0131 \u0130malat Y\u00f6netim Sistemi E\u011fitimleri","description":"Kaynakl\u0131 imalat\u0131n nas\u0131l olmas\u0131 gerekti\u011fini detayl\u0131 olarak tarif etmektedir. Kaynakl\u0131 imalat bittikten sonra kontrol edilemeyen ISO 9001\u2019e g\u00f6re \u00f6zel bir i\u015flemdir.","robots":{"index":"index","follow":"follow","max-snippet":"max-snippet:-1","max-image-preview":"max-image-preview:large","max-video-preview":"max-video-preview:-1"},"canonical":"https:\/\/rm-mechatronics.com\/tr\/hizmetlerimiz\/egitim-hizmetleri\/kaynakli-imalat-yonetim-sistemi-egitimleri\/","twitter_misc":{"Tahmini okuma s\u00fcresi":"2 dakika"},"schema":{"@context":"https:\/\/schema.org","@graph":[{"@type":"Article","@id":"https:\/\/rm-mechatronics.com\/tr\/hizmetlerimiz\/egitim-hizmetleri\/kaynakli-imalat-yonetim-sistemi-egitimleri\/#article","isPartOf":{"@id":"https:\/\/rm-mechatronics.com\/tr\/hizmetlerimiz\/egitim-hizmetleri\/kaynakli-imalat-yonetim-sistemi-egitimleri\/"},"author":{"name":"admin","@id":"https:\/\/rm-mechatronics.com\/tr\/#\/schema\/person\/975374cd7539c0f1081340b800a63482"},"headline":"Kaynakl\u0131 \u0130malat Y\u00f6netim Sistemi E\u011fitimleri","datePublished":"2022-04-17T11:58:44+00:00","dateModified":"2022-04-20T11:22:58+00:00","mainEntityOfPage":{"@id":"https:\/\/rm-mechatronics.com\/tr\/hizmetlerimiz\/egitim-hizmetleri\/kaynakli-imalat-yonetim-sistemi-egitimleri\/"},"wordCount":243,"publisher":{"@id":"https:\/\/rm-mechatronics.com\/tr\/#organization"},"inLanguage":"tr"},{"@type":"WebPage","@id":"https:\/\/rm-mechatronics.com\/tr\/hizmetlerimiz\/egitim-hizmetleri\/kaynakli-imalat-yonetim-sistemi-egitimleri\/","url":"https:\/\/rm-mechatronics.com\/tr\/hizmetlerimiz\/egitim-hizmetleri\/kaynakli-imalat-yonetim-sistemi-egitimleri\/","name":"ISO 3834 Kaynakl\u0131 \u0130malat Y\u00f6netim Sistemi E\u011fitimleri","isPartOf":{"@id":"https:\/\/rm-mechatronics.com\/tr\/#website"},"datePublished":"2022-04-17T11:58:44+00:00","dateModified":"2022-04-20T11:22:58+00:00","description":"Kaynakl\u0131 imalat\u0131n nas\u0131l olmas\u0131 gerekti\u011fini detayl\u0131 olarak tarif etmektedir. Kaynakl\u0131 imalat bittikten sonra kontrol edilemeyen ISO 9001\u2019e g\u00f6re \u00f6zel bir i\u015flemdir.","breadcrumb":{"@id":"https:\/\/rm-mechatronics.com\/tr\/hizmetlerimiz\/egitim-hizmetleri\/kaynakli-imalat-yonetim-sistemi-egitimleri\/#breadcrumb"},"inLanguage":"tr","potentialAction":[{"@type":"ReadAction","target":["https:\/\/rm-mechatronics.com\/tr\/hizmetlerimiz\/egitim-hizmetleri\/kaynakli-imalat-yonetim-sistemi-egitimleri\/"]}]},{"@type":"BreadcrumbList","@id":"https:\/\/rm-mechatronics.com\/tr\/hizmetlerimiz\/egitim-hizmetleri\/kaynakli-imalat-yonetim-sistemi-egitimleri\/#breadcrumb","itemListElement":[{"@type":"ListItem","position":1,"name":"Anasayfa","item":"https:\/\/rm-mechatronics.com\/tr\/"},{"@type":"ListItem","position":2,"name":"Hizmetlerimiz","item":"https:\/\/rm-mechatronics.com\/tr\/hizmetlerimiz\/"},{"@type":"ListItem","position":3,"name":"E\u011fitim Hizmetleri","item":"https:\/\/rm-mechatronics.com\/tr\/hizmetlerimiz\/egitim-hizmetleri\/"},{"@type":"ListItem","position":4,"name":"Kaynakl\u0131 \u0130malat Y\u00f6netim Sistemi E\u011fitimleri"}]},{"@type":"WebSite","@id":"https:\/\/rm-mechatronics.com\/tr\/#website","url":"https:\/\/rm-mechatronics.com\/tr\/","name":"RM Mechatronics","description":"Kalite Kontrol Denetim ve M\u00fchendislik Hizmetleri","publisher":{"@id":"https:\/\/rm-mechatronics.com\/tr\/#organization"},"potentialAction":[{"@type":"SearchAction","target":{"@type":"EntryPoint","urlTemplate":"https:\/\/rm-mechatronics.com\/tr\/?s={search_term_string}"},"query-input":"required name=search_term_string"}],"inLanguage":"tr"},{"@type":"Organization","@id":"https:\/\/rm-mechatronics.com\/tr\/#organization","name":"RM-Mechatronics","url":"https:\/\/rm-mechatronics.com\/tr\/","sameAs":[],"logo":{"@type":"ImageObject","inLanguage":"tr","@id":"https:\/\/rm-mechatronics.com\/tr\/#\/schema\/logo\/image\/","url":"https:\/\/rm-mechatronics.com\/wp-content\/uploads\/2020\/08\/small_RM_ORIGINAL-1.png","contentUrl":"https:\/\/rm-mechatronics.com\/wp-content\/uploads\/2020\/08\/small_RM_ORIGINAL-1.png","width":302,"height":112,"caption":"RM-Mechatronics"},"image":{"@id":"https:\/\/rm-mechatronics.com\/tr\/#\/schema\/logo\/image\/"}},{"@type":"Person","@id":"https:\/\/rm-mechatronics.com\/tr\/#\/schema\/person\/975374cd7539c0f1081340b800a63482","name":"admin"}]}},"_links":{"self":[{"href":"https:\/\/rm-mechatronics.com\/tr\/wp-json\/wp\/v2\/pages\/3593"}],"collection":[{"href":"https:\/\/rm-mechatronics.com\/tr\/wp-json\/wp\/v2\/pages"}],"about":[{"href":"https:\/\/rm-mechatronics.com\/tr\/wp-json\/wp\/v2\/types\/page"}],"author":[{"embeddable":true,"href":"https:\/\/rm-mechatronics.com\/tr\/wp-json\/wp\/v2\/users\/2"}],"replies":[{"embeddable":true,"href":"https:\/\/rm-mechatronics.com\/tr\/wp-json\/wp\/v2\/comments?post=3593"}],"version-history":[{"count":0,"href":"https:\/\/rm-mechatronics.com\/tr\/wp-json\/wp\/v2\/pages\/3593\/revisions"}],"up":[{"embeddable":true,"href":"https:\/\/rm-mechatronics.com\/tr\/wp-json\/wp\/v2\/pages\/73"}],"wp:attachment":[{"href":"https:\/\/rm-mechatronics.com\/tr\/wp-json\/wp\/v2\/media?parent=3593"}],"curies":[{"name":"wp","href":"https:\/\/api.w.org\/{rel}","templated":true}]}}