{"id":3588,"date":"2022-04-17T14:51:04","date_gmt":"2022-04-17T11:51:04","guid":{"rendered":"https:\/\/rm-mechatronics.com\/periyodik-kontrol-servisi\/shelf-controls\/"},"modified":"2022-04-20T12:13:25","modified_gmt":"2022-04-20T09:13:25","slug":"raf-kontrolleri","status":"publish","type":"page","link":"https:\/\/rm-mechatronics.com\/tr\/periyodik-muayene-hizmetleri\/raf-kontrolleri\/","title":{"rendered":"Raf Kontrolleri"},"content":{"rendered":"<h2>Raf Sistemleri<\/h2>\n<p>Kullan\u0131m s\u0131kl\u0131\u011f\u0131 ve zamana paralel yorulma, raf konfig\u00fcrasyonundaki de\u011fi\u015fiklikler ve \u00e7arpma kaynakl\u0131 hasarlar raf ta\u015f\u0131ma kapasitesinin d\u00fc\u015fmesine ve buna ba\u011fl\u0131 olarak da kaza ihtimalinin artmas\u0131na sebep olur. RM Mechatronics uzman kadrosuyla kaza ihtimallerinin \u00f6n\u00fcne ge\u00e7ilmesi i\u00e7in bu kontrolleri ger\u00e7ekle\u015ftirmek i\u00e7in her zaman yan\u0131n\u0131zda olacakt\u0131r.<\/p>\n<p>TS EN 15635 \u00c7elik Statik Saklama Sistemleri \u2013 Saklama ekipmanlar\u0131n\u0131n uygulama ve bak\u0131m\u0131 standard\u0131 end\u00fcstriyel raflar\u0131n kullan\u0131m, bak\u0131m ve kontrol s\u00fcre\u00e7lerini tarif eder. Bu standarda g\u00f6re end\u00fcstriyel raflar\u0131n kontrol\u00fcn\u00fcn senede en az bir kez uzman bir denet\u00e7i taraf\u0131ndan yap\u0131lmas\u0131 gerekmektedir. Yine ayn\u0131 standarda g\u00f6re firma i\u00e7i kontrollerinin de haftal\u0131k veya risk analiziyle belirlenecek periyodlarda e\u011fitimli bir personel (PRSES) taraf\u0131ndan yap\u0131lmas\u0131 gerekmektedir.<\/p>\n<p><strong>Raf sistemleri denetimlerinde kullan\u0131lan belli ba\u015fl\u0131 kriterler;<\/strong><\/p>\n<p>\u2022 TS EN 15635 Standart \u0130\u00e7eri\u011finin ana hatlar\u0131 a\u015fa\u011f\u0131daki gibidir;<br \/>\n\uf0fc \u0130\u015fletme \u0130htiya\u00e7lar\u0131<br \/>\n\uf0fc Kullan\u0131c\u0131yla \u0130lgili \u00d6nemli Veriler<br \/>\n\uf0fc Montaj ve Kurulum<br \/>\n\uf0fc Raf Konfig\u00fcrasyonundaki De\u011fi\u015fiklikler<br \/>\n\uf0fc Raf Kullan\u0131m\u0131<br \/>\n\uf0fc Raf G\u00fcvenli\u011fi ve Hasar De\u011ferlendirmesi<br \/>\n\uf0fc G\u00fcvenlik De\u011ferlendirmesi Gerektiren De\u011fi\u015fiklikler<\/p>\n<p>\u2022 TS EN 15512.2009 &#8211; Ayarlanabilir Palet Raf Sistemleri &#8211; Yap\u0131sal Tasar\u0131m Kurallar\u0131<br \/>\n\u2022 TS EN 15620 &#8211; Ayarlanabilir Palet Raf Sistemleri &#8211; \u00c7arp\u0131lma Ve Aral\u0131k Toleranslar\u0131<br \/>\n\u2022 TS EN 15629 &#8211; Saklama Ekipmanlar\u0131n\u0131n \u00d6zellikleri<br \/>\n\u2022 TS EN 15635 &#8211; Saklama Ekipmanlar\u0131n\u0131n Uygulama Ve Bak\u0131m\u0131<br \/>\n\u2022 TS EN 15878 &#8211; Terimler Ve Tarifler<br \/>\n\u2022 TS EN 16681 &#8211; Ayarlanabilir Palet Raf Sistemleri &#8211; Deprem \u0130\u00e7in Tasar\u0131m Kurallar<br \/>\n\u2022 TS EN 15095+A1 &#8211; G\u00fc\u00e7le \u00c7al\u0131\u015fan Mobil Depolama Carousel (D\u00f6ner) Sistemi,<br \/>\nS\u0131ralama Ve Raflama Sistemi Ve Depolama Lifti &#8211; G\u00fcvenlik Kurallar\u0131<\/p>\n<p>&nbsp;<\/p>\n","protected":false},"excerpt":{"rendered":"<p>Raf Sistemleri Kullan\u0131m s\u0131kl\u0131\u011f\u0131 ve zamana paralel yorulma, raf konfig\u00fcrasyonundaki de\u011fi\u015fiklikler ve \u00e7arpma kaynakl\u0131 hasarlar raf ta\u015f\u0131ma kapasitesinin d\u00fc\u015fmesine ve buna ba\u011fl\u0131 olarak da kaza ihtimalinin artmas\u0131na sebep olur. RM Mechatronics uzman kadrosuyla kaza ihtimallerinin \u00f6n\u00fcne ge\u00e7ilmesi i\u00e7in bu kontrolleri ger\u00e7ekle\u015ftirmek i\u00e7in her zaman yan\u0131n\u0131zda olacakt\u0131r. TS EN 15635 \u00c7elik Statik Saklama Sistemleri \u2013 Saklama &hellip;<\/p>\n","protected":false},"author":2,"featured_media":0,"parent":3530,"menu_order":0,"comment_status":"closed","ping_status":"closed","template":"","meta":{"footnotes":""},"acf":[],"yoast_head":"<!-- This site is optimized with the Yoast SEO plugin v19.8 - https:\/\/yoast.com\/wordpress\/plugins\/seo\/ -->\n<title>Raf Kontrolleri - RM Mechatronics<\/title>\n<meta name=\"description\" content=\"TS EN 15635 \u00c7elik Statik Saklama Sistemleri \u2013 Saklama ekipmanlar\u0131n\u0131n uygulama ve bak\u0131m\u0131 standard\u0131 end\u00fcstriyel raflar\u0131n kullan\u0131m, bak\u0131m ve kontrol s\u00fcre\u00e7lerini tarif eder.\" \/>\n<meta name=\"robots\" content=\"index, follow, max-snippet:-1, max-image-preview:large, max-video-preview:-1\" \/>\n<link rel=\"canonical\" href=\"https:\/\/rm-mechatronics.com\/tr\/periyodik-muayene-hizmetleri\/raf-kontrolleri\/\" \/>\n<meta name=\"twitter:label1\" content=\"Tahmini okuma s\u00fcresi\" \/>\n\t<meta name=\"twitter:data1\" content=\"2 dakika\" \/>\n<script type=\"application\/ld+json\" class=\"yoast-schema-graph\">{\"@context\":\"https:\/\/schema.org\",\"@graph\":[{\"@type\":\"Article\",\"@id\":\"https:\/\/rm-mechatronics.com\/tr\/periyodik-muayene-hizmetleri\/raf-kontrolleri\/#article\",\"isPartOf\":{\"@id\":\"https:\/\/rm-mechatronics.com\/tr\/periyodik-muayene-hizmetleri\/raf-kontrolleri\/\"},\"author\":{\"name\":\"admin\",\"@id\":\"https:\/\/rm-mechatronics.com\/tr\/#\/schema\/person\/975374cd7539c0f1081340b800a63482\"},\"headline\":\"Raf Kontrolleri\",\"datePublished\":\"2022-04-17T11:51:04+00:00\",\"dateModified\":\"2022-04-20T09:13:25+00:00\",\"mainEntityOfPage\":{\"@id\":\"https:\/\/rm-mechatronics.com\/tr\/periyodik-muayene-hizmetleri\/raf-kontrolleri\/\"},\"wordCount\":297,\"publisher\":{\"@id\":\"https:\/\/rm-mechatronics.com\/tr\/#organization\"},\"inLanguage\":\"tr\"},{\"@type\":\"WebPage\",\"@id\":\"https:\/\/rm-mechatronics.com\/tr\/periyodik-muayene-hizmetleri\/raf-kontrolleri\/\",\"url\":\"https:\/\/rm-mechatronics.com\/tr\/periyodik-muayene-hizmetleri\/raf-kontrolleri\/\",\"name\":\"Raf Kontrolleri - RM Mechatronics\",\"isPartOf\":{\"@id\":\"https:\/\/rm-mechatronics.com\/tr\/#website\"},\"datePublished\":\"2022-04-17T11:51:04+00:00\",\"dateModified\":\"2022-04-20T09:13:25+00:00\",\"description\":\"TS EN 15635 \u00c7elik Statik Saklama Sistemleri \u2013 Saklama ekipmanlar\u0131n\u0131n uygulama ve bak\u0131m\u0131 standard\u0131 end\u00fcstriyel raflar\u0131n kullan\u0131m, bak\u0131m ve kontrol s\u00fcre\u00e7lerini tarif eder.\",\"breadcrumb\":{\"@id\":\"https:\/\/rm-mechatronics.com\/tr\/periyodik-muayene-hizmetleri\/raf-kontrolleri\/#breadcrumb\"},\"inLanguage\":\"tr\",\"potentialAction\":[{\"@type\":\"ReadAction\",\"target\":[\"https:\/\/rm-mechatronics.com\/tr\/periyodik-muayene-hizmetleri\/raf-kontrolleri\/\"]}]},{\"@type\":\"BreadcrumbList\",\"@id\":\"https:\/\/rm-mechatronics.com\/tr\/periyodik-muayene-hizmetleri\/raf-kontrolleri\/#breadcrumb\",\"itemListElement\":[{\"@type\":\"ListItem\",\"position\":1,\"name\":\"Anasayfa\",\"item\":\"https:\/\/rm-mechatronics.com\/tr\/\"},{\"@type\":\"ListItem\",\"position\":2,\"name\":\"Periyodik Kontrol Hizmetleri\",\"item\":\"https:\/\/rm-mechatronics.com\/tr\/periyodik-muayene-hizmetleri\/\"},{\"@type\":\"ListItem\",\"position\":3,\"name\":\"Raf Kontrolleri\"}]},{\"@type\":\"WebSite\",\"@id\":\"https:\/\/rm-mechatronics.com\/tr\/#website\",\"url\":\"https:\/\/rm-mechatronics.com\/tr\/\",\"name\":\"RM Mechatronics\",\"description\":\"Kalite Kontrol Denetim ve M\u00fchendislik Hizmetleri\",\"publisher\":{\"@id\":\"https:\/\/rm-mechatronics.com\/tr\/#organization\"},\"potentialAction\":[{\"@type\":\"SearchAction\",\"target\":{\"@type\":\"EntryPoint\",\"urlTemplate\":\"https:\/\/rm-mechatronics.com\/tr\/?s={search_term_string}\"},\"query-input\":\"required name=search_term_string\"}],\"inLanguage\":\"tr\"},{\"@type\":\"Organization\",\"@id\":\"https:\/\/rm-mechatronics.com\/tr\/#organization\",\"name\":\"RM-Mechatronics\",\"url\":\"https:\/\/rm-mechatronics.com\/tr\/\",\"sameAs\":[],\"logo\":{\"@type\":\"ImageObject\",\"inLanguage\":\"tr\",\"@id\":\"https:\/\/rm-mechatronics.com\/tr\/#\/schema\/logo\/image\/\",\"url\":\"https:\/\/rm-mechatronics.com\/wp-content\/uploads\/2020\/08\/small_RM_ORIGINAL-1.png\",\"contentUrl\":\"https:\/\/rm-mechatronics.com\/wp-content\/uploads\/2020\/08\/small_RM_ORIGINAL-1.png\",\"width\":302,\"height\":112,\"caption\":\"RM-Mechatronics\"},\"image\":{\"@id\":\"https:\/\/rm-mechatronics.com\/tr\/#\/schema\/logo\/image\/\"}},{\"@type\":\"Person\",\"@id\":\"https:\/\/rm-mechatronics.com\/tr\/#\/schema\/person\/975374cd7539c0f1081340b800a63482\",\"name\":\"admin\"}]}<\/script>\n<!-- \/ Yoast SEO plugin. -->","yoast_head_json":{"title":"Raf Kontrolleri - RM Mechatronics","description":"TS EN 15635 \u00c7elik Statik Saklama Sistemleri \u2013 Saklama ekipmanlar\u0131n\u0131n uygulama ve bak\u0131m\u0131 standard\u0131 end\u00fcstriyel raflar\u0131n kullan\u0131m, bak\u0131m ve kontrol s\u00fcre\u00e7lerini tarif eder.","robots":{"index":"index","follow":"follow","max-snippet":"max-snippet:-1","max-image-preview":"max-image-preview:large","max-video-preview":"max-video-preview:-1"},"canonical":"https:\/\/rm-mechatronics.com\/tr\/periyodik-muayene-hizmetleri\/raf-kontrolleri\/","twitter_misc":{"Tahmini okuma s\u00fcresi":"2 dakika"},"schema":{"@context":"https:\/\/schema.org","@graph":[{"@type":"Article","@id":"https:\/\/rm-mechatronics.com\/tr\/periyodik-muayene-hizmetleri\/raf-kontrolleri\/#article","isPartOf":{"@id":"https:\/\/rm-mechatronics.com\/tr\/periyodik-muayene-hizmetleri\/raf-kontrolleri\/"},"author":{"name":"admin","@id":"https:\/\/rm-mechatronics.com\/tr\/#\/schema\/person\/975374cd7539c0f1081340b800a63482"},"headline":"Raf Kontrolleri","datePublished":"2022-04-17T11:51:04+00:00","dateModified":"2022-04-20T09:13:25+00:00","mainEntityOfPage":{"@id":"https:\/\/rm-mechatronics.com\/tr\/periyodik-muayene-hizmetleri\/raf-kontrolleri\/"},"wordCount":297,"publisher":{"@id":"https:\/\/rm-mechatronics.com\/tr\/#organization"},"inLanguage":"tr"},{"@type":"WebPage","@id":"https:\/\/rm-mechatronics.com\/tr\/periyodik-muayene-hizmetleri\/raf-kontrolleri\/","url":"https:\/\/rm-mechatronics.com\/tr\/periyodik-muayene-hizmetleri\/raf-kontrolleri\/","name":"Raf Kontrolleri - RM Mechatronics","isPartOf":{"@id":"https:\/\/rm-mechatronics.com\/tr\/#website"},"datePublished":"2022-04-17T11:51:04+00:00","dateModified":"2022-04-20T09:13:25+00:00","description":"TS EN 15635 \u00c7elik Statik Saklama Sistemleri \u2013 Saklama ekipmanlar\u0131n\u0131n uygulama ve bak\u0131m\u0131 standard\u0131 end\u00fcstriyel raflar\u0131n kullan\u0131m, bak\u0131m ve kontrol s\u00fcre\u00e7lerini tarif eder.","breadcrumb":{"@id":"https:\/\/rm-mechatronics.com\/tr\/periyodik-muayene-hizmetleri\/raf-kontrolleri\/#breadcrumb"},"inLanguage":"tr","potentialAction":[{"@type":"ReadAction","target":["https:\/\/rm-mechatronics.com\/tr\/periyodik-muayene-hizmetleri\/raf-kontrolleri\/"]}]},{"@type":"BreadcrumbList","@id":"https:\/\/rm-mechatronics.com\/tr\/periyodik-muayene-hizmetleri\/raf-kontrolleri\/#breadcrumb","itemListElement":[{"@type":"ListItem","position":1,"name":"Anasayfa","item":"https:\/\/rm-mechatronics.com\/tr\/"},{"@type":"ListItem","position":2,"name":"Periyodik Kontrol Hizmetleri","item":"https:\/\/rm-mechatronics.com\/tr\/periyodik-muayene-hizmetleri\/"},{"@type":"ListItem","position":3,"name":"Raf Kontrolleri"}]},{"@type":"WebSite","@id":"https:\/\/rm-mechatronics.com\/tr\/#website","url":"https:\/\/rm-mechatronics.com\/tr\/","name":"RM Mechatronics","description":"Kalite Kontrol Denetim ve M\u00fchendislik Hizmetleri","publisher":{"@id":"https:\/\/rm-mechatronics.com\/tr\/#organization"},"potentialAction":[{"@type":"SearchAction","target":{"@type":"EntryPoint","urlTemplate":"https:\/\/rm-mechatronics.com\/tr\/?s={search_term_string}"},"query-input":"required name=search_term_string"}],"inLanguage":"tr"},{"@type":"Organization","@id":"https:\/\/rm-mechatronics.com\/tr\/#organization","name":"RM-Mechatronics","url":"https:\/\/rm-mechatronics.com\/tr\/","sameAs":[],"logo":{"@type":"ImageObject","inLanguage":"tr","@id":"https:\/\/rm-mechatronics.com\/tr\/#\/schema\/logo\/image\/","url":"https:\/\/rm-mechatronics.com\/wp-content\/uploads\/2020\/08\/small_RM_ORIGINAL-1.png","contentUrl":"https:\/\/rm-mechatronics.com\/wp-content\/uploads\/2020\/08\/small_RM_ORIGINAL-1.png","width":302,"height":112,"caption":"RM-Mechatronics"},"image":{"@id":"https:\/\/rm-mechatronics.com\/tr\/#\/schema\/logo\/image\/"}},{"@type":"Person","@id":"https:\/\/rm-mechatronics.com\/tr\/#\/schema\/person\/975374cd7539c0f1081340b800a63482","name":"admin"}]}},"_links":{"self":[{"href":"https:\/\/rm-mechatronics.com\/tr\/wp-json\/wp\/v2\/pages\/3588"}],"collection":[{"href":"https:\/\/rm-mechatronics.com\/tr\/wp-json\/wp\/v2\/pages"}],"about":[{"href":"https:\/\/rm-mechatronics.com\/tr\/wp-json\/wp\/v2\/types\/page"}],"author":[{"embeddable":true,"href":"https:\/\/rm-mechatronics.com\/tr\/wp-json\/wp\/v2\/users\/2"}],"replies":[{"embeddable":true,"href":"https:\/\/rm-mechatronics.com\/tr\/wp-json\/wp\/v2\/comments?post=3588"}],"version-history":[{"count":0,"href":"https:\/\/rm-mechatronics.com\/tr\/wp-json\/wp\/v2\/pages\/3588\/revisions"}],"up":[{"embeddable":true,"href":"https:\/\/rm-mechatronics.com\/tr\/wp-json\/wp\/v2\/pages\/3530"}],"wp:attachment":[{"href":"https:\/\/rm-mechatronics.com\/tr\/wp-json\/wp\/v2\/media?parent=3588"}],"curies":[{"name":"wp","href":"https:\/\/api.w.org\/{rel}","templated":true}]}}