{"id":3582,"date":"2022-04-17T14:44:21","date_gmt":"2022-04-17T11:44:21","guid":{"rendered":"https:\/\/rm-mechatronics.com\/periyodik-kontrol-servisi\/playground-controls\/"},"modified":"2022-04-20T13:07:17","modified_gmt":"2022-04-20T10:07:17","slug":"oyun-alani-kontrolleri","status":"publish","type":"page","link":"https:\/\/rm-mechatronics.com\/tr\/periyodik-muayene-hizmetleri\/oyun-alani-kontrolleri\/","title":{"rendered":"Oyun Alan\u0131 Kontrolleri"},"content":{"rendered":"<h2>\u00c7ocuk Oyun Alanlar\u0131<\/h2>\n<p>Oyun oynamak \u00e7ocuklar\u0131n fiziksel, mental ve duygusal geli\u015fimi i\u00e7in destek veren \u00e7ok \u00f6nemli bir aktivitedir. Oyun alanlar\u0131ndaki ekipmanlar ve oyun d\u00fczenekleri \u00e7ocu\u011fun geli\u015fimine uygun olarak tasarlanmal\u0131d\u0131r. Planlama, tasarlama ve y\u00f6netimden kaynaklanan aksakl\u0131klar oyun alanlar\u0131nda kazalara neden olmaktad\u0131r. Bu kazalar\u0131n kabaca % 60\u2019\u0131 d\u00fc\u015fme kaynakl\u0131 olup geri kalan %40\u2019\u0131 ise periyodik muayene ile \u00f6nlenebilir sebeplerden olu\u015fmaktad\u0131r. Ekipmanlar\u0131n k\u00f6\u015felerinin keskin olmas\u0131, ya\u015f gruplar\u0131na uygun y\u00fckseklikte olmamas\u0131, hatal\u0131 ya\u015f gruplamas\u0131 yap\u0131lmas\u0131, do\u011fru zemin kaplamas\u0131n\u0131n kullan\u0131lmamas\u0131 var olan kaplamada y\u0131rt\u0131klar olu\u015fmu\u015f olmas\u0131, ba\u011flant\u0131 aparatlar\u0131n\u0131n periyodik kontrolden ge\u00e7memi\u015f ve bak\u0131ms\u0131z olmas\u0131 oyun alan\u0131nda meydana gelen yaralanmalar\u0131n nedenleri aras\u0131ndad\u0131r.<\/p>\n<p>Yap\u0131m\u0131 tamamland\u0131ktan sonra parklar\u0131n belirli aral\u0131klarla kontrol edilmesi ve g\u00fcvenli\u011finin temin edilmesi gerekmektedir.<\/p>\n<p>RM Mechatronics olarak \u00c7ocuk Oyun Alanlar\u0131n\u0131n periyodik kontrol i\u015flemlerini standartlara uygun olarak deneyimli kadromuz ile ger\u00e7ekle\u015ftiriyoruz. \u00c7ocuklar\u0131m\u0131z\u0131n g\u00fcvenli ve sa\u011fl\u0131kl\u0131 bir \u015fekilde zaman ge\u00e7irebilecekleri alanlar\u0131 kontrol etmek ve olas\u0131 kazalar\u0131n \u00f6nlenmesi i\u00e7in sizlere \u00e7\u00f6z\u00fcm orta\u011f\u0131 olmaktan memnuniyet duyar\u0131z.<\/p>\n<ol>\n<li>TS EN 1176-1 Genel g\u00fcvenlik kurallar\u0131 ve deney y\u00f6ntemleri<\/li>\n<li>TS EN 1176-2 Sal\u0131ncaklar i\u00e7in \u00f6zel g\u00fcvenlik kurallar\u0131 ve deney metotlar\u0131<\/li>\n<li>TS EN 1176-3 Kayd\u0131raklar i\u00e7in il\u00e2ve \u00f6zel g\u00fcvenlik kurallar\u0131 ve deney metotlar\u0131<\/li>\n<li>TS EN 1176-4 Kablolu ta\u015f\u0131ma tesisatlar\u0131 i\u00e7in il\u00e2ve \u00f6zel g\u00fcvenlik kurallar\u0131 ve deney y\u00f6ntemleri<\/li>\n<li>TS EN 1176-5 Atl\u0131kar\u0131ncalar i\u00e7in ilave \u00f6zel g\u00fcvenlik kurallar\u0131 ve deney y\u00f6ntemleri<\/li>\n<li>TS EN 1176-6 Sallanma elemanlar\u0131 i\u00e7in il\u00e2ve \u00f6zel g\u00fcvenlik kurallar\u0131 ve deney metotlar\u0131<\/li>\n<li>TS EN 1176-7 Tesis, muayene, bak\u0131m ve i\u015fletme i\u00e7in k\u0131lavuz<\/li>\n<li>TS EN 1176-10 Tamam\u0131yla kapal\u0131 oyun elemanlar\u0131 i\u00e7in il\u00e2ve \u00f6zel g\u00fcvenlik kurallar\u0131 ve deney metotlar\u0131<\/li>\n<li>TS EN 1176-11 Havada as\u0131l\u0131 a\u011flar i\u00e7in il\u00e2ve \u00f6zel g\u00fcvenlik kurallar\u0131 ve deney y\u00f6ntemleri<\/li>\n<li>TS EN 1177 \u00c7arpma etkisini azaltan zemin d\u00fczenlemeleri &#8211; Kritik d\u00fc\u015fme y\u00fcksekli\u011finin belirlenmesi<\/li>\n<li>TS EN 60335-2-82 G\u00fcvenlik kurallar\u0131 &#8211; Ev ve benzeri yerlerde kullan\u0131lan elektrikli cihazlar i\u00e7in &#8211; B\u00f6l\u00fcm 2.82: E\u011flence makineleri ve ki\u015fisel hizmet makineleri i\u00e7in \u00f6zel kurallar<\/li>\n<\/ol>\n","protected":false},"excerpt":{"rendered":"<p>\u00c7ocuk Oyun Alanlar\u0131 Oyun oynamak \u00e7ocuklar\u0131n fiziksel, mental ve duygusal geli\u015fimi i\u00e7in destek veren \u00e7ok \u00f6nemli bir aktivitedir. Oyun alanlar\u0131ndaki ekipmanlar ve oyun d\u00fczenekleri \u00e7ocu\u011fun geli\u015fimine uygun olarak tasarlanmal\u0131d\u0131r. Planlama, tasarlama ve y\u00f6netimden kaynaklanan aksakl\u0131klar oyun alanlar\u0131nda kazalara neden olmaktad\u0131r. Bu kazalar\u0131n kabaca % 60\u2019\u0131 d\u00fc\u015fme kaynakl\u0131 olup geri kalan %40\u2019\u0131 ise periyodik muayene ile &hellip;<\/p>\n","protected":false},"author":2,"featured_media":0,"parent":3530,"menu_order":0,"comment_status":"closed","ping_status":"closed","template":"","meta":{"footnotes":""},"acf":[],"yoast_head":"<!-- This site is optimized with the Yoast SEO plugin v19.8 - https:\/\/yoast.com\/wordpress\/plugins\/seo\/ -->\n<title>Oyun Alan\u0131 Kontrolleri (\u00c7ocuk Oyun Alanlar\u0131) - RM Mechatronics<\/title>\n<meta name=\"description\" content=\"Oyun alanlar\u0131ndaki ekipmanlar ve oyun d\u00fczenekleri \u00e7ocu\u011fun geli\u015fimine uygun olarak tasarlanmal\u0131d\u0131r.\" \/>\n<meta name=\"robots\" content=\"index, follow, max-snippet:-1, max-image-preview:large, max-video-preview:-1\" \/>\n<link rel=\"canonical\" href=\"https:\/\/rm-mechatronics.com\/tr\/periyodik-muayene-hizmetleri\/oyun-alani-kontrolleri\/\" \/>\n<meta name=\"twitter:label1\" content=\"Tahmini okuma s\u00fcresi\" \/>\n\t<meta name=\"twitter:data1\" content=\"3 dakika\" \/>\n<script type=\"application\/ld+json\" class=\"yoast-schema-graph\">{\"@context\":\"https:\/\/schema.org\",\"@graph\":[{\"@type\":\"Article\",\"@id\":\"https:\/\/rm-mechatronics.com\/tr\/periyodik-muayene-hizmetleri\/oyun-alani-kontrolleri\/#article\",\"isPartOf\":{\"@id\":\"https:\/\/rm-mechatronics.com\/tr\/periyodik-muayene-hizmetleri\/oyun-alani-kontrolleri\/\"},\"author\":{\"name\":\"admin\",\"@id\":\"https:\/\/rm-mechatronics.com\/tr\/#\/schema\/person\/975374cd7539c0f1081340b800a63482\"},\"headline\":\"Oyun Alan\u0131 Kontrolleri\",\"datePublished\":\"2022-04-17T11:44:21+00:00\",\"dateModified\":\"2022-04-20T10:07:17+00:00\",\"mainEntityOfPage\":{\"@id\":\"https:\/\/rm-mechatronics.com\/tr\/periyodik-muayene-hizmetleri\/oyun-alani-kontrolleri\/\"},\"wordCount\":404,\"publisher\":{\"@id\":\"https:\/\/rm-mechatronics.com\/tr\/#organization\"},\"inLanguage\":\"tr\"},{\"@type\":\"WebPage\",\"@id\":\"https:\/\/rm-mechatronics.com\/tr\/periyodik-muayene-hizmetleri\/oyun-alani-kontrolleri\/\",\"url\":\"https:\/\/rm-mechatronics.com\/tr\/periyodik-muayene-hizmetleri\/oyun-alani-kontrolleri\/\",\"name\":\"Oyun Alan\u0131 Kontrolleri (\u00c7ocuk Oyun Alanlar\u0131) - RM Mechatronics\",\"isPartOf\":{\"@id\":\"https:\/\/rm-mechatronics.com\/tr\/#website\"},\"datePublished\":\"2022-04-17T11:44:21+00:00\",\"dateModified\":\"2022-04-20T10:07:17+00:00\",\"description\":\"Oyun alanlar\u0131ndaki ekipmanlar ve oyun d\u00fczenekleri \u00e7ocu\u011fun geli\u015fimine uygun olarak tasarlanmal\u0131d\u0131r.\",\"breadcrumb\":{\"@id\":\"https:\/\/rm-mechatronics.com\/tr\/periyodik-muayene-hizmetleri\/oyun-alani-kontrolleri\/#breadcrumb\"},\"inLanguage\":\"tr\",\"potentialAction\":[{\"@type\":\"ReadAction\",\"target\":[\"https:\/\/rm-mechatronics.com\/tr\/periyodik-muayene-hizmetleri\/oyun-alani-kontrolleri\/\"]}]},{\"@type\":\"BreadcrumbList\",\"@id\":\"https:\/\/rm-mechatronics.com\/tr\/periyodik-muayene-hizmetleri\/oyun-alani-kontrolleri\/#breadcrumb\",\"itemListElement\":[{\"@type\":\"ListItem\",\"position\":1,\"name\":\"Anasayfa\",\"item\":\"https:\/\/rm-mechatronics.com\/tr\/\"},{\"@type\":\"ListItem\",\"position\":2,\"name\":\"Periyodik Kontrol Hizmetleri\",\"item\":\"https:\/\/rm-mechatronics.com\/tr\/periyodik-muayene-hizmetleri\/\"},{\"@type\":\"ListItem\",\"position\":3,\"name\":\"Oyun Alan\u0131 Kontrolleri\"}]},{\"@type\":\"WebSite\",\"@id\":\"https:\/\/rm-mechatronics.com\/tr\/#website\",\"url\":\"https:\/\/rm-mechatronics.com\/tr\/\",\"name\":\"RM Mechatronics\",\"description\":\"Kalite Kontrol Denetim ve M\u00fchendislik Hizmetleri\",\"publisher\":{\"@id\":\"https:\/\/rm-mechatronics.com\/tr\/#organization\"},\"potentialAction\":[{\"@type\":\"SearchAction\",\"target\":{\"@type\":\"EntryPoint\",\"urlTemplate\":\"https:\/\/rm-mechatronics.com\/tr\/?s={search_term_string}\"},\"query-input\":\"required name=search_term_string\"}],\"inLanguage\":\"tr\"},{\"@type\":\"Organization\",\"@id\":\"https:\/\/rm-mechatronics.com\/tr\/#organization\",\"name\":\"RM-Mechatronics\",\"url\":\"https:\/\/rm-mechatronics.com\/tr\/\",\"sameAs\":[],\"logo\":{\"@type\":\"ImageObject\",\"inLanguage\":\"tr\",\"@id\":\"https:\/\/rm-mechatronics.com\/tr\/#\/schema\/logo\/image\/\",\"url\":\"https:\/\/rm-mechatronics.com\/wp-content\/uploads\/2020\/08\/small_RM_ORIGINAL-1.png\",\"contentUrl\":\"https:\/\/rm-mechatronics.com\/wp-content\/uploads\/2020\/08\/small_RM_ORIGINAL-1.png\",\"width\":302,\"height\":112,\"caption\":\"RM-Mechatronics\"},\"image\":{\"@id\":\"https:\/\/rm-mechatronics.com\/tr\/#\/schema\/logo\/image\/\"}},{\"@type\":\"Person\",\"@id\":\"https:\/\/rm-mechatronics.com\/tr\/#\/schema\/person\/975374cd7539c0f1081340b800a63482\",\"name\":\"admin\"}]}<\/script>\n<!-- \/ Yoast SEO plugin. -->","yoast_head_json":{"title":"Oyun Alan\u0131 Kontrolleri (\u00c7ocuk Oyun Alanlar\u0131) - RM Mechatronics","description":"Oyun alanlar\u0131ndaki ekipmanlar ve oyun d\u00fczenekleri \u00e7ocu\u011fun geli\u015fimine uygun olarak tasarlanmal\u0131d\u0131r.","robots":{"index":"index","follow":"follow","max-snippet":"max-snippet:-1","max-image-preview":"max-image-preview:large","max-video-preview":"max-video-preview:-1"},"canonical":"https:\/\/rm-mechatronics.com\/tr\/periyodik-muayene-hizmetleri\/oyun-alani-kontrolleri\/","twitter_misc":{"Tahmini okuma s\u00fcresi":"3 dakika"},"schema":{"@context":"https:\/\/schema.org","@graph":[{"@type":"Article","@id":"https:\/\/rm-mechatronics.com\/tr\/periyodik-muayene-hizmetleri\/oyun-alani-kontrolleri\/#article","isPartOf":{"@id":"https:\/\/rm-mechatronics.com\/tr\/periyodik-muayene-hizmetleri\/oyun-alani-kontrolleri\/"},"author":{"name":"admin","@id":"https:\/\/rm-mechatronics.com\/tr\/#\/schema\/person\/975374cd7539c0f1081340b800a63482"},"headline":"Oyun Alan\u0131 Kontrolleri","datePublished":"2022-04-17T11:44:21+00:00","dateModified":"2022-04-20T10:07:17+00:00","mainEntityOfPage":{"@id":"https:\/\/rm-mechatronics.com\/tr\/periyodik-muayene-hizmetleri\/oyun-alani-kontrolleri\/"},"wordCount":404,"publisher":{"@id":"https:\/\/rm-mechatronics.com\/tr\/#organization"},"inLanguage":"tr"},{"@type":"WebPage","@id":"https:\/\/rm-mechatronics.com\/tr\/periyodik-muayene-hizmetleri\/oyun-alani-kontrolleri\/","url":"https:\/\/rm-mechatronics.com\/tr\/periyodik-muayene-hizmetleri\/oyun-alani-kontrolleri\/","name":"Oyun Alan\u0131 Kontrolleri (\u00c7ocuk Oyun Alanlar\u0131) - RM Mechatronics","isPartOf":{"@id":"https:\/\/rm-mechatronics.com\/tr\/#website"},"datePublished":"2022-04-17T11:44:21+00:00","dateModified":"2022-04-20T10:07:17+00:00","description":"Oyun alanlar\u0131ndaki ekipmanlar ve oyun d\u00fczenekleri \u00e7ocu\u011fun geli\u015fimine uygun olarak tasarlanmal\u0131d\u0131r.","breadcrumb":{"@id":"https:\/\/rm-mechatronics.com\/tr\/periyodik-muayene-hizmetleri\/oyun-alani-kontrolleri\/#breadcrumb"},"inLanguage":"tr","potentialAction":[{"@type":"ReadAction","target":["https:\/\/rm-mechatronics.com\/tr\/periyodik-muayene-hizmetleri\/oyun-alani-kontrolleri\/"]}]},{"@type":"BreadcrumbList","@id":"https:\/\/rm-mechatronics.com\/tr\/periyodik-muayene-hizmetleri\/oyun-alani-kontrolleri\/#breadcrumb","itemListElement":[{"@type":"ListItem","position":1,"name":"Anasayfa","item":"https:\/\/rm-mechatronics.com\/tr\/"},{"@type":"ListItem","position":2,"name":"Periyodik Kontrol Hizmetleri","item":"https:\/\/rm-mechatronics.com\/tr\/periyodik-muayene-hizmetleri\/"},{"@type":"ListItem","position":3,"name":"Oyun Alan\u0131 Kontrolleri"}]},{"@type":"WebSite","@id":"https:\/\/rm-mechatronics.com\/tr\/#website","url":"https:\/\/rm-mechatronics.com\/tr\/","name":"RM Mechatronics","description":"Kalite Kontrol Denetim ve M\u00fchendislik Hizmetleri","publisher":{"@id":"https:\/\/rm-mechatronics.com\/tr\/#organization"},"potentialAction":[{"@type":"SearchAction","target":{"@type":"EntryPoint","urlTemplate":"https:\/\/rm-mechatronics.com\/tr\/?s={search_term_string}"},"query-input":"required name=search_term_string"}],"inLanguage":"tr"},{"@type":"Organization","@id":"https:\/\/rm-mechatronics.com\/tr\/#organization","name":"RM-Mechatronics","url":"https:\/\/rm-mechatronics.com\/tr\/","sameAs":[],"logo":{"@type":"ImageObject","inLanguage":"tr","@id":"https:\/\/rm-mechatronics.com\/tr\/#\/schema\/logo\/image\/","url":"https:\/\/rm-mechatronics.com\/wp-content\/uploads\/2020\/08\/small_RM_ORIGINAL-1.png","contentUrl":"https:\/\/rm-mechatronics.com\/wp-content\/uploads\/2020\/08\/small_RM_ORIGINAL-1.png","width":302,"height":112,"caption":"RM-Mechatronics"},"image":{"@id":"https:\/\/rm-mechatronics.com\/tr\/#\/schema\/logo\/image\/"}},{"@type":"Person","@id":"https:\/\/rm-mechatronics.com\/tr\/#\/schema\/person\/975374cd7539c0f1081340b800a63482","name":"admin"}]}},"_links":{"self":[{"href":"https:\/\/rm-mechatronics.com\/tr\/wp-json\/wp\/v2\/pages\/3582"}],"collection":[{"href":"https:\/\/rm-mechatronics.com\/tr\/wp-json\/wp\/v2\/pages"}],"about":[{"href":"https:\/\/rm-mechatronics.com\/tr\/wp-json\/wp\/v2\/types\/page"}],"author":[{"embeddable":true,"href":"https:\/\/rm-mechatronics.com\/tr\/wp-json\/wp\/v2\/users\/2"}],"replies":[{"embeddable":true,"href":"https:\/\/rm-mechatronics.com\/tr\/wp-json\/wp\/v2\/comments?post=3582"}],"version-history":[{"count":0,"href":"https:\/\/rm-mechatronics.com\/tr\/wp-json\/wp\/v2\/pages\/3582\/revisions"}],"up":[{"embeddable":true,"href":"https:\/\/rm-mechatronics.com\/tr\/wp-json\/wp\/v2\/pages\/3530"}],"wp:attachment":[{"href":"https:\/\/rm-mechatronics.com\/tr\/wp-json\/wp\/v2\/media?parent=3582"}],"curies":[{"name":"wp","href":"https:\/\/api.w.org\/{rel}","templated":true}]}}