{"id":3575,"date":"2022-04-17T14:29:25","date_gmt":"2022-04-17T11:29:25","guid":{"rendered":"https:\/\/rm-mechatronics.com\/pressure-equipments\/"},"modified":"2022-04-20T13:08:32","modified_gmt":"2022-04-20T10:08:32","slug":"basincli-ekipmanlar","status":"publish","type":"page","link":"https:\/\/rm-mechatronics.com\/tr\/periyodik-muayene-hizmetleri\/basincli-ekipmanlar\/","title":{"rendered":"Bas\u0131n\u00e7l\u0131 Ekipmanlar"},"content":{"rendered":"\r\n<p>T\u00fcm bas\u0131n\u00e7l\u0131 ekipmanlar kullan\u0131ld\u0131k\u00e7a korozyona u\u011frarlar. Ba\u011flant\u0131 ve kaynak yerlerinde g\u00f6zle g\u00f6r\u00fclmesi g\u00fc\u00e7 hatta imk\u00e2ns\u0131z \u00e7atlaklar ve a\u00e7\u0131lmalar olu\u015fabilir. \u00d6zellikle sanayide kullan\u0131lan bu bas\u0131n\u00e7l\u0131 ekipmanlar\u0131n bu \u00e7atlak ve a\u00e7\u0131lmalar ile kullan\u0131lmas\u0131 sonucunda patlama riski meydana gelmektedir. Bas\u0131n\u00e7l\u0131 kaplar\u0131n patlamalar\u0131n\u0131n ana sebepleri periyodik kontrollerinin zaman\u0131nda ve standartlara uygun yap\u0131lmam\u0131\u015f olmas\u0131, imalatlar\u0131 a\u015famas\u0131nda standartlara uymayan maliyeti d\u00fc\u015f\u00fck \u00fcr\u00fcn tercihi ve gerekli kullan\u0131m e\u011fitimlerini almam\u0131\u015f operat\u00f6rlerce kullan\u0131lmas\u0131 olabilir.<\/p>\r\n\r\n\r\n\r\n<p>Bas\u0131n\u00e7l\u0131 kaplarda temel prensip olarak hidrostatik test yap\u0131lmas\u0131 esast\u0131r. Bu testler, standartlarda aksi belirtilmedi\u011fi s\u00fcrece i\u015fletme bas\u0131nc\u0131n\u0131n 1,5 kat\u0131 ile ve bir y\u0131l\u0131 a\u015fmayan s\u00fcrelerle yap\u0131l\u0131r. Ancak i\u015f ekipman\u0131n\u0131n \u00f6zelli\u011fi ve i\u015fletmeden kaynaklanan zorunlu \u015fartlar gere\u011fince hidrostatik test yapma imk\u00e2n\u0131 olmayan bas\u0131n\u00e7l\u0131 kaplarda hidrostatik test yerine standartlarda belirtilen tahribats\u0131z muayene y\u00f6ntemleri de uygulanabilir. RM Mechatronics taraf\u0131ndan \u0130\u015f Ekipmanlar\u0131 Kullan\u0131m\u0131nda Sa\u011fl\u0131k ve G\u00fcvenlik \u015eartlar\u0131 Y\u00f6netmeli\u011fi gere\u011fi d\u00fczenlenecek periyodik kontrol raporlar\u0131nda bu husus gerek\u00e7esi ile birlikte belirtilir.<\/p>\r\n\r\n\r\n\r\n<p>Bas\u0131n\u00e7l\u0131 kap ve tesisatlar\u0131n periyodik kontrolleri \u0130\u015f Ekipmanlar\u0131 Kullan\u0131m\u0131nda Sa\u011fl\u0131k ve G\u00fcvenlik \u015eartlar\u0131 Y\u00f6netmeli\u011fi ile beraber a\u015fa\u011f\u0131daki y\u00f6netmeliklere de uyumlu olarak yap\u0131l\u0131r.<\/p>\r\n\r\n\r\n\r\n<p>\u2022 Bas\u0131n\u00e7l\u0131 Ekipmanlar Y\u00f6netmeli\u011fi- (2014\/68\/AB)<\/p>\r\n\r\n\r\n\r\n<p>Bu Y\u00f6netmelik, maksimum izin verilebilen PS bas\u0131nc\u0131 0,5 bar\u2019dan daha b\u00fcy\u00fck olan bas\u0131n\u00e7l\u0131 ekipmanlar\u0131n ve donan\u0131mlar\u0131n tasar\u0131m\u0131, imalat\u0131 ve uygunluk de\u011ferlendirme i\u015flemlerini kapsar.<\/p>\r\n\r\n\r\n\r\n<p>\u2022 Basit Bas\u0131n\u00e7l\u0131 Kaplar Y\u00f6netmeli\u011fi- (2014\/29\/AB)<\/p>\r\n\r\n\r\n\r\n<p>Bu Y\u00f6netmelik, a\u015fa\u011f\u0131daki \u00f6zelliklere sahip seri olarak imal edilen basit bas\u0131n\u00e7l\u0131 kaplar\u0131 (bundan sonra \u201ckap\u201d olarak an\u0131lacakt\u0131r) kapsar:<br \/>a) Kaynakl\u0131, 0,5 bar\u2019dan daha y\u00fcksek i\u00e7 bas\u0131nca tabi tutulmas\u0131 ama\u00e7lanan, hava ve azot gaz\u0131 i\u00e7eren ve yakma amac\u0131 d\u0131\u015f\u0131nda kullan\u0131lan kaplar.<br \/>b) Ala\u015f\u0131ms\u0131z \u00e7elikten veya ala\u015f\u0131ms\u0131z al\u00fcminyumdan veya ya\u015fland\u0131k\u00e7a sertle\u015fmeyen al\u00fcminyum ala\u015f\u0131m\u0131ndan yap\u0131lm\u0131\u015f olan, bas\u0131n\u00e7 alt\u0131nda kab\u0131n direncine katk\u0131da bulunan par\u00e7alar ve donan\u0131mlar.<br \/>c) D\u0131\u015fa do\u011fru bombele\u015ferek kapat\u0131lm\u0131\u015f, dairesel kesitli ve\/veya d\u00fcz u\u00e7lar\u0131 silindirik olan k\u0131s\u0131mla ayn\u0131 eksen etraf\u0131nda d\u00f6nen silindirik b\u00f6l\u00fcmden veya iki bombeli ucu ayn\u0131 eksen etraf\u0131nda d\u00f6nen bir silindirik b\u00f6l\u00fcm\u00fcn herhangi birinden yap\u0131lan kap.<br \/>\u00e7) Kab\u0131n azami \u00e7al\u0131\u015fma bas\u0131nc\u0131 30 bar\u2019dan fazla ve bu bas\u0131n\u00e7 ile kab\u0131n kapasitesi (PS x V\u2019nin \u00e7arp\u0131m\u0131) 10.000 bar \u00d7 litreden fazla olmayan kaplar.<br \/>d) Asgari \u00e7al\u0131\u015fma s\u0131cakl\u0131\u011f\u0131 \u201350\u00b0C\u2019den d\u00fc\u015f\u00fck; azami \u00e7al\u0131\u015fma s\u0131cakl\u0131\u011f\u0131 ise \u00e7elik i\u00e7in 300\u00b0C\u2019den, al\u00fcminyum veya al\u00fcminyum ala\u015f\u0131ml\u0131 kaplar i\u00e7in 100\u00b0C\u2019den fazla olmayan kaplar.<\/p>\r\n\r\n\r\n\r\n<p>Periyodik kontrollerde tahribats\u0131z muayene y\u00f6ntemlerinin kullan\u0131lmas\u0131 durumunda, bu y\u00f6ntemler sadece TS EN ISO 9712 standart\u0131na g\u00f6re e\u011fitim alm\u0131\u015f yetkili RM Mechatronics uzman kadrosunca uygulanabilir.<\/p>\r\n\r\n\r\n\r\n<p>Bas\u0131n\u00e7l\u0131 kap ve tesisatlar\u0131n periyodik kontrol s\u00fcreleri ile kontrol kriterleri \u0130\u015f Ekipmanlar\u0131 Kullan\u0131m\u0131nda Sa\u011fl\u0131k ve G\u00fcvenlik \u015eartlar\u0131 Y\u00f6netmeli\u011fi\u2019nden al\u0131nm\u0131\u015ft\u0131r;<\/p>\r\n\r\n\r\n\r\n<figure class=\"wp-block-table is-style-stripes\">\r\n<table>\r\n<tbody>\r\n<tr>\r\n<td><strong><strong>EK\u0130PMAN ADI<\/strong><\/strong><\/td>\r\n<td><strong><strong>KONTROL PER\u0130YODU<\/strong><br \/><strong>(Azami S\u00fcre)<\/strong><br \/>(\u0130lgili standart\u0131n \u00f6n-g\u00f6rd\u00fc\u011f\u00fc s\u00fcreler sakl\u0131 kalmak ko\u015fulu ile)*<\/strong><\/td>\r\n<td><strong>PER\u0130YOD\u0130K KONTROL KR\u0130TERLER\u0130<br \/>(\u0130lgili standartlar a\u015fa\u011f\u0131da belirtilmi\u015ftir.)**<\/strong><\/td>\r\n<\/tr>\r\n<tr>\r\n<td>Buhar kazanlar\u0131<\/td>\r\n<td>Standartlarda s\u00fcre belirtilmemi\u015fse<br \/>1 Y\u0131l<\/td>\r\n<td>TS 2025, TS EN 12952-6 ve TS 377-5 EN 12953-5 standartlar\u0131nda belirtilen kriterlere uygun olarak yap\u0131l\u0131r.<\/td>\r\n<\/tr>\r\n<tr>\r\n<td>Kalorifer kazanlar\u0131<\/td>\r\n<td>Standartlarda s\u00fcre belirtilmemi\u015fse<br \/>1 Y\u0131l<\/td>\r\n<td>TS EN 13445-5, TS EN 303-1, TS EN 303-3 ve TS EN 303-5 standart\u0131nda belirtilen kriterlere uygun olarak yap\u0131l\u0131r.<\/td>\r\n<\/tr>\r\n<tr>\r\n<td>Ta\u015f\u0131nabilir gaz t\u00fcpleri<br \/>(Diki\u015fli, diki\u015fsiz)<\/td>\r\n<td>Standartlarda s\u00fcre belirtilmemi\u015fse<br \/>3Y\u0131l<\/td>\r\n<td>TS EN 1802, TS EN 1803, TS EN 1968, TS EN 14876 ve TS EN ISO 16148 standartlar\u0131nda belirtilen kriterlere uygun olarak yap\u0131l\u0131r.<\/td>\r\n<\/tr>\r\n<tr>\r\n<td>Ta\u015f\u0131nabilir asetilen t\u00fcpleri<\/td>\r\n<td>TS EN ISO 10462 standart\u0131nda belirtilen s\u00fcrelerde<\/td>\r\n<td>TS EN ISO 10462 standart\u0131nda belirtilen kriterlere uygun olarak yap\u0131l\u0131r.<\/td>\r\n<\/tr>\r\n<tr>\r\n<td>Manifoldlu asetilen t\u00fcp demetleri<\/td>\r\n<td>Standartlarda s\u00fcre belirtilmemi\u015fse<br \/>1 Y\u0131l<\/td>\r\n<td>TS EN ISO 13088, TS EN 13720 ve TS EN 15888 standartlar\u0131nda belirtilen kriterlere uygun olarak yap\u0131l\u0131r.<\/td>\r\n<\/tr>\r\n<tr>\r\n<td>Manifoldlu t\u00fcp demetleri<\/td>\r\n<td>Standartlarda s\u00fcre belirtilmemi\u015fse<br \/>1 Y\u0131l<\/td>\r\n<td>TS EN 13385, TS EN ISO 10961 ve TS EN 15888 standartlar\u0131nda belirtilen kriterlere uygun olarak yap\u0131l\u0131r.<\/td>\r\n<\/tr>\r\n<tr>\r\n<td>S\u0131v\u0131la\u015ft\u0131r\u0131lm\u0131\u015f gaz tanklar\u0131 (LPG, ve benzeri) (yer\u00fcst\u00fc) (1)<\/td>\r\n<td>10 Y\u0131l<\/td>\r\n<td>TS 1446, TS EN 12817 ve TS EN 12819 standartlar\u0131nda belirtilen kriterlere uygun olarak yap\u0131l\u0131r.<\/td>\r\n<\/tr>\r\n<tr>\r\n<td>Liquefied gas tanks (LPG, etc.) (under ground)<sup>(1)<\/sup><\/td>\r\n<td>10 Y\u0131l<\/td>\r\n<td>TS EN 12817, TS EN 12819 standartlar\u0131nda belirtilen kriterlere uygun olarak yap\u0131l\u0131r.<\/td>\r\n<\/tr>\r\n<tr>\r\n<td>Kullan\u0131mdaki LPG t\u00fcpleri<\/td>\r\n<td>Standartlarda s\u00fcre belirtilmemi\u015fse<br \/>1 Y\u0131l<\/td>\r\n<td>TS EN 1440 standart\u0131nda belirtilen kriterlere uygun olarak yap\u0131l\u0131r.<\/td>\r\n<\/tr>\r\n<tr>\r\n<td>Bas\u0131n\u00e7l\u0131 hava tanklar\u0131(2), (3)<\/td>\r\n<td>Standartlarda s\u00fcre belirtilmemi\u015fse<br \/>1 Y\u0131l<\/td>\r\n<td>TS 1203 EN 286-1, TS EN 1012-1, TS EN 13445-5 standartlar\u0131nda belirtilen kriterlere uygun olarak yap\u0131l\u0131r.<\/td>\r\n<\/tr>\r\n<tr>\r\n<td>Kriyojenik tanklar<\/td>\r\n<td>TS EN ISO 21009-2 standart\u0131nda belirtilen s\u00fcrelerde.<\/td>\r\n<td>TS EN ISO 21029-2, TS EN ISO 21009-2, TS EN 13530-3 ve TS EN 14197-3 standartlar\u0131nda belirtilen kriterlere uygun olarak yap\u0131l\u0131r.<\/td>\r\n<\/tr>\r\n<tr>\r\n<td>Tehlikeli s\u0131v\u0131lar\u0131n(4), (5) bulundu\u011fu tank ve depolar<\/td>\r\n<td>10 Y\u0131l<\/td>\r\n<td>API 620, API 650, API 653, API 2610 standartlarda belirtilen kriterlere uygun olarak yap\u0131l\u0131r.<\/td>\r\n<\/tr>\r\n<\/tbody>\r\n<\/table>\r\n<\/figure>\r\n\r\n\r\n\r\n<figure class=\"wp-block-table\">\r\n<table>\r\n<tbody>\r\n<tr>\r\n<td><sup>(1)<\/sup> LPG tanklar\u0131nda bulunan emniyet valfleri ise 5 y\u0131lda bir kontrol ve teste tabi tutulur. <sup>(2)<\/sup> Seyyar veya sabit kompres\u00f6r hava tanklar\u0131 ile bas\u0131n\u00e7l\u0131 hava ihtiva eden her t\u00fcrl\u00fc kap ve bunlar\u0131n sabit donan\u0131m\u0131. <sup>(3)<\/sup> Kademeli s\u0131k\u0131\u015ft\u0131rma yapan kompres\u00f6rlerin her kademesinde hidrostatik bas\u0131n\u00e7 deneyi, bas\u0131n\u00e7l\u0131 hava tanklar\u0131 ile bunlar\u0131n sabit donan\u0131mlar\u0131n\u0131n, o kademede m\u00fcsaade edilen en y\u00fcksek bas\u0131nc\u0131n\u0131n 1,5 kat\u0131 ile yap\u0131l\u0131r. <sup>(4)<\/sup> Tehlikeli s\u0131v\u0131lar: a\u015f\u0131nd\u0131r\u0131c\u0131 veya sa\u011fl\u0131\u011fa zararl\u0131 s\u0131v\u0131lard\u0131r.\u00a0 <sup>(5)<\/sup> Tahribats\u0131z muayene y\u00f6ntemleri kullan\u0131l\u0131r.<\/td>\r\n<\/tr>\r\n<tr>\r\n<td><sup>(*)<\/sup>\u00a0Periyodik kontrol s\u00fcreleri API 510 standart\u0131 esas al\u0131narak belirlenen bas\u0131n\u00e7l\u0131 ekipmanlarda; bas\u0131n\u00e7l\u0131 ekipmandaki i\u00e7erik (bas\u0131n\u00e7 ve benzeri) kay\u0131plar\u0131 ile korozyon gibi nedenlerle meydana gelen bozulmalar dikkate al\u0131narak yap\u0131lan risk de\u011ferlendirmesi ve y\u00f6netimi \u00e7er\u00e7evesinde belirlenen periyodik kontrol s\u00fcreleri, ekipman\u0131n kalan \u00f6mr\u00fcn\u00fcn yar\u0131s\u0131n\u0131 ve her hal\u00fckarda be\u015f y\u0131l\u0131 a\u015fmamas\u0131 gerekir.\u00a0 <sup>(**)<\/sup> Periyodik kontrol kriteri i\u00e7in referans olarak tabloda belirtilen standartlar \u00f6rnek olarak verilmi\u015f olup burada belirtilmeyen ya da Y\u00f6netmeli\u011fin yay\u0131m\u0131 tarihinden sonra yay\u0131mlanan konuyla ilgili standartlar\u0131n da dikkate al\u0131nmas\u0131 gerekir. Kapsam\u0131 periyodik kontrolle s\u0131n\u0131rl\u0131 olmayan standartlar i\u00e7in periyodik kontrole ili\u015fkin h\u00fck\u00fcmler uygulanacak, imalata y\u00f6nelik test ve deneyler uygulanmayacakt\u0131r.<\/td>\r\n<\/tr>\r\n<\/tbody>\r\n<\/table>\r\n<\/figure>\r\n","protected":false},"excerpt":{"rendered":"<p>T\u00fcm bas\u0131n\u00e7l\u0131 ekipmanlar kullan\u0131ld\u0131k\u00e7a korozyona u\u011frarlar. Ba\u011flant\u0131 ve kaynak yerlerinde g\u00f6zle g\u00f6r\u00fclmesi g\u00fc\u00e7 hatta imk\u00e2ns\u0131z \u00e7atlaklar ve a\u00e7\u0131lmalar olu\u015fabilir. \u00d6zellikle sanayide kullan\u0131lan bu bas\u0131n\u00e7l\u0131 ekipmanlar\u0131n bu \u00e7atlak ve a\u00e7\u0131lmalar ile kullan\u0131lmas\u0131 sonucunda patlama riski meydana gelmektedir. Bas\u0131n\u00e7l\u0131 kaplar\u0131n patlamalar\u0131n\u0131n ana sebepleri periyodik kontrollerinin zaman\u0131nda ve standartlara uygun yap\u0131lmam\u0131\u015f olmas\u0131, imalatlar\u0131 a\u015famas\u0131nda standartlara uymayan maliyeti d\u00fc\u015f\u00fck &hellip;<\/p>\n","protected":false},"author":2,"featured_media":0,"parent":3530,"menu_order":0,"comment_status":"closed","ping_status":"closed","template":"","meta":{"footnotes":""},"acf":[],"yoast_head":"<!-- This site is optimized with the Yoast SEO plugin v19.8 - https:\/\/yoast.com\/wordpress\/plugins\/seo\/ -->\n<title>Bas\u0131n\u00e7l\u0131 Ekipmanlar - RM Mechatronics<\/title>\n<meta name=\"description\" content=\"All pressure equipment corrodes as they are used. Cracks and openings that are difficult or even impossible to see may occur\" \/>\n<meta name=\"robots\" content=\"index, follow, max-snippet:-1, max-image-preview:large, max-video-preview:-1\" \/>\n<link rel=\"canonical\" href=\"https:\/\/rm-mechatronics.com\/tr\/periyodik-muayene-hizmetleri\/basincli-ekipmanlar\/\" \/>\n<meta name=\"twitter:label1\" content=\"Tahmini okuma s\u00fcresi\" \/>\n\t<meta name=\"twitter:data1\" content=\"6 dakika\" \/>\n<script type=\"application\/ld+json\" class=\"yoast-schema-graph\">{\"@context\":\"https:\/\/schema.org\",\"@graph\":[{\"@type\":\"Article\",\"@id\":\"https:\/\/rm-mechatronics.com\/tr\/periyodik-muayene-hizmetleri\/basincli-ekipmanlar\/#article\",\"isPartOf\":{\"@id\":\"https:\/\/rm-mechatronics.com\/tr\/periyodik-muayene-hizmetleri\/basincli-ekipmanlar\/\"},\"author\":{\"name\":\"admin\",\"@id\":\"https:\/\/rm-mechatronics.com\/tr\/#\/schema\/person\/975374cd7539c0f1081340b800a63482\"},\"headline\":\"Bas\u0131n\u00e7l\u0131 Ekipmanlar\",\"datePublished\":\"2022-04-17T11:29:25+00:00\",\"dateModified\":\"2022-04-20T10:08:32+00:00\",\"mainEntityOfPage\":{\"@id\":\"https:\/\/rm-mechatronics.com\/tr\/periyodik-muayene-hizmetleri\/basincli-ekipmanlar\/\"},\"wordCount\":1193,\"publisher\":{\"@id\":\"https:\/\/rm-mechatronics.com\/tr\/#organization\"},\"inLanguage\":\"tr\"},{\"@type\":\"WebPage\",\"@id\":\"https:\/\/rm-mechatronics.com\/tr\/periyodik-muayene-hizmetleri\/basincli-ekipmanlar\/\",\"url\":\"https:\/\/rm-mechatronics.com\/tr\/periyodik-muayene-hizmetleri\/basincli-ekipmanlar\/\",\"name\":\"Bas\u0131n\u00e7l\u0131 Ekipmanlar - RM Mechatronics\",\"isPartOf\":{\"@id\":\"https:\/\/rm-mechatronics.com\/tr\/#website\"},\"datePublished\":\"2022-04-17T11:29:25+00:00\",\"dateModified\":\"2022-04-20T10:08:32+00:00\",\"description\":\"All pressure equipment corrodes as they are used. Cracks and openings that are difficult or even impossible to see may occur\",\"breadcrumb\":{\"@id\":\"https:\/\/rm-mechatronics.com\/tr\/periyodik-muayene-hizmetleri\/basincli-ekipmanlar\/#breadcrumb\"},\"inLanguage\":\"tr\",\"potentialAction\":[{\"@type\":\"ReadAction\",\"target\":[\"https:\/\/rm-mechatronics.com\/tr\/periyodik-muayene-hizmetleri\/basincli-ekipmanlar\/\"]}]},{\"@type\":\"BreadcrumbList\",\"@id\":\"https:\/\/rm-mechatronics.com\/tr\/periyodik-muayene-hizmetleri\/basincli-ekipmanlar\/#breadcrumb\",\"itemListElement\":[{\"@type\":\"ListItem\",\"position\":1,\"name\":\"Anasayfa\",\"item\":\"https:\/\/rm-mechatronics.com\/tr\/\"},{\"@type\":\"ListItem\",\"position\":2,\"name\":\"Periyodik Kontrol Hizmetleri\",\"item\":\"https:\/\/rm-mechatronics.com\/tr\/periyodik-muayene-hizmetleri\/\"},{\"@type\":\"ListItem\",\"position\":3,\"name\":\"Bas\u0131n\u00e7l\u0131 Ekipmanlar\"}]},{\"@type\":\"WebSite\",\"@id\":\"https:\/\/rm-mechatronics.com\/tr\/#website\",\"url\":\"https:\/\/rm-mechatronics.com\/tr\/\",\"name\":\"RM Mechatronics\",\"description\":\"Kalite Kontrol Denetim ve M\u00fchendislik Hizmetleri\",\"publisher\":{\"@id\":\"https:\/\/rm-mechatronics.com\/tr\/#organization\"},\"potentialAction\":[{\"@type\":\"SearchAction\",\"target\":{\"@type\":\"EntryPoint\",\"urlTemplate\":\"https:\/\/rm-mechatronics.com\/tr\/?s={search_term_string}\"},\"query-input\":\"required name=search_term_string\"}],\"inLanguage\":\"tr\"},{\"@type\":\"Organization\",\"@id\":\"https:\/\/rm-mechatronics.com\/tr\/#organization\",\"name\":\"RM-Mechatronics\",\"url\":\"https:\/\/rm-mechatronics.com\/tr\/\",\"sameAs\":[],\"logo\":{\"@type\":\"ImageObject\",\"inLanguage\":\"tr\",\"@id\":\"https:\/\/rm-mechatronics.com\/tr\/#\/schema\/logo\/image\/\",\"url\":\"https:\/\/rm-mechatronics.com\/wp-content\/uploads\/2020\/08\/small_RM_ORIGINAL-1.png\",\"contentUrl\":\"https:\/\/rm-mechatronics.com\/wp-content\/uploads\/2020\/08\/small_RM_ORIGINAL-1.png\",\"width\":302,\"height\":112,\"caption\":\"RM-Mechatronics\"},\"image\":{\"@id\":\"https:\/\/rm-mechatronics.com\/tr\/#\/schema\/logo\/image\/\"}},{\"@type\":\"Person\",\"@id\":\"https:\/\/rm-mechatronics.com\/tr\/#\/schema\/person\/975374cd7539c0f1081340b800a63482\",\"name\":\"admin\"}]}<\/script>\n<!-- \/ Yoast SEO plugin. -->","yoast_head_json":{"title":"Bas\u0131n\u00e7l\u0131 Ekipmanlar - RM Mechatronics","description":"All pressure equipment corrodes as they are used. Cracks and openings that are difficult or even impossible to see may occur","robots":{"index":"index","follow":"follow","max-snippet":"max-snippet:-1","max-image-preview":"max-image-preview:large","max-video-preview":"max-video-preview:-1"},"canonical":"https:\/\/rm-mechatronics.com\/tr\/periyodik-muayene-hizmetleri\/basincli-ekipmanlar\/","twitter_misc":{"Tahmini okuma s\u00fcresi":"6 dakika"},"schema":{"@context":"https:\/\/schema.org","@graph":[{"@type":"Article","@id":"https:\/\/rm-mechatronics.com\/tr\/periyodik-muayene-hizmetleri\/basincli-ekipmanlar\/#article","isPartOf":{"@id":"https:\/\/rm-mechatronics.com\/tr\/periyodik-muayene-hizmetleri\/basincli-ekipmanlar\/"},"author":{"name":"admin","@id":"https:\/\/rm-mechatronics.com\/tr\/#\/schema\/person\/975374cd7539c0f1081340b800a63482"},"headline":"Bas\u0131n\u00e7l\u0131 Ekipmanlar","datePublished":"2022-04-17T11:29:25+00:00","dateModified":"2022-04-20T10:08:32+00:00","mainEntityOfPage":{"@id":"https:\/\/rm-mechatronics.com\/tr\/periyodik-muayene-hizmetleri\/basincli-ekipmanlar\/"},"wordCount":1193,"publisher":{"@id":"https:\/\/rm-mechatronics.com\/tr\/#organization"},"inLanguage":"tr"},{"@type":"WebPage","@id":"https:\/\/rm-mechatronics.com\/tr\/periyodik-muayene-hizmetleri\/basincli-ekipmanlar\/","url":"https:\/\/rm-mechatronics.com\/tr\/periyodik-muayene-hizmetleri\/basincli-ekipmanlar\/","name":"Bas\u0131n\u00e7l\u0131 Ekipmanlar - RM Mechatronics","isPartOf":{"@id":"https:\/\/rm-mechatronics.com\/tr\/#website"},"datePublished":"2022-04-17T11:29:25+00:00","dateModified":"2022-04-20T10:08:32+00:00","description":"All pressure equipment corrodes as they are used. Cracks and openings that are difficult or even impossible to see may occur","breadcrumb":{"@id":"https:\/\/rm-mechatronics.com\/tr\/periyodik-muayene-hizmetleri\/basincli-ekipmanlar\/#breadcrumb"},"inLanguage":"tr","potentialAction":[{"@type":"ReadAction","target":["https:\/\/rm-mechatronics.com\/tr\/periyodik-muayene-hizmetleri\/basincli-ekipmanlar\/"]}]},{"@type":"BreadcrumbList","@id":"https:\/\/rm-mechatronics.com\/tr\/periyodik-muayene-hizmetleri\/basincli-ekipmanlar\/#breadcrumb","itemListElement":[{"@type":"ListItem","position":1,"name":"Anasayfa","item":"https:\/\/rm-mechatronics.com\/tr\/"},{"@type":"ListItem","position":2,"name":"Periyodik Kontrol Hizmetleri","item":"https:\/\/rm-mechatronics.com\/tr\/periyodik-muayene-hizmetleri\/"},{"@type":"ListItem","position":3,"name":"Bas\u0131n\u00e7l\u0131 Ekipmanlar"}]},{"@type":"WebSite","@id":"https:\/\/rm-mechatronics.com\/tr\/#website","url":"https:\/\/rm-mechatronics.com\/tr\/","name":"RM Mechatronics","description":"Kalite Kontrol Denetim ve M\u00fchendislik Hizmetleri","publisher":{"@id":"https:\/\/rm-mechatronics.com\/tr\/#organization"},"potentialAction":[{"@type":"SearchAction","target":{"@type":"EntryPoint","urlTemplate":"https:\/\/rm-mechatronics.com\/tr\/?s={search_term_string}"},"query-input":"required name=search_term_string"}],"inLanguage":"tr"},{"@type":"Organization","@id":"https:\/\/rm-mechatronics.com\/tr\/#organization","name":"RM-Mechatronics","url":"https:\/\/rm-mechatronics.com\/tr\/","sameAs":[],"logo":{"@type":"ImageObject","inLanguage":"tr","@id":"https:\/\/rm-mechatronics.com\/tr\/#\/schema\/logo\/image\/","url":"https:\/\/rm-mechatronics.com\/wp-content\/uploads\/2020\/08\/small_RM_ORIGINAL-1.png","contentUrl":"https:\/\/rm-mechatronics.com\/wp-content\/uploads\/2020\/08\/small_RM_ORIGINAL-1.png","width":302,"height":112,"caption":"RM-Mechatronics"},"image":{"@id":"https:\/\/rm-mechatronics.com\/tr\/#\/schema\/logo\/image\/"}},{"@type":"Person","@id":"https:\/\/rm-mechatronics.com\/tr\/#\/schema\/person\/975374cd7539c0f1081340b800a63482","name":"admin"}]}},"_links":{"self":[{"href":"https:\/\/rm-mechatronics.com\/tr\/wp-json\/wp\/v2\/pages\/3575"}],"collection":[{"href":"https:\/\/rm-mechatronics.com\/tr\/wp-json\/wp\/v2\/pages"}],"about":[{"href":"https:\/\/rm-mechatronics.com\/tr\/wp-json\/wp\/v2\/types\/page"}],"author":[{"embeddable":true,"href":"https:\/\/rm-mechatronics.com\/tr\/wp-json\/wp\/v2\/users\/2"}],"replies":[{"embeddable":true,"href":"https:\/\/rm-mechatronics.com\/tr\/wp-json\/wp\/v2\/comments?post=3575"}],"version-history":[{"count":0,"href":"https:\/\/rm-mechatronics.com\/tr\/wp-json\/wp\/v2\/pages\/3575\/revisions"}],"up":[{"embeddable":true,"href":"https:\/\/rm-mechatronics.com\/tr\/wp-json\/wp\/v2\/pages\/3530"}],"wp:attachment":[{"href":"https:\/\/rm-mechatronics.com\/tr\/wp-json\/wp\/v2\/media?parent=3575"}],"curies":[{"name":"wp","href":"https:\/\/api.w.org\/{rel}","templated":true}]}}