{"id":3562,"date":"2022-04-16T17:02:09","date_gmt":"2022-04-16T14:02:09","guid":{"rendered":"https:\/\/rm-mechatronics.com\/periyodik-kontrol-servisi\/grounding-inspection\/"},"modified":"2022-04-20T12:20:46","modified_gmt":"2022-04-20T09:20:46","slug":"topraklama-olcumleri","status":"publish","type":"page","link":"https:\/\/rm-mechatronics.com\/tr\/periyodik-muayene-hizmetleri\/topraklama-olcumleri\/","title":{"rendered":"Topraklama \u00d6l\u00e7\u00fcmleri"},"content":{"rendered":"<p>Jenerat\u00f6r, transformat\u00f6r, elektrikli motor, ayd\u0131nlatma armat\u00fcr\u00fc, buzdolab\u0131, \u00e7ama\u015f\u0131r makinas\u0131 ve bunlar gibi elektrik ile \u00e7al\u0131\u015fan ara\u00e7lar\u0131n, normal \u00e7al\u0131\u015fma s\u0131ras\u0131nda gerilim alt\u0131nda olmayan, yani aktif olmayan metal k\u0131s\u0131mlar\u0131n\u0131n, bir iletken arac\u0131l\u0131\u011f\u0131 ile toprakla birle\u015ftirilmesi i\u015fine topraklama denmektedir.<\/p>\n<p>Topraklama, ev ve i\u015fyerlerinde kullan\u0131lan cihazlarda herhangi bir elektrik ka\u00e7a\u011f\u0131 olmas\u0131 durumunda, insan hayat\u0131n\u0131 tehlikeye atmamak i\u00e7in, gerilim alt\u0131nda olmayan b\u00f6l\u00fcmlerin bir iletken ile topra\u011fa ba\u011flanmas\u0131d\u0131r.<\/p>\n<p><strong>Topraklama ihtiyac\u0131 \u015fu nedenlerle olabilir:<\/strong><\/p>\n<ul>\n<li><strong>Koruma ama\u00e7l\u0131 topraklama<\/strong>: insanlar\u0131n elektrikli ara\u00e7lar\u0131n metal k\u0131s\u0131mlar\u0131nda olabilecek gerilimlere kar\u015f\u0131 korunmas\u0131 amac\u0131 ile topraklama yap\u0131labilir.<\/li>\n<li><strong>\u0130\u015fletme i\u00e7in topraklama<\/strong>: i\u015fletme ak\u0131m devresi, tesisin d\u00fczg\u00fcn \u00e7al\u0131\u015fmas\u0131 i\u00e7in topraklanabilir.<\/li>\n<li><strong>Fonksiyon ama\u00e7l\u0131 topraklama<\/strong>: bir ileti\u015fim tesisi veya bir i\u015fletme eleman\u0131n\u0131n beklenen fonksiyonu yerine getirmesi i\u00e7in topraklama yap\u0131labilir. \u00d6rne\u011fin y\u0131ld\u0131r\u0131m etkilerine kar\u015f\u0131 korunma, rayl\u0131 sistem topraklamas\u0131 gibi.<\/li>\n<\/ul>\n<p>Topraklama konusunda, Elektrik Tesislerinde Topraklamalar Y\u00f6netmeli\u011fi, Elektrik Kuvvetli Ak\u0131m Tesisleri Y\u00f6netmeli\u011fi, Elektrik \u0130\u00e7 Tesisleri Y\u00f6netmeli\u011fi ve benzeri bir\u00e7ok yasal d\u00fczenleme bulunuyor.<\/p>\n<p>\u00c7e\u015fitli topraklama tesislerinin muayene, \u00f6l\u00e7me ve denetlemelere y\u00f6nelik \u00f6nerilen kontrol d\u00f6nemleri \u015fu \u015fekildedir:<\/p>\n<ul>\n<li>Elektrik \u00fcretim, iletim ve da\u011f\u0131t\u0131m tesisleri i\u00e7in (enerji nakil ve da\u011f\u0131t\u0131m hatlar\u0131 hari\u00e7) 2 y\u0131l<\/li>\n<li>Enerji nakil ve da\u011f\u0131t\u0131m hatlar\u0131 i\u00e7in 5 y\u0131l<\/li>\n<li>Sanayi tesisleri ve ticaret merkezlerinde,<\/li>\n<\/ul>\n<p>\u25e6 Topraklamalara ili\u015fkin diren\u00e7lerinin muayene ve \u00f6l\u00e7\u00fclmesi i\u00e7in 1 y\u0131l<\/p>\n<p>\u25e6 Topraklama tesisleri ile ilgili di\u011fer muayene, \u00f6l\u00e7me ve kontroller i\u00e7in 2 y\u0131l<\/p>\n<ul>\n<li>Sabit olmayan tesislerde,<\/li>\n<\/ul>\n<p>\u25e6 Sabit i\u015fletme elemanlar\u0131 i\u00e7in 1 y\u0131l<\/p>\n<p>\u25e6 Yer de\u011fi\u015ftirebilen i\u015fletme elemanlar\u0131 i\u00e7in 6 ay<\/p>\n<ul>\n<li>Parlay\u0131c\u0131, Patlay\u0131c\u0131 Tehlikeli ve Zararl\u0131 Maddelerle \u00c7al\u0131\u015f\u0131lan \u0130\u015f yerleri ve \u0130\u015flerde Al\u0131nacak Tedbirler Hakk\u0131nda T\u00fcz\u00fck kapsam\u0131na giren topraklama tesisleri ve \u0131slak ortamlarda \u00e7al\u0131\u015f\u0131lan i\u015f yerlerindeki topraklama tesisleri i\u00e7in 1 y\u0131l<\/li>\n<\/ul>\n<p>\u00c7al\u0131\u015fma ve Sosyal G\u00fcvenlik Bakanl\u0131\u011f\u0131 taraf\u0131ndan yay\u0131nlanan \u0130\u015f Sa\u011fl\u0131\u011f\u0131 ve G\u00fcvenli\u011fi Kanunu\u2019na dayanarak \u00e7\u0131kard\u0131\u011f\u0131 \u0130\u015f Ekipmanlar\u0131n\u0131n Kullan\u0131m\u0131nda Sa\u011fl\u0131k ve G\u00fcvenlik \u015eartlar\u0131 Y\u00f6netmeli\u011fi\u2019ne g\u00f6re de, ilgili standartlarda ba\u015fka bir s\u00fcre \u00f6ng\u00f6r\u00fclmemi\u015fse, y\u0131lda en az bir kez topraklama muayenesinin yap\u0131lmas\u0131 gerekmektedir.<\/p>\n","protected":false},"excerpt":{"rendered":"<p>Jenerat\u00f6r, transformat\u00f6r, elektrikli motor, ayd\u0131nlatma armat\u00fcr\u00fc, buzdolab\u0131, \u00e7ama\u015f\u0131r makinas\u0131 ve bunlar gibi elektrik ile \u00e7al\u0131\u015fan ara\u00e7lar\u0131n, normal \u00e7al\u0131\u015fma s\u0131ras\u0131nda gerilim alt\u0131nda olmayan, yani aktif olmayan metal k\u0131s\u0131mlar\u0131n\u0131n, bir iletken arac\u0131l\u0131\u011f\u0131 ile toprakla birle\u015ftirilmesi i\u015fine topraklama denmektedir. Topraklama, ev ve i\u015fyerlerinde kullan\u0131lan cihazlarda herhangi bir elektrik ka\u00e7a\u011f\u0131 olmas\u0131 durumunda, insan hayat\u0131n\u0131 tehlikeye atmamak i\u00e7in, gerilim alt\u0131nda &hellip;<\/p>\n","protected":false},"author":2,"featured_media":0,"parent":3530,"menu_order":0,"comment_status":"closed","ping_status":"closed","template":"","meta":{"footnotes":""},"acf":[],"yoast_head":"<!-- This site is optimized with the Yoast SEO plugin v19.8 - https:\/\/yoast.com\/wordpress\/plugins\/seo\/ -->\n<title>Topraklama \u00d6l\u00e7\u00fcmleri - RM Mechatronics<\/title>\n<meta name=\"description\" content=\"Elektrik ile \u00e7al\u0131\u015fan ara\u00e7lar\u0131n, normal \u00e7al\u0131\u015fma s\u0131ras\u0131nda gerilim alt\u0131nda olmayan, yani aktif olmayan metal k\u0131s\u0131mlar\u0131n\u0131n, bir iletken arac\u0131l\u0131\u011f\u0131 ile toprakla birle\u015ftirilmesi i\u015fine topraklama denmektedir.\" \/>\n<meta name=\"robots\" content=\"index, follow, max-snippet:-1, max-image-preview:large, max-video-preview:-1\" \/>\n<link rel=\"canonical\" href=\"https:\/\/rm-mechatronics.com\/tr\/periyodik-muayene-hizmetleri\/topraklama-olcumleri\/\" \/>\n<meta name=\"twitter:label1\" content=\"Tahmini okuma s\u00fcresi\" \/>\n\t<meta name=\"twitter:data1\" content=\"2 dakika\" \/>\n<script type=\"application\/ld+json\" class=\"yoast-schema-graph\">{\"@context\":\"https:\/\/schema.org\",\"@graph\":[{\"@type\":\"Article\",\"@id\":\"https:\/\/rm-mechatronics.com\/tr\/periyodik-muayene-hizmetleri\/topraklama-olcumleri\/#article\",\"isPartOf\":{\"@id\":\"https:\/\/rm-mechatronics.com\/tr\/periyodik-muayene-hizmetleri\/topraklama-olcumleri\/\"},\"author\":{\"name\":\"admin\",\"@id\":\"https:\/\/rm-mechatronics.com\/tr\/#\/schema\/person\/975374cd7539c0f1081340b800a63482\"},\"headline\":\"Topraklama \u00d6l\u00e7\u00fcmleri\",\"datePublished\":\"2022-04-16T14:02:09+00:00\",\"dateModified\":\"2022-04-20T09:20:46+00:00\",\"mainEntityOfPage\":{\"@id\":\"https:\/\/rm-mechatronics.com\/tr\/periyodik-muayene-hizmetleri\/topraklama-olcumleri\/\"},\"wordCount\":413,\"publisher\":{\"@id\":\"https:\/\/rm-mechatronics.com\/tr\/#organization\"},\"inLanguage\":\"tr\"},{\"@type\":\"WebPage\",\"@id\":\"https:\/\/rm-mechatronics.com\/tr\/periyodik-muayene-hizmetleri\/topraklama-olcumleri\/\",\"url\":\"https:\/\/rm-mechatronics.com\/tr\/periyodik-muayene-hizmetleri\/topraklama-olcumleri\/\",\"name\":\"Topraklama \u00d6l\u00e7\u00fcmleri - RM Mechatronics\",\"isPartOf\":{\"@id\":\"https:\/\/rm-mechatronics.com\/tr\/#website\"},\"datePublished\":\"2022-04-16T14:02:09+00:00\",\"dateModified\":\"2022-04-20T09:20:46+00:00\",\"description\":\"Elektrik ile \u00e7al\u0131\u015fan ara\u00e7lar\u0131n, normal \u00e7al\u0131\u015fma s\u0131ras\u0131nda gerilim alt\u0131nda olmayan, yani aktif olmayan metal k\u0131s\u0131mlar\u0131n\u0131n, bir iletken arac\u0131l\u0131\u011f\u0131 ile toprakla birle\u015ftirilmesi i\u015fine topraklama denmektedir.\",\"breadcrumb\":{\"@id\":\"https:\/\/rm-mechatronics.com\/tr\/periyodik-muayene-hizmetleri\/topraklama-olcumleri\/#breadcrumb\"},\"inLanguage\":\"tr\",\"potentialAction\":[{\"@type\":\"ReadAction\",\"target\":[\"https:\/\/rm-mechatronics.com\/tr\/periyodik-muayene-hizmetleri\/topraklama-olcumleri\/\"]}]},{\"@type\":\"BreadcrumbList\",\"@id\":\"https:\/\/rm-mechatronics.com\/tr\/periyodik-muayene-hizmetleri\/topraklama-olcumleri\/#breadcrumb\",\"itemListElement\":[{\"@type\":\"ListItem\",\"position\":1,\"name\":\"Anasayfa\",\"item\":\"https:\/\/rm-mechatronics.com\/tr\/\"},{\"@type\":\"ListItem\",\"position\":2,\"name\":\"Periyodik Kontrol Hizmetleri\",\"item\":\"https:\/\/rm-mechatronics.com\/tr\/periyodik-muayene-hizmetleri\/\"},{\"@type\":\"ListItem\",\"position\":3,\"name\":\"Topraklama \u00d6l\u00e7\u00fcmleri\"}]},{\"@type\":\"WebSite\",\"@id\":\"https:\/\/rm-mechatronics.com\/tr\/#website\",\"url\":\"https:\/\/rm-mechatronics.com\/tr\/\",\"name\":\"RM Mechatronics\",\"description\":\"Kalite Kontrol Denetim ve M\u00fchendislik Hizmetleri\",\"publisher\":{\"@id\":\"https:\/\/rm-mechatronics.com\/tr\/#organization\"},\"potentialAction\":[{\"@type\":\"SearchAction\",\"target\":{\"@type\":\"EntryPoint\",\"urlTemplate\":\"https:\/\/rm-mechatronics.com\/tr\/?s={search_term_string}\"},\"query-input\":\"required name=search_term_string\"}],\"inLanguage\":\"tr\"},{\"@type\":\"Organization\",\"@id\":\"https:\/\/rm-mechatronics.com\/tr\/#organization\",\"name\":\"RM-Mechatronics\",\"url\":\"https:\/\/rm-mechatronics.com\/tr\/\",\"sameAs\":[],\"logo\":{\"@type\":\"ImageObject\",\"inLanguage\":\"tr\",\"@id\":\"https:\/\/rm-mechatronics.com\/tr\/#\/schema\/logo\/image\/\",\"url\":\"https:\/\/rm-mechatronics.com\/wp-content\/uploads\/2020\/08\/small_RM_ORIGINAL-1.png\",\"contentUrl\":\"https:\/\/rm-mechatronics.com\/wp-content\/uploads\/2020\/08\/small_RM_ORIGINAL-1.png\",\"width\":302,\"height\":112,\"caption\":\"RM-Mechatronics\"},\"image\":{\"@id\":\"https:\/\/rm-mechatronics.com\/tr\/#\/schema\/logo\/image\/\"}},{\"@type\":\"Person\",\"@id\":\"https:\/\/rm-mechatronics.com\/tr\/#\/schema\/person\/975374cd7539c0f1081340b800a63482\",\"name\":\"admin\"}]}<\/script>\n<!-- \/ Yoast SEO plugin. -->","yoast_head_json":{"title":"Topraklama \u00d6l\u00e7\u00fcmleri - RM Mechatronics","description":"Elektrik ile \u00e7al\u0131\u015fan ara\u00e7lar\u0131n, normal \u00e7al\u0131\u015fma s\u0131ras\u0131nda gerilim alt\u0131nda olmayan, yani aktif olmayan metal k\u0131s\u0131mlar\u0131n\u0131n, bir iletken arac\u0131l\u0131\u011f\u0131 ile toprakla birle\u015ftirilmesi i\u015fine topraklama denmektedir.","robots":{"index":"index","follow":"follow","max-snippet":"max-snippet:-1","max-image-preview":"max-image-preview:large","max-video-preview":"max-video-preview:-1"},"canonical":"https:\/\/rm-mechatronics.com\/tr\/periyodik-muayene-hizmetleri\/topraklama-olcumleri\/","twitter_misc":{"Tahmini okuma s\u00fcresi":"2 dakika"},"schema":{"@context":"https:\/\/schema.org","@graph":[{"@type":"Article","@id":"https:\/\/rm-mechatronics.com\/tr\/periyodik-muayene-hizmetleri\/topraklama-olcumleri\/#article","isPartOf":{"@id":"https:\/\/rm-mechatronics.com\/tr\/periyodik-muayene-hizmetleri\/topraklama-olcumleri\/"},"author":{"name":"admin","@id":"https:\/\/rm-mechatronics.com\/tr\/#\/schema\/person\/975374cd7539c0f1081340b800a63482"},"headline":"Topraklama \u00d6l\u00e7\u00fcmleri","datePublished":"2022-04-16T14:02:09+00:00","dateModified":"2022-04-20T09:20:46+00:00","mainEntityOfPage":{"@id":"https:\/\/rm-mechatronics.com\/tr\/periyodik-muayene-hizmetleri\/topraklama-olcumleri\/"},"wordCount":413,"publisher":{"@id":"https:\/\/rm-mechatronics.com\/tr\/#organization"},"inLanguage":"tr"},{"@type":"WebPage","@id":"https:\/\/rm-mechatronics.com\/tr\/periyodik-muayene-hizmetleri\/topraklama-olcumleri\/","url":"https:\/\/rm-mechatronics.com\/tr\/periyodik-muayene-hizmetleri\/topraklama-olcumleri\/","name":"Topraklama \u00d6l\u00e7\u00fcmleri - RM Mechatronics","isPartOf":{"@id":"https:\/\/rm-mechatronics.com\/tr\/#website"},"datePublished":"2022-04-16T14:02:09+00:00","dateModified":"2022-04-20T09:20:46+00:00","description":"Elektrik ile \u00e7al\u0131\u015fan ara\u00e7lar\u0131n, normal \u00e7al\u0131\u015fma s\u0131ras\u0131nda gerilim alt\u0131nda olmayan, yani aktif olmayan metal k\u0131s\u0131mlar\u0131n\u0131n, bir iletken arac\u0131l\u0131\u011f\u0131 ile toprakla birle\u015ftirilmesi i\u015fine topraklama denmektedir.","breadcrumb":{"@id":"https:\/\/rm-mechatronics.com\/tr\/periyodik-muayene-hizmetleri\/topraklama-olcumleri\/#breadcrumb"},"inLanguage":"tr","potentialAction":[{"@type":"ReadAction","target":["https:\/\/rm-mechatronics.com\/tr\/periyodik-muayene-hizmetleri\/topraklama-olcumleri\/"]}]},{"@type":"BreadcrumbList","@id":"https:\/\/rm-mechatronics.com\/tr\/periyodik-muayene-hizmetleri\/topraklama-olcumleri\/#breadcrumb","itemListElement":[{"@type":"ListItem","position":1,"name":"Anasayfa","item":"https:\/\/rm-mechatronics.com\/tr\/"},{"@type":"ListItem","position":2,"name":"Periyodik Kontrol Hizmetleri","item":"https:\/\/rm-mechatronics.com\/tr\/periyodik-muayene-hizmetleri\/"},{"@type":"ListItem","position":3,"name":"Topraklama \u00d6l\u00e7\u00fcmleri"}]},{"@type":"WebSite","@id":"https:\/\/rm-mechatronics.com\/tr\/#website","url":"https:\/\/rm-mechatronics.com\/tr\/","name":"RM Mechatronics","description":"Kalite Kontrol Denetim ve M\u00fchendislik Hizmetleri","publisher":{"@id":"https:\/\/rm-mechatronics.com\/tr\/#organization"},"potentialAction":[{"@type":"SearchAction","target":{"@type":"EntryPoint","urlTemplate":"https:\/\/rm-mechatronics.com\/tr\/?s={search_term_string}"},"query-input":"required name=search_term_string"}],"inLanguage":"tr"},{"@type":"Organization","@id":"https:\/\/rm-mechatronics.com\/tr\/#organization","name":"RM-Mechatronics","url":"https:\/\/rm-mechatronics.com\/tr\/","sameAs":[],"logo":{"@type":"ImageObject","inLanguage":"tr","@id":"https:\/\/rm-mechatronics.com\/tr\/#\/schema\/logo\/image\/","url":"https:\/\/rm-mechatronics.com\/wp-content\/uploads\/2020\/08\/small_RM_ORIGINAL-1.png","contentUrl":"https:\/\/rm-mechatronics.com\/wp-content\/uploads\/2020\/08\/small_RM_ORIGINAL-1.png","width":302,"height":112,"caption":"RM-Mechatronics"},"image":{"@id":"https:\/\/rm-mechatronics.com\/tr\/#\/schema\/logo\/image\/"}},{"@type":"Person","@id":"https:\/\/rm-mechatronics.com\/tr\/#\/schema\/person\/975374cd7539c0f1081340b800a63482","name":"admin"}]}},"_links":{"self":[{"href":"https:\/\/rm-mechatronics.com\/tr\/wp-json\/wp\/v2\/pages\/3562"}],"collection":[{"href":"https:\/\/rm-mechatronics.com\/tr\/wp-json\/wp\/v2\/pages"}],"about":[{"href":"https:\/\/rm-mechatronics.com\/tr\/wp-json\/wp\/v2\/types\/page"}],"author":[{"embeddable":true,"href":"https:\/\/rm-mechatronics.com\/tr\/wp-json\/wp\/v2\/users\/2"}],"replies":[{"embeddable":true,"href":"https:\/\/rm-mechatronics.com\/tr\/wp-json\/wp\/v2\/comments?post=3562"}],"version-history":[{"count":0,"href":"https:\/\/rm-mechatronics.com\/tr\/wp-json\/wp\/v2\/pages\/3562\/revisions"}],"up":[{"embeddable":true,"href":"https:\/\/rm-mechatronics.com\/tr\/wp-json\/wp\/v2\/pages\/3530"}],"wp:attachment":[{"href":"https:\/\/rm-mechatronics.com\/tr\/wp-json\/wp\/v2\/media?parent=3562"}],"curies":[{"name":"wp","href":"https:\/\/api.w.org\/{rel}","templated":true}]}}