{"id":3556,"date":"2022-04-16T16:33:06","date_gmt":"2022-04-16T13:33:06","guid":{"rendered":"https:\/\/rm-mechatronics.com\/periyodik-kontrol-servisi\/escalator-and-bands\/"},"modified":"2022-04-20T12:19:38","modified_gmt":"2022-04-20T09:19:38","slug":"yuruyen-merdiven-bantlar","status":"publish","type":"page","link":"https:\/\/rm-mechatronics.com\/tr\/periyodik-muayene-hizmetleri\/yuruyen-merdiven-bantlar\/","title":{"rendered":"Y\u00fcr\u00fcyen Merdiven\/Bantlar"},"content":{"rendered":"<p>\u0130\u015f Ekipmanlar\u0131n\u0131n Kullan\u0131m\u0131nda Sa\u011fl\u0131k ve G\u00fcvenlik \u015eartlar\u0131 Y\u00f6netmeli\u011fi\u2019ne g\u00f6re y\u00fcr\u00fcyen merdivenler ve y\u00fcr\u00fcyen bantlar\u0131n periyodik olarak asgari y\u0131lda bir kez kontrol edilmesi gere\u011fi belirtilmi\u015ftir. Al\u0131\u015fveri\u015f merkezleri, metro ve tren istasyonlar\u0131, havaalanlar\u0131, hastaneler gibi kullan\u0131m alanlar\u0131 yayg\u0131nla\u015fan y\u00fcr\u00fcyen merdiven ve bantlar\u0131n periyodik kontrolleri kullan\u0131c\u0131 g\u00fcvenli\u011fi ve mekanik ya\u015fam d\u00f6ng\u00fcs\u00fcn\u00fcn uzamas\u0131 i\u00e7in \u00f6nem arz etmektedir.<\/p>\r\n<p>RM Mechatronics olarak <a href=\"https:\/\/www.szutest.com.tr\/periyodik-muayene\/yuruyen-merdiven-ve-yuruyen-bantlar\/\">y\u00fcr\u00fcyen merdiven<\/a> veya bantlar\u0131n periyodik kontrollerinin sa\u011flanmas\u0131 konusunda ana sorumluluk sahibi olan yap\u0131 sahiplerine ve g\u00f6revlendirdikleri i\u015fletmelere 7 g\u00fcn 24 saat destek olmaktan mutluluk duyar\u0131z.<\/p>\r\n<ol>\r\n<li>Kaymaya Kar\u015f\u0131 Korunma ve Kontrol<\/li>\r\n<li>Elband\u0131 \u0130le Basamak Aras\u0131nda Olu\u015facak S\u0131k\u0131\u015fmaya Kar\u015f\u0131 Koruma ve Kontrol<\/li>\r\n<li>Basamak ve Paletler Aras\u0131nda Olu\u015fabilecek S\u0131k\u0131\u015fmaya Kar\u015f\u0131 Koruma ve Kontrol<\/li>\r\n<li>Eksik Basamak ve Palet Kontrol\u00fc<\/li>\r\n<li>Elektriksel Beslemenin \u00c7ift Kontakt\u00f6r \u0130le Yap\u0131lmas\u0131n\u0131n Kontrol\u00fc<\/li>\r\n<li>Fren Mesafesinin Kontrol\u00fc<\/li>\r\n<li>El Tutman\u0131n \u00dcst K\u0131sm\u0131nda Olabilecek D\u00fc\u015fmelere Kar\u015f\u0131 Kontrol<\/li>\r\n<li>D\u0131\u015f K\u00fcpe\u015fteye T\u0131rmanman\u0131n Engellenmesinin Kontrol\u00fc<\/li>\r\n<li>El Band\u0131 \u0130le D\u0131\u015f K\u00fcpe\u015fteye Parmaklar\u0131n S\u0131k\u0131\u015fmas\u0131n\u0131n Engellenmesinin Kontrol\u00fc<\/li>\r\n<li>El band\u0131n\u0131n Giri\u015finde Olabilecek S\u0131k\u0131\u015fmalar\u0131n Engellenmesinin Kontrol\u00fc<\/li>\r\n<li>Basamak Tara\u011f\u0131 \u0130le Basamak\/Palet Aras\u0131nda Olu\u015fabilecek S\u0131k\u0131\u015fman\u0131n Kontrol\u00fc<\/li>\r\n<li>Basamak\/Paletlerin Se\u011fim Yapmas\u0131ndan Dolay\u0131 Olu\u015fabilecek Kazalar\u0131n Kontrol\u00fc<\/li>\r\n<li>D\u00f6n\u00fc\u015f ve Makine k\u0131s\u0131mlar\u0131ndaki \u00c7al\u0131\u015fma Alanlar\u0131n\u0131n Kontrol\u00fc<\/li>\r\n<li>D\u00f6n\u00fc\u015f ve Makine alanlar\u0131ndaki Ayd\u0131nlatman\u0131n kontrol\u00fc<\/li>\r\n<li>D\u00f6n\u00fc\u015f ve Makine Alanlar\u0131nda Acil Stop D\u00fc\u011fmesinin Kontrol\u00fc<\/li>\r\n<li>Elektrik Olan K\u0131s\u0131mlardan Kaynaklanabilecek \u00c7arpmalara Kar\u015f\u0131 Koruma \u00d6nlemlerinin Kontrol\u00fc<\/li>\r\n<li>Acil Durumlarda Kullan\u0131c\u0131lar\u0131n Ula\u015fabilece\u011fi Yerlerde Acil Stop Butonunun Varl\u0131\u011f\u0131n\u0131n Kontrol\u00fc<\/li>\r\n<li>Bina Yap\u0131s\u0131ndan Dolay\u0131 Kaynaklanabilecek Kazalara Kar\u015f\u0131 Al\u0131nan Tedbirlerin Kontrol\u00fc<\/li>\r\n<li>Al\u0131\u015fveri\u015f\/Bagaj Arabas\u0131 Kullan\u0131m\u0131 \u0130le \u0130lgili Kazalara Kar\u015f\u0131 Al\u0131nan Tedbirlerin Kontrol\u00fc<\/li>\r\n<\/ol>\r\n\r\n<figure class=\"wp-block-table\">\r\n<table>\r\n<tbody>\r\n<tr>\r\n<td><strong>EK\u0130PMAN ADI<\/strong><\/td>\r\n<td>\r\n<p><strong>KONTROL PER\u0130YODU<\/strong><\/p>\r\n<p><strong>(Azami S\u00fcre)<\/strong><\/p>\r\n<strong>(\u0130lgili standart\u0131n \u00f6n-g\u00f6rd\u00fc\u011f\u00fc s\u00fcreler sakl\u0131 kalmak ko\u015fulu ile)<\/strong><\/td>\r\n<td>\r\n<p><strong>PER\u0130YOD\u0130K KONTROL KR\u0130TERLER\u0130<\/strong><\/p>\r\n<strong>(\u0130lgili standartlar a\u015fa\u011f\u0131da belirtilmi\u015ftir.)*<\/strong><\/td>\r\n<\/tr>\r\n<tr>\r\n<td>Y\u00fcr\u00fcyen merdiven ve y\u00fcr\u00fcyen bant<\/td>\r\n<td>\r\n<p>Standartlarda s\u00fcre belirtilmemi\u015fse<\/p>\r\n1 Y\u0131l<\/td>\r\n<td>TS EN 13015+A1 standart\u0131nda belirtilen \u015fartlar kapsam\u0131nda yap\u0131l\u0131r.<\/td>\r\n<\/tr>\r\n<\/tbody>\r\n<\/table>\r\n<\/figure>\r\n\r\n\r\n\r\n<p><sup>(*)<\/sup>\u00a0Periyodik kontrol kriteri i\u00e7in referans olarak tabloda belirtilen standartlar \u00f6rnek olarak verilmi\u015f olup burada belirtilmeyen ya da Y\u00f6netmeli\u011fin yay\u0131m\u0131 tarihinden sonra yay\u0131mlanan konuyla ilgili standartlar\u0131n da dikkate al\u0131nmas\u0131 gerekir. Kapsam\u0131 periyodik kontrolle s\u0131n\u0131rl\u0131 olmayan standartlar i\u00e7in periyodik kontrole ili\u015fkin h\u00fck\u00fcmler uygulanacak, imalata y\u00f6nelik test ve deneyler uygulanmayacakt\u0131r.<\/p>\r\n","protected":false},"excerpt":{"rendered":"<p>\u0130\u015f Ekipmanlar\u0131n\u0131n Kullan\u0131m\u0131nda Sa\u011fl\u0131k ve G\u00fcvenlik \u015eartlar\u0131 Y\u00f6netmeli\u011fi\u2019ne g\u00f6re y\u00fcr\u00fcyen merdivenler ve y\u00fcr\u00fcyen bantlar\u0131n periyodik olarak asgari y\u0131lda bir kez kontrol edilmesi gere\u011fi belirtilmi\u015ftir. Al\u0131\u015fveri\u015f merkezleri, metro ve tren istasyonlar\u0131, havaalanlar\u0131, hastaneler gibi kullan\u0131m alanlar\u0131 yayg\u0131nla\u015fan y\u00fcr\u00fcyen merdiven ve bantlar\u0131n periyodik kontrolleri kullan\u0131c\u0131 g\u00fcvenli\u011fi ve mekanik ya\u015fam d\u00f6ng\u00fcs\u00fcn\u00fcn uzamas\u0131 i\u00e7in \u00f6nem arz etmektedir. RM Mechatronics &hellip;<\/p>\n","protected":false},"author":2,"featured_media":0,"parent":3530,"menu_order":0,"comment_status":"closed","ping_status":"closed","template":"","meta":{"footnotes":""},"acf":[],"yoast_head":"<!-- This site is optimized with the Yoast SEO plugin v19.8 - https:\/\/yoast.com\/wordpress\/plugins\/seo\/ -->\n<title>Y\u00fcr\u00fcyen Merdiven\/Bantlar - RM Mechatronics<\/title>\n<meta name=\"description\" content=\"\u0130\u015f Ekipmanlar\u0131n\u0131n Kullan\u0131m\u0131nda Sa\u011fl\u0131k ve G\u00fcvenlik \u015eartlar\u0131 Y\u00f6netmeli\u011fi\u2019ne g\u00f6re y\u00fcr\u00fcyen merdivenler ve y\u00fcr\u00fcyen bantlar\u0131n periyodik olarak asgari y\u0131lda bir kez kontrol edilmesi gere\u011fi belirtilmi\u015ftir.\" \/>\n<meta name=\"robots\" content=\"index, follow, max-snippet:-1, max-image-preview:large, max-video-preview:-1\" \/>\n<link rel=\"canonical\" href=\"https:\/\/rm-mechatronics.com\/tr\/periyodik-muayene-hizmetleri\/yuruyen-merdiven-bantlar\/\" \/>\n<meta name=\"twitter:label1\" content=\"Tahmini okuma s\u00fcresi\" \/>\n\t<meta name=\"twitter:data1\" content=\"2 dakika\" \/>\n<script type=\"application\/ld+json\" class=\"yoast-schema-graph\">{\"@context\":\"https:\/\/schema.org\",\"@graph\":[{\"@type\":\"Article\",\"@id\":\"https:\/\/rm-mechatronics.com\/tr\/periyodik-muayene-hizmetleri\/yuruyen-merdiven-bantlar\/#article\",\"isPartOf\":{\"@id\":\"https:\/\/rm-mechatronics.com\/tr\/periyodik-muayene-hizmetleri\/yuruyen-merdiven-bantlar\/\"},\"author\":{\"name\":\"admin\",\"@id\":\"https:\/\/rm-mechatronics.com\/tr\/#\/schema\/person\/975374cd7539c0f1081340b800a63482\"},\"headline\":\"Y\u00fcr\u00fcyen Merdiven\/Bantlar\",\"datePublished\":\"2022-04-16T13:33:06+00:00\",\"dateModified\":\"2022-04-20T09:19:38+00:00\",\"mainEntityOfPage\":{\"@id\":\"https:\/\/rm-mechatronics.com\/tr\/periyodik-muayene-hizmetleri\/yuruyen-merdiven-bantlar\/\"},\"wordCount\":467,\"publisher\":{\"@id\":\"https:\/\/rm-mechatronics.com\/tr\/#organization\"},\"inLanguage\":\"tr\"},{\"@type\":\"WebPage\",\"@id\":\"https:\/\/rm-mechatronics.com\/tr\/periyodik-muayene-hizmetleri\/yuruyen-merdiven-bantlar\/\",\"url\":\"https:\/\/rm-mechatronics.com\/tr\/periyodik-muayene-hizmetleri\/yuruyen-merdiven-bantlar\/\",\"name\":\"Y\u00fcr\u00fcyen Merdiven\/Bantlar - RM Mechatronics\",\"isPartOf\":{\"@id\":\"https:\/\/rm-mechatronics.com\/tr\/#website\"},\"datePublished\":\"2022-04-16T13:33:06+00:00\",\"dateModified\":\"2022-04-20T09:19:38+00:00\",\"description\":\"\u0130\u015f Ekipmanlar\u0131n\u0131n Kullan\u0131m\u0131nda Sa\u011fl\u0131k ve G\u00fcvenlik \u015eartlar\u0131 Y\u00f6netmeli\u011fi\u2019ne g\u00f6re y\u00fcr\u00fcyen merdivenler ve y\u00fcr\u00fcyen bantlar\u0131n periyodik olarak asgari y\u0131lda bir kez kontrol edilmesi gere\u011fi belirtilmi\u015ftir.\",\"breadcrumb\":{\"@id\":\"https:\/\/rm-mechatronics.com\/tr\/periyodik-muayene-hizmetleri\/yuruyen-merdiven-bantlar\/#breadcrumb\"},\"inLanguage\":\"tr\",\"potentialAction\":[{\"@type\":\"ReadAction\",\"target\":[\"https:\/\/rm-mechatronics.com\/tr\/periyodik-muayene-hizmetleri\/yuruyen-merdiven-bantlar\/\"]}]},{\"@type\":\"BreadcrumbList\",\"@id\":\"https:\/\/rm-mechatronics.com\/tr\/periyodik-muayene-hizmetleri\/yuruyen-merdiven-bantlar\/#breadcrumb\",\"itemListElement\":[{\"@type\":\"ListItem\",\"position\":1,\"name\":\"Anasayfa\",\"item\":\"https:\/\/rm-mechatronics.com\/tr\/\"},{\"@type\":\"ListItem\",\"position\":2,\"name\":\"Periyodik Kontrol Hizmetleri\",\"item\":\"https:\/\/rm-mechatronics.com\/tr\/periyodik-muayene-hizmetleri\/\"},{\"@type\":\"ListItem\",\"position\":3,\"name\":\"Y\u00fcr\u00fcyen Merdiven\/Bantlar\"}]},{\"@type\":\"WebSite\",\"@id\":\"https:\/\/rm-mechatronics.com\/tr\/#website\",\"url\":\"https:\/\/rm-mechatronics.com\/tr\/\",\"name\":\"RM Mechatronics\",\"description\":\"Kalite Kontrol Denetim ve M\u00fchendislik Hizmetleri\",\"publisher\":{\"@id\":\"https:\/\/rm-mechatronics.com\/tr\/#organization\"},\"potentialAction\":[{\"@type\":\"SearchAction\",\"target\":{\"@type\":\"EntryPoint\",\"urlTemplate\":\"https:\/\/rm-mechatronics.com\/tr\/?s={search_term_string}\"},\"query-input\":\"required name=search_term_string\"}],\"inLanguage\":\"tr\"},{\"@type\":\"Organization\",\"@id\":\"https:\/\/rm-mechatronics.com\/tr\/#organization\",\"name\":\"RM-Mechatronics\",\"url\":\"https:\/\/rm-mechatronics.com\/tr\/\",\"sameAs\":[],\"logo\":{\"@type\":\"ImageObject\",\"inLanguage\":\"tr\",\"@id\":\"https:\/\/rm-mechatronics.com\/tr\/#\/schema\/logo\/image\/\",\"url\":\"https:\/\/rm-mechatronics.com\/wp-content\/uploads\/2020\/08\/small_RM_ORIGINAL-1.png\",\"contentUrl\":\"https:\/\/rm-mechatronics.com\/wp-content\/uploads\/2020\/08\/small_RM_ORIGINAL-1.png\",\"width\":302,\"height\":112,\"caption\":\"RM-Mechatronics\"},\"image\":{\"@id\":\"https:\/\/rm-mechatronics.com\/tr\/#\/schema\/logo\/image\/\"}},{\"@type\":\"Person\",\"@id\":\"https:\/\/rm-mechatronics.com\/tr\/#\/schema\/person\/975374cd7539c0f1081340b800a63482\",\"name\":\"admin\"}]}<\/script>\n<!-- \/ Yoast SEO plugin. -->","yoast_head_json":{"title":"Y\u00fcr\u00fcyen Merdiven\/Bantlar - RM Mechatronics","description":"\u0130\u015f Ekipmanlar\u0131n\u0131n Kullan\u0131m\u0131nda Sa\u011fl\u0131k ve G\u00fcvenlik \u015eartlar\u0131 Y\u00f6netmeli\u011fi\u2019ne g\u00f6re y\u00fcr\u00fcyen merdivenler ve y\u00fcr\u00fcyen bantlar\u0131n periyodik olarak asgari y\u0131lda bir kez kontrol edilmesi gere\u011fi belirtilmi\u015ftir.","robots":{"index":"index","follow":"follow","max-snippet":"max-snippet:-1","max-image-preview":"max-image-preview:large","max-video-preview":"max-video-preview:-1"},"canonical":"https:\/\/rm-mechatronics.com\/tr\/periyodik-muayene-hizmetleri\/yuruyen-merdiven-bantlar\/","twitter_misc":{"Tahmini okuma s\u00fcresi":"2 dakika"},"schema":{"@context":"https:\/\/schema.org","@graph":[{"@type":"Article","@id":"https:\/\/rm-mechatronics.com\/tr\/periyodik-muayene-hizmetleri\/yuruyen-merdiven-bantlar\/#article","isPartOf":{"@id":"https:\/\/rm-mechatronics.com\/tr\/periyodik-muayene-hizmetleri\/yuruyen-merdiven-bantlar\/"},"author":{"name":"admin","@id":"https:\/\/rm-mechatronics.com\/tr\/#\/schema\/person\/975374cd7539c0f1081340b800a63482"},"headline":"Y\u00fcr\u00fcyen Merdiven\/Bantlar","datePublished":"2022-04-16T13:33:06+00:00","dateModified":"2022-04-20T09:19:38+00:00","mainEntityOfPage":{"@id":"https:\/\/rm-mechatronics.com\/tr\/periyodik-muayene-hizmetleri\/yuruyen-merdiven-bantlar\/"},"wordCount":467,"publisher":{"@id":"https:\/\/rm-mechatronics.com\/tr\/#organization"},"inLanguage":"tr"},{"@type":"WebPage","@id":"https:\/\/rm-mechatronics.com\/tr\/periyodik-muayene-hizmetleri\/yuruyen-merdiven-bantlar\/","url":"https:\/\/rm-mechatronics.com\/tr\/periyodik-muayene-hizmetleri\/yuruyen-merdiven-bantlar\/","name":"Y\u00fcr\u00fcyen Merdiven\/Bantlar - RM Mechatronics","isPartOf":{"@id":"https:\/\/rm-mechatronics.com\/tr\/#website"},"datePublished":"2022-04-16T13:33:06+00:00","dateModified":"2022-04-20T09:19:38+00:00","description":"\u0130\u015f Ekipmanlar\u0131n\u0131n Kullan\u0131m\u0131nda Sa\u011fl\u0131k ve G\u00fcvenlik \u015eartlar\u0131 Y\u00f6netmeli\u011fi\u2019ne g\u00f6re y\u00fcr\u00fcyen merdivenler ve y\u00fcr\u00fcyen bantlar\u0131n periyodik olarak asgari y\u0131lda bir kez kontrol edilmesi gere\u011fi belirtilmi\u015ftir.","breadcrumb":{"@id":"https:\/\/rm-mechatronics.com\/tr\/periyodik-muayene-hizmetleri\/yuruyen-merdiven-bantlar\/#breadcrumb"},"inLanguage":"tr","potentialAction":[{"@type":"ReadAction","target":["https:\/\/rm-mechatronics.com\/tr\/periyodik-muayene-hizmetleri\/yuruyen-merdiven-bantlar\/"]}]},{"@type":"BreadcrumbList","@id":"https:\/\/rm-mechatronics.com\/tr\/periyodik-muayene-hizmetleri\/yuruyen-merdiven-bantlar\/#breadcrumb","itemListElement":[{"@type":"ListItem","position":1,"name":"Anasayfa","item":"https:\/\/rm-mechatronics.com\/tr\/"},{"@type":"ListItem","position":2,"name":"Periyodik Kontrol Hizmetleri","item":"https:\/\/rm-mechatronics.com\/tr\/periyodik-muayene-hizmetleri\/"},{"@type":"ListItem","position":3,"name":"Y\u00fcr\u00fcyen Merdiven\/Bantlar"}]},{"@type":"WebSite","@id":"https:\/\/rm-mechatronics.com\/tr\/#website","url":"https:\/\/rm-mechatronics.com\/tr\/","name":"RM Mechatronics","description":"Kalite Kontrol Denetim ve M\u00fchendislik Hizmetleri","publisher":{"@id":"https:\/\/rm-mechatronics.com\/tr\/#organization"},"potentialAction":[{"@type":"SearchAction","target":{"@type":"EntryPoint","urlTemplate":"https:\/\/rm-mechatronics.com\/tr\/?s={search_term_string}"},"query-input":"required name=search_term_string"}],"inLanguage":"tr"},{"@type":"Organization","@id":"https:\/\/rm-mechatronics.com\/tr\/#organization","name":"RM-Mechatronics","url":"https:\/\/rm-mechatronics.com\/tr\/","sameAs":[],"logo":{"@type":"ImageObject","inLanguage":"tr","@id":"https:\/\/rm-mechatronics.com\/tr\/#\/schema\/logo\/image\/","url":"https:\/\/rm-mechatronics.com\/wp-content\/uploads\/2020\/08\/small_RM_ORIGINAL-1.png","contentUrl":"https:\/\/rm-mechatronics.com\/wp-content\/uploads\/2020\/08\/small_RM_ORIGINAL-1.png","width":302,"height":112,"caption":"RM-Mechatronics"},"image":{"@id":"https:\/\/rm-mechatronics.com\/tr\/#\/schema\/logo\/image\/"}},{"@type":"Person","@id":"https:\/\/rm-mechatronics.com\/tr\/#\/schema\/person\/975374cd7539c0f1081340b800a63482","name":"admin"}]}},"_links":{"self":[{"href":"https:\/\/rm-mechatronics.com\/tr\/wp-json\/wp\/v2\/pages\/3556"}],"collection":[{"href":"https:\/\/rm-mechatronics.com\/tr\/wp-json\/wp\/v2\/pages"}],"about":[{"href":"https:\/\/rm-mechatronics.com\/tr\/wp-json\/wp\/v2\/types\/page"}],"author":[{"embeddable":true,"href":"https:\/\/rm-mechatronics.com\/tr\/wp-json\/wp\/v2\/users\/2"}],"replies":[{"embeddable":true,"href":"https:\/\/rm-mechatronics.com\/tr\/wp-json\/wp\/v2\/comments?post=3556"}],"version-history":[{"count":0,"href":"https:\/\/rm-mechatronics.com\/tr\/wp-json\/wp\/v2\/pages\/3556\/revisions"}],"up":[{"embeddable":true,"href":"https:\/\/rm-mechatronics.com\/tr\/wp-json\/wp\/v2\/pages\/3530"}],"wp:attachment":[{"href":"https:\/\/rm-mechatronics.com\/tr\/wp-json\/wp\/v2\/media?parent=3556"}],"curies":[{"name":"wp","href":"https:\/\/api.w.org\/{rel}","templated":true}]}}