{"id":3542,"date":"2022-04-16T16:25:03","date_gmt":"2022-04-16T13:25:03","guid":{"rendered":"https:\/\/rm-mechatronics.com\/periyodik-kontrol-servisi\/elevators\/"},"modified":"2022-04-20T12:18:59","modified_gmt":"2022-04-20T09:18:59","slug":"asansorler","status":"publish","type":"page","link":"https:\/\/rm-mechatronics.com\/tr\/periyodik-muayene-hizmetleri\/asansorler\/","title":{"rendered":"Asans\u00f6rler"},"content":{"rendered":"<p>Asans\u00f6r i\u015fletme ve bak\u0131m y\u00f6netmeli\u011finin temel amac\u0131; insan ve y\u00fcklerin veya sadece y\u00fcklerin ta\u015f\u0131nmas\u0131nda kullan\u0131lan asans\u00f6rlerin, insan can ve mal g\u00fcvenli\u011fini tehdit etmeyecek \u015fekilde kullan\u0131mlar\u0131n\u0131 sa\u011flamak ve \u00e7evreyi korumak \u00fczere tescili, i\u015fletilmesi, bak\u0131m\u0131, garanti ve sat\u0131\u015f sonras\u0131 hizmetleri ile hizmet denetimi ve mevcut asans\u00f6rlerin iyile\u015ftirilmesiyle ilgili uyulmas\u0131 gereken kurallar\u0131 belirlemektir.<\/p>\n<p>Asans\u00f6r periyodik kontrol y\u00f6netmeli\u011fince asans\u00f6rlere kontrol sonras\u0131nda ye\u015fil, mavi, sar\u0131 veya k\u0131rm\u0131z\u0131 etiket yerle\u015ftirilmektedir ve <a href=\"https:\/\/www.szutest.com.tr\/periyodik-muayene\/\">periyodik kontrol<\/a> raporu d\u00fczenlenmektedir. RM Mechatronics uzman kadrosu asans\u00f6rlerinizin periyodik bak\u0131m\u0131 i\u00e7in \u00e7\u00f6z\u00fcm orta\u011f\u0131n\u0131z olmaktan memnuniyet duyar.<\/p>\n","protected":false},"excerpt":{"rendered":"<p>Asans\u00f6r i\u015fletme ve bak\u0131m y\u00f6netmeli\u011finin temel amac\u0131; insan ve y\u00fcklerin veya sadece y\u00fcklerin ta\u015f\u0131nmas\u0131nda kullan\u0131lan asans\u00f6rlerin, insan can ve mal g\u00fcvenli\u011fini tehdit etmeyecek \u015fekilde kullan\u0131mlar\u0131n\u0131 sa\u011flamak ve \u00e7evreyi korumak \u00fczere tescili, i\u015fletilmesi, bak\u0131m\u0131, garanti ve sat\u0131\u015f sonras\u0131 hizmetleri ile hizmet denetimi ve mevcut asans\u00f6rlerin iyile\u015ftirilmesiyle ilgili uyulmas\u0131 gereken kurallar\u0131 belirlemektir. Asans\u00f6r periyodik kontrol y\u00f6netmeli\u011fince asans\u00f6rlere &hellip;<\/p>\n","protected":false},"author":2,"featured_media":0,"parent":3530,"menu_order":0,"comment_status":"closed","ping_status":"closed","template":"","meta":{"footnotes":""},"acf":[],"yoast_head":"<!-- This site is optimized with the Yoast SEO plugin v19.8 - https:\/\/yoast.com\/wordpress\/plugins\/seo\/ -->\n<title>Asans\u00f6rler - RM Mechatronics<\/title>\n<meta name=\"description\" content=\"Asans\u00f6r periyodik kontrol y\u00f6netmeli\u011fince asans\u00f6rlere kontrol sonras\u0131nda ye\u015fil, mavi, sar\u0131 veya k\u0131rm\u0131z\u0131 etiket yerle\u015ftirilmektedir\" \/>\n<meta name=\"robots\" content=\"index, follow, max-snippet:-1, max-image-preview:large, max-video-preview:-1\" \/>\n<link rel=\"canonical\" href=\"https:\/\/rm-mechatronics.com\/tr\/periyodik-muayene-hizmetleri\/asansorler\/\" \/>\n<meta name=\"twitter:label1\" content=\"Tahmini okuma s\u00fcresi\" \/>\n\t<meta name=\"twitter:data1\" content=\"1 dakika\" \/>\n<script type=\"application\/ld+json\" class=\"yoast-schema-graph\">{\"@context\":\"https:\/\/schema.org\",\"@graph\":[{\"@type\":\"Article\",\"@id\":\"https:\/\/rm-mechatronics.com\/tr\/periyodik-muayene-hizmetleri\/asansorler\/#article\",\"isPartOf\":{\"@id\":\"https:\/\/rm-mechatronics.com\/tr\/periyodik-muayene-hizmetleri\/asansorler\/\"},\"author\":{\"name\":\"admin\",\"@id\":\"https:\/\/rm-mechatronics.com\/tr\/#\/schema\/person\/975374cd7539c0f1081340b800a63482\"},\"headline\":\"Asans\u00f6rler\",\"datePublished\":\"2022-04-16T13:25:03+00:00\",\"dateModified\":\"2022-04-20T09:18:59+00:00\",\"mainEntityOfPage\":{\"@id\":\"https:\/\/rm-mechatronics.com\/tr\/periyodik-muayene-hizmetleri\/asansorler\/\"},\"wordCount\":120,\"publisher\":{\"@id\":\"https:\/\/rm-mechatronics.com\/tr\/#organization\"},\"inLanguage\":\"tr\"},{\"@type\":\"WebPage\",\"@id\":\"https:\/\/rm-mechatronics.com\/tr\/periyodik-muayene-hizmetleri\/asansorler\/\",\"url\":\"https:\/\/rm-mechatronics.com\/tr\/periyodik-muayene-hizmetleri\/asansorler\/\",\"name\":\"Asans\u00f6rler - RM Mechatronics\",\"isPartOf\":{\"@id\":\"https:\/\/rm-mechatronics.com\/tr\/#website\"},\"datePublished\":\"2022-04-16T13:25:03+00:00\",\"dateModified\":\"2022-04-20T09:18:59+00:00\",\"description\":\"Asans\u00f6r periyodik kontrol y\u00f6netmeli\u011fince asans\u00f6rlere kontrol sonras\u0131nda ye\u015fil, mavi, sar\u0131 veya k\u0131rm\u0131z\u0131 etiket yerle\u015ftirilmektedir\",\"breadcrumb\":{\"@id\":\"https:\/\/rm-mechatronics.com\/tr\/periyodik-muayene-hizmetleri\/asansorler\/#breadcrumb\"},\"inLanguage\":\"tr\",\"potentialAction\":[{\"@type\":\"ReadAction\",\"target\":[\"https:\/\/rm-mechatronics.com\/tr\/periyodik-muayene-hizmetleri\/asansorler\/\"]}]},{\"@type\":\"BreadcrumbList\",\"@id\":\"https:\/\/rm-mechatronics.com\/tr\/periyodik-muayene-hizmetleri\/asansorler\/#breadcrumb\",\"itemListElement\":[{\"@type\":\"ListItem\",\"position\":1,\"name\":\"Anasayfa\",\"item\":\"https:\/\/rm-mechatronics.com\/tr\/\"},{\"@type\":\"ListItem\",\"position\":2,\"name\":\"Periyodik Kontrol Hizmetleri\",\"item\":\"https:\/\/rm-mechatronics.com\/tr\/periyodik-muayene-hizmetleri\/\"},{\"@type\":\"ListItem\",\"position\":3,\"name\":\"Asans\u00f6rler\"}]},{\"@type\":\"WebSite\",\"@id\":\"https:\/\/rm-mechatronics.com\/tr\/#website\",\"url\":\"https:\/\/rm-mechatronics.com\/tr\/\",\"name\":\"RM Mechatronics\",\"description\":\"Kalite Kontrol Denetim ve M\u00fchendislik Hizmetleri\",\"publisher\":{\"@id\":\"https:\/\/rm-mechatronics.com\/tr\/#organization\"},\"potentialAction\":[{\"@type\":\"SearchAction\",\"target\":{\"@type\":\"EntryPoint\",\"urlTemplate\":\"https:\/\/rm-mechatronics.com\/tr\/?s={search_term_string}\"},\"query-input\":\"required name=search_term_string\"}],\"inLanguage\":\"tr\"},{\"@type\":\"Organization\",\"@id\":\"https:\/\/rm-mechatronics.com\/tr\/#organization\",\"name\":\"RM-Mechatronics\",\"url\":\"https:\/\/rm-mechatronics.com\/tr\/\",\"sameAs\":[],\"logo\":{\"@type\":\"ImageObject\",\"inLanguage\":\"tr\",\"@id\":\"https:\/\/rm-mechatronics.com\/tr\/#\/schema\/logo\/image\/\",\"url\":\"https:\/\/rm-mechatronics.com\/wp-content\/uploads\/2020\/08\/small_RM_ORIGINAL-1.png\",\"contentUrl\":\"https:\/\/rm-mechatronics.com\/wp-content\/uploads\/2020\/08\/small_RM_ORIGINAL-1.png\",\"width\":302,\"height\":112,\"caption\":\"RM-Mechatronics\"},\"image\":{\"@id\":\"https:\/\/rm-mechatronics.com\/tr\/#\/schema\/logo\/image\/\"}},{\"@type\":\"Person\",\"@id\":\"https:\/\/rm-mechatronics.com\/tr\/#\/schema\/person\/975374cd7539c0f1081340b800a63482\",\"name\":\"admin\"}]}<\/script>\n<!-- \/ Yoast SEO plugin. -->","yoast_head_json":{"title":"Asans\u00f6rler - RM Mechatronics","description":"Asans\u00f6r periyodik kontrol y\u00f6netmeli\u011fince asans\u00f6rlere kontrol sonras\u0131nda ye\u015fil, mavi, sar\u0131 veya k\u0131rm\u0131z\u0131 etiket yerle\u015ftirilmektedir","robots":{"index":"index","follow":"follow","max-snippet":"max-snippet:-1","max-image-preview":"max-image-preview:large","max-video-preview":"max-video-preview:-1"},"canonical":"https:\/\/rm-mechatronics.com\/tr\/periyodik-muayene-hizmetleri\/asansorler\/","twitter_misc":{"Tahmini okuma s\u00fcresi":"1 dakika"},"schema":{"@context":"https:\/\/schema.org","@graph":[{"@type":"Article","@id":"https:\/\/rm-mechatronics.com\/tr\/periyodik-muayene-hizmetleri\/asansorler\/#article","isPartOf":{"@id":"https:\/\/rm-mechatronics.com\/tr\/periyodik-muayene-hizmetleri\/asansorler\/"},"author":{"name":"admin","@id":"https:\/\/rm-mechatronics.com\/tr\/#\/schema\/person\/975374cd7539c0f1081340b800a63482"},"headline":"Asans\u00f6rler","datePublished":"2022-04-16T13:25:03+00:00","dateModified":"2022-04-20T09:18:59+00:00","mainEntityOfPage":{"@id":"https:\/\/rm-mechatronics.com\/tr\/periyodik-muayene-hizmetleri\/asansorler\/"},"wordCount":120,"publisher":{"@id":"https:\/\/rm-mechatronics.com\/tr\/#organization"},"inLanguage":"tr"},{"@type":"WebPage","@id":"https:\/\/rm-mechatronics.com\/tr\/periyodik-muayene-hizmetleri\/asansorler\/","url":"https:\/\/rm-mechatronics.com\/tr\/periyodik-muayene-hizmetleri\/asansorler\/","name":"Asans\u00f6rler - RM Mechatronics","isPartOf":{"@id":"https:\/\/rm-mechatronics.com\/tr\/#website"},"datePublished":"2022-04-16T13:25:03+00:00","dateModified":"2022-04-20T09:18:59+00:00","description":"Asans\u00f6r periyodik kontrol y\u00f6netmeli\u011fince asans\u00f6rlere kontrol sonras\u0131nda ye\u015fil, mavi, sar\u0131 veya k\u0131rm\u0131z\u0131 etiket yerle\u015ftirilmektedir","breadcrumb":{"@id":"https:\/\/rm-mechatronics.com\/tr\/periyodik-muayene-hizmetleri\/asansorler\/#breadcrumb"},"inLanguage":"tr","potentialAction":[{"@type":"ReadAction","target":["https:\/\/rm-mechatronics.com\/tr\/periyodik-muayene-hizmetleri\/asansorler\/"]}]},{"@type":"BreadcrumbList","@id":"https:\/\/rm-mechatronics.com\/tr\/periyodik-muayene-hizmetleri\/asansorler\/#breadcrumb","itemListElement":[{"@type":"ListItem","position":1,"name":"Anasayfa","item":"https:\/\/rm-mechatronics.com\/tr\/"},{"@type":"ListItem","position":2,"name":"Periyodik Kontrol Hizmetleri","item":"https:\/\/rm-mechatronics.com\/tr\/periyodik-muayene-hizmetleri\/"},{"@type":"ListItem","position":3,"name":"Asans\u00f6rler"}]},{"@type":"WebSite","@id":"https:\/\/rm-mechatronics.com\/tr\/#website","url":"https:\/\/rm-mechatronics.com\/tr\/","name":"RM Mechatronics","description":"Kalite Kontrol Denetim ve M\u00fchendislik Hizmetleri","publisher":{"@id":"https:\/\/rm-mechatronics.com\/tr\/#organization"},"potentialAction":[{"@type":"SearchAction","target":{"@type":"EntryPoint","urlTemplate":"https:\/\/rm-mechatronics.com\/tr\/?s={search_term_string}"},"query-input":"required name=search_term_string"}],"inLanguage":"tr"},{"@type":"Organization","@id":"https:\/\/rm-mechatronics.com\/tr\/#organization","name":"RM-Mechatronics","url":"https:\/\/rm-mechatronics.com\/tr\/","sameAs":[],"logo":{"@type":"ImageObject","inLanguage":"tr","@id":"https:\/\/rm-mechatronics.com\/tr\/#\/schema\/logo\/image\/","url":"https:\/\/rm-mechatronics.com\/wp-content\/uploads\/2020\/08\/small_RM_ORIGINAL-1.png","contentUrl":"https:\/\/rm-mechatronics.com\/wp-content\/uploads\/2020\/08\/small_RM_ORIGINAL-1.png","width":302,"height":112,"caption":"RM-Mechatronics"},"image":{"@id":"https:\/\/rm-mechatronics.com\/tr\/#\/schema\/logo\/image\/"}},{"@type":"Person","@id":"https:\/\/rm-mechatronics.com\/tr\/#\/schema\/person\/975374cd7539c0f1081340b800a63482","name":"admin"}]}},"_links":{"self":[{"href":"https:\/\/rm-mechatronics.com\/tr\/wp-json\/wp\/v2\/pages\/3542"}],"collection":[{"href":"https:\/\/rm-mechatronics.com\/tr\/wp-json\/wp\/v2\/pages"}],"about":[{"href":"https:\/\/rm-mechatronics.com\/tr\/wp-json\/wp\/v2\/types\/page"}],"author":[{"embeddable":true,"href":"https:\/\/rm-mechatronics.com\/tr\/wp-json\/wp\/v2\/users\/2"}],"replies":[{"embeddable":true,"href":"https:\/\/rm-mechatronics.com\/tr\/wp-json\/wp\/v2\/comments?post=3542"}],"version-history":[{"count":0,"href":"https:\/\/rm-mechatronics.com\/tr\/wp-json\/wp\/v2\/pages\/3542\/revisions"}],"up":[{"embeddable":true,"href":"https:\/\/rm-mechatronics.com\/tr\/wp-json\/wp\/v2\/pages\/3530"}],"wp:attachment":[{"href":"https:\/\/rm-mechatronics.com\/tr\/wp-json\/wp\/v2\/media?parent=3542"}],"curies":[{"name":"wp","href":"https:\/\/api.w.org\/{rel}","templated":true}]}}