{"id":3536,"date":"2022-04-16T16:21:55","date_gmt":"2022-04-16T13:21:55","guid":{"rendered":"https:\/\/rm-mechatronics.com\/periyodik-kontrol-servisi\/amusement-park-controls\/"},"modified":"2022-06-04T21:19:20","modified_gmt":"2022-06-04T18:19:20","slug":"eglence-ve-lunapark-makinalari","status":"publish","type":"page","link":"https:\/\/rm-mechatronics.com\/tr\/periyodik-muayene-hizmetleri\/eglence-ve-lunapark-makinalari\/","title":{"rendered":"E\u011flence ve Lunapark Makinalar\u0131 Tasar\u0131m Hizmetleri"},"content":{"rendered":"<p>Lunaparklar t\u00fcm ya\u015f gruplar\u0131na hizmet veren insanlar\u0131n e\u011flenmesi amac\u0131yla tasarlanm\u0131\u015f e\u011flence parklar\u0131d\u0131r. Lunaparklarda kullan\u0131lan atl\u0131kar\u0131nca, discovery, h\u0131zl\u0131 tren, adrenalin, gondol, d\u00f6nme dolap gibi t\u00fcm e\u011flence ekipmanlar\u0131n\u0131n faaliyete girmeden \u00f6nce ve faaliyete girdikten sonra periyodik kontrolleri tam ve eksiksiz olarak yap\u0131lmal\u0131d\u0131r. Ekipmanlarda modifikasyon, tamirat, g\u00fcvenlik endi\u015feleri, i\u015fletmenin ta\u015f\u0131nmas\u0131, i\u015fletmenin mevsimsel olarak yeniden \u00e7al\u0131\u015fmaya ba\u015flamas\u0131ndan \u00f6nce ya da sa\u011flaml\u0131\u011f\u0131nda \u015f\u00fcpheler olmas\u0131 halinde mutlaka yeniden incelenmesi gerekir.<\/p>\n<p>T\u00fcm emniyet tedbirlerinin \u00e7al\u0131\u015ft\u0131\u011f\u0131 tespit edilerek bo\u015fta \u00e7al\u0131\u015ft\u0131rma i\u015flemi yap\u0131lmal\u0131 ve bu kontroller kay\u0131t alt\u0131na al\u0131nmal\u0131d\u0131r. Bu a\u015famada RM Mechatronics uzman makine m\u00fchendisleri, nezaretinde bu periyodik kontrolleri titizlikle ger\u00e7ekle\u015ftirmektedir<\/p>\n<ul>\n<li>TS EN 13814 E\u011flence parklar\u0131 ve oyun alanlar\u0131nda<\/li>\n<li>TS EN 1176-4 Kablolu ta\u015f\u0131ma tesisatlar\u0131 i\u00e7in il\u00e2ve \u00f6zel g\u00fcvenlik kurallar\u0131 ve deney y\u00f6ntemleri<\/li>\n<li>TS EN 1176-5 Atl\u0131kar\u0131ncalar i\u00e7in ilave \u00f6zel g\u00fcvenlik kurallar\u0131 ve deney y\u00f6ntemleri<\/li>\n<li>TS EN 1176-6 Sallanma elemanlar\u0131 i\u00e7in il\u00e2ve \u00f6zel g\u00fcvenlik kurallar\u0131 ve deney metotlar\u0131<\/li>\n<li>TS EN 1177 \u00c7arpma etkisini azaltan zemin d\u00fczenlemeleri &#8211; Kritik d\u00fc\u015fme y\u00fcksekli\u011finin belirlenmesi<\/li>\n<li>TS EN 60335-2-82 G\u00fcvenlik kurallar\u0131 &#8211; Ev ve benzeri yerlerde kullan\u0131lan elektrikli cihazlar i\u00e7in &#8211; B\u00f6l\u00fcm 2.82: E\u011flence makineleri ve ki\u015fisel hizmet makineleri i\u00e7in \u00f6zel kurallar<\/li>\n<li>TS EN 71-4, Oyuncak G\u00fcvenli\u011fi &#8211; Kimya ve \u0130lgili Faaliyetler \u0130\u00e7in Deney Setleri,<\/li>\n<li>TS EN 71-5, Oyuncak G\u00fcvenli\u011fi &#8211; Deney Setleri D\u0131\u015f\u0131ndaki Kimyasal Oyuncaklar (Setler),<\/li>\n<li>TS EN 71-6, Oyuncak G\u00fcvenli\u011fi &#8211; Ya\u015f Uyar\u0131 Etiketlemesi \u0130\u00e7in Grafik Sembol,<\/li>\n<li>TS EN 71-7 Oyuncak G\u00fcvenli\u011fi &#8211; Parmak boyalar\u0131 &#8211; \u00d6zellikler ve deney metotlar\u0131<\/li>\n<li>TS EN 71-8 Oyuncak G\u00fcvenli\u011fi &#8211; Aile \u0130\u00e7in Ev \u0130\u00e7i ve Ev D\u0131\u015f\u0131 Kullan\u0131lan Sal\u0131ncaklar, Kayd\u0131raklar ve Benzer Aktivite Oyuncaklar\u0131<\/li>\n<li>TS EN 71-9 Oyuncak G\u00fcvenli\u011fi &#8211; Organik kimyasal bile\u015fikler- \u00d6zellikler<\/li>\n<li>TS EN 71-11 Oyuncak G\u00fcvenli\u011fi \u2013 Organik kimyasal bile\u015fimler \u2013 Analiz y\u00f6ntemleri<\/li>\n<\/ul>\n<p>&nbsp;<\/p>\n<p>&nbsp;<\/p>\n<p>&nbsp;<\/p>\n<p>&nbsp;<\/p>\n","protected":false},"excerpt":{"rendered":"<p>Lunaparklar t\u00fcm ya\u015f gruplar\u0131na hizmet veren insanlar\u0131n e\u011flenmesi amac\u0131yla tasarlanm\u0131\u015f e\u011flence parklar\u0131d\u0131r. Lunaparklarda kullan\u0131lan atl\u0131kar\u0131nca, discovery, h\u0131zl\u0131 tren, adrenalin, gondol, d\u00f6nme dolap gibi t\u00fcm e\u011flence ekipmanlar\u0131n\u0131n faaliyete girmeden \u00f6nce ve faaliyete girdikten sonra periyodik kontrolleri tam ve eksiksiz olarak yap\u0131lmal\u0131d\u0131r. Ekipmanlarda modifikasyon, tamirat, g\u00fcvenlik endi\u015feleri, i\u015fletmenin ta\u015f\u0131nmas\u0131, i\u015fletmenin mevsimsel olarak yeniden \u00e7al\u0131\u015fmaya ba\u015flamas\u0131ndan \u00f6nce ya &hellip;<\/p>\n","protected":false},"author":2,"featured_media":0,"parent":3530,"menu_order":0,"comment_status":"closed","ping_status":"closed","template":"","meta":{"footnotes":""},"acf":[],"yoast_head":"<!-- This site is optimized with the Yoast SEO plugin v19.8 - https:\/\/yoast.com\/wordpress\/plugins\/seo\/ -->\n<title>E\u011flence ve Lunapark Makinalar\u0131 Tasar\u0131m Hizmetleri - RM Mechatronics<\/title>\n<meta name=\"description\" content=\"T\u00fcm e\u011flence ekipmanlar\u0131n\u0131n faaliyete girmeden \u00f6nce ve faaliyete girdikten sonra periyodik kontrolleri tam ve eksiksiz olarak yap\u0131lmal\u0131d\u0131r.\" \/>\n<meta name=\"robots\" content=\"index, follow, max-snippet:-1, max-image-preview:large, max-video-preview:-1\" \/>\n<link rel=\"canonical\" href=\"https:\/\/rm-mechatronics.com\/tr\/periyodik-muayene-hizmetleri\/eglence-ve-lunapark-makinalari\/\" \/>\n<meta name=\"twitter:label1\" content=\"Tahmini okuma s\u00fcresi\" \/>\n\t<meta name=\"twitter:data1\" content=\"2 dakika\" \/>\n<script type=\"application\/ld+json\" class=\"yoast-schema-graph\">{\"@context\":\"https:\/\/schema.org\",\"@graph\":[{\"@type\":\"Article\",\"@id\":\"https:\/\/rm-mechatronics.com\/tr\/periyodik-muayene-hizmetleri\/eglence-ve-lunapark-makinalari\/#article\",\"isPartOf\":{\"@id\":\"https:\/\/rm-mechatronics.com\/tr\/periyodik-muayene-hizmetleri\/eglence-ve-lunapark-makinalari\/\"},\"author\":{\"name\":\"admin\",\"@id\":\"https:\/\/rm-mechatronics.com\/tr\/#\/schema\/person\/975374cd7539c0f1081340b800a63482\"},\"headline\":\"E\u011flence ve Lunapark Makinalar\u0131 Tasar\u0131m Hizmetleri\",\"datePublished\":\"2022-04-16T13:21:55+00:00\",\"dateModified\":\"2022-06-04T18:19:20+00:00\",\"mainEntityOfPage\":{\"@id\":\"https:\/\/rm-mechatronics.com\/tr\/periyodik-muayene-hizmetleri\/eglence-ve-lunapark-makinalari\/\"},\"wordCount\":373,\"publisher\":{\"@id\":\"https:\/\/rm-mechatronics.com\/tr\/#organization\"},\"inLanguage\":\"tr\"},{\"@type\":\"WebPage\",\"@id\":\"https:\/\/rm-mechatronics.com\/tr\/periyodik-muayene-hizmetleri\/eglence-ve-lunapark-makinalari\/\",\"url\":\"https:\/\/rm-mechatronics.com\/tr\/periyodik-muayene-hizmetleri\/eglence-ve-lunapark-makinalari\/\",\"name\":\"E\u011flence ve Lunapark Makinalar\u0131 Tasar\u0131m Hizmetleri - RM Mechatronics\",\"isPartOf\":{\"@id\":\"https:\/\/rm-mechatronics.com\/tr\/#website\"},\"datePublished\":\"2022-04-16T13:21:55+00:00\",\"dateModified\":\"2022-06-04T18:19:20+00:00\",\"description\":\"T\u00fcm e\u011flence ekipmanlar\u0131n\u0131n faaliyete girmeden \u00f6nce ve faaliyete girdikten sonra periyodik kontrolleri tam ve eksiksiz olarak yap\u0131lmal\u0131d\u0131r.\",\"breadcrumb\":{\"@id\":\"https:\/\/rm-mechatronics.com\/tr\/periyodik-muayene-hizmetleri\/eglence-ve-lunapark-makinalari\/#breadcrumb\"},\"inLanguage\":\"tr\",\"potentialAction\":[{\"@type\":\"ReadAction\",\"target\":[\"https:\/\/rm-mechatronics.com\/tr\/periyodik-muayene-hizmetleri\/eglence-ve-lunapark-makinalari\/\"]}]},{\"@type\":\"BreadcrumbList\",\"@id\":\"https:\/\/rm-mechatronics.com\/tr\/periyodik-muayene-hizmetleri\/eglence-ve-lunapark-makinalari\/#breadcrumb\",\"itemListElement\":[{\"@type\":\"ListItem\",\"position\":1,\"name\":\"Anasayfa\",\"item\":\"https:\/\/rm-mechatronics.com\/tr\/\"},{\"@type\":\"ListItem\",\"position\":2,\"name\":\"Periyodik Kontrol Hizmetleri\",\"item\":\"https:\/\/rm-mechatronics.com\/tr\/periyodik-muayene-hizmetleri\/\"},{\"@type\":\"ListItem\",\"position\":3,\"name\":\"E\u011flence ve Lunapark Makinalar\u0131 Tasar\u0131m Hizmetleri\"}]},{\"@type\":\"WebSite\",\"@id\":\"https:\/\/rm-mechatronics.com\/tr\/#website\",\"url\":\"https:\/\/rm-mechatronics.com\/tr\/\",\"name\":\"RM Mechatronics\",\"description\":\"Kalite Kontrol Denetim ve M\u00fchendislik Hizmetleri\",\"publisher\":{\"@id\":\"https:\/\/rm-mechatronics.com\/tr\/#organization\"},\"potentialAction\":[{\"@type\":\"SearchAction\",\"target\":{\"@type\":\"EntryPoint\",\"urlTemplate\":\"https:\/\/rm-mechatronics.com\/tr\/?s={search_term_string}\"},\"query-input\":\"required name=search_term_string\"}],\"inLanguage\":\"tr\"},{\"@type\":\"Organization\",\"@id\":\"https:\/\/rm-mechatronics.com\/tr\/#organization\",\"name\":\"RM-Mechatronics\",\"url\":\"https:\/\/rm-mechatronics.com\/tr\/\",\"sameAs\":[],\"logo\":{\"@type\":\"ImageObject\",\"inLanguage\":\"tr\",\"@id\":\"https:\/\/rm-mechatronics.com\/tr\/#\/schema\/logo\/image\/\",\"url\":\"https:\/\/rm-mechatronics.com\/wp-content\/uploads\/2020\/08\/small_RM_ORIGINAL-1.png\",\"contentUrl\":\"https:\/\/rm-mechatronics.com\/wp-content\/uploads\/2020\/08\/small_RM_ORIGINAL-1.png\",\"width\":302,\"height\":112,\"caption\":\"RM-Mechatronics\"},\"image\":{\"@id\":\"https:\/\/rm-mechatronics.com\/tr\/#\/schema\/logo\/image\/\"}},{\"@type\":\"Person\",\"@id\":\"https:\/\/rm-mechatronics.com\/tr\/#\/schema\/person\/975374cd7539c0f1081340b800a63482\",\"name\":\"admin\"}]}<\/script>\n<!-- \/ Yoast SEO plugin. -->","yoast_head_json":{"title":"E\u011flence ve Lunapark Makinalar\u0131 Tasar\u0131m Hizmetleri - RM Mechatronics","description":"T\u00fcm e\u011flence ekipmanlar\u0131n\u0131n faaliyete girmeden \u00f6nce ve faaliyete girdikten sonra periyodik kontrolleri tam ve eksiksiz olarak yap\u0131lmal\u0131d\u0131r.","robots":{"index":"index","follow":"follow","max-snippet":"max-snippet:-1","max-image-preview":"max-image-preview:large","max-video-preview":"max-video-preview:-1"},"canonical":"https:\/\/rm-mechatronics.com\/tr\/periyodik-muayene-hizmetleri\/eglence-ve-lunapark-makinalari\/","twitter_misc":{"Tahmini okuma s\u00fcresi":"2 dakika"},"schema":{"@context":"https:\/\/schema.org","@graph":[{"@type":"Article","@id":"https:\/\/rm-mechatronics.com\/tr\/periyodik-muayene-hizmetleri\/eglence-ve-lunapark-makinalari\/#article","isPartOf":{"@id":"https:\/\/rm-mechatronics.com\/tr\/periyodik-muayene-hizmetleri\/eglence-ve-lunapark-makinalari\/"},"author":{"name":"admin","@id":"https:\/\/rm-mechatronics.com\/tr\/#\/schema\/person\/975374cd7539c0f1081340b800a63482"},"headline":"E\u011flence ve Lunapark Makinalar\u0131 Tasar\u0131m Hizmetleri","datePublished":"2022-04-16T13:21:55+00:00","dateModified":"2022-06-04T18:19:20+00:00","mainEntityOfPage":{"@id":"https:\/\/rm-mechatronics.com\/tr\/periyodik-muayene-hizmetleri\/eglence-ve-lunapark-makinalari\/"},"wordCount":373,"publisher":{"@id":"https:\/\/rm-mechatronics.com\/tr\/#organization"},"inLanguage":"tr"},{"@type":"WebPage","@id":"https:\/\/rm-mechatronics.com\/tr\/periyodik-muayene-hizmetleri\/eglence-ve-lunapark-makinalari\/","url":"https:\/\/rm-mechatronics.com\/tr\/periyodik-muayene-hizmetleri\/eglence-ve-lunapark-makinalari\/","name":"E\u011flence ve Lunapark Makinalar\u0131 Tasar\u0131m Hizmetleri - RM Mechatronics","isPartOf":{"@id":"https:\/\/rm-mechatronics.com\/tr\/#website"},"datePublished":"2022-04-16T13:21:55+00:00","dateModified":"2022-06-04T18:19:20+00:00","description":"T\u00fcm e\u011flence ekipmanlar\u0131n\u0131n faaliyete girmeden \u00f6nce ve faaliyete girdikten sonra periyodik kontrolleri tam ve eksiksiz olarak yap\u0131lmal\u0131d\u0131r.","breadcrumb":{"@id":"https:\/\/rm-mechatronics.com\/tr\/periyodik-muayene-hizmetleri\/eglence-ve-lunapark-makinalari\/#breadcrumb"},"inLanguage":"tr","potentialAction":[{"@type":"ReadAction","target":["https:\/\/rm-mechatronics.com\/tr\/periyodik-muayene-hizmetleri\/eglence-ve-lunapark-makinalari\/"]}]},{"@type":"BreadcrumbList","@id":"https:\/\/rm-mechatronics.com\/tr\/periyodik-muayene-hizmetleri\/eglence-ve-lunapark-makinalari\/#breadcrumb","itemListElement":[{"@type":"ListItem","position":1,"name":"Anasayfa","item":"https:\/\/rm-mechatronics.com\/tr\/"},{"@type":"ListItem","position":2,"name":"Periyodik Kontrol Hizmetleri","item":"https:\/\/rm-mechatronics.com\/tr\/periyodik-muayene-hizmetleri\/"},{"@type":"ListItem","position":3,"name":"E\u011flence ve Lunapark Makinalar\u0131 Tasar\u0131m Hizmetleri"}]},{"@type":"WebSite","@id":"https:\/\/rm-mechatronics.com\/tr\/#website","url":"https:\/\/rm-mechatronics.com\/tr\/","name":"RM Mechatronics","description":"Kalite Kontrol Denetim ve M\u00fchendislik Hizmetleri","publisher":{"@id":"https:\/\/rm-mechatronics.com\/tr\/#organization"},"potentialAction":[{"@type":"SearchAction","target":{"@type":"EntryPoint","urlTemplate":"https:\/\/rm-mechatronics.com\/tr\/?s={search_term_string}"},"query-input":"required name=search_term_string"}],"inLanguage":"tr"},{"@type":"Organization","@id":"https:\/\/rm-mechatronics.com\/tr\/#organization","name":"RM-Mechatronics","url":"https:\/\/rm-mechatronics.com\/tr\/","sameAs":[],"logo":{"@type":"ImageObject","inLanguage":"tr","@id":"https:\/\/rm-mechatronics.com\/tr\/#\/schema\/logo\/image\/","url":"https:\/\/rm-mechatronics.com\/wp-content\/uploads\/2020\/08\/small_RM_ORIGINAL-1.png","contentUrl":"https:\/\/rm-mechatronics.com\/wp-content\/uploads\/2020\/08\/small_RM_ORIGINAL-1.png","width":302,"height":112,"caption":"RM-Mechatronics"},"image":{"@id":"https:\/\/rm-mechatronics.com\/tr\/#\/schema\/logo\/image\/"}},{"@type":"Person","@id":"https:\/\/rm-mechatronics.com\/tr\/#\/schema\/person\/975374cd7539c0f1081340b800a63482","name":"admin"}]}},"_links":{"self":[{"href":"https:\/\/rm-mechatronics.com\/tr\/wp-json\/wp\/v2\/pages\/3536"}],"collection":[{"href":"https:\/\/rm-mechatronics.com\/tr\/wp-json\/wp\/v2\/pages"}],"about":[{"href":"https:\/\/rm-mechatronics.com\/tr\/wp-json\/wp\/v2\/types\/page"}],"author":[{"embeddable":true,"href":"https:\/\/rm-mechatronics.com\/tr\/wp-json\/wp\/v2\/users\/2"}],"replies":[{"embeddable":true,"href":"https:\/\/rm-mechatronics.com\/tr\/wp-json\/wp\/v2\/comments?post=3536"}],"version-history":[{"count":0,"href":"https:\/\/rm-mechatronics.com\/tr\/wp-json\/wp\/v2\/pages\/3536\/revisions"}],"up":[{"embeddable":true,"href":"https:\/\/rm-mechatronics.com\/tr\/wp-json\/wp\/v2\/pages\/3530"}],"wp:attachment":[{"href":"https:\/\/rm-mechatronics.com\/tr\/wp-json\/wp\/v2\/media?parent=3536"}],"curies":[{"name":"wp","href":"https:\/\/api.w.org\/{rel}","templated":true}]}}