{"id":3530,"date":"2022-04-16T16:14:51","date_gmt":"2022-04-16T13:14:51","guid":{"rendered":"https:\/\/rm-mechatronics.com\/periodic-control-services\/"},"modified":"2022-06-29T08:35:59","modified_gmt":"2022-06-29T05:35:59","slug":"periyodik-muayene-hizmetleri","status":"publish","type":"page","link":"https:\/\/rm-mechatronics.com\/tr\/periyodik-muayene-hizmetleri\/","title":{"rendered":"Periyodik Kontrol Hizmetleri"},"content":{"rendered":"<p><img loading=\"lazy\" decoding=\"async\" class=\"size-medium wp-image-3736 alignleft\" src=\"https:\/\/rm-mechatronics.com\/wp-content\/uploads\/2022\/04\/periodic-cpntrol-service-300x300.jpg\" alt=\"periodic control service\" width=\"300\" height=\"300\" srcset=\"https:\/\/rm-mechatronics.com\/wp-content\/uploads\/2022\/04\/periodic-cpntrol-service-300x300.jpg 300w, https:\/\/rm-mechatronics.com\/wp-content\/uploads\/2022\/04\/periodic-cpntrol-service-150x150.jpg 150w, https:\/\/rm-mechatronics.com\/wp-content\/uploads\/2022\/04\/periodic-cpntrol-service.jpg 500w\" sizes=\"(max-width: 300px) 100vw, 300px\" \/>RM Mechatronics , 28628 say\u0131l\u0131 \u0130\u015f Ekipmanlar\u0131n\u0131n Kullan\u0131m\u0131nda Sa\u011fl\u0131k ve G\u00fcvenlik \u015eartlar\u0131 Y\u00f6netmeli\u011fi\u2019ne uygun periyodik muayene hizmeti vermektedir.<\/p>\n<p>Periyodik kontrolde temel ama\u00e7 \u00e7al\u0131\u015fma alan\u0131nda \u00e7al\u0131\u015fanlar\u0131n sa\u011fl\u0131\u011f\u0131na zarar verebilecek hususlar\u0131n \u00f6nceden belirlenerek gerekli \u00f6nlemlerin al\u0131nmas\u0131, rahat ve g\u00fcvenli bir \u00e7al\u0131\u015fma ortam\u0131n\u0131n sa\u011flanmas\u0131, i\u015f kazalar\u0131 ve meslek hastal\u0131klar\u0131na kar\u015f\u0131 \u00e7al\u0131\u015fanlar\u0131n korunmas\u0131 ve i\u015f emniyetinin olu\u015fturulmas\u0131d\u0131r.<\/p>\n<p>\u00c7al\u0131\u015fma \u015feklinde de\u011fi\u015fiklikler, kazalar, do\u011fal olaylar veya ekipman\u0131n uzun s\u00fcre kullan\u0131lmamas\u0131 gibi i\u015f ekipman\u0131ndaki g\u00fcvenli\u011fin bozulmas\u0131na neden olabilecek durumlardan sonra, ar\u0131zan\u0131n zaman\u0131nda belirlenip giderilmesi, sa\u011fl\u0131k ve g\u00fcvenlik ko\u015fullar\u0131n\u0131n korunmas\u0131 i\u00e7in periyodik kontrolleri yapmaya yetkili ki\u015filerce gerekli kontrollerin yap\u0131lmas\u0131 sa\u011flanmal\u0131d\u0131r.<\/p>\n<p>\u0130\u015f ekipman\u0131n\u0131n g\u00fcvenli\u011finin kurulma ve montaj \u015fartlar\u0131na ba\u011fl\u0131 oldu\u011fu durumlarda, ekipman\u0131n kurulmas\u0131ndan sonra ve ilk defa kullan\u0131lmadan \u00f6nce ve her yer de\u011fi\u015fikli\u011finde ekipman\u0131n, periyodik kontrolleri yapmaya yetkin ki\u015filer taraf\u0131ndan kontrol\u00fc yap\u0131l\u0131r. Do\u011fru kuruldu\u011fu ve g\u00fcvenli \u015fekilde \u00e7al\u0131\u015ft\u0131\u011f\u0131n\u0131 g\u00f6steren belge niteli\u011finde RM Mechatronics taraf\u0131ndan Periyodik Kontrol raporu d\u00fczenlenir. RM Mechatronics\u2019in ni\u015f sekt\u00f6rler i\u00e7in \u00f6zelle\u015fmi\u015f uzman kadrosu periyodik kontrol\u00a0hizmetleri ve teknik muayene\u00a0faaliyetlerini 7 g\u00fcn 24 saat ger\u00e7ekle\u015ftirebilir niteliktedir.<\/p>\n<p>Siz de\u011ferli m\u00fc\u015fterilerimizi periyodik kontroller \u00f6ncesi yap\u0131lmas\u0131 gereken fiziki haz\u0131rl\u0131klar ve dok\u00fcmantasyonlar ile ilgili detayl\u0131 olarak bilgilendiriyoruz.<\/p>\n","protected":false},"excerpt":{"rendered":"<p>RM Mechatronics , 28628 say\u0131l\u0131 \u0130\u015f Ekipmanlar\u0131n\u0131n Kullan\u0131m\u0131nda Sa\u011fl\u0131k ve G\u00fcvenlik \u015eartlar\u0131 Y\u00f6netmeli\u011fi\u2019ne uygun periyodik muayene hizmeti vermektedir. Periyodik kontrolde temel ama\u00e7 \u00e7al\u0131\u015fma alan\u0131nda \u00e7al\u0131\u015fanlar\u0131n sa\u011fl\u0131\u011f\u0131na zarar verebilecek hususlar\u0131n \u00f6nceden belirlenerek gerekli \u00f6nlemlerin al\u0131nmas\u0131, rahat ve g\u00fcvenli bir \u00e7al\u0131\u015fma ortam\u0131n\u0131n sa\u011flanmas\u0131, i\u015f kazalar\u0131 ve meslek hastal\u0131klar\u0131na kar\u015f\u0131 \u00e7al\u0131\u015fanlar\u0131n korunmas\u0131 ve i\u015f emniyetinin olu\u015fturulmas\u0131d\u0131r. \u00c7al\u0131\u015fma \u015feklinde &hellip;<\/p>\n","protected":false},"author":2,"featured_media":3736,"parent":0,"menu_order":0,"comment_status":"closed","ping_status":"closed","template":"","meta":{"footnotes":""},"acf":[],"yoast_head":"<!-- This site is optimized with the Yoast SEO plugin v19.8 - https:\/\/yoast.com\/wordpress\/plugins\/seo\/ -->\n<title>Periyodik Kontrol Hizmetleri - RM Mechatronics<\/title>\n<meta name=\"description\" content=\"RM Mechatronics , 28628 say\u0131l\u0131 \u0130\u015f Ekipmanlar\u0131n\u0131n Kullan\u0131m\u0131nda Sa\u011fl\u0131k ve G\u00fcvenlik \u015eartlar\u0131 Y\u00f6netmeli\u011fi\u2019ne uygun periyodik muayene hizmeti vermektedir.\" \/>\n<meta name=\"robots\" content=\"index, follow, max-snippet:-1, max-image-preview:large, max-video-preview:-1\" \/>\n<link rel=\"canonical\" href=\"https:\/\/rm-mechatronics.com\/tr\/periyodik-muayene-hizmetleri\/\" \/>\n<meta name=\"twitter:label1\" content=\"Tahmini okuma s\u00fcresi\" \/>\n\t<meta name=\"twitter:data1\" content=\"2 dakika\" \/>\n<script type=\"application\/ld+json\" class=\"yoast-schema-graph\">{\"@context\":\"https:\/\/schema.org\",\"@graph\":[{\"@type\":\"Article\",\"@id\":\"https:\/\/rm-mechatronics.com\/tr\/periyodik-muayene-hizmetleri\/#article\",\"isPartOf\":{\"@id\":\"https:\/\/rm-mechatronics.com\/tr\/periyodik-muayene-hizmetleri\/\"},\"author\":{\"name\":\"admin\",\"@id\":\"https:\/\/rm-mechatronics.com\/tr\/#\/schema\/person\/975374cd7539c0f1081340b800a63482\"},\"headline\":\"Periyodik Kontrol Hizmetleri\",\"datePublished\":\"2022-04-16T13:14:51+00:00\",\"dateModified\":\"2022-06-29T05:35:59+00:00\",\"mainEntityOfPage\":{\"@id\":\"https:\/\/rm-mechatronics.com\/tr\/periyodik-muayene-hizmetleri\/\"},\"wordCount\":271,\"publisher\":{\"@id\":\"https:\/\/rm-mechatronics.com\/tr\/#organization\"},\"inLanguage\":\"tr\"},{\"@type\":\"WebPage\",\"@id\":\"https:\/\/rm-mechatronics.com\/tr\/periyodik-muayene-hizmetleri\/\",\"url\":\"https:\/\/rm-mechatronics.com\/tr\/periyodik-muayene-hizmetleri\/\",\"name\":\"Periyodik Kontrol Hizmetleri - RM Mechatronics\",\"isPartOf\":{\"@id\":\"https:\/\/rm-mechatronics.com\/tr\/#website\"},\"datePublished\":\"2022-04-16T13:14:51+00:00\",\"dateModified\":\"2022-06-29T05:35:59+00:00\",\"description\":\"RM Mechatronics , 28628 say\u0131l\u0131 \u0130\u015f Ekipmanlar\u0131n\u0131n Kullan\u0131m\u0131nda Sa\u011fl\u0131k ve G\u00fcvenlik \u015eartlar\u0131 Y\u00f6netmeli\u011fi\u2019ne uygun periyodik muayene hizmeti vermektedir.\",\"breadcrumb\":{\"@id\":\"https:\/\/rm-mechatronics.com\/tr\/periyodik-muayene-hizmetleri\/#breadcrumb\"},\"inLanguage\":\"tr\",\"potentialAction\":[{\"@type\":\"ReadAction\",\"target\":[\"https:\/\/rm-mechatronics.com\/tr\/periyodik-muayene-hizmetleri\/\"]}]},{\"@type\":\"BreadcrumbList\",\"@id\":\"https:\/\/rm-mechatronics.com\/tr\/periyodik-muayene-hizmetleri\/#breadcrumb\",\"itemListElement\":[{\"@type\":\"ListItem\",\"position\":1,\"name\":\"Anasayfa\",\"item\":\"https:\/\/rm-mechatronics.com\/tr\/\"},{\"@type\":\"ListItem\",\"position\":2,\"name\":\"Periyodik Kontrol Hizmetleri\"}]},{\"@type\":\"WebSite\",\"@id\":\"https:\/\/rm-mechatronics.com\/tr\/#website\",\"url\":\"https:\/\/rm-mechatronics.com\/tr\/\",\"name\":\"RM Mechatronics\",\"description\":\"Kalite Kontrol Denetim ve M\u00fchendislik Hizmetleri\",\"publisher\":{\"@id\":\"https:\/\/rm-mechatronics.com\/tr\/#organization\"},\"potentialAction\":[{\"@type\":\"SearchAction\",\"target\":{\"@type\":\"EntryPoint\",\"urlTemplate\":\"https:\/\/rm-mechatronics.com\/tr\/?s={search_term_string}\"},\"query-input\":\"required name=search_term_string\"}],\"inLanguage\":\"tr\"},{\"@type\":\"Organization\",\"@id\":\"https:\/\/rm-mechatronics.com\/tr\/#organization\",\"name\":\"RM-Mechatronics\",\"url\":\"https:\/\/rm-mechatronics.com\/tr\/\",\"sameAs\":[],\"logo\":{\"@type\":\"ImageObject\",\"inLanguage\":\"tr\",\"@id\":\"https:\/\/rm-mechatronics.com\/tr\/#\/schema\/logo\/image\/\",\"url\":\"https:\/\/rm-mechatronics.com\/wp-content\/uploads\/2020\/08\/small_RM_ORIGINAL-1.png\",\"contentUrl\":\"https:\/\/rm-mechatronics.com\/wp-content\/uploads\/2020\/08\/small_RM_ORIGINAL-1.png\",\"width\":302,\"height\":112,\"caption\":\"RM-Mechatronics\"},\"image\":{\"@id\":\"https:\/\/rm-mechatronics.com\/tr\/#\/schema\/logo\/image\/\"}},{\"@type\":\"Person\",\"@id\":\"https:\/\/rm-mechatronics.com\/tr\/#\/schema\/person\/975374cd7539c0f1081340b800a63482\",\"name\":\"admin\"}]}<\/script>\n<!-- \/ Yoast SEO plugin. -->","yoast_head_json":{"title":"Periyodik Kontrol Hizmetleri - RM Mechatronics","description":"RM Mechatronics , 28628 say\u0131l\u0131 \u0130\u015f Ekipmanlar\u0131n\u0131n Kullan\u0131m\u0131nda Sa\u011fl\u0131k ve G\u00fcvenlik \u015eartlar\u0131 Y\u00f6netmeli\u011fi\u2019ne uygun periyodik muayene hizmeti vermektedir.","robots":{"index":"index","follow":"follow","max-snippet":"max-snippet:-1","max-image-preview":"max-image-preview:large","max-video-preview":"max-video-preview:-1"},"canonical":"https:\/\/rm-mechatronics.com\/tr\/periyodik-muayene-hizmetleri\/","twitter_misc":{"Tahmini okuma s\u00fcresi":"2 dakika"},"schema":{"@context":"https:\/\/schema.org","@graph":[{"@type":"Article","@id":"https:\/\/rm-mechatronics.com\/tr\/periyodik-muayene-hizmetleri\/#article","isPartOf":{"@id":"https:\/\/rm-mechatronics.com\/tr\/periyodik-muayene-hizmetleri\/"},"author":{"name":"admin","@id":"https:\/\/rm-mechatronics.com\/tr\/#\/schema\/person\/975374cd7539c0f1081340b800a63482"},"headline":"Periyodik Kontrol Hizmetleri","datePublished":"2022-04-16T13:14:51+00:00","dateModified":"2022-06-29T05:35:59+00:00","mainEntityOfPage":{"@id":"https:\/\/rm-mechatronics.com\/tr\/periyodik-muayene-hizmetleri\/"},"wordCount":271,"publisher":{"@id":"https:\/\/rm-mechatronics.com\/tr\/#organization"},"inLanguage":"tr"},{"@type":"WebPage","@id":"https:\/\/rm-mechatronics.com\/tr\/periyodik-muayene-hizmetleri\/","url":"https:\/\/rm-mechatronics.com\/tr\/periyodik-muayene-hizmetleri\/","name":"Periyodik Kontrol Hizmetleri - RM Mechatronics","isPartOf":{"@id":"https:\/\/rm-mechatronics.com\/tr\/#website"},"datePublished":"2022-04-16T13:14:51+00:00","dateModified":"2022-06-29T05:35:59+00:00","description":"RM Mechatronics , 28628 say\u0131l\u0131 \u0130\u015f Ekipmanlar\u0131n\u0131n Kullan\u0131m\u0131nda Sa\u011fl\u0131k ve G\u00fcvenlik \u015eartlar\u0131 Y\u00f6netmeli\u011fi\u2019ne uygun periyodik muayene hizmeti vermektedir.","breadcrumb":{"@id":"https:\/\/rm-mechatronics.com\/tr\/periyodik-muayene-hizmetleri\/#breadcrumb"},"inLanguage":"tr","potentialAction":[{"@type":"ReadAction","target":["https:\/\/rm-mechatronics.com\/tr\/periyodik-muayene-hizmetleri\/"]}]},{"@type":"BreadcrumbList","@id":"https:\/\/rm-mechatronics.com\/tr\/periyodik-muayene-hizmetleri\/#breadcrumb","itemListElement":[{"@type":"ListItem","position":1,"name":"Anasayfa","item":"https:\/\/rm-mechatronics.com\/tr\/"},{"@type":"ListItem","position":2,"name":"Periyodik Kontrol Hizmetleri"}]},{"@type":"WebSite","@id":"https:\/\/rm-mechatronics.com\/tr\/#website","url":"https:\/\/rm-mechatronics.com\/tr\/","name":"RM Mechatronics","description":"Kalite Kontrol Denetim ve M\u00fchendislik Hizmetleri","publisher":{"@id":"https:\/\/rm-mechatronics.com\/tr\/#organization"},"potentialAction":[{"@type":"SearchAction","target":{"@type":"EntryPoint","urlTemplate":"https:\/\/rm-mechatronics.com\/tr\/?s={search_term_string}"},"query-input":"required name=search_term_string"}],"inLanguage":"tr"},{"@type":"Organization","@id":"https:\/\/rm-mechatronics.com\/tr\/#organization","name":"RM-Mechatronics","url":"https:\/\/rm-mechatronics.com\/tr\/","sameAs":[],"logo":{"@type":"ImageObject","inLanguage":"tr","@id":"https:\/\/rm-mechatronics.com\/tr\/#\/schema\/logo\/image\/","url":"https:\/\/rm-mechatronics.com\/wp-content\/uploads\/2020\/08\/small_RM_ORIGINAL-1.png","contentUrl":"https:\/\/rm-mechatronics.com\/wp-content\/uploads\/2020\/08\/small_RM_ORIGINAL-1.png","width":302,"height":112,"caption":"RM-Mechatronics"},"image":{"@id":"https:\/\/rm-mechatronics.com\/tr\/#\/schema\/logo\/image\/"}},{"@type":"Person","@id":"https:\/\/rm-mechatronics.com\/tr\/#\/schema\/person\/975374cd7539c0f1081340b800a63482","name":"admin"}]}},"_links":{"self":[{"href":"https:\/\/rm-mechatronics.com\/tr\/wp-json\/wp\/v2\/pages\/3530"}],"collection":[{"href":"https:\/\/rm-mechatronics.com\/tr\/wp-json\/wp\/v2\/pages"}],"about":[{"href":"https:\/\/rm-mechatronics.com\/tr\/wp-json\/wp\/v2\/types\/page"}],"author":[{"embeddable":true,"href":"https:\/\/rm-mechatronics.com\/tr\/wp-json\/wp\/v2\/users\/2"}],"replies":[{"embeddable":true,"href":"https:\/\/rm-mechatronics.com\/tr\/wp-json\/wp\/v2\/comments?post=3530"}],"version-history":[{"count":0,"href":"https:\/\/rm-mechatronics.com\/tr\/wp-json\/wp\/v2\/pages\/3530\/revisions"}],"wp:featuredmedia":[{"embeddable":true,"href":"https:\/\/rm-mechatronics.com\/tr\/wp-json\/wp\/v2\/media\/3736"}],"wp:attachment":[{"href":"https:\/\/rm-mechatronics.com\/tr\/wp-json\/wp\/v2\/media?parent=3530"}],"curies":[{"name":"wp","href":"https:\/\/api.w.org\/{rel}","templated":true}]}}