{"id":3525,"date":"2022-04-16T16:12:03","date_gmt":"2022-04-16T13:12:03","guid":{"rendered":"https:\/\/rm-mechatronics.com\/tahribatsiz-muayene-yontemleri\/visual-test-vt\/"},"modified":"2022-04-20T11:50:42","modified_gmt":"2022-04-20T08:50:42","slug":"gorsel-test-vt","status":"publish","type":"page","link":"https:\/\/rm-mechatronics.com\/tr\/tahribatsiz-muayene-yontemleri\/gorsel-test-vt\/","title":{"rendered":"G\u00f6rsel Test (VT)"},"content":{"rendered":"<p>Cisimlerin, par\u00e7alar\u0131n ya da bile\u015fenlerin g\u00f6rsel testi ya da incelemesi en eski ve g\u00fcvenilir tahribats\u0131z test y\u00f6ntemidir. Bir kalite kontrol arac\u0131 olarak bu y\u00f6ntem nerdeyse her \u00fcr\u00fcn i\u00e7in uygulanabilmektedir. En ciddi ve kabul edilemez d\u00fczensizlikler, cisimler ya da \u00f6\u011feler i\u00e7in y\u00fczeyde a\u00e7\u0131k\u00e7a g\u00f6r\u00fclebilen d\u00fczensizliklerdir. Pahal\u0131 test y\u00f6ntemlerine ihtiya\u00e7 duyulmadan g\u00f6rsel tarama, denetim ya da test ile kabul edilemez y\u00fczey d\u00fczensizlikleri ba\u015far\u0131yla tespit edilebilir. RM Mechatronics g\u00f6rsel test yaparak kaynak ba\u011flant\u0131lar\u0131n\u0131n ya da \u00fcretim bile\u015fenlerinin, d\u00f6k\u00fcml\u00fc, d\u00f6v\u00fcl\u00fc, haddeli ve benzer \u00fcr\u00fcnlerin denetimlerini AS 3978, ASME V Ba\u015fl\u0131k 9, ASE IX QW 194, EN 970, ISO 10042, ASTM ve benzer standartlara g\u00f6re yapmaktad\u0131r.<\/p>\n","protected":false},"excerpt":{"rendered":"<p>Cisimlerin, par\u00e7alar\u0131n ya da bile\u015fenlerin g\u00f6rsel testi ya da incelemesi en eski ve g\u00fcvenilir tahribats\u0131z test y\u00f6ntemidir. Bir kalite kontrol arac\u0131 olarak bu y\u00f6ntem nerdeyse her \u00fcr\u00fcn i\u00e7in uygulanabilmektedir. En ciddi ve kabul edilemez d\u00fczensizlikler, cisimler ya da \u00f6\u011feler i\u00e7in y\u00fczeyde a\u00e7\u0131k\u00e7a g\u00f6r\u00fclebilen d\u00fczensizliklerdir. Pahal\u0131 test y\u00f6ntemlerine ihtiya\u00e7 duyulmadan g\u00f6rsel tarama, denetim ya da test &hellip;<\/p>\n","protected":false},"author":2,"featured_media":0,"parent":3500,"menu_order":0,"comment_status":"closed","ping_status":"closed","template":"","meta":{"footnotes":""},"acf":[],"yoast_head":"<!-- This site is optimized with the Yoast SEO plugin v19.8 - https:\/\/yoast.com\/wordpress\/plugins\/seo\/ -->\n<title>G\u00f6rsel Test (VT) - RM Mechatronics<\/title>\n<meta name=\"description\" content=\"Cisimlerin, par\u00e7alar\u0131n ya da bile\u015fenlerin g\u00f6rsel testi ya da incelemesi en eski ve g\u00fcvenilir tahribats\u0131z test y\u00f6ntemidir.\" \/>\n<meta name=\"robots\" content=\"index, follow, max-snippet:-1, max-image-preview:large, max-video-preview:-1\" \/>\n<link rel=\"canonical\" href=\"https:\/\/rm-mechatronics.com\/tr\/tahribatsiz-muayene-yontemleri\/gorsel-test-vt\/\" \/>\n<meta name=\"twitter:label1\" content=\"Tahmini okuma s\u00fcresi\" \/>\n\t<meta name=\"twitter:data1\" content=\"1 dakika\" \/>\n<script type=\"application\/ld+json\" class=\"yoast-schema-graph\">{\"@context\":\"https:\/\/schema.org\",\"@graph\":[{\"@type\":\"Article\",\"@id\":\"https:\/\/rm-mechatronics.com\/tr\/tahribatsiz-muayene-yontemleri\/gorsel-test-vt\/#article\",\"isPartOf\":{\"@id\":\"https:\/\/rm-mechatronics.com\/tr\/tahribatsiz-muayene-yontemleri\/gorsel-test-vt\/\"},\"author\":{\"name\":\"admin\",\"@id\":\"https:\/\/rm-mechatronics.com\/tr\/#\/schema\/person\/975374cd7539c0f1081340b800a63482\"},\"headline\":\"G\u00f6rsel Test (VT)\",\"datePublished\":\"2022-04-16T13:12:03+00:00\",\"dateModified\":\"2022-04-20T08:50:42+00:00\",\"mainEntityOfPage\":{\"@id\":\"https:\/\/rm-mechatronics.com\/tr\/tahribatsiz-muayene-yontemleri\/gorsel-test-vt\/\"},\"wordCount\":139,\"publisher\":{\"@id\":\"https:\/\/rm-mechatronics.com\/tr\/#organization\"},\"inLanguage\":\"tr\"},{\"@type\":\"WebPage\",\"@id\":\"https:\/\/rm-mechatronics.com\/tr\/tahribatsiz-muayene-yontemleri\/gorsel-test-vt\/\",\"url\":\"https:\/\/rm-mechatronics.com\/tr\/tahribatsiz-muayene-yontemleri\/gorsel-test-vt\/\",\"name\":\"G\u00f6rsel Test (VT) - RM Mechatronics\",\"isPartOf\":{\"@id\":\"https:\/\/rm-mechatronics.com\/tr\/#website\"},\"datePublished\":\"2022-04-16T13:12:03+00:00\",\"dateModified\":\"2022-04-20T08:50:42+00:00\",\"description\":\"Cisimlerin, par\u00e7alar\u0131n ya da bile\u015fenlerin g\u00f6rsel testi ya da incelemesi en eski ve g\u00fcvenilir tahribats\u0131z test y\u00f6ntemidir.\",\"breadcrumb\":{\"@id\":\"https:\/\/rm-mechatronics.com\/tr\/tahribatsiz-muayene-yontemleri\/gorsel-test-vt\/#breadcrumb\"},\"inLanguage\":\"tr\",\"potentialAction\":[{\"@type\":\"ReadAction\",\"target\":[\"https:\/\/rm-mechatronics.com\/tr\/tahribatsiz-muayene-yontemleri\/gorsel-test-vt\/\"]}]},{\"@type\":\"BreadcrumbList\",\"@id\":\"https:\/\/rm-mechatronics.com\/tr\/tahribatsiz-muayene-yontemleri\/gorsel-test-vt\/#breadcrumb\",\"itemListElement\":[{\"@type\":\"ListItem\",\"position\":1,\"name\":\"Anasayfa\",\"item\":\"https:\/\/rm-mechatronics.com\/tr\/\"},{\"@type\":\"ListItem\",\"position\":2,\"name\":\"Tahribats\u0131z Muayene Hizmetleri\",\"item\":\"https:\/\/rm-mechatronics.com\/tr\/tahribatsiz-muayene-yontemleri\/\"},{\"@type\":\"ListItem\",\"position\":3,\"name\":\"G\u00f6rsel Test (VT)\"}]},{\"@type\":\"WebSite\",\"@id\":\"https:\/\/rm-mechatronics.com\/tr\/#website\",\"url\":\"https:\/\/rm-mechatronics.com\/tr\/\",\"name\":\"RM Mechatronics\",\"description\":\"Kalite Kontrol Denetim ve M\u00fchendislik Hizmetleri\",\"publisher\":{\"@id\":\"https:\/\/rm-mechatronics.com\/tr\/#organization\"},\"potentialAction\":[{\"@type\":\"SearchAction\",\"target\":{\"@type\":\"EntryPoint\",\"urlTemplate\":\"https:\/\/rm-mechatronics.com\/tr\/?s={search_term_string}\"},\"query-input\":\"required name=search_term_string\"}],\"inLanguage\":\"tr\"},{\"@type\":\"Organization\",\"@id\":\"https:\/\/rm-mechatronics.com\/tr\/#organization\",\"name\":\"RM-Mechatronics\",\"url\":\"https:\/\/rm-mechatronics.com\/tr\/\",\"sameAs\":[],\"logo\":{\"@type\":\"ImageObject\",\"inLanguage\":\"tr\",\"@id\":\"https:\/\/rm-mechatronics.com\/tr\/#\/schema\/logo\/image\/\",\"url\":\"https:\/\/rm-mechatronics.com\/wp-content\/uploads\/2020\/08\/small_RM_ORIGINAL-1.png\",\"contentUrl\":\"https:\/\/rm-mechatronics.com\/wp-content\/uploads\/2020\/08\/small_RM_ORIGINAL-1.png\",\"width\":302,\"height\":112,\"caption\":\"RM-Mechatronics\"},\"image\":{\"@id\":\"https:\/\/rm-mechatronics.com\/tr\/#\/schema\/logo\/image\/\"}},{\"@type\":\"Person\",\"@id\":\"https:\/\/rm-mechatronics.com\/tr\/#\/schema\/person\/975374cd7539c0f1081340b800a63482\",\"name\":\"admin\"}]}<\/script>\n<!-- \/ Yoast SEO plugin. -->","yoast_head_json":{"title":"G\u00f6rsel Test (VT) - RM Mechatronics","description":"Cisimlerin, par\u00e7alar\u0131n ya da bile\u015fenlerin g\u00f6rsel testi ya da incelemesi en eski ve g\u00fcvenilir tahribats\u0131z test y\u00f6ntemidir.","robots":{"index":"index","follow":"follow","max-snippet":"max-snippet:-1","max-image-preview":"max-image-preview:large","max-video-preview":"max-video-preview:-1"},"canonical":"https:\/\/rm-mechatronics.com\/tr\/tahribatsiz-muayene-yontemleri\/gorsel-test-vt\/","twitter_misc":{"Tahmini okuma s\u00fcresi":"1 dakika"},"schema":{"@context":"https:\/\/schema.org","@graph":[{"@type":"Article","@id":"https:\/\/rm-mechatronics.com\/tr\/tahribatsiz-muayene-yontemleri\/gorsel-test-vt\/#article","isPartOf":{"@id":"https:\/\/rm-mechatronics.com\/tr\/tahribatsiz-muayene-yontemleri\/gorsel-test-vt\/"},"author":{"name":"admin","@id":"https:\/\/rm-mechatronics.com\/tr\/#\/schema\/person\/975374cd7539c0f1081340b800a63482"},"headline":"G\u00f6rsel Test (VT)","datePublished":"2022-04-16T13:12:03+00:00","dateModified":"2022-04-20T08:50:42+00:00","mainEntityOfPage":{"@id":"https:\/\/rm-mechatronics.com\/tr\/tahribatsiz-muayene-yontemleri\/gorsel-test-vt\/"},"wordCount":139,"publisher":{"@id":"https:\/\/rm-mechatronics.com\/tr\/#organization"},"inLanguage":"tr"},{"@type":"WebPage","@id":"https:\/\/rm-mechatronics.com\/tr\/tahribatsiz-muayene-yontemleri\/gorsel-test-vt\/","url":"https:\/\/rm-mechatronics.com\/tr\/tahribatsiz-muayene-yontemleri\/gorsel-test-vt\/","name":"G\u00f6rsel Test (VT) - RM Mechatronics","isPartOf":{"@id":"https:\/\/rm-mechatronics.com\/tr\/#website"},"datePublished":"2022-04-16T13:12:03+00:00","dateModified":"2022-04-20T08:50:42+00:00","description":"Cisimlerin, par\u00e7alar\u0131n ya da bile\u015fenlerin g\u00f6rsel testi ya da incelemesi en eski ve g\u00fcvenilir tahribats\u0131z test y\u00f6ntemidir.","breadcrumb":{"@id":"https:\/\/rm-mechatronics.com\/tr\/tahribatsiz-muayene-yontemleri\/gorsel-test-vt\/#breadcrumb"},"inLanguage":"tr","potentialAction":[{"@type":"ReadAction","target":["https:\/\/rm-mechatronics.com\/tr\/tahribatsiz-muayene-yontemleri\/gorsel-test-vt\/"]}]},{"@type":"BreadcrumbList","@id":"https:\/\/rm-mechatronics.com\/tr\/tahribatsiz-muayene-yontemleri\/gorsel-test-vt\/#breadcrumb","itemListElement":[{"@type":"ListItem","position":1,"name":"Anasayfa","item":"https:\/\/rm-mechatronics.com\/tr\/"},{"@type":"ListItem","position":2,"name":"Tahribats\u0131z Muayene Hizmetleri","item":"https:\/\/rm-mechatronics.com\/tr\/tahribatsiz-muayene-yontemleri\/"},{"@type":"ListItem","position":3,"name":"G\u00f6rsel Test (VT)"}]},{"@type":"WebSite","@id":"https:\/\/rm-mechatronics.com\/tr\/#website","url":"https:\/\/rm-mechatronics.com\/tr\/","name":"RM Mechatronics","description":"Kalite Kontrol Denetim ve M\u00fchendislik Hizmetleri","publisher":{"@id":"https:\/\/rm-mechatronics.com\/tr\/#organization"},"potentialAction":[{"@type":"SearchAction","target":{"@type":"EntryPoint","urlTemplate":"https:\/\/rm-mechatronics.com\/tr\/?s={search_term_string}"},"query-input":"required name=search_term_string"}],"inLanguage":"tr"},{"@type":"Organization","@id":"https:\/\/rm-mechatronics.com\/tr\/#organization","name":"RM-Mechatronics","url":"https:\/\/rm-mechatronics.com\/tr\/","sameAs":[],"logo":{"@type":"ImageObject","inLanguage":"tr","@id":"https:\/\/rm-mechatronics.com\/tr\/#\/schema\/logo\/image\/","url":"https:\/\/rm-mechatronics.com\/wp-content\/uploads\/2020\/08\/small_RM_ORIGINAL-1.png","contentUrl":"https:\/\/rm-mechatronics.com\/wp-content\/uploads\/2020\/08\/small_RM_ORIGINAL-1.png","width":302,"height":112,"caption":"RM-Mechatronics"},"image":{"@id":"https:\/\/rm-mechatronics.com\/tr\/#\/schema\/logo\/image\/"}},{"@type":"Person","@id":"https:\/\/rm-mechatronics.com\/tr\/#\/schema\/person\/975374cd7539c0f1081340b800a63482","name":"admin"}]}},"_links":{"self":[{"href":"https:\/\/rm-mechatronics.com\/tr\/wp-json\/wp\/v2\/pages\/3525"}],"collection":[{"href":"https:\/\/rm-mechatronics.com\/tr\/wp-json\/wp\/v2\/pages"}],"about":[{"href":"https:\/\/rm-mechatronics.com\/tr\/wp-json\/wp\/v2\/types\/page"}],"author":[{"embeddable":true,"href":"https:\/\/rm-mechatronics.com\/tr\/wp-json\/wp\/v2\/users\/2"}],"replies":[{"embeddable":true,"href":"https:\/\/rm-mechatronics.com\/tr\/wp-json\/wp\/v2\/comments?post=3525"}],"version-history":[{"count":0,"href":"https:\/\/rm-mechatronics.com\/tr\/wp-json\/wp\/v2\/pages\/3525\/revisions"}],"up":[{"embeddable":true,"href":"https:\/\/rm-mechatronics.com\/tr\/wp-json\/wp\/v2\/pages\/3500"}],"wp:attachment":[{"href":"https:\/\/rm-mechatronics.com\/tr\/wp-json\/wp\/v2\/media?parent=3525"}],"curies":[{"name":"wp","href":"https:\/\/api.w.org\/{rel}","templated":true}]}}