{"id":3520,"date":"2022-04-16T16:10:05","date_gmt":"2022-04-16T13:10:05","guid":{"rendered":"https:\/\/rm-mechatronics.com\/tahribatsiz-muayene-yontemleri\/ultrasonic-test-ut\/"},"modified":"2022-04-20T11:50:17","modified_gmt":"2022-04-20T08:50:17","slug":"ultrasonik-test-ut","status":"publish","type":"page","link":"https:\/\/rm-mechatronics.com\/tr\/tahribatsiz-muayene-yontemleri\/ultrasonik-test-ut\/","title":{"rendered":"ULTRASON\u0130K TEST (UT)"},"content":{"rendered":"<p>Geleneksel Ultrasonik Test y\u00fcksek frekansl\u0131 ses enerjisi denetim ve \u00f6l\u00e7\u00fcm yapmak amac\u0131yla kullanmaktad\u0131r. D\u00fczensizliklerin varl\u0131\u011f\u0131, malzeme ve boya kal\u0131nl\u0131\u011f\u0131 gibi kayda de\u011fer bilgiler ultrasonik test esnas\u0131nda elde edilebilir. D\u00fczensizliklerin tespiti ve yeri, trand\u00fcserden \u00fcretilen ultrasonik dalgalar\u0131n yans\u0131malar\u0131 de\u011ferlendirilerek belirlenebilmektedir. Bu dalgalar malzemeye g\u00f6nderilerek d\u00fcz bir hat halinde, sabit h\u0131zla y\u00fczeye denk gelene kadar ilerler. Bu dalga enerjilerinden baz\u0131lar\u0131 geri yans\u0131t\u0131l\u0131r geri kalanlar iletilir. Geri yans\u0131yana kar\u015f\u0131, iletilen enerji tespit edilir ve buradan yola \u00e7\u0131karak kar\u015f\u0131la\u015f\u0131lan d\u00fczensizlikler bulunur. RM Mechatronics uzman kadrosu ultrasonik testlerde \u00e7\u00f6z\u00fcm orta\u011f\u0131n\u0131z olmaya haz\u0131rd\u0131r.<\/p>\n<h2>ULTRASON\u0130K KALINLIK \u00d6L\u00c7\u00dcM\u00dc (UTM)<\/h2>\n<p>NDT y\u00f6ntemlerinden en yayg\u0131nlar\u0131ndan olan UTM, end\u00fcstriyel alanda kullan\u0131lan \u00e7e\u015fitli mekanik ekipmanlarda erozyon ve \u00e7\u00fcr\u00fckl\u00fck karakterini belirlemek ama\u00e7l\u0131 kal\u0131nl\u0131k \u00f6l\u00e7\u00fcm\u00fcn\u00fc ultrasonik yolla ger\u00e7ekle\u015ftiren bir test metodudur. RM Mechatronics borular, bas\u0131n\u00e7l\u0131 kaplar, kazanlar, tanklar vb. i\u00e7in y\u00fcksek kalitede kal\u0131nl\u0131k \u00f6l\u00e7\u00fcm hizmetlerini tecr\u00fcbeli ve sertifikal\u0131 personeli arac\u0131l\u0131\u011f\u0131yla vermektedir. Kal\u0131nl\u0131k \u00f6l\u00e7\u00fcm\u00fc UTM probunu cismin y\u00fczeyine yerle\u015ftirerek yap\u0131lmaktad\u0131r. B\u00f6lgesel ya da genel olarak kal\u0131nl\u0131ktaki incelmelerin yerleri y\u00fcksek do\u011frulukla belirlenebilir ve \u00f6l\u00e7\u00fclebilir. \u00d6l\u00e7\u00fcm\u00fc ger\u00e7ekle\u015ftiren cihaz ta\u015f\u0131nabilir ve hafiftir, yap\u0131lan \u00f6l\u00e7\u00fcmleri haf\u0131zas\u0131nda kaydedebilir. Farkl\u0131 prob tipleri kullan\u0131larak kal\u0131nl\u0131k \u00f6l\u00e7\u00fcm\u00fcn\u00fc eri\u015filmesi zor y\u00fczeylerde, \u00e7ok ince saclarda, y\u00fcksek s\u0131cakl\u0131klarda, boya \u00fczerinden ya da yo\u011fun korozyonlu b\u00f6lgelerin \u00fczerinden ciddi bir y\u00fczey haz\u0131rl\u0131\u011f\u0131 gerekmeksizin yapmak m\u00fcmk\u00fcnd\u00fcr. RM Mechatronics uzman kadrosu ultrasonik kal\u0131nl\u0131k \u00f6l\u00e7\u00fcm\u00fc testlerinde \u00e7\u00f6z\u00fcm orta\u011f\u0131n\u0131z olmaya haz\u0131rd\u0131r.<\/p>\n<p>&nbsp;<\/p>\n","protected":false},"excerpt":{"rendered":"<p>Geleneksel Ultrasonik Test y\u00fcksek frekansl\u0131 ses enerjisi denetim ve \u00f6l\u00e7\u00fcm yapmak amac\u0131yla kullanmaktad\u0131r. D\u00fczensizliklerin varl\u0131\u011f\u0131, malzeme ve boya kal\u0131nl\u0131\u011f\u0131 gibi kayda de\u011fer bilgiler ultrasonik test esnas\u0131nda elde edilebilir. D\u00fczensizliklerin tespiti ve yeri, trand\u00fcserden \u00fcretilen ultrasonik dalgalar\u0131n yans\u0131malar\u0131 de\u011ferlendirilerek belirlenebilmektedir. Bu dalgalar malzemeye g\u00f6nderilerek d\u00fcz bir hat halinde, sabit h\u0131zla y\u00fczeye denk gelene kadar ilerler. Bu &hellip;<\/p>\n","protected":false},"author":2,"featured_media":0,"parent":3500,"menu_order":0,"comment_status":"closed","ping_status":"closed","template":"","meta":{"footnotes":""},"acf":[],"yoast_head":"<!-- This site is optimized with the Yoast SEO plugin v19.8 - https:\/\/yoast.com\/wordpress\/plugins\/seo\/ -->\n<title>ULTRASON\u0130K TEST (UT) - RM Mechatronics<\/title>\n<meta name=\"description\" content=\"Geleneksel Ultrasonik Test y\u00fcksek frekansl\u0131 ses enerjisi denetim ve \u00f6l\u00e7\u00fcm yapmak amac\u0131yla kullanmaktad\u0131r.\" \/>\n<meta name=\"robots\" content=\"index, follow, max-snippet:-1, max-image-preview:large, max-video-preview:-1\" \/>\n<link rel=\"canonical\" href=\"https:\/\/rm-mechatronics.com\/tr\/tahribatsiz-muayene-yontemleri\/ultrasonik-test-ut\/\" \/>\n<meta name=\"twitter:label1\" content=\"Tahmini okuma s\u00fcresi\" \/>\n\t<meta name=\"twitter:data1\" content=\"2 dakika\" \/>\n<script type=\"application\/ld+json\" class=\"yoast-schema-graph\">{\"@context\":\"https:\/\/schema.org\",\"@graph\":[{\"@type\":\"Article\",\"@id\":\"https:\/\/rm-mechatronics.com\/tr\/tahribatsiz-muayene-yontemleri\/ultrasonik-test-ut\/#article\",\"isPartOf\":{\"@id\":\"https:\/\/rm-mechatronics.com\/tr\/tahribatsiz-muayene-yontemleri\/ultrasonik-test-ut\/\"},\"author\":{\"name\":\"admin\",\"@id\":\"https:\/\/rm-mechatronics.com\/tr\/#\/schema\/person\/975374cd7539c0f1081340b800a63482\"},\"headline\":\"ULTRASON\u0130K TEST (UT)\",\"datePublished\":\"2022-04-16T13:10:05+00:00\",\"dateModified\":\"2022-04-20T08:50:17+00:00\",\"mainEntityOfPage\":{\"@id\":\"https:\/\/rm-mechatronics.com\/tr\/tahribatsiz-muayene-yontemleri\/ultrasonik-test-ut\/\"},\"wordCount\":317,\"publisher\":{\"@id\":\"https:\/\/rm-mechatronics.com\/tr\/#organization\"},\"inLanguage\":\"tr\"},{\"@type\":\"WebPage\",\"@id\":\"https:\/\/rm-mechatronics.com\/tr\/tahribatsiz-muayene-yontemleri\/ultrasonik-test-ut\/\",\"url\":\"https:\/\/rm-mechatronics.com\/tr\/tahribatsiz-muayene-yontemleri\/ultrasonik-test-ut\/\",\"name\":\"ULTRASON\u0130K TEST (UT) - RM Mechatronics\",\"isPartOf\":{\"@id\":\"https:\/\/rm-mechatronics.com\/tr\/#website\"},\"datePublished\":\"2022-04-16T13:10:05+00:00\",\"dateModified\":\"2022-04-20T08:50:17+00:00\",\"description\":\"Geleneksel Ultrasonik Test y\u00fcksek frekansl\u0131 ses enerjisi denetim ve \u00f6l\u00e7\u00fcm yapmak amac\u0131yla kullanmaktad\u0131r.\",\"breadcrumb\":{\"@id\":\"https:\/\/rm-mechatronics.com\/tr\/tahribatsiz-muayene-yontemleri\/ultrasonik-test-ut\/#breadcrumb\"},\"inLanguage\":\"tr\",\"potentialAction\":[{\"@type\":\"ReadAction\",\"target\":[\"https:\/\/rm-mechatronics.com\/tr\/tahribatsiz-muayene-yontemleri\/ultrasonik-test-ut\/\"]}]},{\"@type\":\"BreadcrumbList\",\"@id\":\"https:\/\/rm-mechatronics.com\/tr\/tahribatsiz-muayene-yontemleri\/ultrasonik-test-ut\/#breadcrumb\",\"itemListElement\":[{\"@type\":\"ListItem\",\"position\":1,\"name\":\"Anasayfa\",\"item\":\"https:\/\/rm-mechatronics.com\/tr\/\"},{\"@type\":\"ListItem\",\"position\":2,\"name\":\"Tahribats\u0131z Muayene Hizmetleri\",\"item\":\"https:\/\/rm-mechatronics.com\/tr\/tahribatsiz-muayene-yontemleri\/\"},{\"@type\":\"ListItem\",\"position\":3,\"name\":\"ULTRASON\u0130K TEST (UT)\"}]},{\"@type\":\"WebSite\",\"@id\":\"https:\/\/rm-mechatronics.com\/tr\/#website\",\"url\":\"https:\/\/rm-mechatronics.com\/tr\/\",\"name\":\"RM Mechatronics\",\"description\":\"Kalite Kontrol Denetim ve M\u00fchendislik Hizmetleri\",\"publisher\":{\"@id\":\"https:\/\/rm-mechatronics.com\/tr\/#organization\"},\"potentialAction\":[{\"@type\":\"SearchAction\",\"target\":{\"@type\":\"EntryPoint\",\"urlTemplate\":\"https:\/\/rm-mechatronics.com\/tr\/?s={search_term_string}\"},\"query-input\":\"required name=search_term_string\"}],\"inLanguage\":\"tr\"},{\"@type\":\"Organization\",\"@id\":\"https:\/\/rm-mechatronics.com\/tr\/#organization\",\"name\":\"RM-Mechatronics\",\"url\":\"https:\/\/rm-mechatronics.com\/tr\/\",\"sameAs\":[],\"logo\":{\"@type\":\"ImageObject\",\"inLanguage\":\"tr\",\"@id\":\"https:\/\/rm-mechatronics.com\/tr\/#\/schema\/logo\/image\/\",\"url\":\"https:\/\/rm-mechatronics.com\/wp-content\/uploads\/2020\/08\/small_RM_ORIGINAL-1.png\",\"contentUrl\":\"https:\/\/rm-mechatronics.com\/wp-content\/uploads\/2020\/08\/small_RM_ORIGINAL-1.png\",\"width\":302,\"height\":112,\"caption\":\"RM-Mechatronics\"},\"image\":{\"@id\":\"https:\/\/rm-mechatronics.com\/tr\/#\/schema\/logo\/image\/\"}},{\"@type\":\"Person\",\"@id\":\"https:\/\/rm-mechatronics.com\/tr\/#\/schema\/person\/975374cd7539c0f1081340b800a63482\",\"name\":\"admin\"}]}<\/script>\n<!-- \/ Yoast SEO plugin. -->","yoast_head_json":{"title":"ULTRASON\u0130K TEST (UT) - RM Mechatronics","description":"Geleneksel Ultrasonik Test y\u00fcksek frekansl\u0131 ses enerjisi denetim ve \u00f6l\u00e7\u00fcm yapmak amac\u0131yla kullanmaktad\u0131r.","robots":{"index":"index","follow":"follow","max-snippet":"max-snippet:-1","max-image-preview":"max-image-preview:large","max-video-preview":"max-video-preview:-1"},"canonical":"https:\/\/rm-mechatronics.com\/tr\/tahribatsiz-muayene-yontemleri\/ultrasonik-test-ut\/","twitter_misc":{"Tahmini okuma s\u00fcresi":"2 dakika"},"schema":{"@context":"https:\/\/schema.org","@graph":[{"@type":"Article","@id":"https:\/\/rm-mechatronics.com\/tr\/tahribatsiz-muayene-yontemleri\/ultrasonik-test-ut\/#article","isPartOf":{"@id":"https:\/\/rm-mechatronics.com\/tr\/tahribatsiz-muayene-yontemleri\/ultrasonik-test-ut\/"},"author":{"name":"admin","@id":"https:\/\/rm-mechatronics.com\/tr\/#\/schema\/person\/975374cd7539c0f1081340b800a63482"},"headline":"ULTRASON\u0130K TEST (UT)","datePublished":"2022-04-16T13:10:05+00:00","dateModified":"2022-04-20T08:50:17+00:00","mainEntityOfPage":{"@id":"https:\/\/rm-mechatronics.com\/tr\/tahribatsiz-muayene-yontemleri\/ultrasonik-test-ut\/"},"wordCount":317,"publisher":{"@id":"https:\/\/rm-mechatronics.com\/tr\/#organization"},"inLanguage":"tr"},{"@type":"WebPage","@id":"https:\/\/rm-mechatronics.com\/tr\/tahribatsiz-muayene-yontemleri\/ultrasonik-test-ut\/","url":"https:\/\/rm-mechatronics.com\/tr\/tahribatsiz-muayene-yontemleri\/ultrasonik-test-ut\/","name":"ULTRASON\u0130K TEST (UT) - RM Mechatronics","isPartOf":{"@id":"https:\/\/rm-mechatronics.com\/tr\/#website"},"datePublished":"2022-04-16T13:10:05+00:00","dateModified":"2022-04-20T08:50:17+00:00","description":"Geleneksel Ultrasonik Test y\u00fcksek frekansl\u0131 ses enerjisi denetim ve \u00f6l\u00e7\u00fcm yapmak amac\u0131yla kullanmaktad\u0131r.","breadcrumb":{"@id":"https:\/\/rm-mechatronics.com\/tr\/tahribatsiz-muayene-yontemleri\/ultrasonik-test-ut\/#breadcrumb"},"inLanguage":"tr","potentialAction":[{"@type":"ReadAction","target":["https:\/\/rm-mechatronics.com\/tr\/tahribatsiz-muayene-yontemleri\/ultrasonik-test-ut\/"]}]},{"@type":"BreadcrumbList","@id":"https:\/\/rm-mechatronics.com\/tr\/tahribatsiz-muayene-yontemleri\/ultrasonik-test-ut\/#breadcrumb","itemListElement":[{"@type":"ListItem","position":1,"name":"Anasayfa","item":"https:\/\/rm-mechatronics.com\/tr\/"},{"@type":"ListItem","position":2,"name":"Tahribats\u0131z Muayene Hizmetleri","item":"https:\/\/rm-mechatronics.com\/tr\/tahribatsiz-muayene-yontemleri\/"},{"@type":"ListItem","position":3,"name":"ULTRASON\u0130K TEST (UT)"}]},{"@type":"WebSite","@id":"https:\/\/rm-mechatronics.com\/tr\/#website","url":"https:\/\/rm-mechatronics.com\/tr\/","name":"RM Mechatronics","description":"Kalite Kontrol Denetim ve M\u00fchendislik Hizmetleri","publisher":{"@id":"https:\/\/rm-mechatronics.com\/tr\/#organization"},"potentialAction":[{"@type":"SearchAction","target":{"@type":"EntryPoint","urlTemplate":"https:\/\/rm-mechatronics.com\/tr\/?s={search_term_string}"},"query-input":"required name=search_term_string"}],"inLanguage":"tr"},{"@type":"Organization","@id":"https:\/\/rm-mechatronics.com\/tr\/#organization","name":"RM-Mechatronics","url":"https:\/\/rm-mechatronics.com\/tr\/","sameAs":[],"logo":{"@type":"ImageObject","inLanguage":"tr","@id":"https:\/\/rm-mechatronics.com\/tr\/#\/schema\/logo\/image\/","url":"https:\/\/rm-mechatronics.com\/wp-content\/uploads\/2020\/08\/small_RM_ORIGINAL-1.png","contentUrl":"https:\/\/rm-mechatronics.com\/wp-content\/uploads\/2020\/08\/small_RM_ORIGINAL-1.png","width":302,"height":112,"caption":"RM-Mechatronics"},"image":{"@id":"https:\/\/rm-mechatronics.com\/tr\/#\/schema\/logo\/image\/"}},{"@type":"Person","@id":"https:\/\/rm-mechatronics.com\/tr\/#\/schema\/person\/975374cd7539c0f1081340b800a63482","name":"admin"}]}},"_links":{"self":[{"href":"https:\/\/rm-mechatronics.com\/tr\/wp-json\/wp\/v2\/pages\/3520"}],"collection":[{"href":"https:\/\/rm-mechatronics.com\/tr\/wp-json\/wp\/v2\/pages"}],"about":[{"href":"https:\/\/rm-mechatronics.com\/tr\/wp-json\/wp\/v2\/types\/page"}],"author":[{"embeddable":true,"href":"https:\/\/rm-mechatronics.com\/tr\/wp-json\/wp\/v2\/users\/2"}],"replies":[{"embeddable":true,"href":"https:\/\/rm-mechatronics.com\/tr\/wp-json\/wp\/v2\/comments?post=3520"}],"version-history":[{"count":0,"href":"https:\/\/rm-mechatronics.com\/tr\/wp-json\/wp\/v2\/pages\/3520\/revisions"}],"up":[{"embeddable":true,"href":"https:\/\/rm-mechatronics.com\/tr\/wp-json\/wp\/v2\/pages\/3500"}],"wp:attachment":[{"href":"https:\/\/rm-mechatronics.com\/tr\/wp-json\/wp\/v2\/media?parent=3520"}],"curies":[{"name":"wp","href":"https:\/\/api.w.org\/{rel}","templated":true}]}}