{"id":3514,"date":"2022-04-16T16:07:58","date_gmt":"2022-04-16T13:07:58","guid":{"rendered":"https:\/\/rm-mechatronics.com\/tahribatsiz-muayene-yontemleri\/radiographic-test-rt\/"},"modified":"2022-04-20T11:49:51","modified_gmt":"2022-04-20T08:49:51","slug":"radyografik-test-rt","status":"publish","type":"page","link":"https:\/\/rm-mechatronics.com\/tr\/tahribatsiz-muayene-yontemleri\/radyografik-test-rt\/","title":{"rendered":"RADYOGRAF\u0130K TEST (RT)"},"content":{"rendered":"<p>End\u00fcstriyel radiografi pek \u00e7ok farkl\u0131 alanda kullan\u0131lmaktad\u0131r. Yayg\u0131n olarak iki farkl\u0131 radyasyon enerji kayna\u011f\u0131 tercih edilmektedir. Bunlar, X-Ray ve Gamma ray kaynaklar\u0131d\u0131r. Radyasyon kayna\u011f\u0131n\u0131n se\u00e7imi ve kuvveti bile\u015fenin b\u00fcy\u00fckl\u00fc\u011f\u00fc ve malzeme kal\u0131nl\u0131\u011f\u0131 gibi pek \u00e7ok farkl\u0131 fakt\u00f6re g\u00f6re de\u011fi\u015fkenlik g\u00f6stermektedir.<\/p>\n<p>RM Mechatronics tepeden t\u0131rna\u011fa, saha ya da at\u00f6lye uygulamalar\u0131 i\u00e7in radyografi hizmetleri sa\u011flamaktad\u0131r. Personelimiz kalifiye, sertifikal\u0131, profesyonel radyograficilerden olu\u015fmakta, \u00e7al\u0131\u015fanlar\u0131m\u0131z kat\u0131 g\u00fcvenlik \u00f6nlemleriyle, y\u00fcksek kaliteli radyografiler \u00fcretmektedir. Y\u0131llard\u0131r geli\u015fmi\u015f olan de\u011ferlendirme yeteneklerimiz sayesinde bir anormaliye denk geldi\u011fimizde bunun ger\u00e7ek bir kusur mu yoksa ilgili kurallara g\u00f6re kabul edilebilir bir unsur mu oldu\u011funu ay\u0131rt edebilmekteyiz.<\/p>\n","protected":false},"excerpt":{"rendered":"<p>End\u00fcstriyel radiografi pek \u00e7ok farkl\u0131 alanda kullan\u0131lmaktad\u0131r. Yayg\u0131n olarak iki farkl\u0131 radyasyon enerji kayna\u011f\u0131 tercih edilmektedir. Bunlar, X-Ray ve Gamma ray kaynaklar\u0131d\u0131r. Radyasyon kayna\u011f\u0131n\u0131n se\u00e7imi ve kuvveti bile\u015fenin b\u00fcy\u00fckl\u00fc\u011f\u00fc ve malzeme kal\u0131nl\u0131\u011f\u0131 gibi pek \u00e7ok farkl\u0131 fakt\u00f6re g\u00f6re de\u011fi\u015fkenlik g\u00f6stermektedir. RM Mechatronics tepeden t\u0131rna\u011fa, saha ya da at\u00f6lye uygulamalar\u0131 i\u00e7in radyografi hizmetleri sa\u011flamaktad\u0131r. Personelimiz kalifiye, &hellip;<\/p>\n","protected":false},"author":2,"featured_media":0,"parent":3500,"menu_order":0,"comment_status":"closed","ping_status":"closed","template":"","meta":{"footnotes":""},"acf":[],"yoast_head":"<!-- This site is optimized with the Yoast SEO plugin v19.8 - https:\/\/yoast.com\/wordpress\/plugins\/seo\/ -->\n<title>RADYOGRAF\u0130K TEST (RT) - RM Mechatronics<\/title>\n<meta name=\"description\" content=\"End\u00fcstriyel radiografi pek \u00e7ok farkl\u0131 alanda kullan\u0131lmaktad\u0131r. Yayg\u0131n olarak iki farkl\u0131 radyasyon enerji kayna\u011f\u0131 tercih edilmektedir.\" \/>\n<meta name=\"robots\" content=\"index, follow, max-snippet:-1, max-image-preview:large, max-video-preview:-1\" \/>\n<link rel=\"canonical\" href=\"https:\/\/rm-mechatronics.com\/tr\/tahribatsiz-muayene-yontemleri\/radyografik-test-rt\/\" \/>\n<meta name=\"twitter:label1\" content=\"Tahmini okuma s\u00fcresi\" \/>\n\t<meta name=\"twitter:data1\" content=\"1 dakika\" \/>\n<script type=\"application\/ld+json\" class=\"yoast-schema-graph\">{\"@context\":\"https:\/\/schema.org\",\"@graph\":[{\"@type\":\"Article\",\"@id\":\"https:\/\/rm-mechatronics.com\/tr\/tahribatsiz-muayene-yontemleri\/radyografik-test-rt\/#article\",\"isPartOf\":{\"@id\":\"https:\/\/rm-mechatronics.com\/tr\/tahribatsiz-muayene-yontemleri\/radyografik-test-rt\/\"},\"author\":{\"name\":\"admin\",\"@id\":\"https:\/\/rm-mechatronics.com\/tr\/#\/schema\/person\/975374cd7539c0f1081340b800a63482\"},\"headline\":\"RADYOGRAF\u0130K TEST (RT)\",\"datePublished\":\"2022-04-16T13:07:58+00:00\",\"dateModified\":\"2022-04-20T08:49:51+00:00\",\"mainEntityOfPage\":{\"@id\":\"https:\/\/rm-mechatronics.com\/tr\/tahribatsiz-muayene-yontemleri\/radyografik-test-rt\/\"},\"wordCount\":137,\"publisher\":{\"@id\":\"https:\/\/rm-mechatronics.com\/tr\/#organization\"},\"inLanguage\":\"tr\"},{\"@type\":\"WebPage\",\"@id\":\"https:\/\/rm-mechatronics.com\/tr\/tahribatsiz-muayene-yontemleri\/radyografik-test-rt\/\",\"url\":\"https:\/\/rm-mechatronics.com\/tr\/tahribatsiz-muayene-yontemleri\/radyografik-test-rt\/\",\"name\":\"RADYOGRAF\u0130K TEST (RT) - RM Mechatronics\",\"isPartOf\":{\"@id\":\"https:\/\/rm-mechatronics.com\/tr\/#website\"},\"datePublished\":\"2022-04-16T13:07:58+00:00\",\"dateModified\":\"2022-04-20T08:49:51+00:00\",\"description\":\"End\u00fcstriyel radiografi pek \u00e7ok farkl\u0131 alanda kullan\u0131lmaktad\u0131r. Yayg\u0131n olarak iki farkl\u0131 radyasyon enerji kayna\u011f\u0131 tercih edilmektedir.\",\"breadcrumb\":{\"@id\":\"https:\/\/rm-mechatronics.com\/tr\/tahribatsiz-muayene-yontemleri\/radyografik-test-rt\/#breadcrumb\"},\"inLanguage\":\"tr\",\"potentialAction\":[{\"@type\":\"ReadAction\",\"target\":[\"https:\/\/rm-mechatronics.com\/tr\/tahribatsiz-muayene-yontemleri\/radyografik-test-rt\/\"]}]},{\"@type\":\"BreadcrumbList\",\"@id\":\"https:\/\/rm-mechatronics.com\/tr\/tahribatsiz-muayene-yontemleri\/radyografik-test-rt\/#breadcrumb\",\"itemListElement\":[{\"@type\":\"ListItem\",\"position\":1,\"name\":\"Anasayfa\",\"item\":\"https:\/\/rm-mechatronics.com\/tr\/\"},{\"@type\":\"ListItem\",\"position\":2,\"name\":\"Tahribats\u0131z Muayene Hizmetleri\",\"item\":\"https:\/\/rm-mechatronics.com\/tr\/tahribatsiz-muayene-yontemleri\/\"},{\"@type\":\"ListItem\",\"position\":3,\"name\":\"RADYOGRAF\u0130K TEST (RT)\"}]},{\"@type\":\"WebSite\",\"@id\":\"https:\/\/rm-mechatronics.com\/tr\/#website\",\"url\":\"https:\/\/rm-mechatronics.com\/tr\/\",\"name\":\"RM Mechatronics\",\"description\":\"Kalite Kontrol Denetim ve M\u00fchendislik Hizmetleri\",\"publisher\":{\"@id\":\"https:\/\/rm-mechatronics.com\/tr\/#organization\"},\"potentialAction\":[{\"@type\":\"SearchAction\",\"target\":{\"@type\":\"EntryPoint\",\"urlTemplate\":\"https:\/\/rm-mechatronics.com\/tr\/?s={search_term_string}\"},\"query-input\":\"required name=search_term_string\"}],\"inLanguage\":\"tr\"},{\"@type\":\"Organization\",\"@id\":\"https:\/\/rm-mechatronics.com\/tr\/#organization\",\"name\":\"RM-Mechatronics\",\"url\":\"https:\/\/rm-mechatronics.com\/tr\/\",\"sameAs\":[],\"logo\":{\"@type\":\"ImageObject\",\"inLanguage\":\"tr\",\"@id\":\"https:\/\/rm-mechatronics.com\/tr\/#\/schema\/logo\/image\/\",\"url\":\"https:\/\/rm-mechatronics.com\/wp-content\/uploads\/2020\/08\/small_RM_ORIGINAL-1.png\",\"contentUrl\":\"https:\/\/rm-mechatronics.com\/wp-content\/uploads\/2020\/08\/small_RM_ORIGINAL-1.png\",\"width\":302,\"height\":112,\"caption\":\"RM-Mechatronics\"},\"image\":{\"@id\":\"https:\/\/rm-mechatronics.com\/tr\/#\/schema\/logo\/image\/\"}},{\"@type\":\"Person\",\"@id\":\"https:\/\/rm-mechatronics.com\/tr\/#\/schema\/person\/975374cd7539c0f1081340b800a63482\",\"name\":\"admin\"}]}<\/script>\n<!-- \/ Yoast SEO plugin. -->","yoast_head_json":{"title":"RADYOGRAF\u0130K TEST (RT) - RM Mechatronics","description":"End\u00fcstriyel radiografi pek \u00e7ok farkl\u0131 alanda kullan\u0131lmaktad\u0131r. Yayg\u0131n olarak iki farkl\u0131 radyasyon enerji kayna\u011f\u0131 tercih edilmektedir.","robots":{"index":"index","follow":"follow","max-snippet":"max-snippet:-1","max-image-preview":"max-image-preview:large","max-video-preview":"max-video-preview:-1"},"canonical":"https:\/\/rm-mechatronics.com\/tr\/tahribatsiz-muayene-yontemleri\/radyografik-test-rt\/","twitter_misc":{"Tahmini okuma s\u00fcresi":"1 dakika"},"schema":{"@context":"https:\/\/schema.org","@graph":[{"@type":"Article","@id":"https:\/\/rm-mechatronics.com\/tr\/tahribatsiz-muayene-yontemleri\/radyografik-test-rt\/#article","isPartOf":{"@id":"https:\/\/rm-mechatronics.com\/tr\/tahribatsiz-muayene-yontemleri\/radyografik-test-rt\/"},"author":{"name":"admin","@id":"https:\/\/rm-mechatronics.com\/tr\/#\/schema\/person\/975374cd7539c0f1081340b800a63482"},"headline":"RADYOGRAF\u0130K TEST (RT)","datePublished":"2022-04-16T13:07:58+00:00","dateModified":"2022-04-20T08:49:51+00:00","mainEntityOfPage":{"@id":"https:\/\/rm-mechatronics.com\/tr\/tahribatsiz-muayene-yontemleri\/radyografik-test-rt\/"},"wordCount":137,"publisher":{"@id":"https:\/\/rm-mechatronics.com\/tr\/#organization"},"inLanguage":"tr"},{"@type":"WebPage","@id":"https:\/\/rm-mechatronics.com\/tr\/tahribatsiz-muayene-yontemleri\/radyografik-test-rt\/","url":"https:\/\/rm-mechatronics.com\/tr\/tahribatsiz-muayene-yontemleri\/radyografik-test-rt\/","name":"RADYOGRAF\u0130K TEST (RT) - RM Mechatronics","isPartOf":{"@id":"https:\/\/rm-mechatronics.com\/tr\/#website"},"datePublished":"2022-04-16T13:07:58+00:00","dateModified":"2022-04-20T08:49:51+00:00","description":"End\u00fcstriyel radiografi pek \u00e7ok farkl\u0131 alanda kullan\u0131lmaktad\u0131r. Yayg\u0131n olarak iki farkl\u0131 radyasyon enerji kayna\u011f\u0131 tercih edilmektedir.","breadcrumb":{"@id":"https:\/\/rm-mechatronics.com\/tr\/tahribatsiz-muayene-yontemleri\/radyografik-test-rt\/#breadcrumb"},"inLanguage":"tr","potentialAction":[{"@type":"ReadAction","target":["https:\/\/rm-mechatronics.com\/tr\/tahribatsiz-muayene-yontemleri\/radyografik-test-rt\/"]}]},{"@type":"BreadcrumbList","@id":"https:\/\/rm-mechatronics.com\/tr\/tahribatsiz-muayene-yontemleri\/radyografik-test-rt\/#breadcrumb","itemListElement":[{"@type":"ListItem","position":1,"name":"Anasayfa","item":"https:\/\/rm-mechatronics.com\/tr\/"},{"@type":"ListItem","position":2,"name":"Tahribats\u0131z Muayene Hizmetleri","item":"https:\/\/rm-mechatronics.com\/tr\/tahribatsiz-muayene-yontemleri\/"},{"@type":"ListItem","position":3,"name":"RADYOGRAF\u0130K TEST (RT)"}]},{"@type":"WebSite","@id":"https:\/\/rm-mechatronics.com\/tr\/#website","url":"https:\/\/rm-mechatronics.com\/tr\/","name":"RM Mechatronics","description":"Kalite Kontrol Denetim ve M\u00fchendislik Hizmetleri","publisher":{"@id":"https:\/\/rm-mechatronics.com\/tr\/#organization"},"potentialAction":[{"@type":"SearchAction","target":{"@type":"EntryPoint","urlTemplate":"https:\/\/rm-mechatronics.com\/tr\/?s={search_term_string}"},"query-input":"required name=search_term_string"}],"inLanguage":"tr"},{"@type":"Organization","@id":"https:\/\/rm-mechatronics.com\/tr\/#organization","name":"RM-Mechatronics","url":"https:\/\/rm-mechatronics.com\/tr\/","sameAs":[],"logo":{"@type":"ImageObject","inLanguage":"tr","@id":"https:\/\/rm-mechatronics.com\/tr\/#\/schema\/logo\/image\/","url":"https:\/\/rm-mechatronics.com\/wp-content\/uploads\/2020\/08\/small_RM_ORIGINAL-1.png","contentUrl":"https:\/\/rm-mechatronics.com\/wp-content\/uploads\/2020\/08\/small_RM_ORIGINAL-1.png","width":302,"height":112,"caption":"RM-Mechatronics"},"image":{"@id":"https:\/\/rm-mechatronics.com\/tr\/#\/schema\/logo\/image\/"}},{"@type":"Person","@id":"https:\/\/rm-mechatronics.com\/tr\/#\/schema\/person\/975374cd7539c0f1081340b800a63482","name":"admin"}]}},"_links":{"self":[{"href":"https:\/\/rm-mechatronics.com\/tr\/wp-json\/wp\/v2\/pages\/3514"}],"collection":[{"href":"https:\/\/rm-mechatronics.com\/tr\/wp-json\/wp\/v2\/pages"}],"about":[{"href":"https:\/\/rm-mechatronics.com\/tr\/wp-json\/wp\/v2\/types\/page"}],"author":[{"embeddable":true,"href":"https:\/\/rm-mechatronics.com\/tr\/wp-json\/wp\/v2\/users\/2"}],"replies":[{"embeddable":true,"href":"https:\/\/rm-mechatronics.com\/tr\/wp-json\/wp\/v2\/comments?post=3514"}],"version-history":[{"count":0,"href":"https:\/\/rm-mechatronics.com\/tr\/wp-json\/wp\/v2\/pages\/3514\/revisions"}],"up":[{"embeddable":true,"href":"https:\/\/rm-mechatronics.com\/tr\/wp-json\/wp\/v2\/pages\/3500"}],"wp:attachment":[{"href":"https:\/\/rm-mechatronics.com\/tr\/wp-json\/wp\/v2\/media?parent=3514"}],"curies":[{"name":"wp","href":"https:\/\/api.w.org\/{rel}","templated":true}]}}