{"id":3509,"date":"2022-04-16T16:06:05","date_gmt":"2022-04-16T13:06:05","guid":{"rendered":"https:\/\/rm-mechatronics.com\/tahribatsiz-muayene-yontemleri\/magnetic-particle-test-mt\/"},"modified":"2022-04-20T11:48:59","modified_gmt":"2022-04-20T08:48:59","slug":"manyetik-parcacik-testi-mt","status":"publish","type":"page","link":"https:\/\/rm-mechatronics.com\/tr\/tahribatsiz-muayene-yontemleri\/manyetik-parcacik-testi-mt\/","title":{"rendered":"MANYET\u0130K PAR\u00c7ACIK TEST\u0130 (MT)"},"content":{"rendered":"<p>Ferromanyetik malzemelerde y\u00fczeydeki\/y\u00fczeye yak\u0131n kusurlar\u0131n bulunmas\u0131nda kullan\u0131lan Manyetik Par\u00e7ac\u0131k testi saha ve at\u00f6lye uygulamalar\u0131 i\u00e7in olduk\u00e7a iyi bir test y\u00f6ntemidir. Manyetik par\u00e7ac\u0131k test bir feeromanyetik numune \u00fczerinde m\u0131knat\u0131s ya da \u00f6zel m\u0131knat\u0131slama ekipman\u0131 kullanarak, numuneyi m\u0131knat\u0131slayarak yap\u0131l\u0131r.<\/p>\n<p>E\u011fer numune d\u00fczensizli\u011fe sahipse, manyetik alan\u0131n numune i\u00e7inden ge\u00e7mesi kesilir ve s\u0131z\u0131nt\u0131 alan\u0131 olu\u015fturur. Olduk\u00e7a ince toz haline getirilmi\u015f boyal\u0131 demir par\u00e7ac\u0131klar\u0131 numune \u00fczerine uygulan\u0131r. Bunlar s\u0131z\u0131nt\u0131 alanlar\u0131na \u00e7ekilerek, belirtinin formuna g\u00f6re d\u00fczensizli\u011fin do\u011frudan \u00fczerinde bir da\u011f\u0131l\u0131m g\u00f6sterirler. Uygun \u0131\u015f\u0131kland\u0131rma alt\u0131nda belirtiler g\u00f6rsel olarak tespit edilir. RM Mechatronics uzman kadrosu manyetik par\u00e7ac\u0131k testlerinde \u00e7\u00f6z\u00fcm orta\u011f\u0131n\u0131z olmaya haz\u0131rd\u0131r.<\/p>\n","protected":false},"excerpt":{"rendered":"<p>Ferromanyetik malzemelerde y\u00fczeydeki\/y\u00fczeye yak\u0131n kusurlar\u0131n bulunmas\u0131nda kullan\u0131lan Manyetik Par\u00e7ac\u0131k testi saha ve at\u00f6lye uygulamalar\u0131 i\u00e7in olduk\u00e7a iyi bir test y\u00f6ntemidir. Manyetik par\u00e7ac\u0131k test bir feeromanyetik numune \u00fczerinde m\u0131knat\u0131s ya da \u00f6zel m\u0131knat\u0131slama ekipman\u0131 kullanarak, numuneyi m\u0131knat\u0131slayarak yap\u0131l\u0131r. E\u011fer numune d\u00fczensizli\u011fe sahipse, manyetik alan\u0131n numune i\u00e7inden ge\u00e7mesi kesilir ve s\u0131z\u0131nt\u0131 alan\u0131 olu\u015fturur. Olduk\u00e7a ince toz haline &hellip;<\/p>\n","protected":false},"author":2,"featured_media":0,"parent":3500,"menu_order":0,"comment_status":"closed","ping_status":"closed","template":"","meta":{"footnotes":""},"acf":[],"yoast_head":"<!-- This site is optimized with the Yoast SEO plugin v19.8 - https:\/\/yoast.com\/wordpress\/plugins\/seo\/ -->\n<title>MANYET\u0130K PAR\u00c7ACIK TEST\u0130 (MT) - RM Mechatronics<\/title>\n<meta name=\"description\" content=\"Ferromanyetik malzemelerde y\u00fczeydeki\/y\u00fczeye yak\u0131n kusurlar\u0131n bulunmas\u0131nda kullan\u0131lan Manyetik Par\u00e7ac\u0131k testi saha ve at\u00f6lye uygulamalar\u0131 i\u00e7in olduk\u00e7a iyi bir test y\u00f6ntemidir.\" \/>\n<meta name=\"robots\" content=\"index, follow, max-snippet:-1, max-image-preview:large, max-video-preview:-1\" \/>\n<link rel=\"canonical\" href=\"https:\/\/rm-mechatronics.com\/tr\/tahribatsiz-muayene-yontemleri\/manyetik-parcacik-testi-mt\/\" \/>\n<meta name=\"twitter:label1\" content=\"Tahmini okuma s\u00fcresi\" \/>\n\t<meta name=\"twitter:data1\" content=\"1 dakika\" \/>\n<script type=\"application\/ld+json\" class=\"yoast-schema-graph\">{\"@context\":\"https:\/\/schema.org\",\"@graph\":[{\"@type\":\"Article\",\"@id\":\"https:\/\/rm-mechatronics.com\/tr\/tahribatsiz-muayene-yontemleri\/manyetik-parcacik-testi-mt\/#article\",\"isPartOf\":{\"@id\":\"https:\/\/rm-mechatronics.com\/tr\/tahribatsiz-muayene-yontemleri\/manyetik-parcacik-testi-mt\/\"},\"author\":{\"name\":\"admin\",\"@id\":\"https:\/\/rm-mechatronics.com\/tr\/#\/schema\/person\/975374cd7539c0f1081340b800a63482\"},\"headline\":\"MANYET\u0130K PAR\u00c7ACIK TEST\u0130 (MT)\",\"datePublished\":\"2022-04-16T13:06:05+00:00\",\"dateModified\":\"2022-04-20T08:48:59+00:00\",\"mainEntityOfPage\":{\"@id\":\"https:\/\/rm-mechatronics.com\/tr\/tahribatsiz-muayene-yontemleri\/manyetik-parcacik-testi-mt\/\"},\"wordCount\":156,\"publisher\":{\"@id\":\"https:\/\/rm-mechatronics.com\/tr\/#organization\"},\"inLanguage\":\"tr\"},{\"@type\":\"WebPage\",\"@id\":\"https:\/\/rm-mechatronics.com\/tr\/tahribatsiz-muayene-yontemleri\/manyetik-parcacik-testi-mt\/\",\"url\":\"https:\/\/rm-mechatronics.com\/tr\/tahribatsiz-muayene-yontemleri\/manyetik-parcacik-testi-mt\/\",\"name\":\"MANYET\u0130K PAR\u00c7ACIK TEST\u0130 (MT) - RM Mechatronics\",\"isPartOf\":{\"@id\":\"https:\/\/rm-mechatronics.com\/tr\/#website\"},\"datePublished\":\"2022-04-16T13:06:05+00:00\",\"dateModified\":\"2022-04-20T08:48:59+00:00\",\"description\":\"Ferromanyetik malzemelerde y\u00fczeydeki\/y\u00fczeye yak\u0131n kusurlar\u0131n bulunmas\u0131nda kullan\u0131lan Manyetik Par\u00e7ac\u0131k testi saha ve at\u00f6lye uygulamalar\u0131 i\u00e7in olduk\u00e7a iyi bir test y\u00f6ntemidir.\",\"breadcrumb\":{\"@id\":\"https:\/\/rm-mechatronics.com\/tr\/tahribatsiz-muayene-yontemleri\/manyetik-parcacik-testi-mt\/#breadcrumb\"},\"inLanguage\":\"tr\",\"potentialAction\":[{\"@type\":\"ReadAction\",\"target\":[\"https:\/\/rm-mechatronics.com\/tr\/tahribatsiz-muayene-yontemleri\/manyetik-parcacik-testi-mt\/\"]}]},{\"@type\":\"BreadcrumbList\",\"@id\":\"https:\/\/rm-mechatronics.com\/tr\/tahribatsiz-muayene-yontemleri\/manyetik-parcacik-testi-mt\/#breadcrumb\",\"itemListElement\":[{\"@type\":\"ListItem\",\"position\":1,\"name\":\"Anasayfa\",\"item\":\"https:\/\/rm-mechatronics.com\/tr\/\"},{\"@type\":\"ListItem\",\"position\":2,\"name\":\"Tahribats\u0131z Muayene Hizmetleri\",\"item\":\"https:\/\/rm-mechatronics.com\/tr\/tahribatsiz-muayene-yontemleri\/\"},{\"@type\":\"ListItem\",\"position\":3,\"name\":\"MANYET\u0130K PAR\u00c7ACIK TEST\u0130 (MT)\"}]},{\"@type\":\"WebSite\",\"@id\":\"https:\/\/rm-mechatronics.com\/tr\/#website\",\"url\":\"https:\/\/rm-mechatronics.com\/tr\/\",\"name\":\"RM Mechatronics\",\"description\":\"Kalite Kontrol Denetim ve M\u00fchendislik Hizmetleri\",\"publisher\":{\"@id\":\"https:\/\/rm-mechatronics.com\/tr\/#organization\"},\"potentialAction\":[{\"@type\":\"SearchAction\",\"target\":{\"@type\":\"EntryPoint\",\"urlTemplate\":\"https:\/\/rm-mechatronics.com\/tr\/?s={search_term_string}\"},\"query-input\":\"required name=search_term_string\"}],\"inLanguage\":\"tr\"},{\"@type\":\"Organization\",\"@id\":\"https:\/\/rm-mechatronics.com\/tr\/#organization\",\"name\":\"RM-Mechatronics\",\"url\":\"https:\/\/rm-mechatronics.com\/tr\/\",\"sameAs\":[],\"logo\":{\"@type\":\"ImageObject\",\"inLanguage\":\"tr\",\"@id\":\"https:\/\/rm-mechatronics.com\/tr\/#\/schema\/logo\/image\/\",\"url\":\"https:\/\/rm-mechatronics.com\/wp-content\/uploads\/2020\/08\/small_RM_ORIGINAL-1.png\",\"contentUrl\":\"https:\/\/rm-mechatronics.com\/wp-content\/uploads\/2020\/08\/small_RM_ORIGINAL-1.png\",\"width\":302,\"height\":112,\"caption\":\"RM-Mechatronics\"},\"image\":{\"@id\":\"https:\/\/rm-mechatronics.com\/tr\/#\/schema\/logo\/image\/\"}},{\"@type\":\"Person\",\"@id\":\"https:\/\/rm-mechatronics.com\/tr\/#\/schema\/person\/975374cd7539c0f1081340b800a63482\",\"name\":\"admin\"}]}<\/script>\n<!-- \/ Yoast SEO plugin. -->","yoast_head_json":{"title":"MANYET\u0130K PAR\u00c7ACIK TEST\u0130 (MT) - RM Mechatronics","description":"Ferromanyetik malzemelerde y\u00fczeydeki\/y\u00fczeye yak\u0131n kusurlar\u0131n bulunmas\u0131nda kullan\u0131lan Manyetik Par\u00e7ac\u0131k testi saha ve at\u00f6lye uygulamalar\u0131 i\u00e7in olduk\u00e7a iyi bir test y\u00f6ntemidir.","robots":{"index":"index","follow":"follow","max-snippet":"max-snippet:-1","max-image-preview":"max-image-preview:large","max-video-preview":"max-video-preview:-1"},"canonical":"https:\/\/rm-mechatronics.com\/tr\/tahribatsiz-muayene-yontemleri\/manyetik-parcacik-testi-mt\/","twitter_misc":{"Tahmini okuma s\u00fcresi":"1 dakika"},"schema":{"@context":"https:\/\/schema.org","@graph":[{"@type":"Article","@id":"https:\/\/rm-mechatronics.com\/tr\/tahribatsiz-muayene-yontemleri\/manyetik-parcacik-testi-mt\/#article","isPartOf":{"@id":"https:\/\/rm-mechatronics.com\/tr\/tahribatsiz-muayene-yontemleri\/manyetik-parcacik-testi-mt\/"},"author":{"name":"admin","@id":"https:\/\/rm-mechatronics.com\/tr\/#\/schema\/person\/975374cd7539c0f1081340b800a63482"},"headline":"MANYET\u0130K PAR\u00c7ACIK TEST\u0130 (MT)","datePublished":"2022-04-16T13:06:05+00:00","dateModified":"2022-04-20T08:48:59+00:00","mainEntityOfPage":{"@id":"https:\/\/rm-mechatronics.com\/tr\/tahribatsiz-muayene-yontemleri\/manyetik-parcacik-testi-mt\/"},"wordCount":156,"publisher":{"@id":"https:\/\/rm-mechatronics.com\/tr\/#organization"},"inLanguage":"tr"},{"@type":"WebPage","@id":"https:\/\/rm-mechatronics.com\/tr\/tahribatsiz-muayene-yontemleri\/manyetik-parcacik-testi-mt\/","url":"https:\/\/rm-mechatronics.com\/tr\/tahribatsiz-muayene-yontemleri\/manyetik-parcacik-testi-mt\/","name":"MANYET\u0130K PAR\u00c7ACIK TEST\u0130 (MT) - RM Mechatronics","isPartOf":{"@id":"https:\/\/rm-mechatronics.com\/tr\/#website"},"datePublished":"2022-04-16T13:06:05+00:00","dateModified":"2022-04-20T08:48:59+00:00","description":"Ferromanyetik malzemelerde y\u00fczeydeki\/y\u00fczeye yak\u0131n kusurlar\u0131n bulunmas\u0131nda kullan\u0131lan Manyetik Par\u00e7ac\u0131k testi saha ve at\u00f6lye uygulamalar\u0131 i\u00e7in olduk\u00e7a iyi bir test y\u00f6ntemidir.","breadcrumb":{"@id":"https:\/\/rm-mechatronics.com\/tr\/tahribatsiz-muayene-yontemleri\/manyetik-parcacik-testi-mt\/#breadcrumb"},"inLanguage":"tr","potentialAction":[{"@type":"ReadAction","target":["https:\/\/rm-mechatronics.com\/tr\/tahribatsiz-muayene-yontemleri\/manyetik-parcacik-testi-mt\/"]}]},{"@type":"BreadcrumbList","@id":"https:\/\/rm-mechatronics.com\/tr\/tahribatsiz-muayene-yontemleri\/manyetik-parcacik-testi-mt\/#breadcrumb","itemListElement":[{"@type":"ListItem","position":1,"name":"Anasayfa","item":"https:\/\/rm-mechatronics.com\/tr\/"},{"@type":"ListItem","position":2,"name":"Tahribats\u0131z Muayene Hizmetleri","item":"https:\/\/rm-mechatronics.com\/tr\/tahribatsiz-muayene-yontemleri\/"},{"@type":"ListItem","position":3,"name":"MANYET\u0130K PAR\u00c7ACIK TEST\u0130 (MT)"}]},{"@type":"WebSite","@id":"https:\/\/rm-mechatronics.com\/tr\/#website","url":"https:\/\/rm-mechatronics.com\/tr\/","name":"RM Mechatronics","description":"Kalite Kontrol Denetim ve M\u00fchendislik Hizmetleri","publisher":{"@id":"https:\/\/rm-mechatronics.com\/tr\/#organization"},"potentialAction":[{"@type":"SearchAction","target":{"@type":"EntryPoint","urlTemplate":"https:\/\/rm-mechatronics.com\/tr\/?s={search_term_string}"},"query-input":"required name=search_term_string"}],"inLanguage":"tr"},{"@type":"Organization","@id":"https:\/\/rm-mechatronics.com\/tr\/#organization","name":"RM-Mechatronics","url":"https:\/\/rm-mechatronics.com\/tr\/","sameAs":[],"logo":{"@type":"ImageObject","inLanguage":"tr","@id":"https:\/\/rm-mechatronics.com\/tr\/#\/schema\/logo\/image\/","url":"https:\/\/rm-mechatronics.com\/wp-content\/uploads\/2020\/08\/small_RM_ORIGINAL-1.png","contentUrl":"https:\/\/rm-mechatronics.com\/wp-content\/uploads\/2020\/08\/small_RM_ORIGINAL-1.png","width":302,"height":112,"caption":"RM-Mechatronics"},"image":{"@id":"https:\/\/rm-mechatronics.com\/tr\/#\/schema\/logo\/image\/"}},{"@type":"Person","@id":"https:\/\/rm-mechatronics.com\/tr\/#\/schema\/person\/975374cd7539c0f1081340b800a63482","name":"admin"}]}},"_links":{"self":[{"href":"https:\/\/rm-mechatronics.com\/tr\/wp-json\/wp\/v2\/pages\/3509"}],"collection":[{"href":"https:\/\/rm-mechatronics.com\/tr\/wp-json\/wp\/v2\/pages"}],"about":[{"href":"https:\/\/rm-mechatronics.com\/tr\/wp-json\/wp\/v2\/types\/page"}],"author":[{"embeddable":true,"href":"https:\/\/rm-mechatronics.com\/tr\/wp-json\/wp\/v2\/users\/2"}],"replies":[{"embeddable":true,"href":"https:\/\/rm-mechatronics.com\/tr\/wp-json\/wp\/v2\/comments?post=3509"}],"version-history":[{"count":0,"href":"https:\/\/rm-mechatronics.com\/tr\/wp-json\/wp\/v2\/pages\/3509\/revisions"}],"up":[{"embeddable":true,"href":"https:\/\/rm-mechatronics.com\/tr\/wp-json\/wp\/v2\/pages\/3500"}],"wp:attachment":[{"href":"https:\/\/rm-mechatronics.com\/tr\/wp-json\/wp\/v2\/media?parent=3509"}],"curies":[{"name":"wp","href":"https:\/\/api.w.org\/{rel}","templated":true}]}}