{"id":3500,"date":"2022-04-16T15:59:54","date_gmt":"2022-04-16T12:59:54","guid":{"rendered":"https:\/\/rm-mechatronics.com\/?page_id=3500"},"modified":"2022-06-29T08:53:16","modified_gmt":"2022-06-29T05:53:16","slug":"tahribatsiz-muayene-yontemleri","status":"publish","type":"page","link":"https:\/\/rm-mechatronics.com\/tr\/tahribatsiz-muayene-yontemleri\/","title":{"rendered":"Tahribats\u0131z Muayene Hizmetleri"},"content":{"rendered":"<p><img loading=\"lazy\" decoding=\"async\" class=\"size-medium wp-image-3877 aligncenter\" src=\"https:\/\/rm-mechatronics.com\/wp-content\/uploads\/2022\/06\/ndt-300x225.jpg\" alt=\"\" width=\"300\" height=\"225\" srcset=\"https:\/\/rm-mechatronics.com\/wp-content\/uploads\/2022\/06\/ndt-300x225.jpg 300w, https:\/\/rm-mechatronics.com\/wp-content\/uploads\/2022\/06\/ndt-555x416.jpg 555w, https:\/\/rm-mechatronics.com\/wp-content\/uploads\/2022\/06\/ndt-100x75.jpg 100w, https:\/\/rm-mechatronics.com\/wp-content\/uploads\/2022\/06\/ndt.jpg 640w\" sizes=\"(max-width: 300px) 100vw, 300px\" \/><\/p>\n<p>Tahribats\u0131z muayene, gerek imalat kontrolleri gerekse i\u015fletme a\u015famas\u0131 kontrolleri i\u00e7in \u00f6nemli bir yere sahiptir. Uygun \u00fcr\u00fcnlerin \u00e7\u0131kmas\u0131 veya uygun \u00fcr\u00fcnlerin kullan\u0131ma devam etmesi i\u00e7in belirlenen tahribats\u0131z muayene y\u00f6ntemlerinin uluslararas\u0131 normlara uygun olarak yap\u0131lmas\u0131 gerekmektedir. Bu kontrollerde en \u00f6nemli olan nokta ise kontrol\u00fc yapan ve de\u011ferlendiren personellerdir. \u00c7o\u011fu standartta yetkinlikleri belirtilen personellerin, tecr\u00fcbeli olmalar\u0131, e\u011fitim alm\u0131\u015f olmalar\u0131, belirlenen s\u0131navlardan ba\u015far\u0131 ile ge\u00e7meleri ve vas\u0131fland\u0131r\u0131lmalar\u0131 gerekmektedir. RM Mechatronics olarak tam da bu noktada sizlere kusursuz hizmet vermek i\u00e7in i\u015fbirli\u011fi yapmaktan memnuniyet duyar\u0131z.<\/p>\n<p>Tahribats\u0131z Muayene, Kalite Kontrol i\u015flevinin bir par\u00e7as\u0131d\u0131r ve di\u011fer k\u00f6kl\u00fc y\u00f6ntemlerin tamamlay\u0131c\u0131s\u0131 niteli\u011findedir. Tan\u0131m\u0131 gere\u011fi tahribats\u0131z muayene, malzemelerin y\u00fczey veya i\u00e7 y\u00fczey kusurlar\u0131 veya metal\u00fcrjik durumu i\u00e7in, b\u00fct\u00fcnl\u00fc\u011f\u00fcne hi\u00e7bir \u015fekilde m\u00fcdahale etmeden hizmete uygunlu\u011funun test edilmesidir.<\/p>\n<p>Teknik, bireysel ara\u015ft\u0131rma i\u00e7in \u00f6rneklem temelinde uygulanabilir veya bir \u00fcretim kalite kontrol sistemindeki malzemelerin % 100 kontrol\u00fc i\u00e7in kullan\u0131labilir.<\/p>\n<p>Bir y\u00fcksek teknoloji konsepti olmas\u0131na ra\u011fmen, ekipman\u0131n evrimi bunu herhangi bir end\u00fcstriyel ortamda herhangi bir a\u015famada uygulama i\u00e7in yeterince sa\u011flam \u00fcretimle, \u00e7elik yap\u0131m\u0131ndan hali haz\u0131rda hizmette olan bile\u015fenlerin yerinde denetimine kadar bunu ba\u015fard\u0131.<\/p>\n<p>Teknikleri do\u011fru bir \u015fekilde uygulayarak, \u00fcr\u00fcn\u00fcn \u00fcretim tesisine kadar uzanan maksimum bilgiye sahip olmak i\u00e7in belirli bir yetkinlik gereklidir. Tahribats\u0131z Muayene, yaln\u0131zca standartlar\u0131n alt\u0131ndaki malzemeleri reddetmek i\u00e7in bir y\u00f6ntem de\u011fildir; bu ayr\u0131ca \u015fifahen iyi olan\u0131n iyi oldu\u011funa dair bir g\u00fcvence niteli\u011findedir. Bu teknik \u00e7e\u015fitli prensipler kullan\u0131r, kara kutunun in\u015fa edilebilece\u011fi her ko\u015fulda t\u00fcm gereksinimleri kar\u015f\u0131layabilece\u011fi tek bir y\u00f6ntem yoktur.<\/p>\n<p>Tahribats\u0131z muayene, gerek imalat kontrolleri gerekse i\u015fletme a\u015famas\u0131 kontrolleri i\u00e7in, \u00f6nemli bir yere sahiptir. Uygun \u00fcr\u00fcnlerin \u00e7\u0131kmas\u0131 veya uygun \u00fcr\u00fcnlerin kullan\u0131ma devam etmesi i\u00e7in belirlenen tahribats\u0131z muayene y\u00f6ntemlerinin uluslararas\u0131 normlara uygun olarak yap\u0131lmas\u0131 gerekmektedir. Bu kontrollerde en \u00f6nemli olan nokta ise kontrol\u00fc yapan ve de\u011ferlendiren personellerdir. \u00c7o\u011fu standartta yetkinlikleri belirtilen personellerin, tecr\u00fcbeli olmalar\u0131, e\u011fitim alm\u0131\u015f olmalar\u0131, belirlenen s\u0131navlardan ba\u015far\u0131 ile ge\u00e7meleri ve vas\u0131fland\u0131r\u0131lmalar\u0131 gerekmektedir. Tahribats\u0131z muayene personelinin TS EN ISO 9712\u2019ye g\u00f6re belgelendirilmesi gerekmektedir.<\/p>\n<p><strong><u>NDT<\/u><\/strong><strong><u> Metotlar\u0131 Ne zaman kullan\u0131l\u0131r? <\/u><\/strong><\/p>\n<ul>\n<li>\u00dcr\u00fcn geli\u015ftirilmesine yard\u0131mc\u0131 olmak,<\/li>\n<li>Girdi malzemeleri elemek ve s\u0131n\u0131fland\u0131rmak,<\/li>\n<li>\u0130malat a\u015famalar\u0131n\u0131 izlemek, geli\u015ftirmek ya da kontrol etmek,<\/li>\n<li>Is\u0131l i\u015flem gibi \u00f6zel i\u015flemleri do\u011frulamak,<\/li>\n<li>\u00c7al\u0131\u015fma esnas\u0131nda olu\u015fabilecek hasarlar\u0131 incelemek.<\/li>\n<\/ul>\n<p><strong>End\u00fcstride en s\u0131k kullan\u0131lan tipik uygulamalar\u0131n, i\u015flevlerin ve avantajlar\u0131n listesi a\u015fa\u011f\u0131daki gibidir;<\/strong><\/p>\n<ul>\n<li>VT-G\u00f6zle Muayene<\/li>\n<li>RT-Radyografif Muayene<\/li>\n<li>UT- Ultrasonik Muayene<\/li>\n<li>MT- Manyenetik Partik\u00fcl Muayenesi<\/li>\n<li>UTM- Ultrasonik<\/li>\n<li>HT- Sertlik \u00d6l\u00e7\u00fcm\u00fc<\/li>\n<\/ul>\n","protected":false},"excerpt":{"rendered":"<p>Tahribats\u0131z muayene, gerek imalat kontrolleri gerekse i\u015fletme a\u015famas\u0131 kontrolleri i\u00e7in \u00f6nemli bir yere sahiptir. Uygun \u00fcr\u00fcnlerin \u00e7\u0131kmas\u0131 veya uygun \u00fcr\u00fcnlerin kullan\u0131ma devam etmesi i\u00e7in belirlenen tahribats\u0131z muayene y\u00f6ntemlerinin uluslararas\u0131 normlara uygun olarak yap\u0131lmas\u0131 gerekmektedir. Bu kontrollerde en \u00f6nemli olan nokta ise kontrol\u00fc yapan ve de\u011ferlendiren personellerdir. \u00c7o\u011fu standartta yetkinlikleri belirtilen personellerin, tecr\u00fcbeli olmalar\u0131, e\u011fitim alm\u0131\u015f &hellip;<\/p>\n","protected":false},"author":2,"featured_media":3877,"parent":0,"menu_order":0,"comment_status":"closed","ping_status":"closed","template":"","meta":{"footnotes":""},"acf":[],"yoast_head":"<!-- This site is optimized with the Yoast SEO plugin v19.8 - https:\/\/yoast.com\/wordpress\/plugins\/seo\/ -->\n<title>Tahribats\u0131z Muayene Hizmetleri - VT - PT- RT - MT ve Geli\u015fmi\u015f Y\u00f6ntemler<\/title>\n<meta name=\"description\" content=\"Tahribats\u0131z muayene denetimi MT, UT, VT ve geli\u015fmi\u015f y\u00f6ntemler ile g\u00f6r\u00fcnt\u00fcleme ve raporlama hizmetleri hakk\u0131nda detayl\u0131 bilgi al\u0131n\u0131z.\" \/>\n<meta name=\"robots\" content=\"index, follow, max-snippet:-1, max-image-preview:large, max-video-preview:-1\" \/>\n<link rel=\"canonical\" href=\"https:\/\/rm-mechatronics.com\/tr\/tahribatsiz-muayene-yontemleri\/\" \/>\n<meta name=\"twitter:label1\" content=\"Tahmini okuma s\u00fcresi\" \/>\n\t<meta name=\"twitter:data1\" content=\"3 dakika\" \/>\n<script type=\"application\/ld+json\" class=\"yoast-schema-graph\">{\"@context\":\"https:\/\/schema.org\",\"@graph\":[{\"@type\":\"Article\",\"@id\":\"https:\/\/rm-mechatronics.com\/tr\/tahribatsiz-muayene-yontemleri\/#article\",\"isPartOf\":{\"@id\":\"https:\/\/rm-mechatronics.com\/tr\/tahribatsiz-muayene-yontemleri\/\"},\"author\":{\"name\":\"admin\",\"@id\":\"https:\/\/rm-mechatronics.com\/tr\/#\/schema\/person\/975374cd7539c0f1081340b800a63482\"},\"headline\":\"Tahribats\u0131z Muayene Hizmetleri\",\"datePublished\":\"2022-04-16T12:59:54+00:00\",\"dateModified\":\"2022-06-29T05:53:16+00:00\",\"mainEntityOfPage\":{\"@id\":\"https:\/\/rm-mechatronics.com\/tr\/tahribatsiz-muayene-yontemleri\/\"},\"wordCount\":508,\"publisher\":{\"@id\":\"https:\/\/rm-mechatronics.com\/tr\/#organization\"},\"inLanguage\":\"tr\"},{\"@type\":\"WebPage\",\"@id\":\"https:\/\/rm-mechatronics.com\/tr\/tahribatsiz-muayene-yontemleri\/\",\"url\":\"https:\/\/rm-mechatronics.com\/tr\/tahribatsiz-muayene-yontemleri\/\",\"name\":\"Tahribats\u0131z Muayene Hizmetleri - VT - PT- RT - MT ve Geli\u015fmi\u015f Y\u00f6ntemler\",\"isPartOf\":{\"@id\":\"https:\/\/rm-mechatronics.com\/tr\/#website\"},\"datePublished\":\"2022-04-16T12:59:54+00:00\",\"dateModified\":\"2022-06-29T05:53:16+00:00\",\"description\":\"Tahribats\u0131z muayene denetimi MT, UT, VT ve geli\u015fmi\u015f y\u00f6ntemler ile g\u00f6r\u00fcnt\u00fcleme ve raporlama hizmetleri hakk\u0131nda detayl\u0131 bilgi al\u0131n\u0131z.\",\"breadcrumb\":{\"@id\":\"https:\/\/rm-mechatronics.com\/tr\/tahribatsiz-muayene-yontemleri\/#breadcrumb\"},\"inLanguage\":\"tr\",\"potentialAction\":[{\"@type\":\"ReadAction\",\"target\":[\"https:\/\/rm-mechatronics.com\/tr\/tahribatsiz-muayene-yontemleri\/\"]}]},{\"@type\":\"BreadcrumbList\",\"@id\":\"https:\/\/rm-mechatronics.com\/tr\/tahribatsiz-muayene-yontemleri\/#breadcrumb\",\"itemListElement\":[{\"@type\":\"ListItem\",\"position\":1,\"name\":\"Anasayfa\",\"item\":\"https:\/\/rm-mechatronics.com\/tr\/\"},{\"@type\":\"ListItem\",\"position\":2,\"name\":\"Tahribats\u0131z Muayene Hizmetleri\"}]},{\"@type\":\"WebSite\",\"@id\":\"https:\/\/rm-mechatronics.com\/tr\/#website\",\"url\":\"https:\/\/rm-mechatronics.com\/tr\/\",\"name\":\"RM Mechatronics\",\"description\":\"Kalite Kontrol Denetim ve M\u00fchendislik Hizmetleri\",\"publisher\":{\"@id\":\"https:\/\/rm-mechatronics.com\/tr\/#organization\"},\"potentialAction\":[{\"@type\":\"SearchAction\",\"target\":{\"@type\":\"EntryPoint\",\"urlTemplate\":\"https:\/\/rm-mechatronics.com\/tr\/?s={search_term_string}\"},\"query-input\":\"required name=search_term_string\"}],\"inLanguage\":\"tr\"},{\"@type\":\"Organization\",\"@id\":\"https:\/\/rm-mechatronics.com\/tr\/#organization\",\"name\":\"RM-Mechatronics\",\"url\":\"https:\/\/rm-mechatronics.com\/tr\/\",\"sameAs\":[],\"logo\":{\"@type\":\"ImageObject\",\"inLanguage\":\"tr\",\"@id\":\"https:\/\/rm-mechatronics.com\/tr\/#\/schema\/logo\/image\/\",\"url\":\"https:\/\/rm-mechatronics.com\/wp-content\/uploads\/2020\/08\/small_RM_ORIGINAL-1.png\",\"contentUrl\":\"https:\/\/rm-mechatronics.com\/wp-content\/uploads\/2020\/08\/small_RM_ORIGINAL-1.png\",\"width\":302,\"height\":112,\"caption\":\"RM-Mechatronics\"},\"image\":{\"@id\":\"https:\/\/rm-mechatronics.com\/tr\/#\/schema\/logo\/image\/\"}},{\"@type\":\"Person\",\"@id\":\"https:\/\/rm-mechatronics.com\/tr\/#\/schema\/person\/975374cd7539c0f1081340b800a63482\",\"name\":\"admin\"}]}<\/script>\n<!-- \/ Yoast SEO plugin. -->","yoast_head_json":{"title":"Tahribats\u0131z Muayene Hizmetleri - VT - PT- RT - MT ve Geli\u015fmi\u015f Y\u00f6ntemler","description":"Tahribats\u0131z muayene denetimi MT, UT, VT ve geli\u015fmi\u015f y\u00f6ntemler ile g\u00f6r\u00fcnt\u00fcleme ve raporlama hizmetleri hakk\u0131nda detayl\u0131 bilgi al\u0131n\u0131z.","robots":{"index":"index","follow":"follow","max-snippet":"max-snippet:-1","max-image-preview":"max-image-preview:large","max-video-preview":"max-video-preview:-1"},"canonical":"https:\/\/rm-mechatronics.com\/tr\/tahribatsiz-muayene-yontemleri\/","twitter_misc":{"Tahmini okuma s\u00fcresi":"3 dakika"},"schema":{"@context":"https:\/\/schema.org","@graph":[{"@type":"Article","@id":"https:\/\/rm-mechatronics.com\/tr\/tahribatsiz-muayene-yontemleri\/#article","isPartOf":{"@id":"https:\/\/rm-mechatronics.com\/tr\/tahribatsiz-muayene-yontemleri\/"},"author":{"name":"admin","@id":"https:\/\/rm-mechatronics.com\/tr\/#\/schema\/person\/975374cd7539c0f1081340b800a63482"},"headline":"Tahribats\u0131z Muayene Hizmetleri","datePublished":"2022-04-16T12:59:54+00:00","dateModified":"2022-06-29T05:53:16+00:00","mainEntityOfPage":{"@id":"https:\/\/rm-mechatronics.com\/tr\/tahribatsiz-muayene-yontemleri\/"},"wordCount":508,"publisher":{"@id":"https:\/\/rm-mechatronics.com\/tr\/#organization"},"inLanguage":"tr"},{"@type":"WebPage","@id":"https:\/\/rm-mechatronics.com\/tr\/tahribatsiz-muayene-yontemleri\/","url":"https:\/\/rm-mechatronics.com\/tr\/tahribatsiz-muayene-yontemleri\/","name":"Tahribats\u0131z Muayene Hizmetleri - VT - PT- RT - MT ve Geli\u015fmi\u015f Y\u00f6ntemler","isPartOf":{"@id":"https:\/\/rm-mechatronics.com\/tr\/#website"},"datePublished":"2022-04-16T12:59:54+00:00","dateModified":"2022-06-29T05:53:16+00:00","description":"Tahribats\u0131z muayene denetimi MT, UT, VT ve geli\u015fmi\u015f y\u00f6ntemler ile g\u00f6r\u00fcnt\u00fcleme ve raporlama hizmetleri hakk\u0131nda detayl\u0131 bilgi al\u0131n\u0131z.","breadcrumb":{"@id":"https:\/\/rm-mechatronics.com\/tr\/tahribatsiz-muayene-yontemleri\/#breadcrumb"},"inLanguage":"tr","potentialAction":[{"@type":"ReadAction","target":["https:\/\/rm-mechatronics.com\/tr\/tahribatsiz-muayene-yontemleri\/"]}]},{"@type":"BreadcrumbList","@id":"https:\/\/rm-mechatronics.com\/tr\/tahribatsiz-muayene-yontemleri\/#breadcrumb","itemListElement":[{"@type":"ListItem","position":1,"name":"Anasayfa","item":"https:\/\/rm-mechatronics.com\/tr\/"},{"@type":"ListItem","position":2,"name":"Tahribats\u0131z Muayene Hizmetleri"}]},{"@type":"WebSite","@id":"https:\/\/rm-mechatronics.com\/tr\/#website","url":"https:\/\/rm-mechatronics.com\/tr\/","name":"RM Mechatronics","description":"Kalite Kontrol Denetim ve M\u00fchendislik Hizmetleri","publisher":{"@id":"https:\/\/rm-mechatronics.com\/tr\/#organization"},"potentialAction":[{"@type":"SearchAction","target":{"@type":"EntryPoint","urlTemplate":"https:\/\/rm-mechatronics.com\/tr\/?s={search_term_string}"},"query-input":"required name=search_term_string"}],"inLanguage":"tr"},{"@type":"Organization","@id":"https:\/\/rm-mechatronics.com\/tr\/#organization","name":"RM-Mechatronics","url":"https:\/\/rm-mechatronics.com\/tr\/","sameAs":[],"logo":{"@type":"ImageObject","inLanguage":"tr","@id":"https:\/\/rm-mechatronics.com\/tr\/#\/schema\/logo\/image\/","url":"https:\/\/rm-mechatronics.com\/wp-content\/uploads\/2020\/08\/small_RM_ORIGINAL-1.png","contentUrl":"https:\/\/rm-mechatronics.com\/wp-content\/uploads\/2020\/08\/small_RM_ORIGINAL-1.png","width":302,"height":112,"caption":"RM-Mechatronics"},"image":{"@id":"https:\/\/rm-mechatronics.com\/tr\/#\/schema\/logo\/image\/"}},{"@type":"Person","@id":"https:\/\/rm-mechatronics.com\/tr\/#\/schema\/person\/975374cd7539c0f1081340b800a63482","name":"admin"}]}},"_links":{"self":[{"href":"https:\/\/rm-mechatronics.com\/tr\/wp-json\/wp\/v2\/pages\/3500"}],"collection":[{"href":"https:\/\/rm-mechatronics.com\/tr\/wp-json\/wp\/v2\/pages"}],"about":[{"href":"https:\/\/rm-mechatronics.com\/tr\/wp-json\/wp\/v2\/types\/page"}],"author":[{"embeddable":true,"href":"https:\/\/rm-mechatronics.com\/tr\/wp-json\/wp\/v2\/users\/2"}],"replies":[{"embeddable":true,"href":"https:\/\/rm-mechatronics.com\/tr\/wp-json\/wp\/v2\/comments?post=3500"}],"version-history":[{"count":0,"href":"https:\/\/rm-mechatronics.com\/tr\/wp-json\/wp\/v2\/pages\/3500\/revisions"}],"wp:featuredmedia":[{"embeddable":true,"href":"https:\/\/rm-mechatronics.com\/tr\/wp-json\/wp\/v2\/media\/3877"}],"wp:attachment":[{"href":"https:\/\/rm-mechatronics.com\/tr\/wp-json\/wp\/v2\/media?parent=3500"}],"curies":[{"name":"wp","href":"https:\/\/api.w.org\/{rel}","templated":true}]}}