{"id":3498,"date":"2022-04-16T15:53:22","date_gmt":"2022-04-16T12:53:22","guid":{"rendered":"https:\/\/rm-mechatronics.com\/welded-quality-control\/"},"modified":"2022-05-30T13:09:09","modified_gmt":"2022-05-30T10:09:09","slug":"kaynakli-imalat-kalite-kontrol","status":"publish","type":"page","link":"https:\/\/rm-mechatronics.com\/tr\/hizmetlerimiz\/endustriyel-kontrol-hizmetleri\/kaynakli-imalat-kalite-kontrol\/","title":{"rendered":"Kaynakl\u0131 \u0130malat Kalite Kontrol"},"content":{"rendered":"<p>\u00d6zel bir proses olarak tan\u0131mlanan kayna\u011f\u0131n en \u00f6nemli zay\u0131fl\u0131\u011f\u0131, i\u00e7inde tespiti zor olan hatalar bulundurabilmesidir. Bu hatalar\u0131n sadece bir k\u0131sm\u0131 tahribats\u0131z muayene metodlar\u0131 ile tespit edilebilirken, kaynakl\u0131 ba\u011flant\u0131lar\u0131n beklenen dayan\u0131m ve kalite \u015fartlar\u0131n\u0131 sa\u011flay\u0131p sa\u011flamad\u0131klar\u0131 tam olarak belirlenememektedir. Kaynakta kalitenin imalat s\u0131ras\u0131nda yarat\u0131lmas\u0131 ve t\u00fcm prosesin etkin bir kalite sistemi taraf\u0131ndan kontrol edilmesi gereklidir. Bu nedenle ISO 9001\u2019in tek ba\u015f\u0131na yetersiz kald\u0131\u011f\u0131 kaynak prosesinin y\u00f6netimi konusunda imalat\u00e7\u0131lar i\u00e7in uluslararas\u0131 sertifikasyon sistemleri ve standartlar\u0131 olu\u015fturulmu\u015ftur.<\/p>\n<p>Kaynak prosesinin etkin kontrol\u00fcn\u00fcn sa\u011flanmas\u0131 konusunda EN ISO 3834; her t\u00fcrl\u00fc imalata uygulanabilmesi, farkl\u0131 kalite seviyelerinde tan\u0131mlanm\u0131\u015f b\u00f6l\u00fcmlerden olu\u015fmas\u0131, \u00fclkemizin de kabul edip uygulad\u0131\u011f\u0131 Avrupa Birli\u011fi direktif ve standartlar\u0131n\u0131n gerekliliklerini kar\u015f\u0131lamas\u0131 nedeniyle sertifikasyon sistemleri aras\u0131nda \u00f6n plana \u00e7\u0131kmaktad\u0131r. RM Mechatronics uzman kadrosu kaynakl\u0131 imalat kalite kontrollerinde \u00e7\u00f6z\u00fcm orta\u011f\u0131n\u0131z olmaya haz\u0131rd\u0131r.<\/p>\n<p>&nbsp;<\/p>\n<p>&nbsp;<\/p>\n","protected":false},"excerpt":{"rendered":"<p>\u00d6zel bir proses olarak tan\u0131mlanan kayna\u011f\u0131n en \u00f6nemli zay\u0131fl\u0131\u011f\u0131, i\u00e7inde tespiti zor olan hatalar bulundurabilmesidir. Bu hatalar\u0131n sadece bir k\u0131sm\u0131 tahribats\u0131z muayene metodlar\u0131 ile tespit edilebilirken, kaynakl\u0131 ba\u011flant\u0131lar\u0131n beklenen dayan\u0131m ve kalite \u015fartlar\u0131n\u0131 sa\u011flay\u0131p sa\u011flamad\u0131klar\u0131 tam olarak belirlenememektedir. Kaynakta kalitenin imalat s\u0131ras\u0131nda yarat\u0131lmas\u0131 ve t\u00fcm prosesin etkin bir kalite sistemi taraf\u0131ndan kontrol edilmesi gereklidir. Bu &hellip;<\/p>\n","protected":false},"author":2,"featured_media":0,"parent":69,"menu_order":0,"comment_status":"closed","ping_status":"closed","template":"","meta":{"footnotes":""},"acf":[],"yoast_head":"<!-- This site is optimized with the Yoast SEO plugin v19.8 - https:\/\/yoast.com\/wordpress\/plugins\/seo\/ -->\n<title>Kaynakl\u0131 \u0130malat Kalite Kontrol - RM Mechatronics<\/title>\n<meta name=\"description\" content=\"\u00d6zel bir proses olarak tan\u0131mlanan kayna\u011f\u0131n en \u00f6nemli zay\u0131fl\u0131\u011f\u0131, i\u00e7inde tespiti zor olan hatalar bulundurabilmesidir.\" \/>\n<meta name=\"robots\" content=\"index, follow, max-snippet:-1, max-image-preview:large, max-video-preview:-1\" \/>\n<link rel=\"canonical\" href=\"https:\/\/rm-mechatronics.com\/tr\/hizmetlerimiz\/endustriyel-kontrol-hizmetleri\/kaynakli-imalat-kalite-kontrol\/\" \/>\n<meta name=\"twitter:label1\" content=\"Tahmini okuma s\u00fcresi\" \/>\n\t<meta name=\"twitter:data1\" content=\"1 dakika\" \/>\n<script type=\"application\/ld+json\" class=\"yoast-schema-graph\">{\"@context\":\"https:\/\/schema.org\",\"@graph\":[{\"@type\":\"Article\",\"@id\":\"https:\/\/rm-mechatronics.com\/tr\/hizmetlerimiz\/endustriyel-kontrol-hizmetleri\/kaynakli-imalat-kalite-kontrol\/#article\",\"isPartOf\":{\"@id\":\"https:\/\/rm-mechatronics.com\/tr\/hizmetlerimiz\/endustriyel-kontrol-hizmetleri\/kaynakli-imalat-kalite-kontrol\/\"},\"author\":{\"name\":\"admin\",\"@id\":\"https:\/\/rm-mechatronics.com\/tr\/#\/schema\/person\/975374cd7539c0f1081340b800a63482\"},\"headline\":\"Kaynakl\u0131 \u0130malat Kalite Kontrol\",\"datePublished\":\"2022-04-16T12:53:22+00:00\",\"dateModified\":\"2022-05-30T10:09:09+00:00\",\"mainEntityOfPage\":{\"@id\":\"https:\/\/rm-mechatronics.com\/tr\/hizmetlerimiz\/endustriyel-kontrol-hizmetleri\/kaynakli-imalat-kalite-kontrol\/\"},\"wordCount\":175,\"publisher\":{\"@id\":\"https:\/\/rm-mechatronics.com\/tr\/#organization\"},\"inLanguage\":\"tr\"},{\"@type\":\"WebPage\",\"@id\":\"https:\/\/rm-mechatronics.com\/tr\/hizmetlerimiz\/endustriyel-kontrol-hizmetleri\/kaynakli-imalat-kalite-kontrol\/\",\"url\":\"https:\/\/rm-mechatronics.com\/tr\/hizmetlerimiz\/endustriyel-kontrol-hizmetleri\/kaynakli-imalat-kalite-kontrol\/\",\"name\":\"Kaynakl\u0131 \u0130malat Kalite Kontrol - RM Mechatronics\",\"isPartOf\":{\"@id\":\"https:\/\/rm-mechatronics.com\/tr\/#website\"},\"datePublished\":\"2022-04-16T12:53:22+00:00\",\"dateModified\":\"2022-05-30T10:09:09+00:00\",\"description\":\"\u00d6zel bir proses olarak tan\u0131mlanan kayna\u011f\u0131n en \u00f6nemli zay\u0131fl\u0131\u011f\u0131, i\u00e7inde tespiti zor olan hatalar bulundurabilmesidir.\",\"breadcrumb\":{\"@id\":\"https:\/\/rm-mechatronics.com\/tr\/hizmetlerimiz\/endustriyel-kontrol-hizmetleri\/kaynakli-imalat-kalite-kontrol\/#breadcrumb\"},\"inLanguage\":\"tr\",\"potentialAction\":[{\"@type\":\"ReadAction\",\"target\":[\"https:\/\/rm-mechatronics.com\/tr\/hizmetlerimiz\/endustriyel-kontrol-hizmetleri\/kaynakli-imalat-kalite-kontrol\/\"]}]},{\"@type\":\"BreadcrumbList\",\"@id\":\"https:\/\/rm-mechatronics.com\/tr\/hizmetlerimiz\/endustriyel-kontrol-hizmetleri\/kaynakli-imalat-kalite-kontrol\/#breadcrumb\",\"itemListElement\":[{\"@type\":\"ListItem\",\"position\":1,\"name\":\"Anasayfa\",\"item\":\"https:\/\/rm-mechatronics.com\/tr\/\"},{\"@type\":\"ListItem\",\"position\":2,\"name\":\"Hizmetlerimiz\",\"item\":\"https:\/\/rm-mechatronics.com\/tr\/hizmetlerimiz\/\"},{\"@type\":\"ListItem\",\"position\":3,\"name\":\"End\u00fcstriyel Kontrol Hizmetleri\",\"item\":\"https:\/\/rm-mechatronics.com\/tr\/hizmetlerimiz\/endustriyel-kontrol-hizmetleri\/\"},{\"@type\":\"ListItem\",\"position\":4,\"name\":\"Kaynakl\u0131 \u0130malat Kalite Kontrol\"}]},{\"@type\":\"WebSite\",\"@id\":\"https:\/\/rm-mechatronics.com\/tr\/#website\",\"url\":\"https:\/\/rm-mechatronics.com\/tr\/\",\"name\":\"RM Mechatronics\",\"description\":\"Kalite Kontrol Denetim ve M\u00fchendislik Hizmetleri\",\"publisher\":{\"@id\":\"https:\/\/rm-mechatronics.com\/tr\/#organization\"},\"potentialAction\":[{\"@type\":\"SearchAction\",\"target\":{\"@type\":\"EntryPoint\",\"urlTemplate\":\"https:\/\/rm-mechatronics.com\/tr\/?s={search_term_string}\"},\"query-input\":\"required name=search_term_string\"}],\"inLanguage\":\"tr\"},{\"@type\":\"Organization\",\"@id\":\"https:\/\/rm-mechatronics.com\/tr\/#organization\",\"name\":\"RM-Mechatronics\",\"url\":\"https:\/\/rm-mechatronics.com\/tr\/\",\"sameAs\":[],\"logo\":{\"@type\":\"ImageObject\",\"inLanguage\":\"tr\",\"@id\":\"https:\/\/rm-mechatronics.com\/tr\/#\/schema\/logo\/image\/\",\"url\":\"https:\/\/rm-mechatronics.com\/wp-content\/uploads\/2020\/08\/small_RM_ORIGINAL-1.png\",\"contentUrl\":\"https:\/\/rm-mechatronics.com\/wp-content\/uploads\/2020\/08\/small_RM_ORIGINAL-1.png\",\"width\":302,\"height\":112,\"caption\":\"RM-Mechatronics\"},\"image\":{\"@id\":\"https:\/\/rm-mechatronics.com\/tr\/#\/schema\/logo\/image\/\"}},{\"@type\":\"Person\",\"@id\":\"https:\/\/rm-mechatronics.com\/tr\/#\/schema\/person\/975374cd7539c0f1081340b800a63482\",\"name\":\"admin\"}]}<\/script>\n<!-- \/ Yoast SEO plugin. -->","yoast_head_json":{"title":"Kaynakl\u0131 \u0130malat Kalite Kontrol - RM Mechatronics","description":"\u00d6zel bir proses olarak tan\u0131mlanan kayna\u011f\u0131n en \u00f6nemli zay\u0131fl\u0131\u011f\u0131, i\u00e7inde tespiti zor olan hatalar bulundurabilmesidir.","robots":{"index":"index","follow":"follow","max-snippet":"max-snippet:-1","max-image-preview":"max-image-preview:large","max-video-preview":"max-video-preview:-1"},"canonical":"https:\/\/rm-mechatronics.com\/tr\/hizmetlerimiz\/endustriyel-kontrol-hizmetleri\/kaynakli-imalat-kalite-kontrol\/","twitter_misc":{"Tahmini okuma s\u00fcresi":"1 dakika"},"schema":{"@context":"https:\/\/schema.org","@graph":[{"@type":"Article","@id":"https:\/\/rm-mechatronics.com\/tr\/hizmetlerimiz\/endustriyel-kontrol-hizmetleri\/kaynakli-imalat-kalite-kontrol\/#article","isPartOf":{"@id":"https:\/\/rm-mechatronics.com\/tr\/hizmetlerimiz\/endustriyel-kontrol-hizmetleri\/kaynakli-imalat-kalite-kontrol\/"},"author":{"name":"admin","@id":"https:\/\/rm-mechatronics.com\/tr\/#\/schema\/person\/975374cd7539c0f1081340b800a63482"},"headline":"Kaynakl\u0131 \u0130malat Kalite Kontrol","datePublished":"2022-04-16T12:53:22+00:00","dateModified":"2022-05-30T10:09:09+00:00","mainEntityOfPage":{"@id":"https:\/\/rm-mechatronics.com\/tr\/hizmetlerimiz\/endustriyel-kontrol-hizmetleri\/kaynakli-imalat-kalite-kontrol\/"},"wordCount":175,"publisher":{"@id":"https:\/\/rm-mechatronics.com\/tr\/#organization"},"inLanguage":"tr"},{"@type":"WebPage","@id":"https:\/\/rm-mechatronics.com\/tr\/hizmetlerimiz\/endustriyel-kontrol-hizmetleri\/kaynakli-imalat-kalite-kontrol\/","url":"https:\/\/rm-mechatronics.com\/tr\/hizmetlerimiz\/endustriyel-kontrol-hizmetleri\/kaynakli-imalat-kalite-kontrol\/","name":"Kaynakl\u0131 \u0130malat Kalite Kontrol - RM Mechatronics","isPartOf":{"@id":"https:\/\/rm-mechatronics.com\/tr\/#website"},"datePublished":"2022-04-16T12:53:22+00:00","dateModified":"2022-05-30T10:09:09+00:00","description":"\u00d6zel bir proses olarak tan\u0131mlanan kayna\u011f\u0131n en \u00f6nemli zay\u0131fl\u0131\u011f\u0131, i\u00e7inde tespiti zor olan hatalar bulundurabilmesidir.","breadcrumb":{"@id":"https:\/\/rm-mechatronics.com\/tr\/hizmetlerimiz\/endustriyel-kontrol-hizmetleri\/kaynakli-imalat-kalite-kontrol\/#breadcrumb"},"inLanguage":"tr","potentialAction":[{"@type":"ReadAction","target":["https:\/\/rm-mechatronics.com\/tr\/hizmetlerimiz\/endustriyel-kontrol-hizmetleri\/kaynakli-imalat-kalite-kontrol\/"]}]},{"@type":"BreadcrumbList","@id":"https:\/\/rm-mechatronics.com\/tr\/hizmetlerimiz\/endustriyel-kontrol-hizmetleri\/kaynakli-imalat-kalite-kontrol\/#breadcrumb","itemListElement":[{"@type":"ListItem","position":1,"name":"Anasayfa","item":"https:\/\/rm-mechatronics.com\/tr\/"},{"@type":"ListItem","position":2,"name":"Hizmetlerimiz","item":"https:\/\/rm-mechatronics.com\/tr\/hizmetlerimiz\/"},{"@type":"ListItem","position":3,"name":"End\u00fcstriyel Kontrol Hizmetleri","item":"https:\/\/rm-mechatronics.com\/tr\/hizmetlerimiz\/endustriyel-kontrol-hizmetleri\/"},{"@type":"ListItem","position":4,"name":"Kaynakl\u0131 \u0130malat Kalite Kontrol"}]},{"@type":"WebSite","@id":"https:\/\/rm-mechatronics.com\/tr\/#website","url":"https:\/\/rm-mechatronics.com\/tr\/","name":"RM Mechatronics","description":"Kalite Kontrol Denetim ve M\u00fchendislik Hizmetleri","publisher":{"@id":"https:\/\/rm-mechatronics.com\/tr\/#organization"},"potentialAction":[{"@type":"SearchAction","target":{"@type":"EntryPoint","urlTemplate":"https:\/\/rm-mechatronics.com\/tr\/?s={search_term_string}"},"query-input":"required name=search_term_string"}],"inLanguage":"tr"},{"@type":"Organization","@id":"https:\/\/rm-mechatronics.com\/tr\/#organization","name":"RM-Mechatronics","url":"https:\/\/rm-mechatronics.com\/tr\/","sameAs":[],"logo":{"@type":"ImageObject","inLanguage":"tr","@id":"https:\/\/rm-mechatronics.com\/tr\/#\/schema\/logo\/image\/","url":"https:\/\/rm-mechatronics.com\/wp-content\/uploads\/2020\/08\/small_RM_ORIGINAL-1.png","contentUrl":"https:\/\/rm-mechatronics.com\/wp-content\/uploads\/2020\/08\/small_RM_ORIGINAL-1.png","width":302,"height":112,"caption":"RM-Mechatronics"},"image":{"@id":"https:\/\/rm-mechatronics.com\/tr\/#\/schema\/logo\/image\/"}},{"@type":"Person","@id":"https:\/\/rm-mechatronics.com\/tr\/#\/schema\/person\/975374cd7539c0f1081340b800a63482","name":"admin"}]}},"_links":{"self":[{"href":"https:\/\/rm-mechatronics.com\/tr\/wp-json\/wp\/v2\/pages\/3498"}],"collection":[{"href":"https:\/\/rm-mechatronics.com\/tr\/wp-json\/wp\/v2\/pages"}],"about":[{"href":"https:\/\/rm-mechatronics.com\/tr\/wp-json\/wp\/v2\/types\/page"}],"author":[{"embeddable":true,"href":"https:\/\/rm-mechatronics.com\/tr\/wp-json\/wp\/v2\/users\/2"}],"replies":[{"embeddable":true,"href":"https:\/\/rm-mechatronics.com\/tr\/wp-json\/wp\/v2\/comments?post=3498"}],"version-history":[{"count":0,"href":"https:\/\/rm-mechatronics.com\/tr\/wp-json\/wp\/v2\/pages\/3498\/revisions"}],"up":[{"embeddable":true,"href":"https:\/\/rm-mechatronics.com\/tr\/wp-json\/wp\/v2\/pages\/69"}],"wp:attachment":[{"href":"https:\/\/rm-mechatronics.com\/tr\/wp-json\/wp\/v2\/media?parent=3498"}],"curies":[{"name":"wp","href":"https:\/\/api.w.org\/{rel}","templated":true}]}}