{"id":3489,"date":"2022-04-16T15:40:50","date_gmt":"2022-04-16T12:40:50","guid":{"rendered":"https:\/\/rm-mechatronics.com\/hizmetlerimiz\/endustriyel-kontrol-hizmetleri\/second-party-inspection-services\/"},"modified":"2022-05-30T13:07:35","modified_gmt":"2022-05-30T10:07:35","slug":"ikinci-taraf-gozetim-denetim","status":"publish","type":"page","link":"https:\/\/rm-mechatronics.com\/tr\/hizmetlerimiz\/endustriyel-kontrol-hizmetleri\/ikinci-taraf-gozetim-denetim\/","title":{"rendered":"2. Taraf G\u00f6zetim Denetim"},"content":{"rendered":"<p>Rekabet ortam\u0131 gereklilikleri do\u011frultusunda firmalar bir\u00e7ok tedarik\u00e7i ile \u00e7al\u0131\u015fmakta ve bu tedarik zinciri organizasyonlar\u0131n\u0131 kontrol etmek giderek zorla\u015fmaktad\u0131r. Her farkl\u0131 tedarik zinciri organizasyonunun denetim i\u00e7in farkl\u0131 \u00f6zelle\u015fmi\u015f niteliklere ihtiyac\u0131 vard\u0131r. Hammaddelerin kalitesi, \u00fcretim s\u00fcrecinin kalitesi ve sevkiyat \u00f6ncesi son kalite kontrolleri, t\u00fcm tedarik zinciri organizasyonunun \u00f6nemli bir par\u00e7as\u0131d\u0131r. Bu noktada bu kalite kontrol s\u00fcrecini d\u0131\u015f kaynak olarak kullanmak hem \u015firketinizin maliyetlerini d\u00fc\u015f\u00fcrecek hem de denetimlerinizin etkinli\u011fini art\u0131racakt\u0131r.\u00a0RM Mechatronics, kritik tedarik\u00e7ilerinizin gerekli t\u00fcm denetimlerini sizin ad\u0131n\u0131za yapmaktan memnuniyet duyacakt\u0131r.RM Mechatronics deneyimli denet\u00e7ileri, tedarik\u00e7ilerinizin gereksinimleri kar\u015f\u0131lay\u0131p kar\u015f\u0131lamad\u0131\u011f\u0131n\u0131 kontrol edecektir.\u00a0RM Mechatronics taraf\u0131ndan haz\u0131rlanan ayr\u0131nt\u0131l\u0131 2. taraf g\u00f6zetim denetim inceleme raporlar\u0131 m\u00fc\u015fterilerimize tedarik\u00e7ilerini \u015feffafl\u0131k ilkesiyle ayr\u0131\u015ft\u0131rmak i\u00e7in a\u015fa\u011f\u0131daki yetkinlikleri katacakt\u0131r;<\/p>\n<ul>\n<li>Devam eden s\u00fcre\u00e7 i\u00e7in g\u00fc\u00e7l\u00fc y\u00f6nleri, zay\u0131f y\u00f6nleri, uygunsuzluklar\u0131 belirlemek,<\/li>\n<li>Tedarik\u00e7ilerin mal ve hizmetlerinin t\u00fcm gerekliliklerle uyumlu olmas\u0131n\u0131n kontrol etmek,<\/li>\n<li>\u00dcr\u00fcn ar\u0131zalar\u0131, kusurlar\u0131 ve ilgili standartlara uyum sorunlar\u0131 riskini en aza indirmek,<\/li>\n<li>Belgelenmi\u015f g\u00fcvenlik standartlar\u0131yla yap\u0131lan kontroller sayesinde \u015firketinizin risk alma oran\u0131n\u0131 minimize etmek,<\/li>\n<li>\u015eirketinizin itibar\u0131n\u0131 korumak.<\/li>\n<\/ul>\n<p>&nbsp;<\/p>\n","protected":false},"excerpt":{"rendered":"<p>Rekabet ortam\u0131 gereklilikleri do\u011frultusunda firmalar bir\u00e7ok tedarik\u00e7i ile \u00e7al\u0131\u015fmakta ve bu tedarik zinciri organizasyonlar\u0131n\u0131 kontrol etmek giderek zorla\u015fmaktad\u0131r. Her farkl\u0131 tedarik zinciri organizasyonunun denetim i\u00e7in farkl\u0131 \u00f6zelle\u015fmi\u015f niteliklere ihtiyac\u0131 vard\u0131r. Hammaddelerin kalitesi, \u00fcretim s\u00fcrecinin kalitesi ve sevkiyat \u00f6ncesi son kalite kontrolleri, t\u00fcm tedarik zinciri organizasyonunun \u00f6nemli bir par\u00e7as\u0131d\u0131r. Bu noktada bu kalite kontrol s\u00fcrecini d\u0131\u015f &hellip;<\/p>\n","protected":false},"author":2,"featured_media":0,"parent":69,"menu_order":0,"comment_status":"closed","ping_status":"closed","template":"","meta":{"footnotes":""},"acf":[],"yoast_head":"<!-- This site is optimized with the Yoast SEO plugin v19.8 - https:\/\/yoast.com\/wordpress\/plugins\/seo\/ -->\n<title>2. Taraf G\u00f6zetim Denetim - RM Mechatronics<\/title>\n<meta name=\"description\" content=\"Rekabet ortam\u0131 gereklilikleri do\u011frultusunda firmalar bir\u00e7ok tedarik\u00e7i ile \u00e7al\u0131\u015fmakta ve bu tedarik zinciri organizasyonlar\u0131n\u0131 kontrol etmek giderek zorla\u015fmaktad\u0131r.\" \/>\n<meta name=\"robots\" content=\"index, follow, max-snippet:-1, max-image-preview:large, max-video-preview:-1\" \/>\n<link rel=\"canonical\" href=\"https:\/\/rm-mechatronics.com\/tr\/hizmetlerimiz\/endustriyel-kontrol-hizmetleri\/ikinci-taraf-gozetim-denetim\/\" \/>\n<meta name=\"twitter:label1\" content=\"Tahmini okuma s\u00fcresi\" \/>\n\t<meta name=\"twitter:data1\" content=\"2 dakika\" \/>\n<script type=\"application\/ld+json\" class=\"yoast-schema-graph\">{\"@context\":\"https:\/\/schema.org\",\"@graph\":[{\"@type\":\"Article\",\"@id\":\"https:\/\/rm-mechatronics.com\/tr\/hizmetlerimiz\/endustriyel-kontrol-hizmetleri\/ikinci-taraf-gozetim-denetim\/#article\",\"isPartOf\":{\"@id\":\"https:\/\/rm-mechatronics.com\/tr\/hizmetlerimiz\/endustriyel-kontrol-hizmetleri\/ikinci-taraf-gozetim-denetim\/\"},\"author\":{\"name\":\"admin\",\"@id\":\"https:\/\/rm-mechatronics.com\/tr\/#\/schema\/person\/975374cd7539c0f1081340b800a63482\"},\"headline\":\"2. Taraf G\u00f6zetim Denetim\",\"datePublished\":\"2022-04-16T12:40:50+00:00\",\"dateModified\":\"2022-05-30T10:07:35+00:00\",\"mainEntityOfPage\":{\"@id\":\"https:\/\/rm-mechatronics.com\/tr\/hizmetlerimiz\/endustriyel-kontrol-hizmetleri\/ikinci-taraf-gozetim-denetim\/\"},\"wordCount\":222,\"publisher\":{\"@id\":\"https:\/\/rm-mechatronics.com\/tr\/#organization\"},\"inLanguage\":\"tr\"},{\"@type\":\"WebPage\",\"@id\":\"https:\/\/rm-mechatronics.com\/tr\/hizmetlerimiz\/endustriyel-kontrol-hizmetleri\/ikinci-taraf-gozetim-denetim\/\",\"url\":\"https:\/\/rm-mechatronics.com\/tr\/hizmetlerimiz\/endustriyel-kontrol-hizmetleri\/ikinci-taraf-gozetim-denetim\/\",\"name\":\"2. Taraf G\u00f6zetim Denetim - RM Mechatronics\",\"isPartOf\":{\"@id\":\"https:\/\/rm-mechatronics.com\/tr\/#website\"},\"datePublished\":\"2022-04-16T12:40:50+00:00\",\"dateModified\":\"2022-05-30T10:07:35+00:00\",\"description\":\"Rekabet ortam\u0131 gereklilikleri do\u011frultusunda firmalar bir\u00e7ok tedarik\u00e7i ile \u00e7al\u0131\u015fmakta ve bu tedarik zinciri organizasyonlar\u0131n\u0131 kontrol etmek giderek zorla\u015fmaktad\u0131r.\",\"breadcrumb\":{\"@id\":\"https:\/\/rm-mechatronics.com\/tr\/hizmetlerimiz\/endustriyel-kontrol-hizmetleri\/ikinci-taraf-gozetim-denetim\/#breadcrumb\"},\"inLanguage\":\"tr\",\"potentialAction\":[{\"@type\":\"ReadAction\",\"target\":[\"https:\/\/rm-mechatronics.com\/tr\/hizmetlerimiz\/endustriyel-kontrol-hizmetleri\/ikinci-taraf-gozetim-denetim\/\"]}]},{\"@type\":\"BreadcrumbList\",\"@id\":\"https:\/\/rm-mechatronics.com\/tr\/hizmetlerimiz\/endustriyel-kontrol-hizmetleri\/ikinci-taraf-gozetim-denetim\/#breadcrumb\",\"itemListElement\":[{\"@type\":\"ListItem\",\"position\":1,\"name\":\"Anasayfa\",\"item\":\"https:\/\/rm-mechatronics.com\/tr\/\"},{\"@type\":\"ListItem\",\"position\":2,\"name\":\"Hizmetlerimiz\",\"item\":\"https:\/\/rm-mechatronics.com\/tr\/hizmetlerimiz\/\"},{\"@type\":\"ListItem\",\"position\":3,\"name\":\"End\u00fcstriyel Kontrol Hizmetleri\",\"item\":\"https:\/\/rm-mechatronics.com\/tr\/hizmetlerimiz\/endustriyel-kontrol-hizmetleri\/\"},{\"@type\":\"ListItem\",\"position\":4,\"name\":\"2. Taraf G\u00f6zetim Denetim\"}]},{\"@type\":\"WebSite\",\"@id\":\"https:\/\/rm-mechatronics.com\/tr\/#website\",\"url\":\"https:\/\/rm-mechatronics.com\/tr\/\",\"name\":\"RM Mechatronics\",\"description\":\"Kalite Kontrol Denetim ve M\u00fchendislik Hizmetleri\",\"publisher\":{\"@id\":\"https:\/\/rm-mechatronics.com\/tr\/#organization\"},\"potentialAction\":[{\"@type\":\"SearchAction\",\"target\":{\"@type\":\"EntryPoint\",\"urlTemplate\":\"https:\/\/rm-mechatronics.com\/tr\/?s={search_term_string}\"},\"query-input\":\"required name=search_term_string\"}],\"inLanguage\":\"tr\"},{\"@type\":\"Organization\",\"@id\":\"https:\/\/rm-mechatronics.com\/tr\/#organization\",\"name\":\"RM-Mechatronics\",\"url\":\"https:\/\/rm-mechatronics.com\/tr\/\",\"sameAs\":[],\"logo\":{\"@type\":\"ImageObject\",\"inLanguage\":\"tr\",\"@id\":\"https:\/\/rm-mechatronics.com\/tr\/#\/schema\/logo\/image\/\",\"url\":\"https:\/\/rm-mechatronics.com\/wp-content\/uploads\/2020\/08\/small_RM_ORIGINAL-1.png\",\"contentUrl\":\"https:\/\/rm-mechatronics.com\/wp-content\/uploads\/2020\/08\/small_RM_ORIGINAL-1.png\",\"width\":302,\"height\":112,\"caption\":\"RM-Mechatronics\"},\"image\":{\"@id\":\"https:\/\/rm-mechatronics.com\/tr\/#\/schema\/logo\/image\/\"}},{\"@type\":\"Person\",\"@id\":\"https:\/\/rm-mechatronics.com\/tr\/#\/schema\/person\/975374cd7539c0f1081340b800a63482\",\"name\":\"admin\"}]}<\/script>\n<!-- \/ Yoast SEO plugin. -->","yoast_head_json":{"title":"2. Taraf G\u00f6zetim Denetim - RM Mechatronics","description":"Rekabet ortam\u0131 gereklilikleri do\u011frultusunda firmalar bir\u00e7ok tedarik\u00e7i ile \u00e7al\u0131\u015fmakta ve bu tedarik zinciri organizasyonlar\u0131n\u0131 kontrol etmek giderek zorla\u015fmaktad\u0131r.","robots":{"index":"index","follow":"follow","max-snippet":"max-snippet:-1","max-image-preview":"max-image-preview:large","max-video-preview":"max-video-preview:-1"},"canonical":"https:\/\/rm-mechatronics.com\/tr\/hizmetlerimiz\/endustriyel-kontrol-hizmetleri\/ikinci-taraf-gozetim-denetim\/","twitter_misc":{"Tahmini okuma s\u00fcresi":"2 dakika"},"schema":{"@context":"https:\/\/schema.org","@graph":[{"@type":"Article","@id":"https:\/\/rm-mechatronics.com\/tr\/hizmetlerimiz\/endustriyel-kontrol-hizmetleri\/ikinci-taraf-gozetim-denetim\/#article","isPartOf":{"@id":"https:\/\/rm-mechatronics.com\/tr\/hizmetlerimiz\/endustriyel-kontrol-hizmetleri\/ikinci-taraf-gozetim-denetim\/"},"author":{"name":"admin","@id":"https:\/\/rm-mechatronics.com\/tr\/#\/schema\/person\/975374cd7539c0f1081340b800a63482"},"headline":"2. Taraf G\u00f6zetim Denetim","datePublished":"2022-04-16T12:40:50+00:00","dateModified":"2022-05-30T10:07:35+00:00","mainEntityOfPage":{"@id":"https:\/\/rm-mechatronics.com\/tr\/hizmetlerimiz\/endustriyel-kontrol-hizmetleri\/ikinci-taraf-gozetim-denetim\/"},"wordCount":222,"publisher":{"@id":"https:\/\/rm-mechatronics.com\/tr\/#organization"},"inLanguage":"tr"},{"@type":"WebPage","@id":"https:\/\/rm-mechatronics.com\/tr\/hizmetlerimiz\/endustriyel-kontrol-hizmetleri\/ikinci-taraf-gozetim-denetim\/","url":"https:\/\/rm-mechatronics.com\/tr\/hizmetlerimiz\/endustriyel-kontrol-hizmetleri\/ikinci-taraf-gozetim-denetim\/","name":"2. Taraf G\u00f6zetim Denetim - RM Mechatronics","isPartOf":{"@id":"https:\/\/rm-mechatronics.com\/tr\/#website"},"datePublished":"2022-04-16T12:40:50+00:00","dateModified":"2022-05-30T10:07:35+00:00","description":"Rekabet ortam\u0131 gereklilikleri do\u011frultusunda firmalar bir\u00e7ok tedarik\u00e7i ile \u00e7al\u0131\u015fmakta ve bu tedarik zinciri organizasyonlar\u0131n\u0131 kontrol etmek giderek zorla\u015fmaktad\u0131r.","breadcrumb":{"@id":"https:\/\/rm-mechatronics.com\/tr\/hizmetlerimiz\/endustriyel-kontrol-hizmetleri\/ikinci-taraf-gozetim-denetim\/#breadcrumb"},"inLanguage":"tr","potentialAction":[{"@type":"ReadAction","target":["https:\/\/rm-mechatronics.com\/tr\/hizmetlerimiz\/endustriyel-kontrol-hizmetleri\/ikinci-taraf-gozetim-denetim\/"]}]},{"@type":"BreadcrumbList","@id":"https:\/\/rm-mechatronics.com\/tr\/hizmetlerimiz\/endustriyel-kontrol-hizmetleri\/ikinci-taraf-gozetim-denetim\/#breadcrumb","itemListElement":[{"@type":"ListItem","position":1,"name":"Anasayfa","item":"https:\/\/rm-mechatronics.com\/tr\/"},{"@type":"ListItem","position":2,"name":"Hizmetlerimiz","item":"https:\/\/rm-mechatronics.com\/tr\/hizmetlerimiz\/"},{"@type":"ListItem","position":3,"name":"End\u00fcstriyel Kontrol Hizmetleri","item":"https:\/\/rm-mechatronics.com\/tr\/hizmetlerimiz\/endustriyel-kontrol-hizmetleri\/"},{"@type":"ListItem","position":4,"name":"2. Taraf G\u00f6zetim Denetim"}]},{"@type":"WebSite","@id":"https:\/\/rm-mechatronics.com\/tr\/#website","url":"https:\/\/rm-mechatronics.com\/tr\/","name":"RM Mechatronics","description":"Kalite Kontrol Denetim ve M\u00fchendislik Hizmetleri","publisher":{"@id":"https:\/\/rm-mechatronics.com\/tr\/#organization"},"potentialAction":[{"@type":"SearchAction","target":{"@type":"EntryPoint","urlTemplate":"https:\/\/rm-mechatronics.com\/tr\/?s={search_term_string}"},"query-input":"required name=search_term_string"}],"inLanguage":"tr"},{"@type":"Organization","@id":"https:\/\/rm-mechatronics.com\/tr\/#organization","name":"RM-Mechatronics","url":"https:\/\/rm-mechatronics.com\/tr\/","sameAs":[],"logo":{"@type":"ImageObject","inLanguage":"tr","@id":"https:\/\/rm-mechatronics.com\/tr\/#\/schema\/logo\/image\/","url":"https:\/\/rm-mechatronics.com\/wp-content\/uploads\/2020\/08\/small_RM_ORIGINAL-1.png","contentUrl":"https:\/\/rm-mechatronics.com\/wp-content\/uploads\/2020\/08\/small_RM_ORIGINAL-1.png","width":302,"height":112,"caption":"RM-Mechatronics"},"image":{"@id":"https:\/\/rm-mechatronics.com\/tr\/#\/schema\/logo\/image\/"}},{"@type":"Person","@id":"https:\/\/rm-mechatronics.com\/tr\/#\/schema\/person\/975374cd7539c0f1081340b800a63482","name":"admin"}]}},"_links":{"self":[{"href":"https:\/\/rm-mechatronics.com\/tr\/wp-json\/wp\/v2\/pages\/3489"}],"collection":[{"href":"https:\/\/rm-mechatronics.com\/tr\/wp-json\/wp\/v2\/pages"}],"about":[{"href":"https:\/\/rm-mechatronics.com\/tr\/wp-json\/wp\/v2\/types\/page"}],"author":[{"embeddable":true,"href":"https:\/\/rm-mechatronics.com\/tr\/wp-json\/wp\/v2\/users\/2"}],"replies":[{"embeddable":true,"href":"https:\/\/rm-mechatronics.com\/tr\/wp-json\/wp\/v2\/comments?post=3489"}],"version-history":[{"count":0,"href":"https:\/\/rm-mechatronics.com\/tr\/wp-json\/wp\/v2\/pages\/3489\/revisions"}],"up":[{"embeddable":true,"href":"https:\/\/rm-mechatronics.com\/tr\/wp-json\/wp\/v2\/pages\/69"}],"wp:attachment":[{"href":"https:\/\/rm-mechatronics.com\/tr\/wp-json\/wp\/v2\/media?parent=3489"}],"curies":[{"name":"wp","href":"https:\/\/api.w.org\/{rel}","templated":true}]}}