{"id":3484,"date":"2022-04-16T15:08:56","date_gmt":"2022-04-16T12:08:56","guid":{"rendered":"https:\/\/rm-mechatronics.com\/hizmetlerimiz\/endustriyel-kontrol-hizmetleri\/itp-preparation\/"},"modified":"2022-05-30T13:04:24","modified_gmt":"2022-05-30T10:04:24","slug":"itp-hazirlama","status":"publish","type":"page","link":"https:\/\/rm-mechatronics.com\/tr\/hizmetlerimiz\/endustriyel-kontrol-hizmetleri\/itp-hazirlama\/","title":{"rendered":"ITP Haz\u0131rlama"},"content":{"rendered":"<p>Bir Muayene ve Test Plan\u0131 (ITP), ihtiya\u00e7lar hakk\u0131nda bilgi veren i\u015flerinin belirli bir unsurunun kalite kontrol\u00fcn\u00fc ve g\u00fcvencesini y\u00f6netme plan\u0131n\u0131 tan\u0131mlayan bir belgedir. Kullan\u0131lacak y\u00f6ntemlere ili\u015fkin genel bak\u0131\u015f, ilgili taraflar\u0131n sorumluluklar\u0131 ve uygunlu\u011fu do\u011frulamak i\u00e7in sa\u011flanacak belgesel kan\u0131t niteli\u011findedir.<\/p>\n<h2><strong>1. Ad\u0131m: Kapsam belirlenmelidir<\/strong><\/h2>\n<p>ITP&#8217;ye uygulanacak i\u015flerin kapsam\u0131n\u0131n basit bir \u00f6zeti eklenmelidir. ITP&#8217;yi okuyan herkes i\u00e7in anla\u015f\u0131l\u0131r olmal\u0131d\u0131r. Kapsam d\u0131\u015f\u0131 maddelerin yaz\u0131lmas\u0131 bazen anla\u015fmazl\u0131klar\u0131n \u00f6n\u00fcne ge\u00e7mek i\u00e7in \u00f6nemlidir. RM Mechatronics sizi bu ba\u011flamda y\u00f6nlendirecek sekt\u00f6rel tecr\u00fcbeye fazlas\u0131yla sahiptir.<\/p>\n<h2><strong>Ad\u0131m 2: \u00d6l\u00e7\u00fctleri belirleme \/ ilgili belgeleri toplama<\/strong><\/h2>\n<p>\u00c7o\u011fu ki\u015fi, \u00e7al\u0131\u015fmalar\u0131n kriterlerini \u00e7izimler ve \u015fartnamelerle ili\u015fkilendirir. \u00d6rne\u011fin \u00e7izimler ve spesifikasyonlar genellikle di\u011fer belgelere uygunluk gerektirir ve buna uyulmas\u0131n\u0131 gerektirir.<\/p>\n<ol>\n<li>\u00c7izimler (\u00e7izimlerle ilgili notlar dahil)<\/li>\n<li>Tasar\u0131m \u00f6zellikleri<\/li>\n<li>Uyulacak Uluslararas\u0131 Standartlar<\/li>\n<li>Di\u011fer standartlar (\u00f6rne\u011fin Ulusal Yap\u0131sal \u00c7elik \u015eartnamesi)<\/li>\n<li>\u00dcretici gereksinimleri<\/li>\n<li>S\u00f6zle\u015fme gereksinimleri<\/li>\n<li>Planlama ko\u015fullar\u0131<\/li>\n<li>Kontrol\u00fc gereksinimleri<\/li>\n<li>Yasal zorunluluklar<\/li>\n<li>\u0130\u015f yap\u0131\u015f \u015fekli<\/li>\n<li>Sekt\u00f6rel \u00f6rnek ve kar\u015f\u0131la\u015ft\u0131rmalar<\/li>\n<\/ol>\n<h2><strong>3. Ad\u0131m: Teslimat\u0131n a\u015famalar\u0131<\/strong><\/h2>\n<p>Bir ITP \u00fcretilirken, kronolojik s\u0131rada i\u015fin teslim a\u015famalar\u0131 hakk\u0131nda d\u00fc\u015f\u00fcnmek olduk\u00e7a yararl\u0131d\u0131r.<\/p>\n<p>Malzeme uygunlu\u011funun de\u011ferlendirilmesi, \u00f6zel sertifikasyon gerektiriyor ise belirlenmesi, Fabrika Kabul Testlerinin tam olmas\u0131, test etme ve devreye alma\u2026vs<\/p>\n<h2><strong>4.Ad\u0131m: Her bir \u00f6\u011feyi ITP&#8217;de ayr\u0131nt\u0131land\u0131rma<\/strong><\/h2>\n<p>ITP&#8217;de listelenen i\u015flerin 1. Ad\u0131mda belirtilen kapsam\u0131n maddelerinin se\u00e7ilmesi ve her bir \u00f6\u011feyi s\u0131ras\u0131yla dikkate almak ve kriterlerin nas\u0131l kar\u015f\u0131lanaca\u011f\u0131n\u0131, \u00fcretilecek kan\u0131tlar\u0131, g\u00fcvence faaliyetine kimlerin dahil olmas\u0131 gerekti\u011fini ve son olarak denetim veya testin t\u00fcr\u00fcn\u00fc belirtmek gerekir.<\/p>\n<p>ITP haz\u0131rlanmas\u0131nda belirli bir standart yoktur ve genellikle her kurulu\u015f kendi tercih edilen \u015fablonunu geli\u015ftirir bu sebeple i\u015finizin sorunsuz ve eksiksiz ilerlemesi i\u00e7in RM Mechatronics uzman kadrosu her zaman sizlerin \u00e7\u00f6z\u00fcm orta\u011f\u0131 olarak yan\u0131n\u0131zdad\u0131r.<\/p>\n<p>&nbsp;<\/p>\n<p>&nbsp;<\/p>\n<p>&nbsp;<\/p>\n","protected":false},"excerpt":{"rendered":"<p>Bir Muayene ve Test Plan\u0131 (ITP), ihtiya\u00e7lar hakk\u0131nda bilgi veren i\u015flerinin belirli bir unsurunun kalite kontrol\u00fcn\u00fc ve g\u00fcvencesini y\u00f6netme plan\u0131n\u0131 tan\u0131mlayan bir belgedir. Kullan\u0131lacak y\u00f6ntemlere ili\u015fkin genel bak\u0131\u015f, ilgili taraflar\u0131n sorumluluklar\u0131 ve uygunlu\u011fu do\u011frulamak i\u00e7in sa\u011flanacak belgesel kan\u0131t niteli\u011findedir. 1. Ad\u0131m: Kapsam belirlenmelidir ITP&#8217;ye uygulanacak i\u015flerin kapsam\u0131n\u0131n basit bir \u00f6zeti eklenmelidir. ITP&#8217;yi okuyan herkes i\u00e7in &hellip;<\/p>\n","protected":false},"author":2,"featured_media":0,"parent":69,"menu_order":0,"comment_status":"closed","ping_status":"closed","template":"","meta":{"footnotes":""},"acf":[],"yoast_head":"<!-- This site is optimized with the Yoast SEO plugin v19.8 - https:\/\/yoast.com\/wordpress\/plugins\/seo\/ -->\n<title>ITP Haz\u0131rlama - RM Mechatronics<\/title>\n<meta name=\"robots\" content=\"index, follow, max-snippet:-1, max-image-preview:large, max-video-preview:-1\" \/>\n<link rel=\"canonical\" href=\"https:\/\/rm-mechatronics.com\/tr\/hizmetlerimiz\/endustriyel-kontrol-hizmetleri\/itp-hazirlama\/\" \/>\n<meta name=\"twitter:label1\" content=\"Tahmini okuma s\u00fcresi\" \/>\n\t<meta name=\"twitter:data1\" content=\"2 dakika\" \/>\n<script type=\"application\/ld+json\" class=\"yoast-schema-graph\">{\"@context\":\"https:\/\/schema.org\",\"@graph\":[{\"@type\":\"Article\",\"@id\":\"https:\/\/rm-mechatronics.com\/tr\/hizmetlerimiz\/endustriyel-kontrol-hizmetleri\/itp-hazirlama\/#article\",\"isPartOf\":{\"@id\":\"https:\/\/rm-mechatronics.com\/tr\/hizmetlerimiz\/endustriyel-kontrol-hizmetleri\/itp-hazirlama\/\"},\"author\":{\"name\":\"admin\",\"@id\":\"https:\/\/rm-mechatronics.com\/tr\/#\/schema\/person\/975374cd7539c0f1081340b800a63482\"},\"headline\":\"ITP Haz\u0131rlama\",\"datePublished\":\"2022-04-16T12:08:56+00:00\",\"dateModified\":\"2022-05-30T10:04:24+00:00\",\"mainEntityOfPage\":{\"@id\":\"https:\/\/rm-mechatronics.com\/tr\/hizmetlerimiz\/endustriyel-kontrol-hizmetleri\/itp-hazirlama\/\"},\"wordCount\":352,\"publisher\":{\"@id\":\"https:\/\/rm-mechatronics.com\/tr\/#organization\"},\"inLanguage\":\"tr\"},{\"@type\":\"WebPage\",\"@id\":\"https:\/\/rm-mechatronics.com\/tr\/hizmetlerimiz\/endustriyel-kontrol-hizmetleri\/itp-hazirlama\/\",\"url\":\"https:\/\/rm-mechatronics.com\/tr\/hizmetlerimiz\/endustriyel-kontrol-hizmetleri\/itp-hazirlama\/\",\"name\":\"ITP Haz\u0131rlama - RM Mechatronics\",\"isPartOf\":{\"@id\":\"https:\/\/rm-mechatronics.com\/tr\/#website\"},\"datePublished\":\"2022-04-16T12:08:56+00:00\",\"dateModified\":\"2022-05-30T10:04:24+00:00\",\"breadcrumb\":{\"@id\":\"https:\/\/rm-mechatronics.com\/tr\/hizmetlerimiz\/endustriyel-kontrol-hizmetleri\/itp-hazirlama\/#breadcrumb\"},\"inLanguage\":\"tr\",\"potentialAction\":[{\"@type\":\"ReadAction\",\"target\":[\"https:\/\/rm-mechatronics.com\/tr\/hizmetlerimiz\/endustriyel-kontrol-hizmetleri\/itp-hazirlama\/\"]}]},{\"@type\":\"BreadcrumbList\",\"@id\":\"https:\/\/rm-mechatronics.com\/tr\/hizmetlerimiz\/endustriyel-kontrol-hizmetleri\/itp-hazirlama\/#breadcrumb\",\"itemListElement\":[{\"@type\":\"ListItem\",\"position\":1,\"name\":\"Anasayfa\",\"item\":\"https:\/\/rm-mechatronics.com\/tr\/\"},{\"@type\":\"ListItem\",\"position\":2,\"name\":\"Hizmetlerimiz\",\"item\":\"https:\/\/rm-mechatronics.com\/tr\/hizmetlerimiz\/\"},{\"@type\":\"ListItem\",\"position\":3,\"name\":\"End\u00fcstriyel Kontrol Hizmetleri\",\"item\":\"https:\/\/rm-mechatronics.com\/tr\/hizmetlerimiz\/endustriyel-kontrol-hizmetleri\/\"},{\"@type\":\"ListItem\",\"position\":4,\"name\":\"ITP Haz\u0131rlama\"}]},{\"@type\":\"WebSite\",\"@id\":\"https:\/\/rm-mechatronics.com\/tr\/#website\",\"url\":\"https:\/\/rm-mechatronics.com\/tr\/\",\"name\":\"RM Mechatronics\",\"description\":\"Kalite Kontrol Denetim ve M\u00fchendislik Hizmetleri\",\"publisher\":{\"@id\":\"https:\/\/rm-mechatronics.com\/tr\/#organization\"},\"potentialAction\":[{\"@type\":\"SearchAction\",\"target\":{\"@type\":\"EntryPoint\",\"urlTemplate\":\"https:\/\/rm-mechatronics.com\/tr\/?s={search_term_string}\"},\"query-input\":\"required name=search_term_string\"}],\"inLanguage\":\"tr\"},{\"@type\":\"Organization\",\"@id\":\"https:\/\/rm-mechatronics.com\/tr\/#organization\",\"name\":\"RM-Mechatronics\",\"url\":\"https:\/\/rm-mechatronics.com\/tr\/\",\"sameAs\":[],\"logo\":{\"@type\":\"ImageObject\",\"inLanguage\":\"tr\",\"@id\":\"https:\/\/rm-mechatronics.com\/tr\/#\/schema\/logo\/image\/\",\"url\":\"https:\/\/rm-mechatronics.com\/wp-content\/uploads\/2020\/08\/small_RM_ORIGINAL-1.png\",\"contentUrl\":\"https:\/\/rm-mechatronics.com\/wp-content\/uploads\/2020\/08\/small_RM_ORIGINAL-1.png\",\"width\":302,\"height\":112,\"caption\":\"RM-Mechatronics\"},\"image\":{\"@id\":\"https:\/\/rm-mechatronics.com\/tr\/#\/schema\/logo\/image\/\"}},{\"@type\":\"Person\",\"@id\":\"https:\/\/rm-mechatronics.com\/tr\/#\/schema\/person\/975374cd7539c0f1081340b800a63482\",\"name\":\"admin\"}]}<\/script>\n<!-- \/ Yoast SEO plugin. -->","yoast_head_json":{"title":"ITP Haz\u0131rlama - RM Mechatronics","robots":{"index":"index","follow":"follow","max-snippet":"max-snippet:-1","max-image-preview":"max-image-preview:large","max-video-preview":"max-video-preview:-1"},"canonical":"https:\/\/rm-mechatronics.com\/tr\/hizmetlerimiz\/endustriyel-kontrol-hizmetleri\/itp-hazirlama\/","twitter_misc":{"Tahmini okuma s\u00fcresi":"2 dakika"},"schema":{"@context":"https:\/\/schema.org","@graph":[{"@type":"Article","@id":"https:\/\/rm-mechatronics.com\/tr\/hizmetlerimiz\/endustriyel-kontrol-hizmetleri\/itp-hazirlama\/#article","isPartOf":{"@id":"https:\/\/rm-mechatronics.com\/tr\/hizmetlerimiz\/endustriyel-kontrol-hizmetleri\/itp-hazirlama\/"},"author":{"name":"admin","@id":"https:\/\/rm-mechatronics.com\/tr\/#\/schema\/person\/975374cd7539c0f1081340b800a63482"},"headline":"ITP Haz\u0131rlama","datePublished":"2022-04-16T12:08:56+00:00","dateModified":"2022-05-30T10:04:24+00:00","mainEntityOfPage":{"@id":"https:\/\/rm-mechatronics.com\/tr\/hizmetlerimiz\/endustriyel-kontrol-hizmetleri\/itp-hazirlama\/"},"wordCount":352,"publisher":{"@id":"https:\/\/rm-mechatronics.com\/tr\/#organization"},"inLanguage":"tr"},{"@type":"WebPage","@id":"https:\/\/rm-mechatronics.com\/tr\/hizmetlerimiz\/endustriyel-kontrol-hizmetleri\/itp-hazirlama\/","url":"https:\/\/rm-mechatronics.com\/tr\/hizmetlerimiz\/endustriyel-kontrol-hizmetleri\/itp-hazirlama\/","name":"ITP Haz\u0131rlama - RM Mechatronics","isPartOf":{"@id":"https:\/\/rm-mechatronics.com\/tr\/#website"},"datePublished":"2022-04-16T12:08:56+00:00","dateModified":"2022-05-30T10:04:24+00:00","breadcrumb":{"@id":"https:\/\/rm-mechatronics.com\/tr\/hizmetlerimiz\/endustriyel-kontrol-hizmetleri\/itp-hazirlama\/#breadcrumb"},"inLanguage":"tr","potentialAction":[{"@type":"ReadAction","target":["https:\/\/rm-mechatronics.com\/tr\/hizmetlerimiz\/endustriyel-kontrol-hizmetleri\/itp-hazirlama\/"]}]},{"@type":"BreadcrumbList","@id":"https:\/\/rm-mechatronics.com\/tr\/hizmetlerimiz\/endustriyel-kontrol-hizmetleri\/itp-hazirlama\/#breadcrumb","itemListElement":[{"@type":"ListItem","position":1,"name":"Anasayfa","item":"https:\/\/rm-mechatronics.com\/tr\/"},{"@type":"ListItem","position":2,"name":"Hizmetlerimiz","item":"https:\/\/rm-mechatronics.com\/tr\/hizmetlerimiz\/"},{"@type":"ListItem","position":3,"name":"End\u00fcstriyel Kontrol Hizmetleri","item":"https:\/\/rm-mechatronics.com\/tr\/hizmetlerimiz\/endustriyel-kontrol-hizmetleri\/"},{"@type":"ListItem","position":4,"name":"ITP Haz\u0131rlama"}]},{"@type":"WebSite","@id":"https:\/\/rm-mechatronics.com\/tr\/#website","url":"https:\/\/rm-mechatronics.com\/tr\/","name":"RM Mechatronics","description":"Kalite Kontrol Denetim ve M\u00fchendislik Hizmetleri","publisher":{"@id":"https:\/\/rm-mechatronics.com\/tr\/#organization"},"potentialAction":[{"@type":"SearchAction","target":{"@type":"EntryPoint","urlTemplate":"https:\/\/rm-mechatronics.com\/tr\/?s={search_term_string}"},"query-input":"required name=search_term_string"}],"inLanguage":"tr"},{"@type":"Organization","@id":"https:\/\/rm-mechatronics.com\/tr\/#organization","name":"RM-Mechatronics","url":"https:\/\/rm-mechatronics.com\/tr\/","sameAs":[],"logo":{"@type":"ImageObject","inLanguage":"tr","@id":"https:\/\/rm-mechatronics.com\/tr\/#\/schema\/logo\/image\/","url":"https:\/\/rm-mechatronics.com\/wp-content\/uploads\/2020\/08\/small_RM_ORIGINAL-1.png","contentUrl":"https:\/\/rm-mechatronics.com\/wp-content\/uploads\/2020\/08\/small_RM_ORIGINAL-1.png","width":302,"height":112,"caption":"RM-Mechatronics"},"image":{"@id":"https:\/\/rm-mechatronics.com\/tr\/#\/schema\/logo\/image\/"}},{"@type":"Person","@id":"https:\/\/rm-mechatronics.com\/tr\/#\/schema\/person\/975374cd7539c0f1081340b800a63482","name":"admin"}]}},"_links":{"self":[{"href":"https:\/\/rm-mechatronics.com\/tr\/wp-json\/wp\/v2\/pages\/3484"}],"collection":[{"href":"https:\/\/rm-mechatronics.com\/tr\/wp-json\/wp\/v2\/pages"}],"about":[{"href":"https:\/\/rm-mechatronics.com\/tr\/wp-json\/wp\/v2\/types\/page"}],"author":[{"embeddable":true,"href":"https:\/\/rm-mechatronics.com\/tr\/wp-json\/wp\/v2\/users\/2"}],"replies":[{"embeddable":true,"href":"https:\/\/rm-mechatronics.com\/tr\/wp-json\/wp\/v2\/comments?post=3484"}],"version-history":[{"count":0,"href":"https:\/\/rm-mechatronics.com\/tr\/wp-json\/wp\/v2\/pages\/3484\/revisions"}],"up":[{"embeddable":true,"href":"https:\/\/rm-mechatronics.com\/tr\/wp-json\/wp\/v2\/pages\/69"}],"wp:attachment":[{"href":"https:\/\/rm-mechatronics.com\/tr\/wp-json\/wp\/v2\/media?parent=3484"}],"curies":[{"name":"wp","href":"https:\/\/api.w.org\/{rel}","templated":true}]}}