{"id":29,"date":"2014-10-20T12:48:29","date_gmt":"2014-10-20T12:48:29","guid":{"rendered":"http:\/\/xml-io.proteusthemes.com\/buildpress\/?page_id=29"},"modified":"2022-05-30T12:33:00","modified_gmt":"2022-05-30T09:33:00","slug":"iletisim","status":"publish","type":"page","link":"https:\/\/rm-mechatronics.com\/tr\/iletisim\/","title":{"rendered":"\u0130leti\u015fim"},"content":{"rendered":"<div id=\"pl-29\"  class=\"panel-layout\" ><\/div><\/div><div id=\"pg-29-0\"  class=\"panel-grid panel-has-style\" ><div class=\"wide-boxed panel-row-style panel-row-style-for-29-0\" ><div id=\"pgc-29-0-0\"  class=\"panel-grid-cell\" >\n\t\t\t<div id=\"panel-29-0-0-0\" class=\"so-panel widget widget_pt_google_map panel-first-child panel-last-child\" data-index=\"0\" >\t\t\t\t<div\n\t\t\t\t\tclass=\"simple-map  js-where-we-are\"\n\t\t\t\t\tdata-latlng=\"40.98523534889325, 29.025673807443052\"\n\t\t\t\t\tdata-markers=\"[{&quot;title&quot;:&quot;RM Mechatronics&quot;,&quot;locationlatlng&quot;:&quot;40.98523534889325, 29.025673807443052&quot;,&quot;custompinimage&quot;:&quot;&quot;,&quot;id&quot;:&quot;1&quot;}]\"\n\t\t\t\t\tdata-zoom=\"13\"\n\t\t\t\t\tdata-type=\"roadmap\"\n\t\t\t\t\tdata-style=\"[{&quot;featureType&quot;:&quot;water&quot;,&quot;stylers&quot;:[{&quot;color&quot;:&quot;#46bcec&quot;},{&quot;visibility&quot;:&quot;on&quot;}]},{&quot;featureType&quot;:&quot;landscape&quot;,&quot;stylers&quot;:[{&quot;color&quot;:&quot;#f2f2f2&quot;}]},{&quot;featureType&quot;:&quot;road&quot;,&quot;stylers&quot;:[{&quot;saturation&quot;:-100},{&quot;lightness&quot;:45}]},{&quot;featureType&quot;:&quot;road.highway&quot;,&quot;stylers&quot;:[{&quot;visibility&quot;:&quot;simplified&quot;}]},{&quot;featureType&quot;:&quot;road.arterial&quot;,&quot;elementType&quot;:&quot;labels.icon&quot;,&quot;stylers&quot;:[{&quot;visibility&quot;:&quot;off&quot;}]},{&quot;featureType&quot;:&quot;administrative&quot;,&quot;elementType&quot;:&quot;labels.text.fill&quot;,&quot;stylers&quot;:[{&quot;color&quot;:&quot;#444444&quot;}]},{&quot;featureType&quot;:&quot;transit&quot;,&quot;stylers&quot;:[{&quot;visibility&quot;:&quot;off&quot;}]},{&quot;featureType&quot;:&quot;poi&quot;,&quot;stylers&quot;:[{&quot;visibility&quot;:&quot;off&quot;}]}]\"\n\t\t\t\t\tstyle=\"height: 380px;\"\n\t\t\t\t><\/div>\n\t\t\t<\/div>\n\t\t\t<\/div><\/div><\/div><div class=\"container\"><div><div id=\"pg-29-1\"  class=\"panel-grid panel-no-style\" ><div id=\"pgc-29-1-0\"  class=\"panel-grid-cell\" ><div id=\"panel-29-1-0-0\" class=\"so-panel widget widget_text panel-first-child\" data-index=\"1\" >\t\t\t<div class=\"textwidget\"><\/div>\n\t\t<\/div><div id=\"panel-29-1-0-1\" class=\"so-panel widget widget_text panel-last-child\" data-index=\"2\" ><h3 class=\"widget-title\">\u0130leti\u015fim<\/h3>\t\t\t<div class=\"textwidget\"><\/div>\n\t\t<\/div><\/div><\/div><div id=\"pg-29-2\"  class=\"panel-grid panel-no-style\" ><div id=\"pgc-29-2-0\"  class=\"panel-grid-cell\" ><div id=\"panel-29-2-0-0\" class=\"so-panel widget widget_text panel-first-child panel-last-child\" data-index=\"3\" >\t\t\t<div class=\"textwidget\"><span class=\"icon-container\"><span class=\"fa fa-home\"><\/span><\/span> <b>RM Mekatronik M\u00fchendislik Yaz\u0131l\u0131m<br>\n&nbsp;&nbsp;&nbsp;&nbsp;&nbsp;&nbsp;Sanayi Ticaret Ltd. \u015eti<\/b><br>\n&nbsp;&nbsp;&nbsp;&nbsp;&nbsp;&nbsp;Cafera\u011fa Mah. Dalga Sok. No:17<br>\n&nbsp;&nbsp;&nbsp;&nbsp;&nbsp;&nbsp;Moda - Kad\u0131k\u00f6y - \u0130stanbul<br><br>\n<span class=\"icon-container\"><span class=\"fa fa-phone\"><\/span><\/span> <b>+90 216 418 87 64<\/b><br>\n<span class=\"icon-container\"><span class=\"fa fa-fax\"><\/span><\/span> <b>This is year 2021! Fax ?<\/b><br>\n<span class=\"icon-container\"><span class=\"fa fa-envelope\"><\/span><\/span> <a href=\"mailto:info@rm-mechatronics.com\">info@rm-mechatronics.com<\/a><br><br>\n<span class=\"icon-container\"><span class=\"fa fa-home\"><\/span><\/span> <b>P.tesi - Cuma 9.00 - 18.00<\/b><br>\n&nbsp;&nbsp;&nbsp;&nbsp;&nbsp;&nbsp;&nbsp;&nbsp;&nbsp;&nbsp;Pazar KAPALI<\/div>\n\t\t<\/div><\/div><div id=\"pgc-29-2-1\"  class=\"panel-grid-cell\" ><div id=\"panel-29-2-1-0\" class=\"so-panel widget widget_text panel-first-child panel-last-child\" data-index=\"4\" >\t\t\t<div class=\"textwidget\"><div role=\"form\" class=\"wpcf7\" id=\"wpcf7-f4-o1\" lang=\"tr-TR\" dir=\"ltr\">\n<div class=\"screen-reader-response\"><p role=\"status\" aria-live=\"polite\" aria-atomic=\"true\"><\/p> <ul><\/ul><\/div>\n<form action=\"\/tr\/wp-json\/wp\/v2\/pages\/29#wpcf7-f4-o1\" method=\"post\" class=\"wpcf7-form init\" novalidate=\"novalidate\" data-status=\"init\">\n<div style=\"display: none;\">\n<input type=\"hidden\" name=\"_wpcf7\" value=\"4\" \/>\n<input type=\"hidden\" name=\"_wpcf7_version\" value=\"5.6.4\" \/>\n<input type=\"hidden\" name=\"_wpcf7_locale\" value=\"tr_TR\" \/>\n<input type=\"hidden\" name=\"_wpcf7_unit_tag\" value=\"wpcf7-f4-o1\" \/>\n<input type=\"hidden\" name=\"_wpcf7_container_post\" value=\"0\" \/>\n<input type=\"hidden\" name=\"_wpcf7_posted_data_hash\" value=\"\" \/>\n<input type=\"hidden\" name=\"_wpcf7_recaptcha_response\" value=\"\" \/>\n<\/div>\n<p><label> \u0130sminiz ve Soy \u0130sminiz (Zorunlu)<br \/>\n    <span class=\"wpcf7-form-control-wrap\" data-name=\"your-name\"><input type=\"text\" name=\"your-name\" value=\"\" size=\"40\" class=\"wpcf7-form-control wpcf7-text wpcf7-validates-as-required\" aria-required=\"true\" aria-invalid=\"false\" \/><\/span>  <\/label><br \/>\n<label> E-Posta Adresi  (Zorunlu)<br \/>\n    <span class=\"wpcf7-form-control-wrap\" data-name=\"your-email\"><input type=\"email\" name=\"your-email\" value=\"\" size=\"40\" class=\"wpcf7-form-control wpcf7-text wpcf7-email wpcf7-validates-as-required wpcf7-validates-as-email\" aria-required=\"true\" aria-invalid=\"false\" \/><\/span> <\/label><\/p>\n<p><label> Konu       <span class=\"wpcf7-form-control-wrap\" data-name=\"your-subject\"><input type=\"text\" name=\"your-subject\" value=\"\" size=\"40\" class=\"wpcf7-form-control wpcf7-text\" aria-invalid=\"false\" \/><\/span> <\/label><br \/>\n<label> Mesaj\u0131n\u0131z    <span class=\"wpcf7-form-control-wrap\" data-name=\"your-message\"><textarea name=\"your-message\" cols=\"40\" rows=\"10\" class=\"wpcf7-form-control wpcf7-textarea\" aria-invalid=\"false\"><\/textarea><\/span> <\/label><\/p>\n<span class=\"wpcf7-form-control-wrap recaptcha\" data-name=\"recaptcha\"><span data-sitekey=\"6Lfe6g4pAAAAAN4oFFj-MY1KTW7C38SrzZ78-VGn\" class=\"wpcf7-form-control g-recaptcha wpcf7-recaptcha\"><\/span>\r\n<noscript>\r\n\t<div class=\"grecaptcha-noscript\">\r\n\t\t<iframe src=\"https:\/\/www.google.com\/recaptcha\/api\/fallback?k=6Lfe6g4pAAAAAN4oFFj-MY1KTW7C38SrzZ78-VGn\" frameborder=\"0\" scrolling=\"no\">\r\n\t\t<\/iframe>\r\n\t\t<textarea name=\"g-recaptcha-response\" rows=\"3\" cols=\"40\" placeholder=\"reCaptcha Response Here\">\r\n\t\t<\/textarea>\r\n\t<\/div>\r\n<\/noscript>\r\n<\/span>\n<p><input type=\"submit\" value=\"G\u00f6nder\" class=\"wpcf7-form-control has-spinner wpcf7-submit\" \/><\/p>\n<div class=\"wpcf7-response-output\" aria-hidden=\"true\"><\/div><\/form><\/div><\/div>\n\t\t<\/div><\/div><div id=\"pgc-29-2-2\"  class=\"panel-grid-cell\" ><div id=\"panel-29-2-2-0\" class=\"so-panel widget widget_pt_social_icons widget-social-icons panel-first-child panel-last-child\" data-index=\"5\" >\t\t\t\t<a class=\"social-icons__link\" href=\"https:\/\/www.facebook.com\/rmmechatronics\/\" target=\"_blank\"><i class=\"fa  fa-facebook\"><\/i><\/a>\n\t\t\t\t\t\t\t<a class=\"social-icons__link\" href=\"https:\/\/twitter.com\/rmmechatronics\" target=\"_blank\"><i class=\"fa  fa-twitter\"><\/i><\/a>\n\t\t\t\t\t\t\t<a class=\"social-icons__link\" href=\"https:\/\/www.linkedin.com\/company\/rm-mechatronics\" target=\"_blank\"><i class=\"fa  fa-linkedin\"><\/i><\/a>\n\t\t\t<\/div><\/div><\/div><\/div>","protected":false},"excerpt":{"rendered":"<p>\u0130leti\u015fim RM Mekatronik M\u00fchendislik Yaz\u0131l\u0131m &nbsp;&nbsp;&nbsp;&nbsp;&nbsp;&nbsp;Sanayi Ticaret Ltd. \u015eti &nbsp;&nbsp;&nbsp;&nbsp;&nbsp;&nbsp;Cafera\u011fa Mah. Dalga Sok. No:17 &nbsp;&nbsp;&nbsp;&nbsp;&nbsp;&nbsp;Moda &#8211; Kad\u0131k\u00f6y &#8211; \u0130stanbul +90 216 418 87 64 This is year 2021! Fax ? info@rm-mechatronics.com P.tesi &#8211; Cuma 9.00 &#8211; 18.00 &nbsp;&nbsp;&nbsp;&nbsp;&nbsp;&nbsp;&nbsp;&nbsp;&nbsp;&nbsp;Pazar KAPALI \u0130sminiz ve Soy \u0130sminiz (Zorunlu) E-Posta Adresi (Zorunlu) Konu Mesaj\u0131n\u0131z<\/p>\n","protected":false},"author":2,"featured_media":0,"parent":0,"menu_order":0,"comment_status":"closed","ping_status":"closed","template":"template-builder-page.php","meta":{"footnotes":""},"acf":[],"yoast_head":"<!-- This site is optimized with the Yoast SEO plugin v19.8 - https:\/\/yoast.com\/wordpress\/plugins\/seo\/ -->\n<title>\u0130leti\u015fim - RM Mechatronics<\/title>\n<meta name=\"robots\" content=\"index, follow, max-snippet:-1, max-image-preview:large, max-video-preview:-1\" \/>\n<link rel=\"canonical\" href=\"https:\/\/rm-mechatronics.com\/tr\/iletisim\/\" \/>\n<meta name=\"twitter:label1\" content=\"Tahmini okuma s\u00fcresi\" \/>\n\t<meta name=\"twitter:data1\" content=\"1 dakika\" \/>\n<script type=\"application\/ld+json\" class=\"yoast-schema-graph\">{\"@context\":\"https:\/\/schema.org\",\"@graph\":[{\"@type\":\"Article\",\"@id\":\"https:\/\/rm-mechatronics.com\/tr\/iletisim\/#article\",\"isPartOf\":{\"@id\":\"https:\/\/rm-mechatronics.com\/tr\/iletisim\/\"},\"author\":{\"name\":\"admin\",\"@id\":\"https:\/\/rm-mechatronics.com\/tr\/#\/schema\/person\/975374cd7539c0f1081340b800a63482\"},\"headline\":\"\u0130leti\u015fim\",\"datePublished\":\"2014-10-20T12:48:29+00:00\",\"dateModified\":\"2022-05-30T09:33:00+00:00\",\"mainEntityOfPage\":{\"@id\":\"https:\/\/rm-mechatronics.com\/tr\/iletisim\/\"},\"wordCount\":98,\"publisher\":{\"@id\":\"https:\/\/rm-mechatronics.com\/tr\/#organization\"},\"inLanguage\":\"tr\"},{\"@type\":\"WebPage\",\"@id\":\"https:\/\/rm-mechatronics.com\/tr\/iletisim\/\",\"url\":\"https:\/\/rm-mechatronics.com\/tr\/iletisim\/\",\"name\":\"\u0130leti\u015fim - RM Mechatronics\",\"isPartOf\":{\"@id\":\"https:\/\/rm-mechatronics.com\/tr\/#website\"},\"datePublished\":\"2014-10-20T12:48:29+00:00\",\"dateModified\":\"2022-05-30T09:33:00+00:00\",\"breadcrumb\":{\"@id\":\"https:\/\/rm-mechatronics.com\/tr\/iletisim\/#breadcrumb\"},\"inLanguage\":\"tr\",\"potentialAction\":[{\"@type\":\"ReadAction\",\"target\":[\"https:\/\/rm-mechatronics.com\/tr\/iletisim\/\"]}]},{\"@type\":\"BreadcrumbList\",\"@id\":\"https:\/\/rm-mechatronics.com\/tr\/iletisim\/#breadcrumb\",\"itemListElement\":[{\"@type\":\"ListItem\",\"position\":1,\"name\":\"Anasayfa\",\"item\":\"https:\/\/rm-mechatronics.com\/tr\/\"},{\"@type\":\"ListItem\",\"position\":2,\"name\":\"\u0130leti\u015fim\"}]},{\"@type\":\"WebSite\",\"@id\":\"https:\/\/rm-mechatronics.com\/tr\/#website\",\"url\":\"https:\/\/rm-mechatronics.com\/tr\/\",\"name\":\"RM Mechatronics\",\"description\":\"Kalite Kontrol Denetim ve M\u00fchendislik Hizmetleri\",\"publisher\":{\"@id\":\"https:\/\/rm-mechatronics.com\/tr\/#organization\"},\"potentialAction\":[{\"@type\":\"SearchAction\",\"target\":{\"@type\":\"EntryPoint\",\"urlTemplate\":\"https:\/\/rm-mechatronics.com\/tr\/?s={search_term_string}\"},\"query-input\":\"required name=search_term_string\"}],\"inLanguage\":\"tr\"},{\"@type\":\"Organization\",\"@id\":\"https:\/\/rm-mechatronics.com\/tr\/#organization\",\"name\":\"RM-Mechatronics\",\"url\":\"https:\/\/rm-mechatronics.com\/tr\/\",\"sameAs\":[],\"logo\":{\"@type\":\"ImageObject\",\"inLanguage\":\"tr\",\"@id\":\"https:\/\/rm-mechatronics.com\/tr\/#\/schema\/logo\/image\/\",\"url\":\"https:\/\/rm-mechatronics.com\/wp-content\/uploads\/2020\/08\/small_RM_ORIGINAL-1.png\",\"contentUrl\":\"https:\/\/rm-mechatronics.com\/wp-content\/uploads\/2020\/08\/small_RM_ORIGINAL-1.png\",\"width\":302,\"height\":112,\"caption\":\"RM-Mechatronics\"},\"image\":{\"@id\":\"https:\/\/rm-mechatronics.com\/tr\/#\/schema\/logo\/image\/\"}},{\"@type\":\"Person\",\"@id\":\"https:\/\/rm-mechatronics.com\/tr\/#\/schema\/person\/975374cd7539c0f1081340b800a63482\",\"name\":\"admin\"}]}<\/script>\n<!-- \/ Yoast SEO plugin. -->","yoast_head_json":{"title":"\u0130leti\u015fim - RM Mechatronics","robots":{"index":"index","follow":"follow","max-snippet":"max-snippet:-1","max-image-preview":"max-image-preview:large","max-video-preview":"max-video-preview:-1"},"canonical":"https:\/\/rm-mechatronics.com\/tr\/iletisim\/","twitter_misc":{"Tahmini okuma s\u00fcresi":"1 dakika"},"schema":{"@context":"https:\/\/schema.org","@graph":[{"@type":"Article","@id":"https:\/\/rm-mechatronics.com\/tr\/iletisim\/#article","isPartOf":{"@id":"https:\/\/rm-mechatronics.com\/tr\/iletisim\/"},"author":{"name":"admin","@id":"https:\/\/rm-mechatronics.com\/tr\/#\/schema\/person\/975374cd7539c0f1081340b800a63482"},"headline":"\u0130leti\u015fim","datePublished":"2014-10-20T12:48:29+00:00","dateModified":"2022-05-30T09:33:00+00:00","mainEntityOfPage":{"@id":"https:\/\/rm-mechatronics.com\/tr\/iletisim\/"},"wordCount":98,"publisher":{"@id":"https:\/\/rm-mechatronics.com\/tr\/#organization"},"inLanguage":"tr"},{"@type":"WebPage","@id":"https:\/\/rm-mechatronics.com\/tr\/iletisim\/","url":"https:\/\/rm-mechatronics.com\/tr\/iletisim\/","name":"\u0130leti\u015fim - RM Mechatronics","isPartOf":{"@id":"https:\/\/rm-mechatronics.com\/tr\/#website"},"datePublished":"2014-10-20T12:48:29+00:00","dateModified":"2022-05-30T09:33:00+00:00","breadcrumb":{"@id":"https:\/\/rm-mechatronics.com\/tr\/iletisim\/#breadcrumb"},"inLanguage":"tr","potentialAction":[{"@type":"ReadAction","target":["https:\/\/rm-mechatronics.com\/tr\/iletisim\/"]}]},{"@type":"BreadcrumbList","@id":"https:\/\/rm-mechatronics.com\/tr\/iletisim\/#breadcrumb","itemListElement":[{"@type":"ListItem","position":1,"name":"Anasayfa","item":"https:\/\/rm-mechatronics.com\/tr\/"},{"@type":"ListItem","position":2,"name":"\u0130leti\u015fim"}]},{"@type":"WebSite","@id":"https:\/\/rm-mechatronics.com\/tr\/#website","url":"https:\/\/rm-mechatronics.com\/tr\/","name":"RM Mechatronics","description":"Kalite Kontrol Denetim ve M\u00fchendislik Hizmetleri","publisher":{"@id":"https:\/\/rm-mechatronics.com\/tr\/#organization"},"potentialAction":[{"@type":"SearchAction","target":{"@type":"EntryPoint","urlTemplate":"https:\/\/rm-mechatronics.com\/tr\/?s={search_term_string}"},"query-input":"required name=search_term_string"}],"inLanguage":"tr"},{"@type":"Organization","@id":"https:\/\/rm-mechatronics.com\/tr\/#organization","name":"RM-Mechatronics","url":"https:\/\/rm-mechatronics.com\/tr\/","sameAs":[],"logo":{"@type":"ImageObject","inLanguage":"tr","@id":"https:\/\/rm-mechatronics.com\/tr\/#\/schema\/logo\/image\/","url":"https:\/\/rm-mechatronics.com\/wp-content\/uploads\/2020\/08\/small_RM_ORIGINAL-1.png","contentUrl":"https:\/\/rm-mechatronics.com\/wp-content\/uploads\/2020\/08\/small_RM_ORIGINAL-1.png","width":302,"height":112,"caption":"RM-Mechatronics"},"image":{"@id":"https:\/\/rm-mechatronics.com\/tr\/#\/schema\/logo\/image\/"}},{"@type":"Person","@id":"https:\/\/rm-mechatronics.com\/tr\/#\/schema\/person\/975374cd7539c0f1081340b800a63482","name":"admin"}]}},"_links":{"self":[{"href":"https:\/\/rm-mechatronics.com\/tr\/wp-json\/wp\/v2\/pages\/29"}],"collection":[{"href":"https:\/\/rm-mechatronics.com\/tr\/wp-json\/wp\/v2\/pages"}],"about":[{"href":"https:\/\/rm-mechatronics.com\/tr\/wp-json\/wp\/v2\/types\/page"}],"author":[{"embeddable":true,"href":"https:\/\/rm-mechatronics.com\/tr\/wp-json\/wp\/v2\/users\/2"}],"replies":[{"embeddable":true,"href":"https:\/\/rm-mechatronics.com\/tr\/wp-json\/wp\/v2\/comments?post=29"}],"version-history":[{"count":0,"href":"https:\/\/rm-mechatronics.com\/tr\/wp-json\/wp\/v2\/pages\/29\/revisions"}],"wp:attachment":[{"href":"https:\/\/rm-mechatronics.com\/tr\/wp-json\/wp\/v2\/media?parent=29"}],"curies":[{"name":"wp","href":"https:\/\/api.w.org\/{rel}","templated":true}]}}