{"id":2854,"date":"2017-07-25T22:40:24","date_gmt":"2017-07-25T19:40:24","guid":{"rendered":"http:\/\/rm-mechatronics.com\/?page_id=2854"},"modified":"2022-03-04T16:08:29","modified_gmt":"2022-03-04T13:08:29","slug":"yorulma-analizi","status":"publish","type":"page","link":"https:\/\/rm-mechatronics.com\/tr\/hizmetlerimiz\/tasarim-analiz-hizmeleri\/yorulma-analizi\/","title":{"rendered":"Yorulma Analizi"},"content":{"rendered":"<p><span id=\"E473\">Yorulma analizi, cisimlerin \u00f6m\u00fcr hesab\u0131yla ilgili olan analiz t\u00fcr\u00fcd\u00fcr. Statik analiz i\u015fletme y\u00fck\u00fcn\u00fc anl\u0131k olarak dayan\u0131m\u0131 inceler ancak yorulma analizi i\u015fletme y\u00fck\u00fc sebebiyle ortaya \u00e7\u0131kabilecek olan \u00f6m\u00fcr\u00a0<\/span><span id=\"E475\">harcan\u0131m\u0131<\/span><span id=\"E477\">\u00a0gibi durumlar\u0131 incelememizi sa\u011flar. \u00d6rne\u011fin; belirli \u00e7al\u0131\u015fma ko\u015fullar\u0131 alt\u0131nda yap\u0131n\u0131n 3 y\u0131l sonra\u00a0<\/span><span id=\"E479\">yek\u00fcnde<\/span><span id=\"E481\">\u00a0%20\u2019lik bir hasara u\u011frayaca\u011f\u0131 yorulma analizinin bir sonucudur. E\u011fer dikkat edilmez ve \u00f6nlem al\u0131nmaz ise yorulma sebebiyle insan hayat\u0131 tehlikeye girebilir. E\u011fer yorulma analizi ile ilgili bilgi almak istiyorsan\u0131z l\u00fctfen teknik ekibimiz ile temasa ge\u00e7iniz.<\/span><\/p>\n","protected":false},"excerpt":{"rendered":"<p>Yorulma analizi, cisimlerin \u00f6m\u00fcr hesab\u0131yla ilgili olan analiz t\u00fcr\u00fcd\u00fcr. Statik analiz i\u015fletme y\u00fck\u00fcn\u00fc anl\u0131k olarak dayan\u0131m\u0131 inceler ancak yorulma analizi i\u015fletme y\u00fck\u00fc sebebiyle ortaya \u00e7\u0131kabilecek olan \u00f6m\u00fcr\u00a0harcan\u0131m\u0131\u00a0gibi durumlar\u0131 incelememizi sa\u011flar. \u00d6rne\u011fin; belirli \u00e7al\u0131\u015fma ko\u015fullar\u0131 alt\u0131nda yap\u0131n\u0131n 3 y\u0131l sonra\u00a0yek\u00fcnde\u00a0%20\u2019lik bir hasara u\u011frayaca\u011f\u0131 yorulma analizinin bir sonucudur. E\u011fer dikkat edilmez ve \u00f6nlem al\u0131nmaz ise yorulma sebebiyle &hellip;<\/p>\n","protected":false},"author":2,"featured_media":0,"parent":52,"menu_order":0,"comment_status":"closed","ping_status":"closed","template":"","meta":{"footnotes":""},"acf":[],"yoast_head":"<!-- This site is optimized with the Yoast SEO plugin v19.8 - https:\/\/yoast.com\/wordpress\/plugins\/seo\/ -->\n<title>Yorulma Analizi - RM Mechatronics<\/title>\n<meta name=\"description\" content=\"Yorulma analizi, cisimlerin \u00f6m\u00fcr hesab\u0131yla ilgili olan analiz t\u00fcr\u00fcd\u00fcr. Statik analiz i\u015fletme y\u00fck\u00fcn\u00fc anl\u0131k olarak dayan\u0131m\u0131 inceler.\" \/>\n<meta name=\"robots\" content=\"index, follow, max-snippet:-1, max-image-preview:large, max-video-preview:-1\" \/>\n<link rel=\"canonical\" href=\"https:\/\/rm-mechatronics.com\/tr\/hizmetlerimiz\/tasarim-analiz-hizmeleri\/yorulma-analizi\/\" \/>\n<meta name=\"twitter:label1\" content=\"Tahmini okuma s\u00fcresi\" \/>\n\t<meta name=\"twitter:data1\" content=\"1 dakika\" \/>\n<script type=\"application\/ld+json\" class=\"yoast-schema-graph\">{\"@context\":\"https:\/\/schema.org\",\"@graph\":[{\"@type\":\"Article\",\"@id\":\"https:\/\/rm-mechatronics.com\/tr\/hizmetlerimiz\/tasarim-analiz-hizmeleri\/yorulma-analizi\/#article\",\"isPartOf\":{\"@id\":\"https:\/\/rm-mechatronics.com\/tr\/hizmetlerimiz\/tasarim-analiz-hizmeleri\/yorulma-analizi\/\"},\"author\":{\"name\":\"admin\",\"@id\":\"https:\/\/rm-mechatronics.com\/tr\/#\/schema\/person\/975374cd7539c0f1081340b800a63482\"},\"headline\":\"Yorulma Analizi\",\"datePublished\":\"2017-07-25T19:40:24+00:00\",\"dateModified\":\"2022-03-04T13:08:29+00:00\",\"mainEntityOfPage\":{\"@id\":\"https:\/\/rm-mechatronics.com\/tr\/hizmetlerimiz\/tasarim-analiz-hizmeleri\/yorulma-analizi\/\"},\"wordCount\":108,\"publisher\":{\"@id\":\"https:\/\/rm-mechatronics.com\/tr\/#organization\"},\"inLanguage\":\"tr\"},{\"@type\":\"WebPage\",\"@id\":\"https:\/\/rm-mechatronics.com\/tr\/hizmetlerimiz\/tasarim-analiz-hizmeleri\/yorulma-analizi\/\",\"url\":\"https:\/\/rm-mechatronics.com\/tr\/hizmetlerimiz\/tasarim-analiz-hizmeleri\/yorulma-analizi\/\",\"name\":\"Yorulma Analizi - RM Mechatronics\",\"isPartOf\":{\"@id\":\"https:\/\/rm-mechatronics.com\/tr\/#website\"},\"datePublished\":\"2017-07-25T19:40:24+00:00\",\"dateModified\":\"2022-03-04T13:08:29+00:00\",\"description\":\"Yorulma analizi, cisimlerin \u00f6m\u00fcr hesab\u0131yla ilgili olan analiz t\u00fcr\u00fcd\u00fcr. Statik analiz i\u015fletme y\u00fck\u00fcn\u00fc anl\u0131k olarak dayan\u0131m\u0131 inceler.\",\"breadcrumb\":{\"@id\":\"https:\/\/rm-mechatronics.com\/tr\/hizmetlerimiz\/tasarim-analiz-hizmeleri\/yorulma-analizi\/#breadcrumb\"},\"inLanguage\":\"tr\",\"potentialAction\":[{\"@type\":\"ReadAction\",\"target\":[\"https:\/\/rm-mechatronics.com\/tr\/hizmetlerimiz\/tasarim-analiz-hizmeleri\/yorulma-analizi\/\"]}]},{\"@type\":\"BreadcrumbList\",\"@id\":\"https:\/\/rm-mechatronics.com\/tr\/hizmetlerimiz\/tasarim-analiz-hizmeleri\/yorulma-analizi\/#breadcrumb\",\"itemListElement\":[{\"@type\":\"ListItem\",\"position\":1,\"name\":\"Anasayfa\",\"item\":\"https:\/\/rm-mechatronics.com\/tr\/\"},{\"@type\":\"ListItem\",\"position\":2,\"name\":\"Hizmetlerimiz\",\"item\":\"https:\/\/rm-mechatronics.com\/tr\/hizmetlerimiz\/\"},{\"@type\":\"ListItem\",\"position\":3,\"name\":\"Tasar\u0131m ve Analiz Hizmetleri\",\"item\":\"https:\/\/rm-mechatronics.com\/tr\/hizmetlerimiz\/tasarim-analiz-hizmeleri\/\"},{\"@type\":\"ListItem\",\"position\":4,\"name\":\"Yorulma Analizi\"}]},{\"@type\":\"WebSite\",\"@id\":\"https:\/\/rm-mechatronics.com\/tr\/#website\",\"url\":\"https:\/\/rm-mechatronics.com\/tr\/\",\"name\":\"RM Mechatronics\",\"description\":\"Kalite Kontrol Denetim ve M\u00fchendislik Hizmetleri\",\"publisher\":{\"@id\":\"https:\/\/rm-mechatronics.com\/tr\/#organization\"},\"potentialAction\":[{\"@type\":\"SearchAction\",\"target\":{\"@type\":\"EntryPoint\",\"urlTemplate\":\"https:\/\/rm-mechatronics.com\/tr\/?s={search_term_string}\"},\"query-input\":\"required name=search_term_string\"}],\"inLanguage\":\"tr\"},{\"@type\":\"Organization\",\"@id\":\"https:\/\/rm-mechatronics.com\/tr\/#organization\",\"name\":\"RM-Mechatronics\",\"url\":\"https:\/\/rm-mechatronics.com\/tr\/\",\"sameAs\":[],\"logo\":{\"@type\":\"ImageObject\",\"inLanguage\":\"tr\",\"@id\":\"https:\/\/rm-mechatronics.com\/tr\/#\/schema\/logo\/image\/\",\"url\":\"https:\/\/rm-mechatronics.com\/wp-content\/uploads\/2020\/08\/small_RM_ORIGINAL-1.png\",\"contentUrl\":\"https:\/\/rm-mechatronics.com\/wp-content\/uploads\/2020\/08\/small_RM_ORIGINAL-1.png\",\"width\":302,\"height\":112,\"caption\":\"RM-Mechatronics\"},\"image\":{\"@id\":\"https:\/\/rm-mechatronics.com\/tr\/#\/schema\/logo\/image\/\"}},{\"@type\":\"Person\",\"@id\":\"https:\/\/rm-mechatronics.com\/tr\/#\/schema\/person\/975374cd7539c0f1081340b800a63482\",\"name\":\"admin\"}]}<\/script>\n<!-- \/ Yoast SEO plugin. -->","yoast_head_json":{"title":"Yorulma Analizi - RM Mechatronics","description":"Yorulma analizi, cisimlerin \u00f6m\u00fcr hesab\u0131yla ilgili olan analiz t\u00fcr\u00fcd\u00fcr. Statik analiz i\u015fletme y\u00fck\u00fcn\u00fc anl\u0131k olarak dayan\u0131m\u0131 inceler.","robots":{"index":"index","follow":"follow","max-snippet":"max-snippet:-1","max-image-preview":"max-image-preview:large","max-video-preview":"max-video-preview:-1"},"canonical":"https:\/\/rm-mechatronics.com\/tr\/hizmetlerimiz\/tasarim-analiz-hizmeleri\/yorulma-analizi\/","twitter_misc":{"Tahmini okuma s\u00fcresi":"1 dakika"},"schema":{"@context":"https:\/\/schema.org","@graph":[{"@type":"Article","@id":"https:\/\/rm-mechatronics.com\/tr\/hizmetlerimiz\/tasarim-analiz-hizmeleri\/yorulma-analizi\/#article","isPartOf":{"@id":"https:\/\/rm-mechatronics.com\/tr\/hizmetlerimiz\/tasarim-analiz-hizmeleri\/yorulma-analizi\/"},"author":{"name":"admin","@id":"https:\/\/rm-mechatronics.com\/tr\/#\/schema\/person\/975374cd7539c0f1081340b800a63482"},"headline":"Yorulma Analizi","datePublished":"2017-07-25T19:40:24+00:00","dateModified":"2022-03-04T13:08:29+00:00","mainEntityOfPage":{"@id":"https:\/\/rm-mechatronics.com\/tr\/hizmetlerimiz\/tasarim-analiz-hizmeleri\/yorulma-analizi\/"},"wordCount":108,"publisher":{"@id":"https:\/\/rm-mechatronics.com\/tr\/#organization"},"inLanguage":"tr"},{"@type":"WebPage","@id":"https:\/\/rm-mechatronics.com\/tr\/hizmetlerimiz\/tasarim-analiz-hizmeleri\/yorulma-analizi\/","url":"https:\/\/rm-mechatronics.com\/tr\/hizmetlerimiz\/tasarim-analiz-hizmeleri\/yorulma-analizi\/","name":"Yorulma Analizi - RM Mechatronics","isPartOf":{"@id":"https:\/\/rm-mechatronics.com\/tr\/#website"},"datePublished":"2017-07-25T19:40:24+00:00","dateModified":"2022-03-04T13:08:29+00:00","description":"Yorulma analizi, cisimlerin \u00f6m\u00fcr hesab\u0131yla ilgili olan analiz t\u00fcr\u00fcd\u00fcr. Statik analiz i\u015fletme y\u00fck\u00fcn\u00fc anl\u0131k olarak dayan\u0131m\u0131 inceler.","breadcrumb":{"@id":"https:\/\/rm-mechatronics.com\/tr\/hizmetlerimiz\/tasarim-analiz-hizmeleri\/yorulma-analizi\/#breadcrumb"},"inLanguage":"tr","potentialAction":[{"@type":"ReadAction","target":["https:\/\/rm-mechatronics.com\/tr\/hizmetlerimiz\/tasarim-analiz-hizmeleri\/yorulma-analizi\/"]}]},{"@type":"BreadcrumbList","@id":"https:\/\/rm-mechatronics.com\/tr\/hizmetlerimiz\/tasarim-analiz-hizmeleri\/yorulma-analizi\/#breadcrumb","itemListElement":[{"@type":"ListItem","position":1,"name":"Anasayfa","item":"https:\/\/rm-mechatronics.com\/tr\/"},{"@type":"ListItem","position":2,"name":"Hizmetlerimiz","item":"https:\/\/rm-mechatronics.com\/tr\/hizmetlerimiz\/"},{"@type":"ListItem","position":3,"name":"Tasar\u0131m ve Analiz Hizmetleri","item":"https:\/\/rm-mechatronics.com\/tr\/hizmetlerimiz\/tasarim-analiz-hizmeleri\/"},{"@type":"ListItem","position":4,"name":"Yorulma Analizi"}]},{"@type":"WebSite","@id":"https:\/\/rm-mechatronics.com\/tr\/#website","url":"https:\/\/rm-mechatronics.com\/tr\/","name":"RM Mechatronics","description":"Kalite Kontrol Denetim ve M\u00fchendislik Hizmetleri","publisher":{"@id":"https:\/\/rm-mechatronics.com\/tr\/#organization"},"potentialAction":[{"@type":"SearchAction","target":{"@type":"EntryPoint","urlTemplate":"https:\/\/rm-mechatronics.com\/tr\/?s={search_term_string}"},"query-input":"required name=search_term_string"}],"inLanguage":"tr"},{"@type":"Organization","@id":"https:\/\/rm-mechatronics.com\/tr\/#organization","name":"RM-Mechatronics","url":"https:\/\/rm-mechatronics.com\/tr\/","sameAs":[],"logo":{"@type":"ImageObject","inLanguage":"tr","@id":"https:\/\/rm-mechatronics.com\/tr\/#\/schema\/logo\/image\/","url":"https:\/\/rm-mechatronics.com\/wp-content\/uploads\/2020\/08\/small_RM_ORIGINAL-1.png","contentUrl":"https:\/\/rm-mechatronics.com\/wp-content\/uploads\/2020\/08\/small_RM_ORIGINAL-1.png","width":302,"height":112,"caption":"RM-Mechatronics"},"image":{"@id":"https:\/\/rm-mechatronics.com\/tr\/#\/schema\/logo\/image\/"}},{"@type":"Person","@id":"https:\/\/rm-mechatronics.com\/tr\/#\/schema\/person\/975374cd7539c0f1081340b800a63482","name":"admin"}]}},"_links":{"self":[{"href":"https:\/\/rm-mechatronics.com\/tr\/wp-json\/wp\/v2\/pages\/2854"}],"collection":[{"href":"https:\/\/rm-mechatronics.com\/tr\/wp-json\/wp\/v2\/pages"}],"about":[{"href":"https:\/\/rm-mechatronics.com\/tr\/wp-json\/wp\/v2\/types\/page"}],"author":[{"embeddable":true,"href":"https:\/\/rm-mechatronics.com\/tr\/wp-json\/wp\/v2\/users\/2"}],"replies":[{"embeddable":true,"href":"https:\/\/rm-mechatronics.com\/tr\/wp-json\/wp\/v2\/comments?post=2854"}],"version-history":[{"count":0,"href":"https:\/\/rm-mechatronics.com\/tr\/wp-json\/wp\/v2\/pages\/2854\/revisions"}],"up":[{"embeddable":true,"href":"https:\/\/rm-mechatronics.com\/tr\/wp-json\/wp\/v2\/pages\/52"}],"wp:attachment":[{"href":"https:\/\/rm-mechatronics.com\/tr\/wp-json\/wp\/v2\/media?parent=2854"}],"curies":[{"name":"wp","href":"https:\/\/api.w.org\/{rel}","templated":true}]}}