{"id":2809,"date":"2017-03-27T11:19:48","date_gmt":"2017-03-27T08:19:48","guid":{"rendered":"http:\/\/rm-mechatronics.com\/?page_id=2809"},"modified":"2022-08-03T16:29:33","modified_gmt":"2022-08-03T13:29:33","slug":"anasayfa","status":"publish","type":"page","link":"https:\/\/rm-mechatronics.com\/tr\/","title":{"rendered":"Anasayfa"},"content":{"rendered":"<div id=\"pl-2809\"  class=\"panel-layout\" ><div id=\"pg-2809-0\"  class=\"panel-grid panel-no-style\" ><div id=\"pgc-2809-0-0\"  class=\"panel-grid-cell panel-grid-cell-empty\" ><\/div><\/div><div id=\"pg-2809-1\"  class=\"panel-grid panel-no-style\" ><div id=\"pgc-2809-1-0\"  class=\"panel-grid-cell\" ><div id=\"panel-2809-1-0-0\" class=\"so-panel widget widget_pt_featured_page widget-featured-page panel-first-child\" data-index=\"0\" >\t\t\t\t<div class=\"page-box page-box--inline post-2809 page type-page status-publish hentry\">\n\t\t\t\t\t\t\t\t\t<a class=\"page-box__picture\" href=\"https:\/\/rm-mechatronics.com\/tr\/hizmetlerimiz\/tasarim-analiz-hizmeleri\/\"><img loading=\"lazy\" decoding=\"async\" width=\"100\" height=\"75\" src=\"https:\/\/rm-mechatronics.com\/wp-content\/uploads\/2014\/10\/Ats1-100x75.jpg\" class=\"attachment-100x75-crop size-100x75-crop wp-post-image\" alt=\"\" \/><\/a>\n\t\t\t\t\t\t\t\t\t<div class=\"page-box__content\">\n\t\t\t\t\t\t<h5 class=\"page-box__title  text-uppercase\"><a href=\"https:\/\/rm-mechatronics.com\/tr\/hizmetlerimiz\/tasarim-analiz-hizmeleri\/\">Tasar\u0131m ve Analiz Hizmetleri<\/a><\/h5>\n\t\t\t\t\t\t<p>EN ve ASTM standartlar\u0131 uyar\u0131nca tasar\u0131m ve \u00fcr\u00fcn geli\u015ftirme, &hellip;<\/p>\n\t\t\t\t\t\t\t\t\t\t\t<\/div>\n\t\t\t\t<\/div>\n\n\t\t\t<\/div><div id=\"panel-2809-1-0-1\" class=\"so-panel widget widget_pt_featured_page widget-featured-page\" data-index=\"1\" >\t\t\t\t<div class=\"page-box page-box--inline post-2809 page type-page status-publish hentry\">\n\t\t\t\t\t\t\t\t\t<a class=\"page-box__picture\" href=\"https:\/\/rm-mechatronics.com\/tr\/hizmetlerimiz\/olcum-raporlama-hizmetleri\/\"><img loading=\"lazy\" decoding=\"async\" width=\"100\" height=\"75\" src=\"https:\/\/rm-mechatronics.com\/wp-content\/uploads\/2022\/06\/measurement_services-100x75.jpg\" class=\"attachment-100x75-crop size-100x75-crop wp-post-image\" alt=\"\" \/><\/a>\n\t\t\t\t\t\t\t\t\t<div class=\"page-box__content\">\n\t\t\t\t\t\t<h5 class=\"page-box__title  text-uppercase\"><a href=\"https:\/\/rm-mechatronics.com\/tr\/hizmetlerimiz\/olcum-raporlama-hizmetleri\/\">\u00d6l\u00e7\u00fcm ve Raporlama Hizmetleri<\/a><\/h5>\n\t\t\t\t\t\t<p>Etkinlik ve end\u00fcstriyel \u00e7al\u0131\u015fmalarda d\u0131\u015f ortamda olu\u015fan &hellip;<\/p>\n\t\t\t\t\t\t\t\t\t\t\t<\/div>\n\t\t\t\t<\/div>\n\n\t\t\t<\/div><div id=\"panel-2809-1-0-2\" class=\"so-panel widget widget_pt_featured_page widget-featured-page panel-last-child\" data-index=\"2\" >\t\t\t\t<div class=\"page-box page-box--inline post-2809 page type-page status-publish hentry\">\n\t\t\t\t\t\t\t\t\t<a class=\"page-box__picture\" href=\"https:\/\/rm-mechatronics.com\/tr\/periyodik-muayene-hizmetleri\/kalite-kontrol-personel-tedarik\/\"><img loading=\"lazy\" decoding=\"async\" width=\"100\" height=\"75\" src=\"https:\/\/rm-mechatronics.com\/wp-content\/uploads\/2017\/03\/calismaarkadasi2-100x75.jpg\" class=\"attachment-100x75-crop size-100x75-crop wp-post-image\" alt=\"\" \/><\/a>\n\t\t\t\t\t\t\t\t\t<div class=\"page-box__content\">\n\t\t\t\t\t\t<h5 class=\"page-box__title  text-uppercase\"><a href=\"https:\/\/rm-mechatronics.com\/tr\/periyodik-muayene-hizmetleri\/kalite-kontrol-personel-tedarik\/\">Uzman Kalite Kontrol Personel Tedari\u011fi<\/a><\/h5>\n\t\t\t\t\t\t<p>RM Mekatronik, m\u00fc\u015fteri gereksinimlerine g\u00f6re T\u00fcrkiye ve d\u00fcnya &hellip;<\/p>\n\t\t\t\t\t\t\t\t\t\t\t<\/div>\n\t\t\t\t<\/div>\n\n\t\t\t<\/div><\/div><div id=\"pgc-2809-1-1\"  class=\"panel-grid-cell\" ><div id=\"panel-2809-1-1-0\" class=\"so-panel widget widget_pt_featured_page widget-featured-page panel-first-child\" data-index=\"3\" >\t\t\t\t<div class=\"page-box page-box--inline post-2809 page type-page status-publish hentry\">\n\t\t\t\t\t\t\t\t\t<a class=\"page-box__picture\" href=\"https:\/\/rm-mechatronics.com\/tr\/hizmetlerimiz\/endustriyel-kontrol-hizmetleri\/\"><img loading=\"lazy\" decoding=\"async\" width=\"100\" height=\"75\" src=\"https:\/\/rm-mechatronics.com\/wp-content\/uploads\/2014\/10\/content_05-100x75.jpg\" class=\"attachment-100x75-crop size-100x75-crop wp-post-image\" alt=\"Content Image\" \/><\/a>\n\t\t\t\t\t\t\t\t\t<div class=\"page-box__content\">\n\t\t\t\t\t\t<h5 class=\"page-box__title  text-uppercase\"><a href=\"https:\/\/rm-mechatronics.com\/tr\/hizmetlerimiz\/endustriyel-kontrol-hizmetleri\/\">End\u00fcstriyel Kontrol Hizmetleri<\/a><\/h5>\n\t\t\t\t\t\t<p>\u00d6nde gelen g\u00f6zetim, denetim, belgelendirme ve test tedarik\u00e7isi &hellip;<\/p>\n\t\t\t\t\t\t\t\t\t\t\t<\/div>\n\t\t\t\t<\/div>\n\n\t\t\t<\/div><div id=\"panel-2809-1-1-1\" class=\"so-panel widget widget_pt_featured_page widget-featured-page\" data-index=\"4\" >\t\t\t\t<div class=\"page-box page-box--inline post-2809 page type-page status-publish hentry\">\n\t\t\t\t\t\t\t\t\t<a class=\"page-box__picture\" href=\"https:\/\/rm-mechatronics.com\/tr\/hizmetlerimiz\/danismanlik-hizmetleri\/\"><img loading=\"lazy\" decoding=\"async\" width=\"100\" height=\"75\" src=\"https:\/\/rm-mechatronics.com\/wp-content\/uploads\/2014\/10\/project_14-100x75.jpg\" class=\"attachment-100x75-crop size-100x75-crop wp-post-image\" alt=\"Project Image\" \/><\/a>\n\t\t\t\t\t\t\t\t\t<div class=\"page-box__content\">\n\t\t\t\t\t\t<h5 class=\"page-box__title  text-uppercase\"><a href=\"https:\/\/rm-mechatronics.com\/tr\/hizmetlerimiz\/danismanlik-hizmetleri\/\">Teknik Dan\u0131\u015fmanl\u0131k Hizmetleri<\/a><\/h5>\n\t\t\t\t\t\t<p>Hukuki konularda uzman tavsiyesi, sat\u0131n alma m\u00fczakerelerinde &hellip;<\/p>\n\t\t\t\t\t\t\t\t\t\t\t<\/div>\n\t\t\t\t<\/div>\n\n\t\t\t<\/div><div id=\"panel-2809-1-1-2\" class=\"so-panel widget widget_pt_featured_page widget-featured-page panel-last-child\" data-index=\"5\" >\t\t\t\t<div class=\"page-box page-box--inline post-2809 page type-page status-publish hentry\">\n\t\t\t\t\t\t\t\t\t<a class=\"page-box__picture\" href=\"https:\/\/rm-mechatronics.com\/tr\/hizmetlerimiz\/etkinlik-muhendisligi\/\"><img loading=\"lazy\" decoding=\"async\" width=\"100\" height=\"75\" src=\"https:\/\/rm-mechatronics.com\/wp-content\/uploads\/2014\/10\/Staras2-100x75.jpg\" class=\"attachment-100x75-crop size-100x75-crop wp-post-image\" alt=\"\" \/><\/a>\n\t\t\t\t\t\t\t\t\t<div class=\"page-box__content\">\n\t\t\t\t\t\t<h5 class=\"page-box__title  text-uppercase\"><a href=\"https:\/\/rm-mechatronics.com\/tr\/hizmetlerimiz\/etkinlik-muhendisligi\/\">Etkinlik M\u00fchendisli\u011fi Hizmetleri<\/a><\/h5>\n\t\t\t\t\t\t<p>Festival, konser, veya ticari fuarlar gibi t\u00fcm etkinlikler i\u00e7in &hellip;<\/p>\n\t\t\t\t\t\t\t\t\t\t\t<\/div>\n\t\t\t\t<\/div>\n\n\t\t\t<\/div><\/div><div id=\"pgc-2809-1-2\"  class=\"panel-grid-cell\" ><div id=\"panel-2809-1-2-0\" class=\"so-panel widget widget_pt_featured_page widget-featured-page panel-first-child\" data-index=\"6\" >\t\t\t\t<div class=\"page-box page-box--inline post-2809 page type-page status-publish hentry\">\n\t\t\t\t\t\t\t\t\t<a class=\"page-box__picture\" href=\"https:\/\/rm-mechatronics.com\/tr\/periyodik-muayene-hizmetleri\/\"><img loading=\"lazy\" decoding=\"async\" width=\"100\" height=\"75\" src=\"https:\/\/rm-mechatronics.com\/wp-content\/uploads\/2022\/04\/periodic-cpntrol-service-100x75.jpg\" class=\"attachment-100x75-crop size-100x75-crop wp-post-image\" alt=\"periodic control service\" \/><\/a>\n\t\t\t\t\t\t\t\t\t<div class=\"page-box__content\">\n\t\t\t\t\t\t<h5 class=\"page-box__title  text-uppercase\"><a href=\"https:\/\/rm-mechatronics.com\/tr\/periyodik-muayene-hizmetleri\/\">Periyodik Kontrol Hizmetleri<\/a><\/h5>\n\t\t\t\t\t\t<p>RM Mechatronics , 28628 say\u0131l\u0131 \u0130\u015f Ekipmanlar\u0131n\u0131n Kullan\u0131m\u0131nda &hellip;<\/p>\n\t\t\t\t\t\t\t\t\t\t\t<\/div>\n\t\t\t\t<\/div>\n\n\t\t\t<\/div><div id=\"panel-2809-1-2-1\" class=\"so-panel widget widget_pt_featured_page widget-featured-page\" data-index=\"7\" >\t\t\t\t<div class=\"page-box page-box--inline post-2809 page type-page status-publish hentry\">\n\t\t\t\t\t\t\t\t\t<a class=\"page-box__picture\" href=\"https:\/\/rm-mechatronics.com\/tr\/tahribatsiz-muayene-yontemleri\/\"><img loading=\"lazy\" decoding=\"async\" width=\"100\" height=\"75\" src=\"https:\/\/rm-mechatronics.com\/wp-content\/uploads\/2022\/06\/ndt-100x75.jpg\" class=\"attachment-100x75-crop size-100x75-crop wp-post-image\" alt=\"\" srcset=\"https:\/\/rm-mechatronics.com\/wp-content\/uploads\/2022\/06\/ndt-100x75.jpg 100w, https:\/\/rm-mechatronics.com\/wp-content\/uploads\/2022\/06\/ndt-300x225.jpg 300w, https:\/\/rm-mechatronics.com\/wp-content\/uploads\/2022\/06\/ndt-555x416.jpg 555w, https:\/\/rm-mechatronics.com\/wp-content\/uploads\/2022\/06\/ndt.jpg 640w\" sizes=\"(max-width: 100px) 100vw, 100px\" \/><\/a>\n\t\t\t\t\t\t\t\t\t<div class=\"page-box__content\">\n\t\t\t\t\t\t<h5 class=\"page-box__title  text-uppercase\"><a href=\"https:\/\/rm-mechatronics.com\/tr\/tahribatsiz-muayene-yontemleri\/\">Tahribats\u0131z Muayene Hizmetleri<\/a><\/h5>\n\t\t\t\t\t\t<p>Tahribats\u0131z muayene, gerek imalat kontrolleri gerekse i\u015fletme &hellip;<\/p>\n\t\t\t\t\t\t\t\t\t\t\t<\/div>\n\t\t\t\t<\/div>\n\n\t\t\t<\/div><div id=\"panel-2809-1-2-2\" class=\"so-panel widget widget_pt_featured_page widget-featured-page panel-last-child\" data-index=\"8\" >\t\t\t\t<div class=\"page-box page-box--inline post-2809 page type-page status-publish hentry\">\n\t\t\t\t\t\t\t\t\t<a class=\"page-box__picture\" href=\"https:\/\/rm-mechatronics.com\/tr\/hizmetlerimiz\/egitim-hizmetleri\/\"><img loading=\"lazy\" decoding=\"async\" width=\"100\" height=\"75\" src=\"https:\/\/rm-mechatronics.com\/wp-content\/uploads\/2022\/06\/Egitim-100x75.gif\" class=\"attachment-100x75-crop size-100x75-crop wp-post-image\" alt=\"\" srcset=\"https:\/\/rm-mechatronics.com\/wp-content\/uploads\/2022\/06\/Egitim-100x75.gif 100w, https:\/\/rm-mechatronics.com\/wp-content\/uploads\/2022\/06\/Egitim-300x221.gif 300w, https:\/\/rm-mechatronics.com\/wp-content\/uploads\/2022\/06\/Egitim-555x409.gif 555w\" sizes=\"(max-width: 100px) 100vw, 100px\" \/><\/a>\n\t\t\t\t\t\t\t\t\t<div class=\"page-box__content\">\n\t\t\t\t\t\t<h5 class=\"page-box__title  text-uppercase\"><a href=\"https:\/\/rm-mechatronics.com\/tr\/hizmetlerimiz\/egitim-hizmetleri\/\">E\u011fitim Hizmetleri<\/a><\/h5>\n\t\t\t\t\t\t<p>Ba\u015fta etkinlik ve lunapark makineleri olmak \u00fczere uzmanl\u0131\u011f\u0131m\u0131z &hellip;<\/p>\n\t\t\t\t\t\t\t\t\t\t\t<\/div>\n\t\t\t\t<\/div>\n\n\t\t\t<\/div><\/div><\/div><div id=\"pg-2809-2\"  class=\"panel-grid panel-no-style\" ><div id=\"pgc-2809-2-0\"  class=\"panel-grid-cell\" ><div id=\"panel-2809-2-0-0\" class=\"so-panel widget widget_text panel-first-child panel-last-child\" data-index=\"9\" ><h3 class=\"widget-title\">REFERANSLARIMIZ<\/h3>\t\t\t<div class=\"textwidget\"><div class=\"logo-panel\">\n <div class=\"carousel slide media-carousel data-ride=\"carousel\" \" id=\"media\">\n        <div class=\"carousel-inner\">\n          <div class=\"item  active\">\n  <div class=\"row\">\n    <div class=\"col-xs-12  col-sm-2\">\n      <img decoding=\"async\" src=\"http:\/\/rm-mechatronics.com\/wp-content\/uploads\/2017\/03\/ref000.jpg\" alt=\"Client\">\n    <\/div>\n    <div class=\"col-xs-12  col-sm-2\">\n       <img decoding=\"async\" src=\"http:\/\/rm-mechatronics.com\/wp-content\/uploads\/2017\/03\/ref00.jpg\" alt=\"Client\">\n    <\/div>\n    <div class=\"col-xs-12  col-sm-2\">\n     <img decoding=\"async\" src=\"http:\/\/rm-mechatronics.com\/wp-content\/uploads\/2017\/03\/ref0.jpg\" alt=\"Client\">\n    <\/div>\n    <div class=\"col-xs-12  col-sm-2\">\n       <img decoding=\"async\" src=\"http:\/\/rm-mechatronics.com\/wp-content\/uploads\/2017\/03\/ref1.jpg\" alt=\"Client\">\n    <\/div>\n    <div class=\"col-xs-12  col-sm-2\">\n       <img decoding=\"async\" src=\"http:\/\/rm-mechatronics.com\/wp-content\/uploads\/2017\/03\/ref11.jpg\" alt=\"Client\">\n    <\/div>\n    <div class=\"col-xs-12  col-sm-2\">\n      <img decoding=\"async\" src=\"http:\/\/rm-mechatronics.com\/wp-content\/uploads\/2017\/03\/ref111.jpg\" alt=\"Client\">\n    <\/div>\n<\/div>\n<\/div>\n<div class=\"item\">\n<div class=\"row\">\n <div class=\"col-xs-12  col-sm-2\">\n      <img decoding=\"async\" src=\"http:\/\/rm-mechatronics.com\/wp-content\/uploads\/2017\/03\/ref2.jpg\" alt=\"Client\">\n    <\/div>\n <div class=\"col-xs-12  col-sm-2\">\n      <img decoding=\"async\" src=\"http:\/\/rm-mechatronics.com\/wp-content\/uploads\/2017\/03\/ref3.jpg\" alt=\"Client\">\n    <\/div>\n <div class=\"col-xs-12  col-sm-2\">\n      <img decoding=\"async\" src=\"http:\/\/rm-mechatronics.com\/wp-content\/uploads\/2017\/03\/ref4.jpg\" alt=\"Client\">\n    <\/div>\n <div class=\"col-xs-12  col-sm-2\">\n      <img decoding=\"async\" src=\"http:\/\/rm-mechatronics.com\/wp-content\/uploads\/2017\/03\/ref5.jpg\" alt=\"Client\">\n    <\/div>\n <div class=\"col-xs-12  col-sm-2\">\n      <img decoding=\"async\" src=\"http:\/\/rm-mechatronics.com\/wp-content\/uploads\/2017\/03\/ref6.jpg\" alt=\"Client\">\n    <\/div>\n <div class=\"col-xs-12  col-sm-2\">\n      <img decoding=\"async\" src=\"http:\/\/rm-mechatronics.com\/wp-content\/uploads\/2017\/03\/ref7.jpg\" alt=\"Client\">\n    <\/div>\n<\/div>\n<\/div>\n<div class=\"item\">\n<div class=\"row\">\n <div class=\"col-xs-12  col-sm-2\">\n      <img decoding=\"async\" src=\"http:\/\/rm-mechatronics.com\/wp-content\/uploads\/2017\/03\/ref8.jpg\" alt=\"Client\">\n    <\/div>\n <div class=\"col-xs-12  col-sm-2\">\n      <img decoding=\"async\" src=\"http:\/\/rm-mechatronics.com\/wp-content\/uploads\/2017\/03\/ref9.jpg\" alt=\"Client\">\n    <\/div>\n <div class=\"col-xs-12  col-sm-2\">\n      <img decoding=\"async\" src=\"http:\/\/rm-mechatronics.com\/wp-content\/uploads\/2017\/03\/ref10.jpg\" alt=\"Client\">\n    <\/div>\n <div class=\"col-xs-12  col-sm-2\">\n      <img decoding=\"async\" src=\"http:\/\/rm-mechatronics.com\/wp-content\/uploads\/2017\/03\/ref11.jpg\" alt=\"Client\">\n    <\/div>\n <div class=\"col-xs-12  col-sm-2\">\n      <img decoding=\"async\" src=\"http:\/\/rm-mechatronics.com\/wp-content\/uploads\/2017\/03\/ref12.jpg\" alt=\"Client\">\n    <\/div>\n <div class=\"col-xs-12  col-sm-2\">\n      <img decoding=\"async\" src=\"http:\/\/rm-mechatronics.com\/wp-content\/uploads\/2017\/03\/ref13.jpg\" alt=\"Client\">\n    <\/div>\n<\/div>\n<\/div>\n<div class=\"item\">\n<div class=\"row\">\n<div class=\"col-xs-12  col-sm-2\">\n      <img decoding=\"async\" src=\"http:\/\/rm-mechatronics.com\/wp-content\/uploads\/2017\/03\/ref14.jpg\" alt=\"Client\">\n    <\/div>\n<\/div>\n<\/div>\n  <\/div>\n<\/div>\n <a data-slide=\"prev\" href=\"#media\" class=\"left carousel-control\">\u2039<\/a>\n        <a data-slide=\"next\" href=\"#media\" class=\"right carousel-control\">\u203a<\/a>\n  <\/div>\n<\/div><\/div>\n\t\t<\/div><\/div><\/div><\/div>","protected":false},"excerpt":{"rendered":"<p>Tasar\u0131m ve Analiz Hizmetleri EN ve ASTM standartlar\u0131 uyar\u0131nca tasar\u0131m ve \u00fcr\u00fcn geli\u015ftirme, &hellip; \u00d6l\u00e7\u00fcm ve Raporlama Hizmetleri Etkinlik ve end\u00fcstriyel \u00e7al\u0131\u015fmalarda d\u0131\u015f ortamda olu\u015fan &hellip; Uzman Kalite Kontrol Personel Tedari\u011fi RM Mekatronik, m\u00fc\u015fteri gereksinimlerine g\u00f6re T\u00fcrkiye ve d\u00fcnya &hellip; End\u00fcstriyel Kontrol Hizmetleri \u00d6nde gelen g\u00f6zetim, denetim, belgelendirme ve test tedarik\u00e7isi &hellip; Teknik Dan\u0131\u015fmanl\u0131k Hizmetleri &hellip;<\/p>\n","protected":false},"author":2,"featured_media":0,"parent":0,"menu_order":0,"comment_status":"closed","ping_status":"closed","template":"template-front-page-slider.php","meta":{"footnotes":""},"acf":[],"yoast_head":"<!-- This site is optimized with the Yoast SEO plugin v19.8 - https:\/\/yoast.com\/wordpress\/plugins\/seo\/ -->\n<title>RM-Mechatronics<\/title>\n<meta name=\"description\" content=\"Kalite Kontrol Denetim ve M\u00fchendislik Hizmetleri\" \/>\n<meta name=\"robots\" content=\"index, follow, max-snippet:-1, max-image-preview:large, max-video-preview:-1\" \/>\n<link rel=\"canonical\" href=\"https:\/\/rm-mechatronics.com\/tr\/\" \/>\n<meta name=\"twitter:label1\" content=\"Tahmini okuma s\u00fcresi\" \/>\n\t<meta name=\"twitter:data1\" content=\"4 dakika\" \/>\n<script type=\"application\/ld+json\" class=\"yoast-schema-graph\">{\"@context\":\"https:\/\/schema.org\",\"@graph\":[{\"@type\":\"Article\",\"@id\":\"https:\/\/rm-mechatronics.com\/tr\/#article\",\"isPartOf\":{\"@id\":\"https:\/\/rm-mechatronics.com\/tr\/\"},\"author\":{\"name\":\"admin\",\"@id\":\"https:\/\/rm-mechatronics.com\/tr\/#\/schema\/person\/975374cd7539c0f1081340b800a63482\"},\"headline\":\"Anasayfa\",\"datePublished\":\"2017-03-27T08:19:48+00:00\",\"dateModified\":\"2022-08-03T13:29:33+00:00\",\"mainEntityOfPage\":{\"@id\":\"https:\/\/rm-mechatronics.com\/tr\/\"},\"wordCount\":74,\"publisher\":{\"@id\":\"https:\/\/rm-mechatronics.com\/tr\/#organization\"},\"inLanguage\":\"tr\"},{\"@type\":\"WebPage\",\"@id\":\"https:\/\/rm-mechatronics.com\/tr\/\",\"url\":\"https:\/\/rm-mechatronics.com\/tr\/\",\"name\":\"RM-Mechatronics\",\"isPartOf\":{\"@id\":\"https:\/\/rm-mechatronics.com\/tr\/#website\"},\"datePublished\":\"2017-03-27T08:19:48+00:00\",\"dateModified\":\"2022-08-03T13:29:33+00:00\",\"description\":\"Kalite Kontrol Denetim ve M\u00fchendislik Hizmetleri\",\"breadcrumb\":{\"@id\":\"https:\/\/rm-mechatronics.com\/tr\/#breadcrumb\"},\"inLanguage\":\"tr\",\"potentialAction\":[{\"@type\":\"ReadAction\",\"target\":[\"https:\/\/rm-mechatronics.com\/tr\/\"]}]},{\"@type\":\"BreadcrumbList\",\"@id\":\"https:\/\/rm-mechatronics.com\/tr\/#breadcrumb\",\"itemListElement\":[{\"@type\":\"ListItem\",\"position\":1,\"name\":\"Anasayfa\",\"item\":\"https:\/\/rm-mechatronics.com\/tr\/\"},{\"@type\":\"ListItem\",\"position\":2,\"name\":\"Anasayfa\"}]},{\"@type\":\"WebSite\",\"@id\":\"https:\/\/rm-mechatronics.com\/tr\/#website\",\"url\":\"https:\/\/rm-mechatronics.com\/tr\/\",\"name\":\"RM Mechatronics\",\"description\":\"Kalite Kontrol Denetim ve M\u00fchendislik Hizmetleri\",\"publisher\":{\"@id\":\"https:\/\/rm-mechatronics.com\/tr\/#organization\"},\"potentialAction\":[{\"@type\":\"SearchAction\",\"target\":{\"@type\":\"EntryPoint\",\"urlTemplate\":\"https:\/\/rm-mechatronics.com\/tr\/?s={search_term_string}\"},\"query-input\":\"required name=search_term_string\"}],\"inLanguage\":\"tr\"},{\"@type\":\"Organization\",\"@id\":\"https:\/\/rm-mechatronics.com\/tr\/#organization\",\"name\":\"RM-Mechatronics\",\"url\":\"https:\/\/rm-mechatronics.com\/tr\/\",\"sameAs\":[],\"logo\":{\"@type\":\"ImageObject\",\"inLanguage\":\"tr\",\"@id\":\"https:\/\/rm-mechatronics.com\/tr\/#\/schema\/logo\/image\/\",\"url\":\"https:\/\/rm-mechatronics.com\/wp-content\/uploads\/2020\/08\/small_RM_ORIGINAL-1.png\",\"contentUrl\":\"https:\/\/rm-mechatronics.com\/wp-content\/uploads\/2020\/08\/small_RM_ORIGINAL-1.png\",\"width\":302,\"height\":112,\"caption\":\"RM-Mechatronics\"},\"image\":{\"@id\":\"https:\/\/rm-mechatronics.com\/tr\/#\/schema\/logo\/image\/\"}},{\"@type\":\"Person\",\"@id\":\"https:\/\/rm-mechatronics.com\/tr\/#\/schema\/person\/975374cd7539c0f1081340b800a63482\",\"name\":\"admin\"}]}<\/script>\n<!-- \/ Yoast SEO plugin. -->","yoast_head_json":{"title":"RM-Mechatronics","description":"Kalite Kontrol Denetim ve M\u00fchendislik Hizmetleri","robots":{"index":"index","follow":"follow","max-snippet":"max-snippet:-1","max-image-preview":"max-image-preview:large","max-video-preview":"max-video-preview:-1"},"canonical":"https:\/\/rm-mechatronics.com\/tr\/","twitter_misc":{"Tahmini okuma s\u00fcresi":"4 dakika"},"schema":{"@context":"https:\/\/schema.org","@graph":[{"@type":"Article","@id":"https:\/\/rm-mechatronics.com\/tr\/#article","isPartOf":{"@id":"https:\/\/rm-mechatronics.com\/tr\/"},"author":{"name":"admin","@id":"https:\/\/rm-mechatronics.com\/tr\/#\/schema\/person\/975374cd7539c0f1081340b800a63482"},"headline":"Anasayfa","datePublished":"2017-03-27T08:19:48+00:00","dateModified":"2022-08-03T13:29:33+00:00","mainEntityOfPage":{"@id":"https:\/\/rm-mechatronics.com\/tr\/"},"wordCount":74,"publisher":{"@id":"https:\/\/rm-mechatronics.com\/tr\/#organization"},"inLanguage":"tr"},{"@type":"WebPage","@id":"https:\/\/rm-mechatronics.com\/tr\/","url":"https:\/\/rm-mechatronics.com\/tr\/","name":"RM-Mechatronics","isPartOf":{"@id":"https:\/\/rm-mechatronics.com\/tr\/#website"},"datePublished":"2017-03-27T08:19:48+00:00","dateModified":"2022-08-03T13:29:33+00:00","description":"Kalite Kontrol Denetim ve M\u00fchendislik Hizmetleri","breadcrumb":{"@id":"https:\/\/rm-mechatronics.com\/tr\/#breadcrumb"},"inLanguage":"tr","potentialAction":[{"@type":"ReadAction","target":["https:\/\/rm-mechatronics.com\/tr\/"]}]},{"@type":"BreadcrumbList","@id":"https:\/\/rm-mechatronics.com\/tr\/#breadcrumb","itemListElement":[{"@type":"ListItem","position":1,"name":"Anasayfa","item":"https:\/\/rm-mechatronics.com\/tr\/"},{"@type":"ListItem","position":2,"name":"Anasayfa"}]},{"@type":"WebSite","@id":"https:\/\/rm-mechatronics.com\/tr\/#website","url":"https:\/\/rm-mechatronics.com\/tr\/","name":"RM Mechatronics","description":"Kalite Kontrol Denetim ve M\u00fchendislik Hizmetleri","publisher":{"@id":"https:\/\/rm-mechatronics.com\/tr\/#organization"},"potentialAction":[{"@type":"SearchAction","target":{"@type":"EntryPoint","urlTemplate":"https:\/\/rm-mechatronics.com\/tr\/?s={search_term_string}"},"query-input":"required name=search_term_string"}],"inLanguage":"tr"},{"@type":"Organization","@id":"https:\/\/rm-mechatronics.com\/tr\/#organization","name":"RM-Mechatronics","url":"https:\/\/rm-mechatronics.com\/tr\/","sameAs":[],"logo":{"@type":"ImageObject","inLanguage":"tr","@id":"https:\/\/rm-mechatronics.com\/tr\/#\/schema\/logo\/image\/","url":"https:\/\/rm-mechatronics.com\/wp-content\/uploads\/2020\/08\/small_RM_ORIGINAL-1.png","contentUrl":"https:\/\/rm-mechatronics.com\/wp-content\/uploads\/2020\/08\/small_RM_ORIGINAL-1.png","width":302,"height":112,"caption":"RM-Mechatronics"},"image":{"@id":"https:\/\/rm-mechatronics.com\/tr\/#\/schema\/logo\/image\/"}},{"@type":"Person","@id":"https:\/\/rm-mechatronics.com\/tr\/#\/schema\/person\/975374cd7539c0f1081340b800a63482","name":"admin"}]}},"_links":{"self":[{"href":"https:\/\/rm-mechatronics.com\/tr\/wp-json\/wp\/v2\/pages\/2809"}],"collection":[{"href":"https:\/\/rm-mechatronics.com\/tr\/wp-json\/wp\/v2\/pages"}],"about":[{"href":"https:\/\/rm-mechatronics.com\/tr\/wp-json\/wp\/v2\/types\/page"}],"author":[{"embeddable":true,"href":"https:\/\/rm-mechatronics.com\/tr\/wp-json\/wp\/v2\/users\/2"}],"replies":[{"embeddable":true,"href":"https:\/\/rm-mechatronics.com\/tr\/wp-json\/wp\/v2\/comments?post=2809"}],"version-history":[{"count":2,"href":"https:\/\/rm-mechatronics.com\/tr\/wp-json\/wp\/v2\/pages\/2809\/revisions"}],"predecessor-version":[{"id":3911,"href":"https:\/\/rm-mechatronics.com\/tr\/wp-json\/wp\/v2\/pages\/2809\/revisions\/3911"}],"wp:attachment":[{"href":"https:\/\/rm-mechatronics.com\/tr\/wp-json\/wp\/v2\/media?parent=2809"}],"curies":[{"name":"wp","href":"https:\/\/api.w.org\/{rel}","templated":true}]}}