{"id":2711,"date":"2017-03-23T18:41:53","date_gmt":"2017-03-23T15:41:53","guid":{"rendered":"http:\/\/rm-mechatronics.com\/?page_id=2711"},"modified":"2022-03-04T16:53:18","modified_gmt":"2022-03-04T13:53:18","slug":"davranis-taahhutu","status":"publish","type":"page","link":"https:\/\/rm-mechatronics.com\/tr\/hakkimizda\/kalite-politikasi\/davranis-taahhutu\/","title":{"rendered":"Davran\u0131\u015f Taahh\u00fct\u00fc"},"content":{"rendered":"<p>RM Mechatronics \u00e7al\u0131\u015fanlar\u0131 a\u015fa\u011f\u0131daki davran\u0131\u015flara titizlikle uyarlar;<\/p>\n<ul>\n<li>G\u00f6revini yerine getirirken \u00e7al\u0131\u015fma arkada\u015flar\u0131na, m\u00fc\u015fterilere ve \u00fc\u00e7\u00fcnc\u00fc taraflara kar\u015f\u0131 sayg\u0131l\u0131, d\u00fcr\u00fcst ve tarafs\u0131z davran\u0131r.<\/li>\n<li>Ki\u015fisel, ailevi ya da i\u015f ili\u015fkisi bulunan m\u00fc\u015fteri ve ilgili taraflardan gelecek hizmet taleplerine ba\u011fl\u0131 i\u015flerde g\u00f6rev almaz.<\/li>\n<li>\u00c7\u0131kar \u00e7at\u0131\u015fmas\u0131 yaratacak aktivitelerde bulunmazlar.<\/li>\n<li>Her m\u00fc\u015fteri ve \u00e7al\u0131\u015fma arkada\u015f\u0131na ayn\u0131 profesyonellik d\u00fczeyi ve g\u00fcvenilirlikte hizmet \u00fcretir.<\/li>\n<li>Uzmanla\u015farak mesle\u011finde ilerlemek i\u00e7in \u00e7aba g\u00f6sterir, mesleki sayg\u0131nl\u0131\u011f\u0131n\u0131n artmas\u0131 i\u00e7in s\u00fcrekli ara\u015ft\u0131r\u0131r, kendini geli\u015ftirir.<\/li>\n<li>Benzer faaliyet g\u00f6steren kurum ve kurulu\u015flar\u0131n \u00e7al\u0131\u015fmalar\u0131n\u0131 takip eder, geli\u015fmelerden haberdar olur.<\/li>\n<li>G\u00f6revini icra ederken g\u00fcvenlik, sa\u011fl\u0131k, \u00e7evrenin korunmas\u0131 ve toplum refah\u0131n\u0131 \u00f6n planda tutar.<\/li>\n<li>G\u00f6revini, d\u00fcr\u00fcstl\u00fck ve onurunu koruyarak icra eder ve geli\u015ftirir.<\/li>\n<li>G\u00f6revini icra ederken elde etti\u011fi gizlili\u011fi olan bilgileri hi\u00e7 bir \u015fekilde \u00fc\u00e7\u00fcnc\u00fc taraflara vermez.<\/li>\n<li>Kendi kariyerini geli\u015ftirmek i\u00e7in g\u00f6sterdi\u011fi \u00e7abay\u0131, sorumlulu\u011funda olan \u00e7al\u0131\u015fanlar\u0131 i\u00e7in de g\u00f6sterir, kendilerini geli\u015ftirmeleri i\u00e7in f\u0131rsat tan\u0131r ve destek sa\u011flar.<\/li>\n<\/ul>\n","protected":false},"excerpt":{"rendered":"<p>RM Mechatronics \u00e7al\u0131\u015fanlar\u0131 a\u015fa\u011f\u0131daki davran\u0131\u015flara titizlikle uyarlar; G\u00f6revini yerine getirirken \u00e7al\u0131\u015fma arkada\u015flar\u0131na, m\u00fc\u015fterilere ve \u00fc\u00e7\u00fcnc\u00fc taraflara kar\u015f\u0131 sayg\u0131l\u0131, d\u00fcr\u00fcst ve tarafs\u0131z davran\u0131r. Ki\u015fisel, ailevi ya da i\u015f ili\u015fkisi bulunan m\u00fc\u015fteri ve ilgili taraflardan gelecek hizmet taleplerine ba\u011fl\u0131 i\u015flerde g\u00f6rev almaz. \u00c7\u0131kar \u00e7at\u0131\u015fmas\u0131 yaratacak aktivitelerde bulunmazlar. Her m\u00fc\u015fteri ve \u00e7al\u0131\u015fma arkada\u015f\u0131na ayn\u0131 profesyonellik d\u00fczeyi ve g\u00fcvenilirlikte &hellip;<\/p>\n","protected":false},"author":2,"featured_media":0,"parent":2581,"menu_order":0,"comment_status":"closed","ping_status":"closed","template":"","meta":{"footnotes":""},"acf":[],"yoast_head":"<!-- This site is optimized with the Yoast SEO plugin v19.8 - https:\/\/yoast.com\/wordpress\/plugins\/seo\/ -->\n<title>Davran\u0131\u015f Taahh\u00fct\u00fc - RM Mechatronics<\/title>\n<meta name=\"description\" content=\"G\u00f6revini yerine getirirken \u00e7al\u0131\u015fma arkada\u015flar\u0131na, m\u00fc\u015fterilere ve \u00fc\u00e7\u00fcnc\u00fc taraflara kar\u015f\u0131 sayg\u0131l\u0131, d\u00fcr\u00fcst ve tarafs\u0131z davran\u0131r.\" \/>\n<meta name=\"robots\" content=\"index, follow, max-snippet:-1, max-image-preview:large, max-video-preview:-1\" \/>\n<link rel=\"canonical\" href=\"https:\/\/rm-mechatronics.com\/tr\/hakkimizda\/kalite-politikasi\/davranis-taahhutu\/\" \/>\n<meta name=\"twitter:label1\" content=\"Tahmini okuma s\u00fcresi\" \/>\n\t<meta name=\"twitter:data1\" content=\"1 dakika\" \/>\n<script type=\"application\/ld+json\" class=\"yoast-schema-graph\">{\"@context\":\"https:\/\/schema.org\",\"@graph\":[{\"@type\":\"Article\",\"@id\":\"https:\/\/rm-mechatronics.com\/tr\/hakkimizda\/kalite-politikasi\/davranis-taahhutu\/#article\",\"isPartOf\":{\"@id\":\"https:\/\/rm-mechatronics.com\/tr\/hakkimizda\/kalite-politikasi\/davranis-taahhutu\/\"},\"author\":{\"name\":\"admin\",\"@id\":\"https:\/\/rm-mechatronics.com\/tr\/#\/schema\/person\/975374cd7539c0f1081340b800a63482\"},\"headline\":\"Davran\u0131\u015f Taahh\u00fct\u00fc\",\"datePublished\":\"2017-03-23T15:41:53+00:00\",\"dateModified\":\"2022-03-04T13:53:18+00:00\",\"mainEntityOfPage\":{\"@id\":\"https:\/\/rm-mechatronics.com\/tr\/hakkimizda\/kalite-politikasi\/davranis-taahhutu\/\"},\"wordCount\":213,\"publisher\":{\"@id\":\"https:\/\/rm-mechatronics.com\/tr\/#organization\"},\"inLanguage\":\"tr\"},{\"@type\":\"WebPage\",\"@id\":\"https:\/\/rm-mechatronics.com\/tr\/hakkimizda\/kalite-politikasi\/davranis-taahhutu\/\",\"url\":\"https:\/\/rm-mechatronics.com\/tr\/hakkimizda\/kalite-politikasi\/davranis-taahhutu\/\",\"name\":\"Davran\u0131\u015f Taahh\u00fct\u00fc - RM Mechatronics\",\"isPartOf\":{\"@id\":\"https:\/\/rm-mechatronics.com\/tr\/#website\"},\"datePublished\":\"2017-03-23T15:41:53+00:00\",\"dateModified\":\"2022-03-04T13:53:18+00:00\",\"description\":\"G\u00f6revini yerine getirirken \u00e7al\u0131\u015fma arkada\u015flar\u0131na, m\u00fc\u015fterilere ve \u00fc\u00e7\u00fcnc\u00fc taraflara kar\u015f\u0131 sayg\u0131l\u0131, d\u00fcr\u00fcst ve tarafs\u0131z davran\u0131r.\",\"breadcrumb\":{\"@id\":\"https:\/\/rm-mechatronics.com\/tr\/hakkimizda\/kalite-politikasi\/davranis-taahhutu\/#breadcrumb\"},\"inLanguage\":\"tr\",\"potentialAction\":[{\"@type\":\"ReadAction\",\"target\":[\"https:\/\/rm-mechatronics.com\/tr\/hakkimizda\/kalite-politikasi\/davranis-taahhutu\/\"]}]},{\"@type\":\"BreadcrumbList\",\"@id\":\"https:\/\/rm-mechatronics.com\/tr\/hakkimizda\/kalite-politikasi\/davranis-taahhutu\/#breadcrumb\",\"itemListElement\":[{\"@type\":\"ListItem\",\"position\":1,\"name\":\"Anasayfa\",\"item\":\"https:\/\/rm-mechatronics.com\/tr\/\"},{\"@type\":\"ListItem\",\"position\":2,\"name\":\"Hakk\u0131m\u0131zda\",\"item\":\"https:\/\/rm-mechatronics.com\/tr\/hakkimizda\/\"},{\"@type\":\"ListItem\",\"position\":3,\"name\":\"Kalite Politikas\u0131\",\"item\":\"https:\/\/rm-mechatronics.com\/tr\/hakkimizda\/kalite-politikasi\/\"},{\"@type\":\"ListItem\",\"position\":4,\"name\":\"Davran\u0131\u015f Taahh\u00fct\u00fc\"}]},{\"@type\":\"WebSite\",\"@id\":\"https:\/\/rm-mechatronics.com\/tr\/#website\",\"url\":\"https:\/\/rm-mechatronics.com\/tr\/\",\"name\":\"RM Mechatronics\",\"description\":\"Kalite Kontrol Denetim ve M\u00fchendislik Hizmetleri\",\"publisher\":{\"@id\":\"https:\/\/rm-mechatronics.com\/tr\/#organization\"},\"potentialAction\":[{\"@type\":\"SearchAction\",\"target\":{\"@type\":\"EntryPoint\",\"urlTemplate\":\"https:\/\/rm-mechatronics.com\/tr\/?s={search_term_string}\"},\"query-input\":\"required name=search_term_string\"}],\"inLanguage\":\"tr\"},{\"@type\":\"Organization\",\"@id\":\"https:\/\/rm-mechatronics.com\/tr\/#organization\",\"name\":\"RM-Mechatronics\",\"url\":\"https:\/\/rm-mechatronics.com\/tr\/\",\"sameAs\":[],\"logo\":{\"@type\":\"ImageObject\",\"inLanguage\":\"tr\",\"@id\":\"https:\/\/rm-mechatronics.com\/tr\/#\/schema\/logo\/image\/\",\"url\":\"https:\/\/rm-mechatronics.com\/wp-content\/uploads\/2020\/08\/small_RM_ORIGINAL-1.png\",\"contentUrl\":\"https:\/\/rm-mechatronics.com\/wp-content\/uploads\/2020\/08\/small_RM_ORIGINAL-1.png\",\"width\":302,\"height\":112,\"caption\":\"RM-Mechatronics\"},\"image\":{\"@id\":\"https:\/\/rm-mechatronics.com\/tr\/#\/schema\/logo\/image\/\"}},{\"@type\":\"Person\",\"@id\":\"https:\/\/rm-mechatronics.com\/tr\/#\/schema\/person\/975374cd7539c0f1081340b800a63482\",\"name\":\"admin\"}]}<\/script>\n<!-- \/ Yoast SEO plugin. -->","yoast_head_json":{"title":"Davran\u0131\u015f Taahh\u00fct\u00fc - RM Mechatronics","description":"G\u00f6revini yerine getirirken \u00e7al\u0131\u015fma arkada\u015flar\u0131na, m\u00fc\u015fterilere ve \u00fc\u00e7\u00fcnc\u00fc taraflara kar\u015f\u0131 sayg\u0131l\u0131, d\u00fcr\u00fcst ve tarafs\u0131z davran\u0131r.","robots":{"index":"index","follow":"follow","max-snippet":"max-snippet:-1","max-image-preview":"max-image-preview:large","max-video-preview":"max-video-preview:-1"},"canonical":"https:\/\/rm-mechatronics.com\/tr\/hakkimizda\/kalite-politikasi\/davranis-taahhutu\/","twitter_misc":{"Tahmini okuma s\u00fcresi":"1 dakika"},"schema":{"@context":"https:\/\/schema.org","@graph":[{"@type":"Article","@id":"https:\/\/rm-mechatronics.com\/tr\/hakkimizda\/kalite-politikasi\/davranis-taahhutu\/#article","isPartOf":{"@id":"https:\/\/rm-mechatronics.com\/tr\/hakkimizda\/kalite-politikasi\/davranis-taahhutu\/"},"author":{"name":"admin","@id":"https:\/\/rm-mechatronics.com\/tr\/#\/schema\/person\/975374cd7539c0f1081340b800a63482"},"headline":"Davran\u0131\u015f Taahh\u00fct\u00fc","datePublished":"2017-03-23T15:41:53+00:00","dateModified":"2022-03-04T13:53:18+00:00","mainEntityOfPage":{"@id":"https:\/\/rm-mechatronics.com\/tr\/hakkimizda\/kalite-politikasi\/davranis-taahhutu\/"},"wordCount":213,"publisher":{"@id":"https:\/\/rm-mechatronics.com\/tr\/#organization"},"inLanguage":"tr"},{"@type":"WebPage","@id":"https:\/\/rm-mechatronics.com\/tr\/hakkimizda\/kalite-politikasi\/davranis-taahhutu\/","url":"https:\/\/rm-mechatronics.com\/tr\/hakkimizda\/kalite-politikasi\/davranis-taahhutu\/","name":"Davran\u0131\u015f Taahh\u00fct\u00fc - RM Mechatronics","isPartOf":{"@id":"https:\/\/rm-mechatronics.com\/tr\/#website"},"datePublished":"2017-03-23T15:41:53+00:00","dateModified":"2022-03-04T13:53:18+00:00","description":"G\u00f6revini yerine getirirken \u00e7al\u0131\u015fma arkada\u015flar\u0131na, m\u00fc\u015fterilere ve \u00fc\u00e7\u00fcnc\u00fc taraflara kar\u015f\u0131 sayg\u0131l\u0131, d\u00fcr\u00fcst ve tarafs\u0131z davran\u0131r.","breadcrumb":{"@id":"https:\/\/rm-mechatronics.com\/tr\/hakkimizda\/kalite-politikasi\/davranis-taahhutu\/#breadcrumb"},"inLanguage":"tr","potentialAction":[{"@type":"ReadAction","target":["https:\/\/rm-mechatronics.com\/tr\/hakkimizda\/kalite-politikasi\/davranis-taahhutu\/"]}]},{"@type":"BreadcrumbList","@id":"https:\/\/rm-mechatronics.com\/tr\/hakkimizda\/kalite-politikasi\/davranis-taahhutu\/#breadcrumb","itemListElement":[{"@type":"ListItem","position":1,"name":"Anasayfa","item":"https:\/\/rm-mechatronics.com\/tr\/"},{"@type":"ListItem","position":2,"name":"Hakk\u0131m\u0131zda","item":"https:\/\/rm-mechatronics.com\/tr\/hakkimizda\/"},{"@type":"ListItem","position":3,"name":"Kalite Politikas\u0131","item":"https:\/\/rm-mechatronics.com\/tr\/hakkimizda\/kalite-politikasi\/"},{"@type":"ListItem","position":4,"name":"Davran\u0131\u015f Taahh\u00fct\u00fc"}]},{"@type":"WebSite","@id":"https:\/\/rm-mechatronics.com\/tr\/#website","url":"https:\/\/rm-mechatronics.com\/tr\/","name":"RM Mechatronics","description":"Kalite Kontrol Denetim ve M\u00fchendislik Hizmetleri","publisher":{"@id":"https:\/\/rm-mechatronics.com\/tr\/#organization"},"potentialAction":[{"@type":"SearchAction","target":{"@type":"EntryPoint","urlTemplate":"https:\/\/rm-mechatronics.com\/tr\/?s={search_term_string}"},"query-input":"required name=search_term_string"}],"inLanguage":"tr"},{"@type":"Organization","@id":"https:\/\/rm-mechatronics.com\/tr\/#organization","name":"RM-Mechatronics","url":"https:\/\/rm-mechatronics.com\/tr\/","sameAs":[],"logo":{"@type":"ImageObject","inLanguage":"tr","@id":"https:\/\/rm-mechatronics.com\/tr\/#\/schema\/logo\/image\/","url":"https:\/\/rm-mechatronics.com\/wp-content\/uploads\/2020\/08\/small_RM_ORIGINAL-1.png","contentUrl":"https:\/\/rm-mechatronics.com\/wp-content\/uploads\/2020\/08\/small_RM_ORIGINAL-1.png","width":302,"height":112,"caption":"RM-Mechatronics"},"image":{"@id":"https:\/\/rm-mechatronics.com\/tr\/#\/schema\/logo\/image\/"}},{"@type":"Person","@id":"https:\/\/rm-mechatronics.com\/tr\/#\/schema\/person\/975374cd7539c0f1081340b800a63482","name":"admin"}]}},"_links":{"self":[{"href":"https:\/\/rm-mechatronics.com\/tr\/wp-json\/wp\/v2\/pages\/2711"}],"collection":[{"href":"https:\/\/rm-mechatronics.com\/tr\/wp-json\/wp\/v2\/pages"}],"about":[{"href":"https:\/\/rm-mechatronics.com\/tr\/wp-json\/wp\/v2\/types\/page"}],"author":[{"embeddable":true,"href":"https:\/\/rm-mechatronics.com\/tr\/wp-json\/wp\/v2\/users\/2"}],"replies":[{"embeddable":true,"href":"https:\/\/rm-mechatronics.com\/tr\/wp-json\/wp\/v2\/comments?post=2711"}],"version-history":[{"count":0,"href":"https:\/\/rm-mechatronics.com\/tr\/wp-json\/wp\/v2\/pages\/2711\/revisions"}],"up":[{"embeddable":true,"href":"https:\/\/rm-mechatronics.com\/tr\/wp-json\/wp\/v2\/pages\/2581"}],"wp:attachment":[{"href":"https:\/\/rm-mechatronics.com\/tr\/wp-json\/wp\/v2\/media?parent=2711"}],"curies":[{"name":"wp","href":"https:\/\/api.w.org\/{rel}","templated":true}]}}