{"id":2702,"date":"2017-03-23T18:30:51","date_gmt":"2017-03-23T15:30:51","guid":{"rendered":"http:\/\/rm-mechatronics.com\/?page_id=2702"},"modified":"2017-03-23T19:11:07","modified_gmt":"2017-03-23T16:11:07","slug":"acik-is-pozisyonlari","status":"publish","type":"page","link":"https:\/\/rm-mechatronics.com\/tr\/hakkimizda\/insan-kaynaklari\/acik-is-pozisyonlari\/","title":{"rendered":"A\u00e7\u0131k \u0130\u015f Pozisyonlar\u0131"},"content":{"rendered":"<div id=\"pl-2702\"  class=\"panel-layout\" ><div id=\"pg-2702-0\"  class=\"panel-grid panel-no-style\" ><div id=\"pgc-2702-0-0\"  class=\"panel-grid-cell\" ><div id=\"panel-2702-0-0-0\" class=\"so-panel widget widget_black-studio-tinymce widget_black_studio_tinymce panel-first-child\" data-index=\"0\" ><div class=\"textwidget\"><p><img loading=\"lazy\" decoding=\"async\" class=\"size-medium wp-image-2619 aligncenter\" src=\"http:\/\/rm-mechatronics.com\/wp-content\/uploads\/2017\/03\/calismaarkadasi2-300x141.jpg\" alt=\"\" width=\"300\" height=\"141\" srcset=\"https:\/\/rm-mechatronics.com\/wp-content\/uploads\/2017\/03\/calismaarkadasi2-300x141.jpg 300w, https:\/\/rm-mechatronics.com\/wp-content\/uploads\/2017\/03\/calismaarkadasi2-768x360.jpg 768w, https:\/\/rm-mechatronics.com\/wp-content\/uploads\/2017\/03\/calismaarkadasi2-555x260.jpg 555w, https:\/\/rm-mechatronics.com\/wp-content\/uploads\/2017\/03\/calismaarkadasi2.jpg 800w\" sizes=\"(max-width: 300px) 100vw, 300px\" \/><\/p>\n<\/div><\/div><div id=\"panel-2702-0-0-1\" class=\"so-panel widget widget_black-studio-tinymce widget_black_studio_tinymce\" data-index=\"1\" ><h3 class=\"widget-title\">Mekanik Tesisat M\u00fchendisi (Ref: INSMEK)<\/h3><div class=\"textwidget\"><pre><br \/>- \u00dcniversitelerin elektrik m\u00fchendisli\u011fi b\u00f6l\u00fcm\u00fcnden mezun,<br \/>- Min 2 y\u0131l i\u015f tecr\u00fcbesine sahip<br \/>- Raporlama yetene\u011fine sahip,<br \/>- \u015eehir i\u00e7i ve \u015fehir d\u0131\u015f\u0131 seyahat engeli olmayan,<br \/>- Etkin ileti\u015fim becerisine sahip,<br \/>- MS Office(Word ,Excel) kullanabilen,<br \/>- \u0130stanbul'da ikamet eden,<br \/>- B s\u0131n\u0131f\u0131 s\u00fcr\u00fcc\u00fc belgesine sahip ve aktif ara\u00e7 kullanan<br \/>- \u0130leti\u015fim ve organizasyon becerileri geli\u015fmi\u015f;<br \/>- Detayc\u0131,dikkatli, d\u00fczenli \u00e7al\u0131\u015fmay\u0131 prensip edinmi\u015f;<br \/>- Diksiyonu d\u00fczg\u00fcn, prezentabl;<\/pre>\n<\/div><\/div><div id=\"panel-2702-0-0-2\" class=\"so-panel widget widget_pt_brochure_box widget-brochure-box\" data-index=\"2\" >\n\t\t\t<h4 class=\"sidebar__headings\">\u0130\u015f ba\u015fvuru Formu<\/h4>\n\t\t\t\t\t\t<a class=\"brochure-box\" href=\"http:\/\/rm-mechatronics.com\/wp-content\/uploads\/2017\/03\/isbasvuruformu.pdf\" >\n\t\t\t\t<i class=\"fa  fa-file-pdf-o\"><\/i>\n\t\t\t\t<h5 class=\"brochure-box__text\">\u0130\u015f ba\u015fvuru Formu<\/h5>\n\t\t\t<\/a>\n\n\t\t\t<\/div><div id=\"panel-2702-0-0-3\" class=\"so-panel widget widget_black-studio-tinymce widget_black_studio_tinymce\" data-index=\"3\" ><h3 class=\"widget-title\">Elektrik M\u00fchendisi (Ref: INSELK)<\/h3><div class=\"textwidget\"><pre>- \u00dcniversitelerin elektrik m\u00fchendisli\u011fi b\u00f6l\u00fcm\u00fcnden mezun,<br \/>- Min 2 y\u0131l i\u015f tecr\u00fcbesine sahip<br \/>- Raporlama yetene\u011fine sahip,<br \/>- \u015eehir i\u00e7i ve \u015fehir d\u0131\u015f\u0131 seyahat engeli olmayan,<br \/>- Etkin ileti\u015fim becerisine sahip,<br \/>- MS Office(Word ,Excel) kullanabilen,<br \/>- \u0130stanbul'da ikamet eden,<br \/>- B s\u0131n\u0131f\u0131 s\u00fcr\u00fcc\u00fc belgesine sahip ve aktif ara\u00e7 kullanan<br \/>- \u0130leti\u015fim ve organizasyon becerileri geli\u015fmi\u015f;<br \/>- Detayc\u0131,dikkatli, d\u00fczenli \u00e7al\u0131\u015fmay\u0131 prensip edinmi\u015f;<br \/>- Diksiyonu d\u00fczg\u00fcn, prezentabl;<\/pre>\n<\/div><\/div><div id=\"panel-2702-0-0-4\" class=\"so-panel widget widget_pt_brochure_box widget-brochure-box\" data-index=\"4\" >\n\t\t\t<h4 class=\"sidebar__headings\">\u0130\u015f ba\u015fvuru Formu<\/h4>\n\t\t\t\t\t\t<a class=\"brochure-box\" href=\"http:\/\/rm-mechatronics.com\/wp-content\/uploads\/2017\/03\/isbasvuruformu.pdf\" >\n\t\t\t\t<i class=\"fa  fa-file-pdf-o\"><\/i>\n\t\t\t\t<h5 class=\"brochure-box__text\">\u0130\u015f ba\u015fvuru Formu<\/h5>\n\t\t\t<\/a>\n\n\t\t\t<\/div><div id=\"panel-2702-0-0-5\" class=\"so-panel widget widget_black-studio-tinymce widget_black_studio_tinymce\" data-index=\"5\" ><h3 class=\"widget-title\">Kaynak M\u00fchendisi (Ref: INSKAY)<\/h3><div class=\"textwidget\"><pre>-\u00dcniversitelerin malzeme metalurji m\u00fchendisli\u011fi b\u00f6l\u00fcm\u00fcnden mezun,\n-\u00c7elik konstr\u00fcksiyon imalat\u0131 konusunda deneyimli,\n-Kaynakl\u0131 imalat konusunda en az 3 y\u0131l tecr\u00fcbeye sahip,\n-\u0130leri seviyede ingilizce bilen,\n-Erkek adaylar i\u00e7in askerlik hizmetini tamamlam\u0131\u015f,\n-Adapazar\u0131, Kocaeli, \u0130stanbul Anadolu Yakas\u0131 b\u00f6lgesinde ikamet eden\n-Kaynak M\u00fchendisi ar\u0131yoruz.<\/pre>\n<\/div><\/div><div id=\"panel-2702-0-0-6\" class=\"so-panel widget widget_pt_brochure_box widget-brochure-box panel-last-child\" data-index=\"6\" >\n\t\t\t<h4 class=\"sidebar__headings\">\u0130\u015f ba\u015fvuru Formu<\/h4>\n\t\t\t\t\t\t<a class=\"brochure-box\" href=\"http:\/\/rm-mechatronics.com\/wp-content\/uploads\/2017\/03\/isbasvuruformu.pdf\" >\n\t\t\t\t<i class=\"fa  fa-file-pdf-o\"><\/i>\n\t\t\t\t<h5 class=\"brochure-box__text\">\u0130\u015f ba\u015fvuru Formu<\/h5>\n\t\t\t<\/a>\n\n\t\t\t<\/div><\/div><\/div><\/div>","protected":false},"excerpt":{"rendered":"<p>&#8211; \u00dcniversitelerin elektrik m\u00fchendisli\u011fi b\u00f6l\u00fcm\u00fcnden mezun,- Min 2 y\u0131l i\u015f tecr\u00fcbesine sahip- Raporlama yetene\u011fine sahip,- \u015eehir i\u00e7i ve \u015fehir d\u0131\u015f\u0131 seyahat engeli olmayan,- Etkin ileti\u015fim becerisine sahip,- MS Office(Word ,Excel) kullanabilen,- \u0130stanbul&#8217;da ikamet eden,- B s\u0131n\u0131f\u0131 s\u00fcr\u00fcc\u00fc belgesine sahip ve aktif ara\u00e7 kullanan- \u0130leti\u015fim ve organizasyon becerileri geli\u015fmi\u015f;- Detayc\u0131,dikkatli, d\u00fczenli \u00e7al\u0131\u015fmay\u0131 prensip edinmi\u015f;- Diksiyonu d\u00fczg\u00fcn, &hellip;<\/p>\n","protected":false},"author":2,"featured_media":0,"parent":2586,"menu_order":0,"comment_status":"closed","ping_status":"closed","template":"","meta":{"footnotes":""},"acf":[],"yoast_head":"<!-- This site is optimized with the Yoast SEO plugin v19.8 - https:\/\/yoast.com\/wordpress\/plugins\/seo\/ -->\n<title>A\u00e7\u0131k \u0130\u015f Pozisyonlar\u0131 - RM Mechatronics<\/title>\n<meta name=\"robots\" content=\"index, follow, max-snippet:-1, max-image-preview:large, max-video-preview:-1\" \/>\n<link rel=\"canonical\" href=\"https:\/\/rm-mechatronics.com\/tr\/hakkimizda\/insan-kaynaklari\/acik-is-pozisyonlari\/\" \/>\n<meta name=\"twitter:label1\" content=\"Tahmini okuma s\u00fcresi\" \/>\n\t<meta name=\"twitter:data1\" content=\"1 dakika\" \/>\n<script type=\"application\/ld+json\" class=\"yoast-schema-graph\">{\"@context\":\"https:\/\/schema.org\",\"@graph\":[{\"@type\":\"Article\",\"@id\":\"https:\/\/rm-mechatronics.com\/tr\/hakkimizda\/insan-kaynaklari\/acik-is-pozisyonlari\/#article\",\"isPartOf\":{\"@id\":\"https:\/\/rm-mechatronics.com\/tr\/hakkimizda\/insan-kaynaklari\/acik-is-pozisyonlari\/\"},\"author\":{\"name\":\"admin\",\"@id\":\"https:\/\/rm-mechatronics.com\/tr\/#\/schema\/person\/975374cd7539c0f1081340b800a63482\"},\"headline\":\"A\u00e7\u0131k \u0130\u015f Pozisyonlar\u0131\",\"datePublished\":\"2017-03-23T15:30:51+00:00\",\"dateModified\":\"2017-03-23T16:11:07+00:00\",\"mainEntityOfPage\":{\"@id\":\"https:\/\/rm-mechatronics.com\/tr\/hakkimizda\/insan-kaynaklari\/acik-is-pozisyonlari\/\"},\"wordCount\":40,\"publisher\":{\"@id\":\"https:\/\/rm-mechatronics.com\/tr\/#organization\"},\"inLanguage\":\"tr\"},{\"@type\":\"WebPage\",\"@id\":\"https:\/\/rm-mechatronics.com\/tr\/hakkimizda\/insan-kaynaklari\/acik-is-pozisyonlari\/\",\"url\":\"https:\/\/rm-mechatronics.com\/tr\/hakkimizda\/insan-kaynaklari\/acik-is-pozisyonlari\/\",\"name\":\"A\u00e7\u0131k \u0130\u015f Pozisyonlar\u0131 - RM Mechatronics\",\"isPartOf\":{\"@id\":\"https:\/\/rm-mechatronics.com\/tr\/#website\"},\"datePublished\":\"2017-03-23T15:30:51+00:00\",\"dateModified\":\"2017-03-23T16:11:07+00:00\",\"breadcrumb\":{\"@id\":\"https:\/\/rm-mechatronics.com\/tr\/hakkimizda\/insan-kaynaklari\/acik-is-pozisyonlari\/#breadcrumb\"},\"inLanguage\":\"tr\",\"potentialAction\":[{\"@type\":\"ReadAction\",\"target\":[\"https:\/\/rm-mechatronics.com\/tr\/hakkimizda\/insan-kaynaklari\/acik-is-pozisyonlari\/\"]}]},{\"@type\":\"BreadcrumbList\",\"@id\":\"https:\/\/rm-mechatronics.com\/tr\/hakkimizda\/insan-kaynaklari\/acik-is-pozisyonlari\/#breadcrumb\",\"itemListElement\":[{\"@type\":\"ListItem\",\"position\":1,\"name\":\"Anasayfa\",\"item\":\"https:\/\/rm-mechatronics.com\/tr\/\"},{\"@type\":\"ListItem\",\"position\":2,\"name\":\"Hakk\u0131m\u0131zda\",\"item\":\"https:\/\/rm-mechatronics.com\/tr\/hakkimizda\/\"},{\"@type\":\"ListItem\",\"position\":3,\"name\":\"\u0130nsan Kaynaklar\u0131\",\"item\":\"https:\/\/rm-mechatronics.com\/tr\/hakkimizda\/insan-kaynaklari\/\"},{\"@type\":\"ListItem\",\"position\":4,\"name\":\"A\u00e7\u0131k \u0130\u015f Pozisyonlar\u0131\"}]},{\"@type\":\"WebSite\",\"@id\":\"https:\/\/rm-mechatronics.com\/tr\/#website\",\"url\":\"https:\/\/rm-mechatronics.com\/tr\/\",\"name\":\"RM Mechatronics\",\"description\":\"Kalite Kontrol Denetim ve M\u00fchendislik Hizmetleri\",\"publisher\":{\"@id\":\"https:\/\/rm-mechatronics.com\/tr\/#organization\"},\"potentialAction\":[{\"@type\":\"SearchAction\",\"target\":{\"@type\":\"EntryPoint\",\"urlTemplate\":\"https:\/\/rm-mechatronics.com\/tr\/?s={search_term_string}\"},\"query-input\":\"required name=search_term_string\"}],\"inLanguage\":\"tr\"},{\"@type\":\"Organization\",\"@id\":\"https:\/\/rm-mechatronics.com\/tr\/#organization\",\"name\":\"RM-Mechatronics\",\"url\":\"https:\/\/rm-mechatronics.com\/tr\/\",\"sameAs\":[],\"logo\":{\"@type\":\"ImageObject\",\"inLanguage\":\"tr\",\"@id\":\"https:\/\/rm-mechatronics.com\/tr\/#\/schema\/logo\/image\/\",\"url\":\"https:\/\/rm-mechatronics.com\/wp-content\/uploads\/2020\/08\/small_RM_ORIGINAL-1.png\",\"contentUrl\":\"https:\/\/rm-mechatronics.com\/wp-content\/uploads\/2020\/08\/small_RM_ORIGINAL-1.png\",\"width\":302,\"height\":112,\"caption\":\"RM-Mechatronics\"},\"image\":{\"@id\":\"https:\/\/rm-mechatronics.com\/tr\/#\/schema\/logo\/image\/\"}},{\"@type\":\"Person\",\"@id\":\"https:\/\/rm-mechatronics.com\/tr\/#\/schema\/person\/975374cd7539c0f1081340b800a63482\",\"name\":\"admin\"}]}<\/script>\n<!-- \/ Yoast SEO plugin. -->","yoast_head_json":{"title":"A\u00e7\u0131k \u0130\u015f Pozisyonlar\u0131 - RM Mechatronics","robots":{"index":"index","follow":"follow","max-snippet":"max-snippet:-1","max-image-preview":"max-image-preview:large","max-video-preview":"max-video-preview:-1"},"canonical":"https:\/\/rm-mechatronics.com\/tr\/hakkimizda\/insan-kaynaklari\/acik-is-pozisyonlari\/","twitter_misc":{"Tahmini okuma s\u00fcresi":"1 dakika"},"schema":{"@context":"https:\/\/schema.org","@graph":[{"@type":"Article","@id":"https:\/\/rm-mechatronics.com\/tr\/hakkimizda\/insan-kaynaklari\/acik-is-pozisyonlari\/#article","isPartOf":{"@id":"https:\/\/rm-mechatronics.com\/tr\/hakkimizda\/insan-kaynaklari\/acik-is-pozisyonlari\/"},"author":{"name":"admin","@id":"https:\/\/rm-mechatronics.com\/tr\/#\/schema\/person\/975374cd7539c0f1081340b800a63482"},"headline":"A\u00e7\u0131k \u0130\u015f Pozisyonlar\u0131","datePublished":"2017-03-23T15:30:51+00:00","dateModified":"2017-03-23T16:11:07+00:00","mainEntityOfPage":{"@id":"https:\/\/rm-mechatronics.com\/tr\/hakkimizda\/insan-kaynaklari\/acik-is-pozisyonlari\/"},"wordCount":40,"publisher":{"@id":"https:\/\/rm-mechatronics.com\/tr\/#organization"},"inLanguage":"tr"},{"@type":"WebPage","@id":"https:\/\/rm-mechatronics.com\/tr\/hakkimizda\/insan-kaynaklari\/acik-is-pozisyonlari\/","url":"https:\/\/rm-mechatronics.com\/tr\/hakkimizda\/insan-kaynaklari\/acik-is-pozisyonlari\/","name":"A\u00e7\u0131k \u0130\u015f Pozisyonlar\u0131 - RM Mechatronics","isPartOf":{"@id":"https:\/\/rm-mechatronics.com\/tr\/#website"},"datePublished":"2017-03-23T15:30:51+00:00","dateModified":"2017-03-23T16:11:07+00:00","breadcrumb":{"@id":"https:\/\/rm-mechatronics.com\/tr\/hakkimizda\/insan-kaynaklari\/acik-is-pozisyonlari\/#breadcrumb"},"inLanguage":"tr","potentialAction":[{"@type":"ReadAction","target":["https:\/\/rm-mechatronics.com\/tr\/hakkimizda\/insan-kaynaklari\/acik-is-pozisyonlari\/"]}]},{"@type":"BreadcrumbList","@id":"https:\/\/rm-mechatronics.com\/tr\/hakkimizda\/insan-kaynaklari\/acik-is-pozisyonlari\/#breadcrumb","itemListElement":[{"@type":"ListItem","position":1,"name":"Anasayfa","item":"https:\/\/rm-mechatronics.com\/tr\/"},{"@type":"ListItem","position":2,"name":"Hakk\u0131m\u0131zda","item":"https:\/\/rm-mechatronics.com\/tr\/hakkimizda\/"},{"@type":"ListItem","position":3,"name":"\u0130nsan Kaynaklar\u0131","item":"https:\/\/rm-mechatronics.com\/tr\/hakkimizda\/insan-kaynaklari\/"},{"@type":"ListItem","position":4,"name":"A\u00e7\u0131k \u0130\u015f Pozisyonlar\u0131"}]},{"@type":"WebSite","@id":"https:\/\/rm-mechatronics.com\/tr\/#website","url":"https:\/\/rm-mechatronics.com\/tr\/","name":"RM Mechatronics","description":"Kalite Kontrol Denetim ve M\u00fchendislik Hizmetleri","publisher":{"@id":"https:\/\/rm-mechatronics.com\/tr\/#organization"},"potentialAction":[{"@type":"SearchAction","target":{"@type":"EntryPoint","urlTemplate":"https:\/\/rm-mechatronics.com\/tr\/?s={search_term_string}"},"query-input":"required name=search_term_string"}],"inLanguage":"tr"},{"@type":"Organization","@id":"https:\/\/rm-mechatronics.com\/tr\/#organization","name":"RM-Mechatronics","url":"https:\/\/rm-mechatronics.com\/tr\/","sameAs":[],"logo":{"@type":"ImageObject","inLanguage":"tr","@id":"https:\/\/rm-mechatronics.com\/tr\/#\/schema\/logo\/image\/","url":"https:\/\/rm-mechatronics.com\/wp-content\/uploads\/2020\/08\/small_RM_ORIGINAL-1.png","contentUrl":"https:\/\/rm-mechatronics.com\/wp-content\/uploads\/2020\/08\/small_RM_ORIGINAL-1.png","width":302,"height":112,"caption":"RM-Mechatronics"},"image":{"@id":"https:\/\/rm-mechatronics.com\/tr\/#\/schema\/logo\/image\/"}},{"@type":"Person","@id":"https:\/\/rm-mechatronics.com\/tr\/#\/schema\/person\/975374cd7539c0f1081340b800a63482","name":"admin"}]}},"_links":{"self":[{"href":"https:\/\/rm-mechatronics.com\/tr\/wp-json\/wp\/v2\/pages\/2702"}],"collection":[{"href":"https:\/\/rm-mechatronics.com\/tr\/wp-json\/wp\/v2\/pages"}],"about":[{"href":"https:\/\/rm-mechatronics.com\/tr\/wp-json\/wp\/v2\/types\/page"}],"author":[{"embeddable":true,"href":"https:\/\/rm-mechatronics.com\/tr\/wp-json\/wp\/v2\/users\/2"}],"replies":[{"embeddable":true,"href":"https:\/\/rm-mechatronics.com\/tr\/wp-json\/wp\/v2\/comments?post=2702"}],"version-history":[{"count":0,"href":"https:\/\/rm-mechatronics.com\/tr\/wp-json\/wp\/v2\/pages\/2702\/revisions"}],"up":[{"embeddable":true,"href":"https:\/\/rm-mechatronics.com\/tr\/wp-json\/wp\/v2\/pages\/2586"}],"wp:attachment":[{"href":"https:\/\/rm-mechatronics.com\/tr\/wp-json\/wp\/v2\/media?parent=2702"}],"curies":[{"name":"wp","href":"https:\/\/api.w.org\/{rel}","templated":true}]}}