{"id":2696,"date":"2017-03-23T15:55:30","date_gmt":"2017-03-23T12:55:30","guid":{"rendered":"http:\/\/rm-mechatronics.com\/?page_id=2696"},"modified":"2022-03-04T16:53:39","modified_gmt":"2022-03-04T13:53:39","slug":"bagimsizlik-taahhutu","status":"publish","type":"page","link":"https:\/\/rm-mechatronics.com\/tr\/hakkimizda\/kalite-politikasi\/bagimsizlik-taahhutu\/","title":{"rendered":"Ba\u011f\u0131ms\u0131zl\u0131k Taahh\u00fct\u00fc"},"content":{"rendered":"<p>RM Mechatronics \u00fcst y\u00f6netimi ve \u00e7al\u0131\u015fanlar\u0131n\u0131n ba\u011f\u0131ms\u0131zl\u0131k konusundaki yakla\u015f\u0131m\u0131na ili\u015fkin taahh\u00fctleri a\u015fa\u011f\u0131da belirtilmi\u015ftir.<\/p>\n<ul>\n<li>Kurumun t\u00fcm birim ve kurullar\u0131nda bu ba\u011f\u0131ms\u0131zl\u0131k ilkesi esas al\u0131nm\u0131\u015f ve korunmu\u015ftur.<\/li>\n<li>Kurumun hizmetlerini y\u00fcr\u00fctmekle sorumlu ki\u015filer, belgelendirme hizmeti verdi\u011fi m\u00fc\u015fterilerin hi\u00e7bir \u015fekilde tedarik\u00e7isi, m\u00fc\u015fterisi veya ticari ili\u015fkili orta\u011f\u0131 olamaz.<\/li>\n<li>T\u00fcm deneylerin, deney y\u00f6ntemlerinin ve de\u011ferlendirme esaslar\u0131n\u0131n dizayn ve uygulanmas\u0131nda ba\u011f\u0131ms\u0131zl\u0131k ilkesi daima en \u00f6n planda yer al\u0131r.<\/li>\n<li>Kurum i\u015fleyi\u015finde \u015feffafl\u0131k, ba\u011f\u0131ms\u0131zl\u0131\u011f\u0131n temel ta\u015f\u0131 olarak al\u0131nm\u0131\u015ft\u0131r.<\/li>\n<li>Kurumun de\u011ferlendirme i\u015flemlerine kurum d\u0131\u015f\u0131ndan hi\u00e7 kimse hi\u00e7 bir \u015fart alt\u0131nda m\u00fcdehale edemez.<\/li>\n<li>Kurumun belgelendirme hizmetlerinde kulland\u0131\u011f\u0131 t\u00fcm tetkik\u00e7iler, laboratuvarlar ve dan\u0131\u015fmanlar, yap\u0131lan belgelendirme hizmetinin ba\u011f\u0131ms\u0131zl\u0131\u011f\u0131n\u0131, tarafs\u0131zl\u0131\u011f\u0131n\u0131 ve objektifli\u011fini sa\u011flamak amac\u0131 ile Hizmet S\u00f6zle\u015fmeleri ile g\u00fcvence alt\u0131na al\u0131nm\u0131\u015flard\u0131r.<\/li>\n<\/ul>\n","protected":false},"excerpt":{"rendered":"<p>RM Mechatronics \u00fcst y\u00f6netimi ve \u00e7al\u0131\u015fanlar\u0131n\u0131n ba\u011f\u0131ms\u0131zl\u0131k konusundaki yakla\u015f\u0131m\u0131na ili\u015fkin taahh\u00fctleri a\u015fa\u011f\u0131da belirtilmi\u015ftir. Kurumun t\u00fcm birim ve kurullar\u0131nda bu ba\u011f\u0131ms\u0131zl\u0131k ilkesi esas al\u0131nm\u0131\u015f ve korunmu\u015ftur. Kurumun hizmetlerini y\u00fcr\u00fctmekle sorumlu ki\u015filer, belgelendirme hizmeti verdi\u011fi m\u00fc\u015fterilerin hi\u00e7bir \u015fekilde tedarik\u00e7isi, m\u00fc\u015fterisi veya ticari ili\u015fkili orta\u011f\u0131 olamaz. T\u00fcm deneylerin, deney y\u00f6ntemlerinin ve de\u011ferlendirme esaslar\u0131n\u0131n dizayn ve uygulanmas\u0131nda ba\u011f\u0131ms\u0131zl\u0131k ilkesi &hellip;<\/p>\n","protected":false},"author":2,"featured_media":0,"parent":2581,"menu_order":0,"comment_status":"closed","ping_status":"closed","template":"","meta":{"footnotes":""},"acf":[],"yoast_head":"<!-- This site is optimized with the Yoast SEO plugin v19.8 - https:\/\/yoast.com\/wordpress\/plugins\/seo\/ -->\n<title>Ba\u011f\u0131ms\u0131zl\u0131k Taahh\u00fct\u00fc - RM Mechatronics<\/title>\n<meta name=\"description\" content=\"RM Mechatronics \u00fcst y\u00f6netimi ve \u00e7al\u0131\u015fanlar\u0131n\u0131n ba\u011f\u0131ms\u0131zl\u0131k konusundaki yakla\u015f\u0131m\u0131na ili\u015fkin taahh\u00fctleri a\u015fa\u011f\u0131da belirtilmi\u015ftir.\" \/>\n<meta name=\"robots\" content=\"index, follow, max-snippet:-1, max-image-preview:large, max-video-preview:-1\" \/>\n<link rel=\"canonical\" href=\"https:\/\/rm-mechatronics.com\/tr\/hakkimizda\/kalite-politikasi\/bagimsizlik-taahhutu\/\" \/>\n<meta name=\"twitter:label1\" content=\"Tahmini okuma s\u00fcresi\" \/>\n\t<meta name=\"twitter:data1\" content=\"1 dakika\" \/>\n<script type=\"application\/ld+json\" class=\"yoast-schema-graph\">{\"@context\":\"https:\/\/schema.org\",\"@graph\":[{\"@type\":\"Article\",\"@id\":\"https:\/\/rm-mechatronics.com\/tr\/hakkimizda\/kalite-politikasi\/bagimsizlik-taahhutu\/#article\",\"isPartOf\":{\"@id\":\"https:\/\/rm-mechatronics.com\/tr\/hakkimizda\/kalite-politikasi\/bagimsizlik-taahhutu\/\"},\"author\":{\"name\":\"admin\",\"@id\":\"https:\/\/rm-mechatronics.com\/tr\/#\/schema\/person\/975374cd7539c0f1081340b800a63482\"},\"headline\":\"Ba\u011f\u0131ms\u0131zl\u0131k Taahh\u00fct\u00fc\",\"datePublished\":\"2017-03-23T12:55:30+00:00\",\"dateModified\":\"2022-03-04T13:53:39+00:00\",\"mainEntityOfPage\":{\"@id\":\"https:\/\/rm-mechatronics.com\/tr\/hakkimizda\/kalite-politikasi\/bagimsizlik-taahhutu\/\"},\"wordCount\":185,\"publisher\":{\"@id\":\"https:\/\/rm-mechatronics.com\/tr\/#organization\"},\"inLanguage\":\"tr\"},{\"@type\":\"WebPage\",\"@id\":\"https:\/\/rm-mechatronics.com\/tr\/hakkimizda\/kalite-politikasi\/bagimsizlik-taahhutu\/\",\"url\":\"https:\/\/rm-mechatronics.com\/tr\/hakkimizda\/kalite-politikasi\/bagimsizlik-taahhutu\/\",\"name\":\"Ba\u011f\u0131ms\u0131zl\u0131k Taahh\u00fct\u00fc - RM Mechatronics\",\"isPartOf\":{\"@id\":\"https:\/\/rm-mechatronics.com\/tr\/#website\"},\"datePublished\":\"2017-03-23T12:55:30+00:00\",\"dateModified\":\"2022-03-04T13:53:39+00:00\",\"description\":\"RM Mechatronics \u00fcst y\u00f6netimi ve \u00e7al\u0131\u015fanlar\u0131n\u0131n ba\u011f\u0131ms\u0131zl\u0131k konusundaki yakla\u015f\u0131m\u0131na ili\u015fkin taahh\u00fctleri a\u015fa\u011f\u0131da belirtilmi\u015ftir.\",\"breadcrumb\":{\"@id\":\"https:\/\/rm-mechatronics.com\/tr\/hakkimizda\/kalite-politikasi\/bagimsizlik-taahhutu\/#breadcrumb\"},\"inLanguage\":\"tr\",\"potentialAction\":[{\"@type\":\"ReadAction\",\"target\":[\"https:\/\/rm-mechatronics.com\/tr\/hakkimizda\/kalite-politikasi\/bagimsizlik-taahhutu\/\"]}]},{\"@type\":\"BreadcrumbList\",\"@id\":\"https:\/\/rm-mechatronics.com\/tr\/hakkimizda\/kalite-politikasi\/bagimsizlik-taahhutu\/#breadcrumb\",\"itemListElement\":[{\"@type\":\"ListItem\",\"position\":1,\"name\":\"Anasayfa\",\"item\":\"https:\/\/rm-mechatronics.com\/tr\/\"},{\"@type\":\"ListItem\",\"position\":2,\"name\":\"Hakk\u0131m\u0131zda\",\"item\":\"https:\/\/rm-mechatronics.com\/tr\/hakkimizda\/\"},{\"@type\":\"ListItem\",\"position\":3,\"name\":\"Kalite Politikas\u0131\",\"item\":\"https:\/\/rm-mechatronics.com\/tr\/hakkimizda\/kalite-politikasi\/\"},{\"@type\":\"ListItem\",\"position\":4,\"name\":\"Ba\u011f\u0131ms\u0131zl\u0131k Taahh\u00fct\u00fc\"}]},{\"@type\":\"WebSite\",\"@id\":\"https:\/\/rm-mechatronics.com\/tr\/#website\",\"url\":\"https:\/\/rm-mechatronics.com\/tr\/\",\"name\":\"RM Mechatronics\",\"description\":\"Kalite Kontrol Denetim ve M\u00fchendislik Hizmetleri\",\"publisher\":{\"@id\":\"https:\/\/rm-mechatronics.com\/tr\/#organization\"},\"potentialAction\":[{\"@type\":\"SearchAction\",\"target\":{\"@type\":\"EntryPoint\",\"urlTemplate\":\"https:\/\/rm-mechatronics.com\/tr\/?s={search_term_string}\"},\"query-input\":\"required name=search_term_string\"}],\"inLanguage\":\"tr\"},{\"@type\":\"Organization\",\"@id\":\"https:\/\/rm-mechatronics.com\/tr\/#organization\",\"name\":\"RM-Mechatronics\",\"url\":\"https:\/\/rm-mechatronics.com\/tr\/\",\"sameAs\":[],\"logo\":{\"@type\":\"ImageObject\",\"inLanguage\":\"tr\",\"@id\":\"https:\/\/rm-mechatronics.com\/tr\/#\/schema\/logo\/image\/\",\"url\":\"https:\/\/rm-mechatronics.com\/wp-content\/uploads\/2020\/08\/small_RM_ORIGINAL-1.png\",\"contentUrl\":\"https:\/\/rm-mechatronics.com\/wp-content\/uploads\/2020\/08\/small_RM_ORIGINAL-1.png\",\"width\":302,\"height\":112,\"caption\":\"RM-Mechatronics\"},\"image\":{\"@id\":\"https:\/\/rm-mechatronics.com\/tr\/#\/schema\/logo\/image\/\"}},{\"@type\":\"Person\",\"@id\":\"https:\/\/rm-mechatronics.com\/tr\/#\/schema\/person\/975374cd7539c0f1081340b800a63482\",\"name\":\"admin\"}]}<\/script>\n<!-- \/ Yoast SEO plugin. -->","yoast_head_json":{"title":"Ba\u011f\u0131ms\u0131zl\u0131k Taahh\u00fct\u00fc - RM Mechatronics","description":"RM Mechatronics \u00fcst y\u00f6netimi ve \u00e7al\u0131\u015fanlar\u0131n\u0131n ba\u011f\u0131ms\u0131zl\u0131k konusundaki yakla\u015f\u0131m\u0131na ili\u015fkin taahh\u00fctleri a\u015fa\u011f\u0131da belirtilmi\u015ftir.","robots":{"index":"index","follow":"follow","max-snippet":"max-snippet:-1","max-image-preview":"max-image-preview:large","max-video-preview":"max-video-preview:-1"},"canonical":"https:\/\/rm-mechatronics.com\/tr\/hakkimizda\/kalite-politikasi\/bagimsizlik-taahhutu\/","twitter_misc":{"Tahmini okuma s\u00fcresi":"1 dakika"},"schema":{"@context":"https:\/\/schema.org","@graph":[{"@type":"Article","@id":"https:\/\/rm-mechatronics.com\/tr\/hakkimizda\/kalite-politikasi\/bagimsizlik-taahhutu\/#article","isPartOf":{"@id":"https:\/\/rm-mechatronics.com\/tr\/hakkimizda\/kalite-politikasi\/bagimsizlik-taahhutu\/"},"author":{"name":"admin","@id":"https:\/\/rm-mechatronics.com\/tr\/#\/schema\/person\/975374cd7539c0f1081340b800a63482"},"headline":"Ba\u011f\u0131ms\u0131zl\u0131k Taahh\u00fct\u00fc","datePublished":"2017-03-23T12:55:30+00:00","dateModified":"2022-03-04T13:53:39+00:00","mainEntityOfPage":{"@id":"https:\/\/rm-mechatronics.com\/tr\/hakkimizda\/kalite-politikasi\/bagimsizlik-taahhutu\/"},"wordCount":185,"publisher":{"@id":"https:\/\/rm-mechatronics.com\/tr\/#organization"},"inLanguage":"tr"},{"@type":"WebPage","@id":"https:\/\/rm-mechatronics.com\/tr\/hakkimizda\/kalite-politikasi\/bagimsizlik-taahhutu\/","url":"https:\/\/rm-mechatronics.com\/tr\/hakkimizda\/kalite-politikasi\/bagimsizlik-taahhutu\/","name":"Ba\u011f\u0131ms\u0131zl\u0131k Taahh\u00fct\u00fc - RM Mechatronics","isPartOf":{"@id":"https:\/\/rm-mechatronics.com\/tr\/#website"},"datePublished":"2017-03-23T12:55:30+00:00","dateModified":"2022-03-04T13:53:39+00:00","description":"RM Mechatronics \u00fcst y\u00f6netimi ve \u00e7al\u0131\u015fanlar\u0131n\u0131n ba\u011f\u0131ms\u0131zl\u0131k konusundaki yakla\u015f\u0131m\u0131na ili\u015fkin taahh\u00fctleri a\u015fa\u011f\u0131da belirtilmi\u015ftir.","breadcrumb":{"@id":"https:\/\/rm-mechatronics.com\/tr\/hakkimizda\/kalite-politikasi\/bagimsizlik-taahhutu\/#breadcrumb"},"inLanguage":"tr","potentialAction":[{"@type":"ReadAction","target":["https:\/\/rm-mechatronics.com\/tr\/hakkimizda\/kalite-politikasi\/bagimsizlik-taahhutu\/"]}]},{"@type":"BreadcrumbList","@id":"https:\/\/rm-mechatronics.com\/tr\/hakkimizda\/kalite-politikasi\/bagimsizlik-taahhutu\/#breadcrumb","itemListElement":[{"@type":"ListItem","position":1,"name":"Anasayfa","item":"https:\/\/rm-mechatronics.com\/tr\/"},{"@type":"ListItem","position":2,"name":"Hakk\u0131m\u0131zda","item":"https:\/\/rm-mechatronics.com\/tr\/hakkimizda\/"},{"@type":"ListItem","position":3,"name":"Kalite Politikas\u0131","item":"https:\/\/rm-mechatronics.com\/tr\/hakkimizda\/kalite-politikasi\/"},{"@type":"ListItem","position":4,"name":"Ba\u011f\u0131ms\u0131zl\u0131k Taahh\u00fct\u00fc"}]},{"@type":"WebSite","@id":"https:\/\/rm-mechatronics.com\/tr\/#website","url":"https:\/\/rm-mechatronics.com\/tr\/","name":"RM Mechatronics","description":"Kalite Kontrol Denetim ve M\u00fchendislik Hizmetleri","publisher":{"@id":"https:\/\/rm-mechatronics.com\/tr\/#organization"},"potentialAction":[{"@type":"SearchAction","target":{"@type":"EntryPoint","urlTemplate":"https:\/\/rm-mechatronics.com\/tr\/?s={search_term_string}"},"query-input":"required name=search_term_string"}],"inLanguage":"tr"},{"@type":"Organization","@id":"https:\/\/rm-mechatronics.com\/tr\/#organization","name":"RM-Mechatronics","url":"https:\/\/rm-mechatronics.com\/tr\/","sameAs":[],"logo":{"@type":"ImageObject","inLanguage":"tr","@id":"https:\/\/rm-mechatronics.com\/tr\/#\/schema\/logo\/image\/","url":"https:\/\/rm-mechatronics.com\/wp-content\/uploads\/2020\/08\/small_RM_ORIGINAL-1.png","contentUrl":"https:\/\/rm-mechatronics.com\/wp-content\/uploads\/2020\/08\/small_RM_ORIGINAL-1.png","width":302,"height":112,"caption":"RM-Mechatronics"},"image":{"@id":"https:\/\/rm-mechatronics.com\/tr\/#\/schema\/logo\/image\/"}},{"@type":"Person","@id":"https:\/\/rm-mechatronics.com\/tr\/#\/schema\/person\/975374cd7539c0f1081340b800a63482","name":"admin"}]}},"_links":{"self":[{"href":"https:\/\/rm-mechatronics.com\/tr\/wp-json\/wp\/v2\/pages\/2696"}],"collection":[{"href":"https:\/\/rm-mechatronics.com\/tr\/wp-json\/wp\/v2\/pages"}],"about":[{"href":"https:\/\/rm-mechatronics.com\/tr\/wp-json\/wp\/v2\/types\/page"}],"author":[{"embeddable":true,"href":"https:\/\/rm-mechatronics.com\/tr\/wp-json\/wp\/v2\/users\/2"}],"replies":[{"embeddable":true,"href":"https:\/\/rm-mechatronics.com\/tr\/wp-json\/wp\/v2\/comments?post=2696"}],"version-history":[{"count":0,"href":"https:\/\/rm-mechatronics.com\/tr\/wp-json\/wp\/v2\/pages\/2696\/revisions"}],"up":[{"embeddable":true,"href":"https:\/\/rm-mechatronics.com\/tr\/wp-json\/wp\/v2\/pages\/2581"}],"wp:attachment":[{"href":"https:\/\/rm-mechatronics.com\/tr\/wp-json\/wp\/v2\/media?parent=2696"}],"curies":[{"name":"wp","href":"https:\/\/api.w.org\/{rel}","templated":true}]}}