{"id":2692,"date":"2017-03-23T14:51:45","date_gmt":"2017-03-23T11:51:45","guid":{"rendered":"http:\/\/rm-mechatronics.com\/?page_id=2692"},"modified":"2017-03-24T12:52:55","modified_gmt":"2017-03-24T09:52:55","slug":"tarafsizlik-taahhutleri","status":"publish","type":"page","link":"https:\/\/rm-mechatronics.com\/tr\/hakkimizda\/kalite-politikasi\/tarafsizlik-taahhutleri\/","title":{"rendered":"Tarafs\u0131zl\u0131k Taahh\u00fct\u00fc"},"content":{"rendered":"<p>RM Mechatronics \u00fcst Y\u00f6netiminin, tarafs\u0131zl\u0131k konusundaki yakla\u015f\u0131m\u0131na ili\u015fkin taahh\u00fctleri a\u015fa\u011f\u0131da belirtilmi\u015ftir.<\/p>\n<ul>\n<li>Muayene ve kontrol faaliyetlerinin konuya taraf olan kesimlerden ba\u011f\u0131ms\u0131z ve objektif verilere dayal\u0131 g\u00fcvenilir bir \u015fekilde yerine getirilece\u011fini,<\/li>\n<li>Muayene ve kontrol faaliyetleri i\u00e7inde g\u00f6rev alan t\u00fcm \u00e7al\u0131\u015fanlar\u0131n ald\u0131\u011f\u0131 kararlar\u0131n etkilenmemesi i\u00e7in gerekli t\u00fcm \u00f6nlemlerin al\u0131naca\u011f\u0131n\u0131,<\/li>\n<li>Muayene ve kontrol kapsam\u0131m\u0131z i\u00e7erisinde objektif olmayan yorum ve de\u011ferlendirmeler yap\u0131lmayaca\u011f\u0131n\u0131, kurulu\u015flar\u0131 olumsuz y\u00f6nde etkileyecek davran\u0131\u015flarda bulunulmayaca\u011f\u0131n\u0131, tarafs\u0131z ve ba\u011f\u0131ms\u0131z davran\u0131laca\u011f\u0131n\u0131,<\/li>\n<li>T\u00fcm ekibimizle birlikte, muayene ve kontrol faaliyetlerimizde; ba\u011f\u0131ms\u0131zl\u0131\u011f\u0131m\u0131z ve tarafs\u0131zl\u0131\u011f\u0131m\u0131z hakk\u0131nda \u015f\u00fcphe uyand\u0131rabilecek; ticari, mali ve di\u011fer bask\u0131lardan kaynaklanan bir faaliyet i\u00e7inde bulunulmayaca\u011f\u0131n\u0131,<\/li>\n<li>Muayene ve kontrol faaliyetlerinin yap\u0131lmas\u0131nda tarafs\u0131zl\u0131\u011f\u0131n \u00f6neminin anla\u015f\u0131lmas\u0131n\u0131n sa\u011flanmas\u0131n\u0131, \u00e7\u0131kar \u00e7at\u0131\u015fmas\u0131 olabilecek noktalar\u0131n belirlenerek bunlar\u0131n y\u00f6netilmesini ve tarafs\u0131zl\u0131\u011f\u0131n garanti alt\u0131na al\u0131nmas\u0131n\u0131 taahh\u00fct eder.<\/li>\n<\/ul>\n","protected":false},"excerpt":{"rendered":"<p>RM Mechatronics \u00fcst Y\u00f6netiminin, tarafs\u0131zl\u0131k konusundaki yakla\u015f\u0131m\u0131na ili\u015fkin taahh\u00fctleri a\u015fa\u011f\u0131da belirtilmi\u015ftir. Muayene ve kontrol faaliyetlerinin konuya taraf olan kesimlerden ba\u011f\u0131ms\u0131z ve objektif verilere dayal\u0131 g\u00fcvenilir bir \u015fekilde yerine getirilece\u011fini, Muayene ve kontrol faaliyetleri i\u00e7inde g\u00f6rev alan t\u00fcm \u00e7al\u0131\u015fanlar\u0131n ald\u0131\u011f\u0131 kararlar\u0131n etkilenmemesi i\u00e7in gerekli t\u00fcm \u00f6nlemlerin al\u0131naca\u011f\u0131n\u0131, Muayene ve kontrol kapsam\u0131m\u0131z i\u00e7erisinde objektif olmayan yorum ve &hellip;<\/p>\n","protected":false},"author":2,"featured_media":0,"parent":2581,"menu_order":0,"comment_status":"closed","ping_status":"closed","template":"","meta":{"footnotes":""},"acf":[],"yoast_head":"<!-- This site is optimized with the Yoast SEO plugin v19.8 - https:\/\/yoast.com\/wordpress\/plugins\/seo\/ -->\n<title>Tarafs\u0131zl\u0131k Taahh\u00fct\u00fc - RM Mechatronics<\/title>\n<meta name=\"robots\" content=\"index, follow, max-snippet:-1, max-image-preview:large, max-video-preview:-1\" \/>\n<link rel=\"canonical\" href=\"https:\/\/rm-mechatronics.com\/tr\/hakkimizda\/kalite-politikasi\/tarafsizlik-taahhutleri\/\" \/>\n<meta name=\"twitter:label1\" content=\"Tahmini okuma s\u00fcresi\" \/>\n\t<meta name=\"twitter:data1\" content=\"1 dakika\" \/>\n<script type=\"application\/ld+json\" class=\"yoast-schema-graph\">{\"@context\":\"https:\/\/schema.org\",\"@graph\":[{\"@type\":\"Article\",\"@id\":\"https:\/\/rm-mechatronics.com\/tr\/hakkimizda\/kalite-politikasi\/tarafsizlik-taahhutleri\/#article\",\"isPartOf\":{\"@id\":\"https:\/\/rm-mechatronics.com\/tr\/hakkimizda\/kalite-politikasi\/tarafsizlik-taahhutleri\/\"},\"author\":{\"name\":\"admin\",\"@id\":\"https:\/\/rm-mechatronics.com\/tr\/#\/schema\/person\/975374cd7539c0f1081340b800a63482\"},\"headline\":\"Tarafs\u0131zl\u0131k Taahh\u00fct\u00fc\",\"datePublished\":\"2017-03-23T11:51:45+00:00\",\"dateModified\":\"2017-03-24T09:52:55+00:00\",\"mainEntityOfPage\":{\"@id\":\"https:\/\/rm-mechatronics.com\/tr\/hakkimizda\/kalite-politikasi\/tarafsizlik-taahhutleri\/\"},\"wordCount\":190,\"publisher\":{\"@id\":\"https:\/\/rm-mechatronics.com\/tr\/#organization\"},\"inLanguage\":\"tr\"},{\"@type\":\"WebPage\",\"@id\":\"https:\/\/rm-mechatronics.com\/tr\/hakkimizda\/kalite-politikasi\/tarafsizlik-taahhutleri\/\",\"url\":\"https:\/\/rm-mechatronics.com\/tr\/hakkimizda\/kalite-politikasi\/tarafsizlik-taahhutleri\/\",\"name\":\"Tarafs\u0131zl\u0131k Taahh\u00fct\u00fc - RM Mechatronics\",\"isPartOf\":{\"@id\":\"https:\/\/rm-mechatronics.com\/tr\/#website\"},\"datePublished\":\"2017-03-23T11:51:45+00:00\",\"dateModified\":\"2017-03-24T09:52:55+00:00\",\"breadcrumb\":{\"@id\":\"https:\/\/rm-mechatronics.com\/tr\/hakkimizda\/kalite-politikasi\/tarafsizlik-taahhutleri\/#breadcrumb\"},\"inLanguage\":\"tr\",\"potentialAction\":[{\"@type\":\"ReadAction\",\"target\":[\"https:\/\/rm-mechatronics.com\/tr\/hakkimizda\/kalite-politikasi\/tarafsizlik-taahhutleri\/\"]}]},{\"@type\":\"BreadcrumbList\",\"@id\":\"https:\/\/rm-mechatronics.com\/tr\/hakkimizda\/kalite-politikasi\/tarafsizlik-taahhutleri\/#breadcrumb\",\"itemListElement\":[{\"@type\":\"ListItem\",\"position\":1,\"name\":\"Anasayfa\",\"item\":\"https:\/\/rm-mechatronics.com\/tr\/\"},{\"@type\":\"ListItem\",\"position\":2,\"name\":\"Hakk\u0131m\u0131zda\",\"item\":\"https:\/\/rm-mechatronics.com\/tr\/hakkimizda\/\"},{\"@type\":\"ListItem\",\"position\":3,\"name\":\"Kalite Politikas\u0131\",\"item\":\"https:\/\/rm-mechatronics.com\/tr\/hakkimizda\/kalite-politikasi\/\"},{\"@type\":\"ListItem\",\"position\":4,\"name\":\"Tarafs\u0131zl\u0131k Taahh\u00fct\u00fc\"}]},{\"@type\":\"WebSite\",\"@id\":\"https:\/\/rm-mechatronics.com\/tr\/#website\",\"url\":\"https:\/\/rm-mechatronics.com\/tr\/\",\"name\":\"RM Mechatronics\",\"description\":\"Kalite Kontrol Denetim ve M\u00fchendislik Hizmetleri\",\"publisher\":{\"@id\":\"https:\/\/rm-mechatronics.com\/tr\/#organization\"},\"potentialAction\":[{\"@type\":\"SearchAction\",\"target\":{\"@type\":\"EntryPoint\",\"urlTemplate\":\"https:\/\/rm-mechatronics.com\/tr\/?s={search_term_string}\"},\"query-input\":\"required name=search_term_string\"}],\"inLanguage\":\"tr\"},{\"@type\":\"Organization\",\"@id\":\"https:\/\/rm-mechatronics.com\/tr\/#organization\",\"name\":\"RM-Mechatronics\",\"url\":\"https:\/\/rm-mechatronics.com\/tr\/\",\"sameAs\":[],\"logo\":{\"@type\":\"ImageObject\",\"inLanguage\":\"tr\",\"@id\":\"https:\/\/rm-mechatronics.com\/tr\/#\/schema\/logo\/image\/\",\"url\":\"https:\/\/rm-mechatronics.com\/wp-content\/uploads\/2020\/08\/small_RM_ORIGINAL-1.png\",\"contentUrl\":\"https:\/\/rm-mechatronics.com\/wp-content\/uploads\/2020\/08\/small_RM_ORIGINAL-1.png\",\"width\":302,\"height\":112,\"caption\":\"RM-Mechatronics\"},\"image\":{\"@id\":\"https:\/\/rm-mechatronics.com\/tr\/#\/schema\/logo\/image\/\"}},{\"@type\":\"Person\",\"@id\":\"https:\/\/rm-mechatronics.com\/tr\/#\/schema\/person\/975374cd7539c0f1081340b800a63482\",\"name\":\"admin\"}]}<\/script>\n<!-- \/ Yoast SEO plugin. -->","yoast_head_json":{"title":"Tarafs\u0131zl\u0131k Taahh\u00fct\u00fc - RM Mechatronics","robots":{"index":"index","follow":"follow","max-snippet":"max-snippet:-1","max-image-preview":"max-image-preview:large","max-video-preview":"max-video-preview:-1"},"canonical":"https:\/\/rm-mechatronics.com\/tr\/hakkimizda\/kalite-politikasi\/tarafsizlik-taahhutleri\/","twitter_misc":{"Tahmini okuma s\u00fcresi":"1 dakika"},"schema":{"@context":"https:\/\/schema.org","@graph":[{"@type":"Article","@id":"https:\/\/rm-mechatronics.com\/tr\/hakkimizda\/kalite-politikasi\/tarafsizlik-taahhutleri\/#article","isPartOf":{"@id":"https:\/\/rm-mechatronics.com\/tr\/hakkimizda\/kalite-politikasi\/tarafsizlik-taahhutleri\/"},"author":{"name":"admin","@id":"https:\/\/rm-mechatronics.com\/tr\/#\/schema\/person\/975374cd7539c0f1081340b800a63482"},"headline":"Tarafs\u0131zl\u0131k Taahh\u00fct\u00fc","datePublished":"2017-03-23T11:51:45+00:00","dateModified":"2017-03-24T09:52:55+00:00","mainEntityOfPage":{"@id":"https:\/\/rm-mechatronics.com\/tr\/hakkimizda\/kalite-politikasi\/tarafsizlik-taahhutleri\/"},"wordCount":190,"publisher":{"@id":"https:\/\/rm-mechatronics.com\/tr\/#organization"},"inLanguage":"tr"},{"@type":"WebPage","@id":"https:\/\/rm-mechatronics.com\/tr\/hakkimizda\/kalite-politikasi\/tarafsizlik-taahhutleri\/","url":"https:\/\/rm-mechatronics.com\/tr\/hakkimizda\/kalite-politikasi\/tarafsizlik-taahhutleri\/","name":"Tarafs\u0131zl\u0131k Taahh\u00fct\u00fc - RM Mechatronics","isPartOf":{"@id":"https:\/\/rm-mechatronics.com\/tr\/#website"},"datePublished":"2017-03-23T11:51:45+00:00","dateModified":"2017-03-24T09:52:55+00:00","breadcrumb":{"@id":"https:\/\/rm-mechatronics.com\/tr\/hakkimizda\/kalite-politikasi\/tarafsizlik-taahhutleri\/#breadcrumb"},"inLanguage":"tr","potentialAction":[{"@type":"ReadAction","target":["https:\/\/rm-mechatronics.com\/tr\/hakkimizda\/kalite-politikasi\/tarafsizlik-taahhutleri\/"]}]},{"@type":"BreadcrumbList","@id":"https:\/\/rm-mechatronics.com\/tr\/hakkimizda\/kalite-politikasi\/tarafsizlik-taahhutleri\/#breadcrumb","itemListElement":[{"@type":"ListItem","position":1,"name":"Anasayfa","item":"https:\/\/rm-mechatronics.com\/tr\/"},{"@type":"ListItem","position":2,"name":"Hakk\u0131m\u0131zda","item":"https:\/\/rm-mechatronics.com\/tr\/hakkimizda\/"},{"@type":"ListItem","position":3,"name":"Kalite Politikas\u0131","item":"https:\/\/rm-mechatronics.com\/tr\/hakkimizda\/kalite-politikasi\/"},{"@type":"ListItem","position":4,"name":"Tarafs\u0131zl\u0131k Taahh\u00fct\u00fc"}]},{"@type":"WebSite","@id":"https:\/\/rm-mechatronics.com\/tr\/#website","url":"https:\/\/rm-mechatronics.com\/tr\/","name":"RM Mechatronics","description":"Kalite Kontrol Denetim ve M\u00fchendislik Hizmetleri","publisher":{"@id":"https:\/\/rm-mechatronics.com\/tr\/#organization"},"potentialAction":[{"@type":"SearchAction","target":{"@type":"EntryPoint","urlTemplate":"https:\/\/rm-mechatronics.com\/tr\/?s={search_term_string}"},"query-input":"required name=search_term_string"}],"inLanguage":"tr"},{"@type":"Organization","@id":"https:\/\/rm-mechatronics.com\/tr\/#organization","name":"RM-Mechatronics","url":"https:\/\/rm-mechatronics.com\/tr\/","sameAs":[],"logo":{"@type":"ImageObject","inLanguage":"tr","@id":"https:\/\/rm-mechatronics.com\/tr\/#\/schema\/logo\/image\/","url":"https:\/\/rm-mechatronics.com\/wp-content\/uploads\/2020\/08\/small_RM_ORIGINAL-1.png","contentUrl":"https:\/\/rm-mechatronics.com\/wp-content\/uploads\/2020\/08\/small_RM_ORIGINAL-1.png","width":302,"height":112,"caption":"RM-Mechatronics"},"image":{"@id":"https:\/\/rm-mechatronics.com\/tr\/#\/schema\/logo\/image\/"}},{"@type":"Person","@id":"https:\/\/rm-mechatronics.com\/tr\/#\/schema\/person\/975374cd7539c0f1081340b800a63482","name":"admin"}]}},"_links":{"self":[{"href":"https:\/\/rm-mechatronics.com\/tr\/wp-json\/wp\/v2\/pages\/2692"}],"collection":[{"href":"https:\/\/rm-mechatronics.com\/tr\/wp-json\/wp\/v2\/pages"}],"about":[{"href":"https:\/\/rm-mechatronics.com\/tr\/wp-json\/wp\/v2\/types\/page"}],"author":[{"embeddable":true,"href":"https:\/\/rm-mechatronics.com\/tr\/wp-json\/wp\/v2\/users\/2"}],"replies":[{"embeddable":true,"href":"https:\/\/rm-mechatronics.com\/tr\/wp-json\/wp\/v2\/comments?post=2692"}],"version-history":[{"count":0,"href":"https:\/\/rm-mechatronics.com\/tr\/wp-json\/wp\/v2\/pages\/2692\/revisions"}],"up":[{"embeddable":true,"href":"https:\/\/rm-mechatronics.com\/tr\/wp-json\/wp\/v2\/pages\/2581"}],"wp:attachment":[{"href":"https:\/\/rm-mechatronics.com\/tr\/wp-json\/wp\/v2\/media?parent=2692"}],"curies":[{"name":"wp","href":"https:\/\/api.w.org\/{rel}","templated":true}]}}