{"id":2586,"date":"2017-03-19T19:14:12","date_gmt":"2017-03-19T19:14:12","guid":{"rendered":"http:\/\/rm-mechatronics.com\/?page_id=2586"},"modified":"2022-03-04T16:48:34","modified_gmt":"2022-03-04T13:48:34","slug":"insan-kaynaklari","status":"publish","type":"page","link":"https:\/\/rm-mechatronics.com\/tr\/hakkimizda\/insan-kaynaklari\/","title":{"rendered":"\u0130nsan Kaynaklar\u0131"},"content":{"rendered":"<div id=\"pl-2586\" class=\"panel-layout\">\n<div id=\"pg-2586-0\" class=\"panel-grid panel-no-style\">\n<div id=\"pgc-2586-0-0\" class=\"panel-grid-cell\" data-weight=\"1\">\n<div id=\"panel-2586-0-0-0\" class=\"so-panel widget widget_sow-editor panel-first-child\" data-index=\"0\" data-style=\"{&quot;background_image_attachment&quot;:false,&quot;background_display&quot;:&quot;tile&quot;}\">\n<div class=\"so-widget-sow-editor so-widget-sow-editor-base\">\n<div class=\"siteorigin-widget-tinymce textwidget\">\n<h2>\u0130nsan Kaynaklar\u0131 Fikrimiz<\/h2>\n<p>Ba\u015far\u0131l\u0131 bir i\u015f fikri yaratmak i\u00e7in hayal g\u00fcc\u00fc gerekir, hayalleri ger\u00e7e\u011fe d\u00f6n\u00fc\u015ft\u00fcrmek i\u00e7inse insanlar. Siz bu insanlardan biri misiniz?<\/p>\n<p>Bizler RM b\u00fcnyesinde yal\u0131n hedefler do\u011frultusunda \u00e7al\u0131\u015f\u0131yoruz bunlar\u0131n en temeli; daha g\u00fcvenli ve her g\u00fcn yenilenen sekt\u00f6rel geli\u015fmeleri teoriden \u00e7\u0131kar\u0131p uygulamaya d\u00f6kmek. Bizlerin 2007 y\u0131l\u0131nda ba\u015flad\u0131\u011f\u0131 bu yolculukta bug\u00fcne dek \u00a0bu vizyonun ger\u00e7e\u011fe d\u00f6n\u00fc\u015fmesi i\u00e7in \u00e7ok yol kat edildi. Kat edilen yolda kritik ba\u015far\u0131 fakt\u00f6r\u00fc, hi\u00e7 \u015f\u00fcphesiz bizlerle ayn\u0131 vizyonunu payla\u015fan ve bu vizyonu ger\u00e7e\u011fe d\u00f6nd\u00fcrmek i\u00e7in g\u00f6n\u00fcl veren \u00e7al\u0131\u015fanlar\u0131m\u0131z olmu\u015ftur.<\/p>\n<p>G\u00fcnden g\u00fcne b\u00fcy\u00fcyen organizasyonumuza kat\u0131larak vizyonumuza g\u00f6n\u00fcl verecek \u00e7al\u0131\u015fma arkada\u015flar\u0131na ihtiyac\u0131m\u0131z var.<\/p>\n<p>\u00c7ok yal\u0131n bir \u0130nsan Kaynaklar\u0131 fikrimiz var: \u201cM\u00fctevaz\u0131, d\u00fcr\u00fcst insanlara hem ki\u015fisel, hem mesleki hayatlar\u0131nda ilerleme \u015fans\u0131 tan\u0131yarak kendimize ve m\u00fc\u015fterilerimize daha iyi bir g\u00fcnl\u00fck ya\u015fam sunmak.\u201d Biz sade ve d\u00fcr\u00fcst bir hayat g\u00f6r\u00fc\u015f\u00fcn\u00fc benimsemi\u015f, insanlar\u0131n ve birlikteli\u011fin \u00f6nemini bilen, bir grup al\u00e7akg\u00f6n\u00fcll\u00fc, istekli ve azimli \u00e7al\u0131\u015fan\u0131z. Hem ki\u015fisel, hem de i\u015f hayat\u0131m\u0131zda ilerleme \u015fans\u0131 yakalayarak kendimize ve m\u00fc\u015fterilerimize daha iyi bir g\u00fcnl\u00fck ya\u015fam sunmak, bizim en b\u00fcy\u00fck amac\u0131m\u0131z.<\/p>\n<p>Bu insanlardan biri oldu\u011funuza inan\u0131yorsan\u0131z okumaya devam edin!<\/p>\n<h2><strong>Ekibimize kat\u0131lacak bir adayda ne ar\u0131yoruz?<\/strong><\/h2>\n<p>Aday\u0131n i\u015f i\u00e7in gerekli becerilere sahip olmas\u0131 en temel noktad\u0131r. Ancak bunun \u00f6tesinde m\u00fctevaz\u0131l\u0131k, sorumluluk alma ve harekete ge\u00e7me arzusu, g\u00fcler y\u00fczl\u00fc ve m\u00fc\u015fteri odakl\u0131 olmak, a\u00e7\u0131k ve d\u00fcr\u00fcst ileti\u015fim kurabilmek gibi ki\u015fisel \u00f6zellikler bizim i\u00e7in \u00f6nemlidir. Bizim amac\u0131m\u0131z bo\u015f pozisyonlar\u0131 doldurmak de\u011fil kurumsal de\u011ferlerimizi ve vizyonumuzu payla\u015facak tak\u0131m arkada\u015flar\u0131n\u0131 aram\u0131za katmakt\u0131r.<\/p>\n<p>E\u011fer bu \u00f6zelliklere sahip oldu\u011funuzu d\u00fc\u015f\u00fcn\u00fcyorsan\u0131z a\u015fa\u011f\u0131daki formu\u00a0<strong>el yaz\u0131n\u0131z<\/strong>\u00a0ile<strong> eksiksiz\u00a0<\/strong>doldurarak ileti\u015fim sayfam\u0131zda bulunan mail adresine\u00a0<strong>taray\u0131p mail at\u0131n\u0131z.<\/strong><\/p>\n<\/div>\n<\/div>\n<\/div>\n<div id=\"panel-2586-0-0-1\" class=\"so-panel widget widget_pt_brochure_box widget-brochure-box panel-last-child\" data-index=\"1\" data-style=\"{&quot;background_display&quot;:&quot;tile&quot;}\">\n\t\t\t<h4 class=\"sidebar__headings\">\u0130\u015f Ba\u015fvuru Formu<\/h4>\n\t\t\t\t\t\t<a class=\"brochure-box\" href=\"http:\/\/rm-mechatronics.com\/wp-content\/uploads\/2017\/03\/isbasvuruformu.pdf\" target=\"_blank\">\n\t\t\t\t<i class=\"fa  fa-download\"><\/i>\n\t\t\t\t<h5 class=\"brochure-box__text\">\u0130\u015f Ba\u015fvuru Formu<\/h5>\n\t\t\t<\/a>\n\n\t\t\t<\/div>\n<\/div>\n<\/div>\n<\/div>\n","protected":false},"excerpt":{"rendered":"<p>\u0130nsan Kaynaklar\u0131 Fikrimiz Ba\u015far\u0131l\u0131 bir i\u015f fikri yaratmak i\u00e7in hayal g\u00fcc\u00fc gerekir, hayalleri ger\u00e7e\u011fe d\u00f6n\u00fc\u015ft\u00fcrmek i\u00e7inse insanlar. Siz bu insanlardan biri misiniz? Bizler RM b\u00fcnyesinde yal\u0131n hedefler do\u011frultusunda \u00e7al\u0131\u015f\u0131yoruz bunlar\u0131n en temeli; daha g\u00fcvenli ve her g\u00fcn yenilenen sekt\u00f6rel geli\u015fmeleri teoriden \u00e7\u0131kar\u0131p uygulamaya d\u00f6kmek. Bizlerin 2007 y\u0131l\u0131nda ba\u015flad\u0131\u011f\u0131 bu yolculukta bug\u00fcne dek \u00a0bu vizyonun ger\u00e7e\u011fe &hellip;<\/p>\n","protected":false},"author":2,"featured_media":0,"parent":171,"menu_order":0,"comment_status":"closed","ping_status":"closed","template":"","meta":{"footnotes":""},"acf":[],"yoast_head":"<!-- This site is optimized with the Yoast SEO plugin v19.8 - https:\/\/yoast.com\/wordpress\/plugins\/seo\/ -->\n<title>\u0130nsan Kaynaklar\u0131 - RM Mechatronics<\/title>\n<meta name=\"description\" content=\"Ba\u015far\u0131l\u0131 bir i\u015f fikri yaratmak i\u00e7in hayal g\u00fcc\u00fc gerekir, hayalleri ger\u00e7e\u011fe d\u00f6n\u00fc\u015ft\u00fcrmek i\u00e7inse insanlar. Siz bu insanlardan biri misiniz?\" \/>\n<meta name=\"robots\" content=\"index, follow, max-snippet:-1, max-image-preview:large, max-video-preview:-1\" \/>\n<link rel=\"canonical\" href=\"https:\/\/rm-mechatronics.com\/tr\/hakkimizda\/insan-kaynaklari\/\" \/>\n<meta name=\"twitter:label1\" content=\"Tahmini okuma s\u00fcresi\" \/>\n\t<meta name=\"twitter:data1\" content=\"2 dakika\" \/>\n<script type=\"application\/ld+json\" class=\"yoast-schema-graph\">{\"@context\":\"https:\/\/schema.org\",\"@graph\":[{\"@type\":\"Article\",\"@id\":\"https:\/\/rm-mechatronics.com\/tr\/hakkimizda\/insan-kaynaklari\/#article\",\"isPartOf\":{\"@id\":\"https:\/\/rm-mechatronics.com\/tr\/hakkimizda\/insan-kaynaklari\/\"},\"author\":{\"name\":\"admin\",\"@id\":\"https:\/\/rm-mechatronics.com\/tr\/#\/schema\/person\/975374cd7539c0f1081340b800a63482\"},\"headline\":\"\u0130nsan Kaynaklar\u0131\",\"datePublished\":\"2017-03-19T19:14:12+00:00\",\"dateModified\":\"2022-03-04T13:48:34+00:00\",\"mainEntityOfPage\":{\"@id\":\"https:\/\/rm-mechatronics.com\/tr\/hakkimizda\/insan-kaynaklari\/\"},\"wordCount\":394,\"publisher\":{\"@id\":\"https:\/\/rm-mechatronics.com\/tr\/#organization\"},\"inLanguage\":\"tr\"},{\"@type\":\"WebPage\",\"@id\":\"https:\/\/rm-mechatronics.com\/tr\/hakkimizda\/insan-kaynaklari\/\",\"url\":\"https:\/\/rm-mechatronics.com\/tr\/hakkimizda\/insan-kaynaklari\/\",\"name\":\"\u0130nsan Kaynaklar\u0131 - RM Mechatronics\",\"isPartOf\":{\"@id\":\"https:\/\/rm-mechatronics.com\/tr\/#website\"},\"datePublished\":\"2017-03-19T19:14:12+00:00\",\"dateModified\":\"2022-03-04T13:48:34+00:00\",\"description\":\"Ba\u015far\u0131l\u0131 bir i\u015f fikri yaratmak i\u00e7in hayal g\u00fcc\u00fc gerekir, hayalleri ger\u00e7e\u011fe d\u00f6n\u00fc\u015ft\u00fcrmek i\u00e7inse insanlar. Siz bu insanlardan biri misiniz?\",\"breadcrumb\":{\"@id\":\"https:\/\/rm-mechatronics.com\/tr\/hakkimizda\/insan-kaynaklari\/#breadcrumb\"},\"inLanguage\":\"tr\",\"potentialAction\":[{\"@type\":\"ReadAction\",\"target\":[\"https:\/\/rm-mechatronics.com\/tr\/hakkimizda\/insan-kaynaklari\/\"]}]},{\"@type\":\"BreadcrumbList\",\"@id\":\"https:\/\/rm-mechatronics.com\/tr\/hakkimizda\/insan-kaynaklari\/#breadcrumb\",\"itemListElement\":[{\"@type\":\"ListItem\",\"position\":1,\"name\":\"Anasayfa\",\"item\":\"https:\/\/rm-mechatronics.com\/tr\/\"},{\"@type\":\"ListItem\",\"position\":2,\"name\":\"Hakk\u0131m\u0131zda\",\"item\":\"https:\/\/rm-mechatronics.com\/tr\/hakkimizda\/\"},{\"@type\":\"ListItem\",\"position\":3,\"name\":\"\u0130nsan Kaynaklar\u0131\"}]},{\"@type\":\"WebSite\",\"@id\":\"https:\/\/rm-mechatronics.com\/tr\/#website\",\"url\":\"https:\/\/rm-mechatronics.com\/tr\/\",\"name\":\"RM Mechatronics\",\"description\":\"Kalite Kontrol Denetim ve M\u00fchendislik Hizmetleri\",\"publisher\":{\"@id\":\"https:\/\/rm-mechatronics.com\/tr\/#organization\"},\"potentialAction\":[{\"@type\":\"SearchAction\",\"target\":{\"@type\":\"EntryPoint\",\"urlTemplate\":\"https:\/\/rm-mechatronics.com\/tr\/?s={search_term_string}\"},\"query-input\":\"required name=search_term_string\"}],\"inLanguage\":\"tr\"},{\"@type\":\"Organization\",\"@id\":\"https:\/\/rm-mechatronics.com\/tr\/#organization\",\"name\":\"RM-Mechatronics\",\"url\":\"https:\/\/rm-mechatronics.com\/tr\/\",\"sameAs\":[],\"logo\":{\"@type\":\"ImageObject\",\"inLanguage\":\"tr\",\"@id\":\"https:\/\/rm-mechatronics.com\/tr\/#\/schema\/logo\/image\/\",\"url\":\"https:\/\/rm-mechatronics.com\/wp-content\/uploads\/2020\/08\/small_RM_ORIGINAL-1.png\",\"contentUrl\":\"https:\/\/rm-mechatronics.com\/wp-content\/uploads\/2020\/08\/small_RM_ORIGINAL-1.png\",\"width\":302,\"height\":112,\"caption\":\"RM-Mechatronics\"},\"image\":{\"@id\":\"https:\/\/rm-mechatronics.com\/tr\/#\/schema\/logo\/image\/\"}},{\"@type\":\"Person\",\"@id\":\"https:\/\/rm-mechatronics.com\/tr\/#\/schema\/person\/975374cd7539c0f1081340b800a63482\",\"name\":\"admin\"}]}<\/script>\n<!-- \/ Yoast SEO plugin. -->","yoast_head_json":{"title":"\u0130nsan Kaynaklar\u0131 - RM Mechatronics","description":"Ba\u015far\u0131l\u0131 bir i\u015f fikri yaratmak i\u00e7in hayal g\u00fcc\u00fc gerekir, hayalleri ger\u00e7e\u011fe d\u00f6n\u00fc\u015ft\u00fcrmek i\u00e7inse insanlar. Siz bu insanlardan biri misiniz?","robots":{"index":"index","follow":"follow","max-snippet":"max-snippet:-1","max-image-preview":"max-image-preview:large","max-video-preview":"max-video-preview:-1"},"canonical":"https:\/\/rm-mechatronics.com\/tr\/hakkimizda\/insan-kaynaklari\/","twitter_misc":{"Tahmini okuma s\u00fcresi":"2 dakika"},"schema":{"@context":"https:\/\/schema.org","@graph":[{"@type":"Article","@id":"https:\/\/rm-mechatronics.com\/tr\/hakkimizda\/insan-kaynaklari\/#article","isPartOf":{"@id":"https:\/\/rm-mechatronics.com\/tr\/hakkimizda\/insan-kaynaklari\/"},"author":{"name":"admin","@id":"https:\/\/rm-mechatronics.com\/tr\/#\/schema\/person\/975374cd7539c0f1081340b800a63482"},"headline":"\u0130nsan Kaynaklar\u0131","datePublished":"2017-03-19T19:14:12+00:00","dateModified":"2022-03-04T13:48:34+00:00","mainEntityOfPage":{"@id":"https:\/\/rm-mechatronics.com\/tr\/hakkimizda\/insan-kaynaklari\/"},"wordCount":394,"publisher":{"@id":"https:\/\/rm-mechatronics.com\/tr\/#organization"},"inLanguage":"tr"},{"@type":"WebPage","@id":"https:\/\/rm-mechatronics.com\/tr\/hakkimizda\/insan-kaynaklari\/","url":"https:\/\/rm-mechatronics.com\/tr\/hakkimizda\/insan-kaynaklari\/","name":"\u0130nsan Kaynaklar\u0131 - RM Mechatronics","isPartOf":{"@id":"https:\/\/rm-mechatronics.com\/tr\/#website"},"datePublished":"2017-03-19T19:14:12+00:00","dateModified":"2022-03-04T13:48:34+00:00","description":"Ba\u015far\u0131l\u0131 bir i\u015f fikri yaratmak i\u00e7in hayal g\u00fcc\u00fc gerekir, hayalleri ger\u00e7e\u011fe d\u00f6n\u00fc\u015ft\u00fcrmek i\u00e7inse insanlar. Siz bu insanlardan biri misiniz?","breadcrumb":{"@id":"https:\/\/rm-mechatronics.com\/tr\/hakkimizda\/insan-kaynaklari\/#breadcrumb"},"inLanguage":"tr","potentialAction":[{"@type":"ReadAction","target":["https:\/\/rm-mechatronics.com\/tr\/hakkimizda\/insan-kaynaklari\/"]}]},{"@type":"BreadcrumbList","@id":"https:\/\/rm-mechatronics.com\/tr\/hakkimizda\/insan-kaynaklari\/#breadcrumb","itemListElement":[{"@type":"ListItem","position":1,"name":"Anasayfa","item":"https:\/\/rm-mechatronics.com\/tr\/"},{"@type":"ListItem","position":2,"name":"Hakk\u0131m\u0131zda","item":"https:\/\/rm-mechatronics.com\/tr\/hakkimizda\/"},{"@type":"ListItem","position":3,"name":"\u0130nsan Kaynaklar\u0131"}]},{"@type":"WebSite","@id":"https:\/\/rm-mechatronics.com\/tr\/#website","url":"https:\/\/rm-mechatronics.com\/tr\/","name":"RM Mechatronics","description":"Kalite Kontrol Denetim ve M\u00fchendislik Hizmetleri","publisher":{"@id":"https:\/\/rm-mechatronics.com\/tr\/#organization"},"potentialAction":[{"@type":"SearchAction","target":{"@type":"EntryPoint","urlTemplate":"https:\/\/rm-mechatronics.com\/tr\/?s={search_term_string}"},"query-input":"required name=search_term_string"}],"inLanguage":"tr"},{"@type":"Organization","@id":"https:\/\/rm-mechatronics.com\/tr\/#organization","name":"RM-Mechatronics","url":"https:\/\/rm-mechatronics.com\/tr\/","sameAs":[],"logo":{"@type":"ImageObject","inLanguage":"tr","@id":"https:\/\/rm-mechatronics.com\/tr\/#\/schema\/logo\/image\/","url":"https:\/\/rm-mechatronics.com\/wp-content\/uploads\/2020\/08\/small_RM_ORIGINAL-1.png","contentUrl":"https:\/\/rm-mechatronics.com\/wp-content\/uploads\/2020\/08\/small_RM_ORIGINAL-1.png","width":302,"height":112,"caption":"RM-Mechatronics"},"image":{"@id":"https:\/\/rm-mechatronics.com\/tr\/#\/schema\/logo\/image\/"}},{"@type":"Person","@id":"https:\/\/rm-mechatronics.com\/tr\/#\/schema\/person\/975374cd7539c0f1081340b800a63482","name":"admin"}]}},"_links":{"self":[{"href":"https:\/\/rm-mechatronics.com\/tr\/wp-json\/wp\/v2\/pages\/2586"}],"collection":[{"href":"https:\/\/rm-mechatronics.com\/tr\/wp-json\/wp\/v2\/pages"}],"about":[{"href":"https:\/\/rm-mechatronics.com\/tr\/wp-json\/wp\/v2\/types\/page"}],"author":[{"embeddable":true,"href":"https:\/\/rm-mechatronics.com\/tr\/wp-json\/wp\/v2\/users\/2"}],"replies":[{"embeddable":true,"href":"https:\/\/rm-mechatronics.com\/tr\/wp-json\/wp\/v2\/comments?post=2586"}],"version-history":[{"count":0,"href":"https:\/\/rm-mechatronics.com\/tr\/wp-json\/wp\/v2\/pages\/2586\/revisions"}],"up":[{"embeddable":true,"href":"https:\/\/rm-mechatronics.com\/tr\/wp-json\/wp\/v2\/pages\/171"}],"wp:attachment":[{"href":"https:\/\/rm-mechatronics.com\/tr\/wp-json\/wp\/v2\/media?parent=2586"}],"curies":[{"name":"wp","href":"https:\/\/api.w.org\/{rel}","templated":true}]}}