{"id":2581,"date":"2017-03-19T19:08:14","date_gmt":"2017-03-19T19:08:14","guid":{"rendered":"http:\/\/rm-mechatronics.com\/?page_id=2581"},"modified":"2022-03-04T16:52:12","modified_gmt":"2022-03-04T13:52:12","slug":"kalite-politikasi","status":"publish","type":"page","link":"https:\/\/rm-mechatronics.com\/tr\/hakkimizda\/kalite-politikasi\/","title":{"rendered":"Kalite Politikas\u0131"},"content":{"rendered":"<p>RM Mechatronics \u00dcst Y\u00f6netimi olarak biz hizmetlerimizde m\u00fc\u015fteri memnuniyetini her hizmette daha \u00fcst seviyelere ta\u015f\u0131mak i\u00e7in bir tak\u0131m taahh\u00fctleri firmam\u0131z\u0131n mihenk ta\u015f\u0131 yapt\u0131k<\/p>\n<ul>\n<li>M\u00fc\u015fteri memnuniyetini sa\u011flamak,<\/li>\n<li>\u00c7ok uluslu veya \u00f6zelle\u015fmi\u015f m\u00fc\u015fteri standartlar\u0131na uyum sa\u011flamak,<\/li>\n<li>Maliyetleri azaltmak ve karl\u0131l\u0131\u011f\u0131 artt\u0131rmak,<\/li>\n<li>Teknolojiyi ve sekt\u00f6rel geli\u015fmeleri s\u00fcrekli izlemek,<\/li>\n<li>\u00c7\u0131kan \u00fcr\u00fcnlerde ve verilen hizmetlerde s\u0131f\u0131r hatayla \u00e7al\u0131\u015fmak,<\/li>\n<li>Firmada \u00e7al\u0131\u015fan t\u00fcm personelin e\u011fitim g\u00fcncelliklerini takip etmek, yetki ve becerilerini s\u00fcrekli geli\u015ftirmek,<\/li>\n<li>\u0130nsan sa\u011fl\u0131\u011f\u0131na ve i\u015f g\u00fcvenli\u011fine gereken \u00f6zeni g\u00f6stemek<\/li>\n<\/ul>\n","protected":false},"excerpt":{"rendered":"<p>RM Mechatronics \u00dcst Y\u00f6netimi olarak biz hizmetlerimizde m\u00fc\u015fteri memnuniyetini her hizmette daha \u00fcst seviyelere ta\u015f\u0131mak i\u00e7in bir tak\u0131m taahh\u00fctleri firmam\u0131z\u0131n mihenk ta\u015f\u0131 yapt\u0131k M\u00fc\u015fteri memnuniyetini sa\u011flamak, \u00c7ok uluslu veya \u00f6zelle\u015fmi\u015f m\u00fc\u015fteri standartlar\u0131na uyum sa\u011flamak, Maliyetleri azaltmak ve karl\u0131l\u0131\u011f\u0131 artt\u0131rmak, Teknolojiyi ve sekt\u00f6rel geli\u015fmeleri s\u00fcrekli izlemek, \u00c7\u0131kan \u00fcr\u00fcnlerde ve verilen hizmetlerde s\u0131f\u0131r hatayla \u00e7al\u0131\u015fmak, Firmada \u00e7al\u0131\u015fan &hellip;<\/p>\n","protected":false},"author":2,"featured_media":0,"parent":171,"menu_order":0,"comment_status":"closed","ping_status":"closed","template":"","meta":{"footnotes":""},"acf":[],"yoast_head":"<!-- This site is optimized with the Yoast SEO plugin v19.8 - https:\/\/yoast.com\/wordpress\/plugins\/seo\/ -->\n<title>Kalite Politikas\u0131 - RM Mechatronics<\/title>\n<meta name=\"description\" content=\"RM Mechatronics \u00dcst Y\u00f6netimi olarak biz hizmetlerimizde m\u00fc\u015fteri memnuniyetini her hizmette daha \u00fcst seviyelere ta\u015f\u0131may\u0131 firmam\u0131z\u0131n mihenk ta\u015f\u0131 yapt\u0131k.\" \/>\n<meta name=\"robots\" content=\"index, follow, max-snippet:-1, max-image-preview:large, max-video-preview:-1\" \/>\n<link rel=\"canonical\" href=\"https:\/\/rm-mechatronics.com\/tr\/hakkimizda\/kalite-politikasi\/\" \/>\n<meta name=\"twitter:label1\" content=\"Tahmini okuma s\u00fcresi\" \/>\n\t<meta name=\"twitter:data1\" content=\"1 dakika\" \/>\n<script type=\"application\/ld+json\" class=\"yoast-schema-graph\">{\"@context\":\"https:\/\/schema.org\",\"@graph\":[{\"@type\":\"Article\",\"@id\":\"https:\/\/rm-mechatronics.com\/tr\/hakkimizda\/kalite-politikasi\/#article\",\"isPartOf\":{\"@id\":\"https:\/\/rm-mechatronics.com\/tr\/hakkimizda\/kalite-politikasi\/\"},\"author\":{\"name\":\"admin\",\"@id\":\"https:\/\/rm-mechatronics.com\/tr\/#\/schema\/person\/975374cd7539c0f1081340b800a63482\"},\"headline\":\"Kalite Politikas\u0131\",\"datePublished\":\"2017-03-19T19:08:14+00:00\",\"dateModified\":\"2022-03-04T13:52:12+00:00\",\"mainEntityOfPage\":{\"@id\":\"https:\/\/rm-mechatronics.com\/tr\/hakkimizda\/kalite-politikasi\/\"},\"wordCount\":111,\"publisher\":{\"@id\":\"https:\/\/rm-mechatronics.com\/tr\/#organization\"},\"inLanguage\":\"tr\"},{\"@type\":\"WebPage\",\"@id\":\"https:\/\/rm-mechatronics.com\/tr\/hakkimizda\/kalite-politikasi\/\",\"url\":\"https:\/\/rm-mechatronics.com\/tr\/hakkimizda\/kalite-politikasi\/\",\"name\":\"Kalite Politikas\u0131 - RM Mechatronics\",\"isPartOf\":{\"@id\":\"https:\/\/rm-mechatronics.com\/tr\/#website\"},\"datePublished\":\"2017-03-19T19:08:14+00:00\",\"dateModified\":\"2022-03-04T13:52:12+00:00\",\"description\":\"RM Mechatronics \u00dcst Y\u00f6netimi olarak biz hizmetlerimizde m\u00fc\u015fteri memnuniyetini her hizmette daha \u00fcst seviyelere ta\u015f\u0131may\u0131 firmam\u0131z\u0131n mihenk ta\u015f\u0131 yapt\u0131k.\",\"breadcrumb\":{\"@id\":\"https:\/\/rm-mechatronics.com\/tr\/hakkimizda\/kalite-politikasi\/#breadcrumb\"},\"inLanguage\":\"tr\",\"potentialAction\":[{\"@type\":\"ReadAction\",\"target\":[\"https:\/\/rm-mechatronics.com\/tr\/hakkimizda\/kalite-politikasi\/\"]}]},{\"@type\":\"BreadcrumbList\",\"@id\":\"https:\/\/rm-mechatronics.com\/tr\/hakkimizda\/kalite-politikasi\/#breadcrumb\",\"itemListElement\":[{\"@type\":\"ListItem\",\"position\":1,\"name\":\"Anasayfa\",\"item\":\"https:\/\/rm-mechatronics.com\/tr\/\"},{\"@type\":\"ListItem\",\"position\":2,\"name\":\"Hakk\u0131m\u0131zda\",\"item\":\"https:\/\/rm-mechatronics.com\/tr\/hakkimizda\/\"},{\"@type\":\"ListItem\",\"position\":3,\"name\":\"Kalite Politikas\u0131\"}]},{\"@type\":\"WebSite\",\"@id\":\"https:\/\/rm-mechatronics.com\/tr\/#website\",\"url\":\"https:\/\/rm-mechatronics.com\/tr\/\",\"name\":\"RM Mechatronics\",\"description\":\"Kalite Kontrol Denetim ve M\u00fchendislik Hizmetleri\",\"publisher\":{\"@id\":\"https:\/\/rm-mechatronics.com\/tr\/#organization\"},\"potentialAction\":[{\"@type\":\"SearchAction\",\"target\":{\"@type\":\"EntryPoint\",\"urlTemplate\":\"https:\/\/rm-mechatronics.com\/tr\/?s={search_term_string}\"},\"query-input\":\"required name=search_term_string\"}],\"inLanguage\":\"tr\"},{\"@type\":\"Organization\",\"@id\":\"https:\/\/rm-mechatronics.com\/tr\/#organization\",\"name\":\"RM-Mechatronics\",\"url\":\"https:\/\/rm-mechatronics.com\/tr\/\",\"sameAs\":[],\"logo\":{\"@type\":\"ImageObject\",\"inLanguage\":\"tr\",\"@id\":\"https:\/\/rm-mechatronics.com\/tr\/#\/schema\/logo\/image\/\",\"url\":\"https:\/\/rm-mechatronics.com\/wp-content\/uploads\/2020\/08\/small_RM_ORIGINAL-1.png\",\"contentUrl\":\"https:\/\/rm-mechatronics.com\/wp-content\/uploads\/2020\/08\/small_RM_ORIGINAL-1.png\",\"width\":302,\"height\":112,\"caption\":\"RM-Mechatronics\"},\"image\":{\"@id\":\"https:\/\/rm-mechatronics.com\/tr\/#\/schema\/logo\/image\/\"}},{\"@type\":\"Person\",\"@id\":\"https:\/\/rm-mechatronics.com\/tr\/#\/schema\/person\/975374cd7539c0f1081340b800a63482\",\"name\":\"admin\"}]}<\/script>\n<!-- \/ Yoast SEO plugin. -->","yoast_head_json":{"title":"Kalite Politikas\u0131 - RM Mechatronics","description":"RM Mechatronics \u00dcst Y\u00f6netimi olarak biz hizmetlerimizde m\u00fc\u015fteri memnuniyetini her hizmette daha \u00fcst seviyelere ta\u015f\u0131may\u0131 firmam\u0131z\u0131n mihenk ta\u015f\u0131 yapt\u0131k.","robots":{"index":"index","follow":"follow","max-snippet":"max-snippet:-1","max-image-preview":"max-image-preview:large","max-video-preview":"max-video-preview:-1"},"canonical":"https:\/\/rm-mechatronics.com\/tr\/hakkimizda\/kalite-politikasi\/","twitter_misc":{"Tahmini okuma s\u00fcresi":"1 dakika"},"schema":{"@context":"https:\/\/schema.org","@graph":[{"@type":"Article","@id":"https:\/\/rm-mechatronics.com\/tr\/hakkimizda\/kalite-politikasi\/#article","isPartOf":{"@id":"https:\/\/rm-mechatronics.com\/tr\/hakkimizda\/kalite-politikasi\/"},"author":{"name":"admin","@id":"https:\/\/rm-mechatronics.com\/tr\/#\/schema\/person\/975374cd7539c0f1081340b800a63482"},"headline":"Kalite Politikas\u0131","datePublished":"2017-03-19T19:08:14+00:00","dateModified":"2022-03-04T13:52:12+00:00","mainEntityOfPage":{"@id":"https:\/\/rm-mechatronics.com\/tr\/hakkimizda\/kalite-politikasi\/"},"wordCount":111,"publisher":{"@id":"https:\/\/rm-mechatronics.com\/tr\/#organization"},"inLanguage":"tr"},{"@type":"WebPage","@id":"https:\/\/rm-mechatronics.com\/tr\/hakkimizda\/kalite-politikasi\/","url":"https:\/\/rm-mechatronics.com\/tr\/hakkimizda\/kalite-politikasi\/","name":"Kalite Politikas\u0131 - RM Mechatronics","isPartOf":{"@id":"https:\/\/rm-mechatronics.com\/tr\/#website"},"datePublished":"2017-03-19T19:08:14+00:00","dateModified":"2022-03-04T13:52:12+00:00","description":"RM Mechatronics \u00dcst Y\u00f6netimi olarak biz hizmetlerimizde m\u00fc\u015fteri memnuniyetini her hizmette daha \u00fcst seviyelere ta\u015f\u0131may\u0131 firmam\u0131z\u0131n mihenk ta\u015f\u0131 yapt\u0131k.","breadcrumb":{"@id":"https:\/\/rm-mechatronics.com\/tr\/hakkimizda\/kalite-politikasi\/#breadcrumb"},"inLanguage":"tr","potentialAction":[{"@type":"ReadAction","target":["https:\/\/rm-mechatronics.com\/tr\/hakkimizda\/kalite-politikasi\/"]}]},{"@type":"BreadcrumbList","@id":"https:\/\/rm-mechatronics.com\/tr\/hakkimizda\/kalite-politikasi\/#breadcrumb","itemListElement":[{"@type":"ListItem","position":1,"name":"Anasayfa","item":"https:\/\/rm-mechatronics.com\/tr\/"},{"@type":"ListItem","position":2,"name":"Hakk\u0131m\u0131zda","item":"https:\/\/rm-mechatronics.com\/tr\/hakkimizda\/"},{"@type":"ListItem","position":3,"name":"Kalite Politikas\u0131"}]},{"@type":"WebSite","@id":"https:\/\/rm-mechatronics.com\/tr\/#website","url":"https:\/\/rm-mechatronics.com\/tr\/","name":"RM Mechatronics","description":"Kalite Kontrol Denetim ve M\u00fchendislik Hizmetleri","publisher":{"@id":"https:\/\/rm-mechatronics.com\/tr\/#organization"},"potentialAction":[{"@type":"SearchAction","target":{"@type":"EntryPoint","urlTemplate":"https:\/\/rm-mechatronics.com\/tr\/?s={search_term_string}"},"query-input":"required name=search_term_string"}],"inLanguage":"tr"},{"@type":"Organization","@id":"https:\/\/rm-mechatronics.com\/tr\/#organization","name":"RM-Mechatronics","url":"https:\/\/rm-mechatronics.com\/tr\/","sameAs":[],"logo":{"@type":"ImageObject","inLanguage":"tr","@id":"https:\/\/rm-mechatronics.com\/tr\/#\/schema\/logo\/image\/","url":"https:\/\/rm-mechatronics.com\/wp-content\/uploads\/2020\/08\/small_RM_ORIGINAL-1.png","contentUrl":"https:\/\/rm-mechatronics.com\/wp-content\/uploads\/2020\/08\/small_RM_ORIGINAL-1.png","width":302,"height":112,"caption":"RM-Mechatronics"},"image":{"@id":"https:\/\/rm-mechatronics.com\/tr\/#\/schema\/logo\/image\/"}},{"@type":"Person","@id":"https:\/\/rm-mechatronics.com\/tr\/#\/schema\/person\/975374cd7539c0f1081340b800a63482","name":"admin"}]}},"_links":{"self":[{"href":"https:\/\/rm-mechatronics.com\/tr\/wp-json\/wp\/v2\/pages\/2581"}],"collection":[{"href":"https:\/\/rm-mechatronics.com\/tr\/wp-json\/wp\/v2\/pages"}],"about":[{"href":"https:\/\/rm-mechatronics.com\/tr\/wp-json\/wp\/v2\/types\/page"}],"author":[{"embeddable":true,"href":"https:\/\/rm-mechatronics.com\/tr\/wp-json\/wp\/v2\/users\/2"}],"replies":[{"embeddable":true,"href":"https:\/\/rm-mechatronics.com\/tr\/wp-json\/wp\/v2\/comments?post=2581"}],"version-history":[{"count":0,"href":"https:\/\/rm-mechatronics.com\/tr\/wp-json\/wp\/v2\/pages\/2581\/revisions"}],"up":[{"embeddable":true,"href":"https:\/\/rm-mechatronics.com\/tr\/wp-json\/wp\/v2\/pages\/171"}],"wp:attachment":[{"href":"https:\/\/rm-mechatronics.com\/tr\/wp-json\/wp\/v2\/media?parent=2581"}],"curies":[{"name":"wp","href":"https:\/\/api.w.org\/{rel}","templated":true}]}}