{"id":2573,"date":"2017-03-19T18:51:40","date_gmt":"2017-03-19T18:51:40","guid":{"rendered":"http:\/\/rm-mechatronics.com\/?page_id=2573"},"modified":"2022-03-04T16:51:00","modified_gmt":"2022-03-04T13:51:00","slug":"vizyon-stratejimiz","status":"publish","type":"page","link":"https:\/\/rm-mechatronics.com\/tr\/hakkimizda\/vizyon-stratejimiz\/","title":{"rendered":"Vizyon ve Stratejimiz"},"content":{"rendered":"<div id=\"pl-2573\" class=\"panel-layout\">\n<div id=\"pg-2573-0\" class=\"panel-grid panel-no-style\">\n<div id=\"pgc-2573-0-0\" class=\"panel-grid-cell\" data-weight=\"1\">\n<div id=\"panel-2573-0-0-0\" class=\"so-panel widget widget_sow-editor panel-first-child panel-last-child\" data-index=\"0\" data-style=\"{&quot;background_image_attachment&quot;:false,&quot;background_display&quot;:&quot;tile&quot;}\">\n<div class=\"so-widget-sow-editor so-widget-sow-editor-base\">\n<div class=\"siteorigin-widget-tinymce textwidget\">\n<div class=\"visual\">\n<div class=\"text\">\n<h2>Vizyon ve Stratejimiz<\/h2>\n<p>T\u00fcrkiye&#8217;de hizmet verdi\u011fimiz m\u00fc\u015fterilerimize\u00a0 g\u00fcvenlik, g\u00fcven ve \u00e7evresel s\u00fcrd\u00fcr\u00fclebilirlik konular\u0131nda uluslararas\u0131 standartlar ve tecr\u00fcbemizle destek olmay\u0131 vizyon ve stratejimiz olarak belirlemi\u015f durumday\u0131z.<br \/>\nBu hedefe ula\u015fmak i\u00e7in \u00e7abalad\u0131\u011f\u0131m\u0131z vizyonu g\u00f6zeterek, RM Mechatronics\u00a0i\u00e7inde, her daim d\u00f6rt de\u011ferimize uygun hareket ediyoruz; Kar\u015f\u0131l\u0131kl\u0131 sayg\u0131 M\u00fc\u015fteri Anlay\u0131\u015f\u0131 Bilgi Payla\u015f\u0131m\u0131 Devaml\u0131 geli\u015fme<br \/>\nBu d\u00f6rt de\u011fer, t\u00fcm faaliyetlerimizin temelini olu\u015fturmaktad\u0131r. Bunun, bize en iyi hizmeti m\u00fc\u015fterilerimize sunarken katma de\u011fer\u00a0katan ve \u00fcreten bir ortak olarak hizmet sunmam\u0131za yard\u0131mc\u0131 oldu\u011funa inan\u0131yoruz.<\/p>\n<h2>\u0130\u015f Fikrimiz<\/h2>\n<p>M\u00fc\u015fterilerimizin \u00fcr\u00fcnlerini, varl\u0131klar\u0131n\u0131 ve operasyonlar\u0131n\u0131 de\u011ferlendirmek ve bu sonu\u00e7lar\u0131 talep edilen de\u011ferler \u00e7er\u00e7evesinde birle\u015ftirmek.<\/p>\n<\/div>\n<\/div>\n<\/div>\n<\/div>\n<\/div>\n<\/div>\n<\/div>\n<\/div>\n","protected":false},"excerpt":{"rendered":"<p>Vizyon ve Stratejimiz T\u00fcrkiye&#8217;de hizmet verdi\u011fimiz m\u00fc\u015fterilerimize\u00a0 g\u00fcvenlik, g\u00fcven ve \u00e7evresel s\u00fcrd\u00fcr\u00fclebilirlik konular\u0131nda uluslararas\u0131 standartlar ve tecr\u00fcbemizle destek olmay\u0131 vizyon ve stratejimiz olarak belirlemi\u015f durumday\u0131z. Bu hedefe ula\u015fmak i\u00e7in \u00e7abalad\u0131\u011f\u0131m\u0131z vizyonu g\u00f6zeterek, RM Mechatronics\u00a0i\u00e7inde, her daim d\u00f6rt de\u011ferimize uygun hareket ediyoruz; Kar\u015f\u0131l\u0131kl\u0131 sayg\u0131 M\u00fc\u015fteri Anlay\u0131\u015f\u0131 Bilgi Payla\u015f\u0131m\u0131 Devaml\u0131 geli\u015fme Bu d\u00f6rt de\u011fer, t\u00fcm faaliyetlerimizin temelini &hellip;<\/p>\n","protected":false},"author":2,"featured_media":0,"parent":171,"menu_order":0,"comment_status":"closed","ping_status":"closed","template":"","meta":{"footnotes":""},"acf":[],"yoast_head":"<!-- This site is optimized with the Yoast SEO plugin v19.8 - https:\/\/yoast.com\/wordpress\/plugins\/seo\/ -->\n<title>Vizyon ve Stratejimiz - RM Mechatronics<\/title>\n<meta name=\"description\" content=\"M\u00fc\u015fterilerimizin \u00fcr\u00fcnlerini, varl\u0131klar\u0131n\u0131 ve operasyonlar\u0131n\u0131 de\u011ferlendirmek ve bu sonu\u00e7lar\u0131 talep edilen de\u011ferler \u00e7er\u00e7evesinde birle\u015ftirmek.\" \/>\n<meta name=\"robots\" content=\"index, follow, max-snippet:-1, max-image-preview:large, max-video-preview:-1\" \/>\n<link rel=\"canonical\" href=\"https:\/\/rm-mechatronics.com\/tr\/hakkimizda\/vizyon-stratejimiz\/\" \/>\n<meta name=\"twitter:label1\" content=\"Tahmini okuma s\u00fcresi\" \/>\n\t<meta name=\"twitter:data1\" content=\"1 dakika\" \/>\n<script type=\"application\/ld+json\" class=\"yoast-schema-graph\">{\"@context\":\"https:\/\/schema.org\",\"@graph\":[{\"@type\":\"Article\",\"@id\":\"https:\/\/rm-mechatronics.com\/tr\/hakkimizda\/vizyon-stratejimiz\/#article\",\"isPartOf\":{\"@id\":\"https:\/\/rm-mechatronics.com\/tr\/hakkimizda\/vizyon-stratejimiz\/\"},\"author\":{\"name\":\"admin\",\"@id\":\"https:\/\/rm-mechatronics.com\/tr\/#\/schema\/person\/975374cd7539c0f1081340b800a63482\"},\"headline\":\"Vizyon ve Stratejimiz\",\"datePublished\":\"2017-03-19T18:51:40+00:00\",\"dateModified\":\"2022-03-04T13:51:00+00:00\",\"mainEntityOfPage\":{\"@id\":\"https:\/\/rm-mechatronics.com\/tr\/hakkimizda\/vizyon-stratejimiz\/\"},\"wordCount\":140,\"publisher\":{\"@id\":\"https:\/\/rm-mechatronics.com\/tr\/#organization\"},\"inLanguage\":\"tr\"},{\"@type\":\"WebPage\",\"@id\":\"https:\/\/rm-mechatronics.com\/tr\/hakkimizda\/vizyon-stratejimiz\/\",\"url\":\"https:\/\/rm-mechatronics.com\/tr\/hakkimizda\/vizyon-stratejimiz\/\",\"name\":\"Vizyon ve Stratejimiz - RM Mechatronics\",\"isPartOf\":{\"@id\":\"https:\/\/rm-mechatronics.com\/tr\/#website\"},\"datePublished\":\"2017-03-19T18:51:40+00:00\",\"dateModified\":\"2022-03-04T13:51:00+00:00\",\"description\":\"M\u00fc\u015fterilerimizin \u00fcr\u00fcnlerini, varl\u0131klar\u0131n\u0131 ve operasyonlar\u0131n\u0131 de\u011ferlendirmek ve bu sonu\u00e7lar\u0131 talep edilen de\u011ferler \u00e7er\u00e7evesinde birle\u015ftirmek.\",\"breadcrumb\":{\"@id\":\"https:\/\/rm-mechatronics.com\/tr\/hakkimizda\/vizyon-stratejimiz\/#breadcrumb\"},\"inLanguage\":\"tr\",\"potentialAction\":[{\"@type\":\"ReadAction\",\"target\":[\"https:\/\/rm-mechatronics.com\/tr\/hakkimizda\/vizyon-stratejimiz\/\"]}]},{\"@type\":\"BreadcrumbList\",\"@id\":\"https:\/\/rm-mechatronics.com\/tr\/hakkimizda\/vizyon-stratejimiz\/#breadcrumb\",\"itemListElement\":[{\"@type\":\"ListItem\",\"position\":1,\"name\":\"Anasayfa\",\"item\":\"https:\/\/rm-mechatronics.com\/tr\/\"},{\"@type\":\"ListItem\",\"position\":2,\"name\":\"Hakk\u0131m\u0131zda\",\"item\":\"https:\/\/rm-mechatronics.com\/tr\/hakkimizda\/\"},{\"@type\":\"ListItem\",\"position\":3,\"name\":\"Vizyon ve Stratejimiz\"}]},{\"@type\":\"WebSite\",\"@id\":\"https:\/\/rm-mechatronics.com\/tr\/#website\",\"url\":\"https:\/\/rm-mechatronics.com\/tr\/\",\"name\":\"RM Mechatronics\",\"description\":\"Kalite Kontrol Denetim ve M\u00fchendislik Hizmetleri\",\"publisher\":{\"@id\":\"https:\/\/rm-mechatronics.com\/tr\/#organization\"},\"potentialAction\":[{\"@type\":\"SearchAction\",\"target\":{\"@type\":\"EntryPoint\",\"urlTemplate\":\"https:\/\/rm-mechatronics.com\/tr\/?s={search_term_string}\"},\"query-input\":\"required name=search_term_string\"}],\"inLanguage\":\"tr\"},{\"@type\":\"Organization\",\"@id\":\"https:\/\/rm-mechatronics.com\/tr\/#organization\",\"name\":\"RM-Mechatronics\",\"url\":\"https:\/\/rm-mechatronics.com\/tr\/\",\"sameAs\":[],\"logo\":{\"@type\":\"ImageObject\",\"inLanguage\":\"tr\",\"@id\":\"https:\/\/rm-mechatronics.com\/tr\/#\/schema\/logo\/image\/\",\"url\":\"https:\/\/rm-mechatronics.com\/wp-content\/uploads\/2020\/08\/small_RM_ORIGINAL-1.png\",\"contentUrl\":\"https:\/\/rm-mechatronics.com\/wp-content\/uploads\/2020\/08\/small_RM_ORIGINAL-1.png\",\"width\":302,\"height\":112,\"caption\":\"RM-Mechatronics\"},\"image\":{\"@id\":\"https:\/\/rm-mechatronics.com\/tr\/#\/schema\/logo\/image\/\"}},{\"@type\":\"Person\",\"@id\":\"https:\/\/rm-mechatronics.com\/tr\/#\/schema\/person\/975374cd7539c0f1081340b800a63482\",\"name\":\"admin\"}]}<\/script>\n<!-- \/ Yoast SEO plugin. -->","yoast_head_json":{"title":"Vizyon ve Stratejimiz - RM Mechatronics","description":"M\u00fc\u015fterilerimizin \u00fcr\u00fcnlerini, varl\u0131klar\u0131n\u0131 ve operasyonlar\u0131n\u0131 de\u011ferlendirmek ve bu sonu\u00e7lar\u0131 talep edilen de\u011ferler \u00e7er\u00e7evesinde birle\u015ftirmek.","robots":{"index":"index","follow":"follow","max-snippet":"max-snippet:-1","max-image-preview":"max-image-preview:large","max-video-preview":"max-video-preview:-1"},"canonical":"https:\/\/rm-mechatronics.com\/tr\/hakkimizda\/vizyon-stratejimiz\/","twitter_misc":{"Tahmini okuma s\u00fcresi":"1 dakika"},"schema":{"@context":"https:\/\/schema.org","@graph":[{"@type":"Article","@id":"https:\/\/rm-mechatronics.com\/tr\/hakkimizda\/vizyon-stratejimiz\/#article","isPartOf":{"@id":"https:\/\/rm-mechatronics.com\/tr\/hakkimizda\/vizyon-stratejimiz\/"},"author":{"name":"admin","@id":"https:\/\/rm-mechatronics.com\/tr\/#\/schema\/person\/975374cd7539c0f1081340b800a63482"},"headline":"Vizyon ve Stratejimiz","datePublished":"2017-03-19T18:51:40+00:00","dateModified":"2022-03-04T13:51:00+00:00","mainEntityOfPage":{"@id":"https:\/\/rm-mechatronics.com\/tr\/hakkimizda\/vizyon-stratejimiz\/"},"wordCount":140,"publisher":{"@id":"https:\/\/rm-mechatronics.com\/tr\/#organization"},"inLanguage":"tr"},{"@type":"WebPage","@id":"https:\/\/rm-mechatronics.com\/tr\/hakkimizda\/vizyon-stratejimiz\/","url":"https:\/\/rm-mechatronics.com\/tr\/hakkimizda\/vizyon-stratejimiz\/","name":"Vizyon ve Stratejimiz - RM Mechatronics","isPartOf":{"@id":"https:\/\/rm-mechatronics.com\/tr\/#website"},"datePublished":"2017-03-19T18:51:40+00:00","dateModified":"2022-03-04T13:51:00+00:00","description":"M\u00fc\u015fterilerimizin \u00fcr\u00fcnlerini, varl\u0131klar\u0131n\u0131 ve operasyonlar\u0131n\u0131 de\u011ferlendirmek ve bu sonu\u00e7lar\u0131 talep edilen de\u011ferler \u00e7er\u00e7evesinde birle\u015ftirmek.","breadcrumb":{"@id":"https:\/\/rm-mechatronics.com\/tr\/hakkimizda\/vizyon-stratejimiz\/#breadcrumb"},"inLanguage":"tr","potentialAction":[{"@type":"ReadAction","target":["https:\/\/rm-mechatronics.com\/tr\/hakkimizda\/vizyon-stratejimiz\/"]}]},{"@type":"BreadcrumbList","@id":"https:\/\/rm-mechatronics.com\/tr\/hakkimizda\/vizyon-stratejimiz\/#breadcrumb","itemListElement":[{"@type":"ListItem","position":1,"name":"Anasayfa","item":"https:\/\/rm-mechatronics.com\/tr\/"},{"@type":"ListItem","position":2,"name":"Hakk\u0131m\u0131zda","item":"https:\/\/rm-mechatronics.com\/tr\/hakkimizda\/"},{"@type":"ListItem","position":3,"name":"Vizyon ve Stratejimiz"}]},{"@type":"WebSite","@id":"https:\/\/rm-mechatronics.com\/tr\/#website","url":"https:\/\/rm-mechatronics.com\/tr\/","name":"RM Mechatronics","description":"Kalite Kontrol Denetim ve M\u00fchendislik Hizmetleri","publisher":{"@id":"https:\/\/rm-mechatronics.com\/tr\/#organization"},"potentialAction":[{"@type":"SearchAction","target":{"@type":"EntryPoint","urlTemplate":"https:\/\/rm-mechatronics.com\/tr\/?s={search_term_string}"},"query-input":"required name=search_term_string"}],"inLanguage":"tr"},{"@type":"Organization","@id":"https:\/\/rm-mechatronics.com\/tr\/#organization","name":"RM-Mechatronics","url":"https:\/\/rm-mechatronics.com\/tr\/","sameAs":[],"logo":{"@type":"ImageObject","inLanguage":"tr","@id":"https:\/\/rm-mechatronics.com\/tr\/#\/schema\/logo\/image\/","url":"https:\/\/rm-mechatronics.com\/wp-content\/uploads\/2020\/08\/small_RM_ORIGINAL-1.png","contentUrl":"https:\/\/rm-mechatronics.com\/wp-content\/uploads\/2020\/08\/small_RM_ORIGINAL-1.png","width":302,"height":112,"caption":"RM-Mechatronics"},"image":{"@id":"https:\/\/rm-mechatronics.com\/tr\/#\/schema\/logo\/image\/"}},{"@type":"Person","@id":"https:\/\/rm-mechatronics.com\/tr\/#\/schema\/person\/975374cd7539c0f1081340b800a63482","name":"admin"}]}},"_links":{"self":[{"href":"https:\/\/rm-mechatronics.com\/tr\/wp-json\/wp\/v2\/pages\/2573"}],"collection":[{"href":"https:\/\/rm-mechatronics.com\/tr\/wp-json\/wp\/v2\/pages"}],"about":[{"href":"https:\/\/rm-mechatronics.com\/tr\/wp-json\/wp\/v2\/types\/page"}],"author":[{"embeddable":true,"href":"https:\/\/rm-mechatronics.com\/tr\/wp-json\/wp\/v2\/users\/2"}],"replies":[{"embeddable":true,"href":"https:\/\/rm-mechatronics.com\/tr\/wp-json\/wp\/v2\/comments?post=2573"}],"version-history":[{"count":0,"href":"https:\/\/rm-mechatronics.com\/tr\/wp-json\/wp\/v2\/pages\/2573\/revisions"}],"up":[{"embeddable":true,"href":"https:\/\/rm-mechatronics.com\/tr\/wp-json\/wp\/v2\/pages\/171"}],"wp:attachment":[{"href":"https:\/\/rm-mechatronics.com\/tr\/wp-json\/wp\/v2\/media?parent=2573"}],"curies":[{"name":"wp","href":"https:\/\/api.w.org\/{rel}","templated":true}]}}