{"id":173,"date":"2014-10-24T11:31:21","date_gmt":"2014-10-24T11:31:21","guid":{"rendered":"http:\/\/xml-io.proteusthemes.com\/buildpress\/?page_id=173"},"modified":"2022-03-04T17:14:59","modified_gmt":"2022-03-04T14:14:59","slug":"referanslar","status":"publish","type":"page","link":"https:\/\/rm-mechatronics.com\/tr\/referanslar\/","title":{"rendered":"Referanslar\u0131m\u0131z"},"content":{"rendered":"<div id=\"pl-173\"  class=\"panel-layout\" ><div id=\"pg-173-0\"  class=\"panel-grid panel-no-style\" ><div id=\"pgc-173-0-0\"  class=\"panel-grid-cell\" ><div id=\"panel-173-0-0-0\" class=\"so-panel widget widget_sow-editor panel-first-child panel-last-child\" data-index=\"0\" ><div\n\t\t\t\n\t\t\tclass=\"so-widget-sow-editor so-widget-sow-editor-base\"\n\t\t\t\n\t\t>\n<div class=\"siteorigin-widget-tinymce textwidget\">\n\t<p>2007 y\u0131l\u0131nda kuruldu\u011fumuzdan bug\u00fcne dek bir i\u015f plan\u0131 yap\u0131lmas\u0131 ile ba\u015flayan ve m\u00fc\u015fteri memnuniyeti ile sona ermesi en \u00f6nemli \u00f6nceli\u011fimiz olan projelerimizde m\u00fc\u015fterilerimize bize g\u00fcvendikleri i\u00e7in te\u015fekk\u00fcr ediyoruz. Onlar\u0131n g\u00fcveni,\u00a0ba\u015far\u0131l\u0131 birlikteli\u011fimiz i\u00e7in bir ba\u015flang\u0131\u00e7 \u00e7al\u0131\u015fmalar\u0131m\u0131z i\u00e7in ise\u00a0bizleri te\u015fvik etmektedir. Referanslar\u0131m\u0131z \u00e7o\u011fu zaman yeni ortakl\u0131klara kap\u0131 aralamaktad\u0131r, bu y\u00fczden\u00a0m\u00fc\u015fteri memnuniyetine iyi referans\u0131m\u0131zd\u0131r. RM Mechatronics kalitesine\u00a0g\u00fcvenen\u00a0ve birlikte \u00e7al\u0131\u015fmaktan mutluluk duydu\u011fumuz baz\u0131 referanslar\u0131m\u0131z. Sizlere de hizmet vererek\u00a0aram\u0131zda g\u00f6rmekten\u00a0mutluluk duyar\u0131z.<\/p>\n<\/div>\n<\/div><\/div><\/div><\/div><div id=\"pg-173-1\"  class=\"panel-grid panel-no-style\" ><div id=\"pgc-173-1-0\"  class=\"panel-grid-cell\" ><div id=\"panel-173-1-0-0\" class=\"so-panel widget widget_text panel-first-child panel-last-child\" data-index=\"1\" >\t\t\t<div class=\"textwidget\"><div class=\"col-md-6\">\n<div class=\"col-md-5\">\n<div class=\"row\">\n<img decoding=\"async\" src=\"http:\/\/rm-mechatronics.com\/wp-content\/uploads\/2017\/03\/ref000.jpg\">\n<\/div>\n<\/div>\n<div class=\"col-md-7\">\n<h4>Purple Concerts<\/h4>\n<p>-Dan\u0131\u015fmanl\u0131k Hizmetleri<br>-M\u00fchendislik Hizmetleri<\/p>\n<\/div>\n<\/div>\n<div class=\"col-md-6\">\n<div class=\"col-md-5\">\n<div class=\"row\">\n<img decoding=\"async\" src=\"http:\/\/rm-mechatronics.com\/wp-content\/uploads\/2017\/03\/ref7.jpg\">\n<\/div>\n<\/div>\n<div class=\"col-md-7\">\n<h4>Staras Ses Sahne I\u015f\u0131k Sistemleri A.\u015e<\/h4>\n<p>-Dan\u0131\u015fmanl\u0131k Hizmetleri<br>-M\u00fchendislik Hizmetleri<\/p>\n<\/div>\n<\/div>\n\n<div class=\"col-md-6\">\n<div class=\"col-md-5\">\n<div class=\"row\">\n<img decoding=\"async\" src=\"http:\/\/rm-mechatronics.com\/wp-content\/uploads\/2017\/03\/ref0.jpg\">\n<\/div>\n<\/div>\n<div class=\"col-md-7\">\n<h4>Pozitif M\u00fczik A.\u015e<\/h4>\n<p>-Dan\u0131\u015fmanl\u0131k Hizmetleri<br>-M\u00fchendislik Hizmetleri<\/p>\n<\/div>\n<\/div>\n<div class=\"col-md-6\">\n<div class=\"col-md-5\">\n<div class=\"row\">\n<img decoding=\"async\" src=\"http:\/\/rm-mechatronics.com\/wp-content\/uploads\/2017\/03\/ref111.jpg\">\n<\/div>\n<\/div>\n<div class=\"col-md-7\">\n<h4>Uru Group - K\u00fc\u00e7\u00fck\u00e7iftlik Park<\/h4>\n<p>-Dan\u0131\u015fmanl\u0131k Hizmetleri<br>-M\u00fchendislik Hizmetleri<\/p>\n<\/div>\n<\/div>\n\n<div class=\"col-md-6\">\n<div class=\"col-md-5\">\n<div class=\"row\">\n<img decoding=\"async\" src=\"http:\/\/rm-mechatronics.com\/wp-content\/uploads\/2017\/03\/ref2.jpg\">\n<\/div>\n<\/div>\n<div class=\"col-md-7\">\n<h4>Ats Al\u00fcminyum Mod\u00fcler Sahne Sistemleri ve Tic. Ltd. Sti<\/h4>\n<p>-Dan\u0131\u015fmanl\u0131k Hizmetleri<br>-M\u00fchendislik Hizmetleri<\/p>\n<\/div>\n<\/div>\n<div class=\"col-md-6\">\n<div class=\"col-md-5\">\n<div class=\"row\">\n<img decoding=\"async\" src=\"http:\/\/rm-mechatronics.com\/wp-content\/uploads\/2017\/03\/ref14.jpg\">\n<\/div>\n<\/div>\n<div class=\"col-md-7\">\n<h4>Levent Lunapark A.\u015e<\/h4>\n<p>-Dan\u0131\u015fmanl\u0131k Hizmetleri<br>-M\u00fchendislik Hizmetleri<br>-Test ve Kontrol Hizmetleri<\/p>\n<\/div>\n<\/div>\n\n<div class=\"col-md-6\">\n<div class=\"col-md-5\">\n<div class=\"row\">\n<img decoding=\"async\" src=\"http:\/\/rm-mechatronics.com\/wp-content\/uploads\/2017\/03\/ref1.jpg\">\n<\/div>\n<\/div>\n<div class=\"col-md-7\">\n<h4>Adore Ses ve I\u015f\u0131k Sistemleri Turizm Organizasyon D\u0131\u015f Ticaret Ltd \u015eti<\/h4>\n<p>-Dan\u0131\u015fmanl\u0131k Hizmetleri<br>-M\u00fchendislik Hizmetleri<\/p>\n<\/div>\n<\/div>\n<div class=\"col-md-6\">\n<div class=\"col-md-5\">\n<div class=\"row\">\n<img decoding=\"async\" src=\"http:\/\/rm-mechatronics.com\/wp-content\/uploads\/2017\/03\/ref8.jpg\">\n<\/div>\n<\/div>\n\n<div class=\"col-md-7\">\n<h4>Meta M\u00fchendislik Ar\u0131tma Kimya \u0130n\u015faat Sanayi ve Ticaret Limited \u015eirketi <\/h4>\n<p>-M\u00fchendislik Hizmetleri<\/p>\n<\/div>\n<\/div>\n\n<div class=\"col-md-6\">\n<div class=\"col-md-5\">\n<div class=\"row\">\n<img decoding=\"async\" src=\"http:\/\/rm-mechatronics.com\/wp-content\/uploads\/2017\/03\/ref13.jpg\">\n<\/div>\n<\/div>\n<div class=\"col-md-7\">\n<h4>Kids in Joy<\/h4>\n<p>-Dan\u0131\u015fmanl\u0131k Hizmetleri<\/p>\n<\/div>\n<\/div>\n<div class=\"col-md-6\">\n<div class=\"col-md-5\">\n<div class=\"row\">\n<img decoding=\"async\" src=\"http:\/\/rm-mechatronics.com\/wp-content\/uploads\/2017\/03\/ref00.jpg\">\n<\/div>\n<\/div>\n<div class=\"col-md-7\">\n<h4>Ford Otosan Pazarlama A.\u015e<\/h4>\n<p>-Dan\u0131\u015fmanl\u0131k Hizmetleri<br>-M\u00fchendislik Hizmetleri<\/p>\n<\/div>\n<\/div>\n\n<div class=\"col-md-6\">\n<div class=\"col-md-5\">\n<div class=\"row\">\n<img decoding=\"async\" src=\"http:\/\/rm-mechatronics.com\/wp-content\/uploads\/2017\/03\/ref3.jpg\">\n<\/div>\n<\/div>\n<div class=\"col-md-7\">\n<h4>Bursa Park \u00c7ocuk Oyun Gruplar\u0131<\/h4>\n<p>-Dan\u0131\u015fmanl\u0131k Hizmetleri<br>-M\u00fchendislik Hizmetleri<\/p>\n<\/div>\n<\/div>\n<div class=\"col-md-6\">\n<div class=\"col-md-5\">\n<div class=\"row\">\n<img decoding=\"async\" src=\"http:\/\/rm-mechatronics.com\/wp-content\/uploads\/2017\/03\/ref12.jpg\">\n<\/div>\n<\/div>\n<div class=\"col-md-7\">\n<h4>International Dunnage Sanayi ve Ticaret A.\u015e <\/h4>\n<p>-M\u00fchendislik Hizmetleri<\/p>\n<\/div>\n<\/div>\n\n<div class=\"col-md-6\">\n<div class=\"col-md-5\">\n<div class=\"row\">\n<img decoding=\"async\" src=\"http:\/\/rm-mechatronics.com\/wp-content\/uploads\/2017\/03\/ref10.jpg\">\n<\/div>\n<\/div>\n<div class=\"col-md-7\">\n<h4>Faro Turkey \u00d6l\u00e7\u00fc Sistemleri Ltd. \u015eti <\/h4>\n<p>Test ve \u00d6l\u00e7\u00fcm Hizmetleri<\/p>\n<\/div>\n<\/div>\n<div class=\"col-md-6\">\n<div class=\"col-md-5\">\n<div class=\"row\">\n<img decoding=\"async\" src=\"http:\/\/rm-mechatronics.com\/wp-content\/uploads\/2017\/03\/ref11.jpg\">\n<\/div>\n<\/div>\n<div class=\"col-md-7\">\n<h4>Granita\u015f Granit Sanayi ve Pazarlama A.\u015e <\/h4>\n<p>-Dan\u0131\u015fmanl\u0131k Hizmetleri<br>-M\u00fchendislik Hizmetleri<\/p>\n<\/div>\n<\/div>\n\n<div class=\"col-md-6\">\n<div class=\"col-md-5\">\n<div class=\"row\">\n<img decoding=\"async\" src=\"http:\/\/rm-mechatronics.com\/wp-content\/uploads\/2017\/03\/ref5.jpg\">\n<\/div>\n<\/div>\n<div class=\"col-md-7\">\n<h4>Sazc\u0131lar Otomotiv ve Ticaret A.\u015e<\/h4>\n<p>-Dan\u0131\u015fmanl\u0131k Hizmetleri<br>-M\u00fchendislik Hizmetleri<\/p>\n<\/div>\n<\/div>\n<div class=\"col-md-6\">\n<div class=\"col-md-5\">\n<div class=\"row\">\n<img decoding=\"async\" src=\"http:\/\/rm-mechatronics.com\/wp-content\/uploads\/2017\/03\/ref9.jpg\">\n<\/div>\n<\/div>\n<div class=\"col-md-7\">\n<h4>Carrefoursa Carrefour Sabanc\u0131 Ticaret Merkezi A.\u015e<\/h4>\n<p>-Dan\u0131\u015fmanl\u0131k Hizmetleri<br>-M\u00fchendislik Hizmetleri<\/p>\n<\/div>\n<\/div>\n\n<div class=\"col-md-6\">\n<div class=\"col-md-5\">\n<div class=\"row\">\n<img decoding=\"async\" src=\"http:\/\/rm-mechatronics.com\/wp-content\/uploads\/2017\/03\/ref4.jpg\">\n<\/div>\n<\/div>\n<div class=\"col-md-7\">\n<h4>T\u00fcv S\u00fcd Teknik G\u00fcvenlik ve Kalite Denetim Tic. Ltd. \u015eti.<\/h4>\n<p>-M\u00fchendislik Hizmetleri<\/p>\n<\/div>\n<\/div>\n<div class=\"col-md-6\">\n<div class=\"col-md-5\">\n<div class=\"row\">\n<img decoding=\"async\" src=\"http:\/\/rm-mechatronics.com\/wp-content\/uploads\/2017\/03\/ref6.jpg\">\n<\/div>\n<\/div>\n<div class=\"col-md-7\">\n<h4>Sismat A.\u015e<\/h4>\n<p>-Dan\u0131\u015fmanl\u0131k Hizmetleri<br>-M\u00fchendislik Hizmetleri<\/p>\n<\/div>\n<\/div><\/div>\n\t\t<\/div><\/div><\/div><\/div>","protected":false},"excerpt":{"rendered":"<p>2007 y\u0131l\u0131nda kuruldu\u011fumuzdan bug\u00fcne dek bir i\u015f plan\u0131 yap\u0131lmas\u0131 ile ba\u015flayan ve m\u00fc\u015fteri memnuniyeti ile sona ermesi en \u00f6nemli \u00f6nceli\u011fimiz olan projelerimizde m\u00fc\u015fterilerimize bize g\u00fcvendikleri i\u00e7in te\u015fekk\u00fcr ediyoruz. Onlar\u0131n g\u00fcveni,\u00a0ba\u015far\u0131l\u0131 birlikteli\u011fimiz i\u00e7in bir ba\u015flang\u0131\u00e7 \u00e7al\u0131\u015fmalar\u0131m\u0131z i\u00e7in ise\u00a0bizleri te\u015fvik etmektedir. Referanslar\u0131m\u0131z \u00e7o\u011fu zaman yeni ortakl\u0131klara kap\u0131 aralamaktad\u0131r, bu y\u00fczden\u00a0m\u00fc\u015fteri memnuniyetine iyi referans\u0131m\u0131zd\u0131r. RM Mechatronics kalitesine\u00a0g\u00fcvenen\u00a0ve birlikte &hellip;<\/p>\n","protected":false},"author":2,"featured_media":0,"parent":0,"menu_order":0,"comment_status":"closed","ping_status":"open","template":"","meta":{"footnotes":""},"acf":[],"yoast_head":"<!-- This site is optimized with the Yoast SEO plugin v19.8 - https:\/\/yoast.com\/wordpress\/plugins\/seo\/ -->\n<title>Referanslar\u0131m\u0131z - RM Mechatronics<\/title>\n<meta name=\"description\" content=\"2007 y\u0131l\u0131nda kuruldu\u011fumuzdan bug\u00fcne dek bir i\u015f plan\u0131 yap\u0131lmas\u0131 ile ba\u015flayan ve m\u00fc\u015fteri memnuniyeti ile sona ermesi en \u00f6nemli \u00f6nceli\u011fimiz olan projelerimizde m\u00fc\u015fterilerimize bize g\u00fcvendikleri i\u00e7in te\u015fekk\u00fcr ediyoruz.\" \/>\n<meta name=\"robots\" content=\"index, follow, max-snippet:-1, max-image-preview:large, max-video-preview:-1\" \/>\n<link rel=\"canonical\" href=\"https:\/\/rm-mechatronics.com\/tr\/referanslar\/\" \/>\n<meta name=\"twitter:label1\" content=\"Tahmini okuma s\u00fcresi\" \/>\n\t<meta name=\"twitter:data1\" content=\"6 dakika\" \/>\n<script type=\"application\/ld+json\" class=\"yoast-schema-graph\">{\"@context\":\"https:\/\/schema.org\",\"@graph\":[{\"@type\":\"Article\",\"@id\":\"https:\/\/rm-mechatronics.com\/tr\/referanslar\/#article\",\"isPartOf\":{\"@id\":\"https:\/\/rm-mechatronics.com\/tr\/referanslar\/\"},\"author\":{\"name\":\"admin\",\"@id\":\"https:\/\/rm-mechatronics.com\/tr\/#\/schema\/person\/975374cd7539c0f1081340b800a63482\"},\"headline\":\"Referanslar\u0131m\u0131z\",\"datePublished\":\"2014-10-24T11:31:21+00:00\",\"dateModified\":\"2022-03-04T14:14:59+00:00\",\"mainEntityOfPage\":{\"@id\":\"https:\/\/rm-mechatronics.com\/tr\/referanslar\/\"},\"wordCount\":333,\"publisher\":{\"@id\":\"https:\/\/rm-mechatronics.com\/tr\/#organization\"},\"inLanguage\":\"tr\"},{\"@type\":\"WebPage\",\"@id\":\"https:\/\/rm-mechatronics.com\/tr\/referanslar\/\",\"url\":\"https:\/\/rm-mechatronics.com\/tr\/referanslar\/\",\"name\":\"Referanslar\u0131m\u0131z - RM Mechatronics\",\"isPartOf\":{\"@id\":\"https:\/\/rm-mechatronics.com\/tr\/#website\"},\"datePublished\":\"2014-10-24T11:31:21+00:00\",\"dateModified\":\"2022-03-04T14:14:59+00:00\",\"description\":\"2007 y\u0131l\u0131nda kuruldu\u011fumuzdan bug\u00fcne dek bir i\u015f plan\u0131 yap\u0131lmas\u0131 ile ba\u015flayan ve m\u00fc\u015fteri memnuniyeti ile sona ermesi en \u00f6nemli \u00f6nceli\u011fimiz olan projelerimizde m\u00fc\u015fterilerimize bize g\u00fcvendikleri i\u00e7in te\u015fekk\u00fcr ediyoruz.\",\"breadcrumb\":{\"@id\":\"https:\/\/rm-mechatronics.com\/tr\/referanslar\/#breadcrumb\"},\"inLanguage\":\"tr\",\"potentialAction\":[{\"@type\":\"ReadAction\",\"target\":[\"https:\/\/rm-mechatronics.com\/tr\/referanslar\/\"]}]},{\"@type\":\"BreadcrumbList\",\"@id\":\"https:\/\/rm-mechatronics.com\/tr\/referanslar\/#breadcrumb\",\"itemListElement\":[{\"@type\":\"ListItem\",\"position\":1,\"name\":\"Anasayfa\",\"item\":\"https:\/\/rm-mechatronics.com\/tr\/\"},{\"@type\":\"ListItem\",\"position\":2,\"name\":\"Referanslar\u0131m\u0131z\"}]},{\"@type\":\"WebSite\",\"@id\":\"https:\/\/rm-mechatronics.com\/tr\/#website\",\"url\":\"https:\/\/rm-mechatronics.com\/tr\/\",\"name\":\"RM Mechatronics\",\"description\":\"Kalite Kontrol Denetim ve M\u00fchendislik Hizmetleri\",\"publisher\":{\"@id\":\"https:\/\/rm-mechatronics.com\/tr\/#organization\"},\"potentialAction\":[{\"@type\":\"SearchAction\",\"target\":{\"@type\":\"EntryPoint\",\"urlTemplate\":\"https:\/\/rm-mechatronics.com\/tr\/?s={search_term_string}\"},\"query-input\":\"required name=search_term_string\"}],\"inLanguage\":\"tr\"},{\"@type\":\"Organization\",\"@id\":\"https:\/\/rm-mechatronics.com\/tr\/#organization\",\"name\":\"RM-Mechatronics\",\"url\":\"https:\/\/rm-mechatronics.com\/tr\/\",\"sameAs\":[],\"logo\":{\"@type\":\"ImageObject\",\"inLanguage\":\"tr\",\"@id\":\"https:\/\/rm-mechatronics.com\/tr\/#\/schema\/logo\/image\/\",\"url\":\"https:\/\/rm-mechatronics.com\/wp-content\/uploads\/2020\/08\/small_RM_ORIGINAL-1.png\",\"contentUrl\":\"https:\/\/rm-mechatronics.com\/wp-content\/uploads\/2020\/08\/small_RM_ORIGINAL-1.png\",\"width\":302,\"height\":112,\"caption\":\"RM-Mechatronics\"},\"image\":{\"@id\":\"https:\/\/rm-mechatronics.com\/tr\/#\/schema\/logo\/image\/\"}},{\"@type\":\"Person\",\"@id\":\"https:\/\/rm-mechatronics.com\/tr\/#\/schema\/person\/975374cd7539c0f1081340b800a63482\",\"name\":\"admin\"}]}<\/script>\n<!-- \/ Yoast SEO plugin. -->","yoast_head_json":{"title":"Referanslar\u0131m\u0131z - RM Mechatronics","description":"2007 y\u0131l\u0131nda kuruldu\u011fumuzdan bug\u00fcne dek bir i\u015f plan\u0131 yap\u0131lmas\u0131 ile ba\u015flayan ve m\u00fc\u015fteri memnuniyeti ile sona ermesi en \u00f6nemli \u00f6nceli\u011fimiz olan projelerimizde m\u00fc\u015fterilerimize bize g\u00fcvendikleri i\u00e7in te\u015fekk\u00fcr ediyoruz.","robots":{"index":"index","follow":"follow","max-snippet":"max-snippet:-1","max-image-preview":"max-image-preview:large","max-video-preview":"max-video-preview:-1"},"canonical":"https:\/\/rm-mechatronics.com\/tr\/referanslar\/","twitter_misc":{"Tahmini okuma s\u00fcresi":"6 dakika"},"schema":{"@context":"https:\/\/schema.org","@graph":[{"@type":"Article","@id":"https:\/\/rm-mechatronics.com\/tr\/referanslar\/#article","isPartOf":{"@id":"https:\/\/rm-mechatronics.com\/tr\/referanslar\/"},"author":{"name":"admin","@id":"https:\/\/rm-mechatronics.com\/tr\/#\/schema\/person\/975374cd7539c0f1081340b800a63482"},"headline":"Referanslar\u0131m\u0131z","datePublished":"2014-10-24T11:31:21+00:00","dateModified":"2022-03-04T14:14:59+00:00","mainEntityOfPage":{"@id":"https:\/\/rm-mechatronics.com\/tr\/referanslar\/"},"wordCount":333,"publisher":{"@id":"https:\/\/rm-mechatronics.com\/tr\/#organization"},"inLanguage":"tr"},{"@type":"WebPage","@id":"https:\/\/rm-mechatronics.com\/tr\/referanslar\/","url":"https:\/\/rm-mechatronics.com\/tr\/referanslar\/","name":"Referanslar\u0131m\u0131z - RM Mechatronics","isPartOf":{"@id":"https:\/\/rm-mechatronics.com\/tr\/#website"},"datePublished":"2014-10-24T11:31:21+00:00","dateModified":"2022-03-04T14:14:59+00:00","description":"2007 y\u0131l\u0131nda kuruldu\u011fumuzdan bug\u00fcne dek bir i\u015f plan\u0131 yap\u0131lmas\u0131 ile ba\u015flayan ve m\u00fc\u015fteri memnuniyeti ile sona ermesi en \u00f6nemli \u00f6nceli\u011fimiz olan projelerimizde m\u00fc\u015fterilerimize bize g\u00fcvendikleri i\u00e7in te\u015fekk\u00fcr ediyoruz.","breadcrumb":{"@id":"https:\/\/rm-mechatronics.com\/tr\/referanslar\/#breadcrumb"},"inLanguage":"tr","potentialAction":[{"@type":"ReadAction","target":["https:\/\/rm-mechatronics.com\/tr\/referanslar\/"]}]},{"@type":"BreadcrumbList","@id":"https:\/\/rm-mechatronics.com\/tr\/referanslar\/#breadcrumb","itemListElement":[{"@type":"ListItem","position":1,"name":"Anasayfa","item":"https:\/\/rm-mechatronics.com\/tr\/"},{"@type":"ListItem","position":2,"name":"Referanslar\u0131m\u0131z"}]},{"@type":"WebSite","@id":"https:\/\/rm-mechatronics.com\/tr\/#website","url":"https:\/\/rm-mechatronics.com\/tr\/","name":"RM Mechatronics","description":"Kalite Kontrol Denetim ve M\u00fchendislik Hizmetleri","publisher":{"@id":"https:\/\/rm-mechatronics.com\/tr\/#organization"},"potentialAction":[{"@type":"SearchAction","target":{"@type":"EntryPoint","urlTemplate":"https:\/\/rm-mechatronics.com\/tr\/?s={search_term_string}"},"query-input":"required name=search_term_string"}],"inLanguage":"tr"},{"@type":"Organization","@id":"https:\/\/rm-mechatronics.com\/tr\/#organization","name":"RM-Mechatronics","url":"https:\/\/rm-mechatronics.com\/tr\/","sameAs":[],"logo":{"@type":"ImageObject","inLanguage":"tr","@id":"https:\/\/rm-mechatronics.com\/tr\/#\/schema\/logo\/image\/","url":"https:\/\/rm-mechatronics.com\/wp-content\/uploads\/2020\/08\/small_RM_ORIGINAL-1.png","contentUrl":"https:\/\/rm-mechatronics.com\/wp-content\/uploads\/2020\/08\/small_RM_ORIGINAL-1.png","width":302,"height":112,"caption":"RM-Mechatronics"},"image":{"@id":"https:\/\/rm-mechatronics.com\/tr\/#\/schema\/logo\/image\/"}},{"@type":"Person","@id":"https:\/\/rm-mechatronics.com\/tr\/#\/schema\/person\/975374cd7539c0f1081340b800a63482","name":"admin"}]}},"_links":{"self":[{"href":"https:\/\/rm-mechatronics.com\/tr\/wp-json\/wp\/v2\/pages\/173"}],"collection":[{"href":"https:\/\/rm-mechatronics.com\/tr\/wp-json\/wp\/v2\/pages"}],"about":[{"href":"https:\/\/rm-mechatronics.com\/tr\/wp-json\/wp\/v2\/types\/page"}],"author":[{"embeddable":true,"href":"https:\/\/rm-mechatronics.com\/tr\/wp-json\/wp\/v2\/users\/2"}],"replies":[{"embeddable":true,"href":"https:\/\/rm-mechatronics.com\/tr\/wp-json\/wp\/v2\/comments?post=173"}],"version-history":[{"count":0,"href":"https:\/\/rm-mechatronics.com\/tr\/wp-json\/wp\/v2\/pages\/173\/revisions"}],"wp:attachment":[{"href":"https:\/\/rm-mechatronics.com\/tr\/wp-json\/wp\/v2\/media?parent=173"}],"curies":[{"name":"wp","href":"https:\/\/api.w.org\/{rel}","templated":true}]}}