{"id":171,"date":"2014-10-24T11:30:58","date_gmt":"2014-10-24T11:30:58","guid":{"rendered":"http:\/\/xml-io.proteusthemes.com\/buildpress\/?page_id=171"},"modified":"2022-03-04T16:39:10","modified_gmt":"2022-03-04T13:39:10","slug":"hakkimizda","status":"publish","type":"page","link":"https:\/\/rm-mechatronics.com\/tr\/hakkimizda\/","title":{"rendered":"Hakk\u0131m\u0131zda"},"content":{"rendered":"<div id=\"pl-171\" class=\"panel-layout\">\n<div id=\"pg-171-0\" class=\"panel-grid panel-no-style\" data-style=\"{&quot;background_display&quot;:&quot;tile&quot;}\">\n<div id=\"pgc-171-0-0\" class=\"panel-grid-cell\" data-weight=\"0.29915471664555\">\n<div id=\"panel-171-0-0-0\" class=\"so-panel widget widget_black-studio-tinymce widget_black_studio_tinymce panel-first-child panel-last-child\" data-index=\"0\">\n<div class=\"textwidget\"><img loading=\"lazy\" decoding=\"async\" class=\"alignright wp-image-200 size-medium\" src=\"https:\/\/rm-mechatronics.com\/wp-content\/uploads\/2014\/10\/project_14-300x168.jpg\" alt=\"hakk\u0131m\u0131zda\" width=\"300\" height=\"168\" srcset=\"https:\/\/rm-mechatronics.com\/wp-content\/uploads\/2014\/10\/project_14-300x168.jpg 300w, https:\/\/rm-mechatronics.com\/wp-content\/uploads\/2014\/10\/project_14-768x431.jpg 768w, https:\/\/rm-mechatronics.com\/wp-content\/uploads\/2014\/10\/project_14-1024x575.jpg 1024w, https:\/\/rm-mechatronics.com\/wp-content\/uploads\/2014\/10\/project_14-360x202.jpg 360w, https:\/\/rm-mechatronics.com\/wp-content\/uploads\/2014\/10\/project_14-555x312.jpg 555w, https:\/\/rm-mechatronics.com\/wp-content\/uploads\/2014\/10\/project_14.jpg 1140w\" sizes=\"(max-width: 300px) 100vw, 300px\" \/><\/div>\n<\/div>\n<\/div>\n<div id=\"pgc-171-0-1\" class=\"panel-grid-cell\" data-weight=\"0.70084528335445\">\n<div id=\"panel-171-0-1-0\" class=\"so-panel widget widget_black-studio-tinymce widget_black_studio_tinymce panel-first-child panel-last-child\" data-index=\"1\" data-style=\"{&quot;background_image_attachment&quot;:false,&quot;background_display&quot;:&quot;tile&quot;}\">\n<div class=\"textwidget\">\n<p>2007 y\u0131l\u0131nda kurulan RM-Mechatronics, kuruldu\u011fu g\u00fcnden bug\u00fcne dek ba\u015fta \u00fclkemiz olmak \u00fczere Avrupa Birli\u011fi \u00fclkeleri, Balkan \u00fclkeleri, T\u00fcrkmenistan, Azerbaycan, Rusya, Suudi Arabistan, G\u00fcrcistan ve Arap K\u00f6rfezi \u00fclkelerinde farkl\u0131 proje ve hizmetler sunmu\u015f ve halen devam etmekte olan projeleri ile uluslararas\u0131 alanda da \u00fclkemizi alan\u0131nda gururla temsil etmektedir.<\/p>\n<p>RM Mechatronics, ulusal ve uluslararas\u0131 ara\u015ft\u0131rma kurumlar\u0131 ve m\u00fchendislik firmalar\u0131 ile i\u015fbirli\u011fi sa\u011flayarak, \u00fclkemiz sanayisinde ileri m\u00fchendislik hizmetleri ve dan\u0131\u015fmanl\u0131\u011f\u0131 sa\u011flamak, ara\u015ft\u0131rma geli\u015ftirme ve \u00fcr\u00fcn geli\u015ftirme konular\u0131nda edindi\u011fi bilgi ve tecr\u00fcbeyi \u00fcretim ve hizmet sekt\u00f6r\u00fcndeki firmalar\u0131n hizmetine farkl\u0131 ve yenilik\u00e7i bir \u015fekilde sunmak amac\u0131yla kurulmu\u015ftur.<\/p>\n<p>RM Mechatronics ba\u015fta l<span class=\"text_exposed_show\">unapark ve etkinlik sekt\u00f6r\u00fc olmak \u00fczere farkl\u0131 sanayi ve hizmet kollar\u0131nda \u00e7al\u0131\u015fan m\u00fc\u015fterilerine \u00fcr\u00fcn proje a\u015famas\u0131ndan, \u00e7al\u0131\u015fma \u00f6mr\u00fc sonuna dek s\u00fcrecek kontrolleri de kapsayacak \u015fekilde m\u00fchendislik hizmetleri sunan bir \u00e7\u00f6z\u00fcm firmas\u0131d\u0131r. <\/span><\/p>\n<p><span class=\"text_exposed_show\">M\u00fchendislik hesaplamalar\u0131, tasar\u0131m, dan\u0131\u015fmanl\u0131k, test ve muayene hizmetlerini kapsayan; bir b\u00fct\u00fcnl\u00fck halinde partner ve hizmet tedarik\u00e7ileri ile \u00e7al\u0131\u015fmay\u0131 tercih eden yap\u0131ya sahiptir.<br \/>\nPersonel kadrosu tasar\u0131m ve imalat, makine, elektrik, malzeme ve metal\u00fcrji m\u00fchendislerini de i\u00e7eren alan\u0131nda uzman ve akademik k\u00f6kenli personellerden olu\u015fmaktad\u0131r. Ayr\u0131ca ulusal ve uluslararas\u0131 partner firmalar\u0131 ile uluslararas\u0131 standartlara g\u00f6re devaml\u0131 kendini geli\u015ftirmekte ve konusunda uzman kurulu\u015flar ile yerel ve uluslararas\u0131 projelerde i\u015f birli\u011fi i\u00e7erisinde \u00e7al\u0131\u015fmaktad\u0131r.<\/span><\/p>\n<p>&nbsp;<\/p>\n<\/div>\n<\/div>\n<\/div>\n<\/div>\n<\/div>\n","protected":false},"excerpt":{"rendered":"<p>2007 y\u0131l\u0131nda kurulan RM-Mechatronics, kuruldu\u011fu g\u00fcnden bug\u00fcne dek ba\u015fta \u00fclkemiz olmak \u00fczere Avrupa Birli\u011fi \u00fclkeleri, Balkan \u00fclkeleri, T\u00fcrkmenistan, Azerbaycan, Rusya, Suudi Arabistan, G\u00fcrcistan ve Arap K\u00f6rfezi \u00fclkelerinde farkl\u0131 proje ve hizmetler sunmu\u015f ve halen devam etmekte olan projeleri ile uluslararas\u0131 alanda da \u00fclkemizi alan\u0131nda gururla temsil etmektedir. RM Mechatronics, ulusal ve uluslararas\u0131 ara\u015ft\u0131rma kurumlar\u0131 ve &hellip;<\/p>\n","protected":false},"author":2,"featured_media":0,"parent":0,"menu_order":0,"comment_status":"closed","ping_status":"closed","template":"","meta":{"footnotes":""},"acf":[],"yoast_head":"<!-- This site is optimized with the Yoast SEO plugin v19.8 - https:\/\/yoast.com\/wordpress\/plugins\/seo\/ -->\n<title>Hakk\u0131m\u0131zda - RM Mechatronics<\/title>\n<meta name=\"description\" content=\"2007 y\u0131l\u0131nda kurulan RM-Mechatronics, kuruldu\u011fu g\u00fcnden bug\u00fcne dek ba\u015fta \u00fclkemiz olmak \u00fczere Avrupa Birli\u011fi ve daha bir\u00e7ok \u00fclkede hizmet verdi\" \/>\n<meta name=\"robots\" content=\"index, follow, max-snippet:-1, max-image-preview:large, max-video-preview:-1\" \/>\n<link rel=\"canonical\" href=\"https:\/\/rm-mechatronics.com\/tr\/hakkimizda\/\" \/>\n<meta name=\"twitter:label1\" content=\"Tahmini okuma s\u00fcresi\" \/>\n\t<meta name=\"twitter:data1\" content=\"2 dakika\" \/>\n<script type=\"application\/ld+json\" class=\"yoast-schema-graph\">{\"@context\":\"https:\/\/schema.org\",\"@graph\":[{\"@type\":\"Article\",\"@id\":\"https:\/\/rm-mechatronics.com\/tr\/hakkimizda\/#article\",\"isPartOf\":{\"@id\":\"https:\/\/rm-mechatronics.com\/tr\/hakkimizda\/\"},\"author\":{\"name\":\"admin\",\"@id\":\"https:\/\/rm-mechatronics.com\/tr\/#\/schema\/person\/975374cd7539c0f1081340b800a63482\"},\"headline\":\"Hakk\u0131m\u0131zda\",\"datePublished\":\"2014-10-24T11:30:58+00:00\",\"dateModified\":\"2022-03-04T13:39:10+00:00\",\"mainEntityOfPage\":{\"@id\":\"https:\/\/rm-mechatronics.com\/tr\/hakkimizda\/\"},\"wordCount\":271,\"publisher\":{\"@id\":\"https:\/\/rm-mechatronics.com\/tr\/#organization\"},\"inLanguage\":\"tr\"},{\"@type\":\"WebPage\",\"@id\":\"https:\/\/rm-mechatronics.com\/tr\/hakkimizda\/\",\"url\":\"https:\/\/rm-mechatronics.com\/tr\/hakkimizda\/\",\"name\":\"Hakk\u0131m\u0131zda - RM Mechatronics\",\"isPartOf\":{\"@id\":\"https:\/\/rm-mechatronics.com\/tr\/#website\"},\"datePublished\":\"2014-10-24T11:30:58+00:00\",\"dateModified\":\"2022-03-04T13:39:10+00:00\",\"description\":\"2007 y\u0131l\u0131nda kurulan RM-Mechatronics, kuruldu\u011fu g\u00fcnden bug\u00fcne dek ba\u015fta \u00fclkemiz olmak \u00fczere Avrupa Birli\u011fi ve daha bir\u00e7ok \u00fclkede hizmet verdi\",\"breadcrumb\":{\"@id\":\"https:\/\/rm-mechatronics.com\/tr\/hakkimizda\/#breadcrumb\"},\"inLanguage\":\"tr\",\"potentialAction\":[{\"@type\":\"ReadAction\",\"target\":[\"https:\/\/rm-mechatronics.com\/tr\/hakkimizda\/\"]}]},{\"@type\":\"BreadcrumbList\",\"@id\":\"https:\/\/rm-mechatronics.com\/tr\/hakkimizda\/#breadcrumb\",\"itemListElement\":[{\"@type\":\"ListItem\",\"position\":1,\"name\":\"Anasayfa\",\"item\":\"https:\/\/rm-mechatronics.com\/tr\/\"},{\"@type\":\"ListItem\",\"position\":2,\"name\":\"Hakk\u0131m\u0131zda\"}]},{\"@type\":\"WebSite\",\"@id\":\"https:\/\/rm-mechatronics.com\/tr\/#website\",\"url\":\"https:\/\/rm-mechatronics.com\/tr\/\",\"name\":\"RM Mechatronics\",\"description\":\"Kalite Kontrol Denetim ve M\u00fchendislik Hizmetleri\",\"publisher\":{\"@id\":\"https:\/\/rm-mechatronics.com\/tr\/#organization\"},\"potentialAction\":[{\"@type\":\"SearchAction\",\"target\":{\"@type\":\"EntryPoint\",\"urlTemplate\":\"https:\/\/rm-mechatronics.com\/tr\/?s={search_term_string}\"},\"query-input\":\"required name=search_term_string\"}],\"inLanguage\":\"tr\"},{\"@type\":\"Organization\",\"@id\":\"https:\/\/rm-mechatronics.com\/tr\/#organization\",\"name\":\"RM-Mechatronics\",\"url\":\"https:\/\/rm-mechatronics.com\/tr\/\",\"sameAs\":[],\"logo\":{\"@type\":\"ImageObject\",\"inLanguage\":\"tr\",\"@id\":\"https:\/\/rm-mechatronics.com\/tr\/#\/schema\/logo\/image\/\",\"url\":\"https:\/\/rm-mechatronics.com\/wp-content\/uploads\/2020\/08\/small_RM_ORIGINAL-1.png\",\"contentUrl\":\"https:\/\/rm-mechatronics.com\/wp-content\/uploads\/2020\/08\/small_RM_ORIGINAL-1.png\",\"width\":302,\"height\":112,\"caption\":\"RM-Mechatronics\"},\"image\":{\"@id\":\"https:\/\/rm-mechatronics.com\/tr\/#\/schema\/logo\/image\/\"}},{\"@type\":\"Person\",\"@id\":\"https:\/\/rm-mechatronics.com\/tr\/#\/schema\/person\/975374cd7539c0f1081340b800a63482\",\"name\":\"admin\"}]}<\/script>\n<!-- \/ Yoast SEO plugin. -->","yoast_head_json":{"title":"Hakk\u0131m\u0131zda - RM Mechatronics","description":"2007 y\u0131l\u0131nda kurulan RM-Mechatronics, kuruldu\u011fu g\u00fcnden bug\u00fcne dek ba\u015fta \u00fclkemiz olmak \u00fczere Avrupa Birli\u011fi ve daha bir\u00e7ok \u00fclkede hizmet verdi","robots":{"index":"index","follow":"follow","max-snippet":"max-snippet:-1","max-image-preview":"max-image-preview:large","max-video-preview":"max-video-preview:-1"},"canonical":"https:\/\/rm-mechatronics.com\/tr\/hakkimizda\/","twitter_misc":{"Tahmini okuma s\u00fcresi":"2 dakika"},"schema":{"@context":"https:\/\/schema.org","@graph":[{"@type":"Article","@id":"https:\/\/rm-mechatronics.com\/tr\/hakkimizda\/#article","isPartOf":{"@id":"https:\/\/rm-mechatronics.com\/tr\/hakkimizda\/"},"author":{"name":"admin","@id":"https:\/\/rm-mechatronics.com\/tr\/#\/schema\/person\/975374cd7539c0f1081340b800a63482"},"headline":"Hakk\u0131m\u0131zda","datePublished":"2014-10-24T11:30:58+00:00","dateModified":"2022-03-04T13:39:10+00:00","mainEntityOfPage":{"@id":"https:\/\/rm-mechatronics.com\/tr\/hakkimizda\/"},"wordCount":271,"publisher":{"@id":"https:\/\/rm-mechatronics.com\/tr\/#organization"},"inLanguage":"tr"},{"@type":"WebPage","@id":"https:\/\/rm-mechatronics.com\/tr\/hakkimizda\/","url":"https:\/\/rm-mechatronics.com\/tr\/hakkimizda\/","name":"Hakk\u0131m\u0131zda - RM Mechatronics","isPartOf":{"@id":"https:\/\/rm-mechatronics.com\/tr\/#website"},"datePublished":"2014-10-24T11:30:58+00:00","dateModified":"2022-03-04T13:39:10+00:00","description":"2007 y\u0131l\u0131nda kurulan RM-Mechatronics, kuruldu\u011fu g\u00fcnden bug\u00fcne dek ba\u015fta \u00fclkemiz olmak \u00fczere Avrupa Birli\u011fi ve daha bir\u00e7ok \u00fclkede hizmet verdi","breadcrumb":{"@id":"https:\/\/rm-mechatronics.com\/tr\/hakkimizda\/#breadcrumb"},"inLanguage":"tr","potentialAction":[{"@type":"ReadAction","target":["https:\/\/rm-mechatronics.com\/tr\/hakkimizda\/"]}]},{"@type":"BreadcrumbList","@id":"https:\/\/rm-mechatronics.com\/tr\/hakkimizda\/#breadcrumb","itemListElement":[{"@type":"ListItem","position":1,"name":"Anasayfa","item":"https:\/\/rm-mechatronics.com\/tr\/"},{"@type":"ListItem","position":2,"name":"Hakk\u0131m\u0131zda"}]},{"@type":"WebSite","@id":"https:\/\/rm-mechatronics.com\/tr\/#website","url":"https:\/\/rm-mechatronics.com\/tr\/","name":"RM Mechatronics","description":"Kalite Kontrol Denetim ve M\u00fchendislik Hizmetleri","publisher":{"@id":"https:\/\/rm-mechatronics.com\/tr\/#organization"},"potentialAction":[{"@type":"SearchAction","target":{"@type":"EntryPoint","urlTemplate":"https:\/\/rm-mechatronics.com\/tr\/?s={search_term_string}"},"query-input":"required name=search_term_string"}],"inLanguage":"tr"},{"@type":"Organization","@id":"https:\/\/rm-mechatronics.com\/tr\/#organization","name":"RM-Mechatronics","url":"https:\/\/rm-mechatronics.com\/tr\/","sameAs":[],"logo":{"@type":"ImageObject","inLanguage":"tr","@id":"https:\/\/rm-mechatronics.com\/tr\/#\/schema\/logo\/image\/","url":"https:\/\/rm-mechatronics.com\/wp-content\/uploads\/2020\/08\/small_RM_ORIGINAL-1.png","contentUrl":"https:\/\/rm-mechatronics.com\/wp-content\/uploads\/2020\/08\/small_RM_ORIGINAL-1.png","width":302,"height":112,"caption":"RM-Mechatronics"},"image":{"@id":"https:\/\/rm-mechatronics.com\/tr\/#\/schema\/logo\/image\/"}},{"@type":"Person","@id":"https:\/\/rm-mechatronics.com\/tr\/#\/schema\/person\/975374cd7539c0f1081340b800a63482","name":"admin"}]}},"_links":{"self":[{"href":"https:\/\/rm-mechatronics.com\/tr\/wp-json\/wp\/v2\/pages\/171"}],"collection":[{"href":"https:\/\/rm-mechatronics.com\/tr\/wp-json\/wp\/v2\/pages"}],"about":[{"href":"https:\/\/rm-mechatronics.com\/tr\/wp-json\/wp\/v2\/types\/page"}],"author":[{"embeddable":true,"href":"https:\/\/rm-mechatronics.com\/tr\/wp-json\/wp\/v2\/users\/2"}],"replies":[{"embeddable":true,"href":"https:\/\/rm-mechatronics.com\/tr\/wp-json\/wp\/v2\/comments?post=171"}],"version-history":[{"count":0,"href":"https:\/\/rm-mechatronics.com\/tr\/wp-json\/wp\/v2\/pages\/171\/revisions"}],"wp:attachment":[{"href":"https:\/\/rm-mechatronics.com\/tr\/wp-json\/wp\/v2\/media?parent=171"}],"curies":[{"name":"wp","href":"https:\/\/api.w.org\/{rel}","templated":true}]}}